{"id":418,"date":"2025-11-20T11:56:12","date_gmt":"2025-11-20T11:56:12","guid":{"rendered":"https:\/\/poisonshops.com\/?page_id=418"},"modified":"2025-12-01T12:00:53","modified_gmt":"2025-12-01T12:00:53","slug":"pokyny-pre-oop","status":"publish","type":"page","link":"https:\/\/poisonshops.com\/sk\/pokyny-pre-oop\/","title":{"rendered":"Usmernenia t\u00fdkaj\u00face sa OOP"},"content":{"rendered":"<div data-elementor-type=\"wp-page\" data-elementor-id=\"418\" class=\"elementor elementor-418\">\n\t\t\t\t<div class=\"elementor-element elementor-element-0dae480 e-flex e-con-boxed e-con e-parent\" data-id=\"0dae480\" data-element_type=\"container\" data-e-type=\"container\">\n\t\t\t\t\t<div class=\"e-con-inner\">\n\t\t\t\t<div class=\"elementor-element elementor-element-3c24701 elementor-widget elementor-widget-text-editor\" data-id=\"3c24701\" data-element_type=\"widget\" data-e-type=\"widget\" data-widget_type=\"text-editor.default\">\n\t\t\t\t<div class=\"elementor-widget-container\">\n\t\t\t\t\t\t\t\t\t<div id=\"primary\" class=\"content-area\"><main id=\"main\" class=\"site-main\"><\/main><article id=\"post-389666\" class=\"post-389666 page type-page status-publish\"><div class=\"inside-article\"><header class=\"entry-header\"><h2 class=\"entry-title\">Komplexn\u00e9 usmernenia o osobn\u00fdch ochrann\u00fdch pracovn\u00fdch prostriedkoch pre bezpe\u010dn\u00fa manipul\u00e1ciu s toxick\u00fdmi l\u00e1tkami<\/h2><\/header><div class=\"entry-content\"><p>Tu je podrobn\u00e9 odpor\u00fa\u010danie osobn\u00fdch ochrann\u00fdch prostriedkov (OOP) na manipul\u00e1ciu s ka\u017ed\u00fdm z uveden\u00fdch tox\u00ednov, ktor\u00e9 sa zameriava na naj\u00fa\u010dinnej\u0161\u00ed v\u00fdstroj na z\u00e1klade \u0161pecifick\u00fdch nebezpe\u010denstiev spojen\u00fdch s ka\u017edou l\u00e1tkou:<\/p><h3 class=\"wp-block-heading\">1. <strong>Arz\u00e9nov\u00e1 otrava<\/strong><\/h3><ul class=\"wp-block-list\"><li><strong>Rukavice<\/strong>: Nitrilov\u00e9 alebo latexov\u00e9 rukavice - poskytuj\u00fa chemick\u00fa odolnos\u0165 a zabra\u0148uj\u00fa kontaktu s poko\u017ekou.<\/li><li><strong>Ochrana o\u010d\u00ed<\/strong>: Ochrann\u00e9 okuliare - chr\u00e1nia pred postriekan\u00edm.<\/li><li><strong>Ochrana tv\u00e1re<\/strong>: Tv\u00e1rov\u00fd \u0161t\u00edt - poskytuje dodato\u010dn\u00fa ochranu tv\u00e1re a krku.<\/li><li><strong>Oble\u010denie<\/strong>: Laborat\u00f3rny pl\u00e1\u0161\u0165 alebo jednorazov\u00e1 kombin\u00e9za - chr\u00e1ni odev a poko\u017eku pred kontamin\u00e1ciou.<\/li><li><strong>Ochrana d\u00fdchac\u00edch ciest<\/strong>: Respir\u00e1tor N95 alebo vy\u0161\u0161\u00ed - filtruje \u010dastice pren\u00e1\u0161an\u00e9 vzduchom.<\/li><\/ul><p><strong>D\u00f4vod<\/strong>: Arz\u00e9n m\u00f4\u017ee sp\u00f4sobi\u0165 podr\u00e1\u017edenie poko\u017eky a d\u00fdchac\u00edch ciest. Osobn\u00e9 ochrann\u00e9 prostriedky zabra\u0148uj\u00fa priamemu kontaktu a vd\u00fdchnutiu.<\/p><h3 class=\"wp-block-heading\">2. <strong>Akonit\u00edn<\/strong><\/h3><ul class=\"wp-block-list\"><li><strong>Rukavice<\/strong>: Nitrilov\u00e9 rukavice - odoln\u00e9 vo\u010di chemik\u00e1li\u00e1m a zabra\u0148uj\u00fa absorpcii poko\u017ekou.<\/li><li><strong>Ochrana o\u010d\u00ed<\/strong>: Ochrann\u00e9 okuliare - chr\u00e1nia o\u010di pred pr\u00edpadn\u00fdm postriekan\u00edm.<\/li><li><strong>Ochrana tv\u00e1re<\/strong>: Tv\u00e1rov\u00fd \u0161t\u00edt - dodato\u010dn\u00e1 ochrana tv\u00e1re pred postriekan\u00edm.<\/li><li><strong>Oble\u010denie<\/strong>: Laborat\u00f3rny pl\u00e1\u0161\u0165 alebo jednorazov\u00e1 kombin\u00e9za - chr\u00e1ni poko\u017eku pred kontamin\u00e1ciou.<\/li><li><strong>Ochrana d\u00fdchac\u00edch ciest<\/strong>: Respir\u00e1tor P100 - poskytuje ochranu proti jemn\u00fdm \u010dasticiam.<\/li><\/ul><p><strong>D\u00f4vod<\/strong>: <a href=\"https:\/\/poisonshops.com\/sk\/\">Akonit\u00edn<\/a> je vysoko toxick\u00fd a m\u00f4\u017ee sa absorbova\u0165 cez poko\u017eku, \u010do si vy\u017eaduje komplexn\u00e9 osobn\u00e9 ochrann\u00e9 prostriedky.<\/p><h3 class=\"wp-block-heading\">3. <strong>Batrachotox\u00edn<\/strong><\/h3><ul class=\"wp-block-list\"><li><strong>Rukavice<\/strong>: Rukavice z butylovej gumy - poskytuj\u00fa vynikaj\u00facu ochranu proti vysoko toxick\u00fdm l\u00e1tkam.<\/li><li><strong>Ochrana o\u010d\u00ed<\/strong>: Ochrann\u00e9 okuliare - Zabra\u0148uj\u00fa vystaveniu o\u010d\u00ed.<\/li><li><strong>Ochrana tv\u00e1re<\/strong>: Celotv\u00e1rov\u00fd \u0161t\u00edt - nevyhnutn\u00fd pri manipul\u00e1cii s vysoko toxick\u00fdmi materi\u00e1lmi.<\/li><li><strong>Oble\u010denie<\/strong>: Celotelov\u00fd chemick\u00fd oblek - chr\u00e1ni pred vystaven\u00edm poko\u017eky.<\/li><li><strong>Ochrana d\u00fdchac\u00edch ciest<\/strong>: Respir\u00e1tor s dod\u00e1van\u00fdm vzduchom - Zabezpe\u010duje ochranu pred vdychovan\u00edm tox\u00ednov pren\u00e1\u0161an\u00fdch vzduchom.<\/li><\/ul><p><strong>D\u00f4vod<\/strong>: Batrachotox\u00edn je mimoriadne toxick\u00fd a vy\u017eaduje si ochranu cel\u00e9ho tela, aby sa zabr\u00e1nilo ak\u00e9muko\u013evek vystaveniu.<\/p><h3 class=\"wp-block-heading\">4. <strong>Botulotox\u00edn<\/strong><\/h3><ul class=\"wp-block-list\"><li><strong>Rukavice<\/strong>: Nitrilov\u00e9 rukavice - odoln\u00e9 vo\u010di tox\u00ednom a chr\u00e1nia ruky.<\/li><li><strong>Ochrana o\u010d\u00ed<\/strong>: Ochrann\u00e9 okuliare - Zabra\u0148uj\u00fa kontaktu s o\u010dami.<\/li><li><strong>Ochrana tv\u00e1re<\/strong>: Tv\u00e1rov\u00fd \u0161t\u00edt - poskytuje dodato\u010dn\u00fa ochranu tv\u00e1re<a href=\"https:\/\/duckduckgo.com\/\" target=\"_blank\" rel=\"noopener\">.<\/a><\/li><li><strong>Oble\u010denie<\/strong>: Laborat\u00f3rny pl\u00e1\u0161\u0165 alebo jednorazov\u00fd overal - chr\u00e1ni pred kontamin\u00e1ciou.<\/li><li><strong>Ochrana d\u00fdchac\u00edch ciest<\/strong>: Respir\u00e1tor P100 alebo vy\u0161\u0161\u00ed - filtruje \u010dastice pren\u00e1\u0161an\u00e9 vzduchom.<\/li><\/ul><p><strong>D\u00f4vod<\/strong>: Botulotox\u00edn je vysoko toxick\u00fd, preto je ve\u013emi d\u00f4le\u017eit\u00e9 zabr\u00e1ni\u0165 akejko\u013evek forme expoz\u00edcie.<\/p><h3 class=\"wp-block-heading\">5. <strong>Kyanid<\/strong><\/h3><ul class=\"wp-block-list\"><li><strong>Rukavice<\/strong>: Nitrilov\u00e9 alebo neopr\u00e9nov\u00e9 rukavice - odoln\u00e9 vo\u010di chemik\u00e1li\u00e1m a chr\u00e1nia poko\u017eku.<\/li><li><strong>Ochrana o\u010d\u00ed<\/strong>: Ochrann\u00e9 okuliare - chr\u00e1nia pred postriekan\u00edm.<\/li><li><strong>Ochrana tv\u00e1re<\/strong>: Tv\u00e1rov\u00fd \u0161t\u00edt - dodato\u010dn\u00e1 ochrana tv\u00e1re.<\/li><li><strong>Oble\u010denie<\/strong>: Chemicky odoln\u00fd laborat\u00f3rny pl\u00e1\u0161\u0165 alebo kombin\u00e9za - Zabra\u0148uje vystaveniu poko\u017eky.<\/li><li><strong>Ochrana d\u00fdchac\u00edch ciest<\/strong>: Celoobli\u010dajov\u00fd respir\u00e1tor s vhodn\u00fdmi filtrami - chr\u00e1ni pred vdychovan\u00edm toxick\u00fdch v\u00fdparov.<\/li><\/ul><p><strong>D\u00f4vod<\/strong>: Kyanid je siln\u00fd jed a m\u00f4\u017ee sa vstreba\u0165 cez poko\u017eku alebo vd\u00fdchnu\u0165, \u010do si vy\u017eaduje komplexn\u00e9 osobn\u00e9 ochrann\u00e9 prostriedky.<\/p><h3 class=\"wp-block-heading\">6. <strong>Dimethylortu\u0165<\/strong><\/h3><ul class=\"wp-block-list\"><li><strong>Rukavice<\/strong>: Rukavice z butylovej gumy - poskytuj\u00fa vysok\u00fa chemick\u00fa odolnos\u0165.<\/li><li><strong>Ochrana o\u010d\u00ed<\/strong>: Ochrann\u00e9 okuliare - chr\u00e1nia o\u010di pred expoz\u00edciou.<\/li><li><strong>Ochrana tv\u00e1re<\/strong>: Celotv\u00e1rov\u00fd \u0161t\u00edt - poskytuje \u00fapln\u00fa ochranu tv\u00e1re.<\/li><li><strong>Oble\u010denie<\/strong>: Celotelov\u00fd protichemick\u00fd oblek - Zabezpe\u010duje \u00fapln\u00fa ochranu pred kontamin\u00e1ciou.<\/li><li><strong>Ochrana d\u00fdchac\u00edch ciest<\/strong>: Respir\u00e1tor s dod\u00e1van\u00fdm vzduchom - nevyhnutn\u00fd vzh\u013eadom na jeho vysok\u00fa toxicitu a riziko v\u00fdparov.<\/li><\/ul><p><strong>D\u00f4vod<\/strong>: Dimetylortu\u0165 je mimoriadne toxick\u00e1 a prchav\u00e1, preto je potrebn\u00e9 pou\u017e\u00edva\u0165 osobn\u00e9 ochrann\u00e9 prostriedky vysokej \u00farovne, aby sa zabr\u00e1nilo ak\u00e9muko\u013evek vystaveniu.<\/p><p><img decoding=\"async\" class=\"wp-image-462 aligncenter\" src=\"https:\/\/poisonshops.com\/wp-content\/uploads\/2025\/11\/tttt-204x300.png\" alt=\"Usmernenia pre OOP na bezpe\u010dn\u00fa manipul\u00e1ciu s toxick\u00fdmi l\u00e1tkami\" width=\"90\" height=\"133\" srcset=\"https:\/\/poisonshops.com\/wp-content\/uploads\/2025\/11\/tttt-204x300.png 204w, https:\/\/poisonshops.com\/wp-content\/uploads\/2025\/11\/tttt.png 218w\" sizes=\"(max-width: 90px) 100vw, 90px\" \/><\/p><h3 class=\"wp-block-heading\">7. <strong>Maitotox\u00edn<\/strong><\/h3><ul class=\"wp-block-list\"><li><strong>Rukavice<\/strong>: Nitrilov\u00e9 rukavice - chr\u00e1nia pred kontaktom s poko\u017ekou.<\/li><li><strong>Ochrana o\u010d\u00ed<\/strong>: Ochrann\u00e9 okuliare - Zabra\u0148uj\u00fa vystaveniu o\u010d\u00ed.<\/li><li><strong>Ochrana tv\u00e1re<\/strong>: Tv\u00e1rov\u00fd \u0161t\u00edt - poskytuje dodato\u010dn\u00fa ochranu tv\u00e1re.<\/li><li><strong>Oble\u010denie<\/strong>: Laborat\u00f3rny pl\u00e1\u0161\u0165 alebo kombin\u00e9za - chr\u00e1ni oble\u010denie a poko\u017eku.<\/li><li><strong>Ochrana d\u00fdchac\u00edch ciest<\/strong>: Respir\u00e1tor N95 alebo vy\u0161\u0161\u00ed - filtruje \u010dastice pren\u00e1\u0161an\u00e9 vzduchom.<\/li><\/ul><p><strong>D\u00f4vod<\/strong>: Maitotox\u00edn je vysoko toxick\u00fd a vy\u017eaduje si rukavice a ochrann\u00fd odev, aby sa zabr\u00e1nilo kontaktu s n\u00edm.<\/p><h3 class=\"wp-block-heading\">8. <strong>Pol\u00f3nium-210<\/strong><\/h3><ul class=\"wp-block-list\"><li><strong>Rukavice<\/strong>: Rukavice s olovenou vlo\u017ekou - poskytuj\u00fa ochranu pred \u017eiaren\u00edm.<\/li><li><strong>Ochrana o\u010d\u00ed<\/strong>: Ochrann\u00e9 okuliare - chr\u00e1nia o\u010di pred zne\u010disten\u00edm.<\/li><li><strong>Ochrana tv\u00e1re<\/strong>: Oloven\u00fd \u0161t\u00edt na tv\u00e1r - poskytuje dodato\u010dn\u00fa ochranu pred vystaven\u00edm \u017eiareniu.<\/li><li><strong>Oble\u010denie<\/strong>: Oloven\u00fd laborat\u00f3rny pl\u00e1\u0161\u0165 - chr\u00e1ni pred \u017eiaren\u00edm.<\/li><li><strong>Ochrana d\u00fdchac\u00edch ciest<\/strong>: Zvy\u010dajne sa nevy\u017eaduje, pokia\u013e manipul\u00e1cia nezah\u0155\u0148a kontamin\u00e1ciu pren\u00e1\u0161an\u00fa vzduchom.<\/li><\/ul><p><strong>D\u00f4vod<\/strong>: Pol\u00f3nium 210 je r\u00e1dioakt\u00edvne, preto s\u00fa oloven\u00e9 osobn\u00e9 ochrann\u00e9 prostriedky nevyhnutn\u00e9 na ochranu pred \u017eiaren\u00edm.<\/p><h3 class=\"wp-block-heading\">9. <strong>Ric\u00edn<\/strong><\/h3><ul class=\"wp-block-list\"><li><strong>Rukavice<\/strong>: Nitrilov\u00e9 rukavice - poskytuj\u00fa chemick\u00fa odolnos\u0165 a zabra\u0148uj\u00fa kontaktu s poko\u017ekou.<\/li><li><strong>Ochrana o\u010d\u00ed<\/strong>: Ochrann\u00e9 okuliare - chr\u00e1nia o\u010di pred expoz\u00edciou.<\/li><li><strong>Ochrana tv\u00e1re<\/strong>: Celotv\u00e1rov\u00fd \u0161t\u00edt - poskytuje dodato\u010dn\u00fa ochranu.<\/li><li><strong>Oble\u010denie<\/strong>: Laborat\u00f3rny pl\u00e1\u0161\u0165 alebo jednorazov\u00e1 kombin\u00e9za - chr\u00e1ni poko\u017eku.<\/li><li><strong>Ochrana d\u00fdchac\u00edch ciest<\/strong>: Respir\u00e1tor P100 - filtruje pevn\u00e9 \u010dastice a aeros\u00f3ly.<\/li><\/ul><p><strong>D\u00f4vod<\/strong>: Ric\u00edn je vysoko toxick\u00fd a m\u00f4\u017ee sa vstreba\u0165 cez poko\u017eku alebo vd\u00fdchnu\u0165, \u010do si vy\u017eaduje komplexn\u00e9 osobn\u00e9 ochrann\u00e9 prostriedky.<\/p><h3 class=\"wp-block-heading\">10. <strong>Sarin<\/strong><\/h3><ul class=\"wp-block-list\"><li><strong>Rukavice<\/strong>: Rukavice z butylovej gumy - poskytuj\u00fa ochranu proti chemick\u00fdm l\u00e1tkam.<\/li><li><strong>Ochrana o\u010d\u00ed<\/strong>: Ochrann\u00e9 okuliare - chr\u00e1nia pred postriekan\u00edm.<\/li><li><strong>Ochrana tv\u00e1re<\/strong>: Celotv\u00e1rov\u00fd \u0161t\u00edt - nevyhnutn\u00fd pri manipul\u00e1cii s nervovoparalytick\u00fdmi l\u00e1tkami.<\/li><li><strong>Oble\u010denie<\/strong>: Celotelov\u00fd protichemick\u00fd oblek - zabezpe\u010duje ochranu pred kontamin\u00e1ciou.<\/li><li><strong>Ochrana d\u00fdchac\u00edch ciest<\/strong>: Respir\u00e1tor s dod\u00e1van\u00fdm vzduchom - potrebn\u00fd na ochranu pred parami nervovoparalytick\u00fdch l\u00e1tok.<\/li><\/ul><p><strong>D\u00f4vod<\/strong>: Sar\u00edn je nervovoparalytick\u00e1 l\u00e1tka, ktor\u00e1 si vzh\u013eadom na svoju vysok\u00fa toxicitu vy\u017eaduje ochrann\u00fd v\u00fdstroj pre cel\u00e9 telo.<\/p><h3 class=\"wp-block-heading\">11. <strong>Tetrodotox\u00edn<\/strong><\/h3><ul class=\"wp-block-list\"><li><strong>Rukavice<\/strong>: Nitrilov\u00e9 rukavice - poskytuj\u00fa ochranu pred toxick\u00fdmi l\u00e1tkami.<\/li><li><strong>Ochrana o\u010d\u00ed<\/strong>: Ochrann\u00e9 okuliare - Zabra\u0148uj\u00fa vystaveniu o\u010d\u00ed.<\/li><li><strong>Ochrana tv\u00e1re<\/strong>: Tv\u00e1rov\u00fd \u0161t\u00edt - poskytuje dodato\u010dn\u00fa ochranu.<\/li><li><strong>Oble\u010denie<\/strong>: Laborat\u00f3rny pl\u00e1\u0161\u0165 alebo jednorazov\u00fd overal - chr\u00e1ni pred kontamin\u00e1ciou.<\/li><li><strong>Ochrana d\u00fdchac\u00edch ciest<\/strong>: Respir\u00e1tor N95 - filtruje \u010dastice pren\u00e1\u0161an\u00e9 vzduchom.<\/li><\/ul><p><strong>D\u00f4vod<\/strong>: Tetrodotox\u00edn je mimoriadne toxick\u00fd, preto je potrebn\u00e9 pou\u017ei\u0165 v\u0161etky osobn\u00e9 ochrann\u00e9 prostriedky, aby sa zabr\u00e1nilo expoz\u00edcii.<\/p><h3 class=\"wp-block-heading\">12. <strong>Nervov\u00fd agent VR<\/strong><\/h3><ul class=\"wp-block-list\"><li><strong>Rukavice<\/strong>: Rukavice z butylovej gumy - vysoko odoln\u00e9 vo\u010di nervovoparalytick\u00fdm l\u00e1tkam.<\/li><li><strong>Ochrana o\u010d\u00ed<\/strong>: Ochrann\u00e9 okuliare - chr\u00e1nia o\u010di pred vystaven\u00edm \u00fa\u010dinkom.<\/li><li><strong>Ochrana tv\u00e1re<\/strong>: Celotv\u00e1rov\u00fd \u0161t\u00edt - nevyhnutn\u00fd pre \u00fapln\u00fa ochranu.<\/li><li><strong>Oble\u010denie<\/strong>: Celotelov\u00fd protichemick\u00fd oblek - chr\u00e1ni pred kontaktom s nervovoparalytickou l\u00e1tkou.<\/li><li><strong>Ochrana d\u00fdchac\u00edch ciest<\/strong>: Respir\u00e1tor s dod\u00e1van\u00fdm vzduchom - poskytuje \u010dist\u00fd vzduch a ochranu pred vdychovan\u00edm toxick\u00fdch v\u00fdparov.<\/li><\/ul><p><strong>D\u00f4vod<\/strong>: Nervovoparalytick\u00e9 l\u00e1tky VR s\u00fa vysoko toxick\u00e9 a vy\u017eaduj\u00fa si rozsiahle osobn\u00e9 ochrann\u00e9 prostriedky, aby sa zabr\u00e1nilo expoz\u00edcii v\u0161etk\u00fdmi mo\u017en\u00fdmi cestami.<\/p><p>Pri ka\u017edom tox\u00edne je nevyhnutn\u00e9 dodr\u017eiava\u0165 stanoven\u00e9 bezpe\u010dnostn\u00e9 protokoly a zabezpe\u010di\u0165, aby boli v\u0161etky osobn\u00e9 ochrann\u00e9 prostriedky spr\u00e1vne nasaden\u00e9, udr\u017eiavan\u00e9 a pou\u017e\u00edvan\u00e9 v s\u00falade s pokynmi v\u00fdrobcu a bezpe\u010dnostn\u00fdmi usmerneniami.<\/p><p><img decoding=\"async\" class=\"wp-image-176 aligncenter\" src=\"https:\/\/poisonshops.com\/wp-content\/uploads\/2025\/11\/poison_shop_logo-300x171.png\" alt=\"Obchody s jedmi\" width=\"122\" height=\"70\" srcset=\"https:\/\/poisonshops.com\/wp-content\/uploads\/2025\/11\/poison_shop_logo-300x171.png 300w, https:\/\/poisonshops.com\/wp-content\/uploads\/2025\/11\/poison_shop_logo.png 563w\" sizes=\"(max-width: 122px) 100vw, 122px\" \/><\/p><\/div><\/div><\/article><\/div>\t\t\t\t\t\t\t\t<\/div>\n\t\t\t\t<\/div>\n\t\t\t\t\t<\/div>\n\t\t\t\t<\/div>\n\t\t\t\t<\/div>","protected":false},"excerpt":{"rendered":"<p>Comprehensive PPE Guidelines for Safe Handling of Toxic Substances Here\u2019s a detailed recommendation of personal protective equipment (PPE) for handling each of the listed toxins, focusing on the most effective gear based on the specific hazards associated with each substance: 1. Arsenic Poison Gloves: Nitrile or latex gloves \u2013 Provide chemical resistance and prevent skin [&hellip;]<\/p>\n","protected":false},"author":1,"featured_media":0,"parent":0,"menu_order":0,"comment_status":"closed","ping_status":"closed","template":"","meta":{"footnotes":""},"class_list":["post-418","page","type-page","status-publish","hentry"],"_links":{"self":[{"href":"https:\/\/poisonshops.com\/sk\/wp-json\/wp\/v2\/pages\/418","targetHints":{"allow":["GET"]}}],"collection":[{"href":"https:\/\/poisonshops.com\/sk\/wp-json\/wp\/v2\/pages"}],"about":[{"href":"https:\/\/poisonshops.com\/sk\/wp-json\/wp\/v2\/types\/page"}],"author":[{"embeddable":true,"href":"https:\/\/poisonshops.com\/sk\/wp-json\/wp\/v2\/users\/1"}],"replies":[{"embeddable":true,"href":"https:\/\/poisonshops.com\/sk\/wp-json\/wp\/v2\/comments?post=418"}],"version-history":[{"count":7,"href":"https:\/\/poisonshops.com\/sk\/wp-json\/wp\/v2\/pages\/418\/revisions"}],"predecessor-version":[{"id":550,"href":"https:\/\/poisonshops.com\/sk\/wp-json\/wp\/v2\/pages\/418\/revisions\/550"}],"wp:attachment":[{"href":"https:\/\/poisonshops.com\/sk\/wp-json\/wp\/v2\/media?parent=418"}],"curies":[{"name":"wp","href":"https:\/\/api.w.org\/{rel}","templated":true}]}}