{"id":439,"date":"2025-11-20T12:15:58","date_gmt":"2025-11-20T12:15:58","guid":{"rendered":"https:\/\/poisonshops.com\/?page_id=439"},"modified":"2025-12-01T11:33:18","modified_gmt":"2025-12-01T11:33:18","slug":"kupit-jedy-online","status":"publish","type":"page","link":"https:\/\/poisonshops.com\/sk\/kupit-jedy-online\/","title":{"rendered":"Kontakt"},"content":{"rendered":"<div data-elementor-type=\"wp-page\" data-elementor-id=\"439\" class=\"elementor elementor-439\">\n\t\t\t\t<div class=\"elementor-element elementor-element-ac71f13 e-flex e-con-boxed e-con e-parent\" data-id=\"ac71f13\" data-element_type=\"container\" data-e-type=\"container\">\n\t\t\t\t\t<div class=\"e-con-inner\">\n\t\t\t\t<div class=\"elementor-element elementor-element-b8aef59 elementor-widget elementor-widget-text-editor\" data-id=\"b8aef59\" data-element_type=\"widget\" data-e-type=\"widget\" data-widget_type=\"text-editor.default\">\n\t\t\t\t<div class=\"elementor-widget-container\">\n\t\t\t\t\t\t\t\t\t<div id=\"primary\" class=\"content-area\"><main id=\"main\" class=\"site-main\"><\/main><article id=\"post-298\" class=\"post-298 page type-page status-publish\"><div class=\"inside-article\"><div class=\"entry-content\"><p class=\"has-text-align-left\">K\u00fapte si jedy online; Sme tu, aby sme v\u00e1m pomohli s ak\u00fdmiko\u013evek ot\u00e1zkami alebo probl\u00e9mami. Kontaktujte n\u00e1s prostredn\u00edctvom nasleduj\u00facich sp\u00f4sobov:<\/p><p><img fetchpriority=\"high\" decoding=\"async\" class=\"size-medium wp-image-502 alignleft\" src=\"https:\/\/poisonshops.com\/wp-content\/uploads\/2025\/11\/Bio-Weapons-240x300.png\" alt=\"Biologick\u00e9 zbrane\" width=\"240\" height=\"300\" srcset=\"https:\/\/poisonshops.com\/wp-content\/uploads\/2025\/11\/Bio-Weapons-240x300.png 240w, https:\/\/poisonshops.com\/wp-content\/uploads\/2025\/11\/Bio-Weapons.png 265w\" sizes=\"(max-width: 240px) 100vw, 240px\" \/><\/p><div class=\"wp-block-columns is-layout-flex wp-container-core-columns-is-layout-9d6595d7 wp-block-columns-is-layout-flex\"><div class=\"wp-block-column is-layout-flow wp-block-column-is-layout-flow\"><div class=\"wp-block-image\">\u00a0<\/div><\/div><div class=\"wp-block-column is-layout-flow wp-block-column-is-layout-flow\"><p><mark class=\"has-inline-color\"><\/mark><span style=\"color: #000!important;\"><b>E-mail:<\/b><\/span><a class=\"info-box_link\" href=\"mailto:Ps35dk@proton.me\"><strong><span style=\"color: #ff0000;\">Ps35dk@proton.me<\/span><\/strong><\/a><\/p><\/div><\/div><p>Na\u0161e t\u00edmy s\u00fa pripraven\u00e9 pom\u00f4c\u0165 v\u00e1m s objedn\u00e1vkami, dod\u00e1vkami alebo inform\u00e1ciami o produktoch. \u010eakujeme, \u017ee ste si vybrali Poison Shops. Te\u0161\u00edme sa na v\u00e1s!<\/p><\/div><\/div><\/article><\/div>\t\t\t\t\t\t\t\t<\/div>\n\t\t\t\t<\/div>\n\t\t\t\t\t<\/div>\n\t\t\t\t<\/div>\n\t\t<div class=\"elementor-element elementor-element-8502aa0 e-flex e-con-boxed e-con e-parent\" data-id=\"8502aa0\" data-element_type=\"container\" data-e-type=\"container\">\n\t\t\t\t\t<div class=\"e-con-inner\">\n\t\t\t\t<div class=\"elementor-element elementor-element-3d1bb0a elementor-widget elementor-widget-text-editor\" data-id=\"3d1bb0a\" data-element_type=\"widget\" data-e-type=\"widget\" data-widget_type=\"text-editor.default\">\n\t\t\t\t<div class=\"elementor-widget-container\">\n\t\t\t\t\t\t\t\t\t<h3>K\u00fapi\u0165 jedy online<\/h3><p>Vitajte na <img decoding=\"async\" class=\"emoji\" role=\"img\" draggable=\"false\" src=\"https:\/\/s.w.org\/images\/core\/emoji\/16.0.1\/svg\/26a0.svg\" alt=\"\u26a0\ufe0f\" \/><a href=\"https:\/\/poisonshops.com\/sk\/\">Obchod s jedmi<\/a>, kde sa veda stret\u00e1va s presnos\u0165ou. Sme popredn\u00fdm svetov\u00fdm dod\u00e1vate\u013eom vysoko \u00fa\u010dinn\u00fdch jedov a chemick\u00fdch l\u00e1tok pre v\u00fdskum a osobn\u00e9 pou\u017eitie, ktor\u00e9mu d\u00f4veruj\u00fa jednotlivci<a href=\"https:\/\/duckduckgo.com\/\" target=\"_blank\" rel=\"noopener\">,<\/a> laborat\u00f3ri\u00e1 a organiz\u00e1cie. Od pr\u00edrodn\u00fdch tox\u00ednov po priemyseln\u00e9 chemik\u00e1lie a nervov\u00e9 l\u00e1tky, pon\u00fakame najkomplexnej\u0161\u00ed sortiment jedov na trhu. Obchody s jedmi.<\/p><p>Objavte na\u0161u \u0161irok\u00fa ponuku jedov<br \/>Pon\u00fakame 40 najsmrte\u013enej\u0161\u00edch jedov na svete, ktor\u00e9 s\u00fa k dispoz\u00edcii v tekutej, sprejovej alebo tuhej forme a s\u00fa navrhnut\u00e9 tak, aby presne sp\u013a\u0148ali va\u0161e po\u017eiadavky. \u010ci u\u017e potrebujete r\u00fdchlo p\u00f4sobiaci neurotox\u00edn, chemick\u00fa l\u00e1tku alebo pr\u00edrodn\u00fd jed, Bio Weapons zaru\u010duje najvy\u0161\u0161iu \u010distotu pre va\u0161e kritick\u00e9 aplik\u00e1cie.<\/p><p><img decoding=\"async\" class=\"size-full wp-image-28 aligncenter\" src=\"https:\/\/poisonshops.com\/wp-content\/uploads\/2021\/12\/30-Day-Guarantee-1.png\" alt=\"K\u00fapi\u0165 jedy online\" width=\"300\" height=\"248\" \/><\/p><p>Portf\u00f3lio produktov<br \/>Pr\u00edrodn\u00e9 tox\u00edny:<\/p><p>Botulotox\u00edn \u2013 najsilnej\u0161ia paralytick\u00e1 l\u00e1tka.<br \/>Ricin a abrin \u2013 inhib\u00edtory synt\u00e9zy bielkov\u00edn s r\u00fdchlym \u00fa\u010dinkom.<br \/>Tetrodotox\u00edn a saxitox\u00edn \u2013 morsk\u00e9 tox\u00edny ovplyv\u0148uj\u00face neurologick\u00e9 dr\u00e1hy.<br \/>Batrachotox\u00edn \u2013 poch\u00e1dza z jedovat\u00fdch \u017eab, ide\u00e1lny pre \u0161t\u00fadium i\u00f3nov\u00fdch kan\u00e1lov.<br \/>Konotox\u00edny a ciguatox\u00edn \u2013 jedy pre pokro\u010dil\u00fd neurotoxick\u00fd v\u00fdskum.<br \/>Chemick\u00e9 jedy a nervov\u00e9 l\u00e1tky:<\/p><p>VX, sar\u00edn, tab\u00fan a som\u00e1n \u2013 vysoko \u00fa\u010dinn\u00e9 nervov\u00e9 l\u00e1tky pre v\u00fdskumn\u00e9 \u00fa\u010dely.<br \/>Kyanid sodn\u00fd a kyanovod\u00edk \u2013 l\u00e1tky okam\u017eite blokuj\u00face bunkov\u00e9 d\u00fdchanie.<br \/>Trioxid arz\u00e9nu, pol\u00f3nium-210, t\u00e1lium a ortu\u0165 \u2013 ide\u00e1lne pre toxikol\u00f3giu.<br \/>Rastlinn\u00e9 jedy:<\/p><p>Atrop\u00edn, akonit\u00edn, strychn\u00edn a digitalis \u2013 pre v\u00fdskum srdca a nervov\u00e9ho syst\u00e9mu.<br \/>Kolchic\u00edn a oleandrin \u2013 k\u013e\u00fa\u010dov\u00e9 l\u00e1tky pre v\u00fdskum rakoviny.<br \/>Koni\u00edn a tax\u00edn \u2013 klasick\u00e9 jedy pre toxikologick\u00e9 pou\u017eitie.<br \/>Priemyseln\u00e9 jedy:<\/p><p>Chl\u00f3r, fosg\u00e9n, oxid uho\u013enat\u00fd, diox\u00edny, olovo a kadmium \u2013 ide\u00e1lne pre environment\u00e1lne a chemick\u00e9 \u0161t\u00fadie.<\/p><p>\u017divo\u010d\u00ed\u0161ne jedy:<\/p><p>Jed kr\u00e1\u013eovskej kobry, \u010diernej mamby a med\u00fazy Box \u2013 pre pokro\u010dil\u00e9 neurologick\u00e9 \u0161t\u00fadie.<br \/>Jed kamenn\u00fdch r\u00fdb \u2013 u\u017eito\u010dn\u00fd pri v\u00fdskume nekr\u00f3zy tkan\u00edv.<\/p><h4>Pre\u010do obchody s jedmi?<\/h4><p>Nekone\u010dn\u00e1 kvalita: V\u0161etky produkty s\u00fa dod\u00e1van\u00e9 s certifik\u00e1tom anal\u00fdzy (COA), ktor\u00fd zaru\u010duje ich \u00fa\u010dinnos\u0165 a \u010distotu.<br \/>Komplexn\u00e1 bezpe\u010dnos\u0165: Ka\u017ed\u00fd produkt je dod\u00e1van\u00fd s bezpe\u010dnostn\u00fdm listom (SDS) a odpor\u00fa\u010daniami t\u00fdkaj\u00facimi sa osobn\u00fdch ochrann\u00fdch prostriedkov (OOP).<\/p><p>V\u0161estrann\u00e9 mo\u017enosti formy: K dispoz\u00edcii v tekutej, sprejovej alebo tuhej forme pre jednoduch\u00e9 pou\u017eitie.<br \/>Glob\u00e1lna dod\u00e1vka: Pon\u00fakame diskr\u00e9tnu medzin\u00e1rodn\u00fa dopravu.<\/p><p>Odborn\u00e9 poradenstvo: Na\u0161i \u0161pecialisti poskytuj\u00fa pokyny na manipul\u00e1ciu, aby bolo zaisten\u00e9 bezpe\u010dn\u00e9 a spr\u00e1vne pou\u017e\u00edvanie.<br \/>Objednajte si teraz \u2013 sila, presnos\u0165 a v\u00fdkon na dosah ruky<br \/>V Poison Shops ch\u00e1peme, \u017ee presnos\u0165 a spo\u013eahlivos\u0165 s\u00fa nevyhnutn\u00e9.<\/p><p>\u010ci u\u017e sa venujete pokro\u010dil\u00e9mu toxikologick\u00e9mu v\u00fdskumu, pracujete na chemick\u00fdch projektoch alebo m\u00e1te osobn\u00e9 potreby, sme va\u0161\u00edm d\u00f4veryhodn\u00fdm partnerom.<\/p><p><img decoding=\"async\" class=\"wp-image-176 aligncenter\" src=\"https:\/\/poisonshops.com\/wp-content\/uploads\/2025\/11\/poison_shop_logo-300x171.png\" alt=\"Obchody s jedmi\" width=\"114\" height=\"65\" srcset=\"https:\/\/poisonshops.com\/wp-content\/uploads\/2025\/11\/poison_shop_logo-300x171.png 300w, https:\/\/poisonshops.com\/wp-content\/uploads\/2025\/11\/poison_shop_logo.png 563w\" sizes=\"(max-width: 114px) 100vw, 114px\" \/><\/p><p>\u00a0<\/p><p>k\u00fapi\u0165 jed, najlep\u0161ie miesto na k\u00fapu jedu, jed na predaj, k\u00fapi\u0165 toxick\u00e9 chemik\u00e1lie, nakupova\u0165 jed online, k\u00fapi\u0165 botulotox\u00edn, botulotox\u00edn na predaj, k\u00fapi\u0165 ric\u00edn, ric\u00edn na predaj, k\u00fapi\u0165 abr\u00edn, abr\u00edn na predaj, k\u00fapi\u0165 tetrodotox\u00edn, tetrodotox\u00edn na predaj, k\u00fapi\u0165 saxitox\u00edn, saxitox\u00edn na predaj, k\u00fapi\u0165 konotox\u00edny, konotox\u00edny na predaj,<\/p><p>k\u00fapi\u0165 batrachotox\u00edn, batrachotox\u00edn na predaj, k\u00fapi\u0165 ciguatox\u00edn, ciguatox\u00edn na predaj, k\u00fapi\u0165 maitotox\u00edn, maitotox\u00edn na predaj, k\u00fapi\u0165 aflatox\u00edny, aflatox\u00edny na predaj, k\u00fapi\u0165 VX, VX na predaj, k\u00fapi\u0165 sar\u00edn, sar\u00edn na predaj, k\u00fapi\u0165 tab\u00fan, tab\u00fan na predaj, k\u00fapi\u0165 som\u00e1n, som\u00e1n na predaj, k\u00fapi\u0165 kyanovod\u00edk, kyanovod\u00edk na predaj, k\u00fapi\u0165 kyanid sodn\u00fd, kyanid sodn\u00fd na predaj, k\u00fapi\u0165 arz\u00e9n, arz\u00e9n na predaj, k\u00fapi\u0165 pol\u00f3nium-210, pol\u00f3nium-210 na predaj, k\u00fapi\u0165 t\u00e1lium, t\u00e1lium na predaj, k\u00fapi\u0165 ortu\u0165,<\/p><p>ortu\u0165 na predaj, k\u00fapi\u0165 atrop\u00edn, atrop\u00edn na predaj, k\u00fapi\u0165 akonit\u00edn, akonit\u00edn na predaj, k\u00fapi\u0165 digitalis, digitalis na predaj, k\u00fapi\u0165 strychn\u00edn, strychn\u00edn na predaj, k\u00fapi\u0165 oleandrin, oleandrin na predaj, k\u00fapi\u0165 kolchic\u00edn, kolchic\u00edn na predaj, k\u00fapi\u0165 alkaloidy ergotu, alkaloidy ergotu na predaj, k\u00fapi\u0165 koni\u00edn, koni\u00edn na predaj, k\u00fapi\u0165 tax\u00edn, tax\u00edn na predaj,<\/p><p>k\u00fapi\u0165 chl\u00f3r, chl\u00f3r na predaj, k\u00fapi\u0165 fosg\u00e9n, fosg\u00e9n na predaj, k\u00fapi\u0165 oxid uho\u013enat\u00fd, oxid uho\u013enat\u00fd na predaj, k\u00fapi\u0165 diox\u00edny, diox\u00edny na predaj, k\u00fapi\u0165 olovo, olovo na predaj, k\u00fapi\u0165 kadmium, kadmium na predaj, k\u00fapi\u0165 kobr\u00ed jed, kobr\u00ed jed na predaj, k\u00fapi\u0165 jed \u010diernej mamby, jed \u010diernej mamby na predaj,<\/p><p>k\u00fapi\u0165 jed med\u00fazy box jellyfish, jed med\u00fazy box jellyfish na predaj, k\u00fapi\u0165 jed kame\u0148ovca, jed kame\u0148ovca na predaj, k\u00fapi\u0165 toxick\u00e9 plyny, toxick\u00e9 plyny na predaj, k\u00fapi\u0165 chemick\u00e9 jedy, chemick\u00e9 jedy na predaj, k\u00fapi\u0165 morsk\u00e9 tox\u00edny,<\/p><p>morsk\u00e9 tox\u00edny na predaj, k\u00fapi\u0165 rastlinn\u00e9 jedy, rastlinn\u00e9 jedy na predaj, k\u00fapi\u0165 nervov\u00e9 l\u00e1tky, nervov\u00e9 l\u00e1tky na predaj,<\/p><p>k\u00fapi\u0165 \u0165a\u017ek\u00e9 kovy, \u0165a\u017ek\u00e9 kovy na predaj, k\u00fapi\u0165 kyanid, najlep\u0161ie miesto na k\u00fapu kyanidu, k\u00fapi\u0165 kapsule s kyanidom, k\u00fapi\u0165 pr\u00e1\u0161ok s kyanidom, k\u00fapi\u0165 kvapaln\u00fd kyanid, k\u00fapi\u0165 chemik\u00e1lie na v\u00fdskum, chemik\u00e1lie na v\u00fdskum na predaj, kde k\u00fapi\u0165 jed, k\u00fapi\u0165 smrte\u013en\u00e9 tox\u00edny, najlep\u0161ie miesto na k\u00fapu tox\u00ednov, k\u00fapi\u0165 \u017eivo\u010d\u00ed\u0161ny jed, \u017eivo\u010d\u00ed\u0161ny jed na predaj, k\u00fapi\u0165 ric\u00edn online, k\u00fapi\u0165 \u010dist\u00fd botul\u00edn, k\u00fapi\u0165 kyanid s certifik\u00e1tom pravosti, k\u00fapi\u0165 tox\u00edny na laborat\u00f3rne pou\u017eitie,<\/p><p>k\u00fapi\u0165 oxid arz\u00e9nu, k\u00fapi\u0165 tox\u00edny diskr\u00e9tnou dopravou, k\u00fapi\u0165 sprej s konotox\u00ednmi, k\u00fapi\u0165 tekut\u00fd akonit\u00edn, k\u00fapi\u0165 ric\u00ednov\u00fd pr\u00e1\u0161ok, k\u00fapi\u0165 priemyseln\u00e9 chemik\u00e1lie, priemyseln\u00e9 chemik\u00e1lie na predaj, k\u00fapi\u0165 tablety digitalisu, k\u00fapi\u0165 kapsule strychn\u00ednu, k\u00fapi\u0165 nervov\u00e9 l\u00e1tky online, plyn VX na predaj, k\u00fapi\u0165 pol\u00f3nium diskr\u00e9tne,<\/p><p>nakupova\u0165 chemick\u00e9 tox\u00edny, k\u00fapi\u0165 oloven\u00fd pr\u00e1\u0161ok, k\u00fapi\u0165 tekut\u00e9 thallium, k\u00fapi\u0165 environment\u00e1lne tox\u00edny, k\u00fapi\u0165 s\u00fapravu jedov, k\u00fapi\u0165 tox\u00edny s SDS, kde k\u00fapi\u0165 toxick\u00e9 l\u00e1tky, k\u00fapi\u0165 jedy na osobn\u00e9 pou\u017eitie, k\u00fapi\u0165 tox\u00edny s OOP, k\u00fapi\u0165 chemick\u00e9 l\u00e1tky s r\u00fdchlou dod\u00e1vkou, k\u00fapi\u0165 kyanid v mojom okol\u00ed, k\u00fapi\u0165 jed s diskr\u00e9tnou dod\u00e1vkou,<\/p><p>k\u00fapi\u0165 toxick\u00e9 chemik\u00e1lie po celom svete, k\u00fapi\u0165 jedovat\u00e9 l\u00e1tky, k\u00fapi\u0165 jed od d\u00f4veryhodn\u00e9ho dod\u00e1vate\u013ea, objedna\u0165 botulotox\u00edn online, k\u00fapi\u0165 arz\u00e9n s certifik\u00e1tom anal\u00fdzy, k\u00fapi\u0165 kyanid a toxick\u00e9 chemik\u00e1lie, najlep\u0161\u00ed online obchod s jedmi, k\u00fapi\u0165 sar\u00edn online, k\u00fapi\u0165 tabletky ortuti, k\u00fapi\u0165 tox\u00edny oleandru, diskr\u00e9tne k\u00fapi\u0165 ric\u00edn, k\u00fapi\u0165 r\u00fdchlo p\u00f4sobiace jedy, bezpe\u010dne k\u00fapi\u0165 kyanid,<\/p><p>kde k\u00fapi\u0165 botulotox\u00edn v mojom okol\u00ed, objedna\u0165 nervov\u00fd plyn VX, k\u00fapi\u0165 nervov\u00e9 tox\u00edny s dopravou, k\u00fapi\u0165 smrte\u013en\u00e9 tox\u00edny na v\u00fdskum, nak\u00fapi\u0165 strychn\u00edn online, k\u00fapi\u0165 morsk\u00e9 tox\u00edny s r\u00fdchlou dod\u00e1vkou, nak\u00fapi\u0165 kapsule tax\u00ednu, najlep\u0161\u00ed obchod s jedovat\u00fdmi tox\u00ednmi, k\u00fapi\u0165 akonit\u00edn diskr\u00e9tne, kde objedna\u0165 tox\u00edny online, k\u00fapi\u0165 rastlinn\u00e9 jedy, k\u00fapi\u0165 deriv\u00e1ty n\u00e1melov, k\u00fapi\u0165 toxick\u00e9 spreje, najlep\u0161ie miesto na objedn\u00e1vanie chemik\u00e1li\u00ed online, k\u00fapi\u0165 kanistre s toxick\u00fdm plynom,<\/p><p>k\u00fapi\u0165 vysoko toxick\u00e9 l\u00e1tky, bezpe\u010dne k\u00fapi\u0165 jedy online, diskr\u00e9tne k\u00fapi\u0165 priemyseln\u00e9 jedy, r\u00fdchlo k\u00fapi\u0165 botul\u00edn, kde nak\u00fapi\u0165 kyanid online, objedna\u0165 toxick\u00e9 chemik\u00e1lie s certifik\u00e1tom pravosti, k\u00fapi\u0165 fosg\u00e9n na laborat\u00f3rne pou\u017eitie, k\u00fapi\u0165 jedy jedovat\u00fdch hadov, k\u00fapi\u0165 jed \u010diernej mamby s r\u00fdchlou dod\u00e1vkou, k\u00fapi\u0165 jed kame\u0148ovca s anal\u00fdzou, najlep\u0161\u00ed predajca toxick\u00fdch l\u00e1tok,<\/p><p>kde k\u00fapi\u0165 nebezpe\u010dn\u00e9 chemik\u00e1lie, k\u00fapi\u0165 sprej s akonit\u00ednom, nakupova\u0165 tox\u00edny online, k\u00fapi\u0165 arz\u00e9n s diskr\u00e9tnou dod\u00e1vkou, k\u00fapi\u0165 tox\u00edny s r\u00fdchlou medzin\u00e1rodnou dopravou, k\u00fapi\u0165 nervov\u00e9 l\u00e1tky teraz, najlep\u0161\u00ed trh s toxick\u00fdmi l\u00e1tkami, nakupova\u0165 pr\u00e1\u0161ky s obsahom olova a kadmia, k\u00fapi\u0165 vysoko smrte\u013en\u00e9 tox\u00edny online,<\/p><p>bezpe\u010dne objednajte jedy, k\u00fapte ric\u00edn v mojom okol\u00ed, bezpe\u010dne nakupujte kyanid sodn\u00fd, nakupujte ortu\u0165 online, k\u00fapte botulotox\u00edn s r\u00fdchlou dod\u00e1vkou, diskr\u00e9tne objednajte tox\u00edny, najlep\u0161\u00ed zdroj nervov\u00fdch l\u00e1tok, nakupujte nebezpe\u010dn\u00e9 chemik\u00e1lie teraz.<\/p>\t\t\t\t\t\t\t\t<\/div>\n\t\t\t\t<\/div>\n\t\t\t\t\t<\/div>\n\t\t\t\t<\/div>\n\t\t\t\t<\/div>","protected":false},"excerpt":{"rendered":"<p>Buy Poisons online; We\u2019re here to assist you with any inquiries or concerns. Please reach out to us through the following methods: \u00a0 Email:Ps35dk@proton.me For support related to orders, shipping, or product information, our team is ready to help. Thank you for choosing Poison Shops. We look forward to hearing from you! Buy Poisons online [&hellip;]<\/p>\n","protected":false},"author":1,"featured_media":0,"parent":0,"menu_order":0,"comment_status":"closed","ping_status":"closed","template":"","meta":{"footnotes":""},"class_list":["post-439","page","type-page","status-publish","hentry"],"_links":{"self":[{"href":"https:\/\/poisonshops.com\/sk\/wp-json\/wp\/v2\/pages\/439","targetHints":{"allow":["GET"]}}],"collection":[{"href":"https:\/\/poisonshops.com\/sk\/wp-json\/wp\/v2\/pages"}],"about":[{"href":"https:\/\/poisonshops.com\/sk\/wp-json\/wp\/v2\/types\/page"}],"author":[{"embeddable":true,"href":"https:\/\/poisonshops.com\/sk\/wp-json\/wp\/v2\/users\/1"}],"replies":[{"embeddable":true,"href":"https:\/\/poisonshops.com\/sk\/wp-json\/wp\/v2\/comments?post=439"}],"version-history":[{"count":19,"href":"https:\/\/poisonshops.com\/sk\/wp-json\/wp\/v2\/pages\/439\/revisions"}],"predecessor-version":[{"id":539,"href":"https:\/\/poisonshops.com\/sk\/wp-json\/wp\/v2\/pages\/439\/revisions\/539"}],"wp:attachment":[{"href":"https:\/\/poisonshops.com\/sk\/wp-json\/wp\/v2\/media?parent=439"}],"curies":[{"name":"wp","href":"https:\/\/api.w.org\/{rel}","templated":true}]}}