{"id":101,"date":"2017-12-19T14:41:04","date_gmt":"2017-12-19T14:41:04","guid":{"rendered":"https:\/\/wordpress.gradientthemes.com\/brand-shop\/product\/black-hoodie\/"},"modified":"2025-12-05T13:14:19","modified_gmt":"2025-12-05T13:14:19","slug":"sodika-seconal-na-predaj","status":"publish","type":"product","link":"https:\/\/poisonshops.com\/sk\/produkt\/sodika-seconal-na-predaj\/","title":{"rendered":"Sodn\u00fd sekonal"},"content":{"rendered":"<h2>K\u00fapi\u0165 Sodium Seconal online<\/h2>\n<p><strong>Pozn\u00e1mka<\/strong>: Seconal sodn\u00fd (Secobarbital Sodium) je siln\u00fd barbitur\u00e1t, ktor\u00fd si vy\u017eaduje pr\u00edsny lek\u00e1rsky doh\u013ead a mal by sa pou\u017e\u00edva\u0165 len pod doh\u013eadom kvalifikovan\u00e9ho poskytovate\u013ea zdravotnej starostlivosti. Nespr\u00e1vne pou\u017eitie Seconalu Sodn\u00e9ho m\u00f4\u017ee by\u0165 nebezpe\u010dn\u00e9 a m\u00f4\u017ee vies\u0165 k z\u00e1va\u017en\u00fdm zdravotn\u00fdm rizik\u00e1m vr\u00e1tane pred\u00e1vkovania a smrti. Sodium Seconal na predaj.<\/p>\n<p>Vitajte na str\u00e1nkach Bio Zbrane , v\u00e1\u0161ho d\u00f4veryhodn\u00e9ho dod\u00e1vate\u013ea vysokokvalitn\u00e9ho Sodium Seconal pre schv\u00e1len\u00e9 osoby s platn\u00fdmi predpismi. Na\u0161ou prioritou je bezpe\u010dnos\u0165, kvalita a spokojnos\u0165 z\u00e1kazn\u00edkov, \u010d\u00edm zabezpe\u010dujeme spo\u013eahliv\u00fd pr\u00edstup k z\u00e1kladn\u00fdm liekom. Najlep\u0161ie miesto na n\u00e1kup Sodium Seconal online.<\/p>\n<h4><strong>\u010co je Sodium Seconal?<\/strong><\/h4>\n<p>Seconal sodn\u00fd alebo sekobarbital sodn\u00fd je barbitur\u00e1tov\u00fd liek zn\u00e1my svojimi sedat\u00edvnymi a hypnotick\u00fdmi vlastnos\u0165ami. P\u00f4sob\u00ed na centr\u00e1lny nervov\u00fd syst\u00e9m a vyvol\u00e1va sp\u00e1nok a relax\u00e1ciu. Sodium Seconal sa predpisuje na kr\u00e1tkodob\u00fa lie\u010dbu nespavosti, predopera\u010dn\u00fa sed\u00e1ciu a kontrolu z\u00e1chvatov. V niektor\u00fdch jurisdikci\u00e1ch sa pou\u017e\u00edva aj na lek\u00e1rsku eutan\u00e1ziu na z\u00e1klade pr\u00edsnych pr\u00e1vnych predpisov.<\/p>\n<h4><strong>Pou\u017eitie sod\u00edka Seconal<\/strong><\/h4>\n<p>Seconal sodn\u00fd sa v medic\u00edne pou\u017e\u00edva na:<\/p>\n<ol>\n<li><strong>Lie\u010dba nespavosti<\/strong>: Seconal sodn\u00fd je \u00fa\u010dinn\u00fd pri lie\u010dbe \u0165a\u017ekej nespavosti t\u00fdm, \u017ee podporuje n\u00e1stup sp\u00e1nku a zlep\u0161uje jeho kvalitu.<\/li>\n<li><strong>Predopera\u010dn\u00e1 sed\u00e1cia<\/strong>: Pred chirurgick\u00fdmi z\u00e1krokmi sa Seconal sodn\u00fd pou\u017e\u00edva na upokojenie a uvo\u013enenie pacientov.<\/li>\n<li><strong>Riadenie z\u00e1chvatov<\/strong>: Sekonal sodn\u00fd sa m\u00f4\u017ee pou\u017e\u00edva\u0165 pri lie\u010dbe niektor\u00fdch typov z\u00e1chvatov, najm\u00e4 ak s\u00fa in\u00e9 lieky ne\u00fa\u010dinn\u00e9.<\/li>\n<li><strong>Lek\u00e1rska eutan\u00e1zia<\/strong>: V jurisdikci\u00e1ch, kde je to z\u00e1konom povolen\u00e9, sa Seconal sodn\u00fd pou\u017e\u00edva na hum\u00e1nnu eutan\u00e1ziu pod\u013ea pr\u00edsnych lek\u00e1rskych a pr\u00e1vnych protokolov.<\/li>\n<\/ol>\n<h4><strong>Kvalita a bezpe\u010dnos\u0165<\/strong><\/h4>\n<p>V spolo\u010dnosti Bio Weapons zabezpe\u010dujeme najvy\u0161\u0161ie \u0161tandardy kvality a bezpe\u010dnosti na\u0161ich produktov Sodium Seconal. Poch\u00e1dza od renomovan\u00fdch v\u00fdrobcov a ka\u017ed\u00e1 \u0161ar\u017ea prech\u00e1dza pr\u00edsnym testovan\u00edm, aby sp\u013a\u0148ala pr\u00edsne regula\u010dn\u00e9 po\u017eiadavky. N\u00e1\u0161 z\u00e1v\u00e4zok k dokonalosti zaru\u010duje, \u017ee dostanete produkt, ktor\u00fd je bezpe\u010dn\u00fd, \u00fa\u010dinn\u00fd a spo\u013eahliv\u00fd.<\/p>\n<h4><strong>D\u00e1vkovanie a pod\u00e1vanie<\/strong><\/h4>\n<p>Sodium Seconal sa m\u00e1 pou\u017e\u00edva\u0165 len pod\u013ea pokynov zdravotn\u00edckeho pracovn\u00edka. D\u00e1vkovanie a pod\u00e1vanie sa l\u00ed\u0161i v z\u00e1vislosti od zdravotn\u00e9ho stavu, reakcie pacienta a z\u00e1konn\u00fdch predpisov. Je nevyhnutn\u00e9 d\u00f4sledne dodr\u017eiava\u0165 lek\u00e1rske odpor\u00fa\u010dania, aby sa minimalizovali rizik\u00e1 a maximalizoval terapeutick\u00fd pr\u00ednos.<\/p>\n<p><strong>Pr\u00edprava a skladovanie<\/strong>:<\/p>\n<ul>\n<li><strong>Pr\u00edprava<\/strong>: Seconal sodn\u00fd je zvy\u010dajne dostupn\u00fd vo forme peror\u00e1lnych kaps\u00fal alebo tekutiny na peror\u00e1lne pod\u00e1vanie. Sila d\u00e1vkovania a zlo\u017eenie z\u00e1visia od lek\u00e1rskej potreby.<\/li>\n<li><strong>Skladovanie<\/strong>: Sodium Seconal skladujte na bezpe\u010dnom mieste, mimo dosahu det\u00ed a dom\u00e1cich zvierat, pri izbovej teplote a chr\u00e1nen\u00fd pred svetlom a vlhkos\u0165ou.<\/li>\n<\/ul>\n<h4><strong>Ne\u017eiaduce \u00fa\u010dinky a opatrenia<\/strong><\/h4>\n<p>Tak ako v\u0161etky lieky, aj Sodium Seconal m\u00f4\u017ee sp\u00f4sobova\u0165 ved\u013eaj\u0161ie \u00fa\u010dinky. Medzi \u010dast\u00e9 ved\u013eaj\u0161ie \u00fa\u010dinky patr\u00ed ospalos\u0165, z\u00e1vraty, boles\u0165 hlavy a nevo\u013enos\u0165. Z\u00e1va\u017en\u00e9 ved\u013eaj\u0161ie \u00fa\u010dinky, ako je \u00fatlm d\u00fdchania alebo alergick\u00e9 reakcie, s\u00fa zriedkav\u00e9, ale v pr\u00edpade ich v\u00fdskytu si vy\u017eaduj\u00fa okam\u017eit\u00fa lek\u00e1rsku pomoc.<\/p>\n<p><strong>Bezpe\u010dnostn\u00e9 opatrenia<\/strong>:<\/p>\n<ul>\n<li><strong>Anamn\u00e9za<\/strong>: Informujte svojho poskytovate\u013ea zdravotnej starostlivosti o svojej kompletnej anamn\u00e9ze, najm\u00e4 o ochoreniach pe\u010dene, obli\u010diek, d\u00fdchac\u00edch ciest a poruch\u00e1ch u\u017e\u00edvania n\u00e1vykov\u00fdch l\u00e1tok.<\/li>\n<li><strong>Liekov\u00e9 interakcie<\/strong>: Sod\u00edk Seconal m\u00f4\u017ee interagova\u0165 s in\u00fdmi liekmi vr\u00e1tane alkoholu, sedat\u00edv a antidepres\u00edv. Pred pou\u017eit\u00edm sa o mo\u017en\u00fdch interakci\u00e1ch pora\u010fte so svoj\u00edm lek\u00e1rom.<\/li>\n<li><strong>Tehotenstvo a doj\u010denie<\/strong>: Sod\u00edk Seconal sa m\u00e1 pou\u017e\u00edva\u0165 opatrne po\u010das tehotenstva a doj\u010denia. O bezpe\u010dnom pou\u017e\u00edvan\u00ed sa pora\u010fte so svoj\u00edm lek\u00e1rom.<\/li>\n<\/ul>\n<p><img decoding=\"async\" class=\"wp-image-463 aligncenter\" src=\"https:\/\/poisonshops.com\/wp-content\/uploads\/2025\/11\/tttt-1-204x300.png\" alt=\"Obchod s jedmi\" width=\"63\" height=\"93\" srcset=\"https:\/\/poisonshops.com\/wp-content\/uploads\/2025\/11\/tttt-1-204x300.png 204w, https:\/\/poisonshops.com\/wp-content\/uploads\/2025\/11\/tttt-1.png 218w\" sizes=\"(max-width: 63px) 100vw, 63px\" \/><\/p>\n<h4><strong>Pre\u010do si vybra\u0165 biologick\u00e9 zbrane?<\/strong><\/h4>\n<ol>\n<li><strong>Zabezpe\u010denie kvality<\/strong>: Dodr\u017eiavame pr\u00edsne opatrenia na kontrolu kvality, aby sme zabezpe\u010dili, \u017ee n\u00e1\u0161 sod\u00edk Seconal sp\u013a\u0148a regula\u010dn\u00e9 normy.<\/li>\n<li><strong>Autorizovan\u00fd dod\u00e1vate\u013e<\/strong>: Bio zbrane s\u00fa d\u00f4veryhodn\u00fdm a autorizovan\u00fdm dod\u00e1vate\u013eom, ktor\u00fd poskytuje origin\u00e1lny Sodium Seconal schv\u00e1len\u00fdm osob\u00e1m s platn\u00fdmi predpismi.<\/li>\n<li><strong>Bezpe\u010dn\u00e9 transakcie<\/strong>: Na\u0161a online platforma zabezpe\u010duje bezpe\u010dn\u00e9 transakcie a chr\u00e1ni va\u0161e osobn\u00e9 a finan\u010dn\u00e9 \u00fadaje.<\/li>\n<li><strong>Z\u00e1kazn\u00edcka podpora<\/strong>: N\u00e1\u0161 \u0161pecializovan\u00fd t\u00edm z\u00e1kazn\u00edckej podpory je v\u00e1m k dispoz\u00edcii, aby promptne a profesion\u00e1lne rie\u0161il va\u0161e ot\u00e1zky a probl\u00e9my.<\/li>\n<li><strong>V\u010dasn\u00e9 dodanie<\/strong>: Uprednost\u0148ujeme efekt\u00edvnu prepravu, aby sa k v\u00e1m Seconal sodn\u00fd dostal r\u00fdchlo a diskr\u00e9tne.<\/li>\n<\/ol>\n<h4><strong>Z\u00e1ver<\/strong><\/h4>\n<p>Spolo\u010dnos\u0165 Bio Weapons sa zav\u00e4zuje poskytova\u0165 bezpe\u010dn\u00fd, \u00fa\u010dinn\u00fd a spo\u013eahliv\u00fd Sodium Seconal schv\u00e1len\u00fdm osob\u00e1m s platn\u00fdmi predpismi. D\u00f4verujte n\u00e1m pri rie\u0161en\u00ed va\u0161ich lek\u00e1rskych potrieb a za\u017eite \u0161pi\u010dkov\u00fa kvalitu a slu\u017eby.<\/p>\n<p><strong>Objednajte si svoj Sodium Seconal e\u0161te dnes<\/strong> a vyu\u017eite n\u00e1\u0161 z\u00e1v\u00e4zok k dokonalosti vo farmaceutickej starostlivosti.<\/p>\n<p>K\u00fapte si vysokokvalitn\u00fd sod\u00edk Seconal v spolo\u010dnosti Bio Weapons . Schv\u00e1len\u00e9 osoby len na lek\u00e1rsky predpis. Bezpe\u010dn\u00fd n\u00e1kup, r\u00fdchle dodanie a zaru\u010den\u00e1 spokojnos\u0165 z\u00e1kazn\u00edka.<\/p>\n<h4><img decoding=\"async\" class=\"wp-image-502 aligncenter\" src=\"https:\/\/poisonshops.com\/wp-content\/uploads\/2025\/11\/Bio-Weapons-240x300.png\" alt=\"Biologick\u00e9 zbrane\" width=\"82\" height=\"103\" srcset=\"https:\/\/poisonshops.com\/wp-content\/uploads\/2025\/11\/Bio-Weapons-240x300.png 240w, https:\/\/poisonshops.com\/wp-content\/uploads\/2025\/11\/Bio-Weapons.png 265w\" sizes=\"(max-width: 82px) 100vw, 82px\" \/><\/h4>\n<ol>\n<li>K\u00fapi\u0165 Sodium Seconal online<\/li>\n<li>Vysokokvalitn\u00fd sod\u00edk Seconal na lek\u00e1rske pou\u017eitie<\/li>\n<li>N\u00e1kup Sodium Seconal bezpe\u010dne<\/li>\n<li>D\u00f4veryhodn\u00fd zdroj pre Sodium Seconal Capsules<\/li>\n<li>Objedna\u0165 Sodium Seconal bezpe\u010dne<\/li>\n<li>R\u00fdchle dodanie sod\u00edka Seconal<\/li>\n<li>Spo\u013eahliv\u00fd dod\u00e1vate\u013e sod\u00edka Seconal<\/li>\n<li>Autentick\u00fd sod\u00edk Seconal na predaj<\/li>\n<li>K\u00fapi\u0165 Sodium Seconal od autorizovan\u00fdch predajcov<\/li>\n<li>Najlep\u0161ie miesto na n\u00e1kup Sodium Seconal online<\/li>\n<\/ol>\n<h4><\/h4>\n<p>Sodium Seconal, K\u00fapi\u0165 Sodium Seconal, N\u00e1kup Sodium Seconal, Sodium Seconal na predaj, Vysoko kvalitn\u00fd Sodium Seconal, Bezpe\u010dn\u00fd n\u00e1kup Sodium Seconal, Sodium Seconal na lek\u00e1rske pou\u017eitie, Spo\u013eahliv\u00fd zdroj Sodium Seconal, K\u00fapi\u0165 Sodium Seconal leg\u00e1lne, Sodium Seconal na predpis, Sodium Seconal na nespavos\u0165, Objedna\u0165 Sodium Seconal, Origin\u00e1lny Sodium Seconal, Dodanie Sodium Seconal, D\u00f4veryhodn\u00fd predajca Sodium Seconal, Bezpe\u010dne k\u00fapi\u0165 Sodium Seconal, Autentick\u00fd Sodium Seconal, Dod\u00e1vate\u013e Sodium Seconal, Sodium Seconal v USA, Dostupnos\u0165 Sodium Seconal, R\u00fdchle dodanie Sodium Seconal, Kvalitn\u00fd Sodium Seconal, Sodium Seconal lek\u00e1re\u0148<\/p>\n<h4>Sodium Seconal na predaj<\/h4>\n<p><img decoding=\"async\" class=\"wp-image-176 aligncenter\" src=\"https:\/\/poisonshops.com\/wp-content\/uploads\/2025\/11\/poison_shop_logo-300x171.png\" alt=\"Obchody s jedmi\" width=\"140\" height=\"80\" srcset=\"https:\/\/poisonshops.com\/wp-content\/uploads\/2025\/11\/poison_shop_logo-300x171.png 300w, https:\/\/poisonshops.com\/wp-content\/uploads\/2025\/11\/poison_shop_logo.png 563w\" sizes=\"(max-width: 140px) 100vw, 140px\" \/><\/p>","protected":false},"excerpt":{"rendered":"<p>Buy Sodium Seconal Online Note: Sodium Seconal (Secobarbital Sodium) is a potent barbiturate that requires strict medical supervision and should only be used under the guidance of a qualified healthcare provider. Misuse of Sodium Seconal can be hazardous and may lead to severe health risks, including overdose and death. Sodium Seconal For Sale. Welcome to [&hellip;]<\/p>\n","protected":false},"featured_media":264,"comment_status":"open","ping_status":"closed","template":"","meta":[],"product_brand":[],"product_cat":[18],"product_tag":[],"class_list":{"0":"post-101","1":"product","2":"type-product","3":"status-publish","4":"has-post-thumbnail","6":"product_cat-buy-nembutal-pentobarbital","8":"first","9":"instock","10":"shipping-taxable","11":"purchasable","12":"product-type-variable"},"_links":{"self":[{"href":"https:\/\/poisonshops.com\/sk\/wp-json\/wp\/v2\/product\/101","targetHints":{"allow":["GET"]}}],"collection":[{"href":"https:\/\/poisonshops.com\/sk\/wp-json\/wp\/v2\/product"}],"about":[{"href":"https:\/\/poisonshops.com\/sk\/wp-json\/wp\/v2\/types\/product"}],"replies":[{"embeddable":true,"href":"https:\/\/poisonshops.com\/sk\/wp-json\/wp\/v2\/comments?post=101"}],"wp:featuredmedia":[{"embeddable":true,"href":"https:\/\/poisonshops.com\/sk\/wp-json\/wp\/v2\/media\/264"}],"wp:attachment":[{"href":"https:\/\/poisonshops.com\/sk\/wp-json\/wp\/v2\/media?parent=101"}],"wp:term":[{"taxonomy":"product_brand","embeddable":true,"href":"https:\/\/poisonshops.com\/sk\/wp-json\/wp\/v2\/product_brand?post=101"},{"taxonomy":"product_cat","embeddable":true,"href":"https:\/\/poisonshops.com\/sk\/wp-json\/wp\/v2\/product_cat?post=101"},{"taxonomy":"product_tag","embeddable":true,"href":"https:\/\/poisonshops.com\/sk\/wp-json\/wp\/v2\/product_tag?post=101"}],"curies":[{"name":"wp","href":"https:\/\/api.w.org\/{rel}","templated":true}]}}