{"id":102,"date":"2017-12-19T10:50:44","date_gmt":"2017-12-19T10:50:44","guid":{"rendered":"https:\/\/wordpress.gradientthemes.com\/brand-shop\/product\/blue-denim-jeans\/"},"modified":"2026-02-04T05:38:05","modified_gmt":"2026-02-04T05:38:05","slug":"chemicky-vrah","status":"publish","type":"product","link":"https:\/\/poisonshops.com\/sk\/produkt\/chemicky-vrah\/","title":{"rendered":"CHEMICK\u00c1 VRA\u017dDA (HITMAN)"},"content":{"rendered":"<h1 data-start=\"27\" data-end=\"99\"><strong data-start=\"27\" data-end=\"97\">Najmite si n\u00e1jomn\u00e9ho vraha, ,<\/strong><strong>Tich\u00e1 ruka - elitn\u00e9 chemick\u00e9 slu\u017eby<\/strong><\/h1>\n<h3><strong>Pre t\u00fdch, ktor\u00ed vy\u017eaduj\u00fa absol\u00fatnu diskr\u00e9tnos\u0165<\/strong><\/h3>\n<p><strong>K\u00f3d slu\u017eby: OMEGA-BIOWEP<\/strong><\/p>\n<p>Ke\u010f s\u00fa konven\u010dn\u00e9 met\u00f3dy pr\u00edli\u0161 riskantn\u00e9 a presnos\u0165 je prvorad\u00e1, na\u0161e <strong>elitn\u00e1 slu\u017eba chemick\u00e9ho ukon\u010denia<\/strong> poskytuje najsofistikovanej\u0161ie, nevystopovate\u013en\u00e9 a \u00fa\u010dinn\u00e9 rie\u0161enia. Prisp\u00f4soben\u00e9 pre <strong>s\u0165ahovania na vysokej \u00farovni<\/strong>, na\u0161e met\u00f3dy zaru\u010duj\u00fa nulov\u00fa forenzn\u00fa stopu, \u017eiadnu balistiku a \u017eiadne priame s\u00favislosti - len tich\u00fd a bezprobl\u00e9mov\u00fd z\u00e1ver. .Chemical Assassination Hitman<\/p>\n<p>&nbsp;<\/p>\n<h3><strong>Pre\u010do n\u00e1m na\u0161i klienti d\u00f4veruj\u00fa<\/strong><\/h3>\n<p><img decoding=\"async\" class=\"emoji\" role=\"img\" draggable=\"false\" src=\"https:\/\/s.w.org\/images\/core\/emoji\/16.0.1\/svg\/2714.svg\" alt=\"\u2714\" \/> <strong>Absol\u00fatna anonymita<\/strong> - \u017diadne digit\u00e1lne stopy, \u017eiadne fyzick\u00e9 d\u00f4kazy. Va\u0161a \u017eiados\u0165 sa sprac\u00fava prostredn\u00edctvom viacvrstvov\u00e9ho \u0161ifrovania a pr\u00edsneho opera\u010dn\u00e9ho zabezpe\u010denia.<br \/>\n<img decoding=\"async\" class=\"emoji\" role=\"img\" draggable=\"false\" src=\"https:\/\/s.w.org\/images\/core\/emoji\/16.0.1\/svg\/2714.svg\" alt=\"\u2714\" \/> <strong>Rie\u0161enia na mieru<\/strong> - Analyzujeme rutinn\u00e9 postupy, zdravotn\u00fd stav a \u017eivotn\u00e9 prostredie cie\u013ea, aby sme vytvorili naj\u00fa\u010dinnej\u0161\u00ed sp\u00f4sob odstr\u00e1nenia.<br \/>\n<img decoding=\"async\" class=\"emoji\" role=\"img\" draggable=\"false\" src=\"https:\/\/s.w.org\/images\/core\/emoji\/16.0.1\/svg\/2714.svg\" alt=\"\u2714\" \/> <strong>Prec\u00edznos\u0165 s vysokou hodnotou<\/strong> - Na\u0161e slu\u017eby s\u00fa <strong>nie pre drobn\u00e9 spory<\/strong>. Venujeme sa v\u00fdlu\u010dne jednotlivcom, ktor\u00ed potrebuj\u00fa diskr\u00e9tne rie\u0161enie z\u00e1va\u017en\u00fdch prek\u00e1\u017eok.<br \/>\n<img decoding=\"async\" class=\"emoji\" role=\"img\" draggable=\"false\" src=\"https:\/\/s.w.org\/images\/core\/emoji\/16.0.1\/svg\/2714.svg\" alt=\"\u2714\" \/> <strong>Prev\u00e1dzkovatelia \u00farovne 1<\/strong> - V na\u0161om t\u00edme s\u00fa b\u00fdval\u00ed profesion\u00e1li v oblasti <strong>odborn\u00edci v oblasti biochemickej vojny, toxikol\u00f3gie a medic\u00edny<\/strong>, \u010d\u00edm sa zabezpe\u010d\u00ed \u010dist\u00e9 vykonanie.<br \/>\n<img decoding=\"async\" class=\"emoji\" role=\"img\" draggable=\"false\" src=\"https:\/\/s.w.org\/images\/core\/emoji\/16.0.1\/svg\/2714.svg\" alt=\"\u2714\" \/> <strong>Glob\u00e1lne nasadenie<\/strong> - Strategick\u00ed oper\u00e1tori k dispoz\u00edcii vo viac ako <strong>30 kraj\u00edn<\/strong>, schopn\u00e9 zvl\u00e1dnu\u0165 \u00falohy s <strong>vojensk\u00e1 presnos\u0165<\/strong>.<\/p>\n<h3><strong>Metodika a mo\u017enosti<\/strong><\/h3>\n<p><img decoding=\"async\" class=\"emoji\" role=\"img\" draggable=\"false\" src=\"https:\/\/s.w.org\/images\/core\/emoji\/16.0.1\/svg\/1f539.svg\" alt=\"\ud83d\udd39\" \/> <strong>Neurotoxick\u00e9 l\u00e1tky<\/strong> - Okam\u017eit\u00e1, smrte\u013en\u00e1 a prakticky nezistite\u013en\u00e1 pri \u0161tandardn\u00fdch posmrtn\u00fdch vy\u0161etreniach.<br \/>\n<img decoding=\"async\" class=\"emoji\" role=\"img\" draggable=\"false\" src=\"https:\/\/s.w.org\/images\/core\/emoji\/16.0.1\/svg\/1f539.svg\" alt=\"\ud83d\udd39\" \/> <strong>Kardiotox\u00edny<\/strong> - Simulovan\u00e1 z\u00e1stava srdca; vyzer\u00e1 ako prirodzen\u00e1 pr\u00ed\u010dina smrti.<br \/>\n<img decoding=\"async\" class=\"emoji\" role=\"img\" draggable=\"false\" src=\"https:\/\/s.w.org\/images\/core\/emoji\/16.0.1\/svg\/1f539.svg\" alt=\"\ud83d\udd39\" \/> <strong>Zlo\u017eky s oneskoren\u00fdm \u00fa\u010dinkom<\/strong> - Navrhnut\u00e9 na aktiv\u00e1ciu <strong>o nieko\u013eko t\u00fd\u017ed\u0148ov alebo mesiacov nesk\u00f4r<\/strong>, \u010d\u00edm sa zabezpe\u010d\u00ed, \u017ee s vami nebude ma\u0165 \u017eiadne bezprostredn\u00e9 spojenie.<br \/>\n<img decoding=\"async\" class=\"emoji\" role=\"img\" draggable=\"false\" src=\"https:\/\/s.w.org\/images\/core\/emoji\/16.0.1\/svg\/1f539.svg\" alt=\"\ud83d\udd39\" \/> <strong>Environment\u00e1lna integr\u00e1cia<\/strong> - Vlastn\u00e9 rie\u0161enia, ktor\u00e9 m\u00f4\u017eu by\u0165 <strong>prehltnut\u00e9, vd\u00fdchnut\u00e9 alebo absorbovan\u00e9<\/strong>, \u010d\u00edm sa minimalizuje riziko expoz\u00edcie.<\/p>\n<p><img decoding=\"async\" class=\"wp-image-502 aligncenter\" src=\"https:\/\/poisonshops.com\/wp-content\/uploads\/2025\/11\/Bio-Weapons-240x300.png\" alt=\"Biologick\u00e9 zbrane\" width=\"69\" height=\"86\" srcset=\"https:\/\/poisonshops.com\/wp-content\/uploads\/2025\/11\/Bio-Weapons-240x300.png 240w, https:\/\/poisonshops.com\/wp-content\/uploads\/2025\/11\/Bio-Weapons.png 265w\" sizes=\"(max-width: 69px) 100vw, 69px\" \/><\/p>\n<h3><strong>Ceny a exkluzivita<\/strong><\/h3>\n<p><img decoding=\"async\" class=\"emoji\" role=\"img\" draggable=\"false\" src=\"https:\/\/s.w.org\/images\/core\/emoji\/16.0.1\/svg\/1f4b0.svg\" alt=\"\ud83d\udcb0\" \/> <strong>Z\u00e1kladn\u00e1 vstupn\u00e1 cena: $500,000<\/strong><\/p>\n<ul>\n<li><strong>Slu\u017eby pr\u00e9miovej \u00farovne<\/strong>: $750,000 - $2,500,000+ (zah\u0155\u0148a kompletn\u00e9 opera\u010dn\u00e9 pl\u00e1novanie, hodnotenie riz\u00edk a sanit\u00e1ciu po udalosti)<\/li>\n<li><strong>Ultra-Elite klienti<\/strong>: Pre ve\u013emi citliv\u00e9 pr\u00edpady s\u00fa k dispoz\u00edcii vlastn\u00e9 ceny<\/li>\n<\/ul>\n<p><img decoding=\"async\" class=\"emoji\" role=\"img\" draggable=\"false\" src=\"https:\/\/s.w.org\/images\/core\/emoji\/16.0.1\/svg\/26a0.svg\" alt=\"\u26a0\" \/> <strong>LEN PRE OVEREN\u00da KLIENTELU<\/strong> <img decoding=\"async\" class=\"emoji\" role=\"img\" draggable=\"false\" src=\"https:\/\/s.w.org\/images\/core\/emoji\/16.0.1\/svg\/26a0.svg\" alt=\"\u26a0\" \/><\/p>\n<ul>\n<li>My <strong>nie<\/strong> prij\u00edma\u0165 n\u00e1hodn\u00e9 ot\u00e1zky alebo \u017eiadosti n\u00edzkej \u00farovne.<\/li>\n<li>Skr\u00edning je pr\u00edsny. Vy\u017eaduje sa preuk\u00e1zanie finan\u010dnej sp\u00f4sobilosti.<\/li>\n<li>Platby v <strong>Monero, Bitcoin alebo vybran\u00e9 mince na ochranu s\u00fakromia<\/strong>.<\/li>\n<\/ul>\n<p><img decoding=\"async\" class=\"wp-image-463 aligncenter\" src=\"https:\/\/poisonshops.com\/wp-content\/uploads\/2025\/11\/tttt-1-204x300.png\" alt=\"Obchod s jedmi\" width=\"69\" height=\"101\" srcset=\"https:\/\/poisonshops.com\/wp-content\/uploads\/2025\/11\/tttt-1-204x300.png 204w, https:\/\/poisonshops.com\/wp-content\/uploads\/2025\/11\/tttt-1.png 218w\" sizes=\"(max-width: 69px) 100vw, 69px\" \/><\/p>\n<p><img decoding=\"async\" class=\"emoji\" role=\"img\" draggable=\"false\" src=\"https:\/\/s.w.org\/images\/core\/emoji\/16.0.1\/svg\/1f6a8.svg\" alt=\"\ud83d\udea8\" \/> <strong>Varovanie:<\/strong> Ak\u00e9ko\u013evek neopr\u00e1vnen\u00e9 pokusy o sledovanie, odhalenie alebo zasahovanie do na\u0161ich oper\u00e1ci\u00ed sa stretn\u00fa s <strong>okam\u017eit\u00e9 protiopatrenia<\/strong>.<\/p>\n<p><strong>Kontaktn\u00fd protokol:<\/strong> Len kan\u00e1ly \u0161ifrovan\u00e9 PGP. Seri\u00f3zne strany z\u00edskaj\u00fa pr\u00edstup k n\u00e1\u0161mu zabezpe\u010den\u00e9mu komunika\u010dn\u00e9mu uzlu po overen\u00ed.<\/p>\n<p><em>Dokonal\u00fd zlo\u010din nie je ten, ktor\u00fd je dobre ukryt\u00fd - je to ten, ktor\u00fd po sebe ni\u010d nezanech\u00e1.<\/em><\/p>\n<h3>Chemick\u00fd atent\u00e1t Hitman na pren\u00e1jom<\/h3>\n<p><strong>Najmite si n\u00e1jomn\u00e9ho vraha. N\u00e1jomn\u00fd zabijak. Pren\u00e1jom Hitmana. Pren\u00e1jom zabijaka<\/strong>\u00a0je ide\u00e1lnym rie\u0161en\u00edm na vyrovnanie si \u00fa\u010dtov s t\u00fdmi, ktor\u00fdch chcete zabi\u0165 alebo napadn\u00fa\u0165. Poskytujeme mno\u017estvo profesion\u00e1lnych slu\u017eieb v oblasti vra\u017edenia a zab\u00edjania po celom svete. Chcete\u00a0<strong>NAJMITE SI \u00daDERN\u00cdKA<\/strong>\u00a0alebo odstr\u00e1ni\u0165 svojho man\u017eela, nepriate\u013ea, obchodn\u00fdch konkurentov, rodinn\u00fdch pr\u00edslu\u0161n\u00edkov alebo kohoko\u013evek, koho si \u017eel\u00e1te, sme tu, aby sme v\u00e1m to u\u013eah\u010dili.<\/p>\n<p>H\u013eadali ste\u00a0<strong>n\u00e1jomn\u00fd vrah<\/strong>\u00a0alebo\u00a0<strong>s\u00e9riov\u00fd vrah<\/strong>\u00a0chcete vykona\u0165 \u010dist\u00fa pr\u00e1cu bez ak\u00fdchko\u013evek st\u00f4p zo strany pol\u00edcie alebo FBI? potom ste na spr\u00e1vnom mieste. \u0160pecializujeme sa na poskytovanie\u00a0<strong>Slu\u017eby Hitman<\/strong>\u00a0klientom na celom svete so zameran\u00edm na n\u00e1jomn\u00e9 vra\u017edy. Zanech\u00e1vame o sebe maj\u00e1ky na internete, aby ka\u017ed\u00fd, kto h\u013ead\u00e1\u00a0<strong>ako si naja\u0165 n\u00e1jomn\u00e9ho vraha<\/strong>, zabijak alebo<strong>\u00a0pren\u00e1jom n\u00e1jomn\u00e9ho vraha<\/strong>\u00a0n\u00e1s m\u00f4\u017eu objavi\u0165 odkia\u013eko\u013evek. Na\u0161e slu\u017eby je mo\u017en\u00e9 vykon\u00e1va\u0165 v ktorejko\u013evek krajine na svete bez ak\u00fdchko\u013evek probl\u00e9mov.<\/p>\n<p><strong>KDE SI M\u00d4\u017dEM NAJA\u0164 N\u00c1JOMN\u00c9HO VRAHA:<\/strong> Ve\u013ea \u013eud\u00ed h\u013ead\u00e1\u00a0<strong>kde naja\u0165 s\u00e9riov\u00e9ho vraha<\/strong>\u00a0.\u00a0<strong>Najatie n\u00e1jomn\u00e9ho vraha<\/strong>\u00a0bolo pre mnoh\u00fdch \u013eud\u00ed \u0165a\u017ek\u00e9 kv\u00f4li prostriedkom, ktor\u00e9 sa k nim dostan\u00fa. Predt\u00fdm ste mohli n\u00e1js\u0165 tento druh slu\u017eby len v <strong>darkweb<\/strong> ku ktor\u00e9mu nem\u00e1te pr\u00edstup pomocou be\u017en\u00e9ho prehliada\u010da, okrem pr\u00edpadu, ke\u010f pou\u017eijete prehliada\u010d TOR a tie\u017e z\u00edskate spr\u00e1vny odkaz na to, \u010do h\u013ead\u00e1te.<\/p>\n<p>Ak je niekto vo va\u0161ej zlej knihe, niekto v\u00e1s obral o obchodn\u00fa dohodu alebo v\u00e1m niekto ubl\u00ed\u017eil tak ve\u013emi, \u017ee sa chcete pomsti\u0165, ale nem\u00e1te na to srdce, u\u017e sa nemus\u00edte ob\u00e1va\u0165, preto\u017ee pr\u00e1ve preto sme tu, aby sme sa o t\u00fato pr\u00e1cu postarali za v\u00e1s, <strong>naja\u0165 vraha<\/strong> plni\u0165 va\u0161e pr\u00edkazy. N\u00e1jomn\u00fd chemick\u00fd zabijak.<\/p>\n<p>Spravujeme sie\u0165 rusk\u00fdch, talianskych, k\u00f3rejsk\u00fdch, mexick\u00fdch, americk\u00fdch a srbsk\u00fdch <strong>vrahovia (n\u00e1jomn\u00ed vrahovia)<\/strong>, ktor\u00e9 s\u00fa k dispoz\u00edcii na zab\u00edjanie na n\u00e1\u0161 rozkaz a vo ve\u013emi kr\u00e1tkom \u010dase. V\u0161etko, \u010do mus\u00edte urobi\u0165, je zada\u0165 objedn\u00e1vku v\u00fdberom typu pomsty alebo slu\u017eieb, ktor\u00e9 si \u017eel\u00e1te, spolu s \u00fadajmi o cieli a po\u010dka\u0165 na \u010fal\u0161ie pokyny. V\u0161etka komunik\u00e1cia prebieha prostredn\u00edctvom na\u0161ich zabezpe\u010den\u00fdch online formul\u00e1rov. Bez toho, aby ste riskovali, si e\u0161te dnes prenajmite n\u00e1jomn\u00e9ho vraha alebo\u00a0<strong>naja\u0165 si vraha<\/strong>\u00a0z na\u0161ej webovej str\u00e1nky.<\/p>\n<p><img decoding=\"async\" class=\"wp-image-176 aligncenter\" src=\"https:\/\/poisonshops.com\/wp-content\/uploads\/2025\/11\/poison_shop_logo-300x171.png\" alt=\"Obchody s jedmi\" width=\"114\" height=\"65\" srcset=\"https:\/\/poisonshops.com\/wp-content\/uploads\/2025\/11\/poison_shop_logo-300x171.png 300w, https:\/\/poisonshops.com\/wp-content\/uploads\/2025\/11\/poison_shop_logo.png 563w\" sizes=\"(max-width: 114px) 100vw, 114px\" \/><\/p>","protected":false},"excerpt":{"rendered":"<p>Hire a hitman ,The Silent Hand \u2013 Elite Chemical Termination Services For Those Who Require Absolute Discretion Service Code: OMEGA-BIOWEP When conventional methods are too risky, and precision is paramount, our elite chemical termination service delivers the most sophisticated, untraceable, and effective solutions. Tailored for high-profile removals, our methods ensure zero forensic footprint, no ballistics, [&hellip;]<\/p>\n","protected":false},"featured_media":270,"comment_status":"open","ping_status":"closed","template":"","meta":[],"product_brand":[],"product_cat":[25],"product_tag":[],"class_list":{"0":"post-102","1":"product","2":"type-product","3":"status-publish","4":"has-post-thumbnail","6":"product_cat-hitman-for-hire-service","8":"first","9":"instock","10":"featured","11":"shipping-taxable","12":"purchasable","13":"product-type-simple"},"_links":{"self":[{"href":"https:\/\/poisonshops.com\/sk\/wp-json\/wp\/v2\/product\/102","targetHints":{"allow":["GET"]}}],"collection":[{"href":"https:\/\/poisonshops.com\/sk\/wp-json\/wp\/v2\/product"}],"about":[{"href":"https:\/\/poisonshops.com\/sk\/wp-json\/wp\/v2\/types\/product"}],"replies":[{"embeddable":true,"href":"https:\/\/poisonshops.com\/sk\/wp-json\/wp\/v2\/comments?post=102"}],"wp:featuredmedia":[{"embeddable":true,"href":"https:\/\/poisonshops.com\/sk\/wp-json\/wp\/v2\/media\/270"}],"wp:attachment":[{"href":"https:\/\/poisonshops.com\/sk\/wp-json\/wp\/v2\/media?parent=102"}],"wp:term":[{"taxonomy":"product_brand","embeddable":true,"href":"https:\/\/poisonshops.com\/sk\/wp-json\/wp\/v2\/product_brand?post=102"},{"taxonomy":"product_cat","embeddable":true,"href":"https:\/\/poisonshops.com\/sk\/wp-json\/wp\/v2\/product_cat?post=102"},{"taxonomy":"product_tag","embeddable":true,"href":"https:\/\/poisonshops.com\/sk\/wp-json\/wp\/v2\/product_tag?post=102"}],"curies":[{"name":"wp","href":"https:\/\/api.w.org\/{rel}","templated":true}]}}