{"id":103,"date":"2017-12-19T10:50:33","date_gmt":"2017-12-19T10:50:33","guid":{"rendered":"https:\/\/wordpress.gradientthemes.com\/brand-shop\/product\/basic-gray-jeans\/"},"modified":"2026-04-16T01:29:43","modified_gmt":"2026-04-16T01:29:43","slug":"jed-akonitinu","status":"publish","type":"product","link":"https:\/\/poisonshops.com\/sk\/produkt\/jed-akonitinu\/","title":{"rendered":"Akonit\u00ednov\u00fd jed"},"content":{"rendered":"<h2>Akonit\u00ednov\u00fd jed na predaj<\/h2>\n<h4>Preh\u013ead<\/h4>\n<p>Akonit\u00edn je vysoko toxick\u00fd alkaloid, ktor\u00fd sa nach\u00e1dza v r\u00f4znych druhoch rastl\u00edn patriacich do rodu Aconitum, be\u017ene zn\u00e1mych ako akonit alebo mn\u00ed\u0161ka. Je nesl\u00e1vne zn\u00e1my pre svoje siln\u00e9 kardiotoxick\u00e9 a neurotoxick\u00e9 \u00fa\u010dinky.<\/p>\n<h4>Mechanizmus \u00fa\u010dinku<\/h4>\n<p>Akonit\u00edn p\u00f4sob\u00ed tak, \u017ee sa via\u017ee na nap\u00e4\u0165ovo riaden\u00e9 sod\u00edkov\u00e9 kan\u00e1ly v nervov\u00fdch a svalov\u00fdch bunk\u00e1ch a aktivuje ich. To vedie k pred\u013a\u017eenej depolariz\u00e1cii bunkov\u00fdch membr\u00e1n, \u010d\u00edm sa nar\u00fa\u0161a norm\u00e1lna elektrick\u00e1 aktivita v srdci a nervovom syst\u00e9me.<\/p>\n<h4>Ako to funguje<\/h4>\n<p>K expoz\u00edcii akonit\u00ednu m\u00f4\u017ee d\u00f4js\u0165 po\u017eit\u00edm alebo kontaktom poko\u017eky s kontaminovan\u00fdmi rastlinami alebo rastlinn\u00fdmi pr\u00edpravkami. R\u00fdchlo ovplyv\u0148uje kardiovaskul\u00e1rny a nervov\u00fd syst\u00e9m, \u010do vedie k pr\u00edznakom, ako s\u00fa arytmie, z\u00e1chvaty a zlyhanie d\u00fdchania.<\/p>\n<h4>Mno\u017estvo potrebn\u00e9 na sp\u00f4sobenie ujmy<\/h4>\n<p>Akonit\u00edn je mimoriadne siln\u00fd a aj mal\u00e9 mno\u017estvo m\u00f4\u017ee by\u0165 smrte\u013en\u00e9. Smrte\u013en\u00e1 d\u00e1vka sa m\u00f4\u017ee ve\u013emi l\u00ed\u0161i\u0165 v z\u00e1vislosti od faktorov, ako je zdravotn\u00fd stav jednotlivca a koncentr\u00e1cia akonit\u00ednu v rastline alebo pr\u00edpravku.<\/p>\n<h4>Pr\u00edznaky a sympt\u00f3my<\/h4>\n<p>Medzi pr\u00edznaky otravy akonit\u00ednom patria:<\/p>\n<ul>\n<li><strong>Skor\u00e9 pr\u00edznaky<\/strong>: Necitlivos\u0165 a brnenie okolo \u00fast a kon\u010dat\u00edn.<\/li>\n<li><strong>Progres\u00edvne pr\u00edznaky<\/strong>: Siln\u00e1 nevo\u013enos\u0165, vracanie, boles\u0165 brucha, nepravideln\u00fd srdcov\u00fd rytmus, svalov\u00e1 slabos\u0165 a potenci\u00e1lne smrte\u013en\u00e9 arytmie.<\/li>\n<\/ul>\n<h4>Zdroje a distrib\u00facia<\/h4>\n<p>Akonit\u00edn sa nach\u00e1dza najm\u00e4 v kore\u0148och, listoch a semen\u00e1ch rastl\u00edn rodu Aconitum, ktor\u00e9 s\u00fa roz\u0161\u00edren\u00e9 v miernych oblastiach na celom svete. Pou\u017e\u00edvaj\u00fa sa v tradi\u010dnej medic\u00edne a ako okrasn\u00e9 rastliny.<\/p>\n<h4>Detekcia a lie\u010dba<\/h4>\n<ul>\n<li><strong>Detekcia<\/strong>: Diagn\u00f3za je zalo\u017een\u00e1 na pr\u00edznakoch a anamn\u00e9ze expoz\u00edcie rastlin\u00e1m alebo pr\u00edpravkom obsahuj\u00facim akonit.<\/li>\n<li><strong>Lie\u010dba<\/strong>: Na otravu akonit\u00ednom neexistuje \u0161pecifick\u00e9 antidotum. Lie\u010dba sa zameriava na podporn\u00fa starostlivos\u0165 vr\u00e1tane podpory d\u00fdchania a kardiovaskul\u00e1rneho syst\u00e9mu, ako aj na dekontamin\u00e1ciu tr\u00e1viaceho traktu, ak do\u0161lo k po\u017eitiu ned\u00e1vno.<\/li>\n<\/ul>\n<p><img decoding=\"async\" class=\"wp-image-463 aligncenter\" src=\"https:\/\/poisonshops.com\/wp-content\/uploads\/2025\/11\/tttt-1-204x300.png\" alt=\"Obchod s jedmi\" width=\"65\" height=\"95\" srcset=\"https:\/\/poisonshops.com\/wp-content\/uploads\/2025\/11\/tttt-1-204x300.png 204w, https:\/\/poisonshops.com\/wp-content\/uploads\/2025\/11\/tttt-1.png 218w\" sizes=\"(max-width: 65px) 100vw, 65px\" \/><\/p>\n<h4>Prevencia<\/h4>\n<ul>\n<li><strong>Bezpe\u010dnostn\u00e9 opatrenia<\/strong>: Vyhnite sa manipul\u00e1cii s vo\u013ene rast\u00facimi rastlinami rodu Aconitum alebo ich konzum\u00e1cii. Na predch\u00e1dzanie n\u00e1hodn\u00fdm otrav\u00e1m je nevyhnutn\u00e1 n\u00e1le\u017eit\u00e1 osveta a informovanos\u0165.<\/li>\n<\/ul>\n<h4>Z\u00e1ver<\/h4>\n<p>Akonit\u00edn je vysoko toxick\u00fd alkaloid, ktor\u00fd sa nach\u00e1dza v rastlin\u00e1ch rodu Aconitum a je zn\u00e1my svojimi siln\u00fdmi kardiotoxick\u00fdmi a neurotoxick\u00fdmi \u00fa\u010dinkami. Pochopenie jeho mechanizmov, pr\u00edznakov otravy a vhodn\u00fdch bezpe\u010dnostn\u00fdch opatren\u00ed je k\u013e\u00fa\u010dov\u00e9 pre prevenciu n\u00e1hodn\u00e9ho vystavenia a zabezpe\u010denie r\u00fdchleho lek\u00e1rskeho z\u00e1sahu. <span class=\"single-product-category\">k\u00fapi\u0165 v\u00fdskumn\u00e9 chemik\u00e1lie, v\u00fdskumn\u00e9 chemik\u00e1lie na predaj.<strong> Nakupujte jedy a tox\u00edny anonymne.<\/strong><\/span><\/p>\n<p><img decoding=\"async\" class=\"wp-image-502 aligncenter\" src=\"https:\/\/poisonshops.com\/wp-content\/uploads\/2025\/11\/Bio-Weapons-240x300.png\" alt=\"Biologick\u00e9 zbrane\" width=\"73\" height=\"91\" srcset=\"https:\/\/poisonshops.com\/wp-content\/uploads\/2025\/11\/Bio-Weapons-240x300.png 240w, https:\/\/poisonshops.com\/wp-content\/uploads\/2025\/11\/Bio-Weapons.png 265w\" sizes=\"(max-width: 73px) 100vw, 73px\" \/><\/p>\n<h4>V\u00fdskumn\u00e9 chemik\u00e1lie na predaj<\/h4>\n<p>Akonit\u00edn je vysoko toxick\u00fd alkaloid, ktor\u00fd sa nach\u00e1dza v rastlin\u00e1ch rodu Aconitum a je zn\u00e1my svojimi siln\u00fdmi kardiotoxick\u00fdmi a neurotoxick\u00fdmi \u00fa\u010dinkami. Pochopenie jeho mechanizmov, pr\u00edznakov otravy a vhodn\u00fdch bezpe\u010dnostn\u00fdch opatren\u00ed je k\u013e\u00fa\u010dov\u00e9 pre prevenciu n\u00e1hodn\u00e9ho vystavenia a zabezpe\u010denie r\u00fdchleho lek\u00e1rskeho z\u00e1sahu.<\/p>\n<p>K expoz\u00edcii akonit\u00ednu m\u00f4\u017ee d\u00f4js\u0165 po\u017eit\u00edm alebo kontaktom poko\u017eky s kontaminovan\u00fdmi rastlinami alebo rastlinn\u00fdmi pr\u00edpravkami. R\u00fdchlo ovplyv\u0148uje kardiovaskul\u00e1rny a nervov\u00fd syst\u00e9m, \u010do vedie k pr\u00edznakom, ako s\u00fa arytmie, z\u00e1chvaty a zlyhanie d\u00fdchania.<\/p>\n<p><span class=\"kY2IgmnCmOGjharHErah\">Najlep\u0161ie miesto na n\u00e1kup kyanidu, arz\u00e9nu a rastlinn\u00fdch jedov - COA poskytuje biologick\u00e9 zbrane: K\u00fapi\u0165 jedy a tox\u00edny, k\u00fapi\u0165 VX nervov\u00fd agent, Aconitine, arz\u00e9n, Batrachotoxin, botulotox\u00edn, kyanid, dimetylortu\u0165, maitotox\u00edn, pol\u00f3nium-210, ric\u00edn jed, sar\u00edn jed, tetrodotox\u00edn jed<\/span><\/p>\n<p><span class=\"kY2IgmnCmOGjharHErah\">Jedy na predaj Obchod Otrava akonit\u00ednom je v s\u00fa\u010dasnosti zriedkav\u00e1, ale st\u00e1le sa vyskytuje pri n\u00e1hodnom po\u017eit\u00ed rastlinn\u00e9ho materi\u00e1lu alebo pri \u00famyselnej otrave. K\u00fapte si jed Aconitine online.<\/span><\/p>\n<p><span class=\"kY2IgmnCmOGjharHErah\"><b>Akonit\u00edn<\/b> <b>Jed<\/b> je vysoko toxick\u00fd alkaloid, ktor\u00fd sa nach\u00e1dza v r\u00f4znych druhoch rastl\u00edn patriacich do rodu Aconitum, v\u0161eobecne zn\u00e1mych ako aconite alebo monkshood. Je nesl\u00e1vne zn\u00e1my pre svoje siln\u00e9 kardiotoxick\u00e9 a neurotoxick\u00e9 \u00fa\u010dinky. research chemicals for sale Mechanizmus \u00fa\u010dinku <b>Akonit\u00edn<\/b> p\u00f4sob\u00ed tak, \u017ee sa via\u017ee na nap\u00e4\u0165ovo riaden\u00e9 sod\u00edkov\u00e9 kan\u00e1ly v nervov\u00fdch a svalov\u00fdch bunk\u00e1ch a aktivuje ich. To vedie k <\/span><\/p>\n<p><span class=\"kY2IgmnCmOGjharHErah\">Atrop\u00edn, <b>Akonit\u00edn<\/b>, strychn\u00edn a digitalis - na v\u00fdskum srdcov\u00e9ho a nervov\u00e9ho syst\u00e9mu. Kolchic\u00edn a oleandr\u00edn - k\u013e\u00fa\u010dov\u00e9 pre v\u00fdskum rakoviny. Koni\u00edn a tax\u00edn - klasick\u00fd <b>jedovat\u00e9 l\u00e1tky<\/b> pre toxikologick\u00e9 aplik\u00e1cie.<\/span><\/p>\n<p><span class=\"kY2IgmnCmOGjharHErah\"> <b>akonit\u00edn<\/b>, <b>akonit\u00edn<\/b> a svaly, <b>akonit\u00edn<\/b> a nervov\u00fd syst\u00e9m, <b>akonit\u00edn<\/b> a respira\u010dn\u00e9 zlyhanie, <b>akonit\u00edn<\/b> bakt\u00e9rie, <b>akonit\u00edn<\/b> detekcia, <b>akonit\u00edn<\/b> v rastlin\u00e1ch, <b>akonit\u00edn<\/b> v morsk\u00fdch plodoch, <b>akonit\u00edn<\/b> pr\u00edznaky otravy, <b>akonit\u00edn<\/b> \u0161tatistiky, <b>akonit\u00edn<\/b> terapia, protil\u00e1tka pre <b>akonit\u00edn<\/b>, <\/span><\/p>\n<p><img decoding=\"async\" class=\"wp-image-176 aligncenter\" src=\"https:\/\/poisonshops.com\/wp-content\/uploads\/2025\/11\/poison_shop_logo-300x171.png\" alt=\"Obchody s jedmi\" width=\"91\" height=\"52\" srcset=\"https:\/\/poisonshops.com\/wp-content\/uploads\/2025\/11\/poison_shop_logo-300x171.png 300w, https:\/\/poisonshops.com\/wp-content\/uploads\/2025\/11\/poison_shop_logo.png 563w\" sizes=\"(max-width: 91px) 100vw, 91px\" \/><\/p>","protected":false},"excerpt":{"rendered":"<p>Aconitine Poison For Sale Overview Aconitine is a highly toxic alkaloid found in various species of plants belonging to the Aconitum genus, commonly known as aconite or monkshood. It is infamous for its potent cardiotoxic and neurotoxic effects. Mechanism of Action Aconitine acts by binding to and activating voltage-gated sodium channels in nerve and muscle [&hellip;]<\/p>\n","protected":false},"featured_media":272,"comment_status":"open","ping_status":"closed","template":"","meta":[],"product_brand":[],"product_cat":[17],"product_tag":[],"class_list":{"0":"post-103","1":"product","2":"type-product","3":"status-publish","4":"has-post-thumbnail","6":"product_cat-poisons-for-sale","8":"first","9":"instock","10":"featured","11":"shipping-taxable","12":"purchasable","13":"product-type-variable"},"_links":{"self":[{"href":"https:\/\/poisonshops.com\/sk\/wp-json\/wp\/v2\/product\/103","targetHints":{"allow":["GET"]}}],"collection":[{"href":"https:\/\/poisonshops.com\/sk\/wp-json\/wp\/v2\/product"}],"about":[{"href":"https:\/\/poisonshops.com\/sk\/wp-json\/wp\/v2\/types\/product"}],"replies":[{"embeddable":true,"href":"https:\/\/poisonshops.com\/sk\/wp-json\/wp\/v2\/comments?post=103"}],"wp:featuredmedia":[{"embeddable":true,"href":"https:\/\/poisonshops.com\/sk\/wp-json\/wp\/v2\/media\/272"}],"wp:attachment":[{"href":"https:\/\/poisonshops.com\/sk\/wp-json\/wp\/v2\/media?parent=103"}],"wp:term":[{"taxonomy":"product_brand","embeddable":true,"href":"https:\/\/poisonshops.com\/sk\/wp-json\/wp\/v2\/product_brand?post=103"},{"taxonomy":"product_cat","embeddable":true,"href":"https:\/\/poisonshops.com\/sk\/wp-json\/wp\/v2\/product_cat?post=103"},{"taxonomy":"product_tag","embeddable":true,"href":"https:\/\/poisonshops.com\/sk\/wp-json\/wp\/v2\/product_tag?post=103"}],"curies":[{"name":"wp","href":"https:\/\/api.w.org\/{rel}","templated":true}]}}