{"id":108,"date":"2017-12-19T09:56:29","date_gmt":"2017-12-19T09:56:29","guid":{"rendered":"https:\/\/wordpress.gradientthemes.com\/brand-shop\/product\/flamingo-tshirt\/"},"modified":"2025-12-08T21:55:27","modified_gmt":"2025-12-08T21:55:27","slug":"kupit-skopolamin-diabolsky-dych","status":"publish","type":"product","link":"https:\/\/poisonshops.com\/sk\/produkt\/kupit-skopolamin-diabolsky-dych\/","title":{"rendered":"K\u00fapi\u0165 skopolam\u00edn (diablov dych)"},"content":{"rendered":"<h2>K\u00fapi\u0165 Skopolam\u00edn Devils Breath<\/h2>\n<p>Skopolam\u00edn, zn\u00e1my aj ako hyosc\u00edn alebo Devil's Breath, je pr\u00edrodn\u00fd alebo synteticky vyr\u00e1ban\u00fd trop\u00e1nov\u00fd alkaloid a anticholinergikum, ktor\u00e9 sa pou\u017e\u00edva ako liek na lie\u010dbu nevo\u013enosti pri cestovan\u00ed a poopera\u010dnej nevo\u013enosti a zvracania. Niekedy sa pou\u017e\u00edva aj pred oper\u00e1ciou na zn\u00ed\u017eenie slinenia. Pri podan\u00ed injekciou \u00fa\u010dinok nastupuje po pribli\u017ene 20 min\u00fatach a trv\u00e1 a\u017e 8 hod\u00edn. M\u00f4\u017ee sa pou\u017e\u00edva\u0165 aj peror\u00e1lne. K\u00fapte si skopolam\u00edn Devils Breath.<\/p>\n<h3>Ako p\u00f4sob\u00ed skopolam\u00edn?<\/h3>\n<p>Skopolam\u00edn patr\u00ed do skupiny antimuskarinov\u00fdch liekov a p\u00f4sob\u00ed tak, \u017ee blokuje niektor\u00e9 \u00fa\u010dinky acetylchol\u00ednu na nervov\u00fd syst\u00e9m. Skopolam\u00edn bol prv\u00fdkr\u00e1t spomenut\u00fd v roku 1881 a na anest\u00e9ziu sa za\u010dal pou\u017e\u00edva\u0165 okolo roku 1900. Skopolam\u00edn je tie\u017e hlavnou akt\u00edvnou zlo\u017ekou niektor\u00fdch rastl\u00edn z \u010de\u013eade \u013eu\u013ekovit\u00e9, ktor\u00e9 sa v minulosti pou\u017e\u00edvali ako psychoakt\u00edvne drogy (zn\u00e1me ako delirantn\u00e9) kv\u00f4li ich halucinog\u00e9nnym \u00fa\u010dinkom vyvolan\u00fdm antimuskarinikami vo vy\u0161\u0161\u00edch d\u00e1vkach. V t\u00fdchto s\u00favislostiach sa jeho \u00fa\u010dinky meniace stav mysle vyu\u017e\u00edvali na rekrea\u010dn\u00e9 a okultn\u00e9 \u00fa\u010dely.<\/p>\n<h4><span class=\"kY2IgmnCmOGjharHErah\">K\u00fapi\u0165 skopolam\u00ednov\u00fd pr\u00e1\u0161ok online na predaj<\/span><\/h4>\n<p>Otrava skopolam\u00ednom z dom\u00e1ceho v\u00edna \u2018mesa\u010dn\u00fd kvet\u2019<br \/>\nLH, 76-ro\u010dn\u00fd mu\u017e kaukazsk\u00e9ho p\u00f4vodu, vypil 3 \u010dajov\u00e9 ly\u017ei\u010dky (15 ml) dom\u00e1ceho v\u00edna v priebehu jednej hodiny a ochorel. Pribli\u017ene o 1,5 hodiny nesk\u00f4r bol prevezen\u00fd na pohotovos\u0165 miestnej nemocnice s pr\u00edznakmi d\u00fdchac\u00edch \u0165a\u017ekost\u00ed a slabosti. Na v\u00fdrobu v\u00edna bola pou\u017eit\u00e1 rastlina Angel\u2019s trumpet (Datura suaveolens), ktor\u00e1 \u00fadajne obsahuje r\u00f4zne mno\u017estv\u00e1 skopolam\u00ednu a atrop\u00ednu.<\/p>\n<p>Vzorka v\u00edna bola odobrat\u00e1 a analyzovan\u00e1 na pr\u00edtomnos\u0165 t\u00fdchto dvoch zl\u00fa\u010den\u00edn pomocou reverznej f\u00e1zy HPLC chromatografie s pou\u017eit\u00edm 97% metanolu a 3% deionizovanej vody. Filtrovan\u00e9 v\u00edno obsahovalo pribli\u017ene 29 mg skopolam\u00ednu\/ml, \u010do predstavovalo celkov\u00fa po\u017eit\u00fa d\u00e1vku 435 mg. Atrop\u00edn nebol zisten\u00fd. Skopolam\u00edn bol potvrden\u00fd pomocou TLC. U \u013eud\u00ed bola zaznamenan\u00e1 smrte\u013en\u00e1 peror\u00e1lna d\u00e1vka 50 mg atrop\u00edn sulf\u00e1tu. Obsah alkoholu a pH 3,8 dom\u00e1ceho v\u00edna mohli zv\u00fd\u0161i\u0165 extrakciu tejto zl\u00fa\u010deniny z rastlinn\u00e9ho materi\u00e1lu a proces ferment\u00e1cie v\u00edna mohol koncentrova\u0165 p\u00f4vodn\u00fd extrakt.<\/p>\n<p><img decoding=\"async\" class=\"wp-image-463 aligncenter\" src=\"https:\/\/poisonshops.com\/wp-content\/uploads\/2025\/11\/tttt-1-204x300.png\" alt=\"Obchod s jedmi\" width=\"63\" height=\"93\" srcset=\"https:\/\/poisonshops.com\/wp-content\/uploads\/2025\/11\/tttt-1-204x300.png 204w, https:\/\/poisonshops.com\/wp-content\/uploads\/2025\/11\/tttt-1.png 218w\" sizes=\"(max-width: 63px) 100vw, 63px\" \/><\/p>\n<h2>D\u00e1vkovanie pre smr\u0165<\/h2>\n<p>Skopolam\u00edn v mal\u00fdch d\u00e1vkach sp\u00f4sobuje bezvedomie trvaj\u00face a\u017e 24 hod\u00edn alebo viac, preto sa \u0161iroko pou\u017e\u00edva pri l\u00fape\u017eiach, kde je obe\u0165 v bezvedom\u00ed. V d\u00e1vke 10 mg v\u0161ak sta\u010d\u00ed na usmrtenie a m\u00f4\u017ee sa pou\u017ei\u0165 spolu s jedlom alebo n\u00e1pojmi, pri\u010dom v alkoholick\u00fdch n\u00e1pojoch je jeho \u00fa\u010dinok r\u00fdchlej\u0161\u00ed, pribli\u017ene 30 min\u00fat, a sp\u00f4sobuje bezbolestn\u00fa smr\u0165, preto\u017ee vyvol\u00e1va ospalos\u0165. Zist\u00ed sa len pri presnej\u0161\u00edch pitv\u00e1ch. <span class=\"kY2IgmnCmOGjharHErah\">K\u00fapi\u0165 skopolam\u00ednov\u00fd pr\u00e1\u0161ok online na predaj<\/span>.<\/p>\n<p>skopolam\u00edn, vo filmoch sa naz\u00fdva prav\u00fd s\u00e9rum, aplikujte ve\u013emi opatrne a pod\u013ea vlastn\u00e9ho uv\u00e1\u017eenia!<\/p>\n<p><img decoding=\"async\" class=\"wp-image-502 aligncenter\" src=\"https:\/\/poisonshops.com\/wp-content\/uploads\/2025\/11\/Bio-Weapons-240x300.png\" alt=\"Biologick\u00e9 zbrane\" width=\"65\" height=\"81\" srcset=\"https:\/\/poisonshops.com\/wp-content\/uploads\/2025\/11\/Bio-Weapons-240x300.png 240w, https:\/\/poisonshops.com\/wp-content\/uploads\/2025\/11\/Bio-Weapons.png 265w\" sizes=\"(max-width: 65px) 100vw, 65px\" \/><\/p>\n<h3 class=\"LnpumSThxEWMIsDdAT17 CXMyPcQ6nDv47DKFeywM\"><span class=\"EKtkFWMYpwzMKOYr0GYm LQVY1Jpkk8nyJ6HBWKAk\">K\u00daPI\u0164 Skopolam\u00edn (Diablov dych) pr\u00e1\u0161ok online<\/span><\/h3>\n<p><span class=\"kY2IgmnCmOGjharHErah\"><b>K\u00fapi\u0165<\/b> <b>skopolam\u00edn<\/b> online. Hyoscine, tie\u017e zn\u00e1my ako <b>skopolam\u00edn<\/b>( <b>Diablov<\/b> <b>Dych<\/b>), je liek pou\u017e\u00edvan\u00fd na lie\u010dbu cestovnej nevo\u013enosti a poopera\u010dnej nevo\u013enosti a zvracania. n\u00e1plas\u0165 proti cestovnej nevo\u013enosti, n\u00e1plas\u0165 proti morskej nevo\u013enosti, n\u00e1plas\u0165 proti nevo\u013enosti, transderm scop, n\u00e1plas\u0165 dramamine, n\u00e1plas\u0165 proti nevo\u013enosti, n\u00e1plas\u0165 proti morskej nevo\u013enosti, cestovn\u00e1 nevo\u013enos\u0165 <\/span><\/p>\n<p><span class=\"kY2IgmnCmOGjharHErah\"><b>K\u00fapi\u0165<\/b> <b>Skopolam\u00edn<\/b> Pr\u00e1\u0161ok na predaj online (Burundanga, \u201cThe <b>Diablov<\/b> <b>Dych<\/b>\u201c, Borrachero, Hyoscine, Angel\u2019s Trumpet) Hyoscine, tie\u017e zn\u00e1my ako <b>skopolam\u00edn<\/b>, je liek pou\u017e\u00edvan\u00fd na lie\u010dbu cestovnej nevo\u013enosti a poopera\u010dnej nevo\u013enosti a zvracania.<\/span><\/p>\n<p><span class=\"kY2IgmnCmOGjharHErah\">Po vd\u00fdchnut\u00ed \u201c<b>Diablov<\/b> <b>Dych<\/b>, je zn\u00e1me, \u017ee obete sa prebudili bez spomienok na to, \u017ee vybrali svoje celo\u017eivotn\u00e9 \u00faspory a rozdali ich. <b>Skopolam\u00edn<\/b>, naz\u00fdvan\u00fd \u201c<b>Diablov<\/b> <b>Dych<\/b>, je \u010dasto ozna\u010dovan\u00e1 za najnebezpe\u010dnej\u0161iu drogu na svete. Preva\u017ene sa vyskytuje v Ju\u017enej Amerike.<\/span><\/p>\n<p><span class=\"kY2IgmnCmOGjharHErah\"><b>Diablov<\/b> <b>Dych<\/b> sa z\u00edskava z kvetov kr\u00edka \u201cborrachero\u201d, ktor\u00fd je be\u017en\u00fd v juhoamerickej Kolumbii. Semienka, ke\u010f s\u00fa rozomlet\u00e9 na pr\u00e1\u0161ok a extrahovan\u00e9 chemick\u00fdm procesom, obsahuj\u00fa chemick\u00fa l\u00e1tku podobn\u00fa <b>skopolam\u00edn<\/b> naz\u00fdvan\u00fd \u201cburandanga\u201d. K\u00fapte si skopolam\u00ednov\u00fd dych diabla.<\/span><\/p>\n<h3>Skopolam\u00edn na predaj online<\/h3>\n<p><img decoding=\"async\" class=\"wp-image-176 aligncenter\" src=\"https:\/\/poisonshops.com\/wp-content\/uploads\/2025\/11\/poison_shop_logo-300x171.png\" alt=\"Obchody s jedmi\" width=\"118\" height=\"67\" srcset=\"https:\/\/poisonshops.com\/wp-content\/uploads\/2025\/11\/poison_shop_logo-300x171.png 300w, https:\/\/poisonshops.com\/wp-content\/uploads\/2025\/11\/poison_shop_logo.png 563w\" sizes=\"(max-width: 118px) 100vw, 118px\" \/><\/p>","protected":false},"excerpt":{"rendered":"<p>Buy Scopolamine Devils Breath Scopolamine, also known as hyoscine, or Devil\u2019s Breath, is a natural or synthetically produced tropane alkaloid and anticholinergic medication that is used as a medication to treat motion sickness and postoperative nausea and vomiting. It is also sometimes used before surgery to decrease saliva. When used by injection, the effects begin [&hellip;]<\/p>\n","protected":false},"featured_media":313,"comment_status":"open","ping_status":"closed","template":"","meta":[],"product_brand":[],"product_cat":[17],"product_tag":[],"class_list":{"0":"post-108","1":"product","2":"type-product","3":"status-publish","4":"has-post-thumbnail","6":"product_cat-poisons-for-sale","8":"first","9":"instock","10":"shipping-taxable","11":"purchasable","12":"product-type-variable"},"_links":{"self":[{"href":"https:\/\/poisonshops.com\/sk\/wp-json\/wp\/v2\/product\/108","targetHints":{"allow":["GET"]}}],"collection":[{"href":"https:\/\/poisonshops.com\/sk\/wp-json\/wp\/v2\/product"}],"about":[{"href":"https:\/\/poisonshops.com\/sk\/wp-json\/wp\/v2\/types\/product"}],"replies":[{"embeddable":true,"href":"https:\/\/poisonshops.com\/sk\/wp-json\/wp\/v2\/comments?post=108"}],"wp:featuredmedia":[{"embeddable":true,"href":"https:\/\/poisonshops.com\/sk\/wp-json\/wp\/v2\/media\/313"}],"wp:attachment":[{"href":"https:\/\/poisonshops.com\/sk\/wp-json\/wp\/v2\/media?parent=108"}],"wp:term":[{"taxonomy":"product_brand","embeddable":true,"href":"https:\/\/poisonshops.com\/sk\/wp-json\/wp\/v2\/product_brand?post=108"},{"taxonomy":"product_cat","embeddable":true,"href":"https:\/\/poisonshops.com\/sk\/wp-json\/wp\/v2\/product_cat?post=108"},{"taxonomy":"product_tag","embeddable":true,"href":"https:\/\/poisonshops.com\/sk\/wp-json\/wp\/v2\/product_tag?post=108"}],"curies":[{"name":"wp","href":"https:\/\/api.w.org\/{rel}","templated":true}]}}