{"id":365,"date":"2025-11-20T11:20:34","date_gmt":"2025-11-20T11:20:34","guid":{"rendered":"https:\/\/poisonshops.com\/?post_type=product&#038;p=365"},"modified":"2025-12-02T14:26:07","modified_gmt":"2025-12-02T14:26:07","slug":"kupit-jed-sarin","status":"publish","type":"product","link":"https:\/\/poisonshops.com\/sk\/produkt\/kupit-jed-sarin\/","title":{"rendered":"K\u00fapi\u0165 sar\u00ednov\u00fd jed"},"content":{"rendered":"<h2>K\u00fapi\u0165 sar\u00ednov\u00fd jed<\/h2>\n<h4>Preh\u013ead<\/h4>\n<p>Sar\u00edn je vysoko toxick\u00e1 nervovoparalytick\u00e1 l\u00e1tka vyvinut\u00e1 ako chemick\u00e1 zbra\u0148. Patr\u00ed do skupiny organofosf\u00e1tov\u00fdch zl\u00fa\u010den\u00edn zn\u00e1mych ako nervovoparalytick\u00e9 l\u00e1tky, ktor\u00e9 naru\u0161uj\u00fa norm\u00e1lne fungovanie nervov\u00e9ho syst\u00e9mu. K\u00fapte si jed Sarin online.<\/p>\n<h4>Mechanizmus \u00fa\u010dinku<\/h4>\n<p>Sar\u00edn inhibuje enz\u00fdm acetylchol\u00ednester\u00e1zu, ktor\u00fd rozklad\u00e1 neurotransmiter acetylchol\u00edn. To sp\u00f4sobuje nadmern\u00fa stimul\u00e1ciu svalov a \u017eliaz, \u010do vedie k pr\u00edznakom od miernych \u00fa\u010dinkov a\u017e po z\u00e1va\u017en\u00e9 zlyhanie d\u00fdchania a srdca. Objednajte si jed sar\u00edn anonymne.<\/p>\n<h4>Ako zab\u00edja<\/h4>\n<p>K expoz\u00edcii sar\u00ednu m\u00f4\u017ee d\u00f4js\u0165 vd\u00fdchnut\u00edm, po\u017eit\u00edm alebo absorpciou cez poko\u017eku. Pr\u00edznaky sa m\u00f4\u017eu prejavi\u0165 r\u00fdchlo, v priebehu nieko\u013ek\u00fdch sek\u00fand a\u017e min\u00fat po expoz\u00edcii, a m\u00f4\u017eu zah\u0155\u0148a\u0165 rozmazan\u00e9 videnie, bolesti hlavy, zm\u00e4tenos\u0165, k\u0155\u010de, paral\u00fdzu, z\u00e1stavu d\u00fdchania a smr\u0165.<\/p>\n<h4>Mno\u017estvo potrebn\u00e9 na usmrtenie<\/h4>\n<p>Smrte\u013en\u00e1 d\u00e1vka sar\u00ednu sa l\u00ed\u0161i v z\u00e1vislosti od faktorov, ako je sp\u00f4sob expoz\u00edcie, trvanie a individu\u00e1lna citlivos\u0165. Vd\u00fdchnutie aj mal\u00e9ho mno\u017estva (odhadovan\u00e1 LD50 pribli\u017ene 100 mg-min\/m\u00b3) m\u00f4\u017ee by\u0165 smrte\u013en\u00e9.<\/p>\n<p><img decoding=\"async\" class=\"wp-image-463 aligncenter\" src=\"https:\/\/poisonshops.com\/wp-content\/uploads\/2025\/11\/tttt-1-204x300.png\" alt=\"Obchod s jedmi\" width=\"53\" height=\"78\" srcset=\"https:\/\/poisonshops.com\/wp-content\/uploads\/2025\/11\/tttt-1-204x300.png 204w, https:\/\/poisonshops.com\/wp-content\/uploads\/2025\/11\/tttt-1.png 218w\" sizes=\"(max-width: 53px) 100vw, 53px\" \/><\/p>\n<h4>Pr\u00edznaky a sympt\u00f3my<\/h4>\n<p>Medzi pr\u00edznaky otravy sar\u00ednom patria:<\/p>\n<ul>\n<li><strong>Po\u010diato\u010dn\u00e9 pr\u00edznaky<\/strong>: V\u00fdtok z nosa, slzenie o\u010d\u00ed, \u0161picat\u00e9 zreni\u010dky a tlak na hrudn\u00edku.<\/li>\n<li><strong>Progres\u00edvne pr\u00edznaky<\/strong>: Nevo\u013enos\u0165, vracanie, svalov\u00e9 z\u00e1\u0161klby, z\u00e1chvaty, strata vedomia a zlyhanie d\u00fdchania.<\/li>\n<\/ul>\n<h4>Formul\u00e1re a zdroje<\/h4>\n<p>Sar\u00edn sa prim\u00e1rne vyr\u00e1ba na pou\u017eitie ako chemick\u00e1 zbra\u0148 a nevyskytuje sa v pr\u00edrode. M\u00f4\u017ee sa rozpt\u00fdli\u0165 ako plyn alebo aeros\u00f3l. Objednajte si jed sarin anonymne.<\/p>\n<h4>Detekcia a lie\u010dba<\/h4>\n<ul>\n<li><strong>Detekcia<\/strong>: Diagn\u00f3za je zalo\u017een\u00e1 na pr\u00edznakoch a potvrden\u00e1 \u0161pecializovan\u00fdm testovan\u00edm na zistenie sar\u00ednu alebo jeho metabolitov v krvi alebo mo\u010di.<\/li>\n<li><strong>Lie\u010dba<\/strong>: Okam\u017eit\u00e9 podanie antidot, ako je atrop\u00edn a pralidoximchlorid (2-PAM), na potla\u010denie \u00fa\u010dinkov sar\u00ednu. Podporn\u00e1 starostlivos\u0165 zah\u0155\u0148a podporu d\u00fdchania a dekontamin\u00e1ciu exponovan\u00fdch os\u00f4b. Zak\u00fapte si sar\u00edn na otravu.<\/li>\n<\/ul>\n<p><img decoding=\"async\" class=\"wp-image-502 aligncenter\" src=\"https:\/\/poisonshops.com\/wp-content\/uploads\/2025\/11\/Bio-Weapons-240x300.png\" alt=\"Biologick\u00e9 zbrane\" width=\"65\" height=\"81\" srcset=\"https:\/\/poisonshops.com\/wp-content\/uploads\/2025\/11\/Bio-Weapons-240x300.png 240w, https:\/\/poisonshops.com\/wp-content\/uploads\/2025\/11\/Bio-Weapons.png 265w\" sizes=\"(max-width: 65px) 100vw, 65px\" \/><\/p>\n<h4>Prevencia<\/h4>\n<ul>\n<li><strong>Bezpe\u010dnostn\u00e9 opatrenia<\/strong>: Spr\u00e1vne zaobch\u00e1dzanie s chemick\u00fdmi l\u00e1tkami a ich skladovanie, dodr\u017eiavanie bezpe\u010dnostn\u00fdch protokolov v priemyselnom a vojenskom prostred\u00ed a pripravenos\u0165 na n\u00fadzov\u00fa reakciu na chemick\u00e9 hav\u00e1rie. K\u00fapi\u0165 jed sar\u00edn online.<\/li>\n<\/ul>\n<h4>Z\u00e1ver<\/h4>\n<p>Sar\u00edn je siln\u00e1 nervovoparalytick\u00e1 l\u00e1tka, ktor\u00e1 dok\u00e1\u017ee sp\u00f4sobi\u0165 r\u00fdchlu a \u0165a\u017ek\u00fa otravu. Pochopenie jeho mechanizmov, sympt\u00f3mov a protokolov n\u00fadzovej lie\u010dby je rozhoduj\u00face pre zmiernenie riz\u00edk spojen\u00fdch s vystaven\u00edm vo vojenskom aj civilnom kontexte. Kde si m\u00f4\u017eem k\u00fapi\u0165 jed sarin?<\/p>\n<p><img decoding=\"async\" class=\"wp-image-176 aligncenter\" src=\"https:\/\/poisonshops.com\/wp-content\/uploads\/2025\/11\/poison_shop_logo-300x171.png\" alt=\"Obchody s jedmi\" width=\"86\" height=\"49\" srcset=\"https:\/\/poisonshops.com\/wp-content\/uploads\/2025\/11\/poison_shop_logo-300x171.png 300w, https:\/\/poisonshops.com\/wp-content\/uploads\/2025\/11\/poison_shop_logo.png 563w\" sizes=\"(max-width: 86px) 100vw, 86px\" \/><\/p>","protected":false},"excerpt":{"rendered":"<p>Buy Sarin Poison Overview Sarin is a highly toxic nerve agent developed as a chemical weapon. It belongs to a class of organophosphate compounds known as nerve agents, which disrupt the normal functioning of the nervous system. Buy Sarin poison online. Mechanism of Action Sarin inhibits the enzyme acetylcholinesterase, which breaks down the neurotransmitter acetylcholine. [&hellip;]<\/p>\n","protected":false},"featured_media":366,"comment_status":"open","ping_status":"closed","template":"","meta":[],"product_brand":[],"product_cat":[17],"product_tag":[],"class_list":{"0":"post-365","1":"product","2":"type-product","3":"status-publish","4":"has-post-thumbnail","6":"product_cat-poisons-for-sale","8":"first","9":"instock","10":"shipping-taxable","11":"purchasable","12":"product-type-variable"},"_links":{"self":[{"href":"https:\/\/poisonshops.com\/sk\/wp-json\/wp\/v2\/product\/365","targetHints":{"allow":["GET"]}}],"collection":[{"href":"https:\/\/poisonshops.com\/sk\/wp-json\/wp\/v2\/product"}],"about":[{"href":"https:\/\/poisonshops.com\/sk\/wp-json\/wp\/v2\/types\/product"}],"replies":[{"embeddable":true,"href":"https:\/\/poisonshops.com\/sk\/wp-json\/wp\/v2\/comments?post=365"}],"wp:featuredmedia":[{"embeddable":true,"href":"https:\/\/poisonshops.com\/sk\/wp-json\/wp\/v2\/media\/366"}],"wp:attachment":[{"href":"https:\/\/poisonshops.com\/sk\/wp-json\/wp\/v2\/media?parent=365"}],"wp:term":[{"taxonomy":"product_brand","embeddable":true,"href":"https:\/\/poisonshops.com\/sk\/wp-json\/wp\/v2\/product_brand?post=365"},{"taxonomy":"product_cat","embeddable":true,"href":"https:\/\/poisonshops.com\/sk\/wp-json\/wp\/v2\/product_cat?post=365"},{"taxonomy":"product_tag","embeddable":true,"href":"https:\/\/poisonshops.com\/sk\/wp-json\/wp\/v2\/product_tag?post=365"}],"curies":[{"name":"wp","href":"https:\/\/api.w.org\/{rel}","templated":true}]}}