{"id":388,"date":"2025-11-20T11:34:02","date_gmt":"2025-11-20T11:34:02","guid":{"rendered":"https:\/\/poisonshops.com\/?post_type=product&#038;p=388"},"modified":"2025-12-02T14:35:34","modified_gmt":"2025-12-02T14:35:34","slug":"kupit-kyanid-draselny","status":"publish","type":"product","link":"https:\/\/poisonshops.com\/sk\/produkt\/kupit-kyanid-draselny\/","title":{"rendered":"Kyanid draseln\u00fd"},"content":{"rendered":"<h2>K\u00fapi\u0165 kyanid draseln\u00fd<\/h2>\n<p><strong>Kyanid draseln\u00fd (KCN)<\/strong> je vysoko toxick\u00e1 zl\u00fa\u010denina, ktor\u00e1 je v\u0161eobecne zn\u00e1ma svojimi r\u00fdchlymi a smrte\u013en\u00fdmi \u00fa\u010dinkami po po\u017eit\u00ed alebo vd\u00fdchnut\u00ed. Pou\u017e\u00edva sa v r\u00f4znych priemyseln\u00fdch aplik\u00e1ci\u00e1ch, ale je notoricky zn\u00e1ma pre svoje pou\u017eitie ako jed. Ni\u017e\u0161ie s\u00fa uveden\u00e9 k\u013e\u00fa\u010dov\u00e9 inform\u00e1cie o kyanide draselnom vr\u00e1tane jeho pou\u017eitia, sp\u00f4sobu zab\u00edjania, foriem, v ktor\u00fdch sa dod\u00e1va, a mno\u017estva potrebn\u00e9ho na smrte\u013enos\u0165. K\u00fapi\u0165 kyanid draseln\u00fd.<\/p>\n<h3>\u010co je kyanid draseln\u00fd?<\/h3>\n<p>Kyanid draseln\u00fd je biela kry\u0161talick\u00e1 zl\u00fa\u010denina s chemick\u00fdm vzorcom\u00a0<strong>KCN<\/strong>. M\u00e1 slab\u00fd z\u00e1pach podobn\u00fd mandliam, hoci nie ka\u017ed\u00fd dok\u00e1\u017ee tento z\u00e1pach rozpozna\u0165 kv\u00f4li genetick\u00fdm faktorom. Kyanid draseln\u00fd je dobre rozpustn\u00fd vo vode a pri kontakte s kyselinami alebo vodou m\u00f4\u017ee uvo\u013e\u0148ova\u0165 smrte\u013ene nebezpe\u010dn\u00fd plynn\u00fd kyanovod\u00edk. Kyanid draseln\u00fd na predaj.<\/p>\n<h3>Pou\u017eitie kyanidu draseln\u00e9ho<\/h3>\n<p>1.\u00a0<strong>\u0164a\u017eba a z\u00edskavanie zlata<\/strong>: Kyanid draseln\u00fd sa v \u0165a\u017eobnom priemysle \u0161iroko pou\u017e\u00edva na extrakciu zlata a striebra z r\u00fad v procese naz\u00fdvanom kyanid\u00e1cia. Dod\u00e1vatelia kyanidu draseln\u00e9ho.<\/p>\n<p>2.\u00a0<strong>Galvanick\u00e9 pokovovanie<\/strong>: Pou\u017e\u00edva sa pri galvanickom pokovovan\u00ed kovov, ako je striebro, zlato a in\u00e9 drah\u00e9 kovy, na dekorat\u00edvne a ochrann\u00e9 \u00fa\u010dely.<\/p>\n<p>3. <strong>Chemick\u00e1 synt\u00e9za<\/strong>: Kyanid draseln\u00fd sa pou\u017e\u00edva v organickej ch\u00e9mii na synt\u00e9zu nitrilov a in\u00fdch zl\u00fa\u010den\u00edn obsahuj\u00facich kyanidy.<\/p>\n<p>4. <strong>Zu\u0161\u013each\u0165ovanie \u0161perkov a kovov:<\/strong>\u00a0V klenotn\u00edckom priemysle sa kyanid draseln\u00fd niekedy pou\u017e\u00edva na \u010distenie alebo le\u0161tenie kovov.<\/p>\n<p>5. <strong>Historick\u00e9 pou\u017eitie ako jed:<\/strong> KCN sa v minulosti pou\u017e\u00edval ako smrtiaci jed pri \u0161pion\u00e1\u017ei, samovra\u017ed\u00e1ch a poprav\u00e1ch. Kyanid draseln\u00fd na predaj.<\/p>\n<h3>Ako kyanid draseln\u00fd zab\u00edja<\/h3>\n<p>Kyanid draseln\u00fd zab\u00edja t\u00fdm, \u017ee inhibuje bunkov\u00e9 d\u00fdchanie, ktor\u00e9 je nevyhnutn\u00e9 na v\u00fdrobu energie. Takto to funguje:<\/p>\n<p>\u2013 <strong>Mechanizmus \u00fa\u010dinku:<\/strong>\u00a0Pri po\u017eit\u00ed, vd\u00fdchnut\u00ed alebo absorpcii kyanid draseln\u00fd uvo\u013e\u0148uje<strong>\u00a0kyanidov\u00e9 i\u00f3ny (CN-)<\/strong>, ktor\u00e9 sa via\u017eu na enz\u00fdm\u00a0<strong>cytochr\u00f3m c oxid\u00e1za<\/strong>\u00a0v mitochondri\u00e1ch buniek. Tento enz\u00fdm zohr\u00e1va k\u013e\u00fa\u010dov\u00fa \u00falohu v elektr\u00f3novom transportnom re\u0165azci, ktor\u00fd je nevyhnutn\u00fd na v\u00fdrobu ATP (adenoz\u00edntrifosf\u00e1tu), energetickej meny bunky.<\/p>\n<p>\u2013<strong>\u00a0V\u00fdsledok:<\/strong> Kyanid zabra\u0148uje mitochondri\u00e1m vyu\u017e\u00edva\u0165 kysl\u00edk, \u010d\u00edm \u00fa\u010dinne zastavuje aer\u00f3bne d\u00fdchanie. Bez produkcie energie bunky - najm\u00e4 v \u017eivotne d\u00f4le\u017eit\u00fdch org\u00e1noch, ako je srdce a mozog - za\u010dn\u00fa r\u00fdchlo odumiera\u0165. Dod\u00e1vatelia kyanidu draseln\u00e9ho.<\/p>\n<p>\u2013 <strong>Pr\u00edznaky a n\u00e1stup:<\/strong>\u00a0Pr\u00edznaky otravy kyanidom zah\u0155\u0148aj\u00fa nevo\u013enos\u0165, z\u00e1vraty, \u0165a\u017ekosti s d\u00fdchan\u00edm, k\u0155\u010de a bezvedomie. Smr\u0165 m\u00f4\u017ee nasta\u0165 v priebehu nieko\u013ek\u00fdch min\u00fat v d\u00f4sledku z\u00e1stavy srdca alebo zlyhania d\u00fdchania v z\u00e1vislosti od d\u00e1vky a sp\u00f4sobu expoz\u00edcie.<\/p>\n<h3>Formy kyanidu draseln\u00e9ho<\/h3>\n<p>1.\u00a0<strong>Pevn\u00e1 l\u00e1tka (kry\u0161talick\u00e1\/prachov\u00e1):**<\/strong>\u00a0Kyanid draseln\u00fd sa zvy\u010dajne nach\u00e1dza vo forme bielej kry\u0161talickej tuhej l\u00e1tky alebo vo forme pr\u00e1\u0161ku.<\/p>\n<p>2. <strong>Rie\u0161enie:<\/strong>\u00a0M\u00f4\u017ee sa rozpusti\u0165 vo vode alebo in\u00fdch kvapalin\u00e1ch a vytvori\u0165 vysoko toxick\u00fd roztok. T\u00e1to forma je tie\u017e nebezpe\u010dn\u00e1, preto\u017ee m\u00f4\u017ee uvo\u013e\u0148ova\u0165\u00a0<strong>plynn\u00fd kyanovod\u00edk\u00a0<\/strong>ak pr\u00edde do kontaktu s kyselinami.<\/p>\n<p>3. <strong>Tablety alebo kapsuly:<\/strong> V niektor\u00fdch pr\u00edpadoch bol kyanid draseln\u00fd formulovan\u00fd do tabliet alebo kaps\u00fal, ktor\u00e9 sa v minulosti pou\u017e\u00edvali v \u0161pion\u00e1\u017ei na samovra\u017edu, aby sa zabr\u00e1nilo chyteniu. K\u00fapi\u0165 kyanid draseln\u00fd online.<\/p>\n<h3>Kyanid draseln\u00fd na predaj<\/h3>\n<p><img decoding=\"async\" class=\"wp-image-463 aligncenter\" src=\"https:\/\/poisonshops.com\/wp-content\/uploads\/2025\/11\/tttt-1-204x300.png\" alt=\"Obchod s jedmi\" width=\"68\" height=\"100\" srcset=\"https:\/\/poisonshops.com\/wp-content\/uploads\/2025\/11\/tttt-1-204x300.png 204w, https:\/\/poisonshops.com\/wp-content\/uploads\/2025\/11\/tttt-1.png 218w\" sizes=\"(max-width: 68px) 100vw, 68px\" \/><\/p>\n<h3>Smrte\u013en\u00e1 d\u00e1vka kyanidu draseln\u00e9ho<\/h3>\n<p>\u2013\u00a0<strong>Or\u00e1lna smrte\u013en\u00e1 d\u00e1vka (LD50)<\/strong>: Odhadovan\u00fd\u00a0<strong>smrte\u013en\u00e1 d\u00e1vka pre \u010dloveka sa pohybuje od 200 do 300 mg alebo 2 a\u017e 3 mg na kilogram telesnej hmotnosti<\/strong>\u00a0pri po\u017eit\u00ed.<\/p>\n<p>\u2013<strong>\u00a0Inhal\u00e1cia<\/strong>: Vd\u00fdchnutie kyanidu draseln\u00e9ho alebo jeho plynnej formy, kyanovod\u00edka, m\u00f4\u017ee by\u0165 smrte\u013en\u00e9 u\u017e pri koncentr\u00e1ci\u00e1ch<strong>\u00a0100-300 ppm (\u010dast\u00edc na mili\u00f3n)<\/strong>. Inhal\u00e1cia vedie k r\u00fdchlej\u0161ej absorpcii a m\u00f4\u017ee ma\u0165 okam\u017eitej\u0161ie \u00fa\u010dinky v porovnan\u00ed s po\u017eit\u00edm. K\u00fapi\u0165 Kyanid draseln\u00fd (KCN) online.<\/p>\n<p>\u2013\u00a0<strong>Mno\u017estvo na zabitie:<\/strong> Nieko\u013eko sto miligramov kyanidu draseln\u00e9ho (pribli\u017ene ve\u013ekos\u0165 zrnka ry\u017ee) m\u00f4\u017ee sta\u010di\u0165 na usmrtenie dospel\u00e9ho \u010dloveka. Pre men\u0161ie osoby alebo osoby so zl\u00fdm zdravotn\u00fdm stavom m\u00f4\u017ee by\u0165 smrte\u013en\u00e9 aj men\u0161ie mno\u017estvo. K\u00fapte si kyanid draseln\u00fd.<\/p>\n<p><img decoding=\"async\" class=\"wp-image-502 aligncenter\" src=\"https:\/\/poisonshops.com\/wp-content\/uploads\/2025\/11\/Bio-Weapons-240x300.png\" alt=\"Biologick\u00e9 zbrane\" width=\"63\" height=\"79\" srcset=\"https:\/\/poisonshops.com\/wp-content\/uploads\/2025\/11\/Bio-Weapons-240x300.png 240w, https:\/\/poisonshops.com\/wp-content\/uploads\/2025\/11\/Bio-Weapons.png 265w\" sizes=\"(max-width: 63px) 100vw, 63px\" \/><\/p>\n<h3>Bezpe\u010dnostn\u00e9 a pr\u00e1vne aspekty kyanidu draseln\u00e9ho<\/h3>\n<p>\u2013\u00a0<strong>Bezpe\u010dnostn\u00e9 opatrenia pri manipul\u00e1cii<\/strong>: Kyanid draseln\u00fd je kontrolovanou l\u00e1tkou kv\u00f4li svojej extr\u00e9mnej toxicite. Manipul\u00e1cia si vy\u017eaduje ochrann\u00e9 pom\u00f4cky vr\u00e1tane rukav\u00edc, ochrann\u00fdch okuliarov a riadneho vetrania, aby sa zabr\u00e1nilo vd\u00fdchnutiu.<br \/>\n<strong>- Likvid\u00e1cia:<\/strong> Kyanid draseln\u00fd sa mus\u00ed zlikvidova\u0165 v s\u00falade s predpismi o nebezpe\u010dn\u00fdch materi\u00e1loch, \u010do \u010dasto zah\u0155\u0148a neutraliz\u00e1ciu bielidlom alebo peroxidom vod\u00edka za kontrolovan\u00fdch podmienok. K\u00fapte si kyanid draseln\u00fd online za najlep\u0161iu cenu.<br \/>\n\u2013\u00a0<strong>Pr\u00e1vne obmedzenia<\/strong>: Predaj, dr\u017eba a pou\u017e\u00edvanie kyanidu draseln\u00e9ho s\u00fa vo v\u00e4\u010d\u0161ine kraj\u00edn pr\u00edsne regulovan\u00e9. Neopr\u00e1vnen\u00e9 pou\u017eitie, najm\u00e4 na \u0161kodliv\u00e9 \u00fa\u010dely, je nez\u00e1konn\u00e9 a m\u00f4\u017ee ma\u0165 za n\u00e1sledok pr\u00edsne pr\u00e1vne postihy. K\u00fapte si kyanid draseln\u00fd online so zabezpe\u010denou diskr\u00e9tnou dopravou.<\/p>\n<h4 class=\"LnpumSThxEWMIsDdAT17 CXMyPcQ6nDv47DKFeywM\"><span class=\"EKtkFWMYpwzMKOYr0GYm LQVY1Jpkk8nyJ6HBWKAk\">Kde si m\u00f4\u017eete bezpe\u010dne k\u00fapi\u0165 kyanid draseln\u00fd?<\/span><\/h4>\n<h3>Z\u00e1ver<\/h3>\n<p>Kyanid draseln\u00fd je mimoriadne toxick\u00e1 chemick\u00e1 l\u00e1tka, ktor\u00e1 potl\u00e1\u010da schopnos\u0165 organizmu vyu\u017e\u00edva\u0165 kysl\u00edk, \u010do vedie k r\u00fdchlej smrti v d\u00f4sledku zlyhania d\u00fdchania alebo srdca. Aj mal\u00e9 mno\u017estv\u00e1 m\u00f4\u017eu by\u0165 smrte\u013en\u00e9 a jeho pou\u017eitie je obmedzen\u00e9 predov\u0161etk\u00fdm na priemyseln\u00e9 procesy v r\u00e1mci pr\u00edsnych bezpe\u010dnostn\u00fdch predpisov. Manipul\u00e1cia s kyanidom draseln\u00fdm si vy\u017eaduje mimoriadnu opatrnos\u0165 vzh\u013eadom na riziko smrte\u013enej otravy pri po\u017eit\u00ed, vd\u00fdchnut\u00ed alebo absorpcii poko\u017ekou. Dod\u00e1vatelia kyanidu draseln\u00e9ho.<\/p>\n<h4>K\u00fapi\u0165 kyanid draseln\u00fd Online zabezpe\u010den\u00e1 diskr\u00e9tna doprava<\/h4>\n<p><img decoding=\"async\" class=\"wp-image-176 aligncenter\" src=\"https:\/\/poisonshops.com\/wp-content\/uploads\/2025\/11\/poison_shop_logo-300x171.png\" alt=\"Obchody s jedmi\" width=\"133\" height=\"76\" srcset=\"https:\/\/poisonshops.com\/wp-content\/uploads\/2025\/11\/poison_shop_logo-300x171.png 300w, https:\/\/poisonshops.com\/wp-content\/uploads\/2025\/11\/poison_shop_logo.png 563w\" sizes=\"(max-width: 133px) 100vw, 133px\" \/><\/p>","protected":false},"excerpt":{"rendered":"<p>Buy Potassium Cyanide Potassium cyanide (KCN) is a highly toxic compound commonly known for its rapid and lethal effects when ingested or inhaled. It is used in various industrial applications but is notorious for its use as a poison. Below are key details about potassium cyanide, including its uses, how it kills, forms it comes [&hellip;]<\/p>\n","protected":false},"featured_media":389,"comment_status":"open","ping_status":"closed","template":"","meta":[],"product_brand":[],"product_cat":[21],"product_tag":[],"class_list":{"0":"post-388","1":"product","2":"type-product","3":"status-publish","4":"has-post-thumbnail","6":"product_cat-buy-research-chemicals-online","8":"first","9":"instock","10":"shipping-taxable","11":"purchasable","12":"product-type-simple"},"_links":{"self":[{"href":"https:\/\/poisonshops.com\/sk\/wp-json\/wp\/v2\/product\/388","targetHints":{"allow":["GET"]}}],"collection":[{"href":"https:\/\/poisonshops.com\/sk\/wp-json\/wp\/v2\/product"}],"about":[{"href":"https:\/\/poisonshops.com\/sk\/wp-json\/wp\/v2\/types\/product"}],"replies":[{"embeddable":true,"href":"https:\/\/poisonshops.com\/sk\/wp-json\/wp\/v2\/comments?post=388"}],"wp:featuredmedia":[{"embeddable":true,"href":"https:\/\/poisonshops.com\/sk\/wp-json\/wp\/v2\/media\/389"}],"wp:attachment":[{"href":"https:\/\/poisonshops.com\/sk\/wp-json\/wp\/v2\/media?parent=388"}],"wp:term":[{"taxonomy":"product_brand","embeddable":true,"href":"https:\/\/poisonshops.com\/sk\/wp-json\/wp\/v2\/product_brand?post=388"},{"taxonomy":"product_cat","embeddable":true,"href":"https:\/\/poisonshops.com\/sk\/wp-json\/wp\/v2\/product_cat?post=388"},{"taxonomy":"product_tag","embeddable":true,"href":"https:\/\/poisonshops.com\/sk\/wp-json\/wp\/v2\/product_tag?post=388"}],"curies":[{"name":"wp","href":"https:\/\/api.w.org\/{rel}","templated":true}]}}