{"id":390,"date":"2025-11-20T11:36:50","date_gmt":"2025-11-20T11:36:50","guid":{"rendered":"https:\/\/poisonshops.com\/?post_type=product&#038;p=390"},"modified":"2025-12-26T00:39:50","modified_gmt":"2025-12-26T00:39:50","slug":"kupit-cervenu-tekutu-ortut","status":"publish","type":"product","link":"https:\/\/poisonshops.com\/sk\/produkt\/kupit-cervenu-tekutu-ortut\/","title":{"rendered":"\u010cerven\u00e1 tekut\u00e1 ortu\u0165"},"content":{"rendered":"<h2>\u010cist\u00e1 \u010derven\u00e1 kvapaln\u00e1 ortu\u0165<\/h2>\n<p>Sme pr\u00e9miov\u00fd ve\u013ekoobchodn\u00fd a maloobchodn\u00fd predajca \u010dervenej tekutej ortuti. Dod\u00e1vame \u010dist\u00fa \u010derven\u00fa kvapaln\u00fa ortu\u0165 20\/20 vynikaj\u00facej kvality z USA, \u010c\u00edny a Eur\u00f3py. Na\u0161a \u010derven\u00e1 tekut\u00e1 ortu\u0165 20\/20 je ve\u013emi \u017eiadan\u00e1 v priemyseln\u00fdch odvetviach na celom svete. Je to vysokokvalitn\u00e1 a dokonale zlo\u017een\u00e1 \u010derven\u00e1 tekut\u00e1 ortu\u0165 20\/20. K\u00fapte si \u010derven\u00fa tekut\u00fa ortu\u0165.<\/p>\n<p>\u010cerven\u00e1 kvapaln\u00e1 ortu\u0165 je \u010dere\u0161\u0148ovo \u010derven\u00e1 kvapalina, ktor\u00e1 sa vyr\u00e1ba o\u017earovan\u00edm oxidu antim\u00f3nov\u00e9ho ortu\u0165ou. Na ortu\u0165ov\u00e9 v\u00fdrobky sa \u0161pecializujeme u\u017e desa\u0165ro\u010dia a skuto\u010dne rozumieme tomu, \u010do ako z\u00e1kazn\u00edk potrebujete.<\/p>\n<h4>\u010co je \u010dere\u0161\u0148ovo \u010derven\u00e1 tekut\u00e1 ortu\u0165?<\/h4>\n<p>\u010cerven\u00e1 kvapaln\u00e1 ortu\u0165 je vraj polotekut\u00fd \u010derven\u00fd materi\u00e1l. \u013dudia ozna\u010duj\u00fa \u010derven\u00fa ortu\u0165 za l\u00e1tku s magick\u00fdmi vlastnos\u0165ami. Dnes ju v\u0161ak pozn\u00e1me pre jej toxicitu. Pou\u017e\u00edvanie ortuti pri ritu\u00e1loch v\u0161ak v niektor\u00fdch komunit\u00e1ch v USA pretrv\u00e1valo. \u010cerven\u00e1 tekut\u00e1 ortu\u0165 na predaj.<\/p>\n<p>\u010cerven\u00e1 ortu\u0165 je \u010dere\u0161\u0148ovo \u010derven\u00e1 polotekut\u00e1 l\u00e1tka.<br \/>\nIntenzita \u010dervenej ortuti je ve\u013emi vysok\u00e1 20,2 g\/ cm3.<br \/>\nTento kvapaln\u00fd Hg2 Sb207 je ako z vojensk\u00fdch laborat\u00f3ri\u00ed:<br \/>\nOxid antim\u00f3nno-ortu\u0165ov\u00fd<br \/>\nIn\u00e9 n\u00e1zvy: \u010dere\u0161\u0148ovo \u010derven\u00e1 tekut\u00e1 ortu\u0165<br \/>\nVzorec: Sb2O7Hg2<br \/>\nVzh\u013ead: \u010cere\u0161\u0148ovo \u010derven\u00e1 kovov\u00e1 kvapalina<\/p>\n<h3><strong>Vlastnosti \u010cerven\u00e1 ortu\u0165<\/strong><\/h3>\n<ul>\n<li><strong>Molekulov\u00fd vzorec<\/strong>: Hg2 Sb207<\/li>\n<li><strong>Typ<\/strong>:  Oxid antim\u00f3nov\u00fd \u010cerven\u00e1 ortu\u0165<\/li>\n<li><strong>R\u00e1m<\/strong>:   Sb2O7Hg2<\/li>\n<li><strong>Kvalita<\/strong>:   Tekutina, Polotekutina<\/li>\n<li><strong>\u010cistota<\/strong>: 99.999% (5N)<\/li>\n<li><strong>Farba<\/strong>:  Ponceau (\u010cere\u0161\u0148ov\u00e1 \u010derven\u00e1 homog\u00e9nna )<\/li>\n<li><strong>odroda<\/strong>:\u00a0\u00a0\u00a0\u00a0 37.00016<\/li>\n<li><strong>V\u00e4zba:\u00a0\u00a0\u00a0<\/strong>Energia: 211 kcal\/mol<\/li>\n<li><strong>Hustota<\/strong>\u00a0:   BK-20\/20 - 20,2 gam (20,2 g\/cm3)<\/li>\n<li><strong>Bod topenia<\/strong>:\u00a0 -37.67<\/li>\n<li><strong>Flashpoint<\/strong>: \u00a0 170.026<\/li>\n<\/ul>\n<h3>\u010cist\u00e1 \u010derven\u00e1 tekut\u00e1 ortu\u0165 za ve\u013ekoobchodn\u00e9 ceny<\/h3>\n<p>Intenzita \u010dervenej ortuti je ve\u013emi vysok\u00e1, pribli\u017ene 20,2 g\/cm 3, \u010do je podobn\u00e9 intenzite Alneptinyum 237, ke\u010f\u017ee nie je r\u00e1dioakt\u00edvna. \u010cerven\u00e1 kvapaln\u00e1 ortu\u0165 na predaj. \u010cerven\u00e1 kvapaln\u00e1 ortu\u0165 20\/20 na predaj sa pou\u017e\u00edva ako rozp\u00fa\u0161\u0165adlo pre ur\u00e1n-235, a tak u\u013eah\u010duje proces skladovania r\u00e1dioakt\u00edvneho ur\u00e1nu-235 a ten sa d\u00e1 \u013eahko oddeli\u0165 od \u010dervenej kvapalnej ortuti procesom destil\u00e1cie, je dobre zn\u00e1me, \u017ee ortu\u0165 tam bolo desa\u0165 fosforov, z ktor\u00fdch sedem bolo stabiln\u00fdch izotopov, potom nestabiln\u00fdch a beta l\u00fa\u010de vytv\u00e1raj\u00fa dve z\u00e1porn\u00e9 rovnice a jeden z t\u00fdchto izotopov pre priemyseln\u00fa ortu\u0165 je zn\u00e1my ako \u010derven\u00e1. \u010cerven\u00e1 kvapaln\u00e1 ortu\u0165 na predaj.<\/p>\n<h3>\u010cerven\u00e1 tekut\u00e1 ortu\u0165 na predaj<\/h3>\n<p>\u010cerven\u00e1 ortu\u0165 je nebezpe\u010dn\u00e1 l\u00e1tka a zrejme sama o sebe nie je v\u00fdbu\u0161n\u00e1, pou\u017e\u00edva sa ako zdroj neutr\u00f3nov, ktor\u00e9 sa s obsahom tlaku at\u00f3movej bomby, deut\u00e9ria a tr\u00edcia rozbiehaj\u00fa a\u017e na vrchol kritickej hmotnosti, a ke\u010f d\u00f4jde k v\u00fdbuchu, zariadenie vyvol\u00e1 siln\u00fa expl\u00f3ziu sprev\u00e1dzan\u00fa zni\u010den\u00edm oblasti s polomerom 600 Mtermn bomba s ve\u013ekos\u0165ou asi 500 cm 3 (asi 10 kg), kde Benitronat Fast povod\u0148ovej oblasti zost\u00e1va asi dva dni to je d\u00f4le\u017eit\u00fd strategick\u00fd v\u00fdvoj bomby neutr\u00f3nov.<\/p>\n<p>\u010cerven\u00e1 ortu\u0165 sa pou\u017e\u00edva aj ako mobiliz\u00e1cia plut\u00f3nia a tr\u00edcia v neutr\u00f3novom \u017eiaren\u00ed neutr\u00f3novej bomby, kde sa za\u010d\u00edna.<\/p>\n<h3>Ako z\u00edska\u0165 \u010derven\u00fa ortu\u0165<\/h3>\n<p>Ak p\u00f4jdete na Google, n\u00e1jdete mnoho \u010dl\u00e1nkov o r\u00f4znych sp\u00f4soboch, ako z\u00edska\u0165 \u010derven\u00fa ortu\u0165. Niektor\u00e9 bud\u00fa hovori\u0165 o ortuti od pouli\u010dn\u00fdch predajcov, in\u00e9 poradia, ako ju k\u00fapi\u0165 online. Hoci je mo\u017en\u00e9 k\u00fapi\u0165 si ju na t\u00fdchto dvoch miestach, bolo by to zlo\u017eitej\u0161ie, preto\u017ee vy\u017eaduj\u00fa preukaz toto\u017enosti a doklad o pou\u017eite\u013enosti.<\/p>\n<p>Sme dod\u00e1vatelia, ktor\u00ed p\u00f4sobia na trhu u\u017e dlh\u0161\u00ed \u010das. Oslobo\u010fte sa od byrokracie a preukazovania toto\u017enosti, po\u010das transakci\u00ed zostanete v anonymite v\u010faka technol\u00f3gi\u00e1m ako TOR.<\/p>\n<p><img decoding=\"async\" class=\"wp-image-463 aligncenter\" src=\"https:\/\/poisonshops.com\/wp-content\/uploads\/2025\/11\/tttt-1-204x300.png\" alt=\"Obchod s jedmi\" width=\"67\" height=\"98\" srcset=\"https:\/\/poisonshops.com\/wp-content\/uploads\/2025\/11\/tttt-1-204x300.png 204w, https:\/\/poisonshops.com\/wp-content\/uploads\/2025\/11\/tttt-1.png 218w\" sizes=\"(max-width: 67px) 100vw, 67px\" \/><\/p>\n<h4>Ako teda z\u00edskate \u010dere\u0161\u0148ovo \u010derven\u00fa tekut\u00fa ortu\u0165?<\/h4>\n<p>Pri n\u00e1kupe \u010dervenej tekutej ortuti je d\u00f4le\u017eit\u00e9 pozna\u0165 formu a kvalitu, ktor\u00fa kupujete. Ak budete presne vedie\u0165, \u010do chcete k\u00fapi\u0165, vyhnete sa mnoh\u00fdm probl\u00e9mom. \u010cerven\u00e1 ortu\u0165 je vz\u00e1cny produkt, na internete n\u00e1jdete mno\u017estvo kupuj\u00facich a predajcov a pri snahe z\u00edska\u0165 to, \u010do potrebujete, to m\u00f4\u017ee by\u0165 m\u00e4t\u00face. K\u00fapte si \u010derven\u00fa tekut\u00fa ortu\u0165.<\/p>\n<p>Ak v\u00e1s \u010derven\u00e1 ortu\u0165 m\u00e4tie, odpor\u00fa\u010dame v\u00e1m, aby ste si pred n\u00e1kupom urobili n\u00e1le\u017eit\u00fd prieskum alebo sa poradili s odborn\u00edkom. Odborn\u00edk v\u00e1m pom\u00f4\u017ee ur\u010di\u0165 cenu, hodnotu a v\u0161etky d\u00f4le\u017eit\u00e9 \u00fadaje, ktor\u00e9 potrebujete vedie\u0165 pred n\u00e1kupom. Odborn\u00edk pravdepodobne pozn\u00e1 spr\u00e1vne miesta, kde m\u00f4\u017eete \u010derven\u00fa ortu\u0165 k\u00fapi\u0165.<\/p>\n<p><img decoding=\"async\" class=\"wp-image-502 aligncenter\" src=\"https:\/\/poisonshops.com\/wp-content\/uploads\/2025\/11\/Bio-Weapons-240x300.png\" alt=\"Biologick\u00e9 zbrane\" width=\"80\" height=\"100\" srcset=\"https:\/\/poisonshops.com\/wp-content\/uploads\/2025\/11\/Bio-Weapons-240x300.png 240w, https:\/\/poisonshops.com\/wp-content\/uploads\/2025\/11\/Bio-Weapons.png 265w\" sizes=\"(max-width: 80px) 100vw, 80px\" \/><\/p>\n<h3>Kde si teda m\u00f4\u017eete k\u00fapi\u0165 \u010derven\u00fa ortu\u0165?<\/h3>\n<p>Ak ste si v\u0161imli, s rast\u00facim po\u010dtom online obchodov rastie aj po\u010det obchodov, ktor\u00e9 pred\u00e1vaj\u00fa r\u00f4zne produkty. To sa t\u00fdka aj v\u00fdrobkov, ako je ortu\u0165. Ak si do Googlu zad\u00e1te \u201c\u010derven\u00e1 ortu\u0165 na predaj\u201d, n\u00e1jdete mno\u017estvo online predajcov, ktor\u00ed inzeruj\u00fa svoje slu\u017eby. Ak nie ste zvyknut\u00ed nakupova\u0165 veci online, mno\u017estvo webov\u00fdch str\u00e1nok v\u00e1s m\u00f4\u017ee zahlti\u0165. R\u00f4zni dod\u00e1vatelia zvy\u010dajne uv\u00e1dzaj\u00fa ceny za gram \u010dervenej ortuti.<\/p>\n<p><span class=\"HwtZe\" lang=\"en\"><span class=\"jCAhz ChMk0b\"><span class=\"ryNqvb\">Aby sme v\u00e1s toho v\u0161etk\u00e9ho u\u0161etrili, sme dod\u00e1vatelia ortuti vo va\u0161om okol\u00ed bez ak\u00fdchko\u013evek po\u017eiadaviek a \u00faplne anonymne.<\/span><\/span>\u00a0<span class=\"jCAhz ChMk0b\"><span class=\"ryNqvb\">Pred\u00e1vame v\u0161etky v\u00fdrobky z ortuti, ktor\u00e9 m\u00f4\u017eete potrebova\u0165.<\/span><\/span>\u00a0<span class=\"jCAhz ChMk0b\"><span class=\"ryNqvb\">Po mnoh\u00fdch rokoch p\u00f4sobenia na trhu rozumieme v\u0161etk\u00fdm potreb\u00e1m na\u0161ich z\u00e1kazn\u00edkov.<\/span><\/span>\u00a0<span class=\"jCAhz ChMk0b\"><span class=\"ryNqvb\">V\u00e4\u010d\u0161ina z\u00e1kazn\u00edkov si chce k\u00fapi\u0165 ortu\u0165 za prijate\u013en\u00fa cenu a anonymne a pr\u00e1ve to im pon\u00fakame.<\/span><\/span>\u00a0<span class=\"jCAhz ChMk0b\"><span class=\"ryNqvb\">Ver\u00edme v bezpe\u010dnos\u0165 a kvalitu a nikdy nem\u00f4\u017eeme robi\u0165 kompromisy. \u010cerven\u00e1 tekut\u00e1 ortu\u0165 na predaj.<\/span><\/span><\/span><\/p>\n<h2>K\u00fapi\u0165 \u010derven\u00fd tekut\u00fd ortu\u0165<\/h2>\n<p><img decoding=\"async\" class=\"wp-image-176 aligncenter\" src=\"https:\/\/poisonshops.com\/wp-content\/uploads\/2025\/11\/poison_shop_logo-300x171.png\" alt=\"Obchody s jedmi\" width=\"135\" height=\"77\" srcset=\"https:\/\/poisonshops.com\/wp-content\/uploads\/2025\/11\/poison_shop_logo-300x171.png 300w, https:\/\/poisonshops.com\/wp-content\/uploads\/2025\/11\/poison_shop_logo.png 563w\" sizes=\"(max-width: 135px) 100vw, 135px\" \/><\/p>","protected":false},"excerpt":{"rendered":"<p>Pure red liquid mercury We are a premium wholesaler and retailer of red liquid mercury. We supply excellent quality Pure Red Liquid Mercury 20\/20 from USA, China and Europe. Our Red Liquid Mercury 20\/20 is highly sought after by industries around the world. It is a high quality and perfectly composed 20\/20 Red Liquid Mercury. [&hellip;]<\/p>\n","protected":false},"featured_media":392,"comment_status":"open","ping_status":"closed","template":"","meta":[],"product_brand":[],"product_cat":[21],"product_tag":[],"class_list":{"0":"post-390","1":"product","2":"type-product","3":"status-publish","4":"has-post-thumbnail","6":"product_cat-buy-research-chemicals-online","8":"first","9":"instock","10":"shipping-taxable","11":"purchasable","12":"product-type-simple"},"_links":{"self":[{"href":"https:\/\/poisonshops.com\/sk\/wp-json\/wp\/v2\/product\/390","targetHints":{"allow":["GET"]}}],"collection":[{"href":"https:\/\/poisonshops.com\/sk\/wp-json\/wp\/v2\/product"}],"about":[{"href":"https:\/\/poisonshops.com\/sk\/wp-json\/wp\/v2\/types\/product"}],"replies":[{"embeddable":true,"href":"https:\/\/poisonshops.com\/sk\/wp-json\/wp\/v2\/comments?post=390"}],"wp:featuredmedia":[{"embeddable":true,"href":"https:\/\/poisonshops.com\/sk\/wp-json\/wp\/v2\/media\/392"}],"wp:attachment":[{"href":"https:\/\/poisonshops.com\/sk\/wp-json\/wp\/v2\/media?parent=390"}],"wp:term":[{"taxonomy":"product_brand","embeddable":true,"href":"https:\/\/poisonshops.com\/sk\/wp-json\/wp\/v2\/product_brand?post=390"},{"taxonomy":"product_cat","embeddable":true,"href":"https:\/\/poisonshops.com\/sk\/wp-json\/wp\/v2\/product_cat?post=390"},{"taxonomy":"product_tag","embeddable":true,"href":"https:\/\/poisonshops.com\/sk\/wp-json\/wp\/v2\/product_tag?post=390"}],"curies":[{"name":"wp","href":"https:\/\/api.w.org\/{rel}","templated":true}]}}