{"id":393,"date":"2025-11-20T11:38:23","date_gmt":"2025-11-20T11:38:23","guid":{"rendered":"https:\/\/poisonshops.com\/?post_type=product&#038;p=393"},"modified":"2025-12-02T10:52:31","modified_gmt":"2025-12-02T10:52:31","slug":"kupit-ssd-riesenie-online","status":"publish","type":"product","link":"https:\/\/poisonshops.com\/sk\/produkt\/kupit-ssd-riesenie-online\/","title":{"rendered":"SSD rie\u0161enie 1 liter"},"content":{"rendered":"<h2>K\u00fapi\u0165 SSD rie\u0161enie online<\/h2>\n<p>Z\u00edskajte svoje peniaze sp\u00e4\u0165 s na\u0161\u00edm chemick\u00fdm rie\u0161en\u00edm SSD na predaj. O v\u0161etky va\u0161e zvl\u00e1\u0161tne vyzeraj\u00face bankovky sa m\u00f4\u017eete postara\u0165 pomocou chemick\u00e9ho prostriedku SSD Automatic, ktor\u00fd sa osved\u010dil ako skvel\u00e9 rie\u0161enie v Amerike, Eur\u00f3pe, Afrike, \u00c1zii a na \u010fal\u0161\u00edch kontinentoch po celom svete. K\u00fapte si rie\u0161enie SSD od najlep\u0161ieho dod\u00e1vate\u013ea rie\u0161enia SSD. K\u00fapte si rie\u0161enie SSD online.<\/p>\n<h2><strong>\u010cO JE CHEMICK\u00dd ROZTOK SSD?<\/strong><\/h2>\n<p>Chemick\u00fd roztok SSD, SSD Chemical je typ \u010distiacej chemik\u00e1lie, ktor\u00fa pou\u017e\u00edvaj\u00fa \u013eudia, ktor\u00ed chc\u00fa doma \u010disti\u0165 \u010dierne peniaze. Tento roztok na \u010distenie \u010diernych pe\u0148az\u00ed je \u0161tandardizovan\u00fd chemick\u00fd roztok, ktor\u00fd sa v\u0161eobecne pou\u017e\u00edva na odstr\u00e1nenie prebyto\u010dnej \u0161kvrny z ka\u017ed\u00e9ho typu meny.\u00a0<a href=\"http:\/\/google.com\/\" target=\"_blank\" rel=\"noopener\">SSD<\/a>\u00a0kvapaln\u00e1 chemik\u00e1lia sa sklad\u00e1 z kvapaln\u00e9ho oxidu dusi\u010dit\u00e9ho ortu\u0165nat\u00e9ho, ktor\u00fd m\u00e1 hned\u00fa farbu, pripravuje sa v chemick\u00fdch laborat\u00f3ri\u00e1ch a vyr\u00e1baj\u00fa ho vysoko certifikovan\u00e9 spolo\u010dnosti s kvalifikovan\u00fdmi laborantmi.<\/p>\n<h3>K\u00fapi\u0165 chemick\u00e9 rie\u0161enie SSD online<\/h3>\n<p>Pr\u00e1vne opr\u00e1vnenie je potrebn\u00e9 aj pre v\u00fdrobn\u00e9 spolo\u010dnosti. Tak\u017ee pred kontaktovan\u00edm akejko\u013evek spolo\u010dnosti na dod\u00e1vku alebo na z\u00edskanie slu\u017eieb \u010distiacej meny mus\u00ed existova\u0165 doklad o pr\u00e1vnom opr\u00e1vnen\u00ed. \u010cistiaci roztok SSD je zn\u00e1my aj ako magick\u00fd \u010distiaci roztok, ktor\u00fd sa medzi \u013eu\u010fmi pou\u017e\u00edva na \u010distenie \u0161kv\u0155n po papierov\u00fdch platidl\u00e1ch. M\u00f4\u017ee sa pou\u017e\u00edva\u0165 doma, ak sa spr\u00e1vne pou\u017e\u00edva, v\u010faka \u010domu s\u00fa va\u0161e \u010dierne peniaze \u010dist\u00e9 a op\u00e4\u0165 pou\u017eite\u013en\u00e9.<\/p>\n<h3><strong>\u010cO JE SSD?<\/strong><\/h3>\n<p>\u00dapln\u00fd v\u00fdznam SSD je\u00a0<strong>syntetick\u00fd povrchovo akt\u00edvny detedent<\/strong>. \u010co je vlastne predpona slova roztok chemik\u00e1lie. Predpona je afix, ktor\u00fd sa umiest\u0148uje pred kme\u0148 slova. Jej pridan\u00edm na za\u010diatok jedn\u00e9ho slova sa toto slovo zmen\u00ed na in\u00e9 slovo. Napr\u00edklad po pridan\u00ed predpony SSD- k slovu Solution Chemical vznikne slovo SSD Solution Chemical.<\/p>\n<h4><strong>\u010co je chemick\u00e9 rie\u0161enie?\u00a0<\/strong><\/h4>\n<p>V ch\u00e9mii je roztok \u0161peci\u00e1lny typ homog\u00e9nnej zmesi zlo\u017eenej z dvoch alebo viacer\u00fdch l\u00e1tok. Term\u00edn vodn\u00fd roztok sa pou\u017e\u00edva vtedy, ke\u010f je jedn\u00fdm z rozp\u00fa\u0161\u0165adiel voda. V takejto zmesi je rozpusten\u00e1 l\u00e1tka rozpusten\u00e1 v inej l\u00e1tke, zn\u00e1mej ako rozp\u00fa\u0161\u0165adlo. Proces mie\u0161ania roztoku prebieha v rozsahu, v ktorom sa uplat\u0148uj\u00fa \u00fa\u010dinky chemickej polarity, \u010do vedie k interakci\u00e1m, ktor\u00e9 s\u00fa \u0161pecifick\u00e9 pre rozp\u00fa\u0161\u0165anie. K\u00fapi\u0165 SSD chemick\u00fd roztok online.<\/p>\n<div id=\"tab-description\" class=\"woocommerce-Tabs-panel woocommerce-Tabs-panel--description panel entry-content active\" role=\"tabpanel\" aria-labelledby=\"tab-title-description\">\n<p>Roztok nadob\u00fada f\u00e1zu rozp\u00fa\u0161\u0165adla, ak je rozp\u00fa\u0161\u0165adlo v\u00e4\u010d\u0161ou \u010das\u0165ou zmesi, \u010do je be\u017en\u00fd pr\u00edpad. Koncentr\u00e1cia rozpustenej l\u00e1tky v roztoku je hmotnos\u0165 tejto rozpustenej l\u00e1tky vyjadren\u00e1 v percent\u00e1ch hmotnosti cel\u00e9ho roztoku, \u010do je #1 roztok na \u010distenie znehodnoten\u00fdch \u010diernych pe\u0148az\u00ed v priemysle.<\/p>\n<h4><strong>\u010co s\u00fa \u010dierne peniaze?<\/strong><\/h4>\n<p>Vo v\u0161eobecnosti sa \u010dierne peniaze definuj\u00fa ako nez\u00fa\u010dtovan\u00e1 a nezdanen\u00e1 hotovos\u0165, ktor\u00e1 vznikla v r\u00e1mci \u010diernej ekonomiky, \u010dierneho trhu alebo organizovan\u00e9ho zlo\u010dinu, ako s\u00fa sprenevera, drogy alebo bankov\u00e9 l\u00fape\u017ee. Ako celok sa ozna\u010duje ak\u00e1ko\u013evek forma obrovsk\u00e9ho mno\u017estva pe\u0148az\u00ed z\u00edskan\u00fdch v nez\u00fa\u010dtovanej hotovosti. Dr\u017eitelia \u010diernych pe\u0148az\u00ed sa ich sna\u017eia premeni\u0165 na leg\u00e1lne (\u2018\u010dist\u00e9\u2019 alebo \u2018biele\u2019) peniaze prostredn\u00edctvom prania \u0161pinav\u00fdch pe\u0148az\u00ed.<\/p>\n<\/div>\n<div id=\"tab-description\" class=\"woocommerce-Tabs-panel woocommerce-Tabs-panel--description panel entry-content active\" role=\"tabpanel\" aria-labelledby=\"tab-title-description\">\n<p>Jedn\u00fdm z hlavn\u00fdch sp\u00f4sobov prania \u0161pinav\u00fdch pe\u0148az\u00ed je presun finan\u010dn\u00fdch prostriedkov z jedn\u00e9ho miesta na druh\u00e9, na \u010do je potrebn\u00e9, aby boli peniaze potiahnut\u00e9 bu\u010f bezpe\u010dnostn\u00fdmi pe\u010diatkami, zafarbenou zna\u010dkou alebo potiahnut\u00e9 \u010diernou\/sivou\/\u010dervenou alebo bielou firmou, aby sa dali \u013eahko a r\u00fdchlo prepravi\u0165. Pri tejto forme prania \u0161pinav\u00fdch pe\u0148az\u00ed bude potrebn\u00e9 pou\u017ei\u0165 chemick\u00fd roztok SSD na odstr\u00e1nenie potiahnutej firmy z pe\u0148az\u00ed, aby boli pou\u017eite\u013en\u00e9.<\/p>\n<p>\u010cierne peniaze zhroma\u017e\u010fuj\u00fa niektor\u00e9 spolo\u010dnosti, spreneveruj\u00face peniaze, vl\u00e1dni \u00faradn\u00edci, zlo\u010dinci, pa\u0161er\u00e1ci, hromaditelia, neplati\u010di dan\u00ed a in\u00e9 protispolo\u010densk\u00e9 \u017eivly spolo\u010dnosti. Pribli\u017ene\u00a0<strong>17,4 bili\u00f3na<\/strong>\u00a0dol\u00e1rov, ktor\u00e9 mali zlo\u010dinci nahromadi\u0165 pre svoje z\u00e1ujmy na celom svete, hoci v p\u00edsomn\u00fdch podnetoch na najvy\u0161\u0161\u00ed s\u00fad sa odhaduje, \u017ee je to e\u0161te viac, ako je uveden\u00e9 vy\u0161\u0161ie.<\/p>\n<p>Celkov\u00e1 suma \u010diernych pe\u0148az\u00ed ulo\u017een\u00fdch fyzick\u00fdmi osobami v zahrani\u010dn\u00fdch bank\u00e1ch nie je zn\u00e1ma. Niektor\u00e9 spr\u00e1vy tvrdia, \u017ee celkov\u00e1 suma\u00a0<strong>US$6.06 - $7.4 bili\u00f3nov<\/strong>\u00a0je vo \u0160vaj\u010diarsku dr\u017ean\u00fd nez\u00e1konne. In\u00e9 spr\u00e1vy, vr\u00e1tane t\u00fdch, o ktor\u00fdch informovala Asoci\u00e1cia \u0161vaj\u010diarskych bank\u00e1rov a vl\u00e1da \u0160vaj\u010diarska, tvrdia, \u017ee tieto spr\u00e1vy s\u00fa nepravdiv\u00e9 a vymyslen\u00e9 a \u017ee celkov\u00e1 suma, ktor\u00fa maj\u00fa ob\u010dania r\u00f4znych kraj\u00edn na v\u0161etk\u00fdch \u0161vaj\u010diarskych bankov\u00fdch \u00fa\u010dtoch, je pribli\u017ene $20 bili\u00f3nov USD.<\/p>\n<p>Vo febru\u00e1ri 2012 riadite\u013e indick\u00e9ho \u00dastredn\u00e9ho \u00faradu pre vy\u0161etrovanie uviedol, \u017ee Indovia maj\u00fa v zahrani\u010dn\u00fdch da\u0148ov\u00fdch rajoch nez\u00e1konne ulo\u017een\u00e9 finan\u010dn\u00e9 prostriedky v hodnote $900 mili\u00e1rd USD, \u010do je viac ako ktor\u00e1ko\u013evek in\u00e1 krajina. V marci 2012 indick\u00e1 vl\u00e1da vo svojom parlamente objasnila, \u017ee vyhl\u00e1senie riadite\u013ea CBI o $900 mld. neleg\u00e1lnych pe\u0148az\u00ed bol odhad zalo\u017een\u00fd na vyhl\u00e1sen\u00ed, ktor\u00e9 urobil pred indick\u00fdm najvy\u0161\u0161\u00edm s\u00fadom v j\u00fali 2011.<\/p>\n<h4><strong>SSD Universal Chemical<br \/>\n<\/strong><\/h4>\n<p>Chemick\u00fd roztok SSD je homog\u00e9nny chemick\u00fd roztok na b\u00e1ze vody, ktor\u00fd sa \u0161peci\u00e1lne pou\u017e\u00edva na rozp\u00fa\u0161\u0165anie a odstra\u0148ovanie n\u00e1terov\u00e9ho farbiva z po\u0161koden\u00fdch mien (DOL\u00c1ROV, PUNCI\u00cd, EUR, RUPEJ\u00cd at\u010f.). Tieto natret\u00e9 meny m\u00f4\u017eu ma\u0165 \u010diernu, zelen\u00fa, \u017elt\u00fa alebo bielu farbu. Odfarbuj\u00fa sa alebo pe\u010diatkuj\u00fa, aby sa predi\u0161lo zbyto\u010dn\u00fdm probl\u00e9mom s coln\u00fdm odbaven\u00edm, krimin\u00e1lnikom alebo gangom, ktor\u00e9 ich zachytia po\u010das dod\u00e1vky \u010diernych dol\u00e1rov.<\/p>\n<p><img decoding=\"async\" class=\"wp-image-463 aligncenter\" src=\"https:\/\/poisonshops.com\/wp-content\/uploads\/2025\/11\/tttt-1-204x300.png\" alt=\"Obchod s jedmi\" width=\"75\" height=\"110\" srcset=\"https:\/\/poisonshops.com\/wp-content\/uploads\/2025\/11\/tttt-1-204x300.png 204w, https:\/\/poisonshops.com\/wp-content\/uploads\/2025\/11\/tttt-1.png 218w\" sizes=\"(max-width: 75px) 100vw, 75px\" \/><\/p>\n<h4>Chemick\u00e9 rie\u0161enie SSD na predaj<\/h4>\n<p>SSD Solution, SSD Chemical Solution, SSD Super Solution, SSD Universal Solution, SSD Super Automatic Solution, SSD PK58 Solution, SSD Ultimate 2018 Solution, Activation Powder, Mercury Powder, Passports and ID Authentication, Grade A Counterfeit Bills, Activation Powder &amp; Ssd Solution Formula, SSD Chemical Solution for sale<\/p>\n<p>Anti Breeze Chemical Formula, Black Dollar Cleaning Chemical Formula, Black Dollar Cleaning Solution Formula, Black Money Cleaner Formula, Currency Cleaning Chemical Formula, Humine Powder Preparation, Ssd Chemical Solution Formula, Ssd Solution Formula, SSD Universal Chemical Solution Formula. Chemick\u00fd roztok SSD na predaj.<\/p>\n<p><img decoding=\"async\" class=\"wp-image-502 aligncenter\" src=\"https:\/\/poisonshops.com\/wp-content\/uploads\/2025\/11\/Bio-Weapons-240x300.png\" alt=\"Biologick\u00e9 zbrane\" width=\"70\" height=\"88\" srcset=\"https:\/\/poisonshops.com\/wp-content\/uploads\/2025\/11\/Bio-Weapons-240x300.png 240w, https:\/\/poisonshops.com\/wp-content\/uploads\/2025\/11\/Bio-Weapons.png 265w\" sizes=\"(max-width: 70px) 100vw, 70px\" \/><\/p>\n<h4><strong>Chemick\u00e9 roztoky SSD pou\u017e\u00edvajte v\u017edy s maxim\u00e1lnou opatrnos\u0165ou<\/strong><\/h4>\n<p>Na aplik\u00e1ciu roztoku nemus\u00edte by\u0165 certifikovan\u00fdm chemikom. Proces \u010distenia je celkom jednoduch\u00fd a bez rizika, ak sa vykon\u00e1va s oh\u013eadom na v\u0161etky pokyny. Ako pri ka\u017edej chemickej l\u00e1tke je v\u0161ak rozhoduj\u00faca opatrnos\u0165. K\u00fapte si roztoky SSD a tekut\u00fd ortu\u0165.<\/p>\n<p>Vyhnite sa priamemu kontaktu s t\u00fdmto \u010diernym roztokom na pranie pe\u0148az\u00ed a prijmite ochrann\u00e9 opatrenia, aby ste zabr\u00e1nili tomu, aby sa dostal na va\u0161u poko\u017eku. Niektor\u00e9 jeho zlo\u017eky m\u00f4\u017eu pri rozliat\u00ed na telo sp\u00f4sobi\u0165 podr\u00e1\u017edenie. V takom pr\u00edpade nezabudnite postihnut\u00e9 miesto opl\u00e1chnu\u0165 ve\u013ek\u00fdm mno\u017estvom vody. Vysokokvalitn\u00fd automatick\u00fd roztok SSD.<\/p>\n<p>Pri \u010disten\u00ed znehodnoten\u00fdch bankoviek touto l\u00e1tkou je d\u00f4le\u017eit\u00e9 dodr\u017eiava\u0165 bezpe\u010dnostn\u00e9 pokyny. V spolo\u010dnosti Solve Problems sme urobili v\u0161etko pre to, aby sme ich uviedli jednozna\u010dn\u00fdm sp\u00f4sobom. Po zak\u00fapen\u00ed n\u00e1\u0161ho chemick\u00e9ho roztoku SSD sa ich dr\u017ete, aby ste bezpe\u010dne zachr\u00e1nili svoje \u010dierne peniaze pred t\u00fdm, aby skon\u010dili v odpadkovom ko\u0161i. K\u00fapte si rie\u0161enie SSD online.<\/p>\n<p><img decoding=\"async\" class=\"wp-image-176 aligncenter\" src=\"https:\/\/poisonshops.com\/wp-content\/uploads\/2025\/11\/poison_shop_logo-300x171.png\" alt=\"Obchody s jedmi\" width=\"146\" height=\"83\" srcset=\"https:\/\/poisonshops.com\/wp-content\/uploads\/2025\/11\/poison_shop_logo-300x171.png 300w, https:\/\/poisonshops.com\/wp-content\/uploads\/2025\/11\/poison_shop_logo.png 563w\" sizes=\"(max-width: 146px) 100vw, 146px\" \/><\/p>\n<\/div>","protected":false},"excerpt":{"rendered":"<p>Buy SSD Solution Online Get your money back with our SSD chemical solution for sale. You can take care of all your odd-looking notes with SSD Automatic chemical that has proven to be a great solution in America, Europe, Africa, Asia, and other continents around the world. Buy SSD Solution from the best SSD solution [&hellip;]<\/p>\n","protected":false},"featured_media":394,"comment_status":"open","ping_status":"closed","template":"","meta":[],"product_brand":[],"product_cat":[21],"product_tag":[],"class_list":{"0":"post-393","1":"product","2":"type-product","3":"status-publish","4":"has-post-thumbnail","6":"product_cat-buy-research-chemicals-online","8":"first","9":"instock","10":"shipping-taxable","11":"purchasable","12":"product-type-simple"},"_links":{"self":[{"href":"https:\/\/poisonshops.com\/sk\/wp-json\/wp\/v2\/product\/393","targetHints":{"allow":["GET"]}}],"collection":[{"href":"https:\/\/poisonshops.com\/sk\/wp-json\/wp\/v2\/product"}],"about":[{"href":"https:\/\/poisonshops.com\/sk\/wp-json\/wp\/v2\/types\/product"}],"replies":[{"embeddable":true,"href":"https:\/\/poisonshops.com\/sk\/wp-json\/wp\/v2\/comments?post=393"}],"wp:featuredmedia":[{"embeddable":true,"href":"https:\/\/poisonshops.com\/sk\/wp-json\/wp\/v2\/media\/394"}],"wp:attachment":[{"href":"https:\/\/poisonshops.com\/sk\/wp-json\/wp\/v2\/media?parent=393"}],"wp:term":[{"taxonomy":"product_brand","embeddable":true,"href":"https:\/\/poisonshops.com\/sk\/wp-json\/wp\/v2\/product_brand?post=393"},{"taxonomy":"product_cat","embeddable":true,"href":"https:\/\/poisonshops.com\/sk\/wp-json\/wp\/v2\/product_cat?post=393"},{"taxonomy":"product_tag","embeddable":true,"href":"https:\/\/poisonshops.com\/sk\/wp-json\/wp\/v2\/product_tag?post=393"}],"curies":[{"name":"wp","href":"https:\/\/api.w.org\/{rel}","templated":true}]}}