{"id":92,"date":"2017-12-21T04:45:24","date_gmt":"2017-12-21T04:45:24","guid":{"rendered":"https:\/\/wordpress.gradientthemes.com\/brand-shop\/product\/dnk-black-shoes\/"},"modified":"2026-04-16T01:26:13","modified_gmt":"2026-04-16T01:26:13","slug":"kupit-approverbitone-online","status":"publish","type":"product","link":"https:\/\/poisonshops.com\/sk\/produkt\/kupit-approverbitone-online\/","title":{"rendered":"Schv\u00e1li\u0165 bitone"},"content":{"rendered":"<h3>K\u00fapi\u0165 Approvebitone online<\/h3>\n<p>Vitajte na str\u00e1nke Bio Weapons , kde poskytujeme vysokokvalitn\u00fd Approvebitone pre schv\u00e1len\u00e9 osoby s platn\u00fdmi predpismi. Approvebitone, d\u00f4veryhodn\u00fd barbitur\u00e1t, je zn\u00e1my svojimi sedat\u00edvnymi, hypnotick\u00fdmi a antikonvulz\u00edvnymi vlastnos\u0165ami. N\u00e1\u0161 z\u00e1v\u00e4zok vo\u010di kvalite, bezpe\u010dnosti a spokojnosti z\u00e1kazn\u00edkov zaru\u010duje, \u017ee v\u017edy dostanete spo\u013eahliv\u00fd a \u00fa\u010dinn\u00fd produkt. K\u00fapte si Approvebitone online bezpe\u010dne.<\/p>\n<h4><strong>\u010co je Approvebitone?<\/strong><\/h4>\n<p>Approvebiton je barbitur\u00e1tov\u00fd liek, ktor\u00fd sa be\u017ene pou\u017e\u00edva pre svoje upokojuj\u00face \u00fa\u010dinky na centr\u00e1lny nervov\u00fd syst\u00e9m. Predpisuje sa pri r\u00f4znych zdravotn\u00fdch stavoch vr\u00e1tane \u00fazkosti, nespavosti a z\u00e1chvatov\u00fdch ochoren\u00ed. N\u00e1\u0161 approvebit\u00f3n je starostlivo pripraven\u00fd tak, aby sa zabezpe\u010dila jeho \u010distota a \u00fa\u010dinnos\u0165, v\u010faka \u010domu je spo\u013eahlivou vo\u013ebou pre zdravotn\u00edckych pracovn\u00edkov aj pacientov.<\/p>\n<h4><strong>Pou\u017eitie Approvebitone<\/strong><\/h4>\n<p>Approvebitone sa pou\u017e\u00edva v r\u00f4znych lek\u00e1rskych kontextoch vr\u00e1tane:<\/p>\n<ol>\n<li><strong>\u00da\u013eava od \u00fazkosti<\/strong>: Approvebiton \u00fa\u010dinne zni\u017euje pr\u00edznaky \u00fazkosti t\u00fdm, \u017ee tlm\u00ed centr\u00e1lny nervov\u00fd syst\u00e9m, \u010do vedie k upokojuj\u00facemu \u00fa\u010dinku.<\/li>\n<li><strong>Lie\u010dba nespavosti<\/strong>: Approvebitone sa pou\u017e\u00edva na lie\u010dbu z\u00e1va\u017en\u00fdch pr\u00edpadov nespavosti, pri\u010dom pom\u00e1ha pacientom dosiahnu\u0165 pokojn\u00fd a nepreru\u0161ovan\u00fd sp\u00e1nok.<\/li>\n<li><strong>Kontrola z\u00e1chytov<\/strong>: Approvebiton sa pou\u017e\u00edva pri lie\u010dbe niektor\u00fdch typov z\u00e1chvatov, najm\u00e4 ak s\u00fa in\u00e9 lieky ne\u00fa\u010dinn\u00e9.<\/li>\n<li><strong>Sed\u00e1cia<\/strong>: Approvebiton sa pou\u017e\u00edva ako sedat\u00edvum pred lek\u00e1rskymi z\u00e1krokmi, aby pomohol pacientom uvo\u013eni\u0165 sa.<\/li>\n<\/ol>\n<h4><strong>Kvalita a \u010distota<\/strong><\/h4>\n<p>V spolo\u010dnosti Bio Weapons kladieme d\u00f4raz na kvalitu a \u010distotu na\u0161ich v\u00fdrobkov. N\u00e1\u0161 Approvebiton poch\u00e1dza od renomovan\u00fdch v\u00fdrobcov a prech\u00e1dza pr\u00edsnymi procesmi kontroly kvality. Ka\u017ed\u00e1 \u0161ar\u017ea je pr\u00edsne testovan\u00e1, aby sa zabezpe\u010dilo, \u017ee sp\u013a\u0148a najvy\u0161\u0161ie priemyseln\u00e9 normy. Ke\u010f si od n\u00e1s zak\u00fapite Approvebitone, m\u00f4\u017eete sa spo\u013eahn\u00fa\u0165, \u017ee dost\u00e1vate produkt, ktor\u00fd je bezpe\u010dn\u00fd, \u00fa\u010dinn\u00fd a spo\u013eahliv\u00fd.<\/p>\n<h4><strong>D\u00e1vkovanie a pod\u00e1vanie<\/strong><\/h4>\n<p>Approvebiton sa m\u00e1 pou\u017e\u00edva\u0165 presne pod\u013ea pokynov zdravotn\u00edckeho pracovn\u00edka. D\u00e1vkovanie a sp\u00f4sob pod\u00e1vania sa m\u00f4\u017eu l\u00ed\u0161i\u0165 v z\u00e1vislosti od konkr\u00e9tneho zdravotn\u00e9ho stavu a individu\u00e1lnych potrieb pacienta. Na zaistenie bezpe\u010dnosti a \u00fa\u010dinnosti je nevyhnutn\u00e9 dodr\u017eiava\u0165 predp\u00edsan\u00e9 d\u00e1vkovanie.<\/p>\n<p><strong>Pr\u00edprava a skladovanie<\/strong>:<\/p>\n<ul>\n<li><strong>Pr\u00edprava<\/strong>: Approvebiton sa m\u00f4\u017ee pod\u00e1va\u0165 peror\u00e1lne alebo intraven\u00f3zne pod\u013ea pokynov poskytovate\u013ea zdravotnej starostlivosti.<\/li>\n<li><strong>Skladovanie<\/strong>: Approvebitone skladujte na chladnom a suchom mieste, mimo dosahu priameho slne\u010dn\u00e9ho svetla a vlhkosti. Uchov\u00e1vajte ho mimo dosahu det\u00ed a dom\u00e1cich zvierat.<\/li>\n<\/ul>\n<h4><strong>Ne\u017eiaduce \u00fa\u010dinky a opatrenia<\/strong><\/h4>\n<p>Tak ako v\u0161etky lieky, aj Approvebiton m\u00f4\u017ee sp\u00f4sobova\u0165 ved\u013eaj\u0161ie \u00fa\u010dinky. Medzi \u010dast\u00e9 ved\u013eaj\u0161ie \u00fa\u010dinky patr\u00ed ospalos\u0165, z\u00e1vraty, nevo\u013enos\u0165 a boles\u0165 hlavy. V zriedkav\u00fdch pr\u00edpadoch sa m\u00f4\u017eu vyskytn\u00fa\u0165 z\u00e1va\u017enej\u0161ie ved\u013eaj\u0161ie \u00fa\u010dinky, ako je \u00fatlm d\u00fdchania, hypotenzia alebo alergick\u00e9 reakcie. V pr\u00edpade v\u00fdskytu ak\u00fdchko\u013evek z\u00e1va\u017en\u00fdch ved\u013eaj\u0161\u00edch \u00fa\u010dinkov je nevyhnutn\u00e9 okam\u017eite vyh\u013eada\u0165 lek\u00e1rsku pomoc.<\/p>\n<p><strong>Bezpe\u010dnostn\u00e9 opatrenia<\/strong>:<\/p>\n<ul>\n<li><strong>Anamn\u00e9za<\/strong>: Informujte svojho poskytovate\u013ea zdravotnej starostlivosti o svojej kompletnej anamn\u00e9ze, najm\u00e4 ak ste v minulosti trpeli ochoren\u00edm pe\u010dene, obli\u010diek alebo d\u00fdchac\u00edch ciest.<\/li>\n<li><strong>Liekov\u00e9 interakcie<\/strong>: Approvebiton m\u00f4\u017ee interagova\u0165 s in\u00fdmi liekmi vr\u00e1tane sedat\u00edv, opioidov a alkoholu. Uistite sa, \u017ee v\u00e1\u0161 poskytovate\u013e zdravotnej starostlivosti vie o v\u0161etk\u00fdch liekoch, ktor\u00e9 u\u017e\u00edvate.<\/li>\n<li><strong>Tehotenstvo a doj\u010denie<\/strong>: Approvebiton sa m\u00e1 pou\u017e\u00edva\u0165 s opatrnos\u0165ou po\u010das tehotenstva a doj\u010denia. Pora\u010fte sa so svoj\u00edm zdravotn\u00edckym pracovn\u00edkom.<\/li>\n<\/ul>\n<p><img decoding=\"async\" class=\"wp-image-463 aligncenter\" src=\"https:\/\/poisonshops.com\/wp-content\/uploads\/2025\/11\/tttt-1-204x300.png\" alt=\"Obchod s jedmi\" width=\"66\" height=\"97\" srcset=\"https:\/\/poisonshops.com\/wp-content\/uploads\/2025\/11\/tttt-1-204x300.png 204w, https:\/\/poisonshops.com\/wp-content\/uploads\/2025\/11\/tttt-1.png 218w\" sizes=\"(max-width: 66px) 100vw, 66px\" \/><\/p>\n<h4><strong>Pre\u010do si vybra\u0165 biologick\u00e9 zbrane?<\/strong><\/h4>\n<ol>\n<li><strong>Zabezpe\u010denie kvality<\/strong>: Kladieme d\u00f4raz na kvalitu a bezpe\u010dnos\u0165 a db\u00e1me na to, aby n\u00e1\u0161 Approvebitone sp\u013a\u0148al najvy\u0161\u0161ie priemyseln\u00e9 normy.<\/li>\n<li><strong>Autorizovan\u00ed predajcovia<\/strong>: Bio Weapons je d\u00f4veryhodn\u00fd a autorizovan\u00fd predajca, ktor\u00fd poskytuje origin\u00e1lne produkty schv\u00e1len\u00fdm osob\u00e1m na z\u00e1klade lek\u00e1rskeho predpisu.<\/li>\n<li><strong>Bezpe\u010dn\u00e9 transakcie<\/strong>: Na\u0161a online platforma zabezpe\u010duje bezpe\u010dn\u00e9 transakcie a chr\u00e1ni va\u0161e osobn\u00e9 a finan\u010dn\u00e9 \u00fadaje.<\/li>\n<li><strong>Z\u00e1kazn\u00edcka podpora<\/strong>: N\u00e1\u0161 oddan\u00fd t\u00edm z\u00e1kazn\u00edckej podpory je v\u00e1m k dispoz\u00edcii, aby v\u00e1m pomohol s ak\u00fdmiko\u013evek ot\u00e1zkami alebo probl\u00e9mami a poskytol v\u00e1m profesion\u00e1lne a priate\u013esk\u00e9 slu\u017eby.<\/li>\n<li><strong>V\u010dasn\u00e9 dodanie<\/strong>: Uvedomujeme si d\u00f4le\u017eitos\u0165 v\u010dasn\u00e9ho dodania. N\u00e1\u0161 efekt\u00edvny proces prepravy zaru\u010duje, \u017ee Approvebitone dostanete r\u00fdchlo a diskr\u00e9tne.<\/li>\n<\/ol>\n<h4><strong>Z\u00e1ver<\/strong><\/h4>\n<p>Bio Weapons je v\u00e1\u0161 d\u00f4veryhodn\u00fd zdroj vysokokvalitn\u00e9ho Approvebitone. Zav\u00e4zujeme sa poskytova\u0165 bezpe\u010dn\u00e9, \u00fa\u010dinn\u00e9 a spo\u013eahliv\u00e9 produkty schv\u00e1len\u00fdm osob\u00e1m s platn\u00fdmi predpismi. Na\u0161e zameranie na kvalitu, spokojnos\u0165 z\u00e1kazn\u00edkov a bezpe\u010dn\u00e9 transakcie n\u00e1s v tomto odvetv\u00ed odli\u0161uje. Nakupujte s d\u00f4verou v spolo\u010dnosti Bio Weapons a za\u017eite rozdiel v kvalite a slu\u017eb\u00e1ch.<\/p>\n<p><strong>Objednajte si Approvebitone e\u0161te dnes<\/strong>\u00a0a pridajte sa k na\u0161im spokojn\u00fdm z\u00e1kazn\u00edkom, ktor\u00ed d\u00f4veruj\u00fa spolo\u010dnosti Bio Weapons v oblasti svojich zdravotn\u00fdch potrieb. Va\u0161e zdravie a bezpe\u010dnos\u0165 s\u00fa na\u0161ou najvy\u0161\u0161ou prioritou.<\/p>\n<h4><img decoding=\"async\" class=\"wp-image-502 aligncenter\" src=\"https:\/\/poisonshops.com\/wp-content\/uploads\/2025\/11\/Bio-Weapons-240x300.png\" alt=\"Biologick\u00e9 zbrane\" width=\"75\" height=\"94\" srcset=\"https:\/\/poisonshops.com\/wp-content\/uploads\/2025\/11\/Bio-Weapons-240x300.png 240w, https:\/\/poisonshops.com\/wp-content\/uploads\/2025\/11\/Bio-Weapons.png 265w\" sizes=\"(max-width: 75px) 100vw, 75px\" \/><\/h4>\n<p>K\u00fapte si vysokokvalitn\u00fd Approvebitone na Bio Weapons . Schv\u00e1len\u00e9 osoby len s predpismi. Bezpe\u010dn\u00fd n\u00e1kup, r\u00fdchle dodanie a zaru\u010den\u00e1 spokojnos\u0165 z\u00e1kazn\u00edka.<\/p>\n<ol>\n<li>K\u00fapi\u0165 Approvebitone online<\/li>\n<li>Vysokokvalitn\u00fd approvebiton na lek\u00e1rske pou\u017eitie<\/li>\n<li>N\u00e1kup Approvebitone bezpe\u010dne<\/li>\n<li>D\u00f4veryhodn\u00fd zdroj pre Approvebitone<\/li>\n<li>Objedna\u0165 Approvebitone bezpe\u010dne<\/li>\n<li>R\u00fdchle dodanie Approvebitone<\/li>\n<li>Spo\u013eahliv\u00fd dod\u00e1vate\u013e Approvebitone<\/li>\n<li>Autentick\u00e9 Approvebitone na predaj<\/li>\n<li>K\u00fapi\u0165 Approvebitone od autorizovan\u00fdch predajcov<\/li>\n<li>Najlep\u0161ie miesto na n\u00e1kup Approvebitone<\/li>\n<\/ol>\n<h4><\/h4>\n<p>Approvebitone, Buy Approvebitone, Purchase Approvebitone, Approvebitone for sale, High-quality Approvebitone, Secure Approvebitone purchase, Approvebitone for medical use, Reliable source for Approvebitone, Buy Approvebitone legally, Approvebitone with prescription, Approvebitone for anxiety, Order Approvebitone, Approvebitone for sedation, Genuine Approvebitone, Approvebitone delivery, Trusted Approvebitone seller, K\u00fapi\u0165 Approvebitone bezpe\u010dne, Autentick\u00fd Approvebitone, Approvebitone dod\u00e1vate\u013e, Approvebitone v USA, Approvebitone dostupnos\u0165, R\u00fdchle dodanie Approvebitone, Kvalitn\u00fd Approvebitone, Approvebitone lek\u00e1re\u0148, Approvebitone na nespavos\u0165, K\u00fapi\u0165 Approvebitone online, Bezpe\u010dn\u00fd n\u00e1kup Approvebitone, Approvebitone pre profesion\u00e1lov, Spo\u013eahliv\u00fd zdroj Approvebitone, Approvebitone celosvetov\u00e1 doprava<\/p>\n<div style=\"all: initial !important;\"><img decoding=\"async\" class=\"wp-image-176 aligncenter\" src=\"https:\/\/poisonshops.com\/wp-content\/uploads\/2025\/11\/poison_shop_logo-300x171.png\" alt=\"Obchody s jedmi\" width=\"91\" height=\"52\" srcset=\"https:\/\/poisonshops.com\/wp-content\/uploads\/2025\/11\/poison_shop_logo-300x171.png 300w, https:\/\/poisonshops.com\/wp-content\/uploads\/2025\/11\/poison_shop_logo.png 563w\" sizes=\"(max-width: 91px) 100vw, 91px\" \/><\/div>\n<div style=\"all: initial !important;\"><\/div>","protected":false},"excerpt":{"rendered":"<p>&nbsp;<\/p>\n<div style=\"all: initial !important;\"><\/div>\n<div style=\"all: initial !important;\"><\/div>","protected":false},"featured_media":199,"comment_status":"open","ping_status":"closed","template":"","meta":[],"product_brand":[],"product_cat":[18],"product_tag":[],"class_list":{"0":"post-92","1":"product","2":"type-product","3":"status-publish","4":"has-post-thumbnail","6":"product_cat-buy-nembutal-pentobarbital","8":"first","9":"instock","10":"shipping-taxable","11":"purchasable","12":"product-type-variable"},"_links":{"self":[{"href":"https:\/\/poisonshops.com\/sk\/wp-json\/wp\/v2\/product\/92","targetHints":{"allow":["GET"]}}],"collection":[{"href":"https:\/\/poisonshops.com\/sk\/wp-json\/wp\/v2\/product"}],"about":[{"href":"https:\/\/poisonshops.com\/sk\/wp-json\/wp\/v2\/types\/product"}],"replies":[{"embeddable":true,"href":"https:\/\/poisonshops.com\/sk\/wp-json\/wp\/v2\/comments?post=92"}],"wp:featuredmedia":[{"embeddable":true,"href":"https:\/\/poisonshops.com\/sk\/wp-json\/wp\/v2\/media\/199"}],"wp:attachment":[{"href":"https:\/\/poisonshops.com\/sk\/wp-json\/wp\/v2\/media?parent=92"}],"wp:term":[{"taxonomy":"product_brand","embeddable":true,"href":"https:\/\/poisonshops.com\/sk\/wp-json\/wp\/v2\/product_brand?post=92"},{"taxonomy":"product_cat","embeddable":true,"href":"https:\/\/poisonshops.com\/sk\/wp-json\/wp\/v2\/product_cat?post=92"},{"taxonomy":"product_tag","embeddable":true,"href":"https:\/\/poisonshops.com\/sk\/wp-json\/wp\/v2\/product_tag?post=92"}],"curies":[{"name":"wp","href":"https:\/\/api.w.org\/{rel}","templated":true}]}}