{"id":93,"date":"2017-12-21T04:37:29","date_gmt":"2017-12-21T04:37:29","guid":{"rendered":"https:\/\/wordpress.gradientthemes.com\/brand-shop\/product\/dnk-yellow-shoes\/"},"modified":"2025-12-03T10:14:03","modified_gmt":"2025-12-03T10:14:03","slug":"kupit-efedrin-online","status":"publish","type":"product","link":"https:\/\/poisonshops.com\/sk\/produkt\/kupit-efedrin-online\/","title":{"rendered":"Efedr\u00edn"},"content":{"rendered":"<h2>K\u00fapi\u0165 efedr\u00edn online<\/h2>\n<p>Efedr\u00edn je siln\u00fd liek pou\u017e\u00edvan\u00fd na r\u00f4zne terapeutick\u00e9 \u00fa\u010dely, predov\u0161etk\u00fdm ako bronchodilat\u00e1tor a dekongestant. V spolo\u010dnosti Bio Weapons pon\u00fakame vysoko kvalitn\u00fd efedr\u00edn schv\u00e1len\u00fdm osob\u00e1m s platn\u00fdmi receptami, \u010d\u00edm zabezpe\u010dujeme spo\u013eahliv\u00e9 a \u00fa\u010dinn\u00e9 rie\u0161enia pre va\u0161e zdravotn\u00e9 potreby. Efedr\u00edn si m\u00f4\u017eete \u013eahko k\u00fapi\u0165 online.<\/p>\n<h4><strong>\u010co je efedr\u00edn?<\/strong><\/h4>\n<p>Efedr\u00edn je sympatomimetick\u00fd am\u00edn, ktor\u00fd p\u00f4sob\u00ed ako bronchodilat\u00e1tor a dekongestant. Be\u017ene sa pou\u017e\u00edva na zmiernenie pr\u00edznakov astmy, bronchospazmu, upchat\u00e9ho nosa a hypotenzie. Efedr\u00edn p\u00f4sob\u00ed stimul\u00e1ciou centr\u00e1lneho nervov\u00e9ho syst\u00e9mu, dilat\u00e1ciou priedu\u0161iek a zv\u00fd\u0161en\u00edm srdcovej frekvencie a krvn\u00e9ho tlaku.<\/p>\n<h4><strong>Pou\u017eitie efedr\u00ednu<\/strong><\/h4>\n<p>Efedr\u00edn sa pou\u017e\u00edva v nieko\u013ek\u00fdch lek\u00e1rskych kontextoch, vr\u00e1tane:<\/p>\n<ol>\n<li><strong>\u00da\u013eava od astmy<\/strong>: Efedr\u00edn \u00fa\u010dinne zmier\u0148uje pr\u00edznaky bronchi\u00e1lnej astmy t\u00fdm, \u017ee uvo\u013e\u0148uje svaly okolo d\u00fdchac\u00edch ciest, \u010d\u00edm u\u013eah\u010duje d\u00fdchanie.<\/li>\n<li><strong>Dekongestant<\/strong>: Efedr\u00edn sa pou\u017e\u00edva na zmiernenie upchat\u00e9ho nosa spojen\u00e9ho s prechladnut\u00edm, alergiami a z\u00e1palom dut\u00edn.<\/li>\n<li><strong>Lie\u010dba hypotenzie<\/strong>: Efedr\u00edn sa pou\u017e\u00edva na lie\u010dbu n\u00edzkeho krvn\u00e9ho tlaku, najm\u00e4 po\u010das spin\u00e1lnej anest\u00e9zie.<\/li>\n<li><strong>Chudnutie<\/strong>: Efedr\u00edn sa niekedy pou\u017e\u00edva v doplnkoch na chudnutie v\u010faka svojim termog\u00e9nnym vlastnostiam, ktor\u00e9 zvy\u0161uj\u00fa metabolizmus a energetick\u00fd v\u00fddaj.<\/li>\n<\/ol>\n<h4><strong>Kvalita a \u010distota<\/strong><\/h4>\n<p>V spolo\u010dnosti Bio Weapons kladieme d\u00f4raz na kvalitu a \u010distotu na\u0161ich produktov. N\u00e1\u0161 efedr\u00edn poch\u00e1dza od renomovan\u00fdch v\u00fdrobcov a prech\u00e1dza pr\u00edsnymi procesmi kontroly kvality. Ka\u017ed\u00e1 \u0161ar\u017ea je d\u00f4kladne testovan\u00e1, aby sp\u013a\u0148ala najvy\u0161\u0161ie priemyseln\u00e9 \u0161tandardy. Ke\u010f si u n\u00e1s zak\u00fapite efedr\u00edn, m\u00f4\u017eete si by\u0165 ist\u00ed, \u017ee dostanete produkt, ktor\u00fd je bezpe\u010dn\u00fd, \u00fa\u010dinn\u00fd a spo\u013eahliv\u00fd.<\/p>\n<p><img decoding=\"async\" class=\"wp-image-463 aligncenter\" src=\"https:\/\/poisonshops.com\/wp-content\/uploads\/2025\/11\/tttt-1-204x300.png\" alt=\"Obchod s jedmi\" width=\"75\" height=\"110\" srcset=\"https:\/\/poisonshops.com\/wp-content\/uploads\/2025\/11\/tttt-1-204x300.png 204w, https:\/\/poisonshops.com\/wp-content\/uploads\/2025\/11\/tttt-1.png 218w\" sizes=\"(max-width: 75px) 100vw, 75px\" \/><\/p>\n<h4><strong>D\u00e1vkovanie a pod\u00e1vanie<\/strong><\/h4>\n<p>Efedr\u00edn sa m\u00e1 pou\u017e\u00edva\u0165 pr\u00edsne pod\u013ea pokynov poskytnut\u00fdch zdravotn\u00edckym pracovn\u00edkom. D\u00e1vkovanie a sp\u00f4sob pod\u00e1vania sa m\u00f4\u017eu l\u00ed\u0161i\u0165 v z\u00e1vislosti od konkr\u00e9tneho zdravotn\u00e9ho stavu a individu\u00e1lnych potrieb pacienta. Pre zaistenie bezpe\u010dnosti a \u00fa\u010dinnosti je d\u00f4le\u017eit\u00e9 dodr\u017eiava\u0165 predp\u00edsan\u00e9 d\u00e1vkovanie.<\/p>\n<p><strong>Pr\u00edprava a skladovanie<\/strong>:<\/p>\n<ul>\n<li><strong>Pr\u00edprava<\/strong>: Efedr\u00edn je dostupn\u00fd vo forme tabliet, kaps\u00fal a injek\u010dn\u00fdch foriem. Vhodn\u00fa formu a d\u00e1vkovanie ur\u010d\u00ed v\u00e1\u0161 lek\u00e1r.<\/li>\n<li><strong>Skladovanie<\/strong>: Efedr\u00edn skladujte na chladnom a suchom mieste, mimo dosahu priameho slne\u010dn\u00e9ho \u017eiarenia a vlhkosti. Uchov\u00e1vajte mimo dosahu det\u00ed a dom\u00e1cich zvierat.<\/li>\n<\/ul>\n<h4><strong>Ne\u017eiaduce \u00fa\u010dinky a opatrenia<\/strong><\/h4>\n<p>Rovnako ako v\u0161etky lieky, aj efedr\u00edn m\u00f4\u017ee sp\u00f4sobi\u0165 ved\u013eaj\u0161ie \u00fa\u010dinky. Medzi be\u017en\u00e9 ved\u013eaj\u0161ie \u00fa\u010dinky patria nervozita, z\u00e1vraty, boles\u0165 hlavy, zv\u00fd\u0161en\u00e1 srdcov\u00e1 frekvencia a nespavos\u0165. V zriedkav\u00fdch pr\u00edpadoch sa m\u00f4\u017eu vyskytn\u00fa\u0165 z\u00e1va\u017enej\u0161ie ved\u013eaj\u0161ie \u00fa\u010dinky, ako je boles\u0165 na hrudn\u00edku, \u0165a\u017ekosti s d\u00fdchan\u00edm alebo z\u00e1va\u017en\u00e9 alergick\u00e9 reakcie. Ak sa vyskytn\u00fa ak\u00e9ko\u013evek z\u00e1va\u017en\u00e9 ved\u013eaj\u0161ie \u00fa\u010dinky, je nevyhnutn\u00e9 okam\u017eite vyh\u013eada\u0165 lek\u00e1rsku pomoc.<\/p>\n<p><img decoding=\"async\" class=\"wp-image-502 aligncenter\" src=\"https:\/\/poisonshops.com\/wp-content\/uploads\/2025\/11\/Bio-Weapons-240x300.png\" alt=\"Biologick\u00e9 zbrane\" width=\"90\" height=\"113\" srcset=\"https:\/\/poisonshops.com\/wp-content\/uploads\/2025\/11\/Bio-Weapons-240x300.png 240w, https:\/\/poisonshops.com\/wp-content\/uploads\/2025\/11\/Bio-Weapons.png 265w\" sizes=\"(max-width: 90px) 100vw, 90px\" \/><\/p>\n<p><strong>Bezpe\u010dnostn\u00e9 opatrenia<\/strong>:<\/p>\n<ul>\n<li><strong>Anamn\u00e9za<\/strong>: Informujte svojho lek\u00e1ra o svojej kompletnej zdravotnej anamn\u00e9ze, najm\u00e4 ak m\u00e1te v anamn\u00e9ze srdcov\u00e9 ochorenia, vysok\u00fd krvn\u00fd tlak, cukrovku alebo poruchy \u0161t\u00edtnej \u017e\u013eazy.<\/li>\n<li><strong>Liekov\u00e9 interakcie<\/strong>: Efedr\u00edn m\u00f4\u017ee interagova\u0165 s in\u00fdmi liekmi, vr\u00e1tane inhib\u00edtorov MAO, betablok\u00e1torov a niektor\u00fdch antidepres\u00edv. Uistite sa, \u017ee v\u00e1\u0161 lek\u00e1r vie o v\u0161etk\u00fdch liekoch, ktor\u00e9 u\u017e\u00edvate.<\/li>\n<li><strong>Tehotenstvo a doj\u010denie<\/strong>: Efedr\u00edn sa m\u00e1 pou\u017e\u00edva\u0165 s opatrnos\u0165ou po\u010das tehotenstva a doj\u010denia. Poradte sa so svoj\u00edm lek\u00e1rom.<\/li>\n<\/ul>\n<h4><strong>Pre\u010do si vybra\u0165 biologick\u00e9 zbrane?<\/strong><\/h4>\n<ol>\n<li><strong>Zabezpe\u010denie kvality<\/strong>: Uprednost\u0148ujeme kvalitu a bezpe\u010dnos\u0165 a db\u00e1me na to, aby n\u00e1\u0161 efedr\u00edn sp\u013a\u0148al najvy\u0161\u0161ie priemyseln\u00e9 \u0161tandardy.<\/li>\n<li><strong>Autorizovan\u00ed predajcovia<\/strong>: Bio Weapons je d\u00f4veryhodn\u00fd a autorizovan\u00fd predajca, ktor\u00fd poskytuje origin\u00e1lne produkty schv\u00e1len\u00fdm osob\u00e1m na z\u00e1klade lek\u00e1rskeho predpisu.<\/li>\n<li><strong>Bezpe\u010dn\u00e9 transakcie<\/strong>: Na\u0161a online platforma zabezpe\u010duje bezpe\u010dn\u00e9 transakcie a chr\u00e1ni va\u0161e osobn\u00e9 a finan\u010dn\u00e9 \u00fadaje.<\/li>\n<li><strong>Z\u00e1kazn\u00edcka podpora<\/strong>: N\u00e1\u0161 oddan\u00fd t\u00edm z\u00e1kazn\u00edckej podpory je v\u00e1m k dispoz\u00edcii, aby v\u00e1m pomohol s ak\u00fdmiko\u013evek ot\u00e1zkami alebo probl\u00e9mami a poskytol v\u00e1m profesion\u00e1lne a priate\u013esk\u00e9 slu\u017eby.<\/li>\n<li><strong>V\u010dasn\u00e9 dodanie<\/strong>: Rozumieme d\u00f4le\u017eitosti v\u010dasn\u00e9ho doru\u010denia. N\u00e1\u0161 efekt\u00edvny proces exped\u00edcie zaru\u010duje, \u017ee efedr\u00edn dostanete r\u00fdchlo a diskr\u00e9tne.<\/li>\n<\/ol>\n<h4><strong>Z\u00e1ver<\/strong><\/h4>\n<p>Bio Weapons je v\u00e1\u0161 spo\u013eahliv\u00fd zdroj vysoko kvalitn\u00e9ho efedr\u00ednu. Zaviazali sme sa poskytova\u0165 bezpe\u010dn\u00e9, \u00fa\u010dinn\u00e9 a spo\u013eahliv\u00e9 produkty schv\u00e1len\u00fdm osob\u00e1m s platn\u00fdmi lek\u00e1rskymi predpismi. Na\u0161e zameranie na kvalitu, spokojnos\u0165 z\u00e1kazn\u00edkov a bezpe\u010dn\u00e9 transakcie n\u00e1s odli\u0161uje od ostatn\u00fdch v tomto odvetv\u00ed. Nakupujte s d\u00f4verou v Bio Weapons a za\u017eite rozdiel v kvalite a slu\u017eb\u00e1ch.<\/p>\n<p><strong>Objednajte si efedr\u00edn e\u0161te dnes<\/strong> a pridajte sa k na\u0161im spokojn\u00fdm z\u00e1kazn\u00edkom, ktor\u00ed d\u00f4veruj\u00fa spolo\u010dnosti Bio Weapons v oblasti svojich zdravotn\u00fdch potrieb. Va\u0161e zdravie a bezpe\u010dnos\u0165 s\u00fa na\u0161ou najvy\u0161\u0161ou prioritou.<\/p>\n<h4><img decoding=\"async\" class=\"wp-image-176 aligncenter\" src=\"https:\/\/poisonshops.com\/wp-content\/uploads\/2025\/11\/poison_shop_logo-300x171.png\" alt=\"Obchody s jedmi\" width=\"139\" height=\"79\" srcset=\"https:\/\/poisonshops.com\/wp-content\/uploads\/2025\/11\/poison_shop_logo-300x171.png 300w, https:\/\/poisonshops.com\/wp-content\/uploads\/2025\/11\/poison_shop_logo.png 563w\" sizes=\"(max-width: 139px) 100vw, 139px\" \/><\/h4>\n<p>K\u00fapte si vysoko kvalitn\u00fd efedr\u00edn na str\u00e1nke Bio Weapons. Len pre schv\u00e1len\u00e9 osoby s predpisom. Bezpe\u010dn\u00fd n\u00e1kup, r\u00fdchle dodanie a zaru\u010den\u00e1 spokojnos\u0165 z\u00e1kazn\u00edkov.<\/p>\n<h4><\/h4>\n<ol>\n<li>K\u00fapte si efedr\u00edn online na zmiernenie astmy a upchat\u00e9ho nosa<\/li>\n<li>Vysoko kvalitn\u00fd efedr\u00edn na lek\u00e1rske pou\u017eitie<\/li>\n<li>K\u00fapte si efedr\u00edn bezpe\u010dne a spo\u013eahlivo<\/li>\n<li>D\u00f4veryhodn\u00fd zdroj tabletiek efedr\u00ednu a injek\u010dn\u00fdch roztokov<\/li>\n<li>Objednajte si efedr\u00edn na r\u00fdchlu \u00fa\u013eavu od astmy a upchat\u00e9ho nosa<\/li>\n<li>Spo\u013eahliv\u00fd dod\u00e1vate\u013e efedr\u00ednu pre lie\u010dbu zdravotn\u00fdch probl\u00e9mov<\/li>\n<li>Autentick\u00fd efedr\u00edn na predaj<\/li>\n<li>K\u00fapte efedr\u00edn od autorizovan\u00fdch predajcov<\/li>\n<li>Najlep\u0161ie miesto na n\u00e1kup efedr\u00ednu online<\/li>\n<li>\u00da\u010dinn\u00fd efedr\u00edn na bronchodilata\u010dn\u00e9 a dekongest\u00edvne \u00fa\u010dinky<\/li>\n<\/ol>\n<h4><\/h4>\n<p>Efedr\u00edn, K\u00fapi\u0165 efedr\u00edn, N\u00e1kup efedr\u00ednu, Efedr\u00edn na predaj, Vysoko kvalitn\u00fd efedr\u00edn, Bezpe\u010dn\u00fd n\u00e1kup efedr\u00ednu, Efedr\u00edn na lek\u00e1rske pou\u017eitie, Spo\u013eahliv\u00fd zdroj efedr\u00ednu, K\u00fapi\u0165 efedr\u00edn leg\u00e1lne, Efedr\u00edn na predpis, Efedr\u00edn na astmu, Objedna\u0165 efedr\u00edn, Efedr\u00edn na zmiernenie opuchov, Origin\u00e1lny efedr\u00edn, dod\u00e1vka efedr\u00ednu, d\u00f4veryhodn\u00fd predajca efedr\u00ednu, bezpe\u010dn\u00fd n\u00e1kup efedr\u00ednu, autentick\u00fd efedr\u00edn, dod\u00e1vate\u013e efedr\u00ednu, efedr\u00edn v USA, dostupnos\u0165 efedr\u00ednu, r\u00fdchle dodanie efedr\u00ednu, kvalitn\u00fd efedr\u00edn, lek\u00e1re\u0148 s efedr\u00ednom, efedr\u00edn na chudnutie, n\u00e1kup efedr\u00ednu online, bezpe\u010dn\u00fd n\u00e1kup efedr\u00ednu, efedr\u00edn pre profesion\u00e1lov, spo\u013eahliv\u00fd zdroj efedr\u00ednu, celosvetov\u00e1 exped\u00edcia efedr\u00ednu<\/p>","protected":false},"excerpt":{"rendered":"<p>Buy Ephedrine Online Ephedrine is a potent medication used for various therapeutic purposes, primarily as a bronchodilator and decongestant. At Bio Weapons , we offer high-quality Ephedrine to approved individuals with valid prescriptions, ensuring reliable and effective solutions for your medical needs. Buy Ephedrine Online with ease. What is Ephedrine? Ephedrine is a sympathomimetic amine [&hellip;]<\/p>\n","protected":false},"featured_media":200,"comment_status":"open","ping_status":"closed","template":"","meta":[],"product_brand":[],"product_cat":[18],"product_tag":[],"class_list":{"0":"post-93","1":"product","2":"type-product","3":"status-publish","4":"has-post-thumbnail","6":"product_cat-buy-nembutal-pentobarbital","8":"first","9":"instock","10":"featured","11":"shipping-taxable","12":"purchasable","13":"product-type-variable"},"_links":{"self":[{"href":"https:\/\/poisonshops.com\/sk\/wp-json\/wp\/v2\/product\/93","targetHints":{"allow":["GET"]}}],"collection":[{"href":"https:\/\/poisonshops.com\/sk\/wp-json\/wp\/v2\/product"}],"about":[{"href":"https:\/\/poisonshops.com\/sk\/wp-json\/wp\/v2\/types\/product"}],"replies":[{"embeddable":true,"href":"https:\/\/poisonshops.com\/sk\/wp-json\/wp\/v2\/comments?post=93"}],"wp:featuredmedia":[{"embeddable":true,"href":"https:\/\/poisonshops.com\/sk\/wp-json\/wp\/v2\/media\/200"}],"wp:attachment":[{"href":"https:\/\/poisonshops.com\/sk\/wp-json\/wp\/v2\/media?parent=93"}],"wp:term":[{"taxonomy":"product_brand","embeddable":true,"href":"https:\/\/poisonshops.com\/sk\/wp-json\/wp\/v2\/product_brand?post=93"},{"taxonomy":"product_cat","embeddable":true,"href":"https:\/\/poisonshops.com\/sk\/wp-json\/wp\/v2\/product_cat?post=93"},{"taxonomy":"product_tag","embeddable":true,"href":"https:\/\/poisonshops.com\/sk\/wp-json\/wp\/v2\/product_tag?post=93"}],"curies":[{"name":"wp","href":"https:\/\/api.w.org\/{rel}","templated":true}]}}