{"id":95,"date":"2017-12-21T04:37:21","date_gmt":"2017-12-21T04:37:21","guid":{"rendered":"https:\/\/wordpress.gradientthemes.com\/brand-shop\/product\/dnk-blue-shoes\/"},"modified":"2025-12-03T10:36:58","modified_gmt":"2025-12-03T10:36:58","slug":"kupit-peroralnu-tekutinu-s-nembutalovym-pentobarbitalom","status":"publish","type":"product","link":"https:\/\/poisonshops.com\/sk\/produkt\/kupit-peroralnu-tekutinu-s-nembutalovym-pentobarbitalom\/","title":{"rendered":"Nembutal Pentobarbital peror\u00e1lny roztok"},"content":{"rendered":"<h2>K\u00fapi\u0165 Nembutal Pentobarbital Oral Liquid online<\/h2>\n<p>Vitajte na str\u00e1nke Bio Weapons , ktor\u00e1 je hlavn\u00fdm zdrojom vysokokvalitn\u00e9ho lieku Nembutal Pentobarbital oral liquid. N\u00e1\u0161 Nembutal peror\u00e1lna tekutina je dostupn\u00fd v\u00fdlu\u010dne schv\u00e1len\u00fdm osob\u00e1m s platn\u00fdmi lek\u00e1rskymi predpismi. Na\u0161\u00edm cie\u013eom je poskytova\u0165 vynikaj\u00facu kvalitu, bezpe\u010dnos\u0165 a spokojnos\u0165 z\u00e1kazn\u00edkov, v\u010faka \u010domu sme d\u00f4veryhodn\u00fdm menom v tomto odvetv\u00ed.<\/p>\n<h4><strong>\u010co je Nembutal Pentobarbital Oral Liquid?<\/strong><\/h4>\n<p>Nembutal, zn\u00e1my aj ako pentobarbital, je barbitur\u00e1tov\u00fd liek pou\u017e\u00edvan\u00fd pre svoje sedat\u00edvne, anestetick\u00e9 a antikonvulz\u00edvne vlastnosti. Peror\u00e1lna tekut\u00e1 forma lieku Nembutal pon\u00faka flexibilitu pri d\u00e1vkovan\u00ed a jednoduch\u00e9 pod\u00e1vanie, \u010do z neho rob\u00ed ide\u00e1lnu vo\u013ebu pre r\u00f4zne lek\u00e1rske aplik\u00e1cie. N\u00e1\u0161 peror\u00e1lny tekut\u00fd liek Nembutal je starostlivo pripraven\u00fd, aby sa zabezpe\u010dila presnos\u0165 a \u00fa\u010dinnos\u0165.<\/p>\n<h4><strong>Pou\u017eitie lieku Nembutal Pentobarbital Oral Liquid<\/strong><\/h4>\n<p>Nembutal peror\u00e1lna tekutina sa pou\u017e\u00edva v r\u00f4znych lek\u00e1rskych kontextoch vr\u00e1tane:<\/p>\n<ol>\n<li><strong>Sed\u00e1cia<\/strong>: Nembutal peror\u00e1lna tekutina sa \u010dasto pou\u017e\u00edva na vyvolanie sed\u00e1cie u pacientov podstupuj\u00facich lek\u00e1rske z\u00e1kroky. Jeho r\u00fdchly n\u00e1stup zaru\u010duje, \u017ee pacienti r\u00fdchlo dosiahnu uvo\u013enen\u00fd a pohodln\u00fd stav.<\/li>\n<li><strong>Anest\u00e9zia<\/strong>: V chirurgick\u00fdch zariadeniach sa Nembutal v peror\u00e1lnej forme pou\u017e\u00edva ako predanestetick\u00e1 l\u00e1tka na navodenie hlbok\u00e9ho sp\u00e1nku. Jeho \u00fa\u010dinnos\u0165 a spo\u013eahlivos\u0165 z neho robia cenn\u00fd n\u00e1stroj pre anest\u00e9ziol\u00f3gov.<\/li>\n<li><strong>Kontrola z\u00e1chytov<\/strong>: Nembutal je \u00fa\u010dinn\u00fd pri zvl\u00e1dan\u00ed ak\u00fatnych z\u00e1chvatov, najm\u00e4 v n\u00fadzov\u00fdch situ\u00e1ci\u00e1ch. P\u00f4sob\u00ed tak, \u017ee tlm\u00ed centr\u00e1lny nervov\u00fd syst\u00e9m, \u010d\u00edm zni\u017euje z\u00e1chvatov\u00fa aktivitu.<\/li>\n<li><strong>Eutan\u00e1zia<\/strong>: Vo veterin\u00e1rnej medic\u00edne sa Nembutal peror\u00e1lna tekutina pou\u017e\u00edva na hum\u00e1nnu eutan\u00e1ziu zvierat. Jeho r\u00fdchlo p\u00f4sobiace vlastnosti zabezpe\u010duj\u00fa pokojn\u00fd a bezbolestn\u00fd prechod.<\/li>\n<\/ol>\n<h4><strong>Kvalita a \u010distota<\/strong><\/h4>\n<p>V spolo\u010dnosti Bio Weapons si uvedomujeme z\u00e1sadn\u00fd v\u00fdznam \u010distoty a kvality farmaceutick\u00fdch v\u00fdrobkov. N\u00e1\u0161 Nembutal oral liquid poch\u00e1dza od renomovan\u00fdch v\u00fdrobcov a prech\u00e1dza pr\u00edsnymi procesmi kontroly kvality. Ka\u017ed\u00e1 \u0161ar\u017ea sa pr\u00edsne testuje na \u010distotu a \u00fa\u010dinnos\u0165, \u010d\u00edm sa zabezpe\u010d\u00ed, \u017ee sp\u013a\u0148a najvy\u0161\u0161ie priemyseln\u00e9 normy. Ke\u010f si u n\u00e1s zak\u00fapite Nembutal Pentobarbital peror\u00e1lny tekut\u00fd, m\u00f4\u017eete sa spo\u013eahn\u00fa\u0165, \u017ee dost\u00e1vate produkt, ktor\u00fd je bezpe\u010dn\u00fd, \u00fa\u010dinn\u00fd a spo\u013eahliv\u00fd.<\/p>\n<h4><strong>D\u00e1vkovanie a pod\u00e1vanie<\/strong><\/h4>\n<p>Nembutal Pentobarbital peror\u00e1lna tekutina sa m\u00e1 pou\u017e\u00edva\u0165 presne pod\u013ea pokynov zdravotn\u00edckeho pracovn\u00edka. D\u00e1vkovanie a sp\u00f4sob pod\u00e1vania sa m\u00f4\u017eu l\u00ed\u0161i\u0165 v z\u00e1vislosti od konkr\u00e9tneho zdravotn\u00e9ho stavu a individu\u00e1lnych potrieb pacienta. Na zaistenie bezpe\u010dnosti a \u00fa\u010dinnosti je nevyhnutn\u00e9 dodr\u017eiava\u0165 predp\u00edsan\u00e9 d\u00e1vkovanie.<\/p>\n<p><strong>Pr\u00edprava a skladovanie<\/strong>:<\/p>\n<ul>\n<li><strong>Pr\u00edprava<\/strong>: Nembutal peror\u00e1lna tekutina sa pod\u00e1va peror\u00e1lne, pri\u010dom d\u00e1vka sa presne odmeria pomocou lek\u00e1rskej strieka\u010dky alebo meracieho zariadenia.<\/li>\n<li><strong>Skladovanie<\/strong>: Nembutal peror\u00e1lnu tekutinu skladujte na chladnom a suchom mieste, mimo dosahu priameho slne\u010dn\u00e9ho svetla a vlhkosti. Uchov\u00e1vajte ho mimo dosahu det\u00ed a dom\u00e1cich zvierat.<\/li>\n<\/ul>\n<h4><strong>Ne\u017eiaduce \u00fa\u010dinky a opatrenia<\/strong><\/h4>\n<p>Tak ako v\u0161etky lieky, aj Nembutal peror\u00e1lna tekutina m\u00f4\u017ee sp\u00f4sobova\u0165 ved\u013eaj\u0161ie \u00fa\u010dinky. Medzi \u010dast\u00e9 ved\u013eaj\u0161ie \u00fa\u010dinky patr\u00ed ospalos\u0165, z\u00e1vraty, nevo\u013enos\u0165 a boles\u0165 hlavy. V zriedkav\u00fdch pr\u00edpadoch sa m\u00f4\u017eu vyskytn\u00fa\u0165 z\u00e1va\u017enej\u0161ie ved\u013eaj\u0161ie \u00fa\u010dinky, ako je \u00fatlm d\u00fdchania, hypotenzia alebo alergick\u00e9 reakcie. V pr\u00edpade v\u00fdskytu ak\u00fdchko\u013evek z\u00e1va\u017en\u00fdch ved\u013eaj\u0161\u00edch \u00fa\u010dinkov je nevyhnutn\u00e9 okam\u017eite vyh\u013eada\u0165 lek\u00e1rsku pomoc.<\/p>\n<p><strong>Bezpe\u010dnostn\u00e9 opatrenia<\/strong>:<\/p>\n<ul>\n<li><strong>Anamn\u00e9za<\/strong>: Informujte svojho poskytovate\u013ea zdravotnej starostlivosti o svojej kompletnej anamn\u00e9ze, najm\u00e4 ak ste v minulosti trpeli ochoren\u00edm pe\u010dene, obli\u010diek alebo d\u00fdchac\u00edch ciest.<\/li>\n<li><strong>Liekov\u00e9 interakcie<\/strong>: Nembutal m\u00f4\u017ee interagova\u0165 s in\u00fdmi liekmi vr\u00e1tane sedat\u00edv, opioidov a alkoholu. Uistite sa, \u017ee v\u00e1\u0161 poskytovate\u013e zdravotnej starostlivosti vie o v\u0161etk\u00fdch liekoch, ktor\u00e9 u\u017e\u00edvate.<\/li>\n<li><strong>Tehotenstvo a doj\u010denie<\/strong>: Nembutal sa m\u00e1 pou\u017e\u00edva\u0165 s opatrnos\u0165ou po\u010das tehotenstva a doj\u010denia. Pora\u010fte sa so svoj\u00edm zdravotn\u00edckym pracovn\u00edkom.<\/li>\n<\/ul>\n<p><img decoding=\"async\" class=\"wp-image-463 aligncenter\" src=\"https:\/\/poisonshops.com\/wp-content\/uploads\/2025\/11\/tttt-1-204x300.png\" alt=\"Obchod s jedmi\" width=\"56\" height=\"82\" srcset=\"https:\/\/poisonshops.com\/wp-content\/uploads\/2025\/11\/tttt-1-204x300.png 204w, https:\/\/poisonshops.com\/wp-content\/uploads\/2025\/11\/tttt-1.png 218w\" sizes=\"(max-width: 56px) 100vw, 56px\" \/><\/p>\n<h4><strong>Pre\u010do si vybra\u0165 biologick\u00e9 zbrane?<\/strong><\/h4>\n<ol>\n<li><strong>Zabezpe\u010denie kvality<\/strong>: Kladieme d\u00f4raz na kvalitu a bezpe\u010dnos\u0165 a zabezpe\u010dujeme, aby n\u00e1\u0161 Nembutal oral liquid sp\u013a\u0148al najvy\u0161\u0161ie priemyseln\u00e9 normy.<\/li>\n<li><strong>Autorizovan\u00ed predajcovia<\/strong>: Bio Weapons je d\u00f4veryhodn\u00fd a autorizovan\u00fd predajca, ktor\u00fd poskytuje origin\u00e1lne produkty schv\u00e1len\u00fdm osob\u00e1m na z\u00e1klade lek\u00e1rskeho predpisu.<\/li>\n<li><strong>Bezpe\u010dn\u00e9 transakcie<\/strong>: Na\u0161a online platforma zabezpe\u010duje bezpe\u010dn\u00e9 transakcie a chr\u00e1ni va\u0161e osobn\u00e9 a finan\u010dn\u00e9 \u00fadaje.<\/li>\n<li><strong>Z\u00e1kazn\u00edcka podpora<\/strong>: N\u00e1\u0161 oddan\u00fd t\u00edm z\u00e1kazn\u00edckej podpory je v\u00e1m k dispoz\u00edcii, aby v\u00e1m pomohol s ak\u00fdmiko\u013evek ot\u00e1zkami alebo probl\u00e9mami a poskytol v\u00e1m profesion\u00e1lne a priate\u013esk\u00e9 slu\u017eby.<\/li>\n<li><strong>V\u010dasn\u00e9 dodanie<\/strong>: Uvedomujeme si d\u00f4le\u017eitos\u0165 v\u010dasn\u00e9ho dodania. N\u00e1\u0161 efekt\u00edvny proces prepravy zaru\u010duje, \u017ee svoj Nembutal oral liquid dostanete r\u00fdchlo a diskr\u00e9tne.<\/li>\n<\/ol>\n<h4><strong>Z\u00e1ver<\/strong><\/h4>\n<p>Bio Weapons je v\u00e1\u0161 d\u00f4veryhodn\u00fd zdroj vysokokvalitn\u00e9ho pentobarbitalu Nembutal v peror\u00e1lnej forme. Zav\u00e4zujeme sa poskytova\u0165 bezpe\u010dn\u00e9, \u00fa\u010dinn\u00e9 a spo\u013eahliv\u00e9 produkty schv\u00e1len\u00fdm osob\u00e1m s platn\u00fdmi lek\u00e1rskymi predpismi. Na\u0161e zameranie na kvalitu, spokojnos\u0165 z\u00e1kazn\u00edkov a bezpe\u010dn\u00e9 transakcie n\u00e1s v tomto odvetv\u00ed odli\u0161uje. Nakupujte s d\u00f4verou v spolo\u010dnosti Bio Weapons a za\u017eite rozdiel v kvalite a slu\u017eb\u00e1ch.<\/p>\n<p><strong>Objednajte si Nembutal Pentobarbital peror\u00e1lnu tekutinu e\u0161te dnes<\/strong> a pridajte sa k na\u0161im spokojn\u00fdm z\u00e1kazn\u00edkom, ktor\u00ed d\u00f4veruj\u00fa spolo\u010dnosti Bio Weapons v oblasti svojich zdravotn\u00fdch potrieb. Va\u0161e zdravie a bezpe\u010dnos\u0165 s\u00fa na\u0161ou najvy\u0161\u0161ou prioritou.<\/p>\n<p>K\u00fapte si vysokokvalitn\u00fd Nembutal Pentobarbital peror\u00e1lna tekutina v obchodoch s jedmi . Schv\u00e1len\u00e9 osoby len na lek\u00e1rsky predpis. Bezpe\u010dn\u00fd n\u00e1kup, r\u00fdchle dodanie a zaru\u010den\u00e1 spokojnos\u0165 z\u00e1kazn\u00edka.<\/p>\n<p><img decoding=\"async\" class=\"wp-image-502 aligncenter\" src=\"https:\/\/poisonshops.com\/wp-content\/uploads\/2025\/11\/Bio-Weapons-240x300.png\" alt=\"Biologick\u00e9 zbrane\" width=\"85\" height=\"106\" srcset=\"https:\/\/poisonshops.com\/wp-content\/uploads\/2025\/11\/Bio-Weapons-240x300.png 240w, https:\/\/poisonshops.com\/wp-content\/uploads\/2025\/11\/Bio-Weapons.png 265w\" sizes=\"(max-width: 85px) 100vw, 85px\" \/><\/p>\n<h4><\/h4>\n<ol>\n<li>K\u00fapi\u0165 Nembutal Pentobarbital Oral Liquid online<\/li>\n<li>Vysokokvalitn\u00e1 peror\u00e1lna tekutina Nembutal na lek\u00e1rske pou\u017eitie<\/li>\n<li>N\u00e1kup Nembutal Pentobarbital Oral Liquid Bezpe\u010dne<\/li>\n<li>D\u00f4veryhodn\u00fd zdroj pre Nembutal Pentobarbital Oral Liquid<\/li>\n<li>Objednajte si Nembutal Pentobarbital Oral Liquid bezpe\u010dne<\/li>\n<li>R\u00fdchle dodanie lieku Nembutal Pentobarbital Oral Liquid<\/li>\n<li>Spo\u013eahliv\u00fd dod\u00e1vate\u013e Nembutal Pentobarbital Oral Liquid<\/li>\n<li>Autentick\u00fd Nembutal Pentobarbital Oral Liquid na predaj<\/li>\n<li>K\u00fapi\u0165 Nembutal Oral Liquid od autorizovan\u00fdch predajcov<\/li>\n<li>Najlep\u0161ie miesto na n\u00e1kup Nembutal Pentobarbital Oral Liquid<\/li>\n<\/ol>\n<h4><\/h4>\n<p>Nembutal Pentobarbital oral liquid, K\u00fapi\u0165 Nembutal oral liquid, K\u00fapi\u0165 Nembutal Pentobarbital liquid, Nembutal oral liquid na predaj, Vysoko kvalitn\u00fd Nembutal oral liquid, Bezpe\u010dn\u00fd n\u00e1kup Nembutal Pentobarbital liquid, Nembutal liquid na lek\u00e1rske pou\u017eitie, Spo\u013eahliv\u00fd zdroj Nembutal oral liquid, K\u00fapi\u0165 Nembutal liquid leg\u00e1lne, Nembutal oral liquid na predpis, Nembutal liquid na eutan\u00e1ziu, Objedna\u0165 Nembutal Pentobarbital oral liquid, Nembutal liquid na sed\u00e1ciu,<\/p>\n<p>Origin\u00e1lny Nembutal Pentobarbital liquid, Nembutal oral liquid delivery, Trusted Nembutal liquid seller, Buy Nembutal liquid safely, Authentic Nembutal liquid, Nembutal liquid supplier, Nembutal liquid in the USA, Nembutal oral liquid availability, Fast delivery of Nembutal liquid, Kvalitn\u00fd Nembutal Pentobarbital tekut\u00fd, Nembutal tekut\u00fd lek\u00e1re\u0148, Nembutal tekut\u00fd na anest\u00e9ziu, K\u00fapi\u0165 Nembutal tekut\u00fd online, Bezpe\u010dn\u00fd n\u00e1kup Nembutal tekut\u00fd, Nembutal Pentobarbital peror\u00e1lny tekut\u00fd pre profesion\u00e1lov, Spo\u013eahliv\u00fd zdroj Nembutal tekut\u00fd, Nembutal tekut\u00fd celosvetov\u00e1 doprava<\/p>\n<p><img decoding=\"async\" class=\"wp-image-176 aligncenter\" src=\"https:\/\/poisonshops.com\/wp-content\/uploads\/2025\/11\/poison_shop_logo-300x171.png\" alt=\"Obchody s jedmi\" width=\"128\" height=\"73\" srcset=\"https:\/\/poisonshops.com\/wp-content\/uploads\/2025\/11\/poison_shop_logo-300x171.png 300w, https:\/\/poisonshops.com\/wp-content\/uploads\/2025\/11\/poison_shop_logo.png 563w\" sizes=\"(max-width: 128px) 100vw, 128px\" \/><\/p>","protected":false},"excerpt":{"rendered":"<p>Buy Nembutal Pentobarbital Oral Liquid Online Welcome to Bio Weapons , the premier source for high-quality Nembutal Pentobarbital oral liquid. Our Nembutal oral liquid is available exclusively to approved individuals with valid prescriptions. We are dedicated to providing superior quality, safety, and customer satisfaction, making us a trusted name in the industry. What is Nembutal [&hellip;]<\/p>\n","protected":false},"featured_media":216,"comment_status":"open","ping_status":"closed","template":"","meta":[],"product_brand":[],"product_cat":[18],"product_tag":[],"class_list":{"0":"post-95","1":"product","2":"type-product","3":"status-publish","4":"has-post-thumbnail","6":"product_cat-buy-nembutal-pentobarbital","8":"first","9":"instock","10":"featured","11":"shipping-taxable","12":"purchasable","13":"product-type-variable"},"_links":{"self":[{"href":"https:\/\/poisonshops.com\/sk\/wp-json\/wp\/v2\/product\/95","targetHints":{"allow":["GET"]}}],"collection":[{"href":"https:\/\/poisonshops.com\/sk\/wp-json\/wp\/v2\/product"}],"about":[{"href":"https:\/\/poisonshops.com\/sk\/wp-json\/wp\/v2\/types\/product"}],"replies":[{"embeddable":true,"href":"https:\/\/poisonshops.com\/sk\/wp-json\/wp\/v2\/comments?post=95"}],"wp:featuredmedia":[{"embeddable":true,"href":"https:\/\/poisonshops.com\/sk\/wp-json\/wp\/v2\/media\/216"}],"wp:attachment":[{"href":"https:\/\/poisonshops.com\/sk\/wp-json\/wp\/v2\/media?parent=95"}],"wp:term":[{"taxonomy":"product_brand","embeddable":true,"href":"https:\/\/poisonshops.com\/sk\/wp-json\/wp\/v2\/product_brand?post=95"},{"taxonomy":"product_cat","embeddable":true,"href":"https:\/\/poisonshops.com\/sk\/wp-json\/wp\/v2\/product_cat?post=95"},{"taxonomy":"product_tag","embeddable":true,"href":"https:\/\/poisonshops.com\/sk\/wp-json\/wp\/v2\/product_tag?post=95"}],"curies":[{"name":"wp","href":"https:\/\/api.w.org\/{rel}","templated":true}]}}