{"id":97,"date":"2017-12-20T14:16:19","date_gmt":"2017-12-20T14:16:19","guid":{"rendered":"https:\/\/wordpress.gradientthemes.com\/brand-shop\/product\/dark-blue-denim-jeans\/"},"modified":"2025-12-05T12:30:39","modified_gmt":"2025-12-05T12:30:39","slug":"nembutal-pentobarbital-pilulky-50-mg","status":"publish","type":"product","link":"https:\/\/poisonshops.com\/sk\/produkt\/nembutal-pentobarbital-pilulky-50-mg\/","title":{"rendered":"Tablety Nembutal Pentobarbital, 50 mg"},"content":{"rendered":"<h3>Nembutal Pentobarbital Pills, 50 mg Popis produktu<\/h3>\n<p>Vitajte na str\u00e1nke Bio Weapons , v\u00e1\u0161ho d\u00f4veryhodn\u00e9ho zdroja vysokokvalitn\u00fdch tabletiek Nembutal Pentobarbital. S hrdos\u0165ou pon\u00fakame 50 mg tabletky Nembutalu schv\u00e1len\u00fdm osob\u00e1m s platn\u00fdmi lek\u00e1rskymi predpismi. N\u00e1\u0161 z\u00e1v\u00e4zok ku kvalite, bezpe\u010dnosti a spokojnosti z\u00e1kazn\u00edkov n\u00e1s odli\u0161uje v tomto odvetv\u00ed.<\/p>\n<h4><strong>\u010co je Nembutal Pentobarbital Pills?<\/strong><\/h4>\n<p>Nembutal, zn\u00e1my aj ako pentobarbital, je barbitur\u00e1tov\u00fd liek pou\u017e\u00edvan\u00fd ako sedat\u00edvum, anestetikum a antikonvulz\u00edvum. Nembutal vo forme tabliet pon\u00faka pohodlie a presn\u00e9 d\u00e1vkovanie, v\u010faka \u010domu je ob\u013e\u00fabenou vo\u013ebou pre r\u00f4zne lek\u00e1rske aplik\u00e1cie. Ka\u017ed\u00e1 50 mg tableta je formulovan\u00e1 tak, aby poskytovala \u00fa\u010dinn\u00e9 a spo\u013eahliv\u00e9 v\u00fdsledky a zabezpe\u010dila bezpe\u010dnos\u0165 a pohodlie pacienta.<\/p>\n<h4><strong>Pou\u017eitie pentobarbitalov\u00fdch tabliet Nembutal, 50 mg<\/strong><\/h4>\n<p>Nembutal 50 mg pilulky sa pou\u017e\u00edvaj\u00fa v r\u00f4znych lek\u00e1rskych kontextoch, vr\u00e1tane:<\/p>\n<ol>\n<li><strong>Sed\u00e1cia<\/strong>: Tablety Nembutalu sa be\u017ene predpisuj\u00fa na vyvolanie sed\u00e1cie u pacientov podstupuj\u00facich lek\u00e1rske z\u00e1kroky. Ich r\u00fdchly n\u00e1stup \u00fa\u010dinku zabezpe\u010duje pacientom uvo\u013enenie a pohodlie.<\/li>\n<li><strong>Anest\u00e9zia<\/strong>: V chirurgick\u00fdch zariadeniach sa tabletky Nembutalu pou\u017e\u00edvaj\u00fa ako predanestetick\u00e9 \u010dinidlo na navodenie stavu hlbok\u00e9ho sp\u00e1nku. Ich \u00fa\u010dinnos\u0165 pri poskytovan\u00ed spo\u013eahlivej anest\u00e9zie ich rob\u00ed neocenite\u013en\u00fdmi pre zdravotn\u00edckych pracovn\u00edkov.<\/li>\n<li><strong>Kontrola z\u00e1chytov<\/strong>: Nembutal je \u00fa\u010dinn\u00fd pri zvl\u00e1dan\u00ed ak\u00fatnych z\u00e1chvatov, najm\u00e4 v n\u00fadzov\u00fdch situ\u00e1ci\u00e1ch. P\u00f4sob\u00ed tak, \u017ee tlm\u00ed centr\u00e1lny nervov\u00fd syst\u00e9m, \u010d\u00edm zni\u017euje z\u00e1chvatov\u00fa aktivitu.<\/li>\n<li><strong>Eutan\u00e1zia<\/strong>: Vo veterin\u00e1rnej medic\u00edne sa tabletky Nembutalu pou\u017e\u00edvaj\u00fa na hum\u00e1nnu eutan\u00e1ziu zvierat. Ich r\u00fdchlo p\u00f4sobiace vlastnosti zabezpe\u010duj\u00fa pokojn\u00fd a bezbolestn\u00fd prechod.<\/li>\n<\/ol>\n<h4><strong>Kvalita a \u010distota<\/strong><\/h4>\n<p>V spolo\u010dnosti Bio Weapons si uvedomujeme d\u00f4le\u017eitos\u0165 \u010distoty a kvality farmaceutick\u00fdch v\u00fdrobkov. Na\u0161e tablety Nembutal 50 mg poch\u00e1dzaj\u00fa od renomovan\u00fdch v\u00fdrobcov a prech\u00e1dzaj\u00fa pr\u00edsnymi procesmi kontroly kvality. Ka\u017ed\u00e1 \u0161ar\u017ea sa pr\u00edsne testuje na \u010distotu a \u00fa\u010dinnos\u0165, \u010d\u00edm sa zabezpe\u010d\u00ed, \u017ee sp\u013a\u0148a najvy\u0161\u0161ie priemyseln\u00e9 normy. Ke\u010f si u n\u00e1s k\u00fapite pentobarbitalov\u00e9 tablety Nembutal, m\u00f4\u017eete sa spo\u013eahn\u00fa\u0165, \u017ee dost\u00e1vate produkt, ktor\u00fd je bezpe\u010dn\u00fd, \u00fa\u010dinn\u00fd a spo\u013eahliv\u00fd.<\/p>\n<h4><strong>D\u00e1vkovanie a pod\u00e1vanie<\/strong><\/h4>\n<p>Pentobarbitalov\u00e9 tablety Nembutal sa maj\u00fa pou\u017e\u00edva\u0165 presne pod\u013ea pokynov zdravotn\u00edckeho pracovn\u00edka. D\u00e1vkovanie a sp\u00f4sob pod\u00e1vania sa m\u00f4\u017eu l\u00ed\u0161i\u0165 v z\u00e1vislosti od konkr\u00e9tneho zdravotn\u00e9ho stavu a individu\u00e1lnych potrieb pacienta. Na zaistenie bezpe\u010dnosti a \u00fa\u010dinnosti je nevyhnutn\u00e9 dodr\u017eiava\u0165 predp\u00edsan\u00e9 d\u00e1vkovanie.<\/p>\n<p><strong>Pr\u00edprava a skladovanie<\/strong>:<\/p>\n<ul>\n<li><strong>Pr\u00edprava<\/strong>: Tablety Nembutal 50 mg sa u\u017e\u00edvaj\u00fa peror\u00e1lne, s jedlom alebo bez jedla, pod\u013ea pokynov v\u00e1\u0161ho lek\u00e1ra.<\/li>\n<li><strong>Skladovanie<\/strong>: Tablety Nembutalu uchov\u00e1vajte na chladnom a suchom mieste, mimo dosahu priameho slne\u010dn\u00e9ho svetla a vlhkosti. Uchov\u00e1vajte ich mimo dosahu det\u00ed a dom\u00e1cich zvierat.<\/li>\n<\/ul>\n<h4><strong>Ne\u017eiaduce \u00fa\u010dinky a opatrenia<\/strong><\/h4>\n<p>Tak ako v\u0161etky lieky, aj tablety Nembutalu m\u00f4\u017eu sp\u00f4sobova\u0165 ved\u013eaj\u0161ie \u00fa\u010dinky. Medzi \u010dast\u00e9 ved\u013eaj\u0161ie \u00fa\u010dinky patr\u00ed ospalos\u0165, z\u00e1vraty, nevo\u013enos\u0165 a boles\u0165 hlavy. V zriedkav\u00fdch pr\u00edpadoch sa m\u00f4\u017eu vyskytn\u00fa\u0165 z\u00e1va\u017enej\u0161ie ved\u013eaj\u0161ie \u00fa\u010dinky, ako je \u00fatlm d\u00fdchania, hypotenzia alebo alergick\u00e9 reakcie. V pr\u00edpade v\u00fdskytu ak\u00fdchko\u013evek z\u00e1va\u017en\u00fdch ved\u013eaj\u0161\u00edch \u00fa\u010dinkov je nevyhnutn\u00e9 okam\u017eite vyh\u013eada\u0165 lek\u00e1rsku pomoc.<\/p>\n<p><img decoding=\"async\" class=\"wp-image-463 aligncenter\" src=\"https:\/\/poisonshops.com\/wp-content\/uploads\/2025\/11\/tttt-1-204x300.png\" alt=\"Obchod s jedmi\" width=\"88\" height=\"129\" srcset=\"https:\/\/poisonshops.com\/wp-content\/uploads\/2025\/11\/tttt-1-204x300.png 204w, https:\/\/poisonshops.com\/wp-content\/uploads\/2025\/11\/tttt-1.png 218w\" sizes=\"(max-width: 88px) 100vw, 88px\" \/><\/p>\n<p><strong>Bezpe\u010dnostn\u00e9 opatrenia<\/strong>:<\/p>\n<ul>\n<li><strong>Anamn\u00e9za<\/strong>: Informujte svojho poskytovate\u013ea zdravotnej starostlivosti o svojej kompletnej anamn\u00e9ze, najm\u00e4 ak ste v minulosti trpeli ochoren\u00edm pe\u010dene, obli\u010diek alebo d\u00fdchac\u00edch ciest.<\/li>\n<li><strong>Liekov\u00e9 interakcie<\/strong>: Nembutal m\u00f4\u017ee interagova\u0165 s in\u00fdmi liekmi vr\u00e1tane sedat\u00edv, opioidov a alkoholu. Uistite sa, \u017ee v\u00e1\u0161 poskytovate\u013e zdravotnej starostlivosti vie o v\u0161etk\u00fdch liekoch, ktor\u00e9 u\u017e\u00edvate.<\/li>\n<li><strong>Tehotenstvo a doj\u010denie<\/strong>: Nembutal sa m\u00e1 pou\u017e\u00edva\u0165 s opatrnos\u0165ou po\u010das tehotenstva a doj\u010denia. Pora\u010fte sa so svoj\u00edm zdravotn\u00edckym pracovn\u00edkom.<\/li>\n<\/ul>\n<h4><strong>Pre\u010do si vybra\u0165 biologick\u00e9 zbrane?<\/strong><\/h4>\n<ol>\n<li><strong>Zabezpe\u010denie kvality<\/strong>: Kladieme d\u00f4raz na kvalitu a bezpe\u010dnos\u0165 a zabezpe\u010dujeme, aby na\u0161e tabletky Nembutal 50 mg sp\u013a\u0148ali najvy\u0161\u0161ie priemyseln\u00e9 normy.<\/li>\n<li><strong>Autorizovan\u00ed predajcovia<\/strong>: Bio Weapons je d\u00f4veryhodn\u00fd a autorizovan\u00fd predajca, ktor\u00fd poskytuje origin\u00e1lne produkty schv\u00e1len\u00fdm osob\u00e1m na z\u00e1klade lek\u00e1rskeho predpisu.<\/li>\n<li><strong>Bezpe\u010dn\u00e9 transakcie<\/strong>: Na\u0161a online platforma zabezpe\u010duje bezpe\u010dn\u00e9 transakcie a chr\u00e1ni va\u0161e osobn\u00e9 a finan\u010dn\u00e9 \u00fadaje.<\/li>\n<li><strong>Z\u00e1kazn\u00edcka podpora<\/strong>: N\u00e1\u0161 oddan\u00fd t\u00edm z\u00e1kazn\u00edckej podpory je v\u00e1m k dispoz\u00edcii, aby v\u00e1m pomohol s ak\u00fdmiko\u013evek ot\u00e1zkami alebo probl\u00e9mami a poskytol v\u00e1m profesion\u00e1lne a priate\u013esk\u00e9 slu\u017eby.<\/li>\n<li><strong>V\u010dasn\u00e9 dodanie<\/strong>: Uvedomujeme si d\u00f4le\u017eitos\u0165 v\u010dasn\u00e9ho dodania. N\u00e1\u0161 efekt\u00edvny proces prepravy zaru\u010duje, \u017ee svoje tablety Nembutal dostanete r\u00fdchlo a diskr\u00e9tne.<\/li>\n<\/ol>\n<p><img decoding=\"async\" class=\"wp-image-502 aligncenter\" src=\"https:\/\/poisonshops.com\/wp-content\/uploads\/2025\/11\/Bio-Weapons-240x300.png\" alt=\"Biologick\u00e9 zbrane\" width=\"82\" height=\"103\" srcset=\"https:\/\/poisonshops.com\/wp-content\/uploads\/2025\/11\/Bio-Weapons-240x300.png 240w, https:\/\/poisonshops.com\/wp-content\/uploads\/2025\/11\/Bio-Weapons.png 265w\" sizes=\"(max-width: 82px) 100vw, 82px\" \/><\/p>\n<h4><strong>Z\u00e1ver<\/strong><\/h4>\n<p>Bio Weapons je v\u00e1\u0161 d\u00f4veryhodn\u00fd zdroj vysoko kvalitn\u00fdch tabletiek Nembutal Pentobarbital 50 mg. Zav\u00e4zujeme sa poskytova\u0165 bezpe\u010dn\u00e9, \u00fa\u010dinn\u00e9 a spo\u013eahliv\u00e9 produkty schv\u00e1len\u00fdm osob\u00e1m s platn\u00fdmi predpismi. Na\u0161e zameranie na kvalitu, spokojnos\u0165 z\u00e1kazn\u00edkov a bezpe\u010dn\u00e9 transakcie n\u00e1s v tomto odvetv\u00ed odli\u0161uje. Nakupujte s d\u00f4verou v spolo\u010dnosti Bio Weapons a za\u017eite rozdiel v kvalite a slu\u017eb\u00e1ch.<\/p>\n<p><strong>Objednajte si Nembutal Pentobarbital 50 mg tablety e\u0161te dnes<\/strong> a pridajte sa k na\u0161im spokojn\u00fdm z\u00e1kazn\u00edkom, ktor\u00ed d\u00f4veruj\u00fa spolo\u010dnosti Bio Weapons v oblasti svojich zdravotn\u00fdch potrieb. Va\u0161e zdravie a bezpe\u010dnos\u0165 s\u00fa na\u0161ou najvy\u0161\u0161ou prioritou.<\/p>\n<p>&nbsp;<\/p>\n<ul>\n<li>K\u00fapi\u0165 Nembutal Pentobarbital 50 mg pilulky online<\/li>\n<li>Vysokokvalitn\u00e9 tablety Nembutal 50 mg na lek\u00e1rske pou\u017eitie<\/li>\n<li>N\u00e1kup Nembutal 50 mg Pills bezpe\u010dne a leg\u00e1lne<\/li>\n<li>D\u00f4veryhodn\u00fd zdroj pre Nembutal Pentobarbital 50 mg Pills<\/li>\n<li>Objedna\u0165 Nembutal Pentobarbital 50 mg Pills bezpe\u010dne<\/li>\n<li>R\u00fdchle dodanie Nembutal 50 mg Pills po celom svete<\/li>\n<li>Spo\u013eahliv\u00fd dod\u00e1vate\u013e Nembutal Pentobarbital 50 mg Pills<\/li>\n<li>Autentick\u00e9 Nembutal Pentobarbital 50mg Pills na predaj<\/li>\n<li>K\u00fapi\u0165 Nembutal 50 mg pilulky od autorizovan\u00fdch predajcov<\/li>\n<li>Najlep\u0161ie miesto na n\u00e1kup Nembutal Pentobarbital 50 mg Pills<\/li>\n<\/ul>\n<h3>K\u00fapi\u0165 Nembutal Pentobarbital Pills 50mg<\/h3>\n<p><img decoding=\"async\" class=\"wp-image-176 aligncenter\" src=\"https:\/\/poisonshops.com\/wp-content\/uploads\/2025\/11\/poison_shop_logo-300x171.png\" alt=\"Obchody s jedmi\" width=\"114\" height=\"65\" srcset=\"https:\/\/poisonshops.com\/wp-content\/uploads\/2025\/11\/poison_shop_logo-300x171.png 300w, https:\/\/poisonshops.com\/wp-content\/uploads\/2025\/11\/poison_shop_logo.png 563w\" sizes=\"(max-width: 114px) 100vw, 114px\" \/><\/p>","protected":false},"excerpt":{"rendered":"<p>Nembutal Pentobarbital Pills, 50mg Product Description Welcome to Bio Weapons , your trusted source for high-quality Nembutal Pentobarbital pills. We proudly offer 50mg Nembutal pills to approved individuals with valid prescriptions. Our commitment to quality, safety, and customer satisfaction sets us apart in the industry. What are Nembutal Pentobarbital Pills? Nembutal, also known as pentobarbital, [&hellip;]<\/p>\n","protected":false},"featured_media":235,"comment_status":"open","ping_status":"closed","template":"","meta":[],"product_brand":[],"product_cat":[18],"product_tag":[],"class_list":{"0":"post-97","1":"product","2":"type-product","3":"status-publish","4":"has-post-thumbnail","6":"product_cat-buy-nembutal-pentobarbital","8":"first","9":"instock","10":"shipping-taxable","11":"purchasable","12":"product-type-variable"},"_links":{"self":[{"href":"https:\/\/poisonshops.com\/sk\/wp-json\/wp\/v2\/product\/97","targetHints":{"allow":["GET"]}}],"collection":[{"href":"https:\/\/poisonshops.com\/sk\/wp-json\/wp\/v2\/product"}],"about":[{"href":"https:\/\/poisonshops.com\/sk\/wp-json\/wp\/v2\/types\/product"}],"replies":[{"embeddable":true,"href":"https:\/\/poisonshops.com\/sk\/wp-json\/wp\/v2\/comments?post=97"}],"wp:featuredmedia":[{"embeddable":true,"href":"https:\/\/poisonshops.com\/sk\/wp-json\/wp\/v2\/media\/235"}],"wp:attachment":[{"href":"https:\/\/poisonshops.com\/sk\/wp-json\/wp\/v2\/media?parent=97"}],"wp:term":[{"taxonomy":"product_brand","embeddable":true,"href":"https:\/\/poisonshops.com\/sk\/wp-json\/wp\/v2\/product_brand?post=97"},{"taxonomy":"product_cat","embeddable":true,"href":"https:\/\/poisonshops.com\/sk\/wp-json\/wp\/v2\/product_cat?post=97"},{"taxonomy":"product_tag","embeddable":true,"href":"https:\/\/poisonshops.com\/sk\/wp-json\/wp\/v2\/product_tag?post=97"}],"curies":[{"name":"wp","href":"https:\/\/api.w.org\/{rel}","templated":true}]}}