{"id":98,"date":"2017-12-20T14:16:06","date_gmt":"2017-12-20T14:16:06","guid":{"rendered":"https:\/\/wordpress.gradientthemes.com\/brand-shop\/product\/faint-washed-denim-blue-jeans\/"},"modified":"2025-12-05T12:55:48","modified_gmt":"2025-12-05T12:55:48","slug":"nembutalovy-prasok","status":"publish","type":"product","link":"https:\/\/poisonshops.com\/sk\/produkt\/nembutalovy-prasok\/","title":{"rendered":"Nembutal pr\u00e1\u0161ok"},"content":{"rendered":"<h3>Popis produktu Nembutal Powder<\/h3>\n<p>Vitajte na str\u00e1nke Bio Weapons , v\u00e1\u0161ho hlavn\u00e9ho zdroja vysokokvalitn\u00e9ho pr\u00e1\u0161ku Nembutal. Sme hrd\u00ed na to, \u017ee pon\u00fakame najlep\u0161\u00ed pr\u00e1\u0161ok Nembutal (pentobarbital) schv\u00e1len\u00fdm osob\u00e1m s platn\u00fdmi predpismi. N\u00e1\u0161 z\u00e1v\u00e4zok vo\u010di kvalite, bezpe\u010dnosti a spokojnosti z\u00e1kazn\u00edkov n\u00e1s v tomto odvetv\u00ed odli\u0161uje.<\/p>\n<h4><strong>\u010co je pr\u00e1\u0161ok Nembutal?<\/strong><\/h4>\n<p>Nembutal, zn\u00e1my aj ako pentobarbital, je barbitur\u00e1tov\u00fd liek pou\u017e\u00edvan\u00fd predov\u0161etk\u00fdm ako sedat\u00edvum, anestetikum a antikonvulz\u00edvum. Vo forme pr\u00e1\u0161ku m\u00e1 v\u0161estrann\u00e9 pou\u017eitie, najm\u00e4 v lek\u00e1rskych a veterin\u00e1rnych zariadeniach. Pr\u00e1\u0161ok Nembutal je zn\u00e1my svojou \u00fa\u010dinnos\u0165ou a r\u00fdchlo p\u00f4sobiacimi vlastnos\u0165ami, v\u010faka \u010domu je spo\u013eahlivou vo\u013ebou pre zdravotn\u00edckych pracovn\u00edkov.<\/p>\n<h4><strong>Pou\u017eitie pr\u00e1\u0161ku Nembutal<\/strong><\/h4>\n<p>Nembutalov\u00fd pr\u00e1\u0161ok sa pou\u017e\u00edva v r\u00f4znych lek\u00e1rskych aplik\u00e1ci\u00e1ch vr\u00e1tane:<\/p>\n<ol>\n<li><strong>Sed\u00e1cia<\/strong>: Nembutal sa be\u017ene pou\u017e\u00edva na vyvolanie sed\u00e1cie u pacientov podstupuj\u00facich lek\u00e1rske z\u00e1kroky. Jeho r\u00fdchly \u00fa\u010dinok zabezpe\u010duje r\u00fdchle uvo\u013enenie a pohodlie pacientov.<\/li>\n<li><strong>Anest\u00e9zia<\/strong>: V chirurgick\u00fdch zariadeniach sa pr\u00e1\u0161ok Nembutal pou\u017e\u00edva ako anestetikum. Jeho schopnos\u0165 r\u00fdchlo navodi\u0165 stav hlbok\u00e9ho sp\u00e1nku ho rob\u00ed ide\u00e1lnym na predopera\u010dn\u00fa sed\u00e1ciu.<\/li>\n<li><strong>Kontrola z\u00e1chytov<\/strong>: Nembutal je \u00fa\u010dinn\u00fd pri kontrole z\u00e1chvatov, najm\u00e4 v n\u00fadzov\u00fdch situ\u00e1ci\u00e1ch. P\u00f4sob\u00ed tak, \u017ee tlm\u00ed centr\u00e1lny nervov\u00fd syst\u00e9m, \u010d\u00edm zni\u017euje riziko vzniku z\u00e1chvatov.<\/li>\n<li><strong>Eutan\u00e1zia<\/strong>: Vo veterin\u00e1rnej medic\u00edne sa pr\u00e1\u0161ok Nembutal pou\u017e\u00edva na hum\u00e1nnu eutan\u00e1ziu zvierat. Jeho r\u00fdchlo p\u00f4sobiace vlastnosti zabezpe\u010duj\u00fa pokojn\u00fd a bezbolestn\u00fd prechod.<\/li>\n<\/ol>\n<h4><strong>Kvalita a \u010distota<\/strong><\/h4>\n<p>V spolo\u010dnosti Bio Weapons si uvedomujeme d\u00f4le\u017eitos\u0165 \u010distoty a kvality farmaceutick\u00fdch v\u00fdrobkov. N\u00e1\u0161 pr\u00e1\u0161ok Nembutal poch\u00e1dza od renomovan\u00fdch v\u00fdrobcov a prech\u00e1dza pr\u00edsnymi procesmi kontroly kvality. Ka\u017ed\u00e1 \u0161ar\u017ea sa testuje na \u010distotu, \u010d\u00edm sa zabezpe\u010d\u00ed, \u017ee sp\u013a\u0148a najvy\u0161\u0161ie priemyseln\u00e9 normy. Pri n\u00e1kupe pr\u00e1\u0161ku Nembutal od n\u00e1s m\u00f4\u017eete d\u00f4verova\u0165, \u017ee dost\u00e1vate produkt, ktor\u00fd je bezpe\u010dn\u00fd, \u00fa\u010dinn\u00fd a spo\u013eahliv\u00fd.<\/p>\n<h4><strong>D\u00e1vkovanie a pod\u00e1vanie<\/strong><\/h4>\n<p>Pr\u00e1\u0161ok Nembutal sa m\u00e1 pou\u017e\u00edva\u0165 pr\u00edsne pod\u013ea pokynov poskytnut\u00fdch zdravotn\u00edckym pracovn\u00edkom. D\u00e1vkovanie a sp\u00f4sob pod\u00e1vania sa m\u00f4\u017eu l\u00ed\u0161i\u0165 v z\u00e1vislosti od konkr\u00e9tneho zdravotn\u00e9ho stavu a individu\u00e1lnych potrieb pacienta. Na zaistenie bezpe\u010dnosti a \u00fa\u010dinnosti je nevyhnutn\u00e9 dodr\u017eiava\u0165 predp\u00edsan\u00e9 d\u00e1vkovanie.<\/p>\n<p><strong>Pr\u00edprava a skladovanie<\/strong>:<\/p>\n<ul>\n<li><strong>Pr\u00edprava<\/strong>: Pr\u00e1\u0161ok Nembutalu mo\u017eno zmie\u0161an\u00edm s vhodn\u00fdm rozp\u00fa\u0161\u0165adlom rekon\u0161tituova\u0165 do tekutej formy. Je nevyhnutn\u00e9 dodr\u017eiava\u0165 spr\u00e1vne pokyny na pr\u00edpravu, aby sa zabezpe\u010dilo presn\u00e9 d\u00e1vkovanie.<\/li>\n<li><strong>Skladovanie<\/strong>: Pr\u00e1\u0161ok Nembutal skladujte na chladnom a suchom mieste, mimo dosahu priameho slne\u010dn\u00e9ho svetla a vlhkosti. Uchov\u00e1vajte ho mimo dosahu det\u00ed a dom\u00e1cich zvierat.<\/li>\n<\/ul>\n<h4><strong>Ne\u017eiaduce \u00fa\u010dinky a opatrenia<\/strong><\/h4>\n<p>Tak ako v\u0161etky lieky, aj pr\u00e1\u0161ok Nembutal m\u00f4\u017ee sp\u00f4sobi\u0165 ved\u013eaj\u0161ie \u00fa\u010dinky. Be\u017en\u00e9 ved\u013eaj\u0161ie \u00fa\u010dinky zah\u0155\u0148aj\u00fa ospalos\u0165, z\u00e1vraty, nevo\u013enos\u0165 a boles\u0165 hlavy. V zriedkav\u00fdch pr\u00edpadoch sa m\u00f4\u017eu vyskytn\u00fa\u0165 z\u00e1va\u017enej\u0161ie ved\u013eaj\u0161ie \u00fa\u010dinky, ako je \u00fatlm d\u00fdchania, hypotenzia alebo alergick\u00e9 reakcie. V pr\u00edpade v\u00fdskytu ak\u00fdchko\u013evek z\u00e1va\u017en\u00fdch ved\u013eaj\u0161\u00edch \u00fa\u010dinkov je nevyhnutn\u00e9 okam\u017eite vyh\u013eada\u0165 lek\u00e1rsku pomoc.<\/p>\n<p><img decoding=\"async\" class=\"wp-image-463 aligncenter\" src=\"https:\/\/poisonshops.com\/wp-content\/uploads\/2025\/11\/tttt-1-204x300.png\" alt=\"Obchod s jedmi\" width=\"50\" height=\"74\" srcset=\"https:\/\/poisonshops.com\/wp-content\/uploads\/2025\/11\/tttt-1-204x300.png 204w, https:\/\/poisonshops.com\/wp-content\/uploads\/2025\/11\/tttt-1.png 218w\" sizes=\"(max-width: 50px) 100vw, 50px\" \/><\/p>\n<p><strong>Bezpe\u010dnostn\u00e9 opatrenia<\/strong>:<\/p>\n<ul>\n<li><strong>Anamn\u00e9za<\/strong>: Informujte svojho poskytovate\u013ea zdravotnej starostlivosti o svojej kompletnej anamn\u00e9ze, najm\u00e4 ak ste v minulosti trpeli ochoren\u00edm pe\u010dene, obli\u010diek alebo d\u00fdchac\u00edch ciest.<\/li>\n<li><strong>Liekov\u00e9 interakcie<\/strong>: Nembutal m\u00f4\u017ee interagova\u0165 s in\u00fdmi liekmi vr\u00e1tane sedat\u00edv, opioidov a alkoholu. Uistite sa, \u017ee v\u00e1\u0161 poskytovate\u013e zdravotnej starostlivosti vie o v\u0161etk\u00fdch liekoch, ktor\u00e9 u\u017e\u00edvate.<\/li>\n<li><strong>Tehotenstvo a doj\u010denie<\/strong>: Nembutal sa m\u00e1 pou\u017e\u00edva\u0165 s opatrnos\u0165ou po\u010das tehotenstva a doj\u010denia. Pora\u010fte sa so svoj\u00edm zdravotn\u00edckym pracovn\u00edkom.<\/li>\n<\/ul>\n<h4><strong>Pre\u010do si vybra\u0165 biologick\u00e9 zbrane?<\/strong><\/h4>\n<ol>\n<li><strong>Zabezpe\u010denie kvality<\/strong>: Kladieme d\u00f4raz na kvalitu a bezpe\u010dnos\u0165 a zabezpe\u010dujeme, aby n\u00e1\u0161 pr\u00e1\u0161ok Nembutal sp\u013a\u0148al najvy\u0161\u0161ie priemyseln\u00e9 normy.<\/li>\n<li><strong>Autorizovan\u00ed predajcovia<\/strong>: Bio Weapons je d\u00f4veryhodn\u00fd a autorizovan\u00fd predajca, ktor\u00fd poskytuje origin\u00e1lne produkty schv\u00e1len\u00fdm osob\u00e1m na z\u00e1klade lek\u00e1rskeho predpisu.<\/li>\n<li><strong>Bezpe\u010dn\u00e9 transakcie<\/strong>: Na\u0161a online platforma zabezpe\u010duje bezpe\u010dn\u00e9 transakcie a chr\u00e1ni va\u0161e osobn\u00e9 a finan\u010dn\u00e9 \u00fadaje.<\/li>\n<li><strong>Z\u00e1kazn\u00edcka podpora<\/strong>: N\u00e1\u0161 oddan\u00fd t\u00edm z\u00e1kazn\u00edckej podpory je v\u00e1m k dispoz\u00edcii, aby v\u00e1m pomohol s ak\u00fdmiko\u013evek ot\u00e1zkami alebo probl\u00e9mami a poskytol v\u00e1m profesion\u00e1lne a priate\u013esk\u00e9 slu\u017eby.<\/li>\n<li><strong>V\u010dasn\u00e9 dodanie<\/strong>: Uvedomujeme si d\u00f4le\u017eitos\u0165 v\u010dasn\u00e9ho dodania. N\u00e1\u0161 efekt\u00edvny proces prepravy zaru\u010duje, \u017ee svoj pr\u00e1\u0161ok Nembutal dostanete r\u00fdchlo a diskr\u00e9tne.<\/li>\n<\/ol>\n<h4><strong>Z\u00e1ver<\/strong><\/h4>\n<p>Spolo\u010dnos\u0165 Bio Weapons je va\u0161\u00edm d\u00f4veryhodn\u00fdm zdrojom vysokokvalitn\u00e9ho pr\u00e1\u0161ku Nembutal. Zav\u00e4zujeme sa poskytova\u0165 bezpe\u010dn\u00e9, \u00fa\u010dinn\u00e9 a spo\u013eahliv\u00e9 produkty schv\u00e1len\u00fdm osob\u00e1m s platn\u00fdmi predpismi. Na\u0161e zameranie na kvalitu, spokojnos\u0165 z\u00e1kazn\u00edkov a bezpe\u010dn\u00e9 transakcie n\u00e1s v tomto odvetv\u00ed odli\u0161uje. Nakupujte s d\u00f4verou v spolo\u010dnosti Bio Weapons a za\u017eite rozdiel v kvalite a slu\u017eb\u00e1ch.<\/p>\n<p><strong>Objednajte si pr\u00e1\u0161ok Nembutal e\u0161te dnes<\/strong> a pridajte sa k na\u0161im spokojn\u00fdm z\u00e1kazn\u00edkom, ktor\u00ed d\u00f4veruj\u00fa spolo\u010dnosti Bio Weapons v oblasti svojich zdravotn\u00fdch potrieb. Va\u0161e zdravie a bezpe\u010dnos\u0165 s\u00fa na\u0161ou najvy\u0161\u0161ou prioritou. <span class=\"EKtkFWMYpwzMKOYr0GYm LQVY1Jpkk8nyJ6HBWKAk\">Kde nak\u00fapi\u0165 Nembutal bezpe\u010dne online<\/span>.<\/p>\n<p>#BuyNembutal, #NembutalPowder, #PentobarbitalPowder, #BuyNembutalOnline, #NembutalForSale, #NembutalGermany, #NembutalFrance, #NembutalPoland, #NembutalNizozemsko, #NembutalPredpis, #NembutalEutan\u00e1zia, #OrderNembutal, #NembutalMedicalUse, #SecureNembutal, #AuthenticNembutal, #ighQualityNembutal, #LegalNembutal, #NembutalSedation, #NembutalAnesthesia, #NembutalSupplier, #TrustedNembutal, #NembutalDelivery, #BuyNembutalSafely, #NembutalUSA, #NembutalPharmacy, #ReliableNembutal, #GenuineNembutal, #ApprovedNembutal, #QualityNembutal, #NembutalAvailability<\/p>\n<p><img decoding=\"async\" class=\"wp-image-502 aligncenter\" src=\"https:\/\/poisonshops.com\/wp-content\/uploads\/2025\/11\/Bio-Weapons-240x300.png\" alt=\"Biologick\u00e9 zbrane\" width=\"80\" height=\"100\" srcset=\"https:\/\/poisonshops.com\/wp-content\/uploads\/2025\/11\/Bio-Weapons-240x300.png 240w, https:\/\/poisonshops.com\/wp-content\/uploads\/2025\/11\/Bio-Weapons.png 265w\" sizes=\"(max-width: 80px) 100vw, 80px\" \/><\/p>\n<h2>Nembutal pr\u00e1\u0161ok na predaj<\/h2>\n<h3 id=\"h-what-is-nembutal\" class=\"wp-block-heading has-text-color has-link-color wp-elements-c7a9867694f4b28eab870bc05ee2f5c7\"><strong>\u010co je Nembutal?<\/strong><\/h3>\n<p class=\"has-black-color has-text-color has-link-color wp-elements-a52f8ded0e6e5833fca35ff12a1e2cbd\">Nembutal, zn\u00e1my aj ako <strong>pentobarbital sodn\u00fd<\/strong>, je <a href=\"https:\/\/www.google.com\/url?sa=t&amp;source=web&amp;rct=j&amp;opi=89978449&amp;url=https:\/\/www.dea.gov\/sites\/default\/files\/2020-06\/Barbiturates-2020_0.pdf&amp;ved=2ahUKEwi2hfvui92KAxVL97sIHQruAmkQFnoECBkQAw&amp;usg=AOvVaw00RmUaQbtHgF1kcuZwLpOn\" target=\"_blank\" rel=\"noopener\">barbitur\u00e1ty<\/a> ktor\u00fd p\u00f4sob\u00ed ako tlmi\u010d centr\u00e1lneho nervov\u00e9ho syst\u00e9mu. Be\u017ene sa pou\u017e\u00edva na:<\/p>\n<ul class=\"wp-block-list\">\n<li class=\"has-black-color has-text-color has-link-color wp-elements-d3520ca6f1e17665b515e2849f1f7d4d\"><strong>Lek\u00e1rske \u00fa\u010dely<\/strong>: Lie\u010dba \u0165a\u017ekej nespavosti alebo navodenie anest\u00e9zie pred oper\u00e1ciou.<\/li>\n<li class=\"has-black-color has-text-color has-link-color wp-elements-c834f37fd6e09ee6c1ed13efef61581a\"><strong>Eutan\u00e1zia<\/strong>: Hum\u00e1nna a pokojn\u00e1 eutan\u00e1zia pre \u013eud\u00ed aj zvierat\u00e1.<\/li>\n<li class=\"has-black-color has-text-color has-link-color wp-elements-e4b8282324965a0b03255e972cb2430e\"><strong>V\u00fdskumn\u00e9 aplik\u00e1cie<\/strong>: Podpora r\u00f4znych \u0161t\u00fadi\u00ed vo vedeckej komunite.<\/li>\n<\/ul>\n<h3 id=\"h-where-to-purchase-nembutal-online\" class=\"wp-block-heading has-text-color has-link-color wp-elements-de3f8183d929965b906b1bf9f564e611\"><strong>Kde k\u00fapi\u0165 Nembutal online?<\/strong><\/h3>\n<p class=\"has-black-color has-text-color has-link-color wp-elements-4f99a5d4a9e6a920664eec6ec9ae9b08\">Pri h\u013eadan\u00ed miesta, kde k\u00fapi\u0165 Nembutal, je ve\u013emi d\u00f4le\u017eit\u00e9 uprednostni\u0165 bezpe\u010dnos\u0165 a pravos\u0165. Tu je sprievodca krok za krokom:<\/p>\n<h4 class=\"wp-block-heading has-text-color has-link-color wp-elements-765a871ed94148e8878acc5f29185bf5\"><strong>1. Presk\u00famajte d\u00f4veryhodn\u00fdch dod\u00e1vate\u013eov<\/strong><\/h4>\n<p class=\"has-black-color has-text-color has-link-color wp-elements-d3fe54f35a4dd2dcf235b160d9a74c51\">Vyberte si dod\u00e1vate\u013eov s preuk\u00e1zate\u013enou hist\u00f3riou dod\u00e1vania origin\u00e1lneho lieku Nembutal. <strong>Nembutal Mann<\/strong> je popredn\u00fd poskytovate\u013e zn\u00e1my kvalitou a diskr\u00e9tnos\u0165ou.<\/p>\n<h4 class=\"wp-block-heading has-text-color has-link-color wp-elements-772c7e19a158a234d9d65c895a686b53\"><strong>2. Overenie poveren\u00ed<\/strong><\/h4>\n<p class=\"has-black-color has-text-color has-link-color wp-elements-704b9f36f10e2cdec6e4994a7349c9bd\">Zabezpe\u010dte, aby dod\u00e1vate\u013e dodr\u017eiaval regula\u010dn\u00e9 normy a poskytoval riadnu dokument\u00e1ciu, ako s\u00fa certifik\u00e1ty v\u00fdrobkov a laborat\u00f3rne spr\u00e1vy.<\/p>\n<h4 class=\"wp-block-heading has-text-color has-link-color wp-elements-673d025fdf1f08de067fbbff47ba8996\"><strong>3. Uprednostnite d\u00f4vernos\u0165<\/strong><\/h4>\n<p class=\"has-black-color has-text-color has-link-color wp-elements-8359270a4ece85697b7c956cb427a8e5\">Vzh\u013eadom na citliv\u00fd charakter n\u00e1kupu lieku Nembutal si vyberte dod\u00e1vate\u013ea, ktor\u00fd pon\u00faka diskr\u00e9tne balenie a bezpe\u010dn\u00e9 mo\u017enosti platby na ochranu v\u00e1\u0161ho s\u00fakromia.<\/p>\n<h4>Kde nak\u00fapi\u0165 Nembutal bezpe\u010dne online<\/h4>\n<p><img decoding=\"async\" class=\"wp-image-176 aligncenter\" src=\"https:\/\/poisonshops.com\/wp-content\/uploads\/2025\/11\/poison_shop_logo-300x171.png\" alt=\"Obchody s jedmi\" width=\"132\" height=\"75\" srcset=\"https:\/\/poisonshops.com\/wp-content\/uploads\/2025\/11\/poison_shop_logo-300x171.png 300w, https:\/\/poisonshops.com\/wp-content\/uploads\/2025\/11\/poison_shop_logo.png 563w\" sizes=\"(max-width: 132px) 100vw, 132px\" \/><\/p>","protected":false},"excerpt":{"rendered":"<p>Nembutal Powder Product Description Welcome to Bio Weapons , your premier source for high-quality Nembutal powder. We take pride in offering the finest Nembutal (pentobarbital) powder to approved individuals with valid prescriptions. Our commitment to quality, safety, and customer satisfaction sets us apart in the industry. What is Nembutal Powder? Nembutal, also known as pentobarbital, [&hellip;]<\/p>\n","protected":false},"featured_media":247,"comment_status":"open","ping_status":"closed","template":"","meta":[],"product_brand":[],"product_cat":[18],"product_tag":[],"class_list":{"0":"post-98","1":"product","2":"type-product","3":"status-publish","4":"has-post-thumbnail","6":"product_cat-buy-nembutal-pentobarbital","8":"first","9":"instock","10":"shipping-taxable","11":"purchasable","12":"product-type-variable"},"_links":{"self":[{"href":"https:\/\/poisonshops.com\/sk\/wp-json\/wp\/v2\/product\/98","targetHints":{"allow":["GET"]}}],"collection":[{"href":"https:\/\/poisonshops.com\/sk\/wp-json\/wp\/v2\/product"}],"about":[{"href":"https:\/\/poisonshops.com\/sk\/wp-json\/wp\/v2\/types\/product"}],"replies":[{"embeddable":true,"href":"https:\/\/poisonshops.com\/sk\/wp-json\/wp\/v2\/comments?post=98"}],"wp:featuredmedia":[{"embeddable":true,"href":"https:\/\/poisonshops.com\/sk\/wp-json\/wp\/v2\/media\/247"}],"wp:attachment":[{"href":"https:\/\/poisonshops.com\/sk\/wp-json\/wp\/v2\/media?parent=98"}],"wp:term":[{"taxonomy":"product_brand","embeddable":true,"href":"https:\/\/poisonshops.com\/sk\/wp-json\/wp\/v2\/product_brand?post=98"},{"taxonomy":"product_cat","embeddable":true,"href":"https:\/\/poisonshops.com\/sk\/wp-json\/wp\/v2\/product_cat?post=98"},{"taxonomy":"product_tag","embeddable":true,"href":"https:\/\/poisonshops.com\/sk\/wp-json\/wp\/v2\/product_tag?post=98"}],"curies":[{"name":"wp","href":"https:\/\/api.w.org\/{rel}","templated":true}]}}