{"id":99,"date":"2017-12-20T07:04:21","date_gmt":"2017-12-20T07:04:21","guid":{"rendered":"https:\/\/wordpress.gradientthemes.com\/brand-shop\/product\/dark-gray-jeans\/"},"modified":"2025-12-05T13:01:44","modified_gmt":"2025-12-05T13:01:44","slug":"nembutal-samovrazedna-kvapalina-10000-mg-ml","status":"publish","type":"product","link":"https:\/\/poisonshops.com\/sk\/produkt\/nembutal-samovrazedna-kvapalina-10000-mg-ml\/","title":{"rendered":"Nembutal samovra\u017eedn\u00e1 tekutina 10000 mg\/ml"},"content":{"rendered":"<h2>K\u00fapi\u0165 Nembutal Suicide Liquid 10000mg\/ml<\/h2>\n<h3>Samovra\u017eedn\u00e9 tabletky a tekutina Nembutal<\/h3>\n<blockquote><p><strong>Pozn\u00e1mka<\/strong>: Nembutal (pentobarbital sodn\u00fd) je kontrolovan\u00e1 l\u00e1tka, ktor\u00e1 sa m\u00e1 pou\u017e\u00edva\u0165 len pod pr\u00edsnym lek\u00e1rskym doh\u013eadom a v s\u00falade so z\u00e1konmi a predpismi pr\u00edslu\u0161nej jurisdikcie. Jeho pou\u017eitie na samovra\u017edu je v mnoh\u00fdch krajin\u00e1ch nez\u00e1konn\u00e9 a pri ak\u00fdchko\u013evek zdravotn\u00fdch obav\u00e1ch je nevyhnutn\u00e9 vyh\u013eada\u0165 n\u00e1le\u017eit\u00e9 lek\u00e1rske poradenstvo.<\/p><\/blockquote>\n<p>Vitajte na str\u00e1nke Bio Weapons , v\u00e1\u0161ho d\u00f4veryhodn\u00e9ho poskytovate\u013ea vysokokvalitn\u00fdch produktov Nembutal Pentobarbital Sodium pre schv\u00e1len\u00e9 osoby s platn\u00fdmi predpismi. Nembutal pon\u00fakame v tabletkovej aj tekutej forme, \u010d\u00edm zabezpe\u010dujeme spo\u013eahliv\u00e9 a \u00fa\u010dinn\u00e9 rie\u0161enia pre r\u00f4zne lek\u00e1rske potreby. V\u010faka n\u00e1\u0161mu z\u00e1v\u00e4zku vo\u010di kvalite, bezpe\u010dnosti a spokojnosti z\u00e1kazn\u00edkov sme sa stali popredn\u00fdm dod\u00e1vate\u013eom v tomto odvetv\u00ed.<\/p>\n<h4><strong>\u010co s\u00fa samovra\u017eedn\u00e9 tablety a tekutina Nembutal?<\/strong><\/h4>\n<p>Nembutal, zn\u00e1my aj ako pentobarbital sodn\u00fd, je barbitur\u00e1tov\u00fd liek so siln\u00fdmi sedat\u00edvnymi, hypnotick\u00fdmi a antikonvulz\u00edvnymi \u00fa\u010dinkami. Pou\u017e\u00edva sa v lek\u00e1rskych zariadeniach na r\u00f4zne \u00fa\u010dely vr\u00e1tane sed\u00e1cie, anest\u00e9zie a kontroly z\u00e1chvatov. Na\u0161e tabletky a tekut\u00e9 pr\u00edpravky lieku Nembutal s\u00fa navrhnut\u00e9 pre maxim\u00e1lnu \u00fa\u010dinnos\u0165 a bezpe\u010dnos\u0165.<\/p>\n<h4><strong>Pou\u017eitie lieku Nembutal<\/strong><\/h4>\n<p>Nembutal sa pou\u017e\u00edva vo viacer\u00fdch lek\u00e1rskych kontextoch vr\u00e1tane:<\/p>\n<ol>\n<li><strong>Sed\u00e1cia<\/strong>: Nembutal sa be\u017ene pou\u017e\u00edva na vyvolanie hlbokej sed\u00e1cie u pacientov podstupuj\u00facich lek\u00e1rske z\u00e1kroky. Jeho r\u00fdchle p\u00f4sobenie zabezpe\u010duje, \u017ee pacienti r\u00fdchlo dosiahnu stav uvo\u013enenia.<\/li>\n<li><strong>Anest\u00e9zia<\/strong>: V chirurgick\u00fdch zariadeniach sa Nembutal pou\u017e\u00edva ako preanestetikum na navodenie hlbok\u00e9ho sp\u00e1nku, \u010do u\u013eah\u010duje hladk\u00fd priebeh z\u00e1krokov bez bolesti.<\/li>\n<li><strong>Kontrola z\u00e1chytov<\/strong>: Nembutal je \u00fa\u010dinn\u00fd pri zvl\u00e1dan\u00ed ak\u00fatnych z\u00e1chvatov, najm\u00e4 v n\u00fadzov\u00fdch situ\u00e1ci\u00e1ch, preto\u017ee tlm\u00ed centr\u00e1lny nervov\u00fd syst\u00e9m a zni\u017euje z\u00e1chvatov\u00fa aktivitu.<\/li>\n<li><strong>Eutan\u00e1zia (veterin\u00e1rne pou\u017eitie)<\/strong>: Nembutal sa vo veterin\u00e1rnej medic\u00edne pou\u017e\u00edva na hum\u00e1nnu eutan\u00e1ziu zvierat, \u010d\u00edm sa zabezpe\u010d\u00ed pokojn\u00fd a bezbolestn\u00fd prechod.<\/li>\n<\/ol>\n<h4><strong>Kvalita a \u010distota<\/strong><\/h4>\n<p>V spolo\u010dnosti Bio Weapons si uvedomujeme z\u00e1sadn\u00fd v\u00fdznam kvality a \u010distoty farmaceutick\u00fdch v\u00fdrobkov. Na\u0161e tabletky a tekut\u00e9 pr\u00edpravky Nembutal poch\u00e1dzaj\u00fa od renomovan\u00fdch v\u00fdrobcov a prech\u00e1dzaj\u00fa pr\u00edsnymi procesmi kontroly kvality. Ka\u017ed\u00e1 \u0161ar\u017ea sa pr\u00edsne testuje, aby sa zabezpe\u010dilo, \u017ee sp\u013a\u0148a najvy\u0161\u0161ie priemyseln\u00e9 normy. Ke\u010f si u n\u00e1s zak\u00fapite Nembutal, m\u00f4\u017eete sa spo\u013eahn\u00fa\u0165, \u017ee dost\u00e1vate produkt, ktor\u00fd je bezpe\u010dn\u00fd, \u00fa\u010dinn\u00fd a spo\u013eahliv\u00fd.<\/p>\n<h4><strong>D\u00e1vkovanie a pod\u00e1vanie<\/strong><\/h4>\n<p>Nembutal sa m\u00e1 pou\u017e\u00edva\u0165 presne pod\u013ea pokynov zdravotn\u00edckeho pracovn\u00edka. D\u00e1vkovanie a sp\u00f4sob pod\u00e1vania sa m\u00f4\u017eu l\u00ed\u0161i\u0165 v z\u00e1vislosti od konkr\u00e9tneho zdravotn\u00e9ho stavu a individu\u00e1lnych potrieb pacienta. Na zaistenie bezpe\u010dnosti a \u00fa\u010dinnosti je nevyhnutn\u00e9 dodr\u017eiava\u0165 predp\u00edsan\u00e9 d\u00e1vkovanie.<\/p>\n<p><strong>Pr\u00edprava a skladovanie<\/strong>:<\/p>\n<ul>\n<li><strong>Pr\u00edprava<\/strong>: Tablety Nembutalu sa pod\u00e1vaj\u00fa peror\u00e1lne, zatia\u013e \u010do tekut\u00e1 forma sa m\u00f4\u017ee u\u017e\u00edva\u0165 peror\u00e1lne alebo pod\u00e1va\u0165 intraven\u00f3zne pod\u013ea pokynov v\u00e1\u0161ho lek\u00e1ra.<\/li>\n<li><strong>Skladovanie<\/strong>: Nembutal skladujte na chladnom a suchom mieste, mimo dosahu priameho slne\u010dn\u00e9ho svetla a vlhkosti. Uchov\u00e1vajte ho mimo dosahu det\u00ed a dom\u00e1cich zvierat.<\/li>\n<\/ul>\n<h4><strong>Ne\u017eiaduce \u00fa\u010dinky a opatrenia<\/strong><\/h4>\n<p>Tak ako v\u0161etky lieky, aj Nembutal m\u00f4\u017ee sp\u00f4sobova\u0165 ved\u013eaj\u0161ie \u00fa\u010dinky. Medzi \u010dast\u00e9 ved\u013eaj\u0161ie \u00fa\u010dinky patr\u00ed ospalos\u0165, z\u00e1vraty, nevo\u013enos\u0165 a boles\u0165 hlavy. V zriedkav\u00fdch pr\u00edpadoch sa m\u00f4\u017eu vyskytn\u00fa\u0165 z\u00e1va\u017enej\u0161ie ved\u013eaj\u0161ie \u00fa\u010dinky, ako je \u00fatlm d\u00fdchania, hypotenzia alebo alergick\u00e9 reakcie. V pr\u00edpade v\u00fdskytu ak\u00fdchko\u013evek z\u00e1va\u017en\u00fdch ved\u013eaj\u0161\u00edch \u00fa\u010dinkov je nevyhnutn\u00e9 okam\u017eite vyh\u013eada\u0165 lek\u00e1rsku pomoc.<\/p>\n<p><strong>Bezpe\u010dnostn\u00e9 opatrenia<\/strong>:<\/p>\n<ul>\n<li><strong>Anamn\u00e9za<\/strong>: Informujte svojho poskytovate\u013ea zdravotnej starostlivosti o svojej kompletnej anamn\u00e9ze, najm\u00e4 ak ste v minulosti trpeli ochoren\u00edm pe\u010dene, obli\u010diek alebo d\u00fdchac\u00edch ciest.<\/li>\n<li><strong>Liekov\u00e9 interakcie<\/strong>: Nembutal m\u00f4\u017ee interagova\u0165 s in\u00fdmi liekmi vr\u00e1tane sedat\u00edv, opioidov a alkoholu. Uistite sa, \u017ee v\u00e1\u0161 poskytovate\u013e zdravotnej starostlivosti vie o v\u0161etk\u00fdch liekoch, ktor\u00e9 u\u017e\u00edvate.<\/li>\n<li><strong>Tehotenstvo a doj\u010denie<\/strong>: Nembutal sa m\u00e1 pou\u017e\u00edva\u0165 s opatrnos\u0165ou po\u010das tehotenstva a doj\u010denia. Pora\u010fte sa so svoj\u00edm zdravotn\u00edckym pracovn\u00edkom.<\/li>\n<\/ul>\n<p><img decoding=\"async\" class=\"wp-image-463 aligncenter\" src=\"https:\/\/poisonshops.com\/wp-content\/uploads\/2025\/11\/tttt-1-204x300.png\" alt=\"Obchod s jedmi\" width=\"73\" height=\"107\" srcset=\"https:\/\/poisonshops.com\/wp-content\/uploads\/2025\/11\/tttt-1-204x300.png 204w, https:\/\/poisonshops.com\/wp-content\/uploads\/2025\/11\/tttt-1.png 218w\" sizes=\"(max-width: 73px) 100vw, 73px\" \/><\/p>\n<h4><strong>Pre\u010do si vybra\u0165 biologick\u00e9 zbrane?<\/strong><\/h4>\n<ol>\n<li><strong>Zabezpe\u010denie kvality<\/strong>: Kladieme d\u00f4raz na kvalitu a bezpe\u010dnos\u0165 a zabezpe\u010dujeme, aby na\u0161e v\u00fdrobky Nembutal sp\u013a\u0148ali najvy\u0161\u0161ie priemyseln\u00e9 normy.<\/li>\n<li><strong>Autorizovan\u00ed predajcovia<\/strong>: Bio Weapons je d\u00f4veryhodn\u00fd a autorizovan\u00fd predajca, ktor\u00fd poskytuje origin\u00e1lne produkty schv\u00e1len\u00fdm osob\u00e1m na z\u00e1klade lek\u00e1rskeho predpisu.<\/li>\n<li><strong>Bezpe\u010dn\u00e9 transakcie<\/strong>: Na\u0161a online platforma zabezpe\u010duje bezpe\u010dn\u00e9 transakcie a chr\u00e1ni va\u0161e osobn\u00e9 a finan\u010dn\u00e9 \u00fadaje.<\/li>\n<li><strong>Z\u00e1kazn\u00edcka podpora<\/strong>: N\u00e1\u0161 oddan\u00fd t\u00edm z\u00e1kazn\u00edckej podpory je v\u00e1m k dispoz\u00edcii, aby v\u00e1m pomohol s ak\u00fdmiko\u013evek ot\u00e1zkami alebo probl\u00e9mami a poskytol v\u00e1m profesion\u00e1lne a priate\u013esk\u00e9 slu\u017eby.<\/li>\n<li><strong>V\u010dasn\u00e9 dodanie<\/strong>: Uvedomujeme si d\u00f4le\u017eitos\u0165 v\u010dasn\u00e9ho dodania. N\u00e1\u0161 efekt\u00edvny proces prepravy zaru\u010duje, \u017ee svoje produkty Nembutal dostanete r\u00fdchlo a diskr\u00e9tne.<\/li>\n<\/ol>\n<h4><strong>Z\u00e1ver<\/strong><\/h4>\n<p>Bio Weapons je v\u00e1\u0161 d\u00f4veryhodn\u00fd zdroj vysokokvalitn\u00fdch tabletiek a tekut\u00edn Nembutal Pentobarbital Sodium. Zav\u00e4zujeme sa poskytova\u0165 bezpe\u010dn\u00e9, \u00fa\u010dinn\u00e9 a spo\u013eahliv\u00e9 produkty schv\u00e1len\u00fdm osob\u00e1m s platn\u00fdmi lek\u00e1rskymi predpismi. Na\u0161e zameranie na kvalitu, spokojnos\u0165 z\u00e1kazn\u00edkov a bezpe\u010dn\u00e9 transakcie n\u00e1s v tomto odvetv\u00ed odli\u0161uje. Nakupujte s d\u00f4verou v spolo\u010dnosti Bio Weapons a za\u017eite rozdiel v kvalite a slu\u017eb\u00e1ch.<\/p>\n<p><strong>Objednajte si tablety alebo tekutinu Nembutal Pentobarbital Sodium e\u0161te dnes<\/strong> a pridajte sa k na\u0161im spokojn\u00fdm z\u00e1kazn\u00edkom, ktor\u00ed d\u00f4veruj\u00fa spolo\u010dnosti Bio Weapons v oblasti svojich zdravotn\u00fdch potrieb. Va\u0161e zdravie a bezpe\u010dnos\u0165 s\u00fa na\u0161ou najvy\u0161\u0161ou prioritou.<\/p>\n<p>K\u00fapte si vysoko kvalitn\u00e9 tabletky a tekutinu Nembutal Pentobarbital Sodium v spolo\u010dnosti Bio Weapons . Schv\u00e1len\u00e9 osoby len na lek\u00e1rsky predpis. Bezpe\u010dn\u00fd n\u00e1kup, r\u00fdchle dodanie a zaru\u010den\u00e1 spokojnos\u0165 z\u00e1kazn\u00edka.<\/p>\n<h4><img decoding=\"async\" class=\"wp-image-502 aligncenter\" src=\"https:\/\/poisonshops.com\/wp-content\/uploads\/2025\/11\/Bio-Weapons-240x300.png\" alt=\"Biologick\u00e9 zbrane\" width=\"68\" height=\"85\" srcset=\"https:\/\/poisonshops.com\/wp-content\/uploads\/2025\/11\/Bio-Weapons-240x300.png 240w, https:\/\/poisonshops.com\/wp-content\/uploads\/2025\/11\/Bio-Weapons.png 265w\" sizes=\"(max-width: 68px) 100vw, 68px\" \/><\/h4>\n<ol>\n<li>K\u00fapi\u0165 Nembutal Pentobarbital Pills and Liquid online<\/li>\n<li>Vysokokvalitn\u00e9 tabletky a tekutina Nembutal na lek\u00e1rske pou\u017eitie<\/li>\n<li>N\u00e1kup Nembutal Pentobarbital bezpe\u010dne<\/li>\n<li>D\u00f4veryhodn\u00fd zdroj pre tablety a tekutiny Nembutal<\/li>\n<li>Objednajte si Nembutal Pentobarbital bezpe\u010dne<\/li>\n<li>R\u00fdchle dodanie tabliet a tekut\u00edn Nembutal<\/li>\n<li>Spo\u013eahliv\u00fd dod\u00e1vate\u013e Nembutalu Pentobarbital<\/li>\n<li>Autentick\u00e9 Nembutal pilulky a kvapalina na predaj<\/li>\n<li>K\u00fapi\u0165 Nembutal od autorizovan\u00fdch predajcov<\/li>\n<li>Najlep\u0161ie miesto na n\u00e1kup Nembutal Pentobarbital<\/li>\n<\/ol>\n<h4><\/h4>\n<p>Nembutal Pentobarbital Sodium, Buy Nembutal pills, Purchase Nembutal liquid, Nembutal for sale, High-quality Nembutal, Secure Nembutal purchase, Nembutal for medical use, Reliable source for Nembutal, Buy Nembutal legally, Nembutal with prescription, Nembutal for sedation, Order Nembutal pills, Nembutal for anesthesia, Genuine Nembutal liquid, Nembutal delivery, D\u00f4veryhodn\u00fd predajca Nembutalu, K\u00fapi\u0165 Nembutal bezpe\u010dne, Autentick\u00fd Nembutal, Dod\u00e1vate\u013e Nembutalu, Nembutal v USA, Dostupnos\u0165 Nembutalu, R\u00fdchle dodanie Nembutalu, Kvalitn\u00fd Nembutal, Nembutal lek\u00e1re\u0148, Nembutal na z\u00e1chvaty, K\u00fapi\u0165 Nembutal online, Bezpe\u010dn\u00fd n\u00e1kup Nembutalu, Nembutal pre profesion\u00e1lov, Spo\u013eahliv\u00fd zdroj Nembutalu, Nembutal celosvetov\u00e1 doprava<\/p>\n<h4>Nembutal Suicide Liquid 10000mg\/ml na predaj<\/h4>\n<p><img decoding=\"async\" class=\"wp-image-176 aligncenter\" src=\"https:\/\/poisonshops.com\/wp-content\/uploads\/2025\/11\/poison_shop_logo-300x171.png\" alt=\"Obchody s jedmi\" width=\"112\" height=\"64\" srcset=\"https:\/\/poisonshops.com\/wp-content\/uploads\/2025\/11\/poison_shop_logo-300x171.png 300w, https:\/\/poisonshops.com\/wp-content\/uploads\/2025\/11\/poison_shop_logo.png 563w\" sizes=\"(max-width: 112px) 100vw, 112px\" \/><\/p>","protected":false},"excerpt":{"rendered":"<p>Buy Nembutal Suicide Liquid 10000mg\/ml Nembutal Suicide Pills and Liquid Note: Nembutal (Pentobarbital Sodium) is a controlled substance that should only be used under strict medical supervision and according to the laws and regulations of the relevant jurisdiction. Its use for suicide is illegal in many countries, and it is crucial to seek proper medical [&hellip;]<\/p>\n","protected":false},"featured_media":256,"comment_status":"open","ping_status":"closed","template":"","meta":[],"product_brand":[],"product_cat":[18],"product_tag":[],"class_list":{"0":"post-99","1":"product","2":"type-product","3":"status-publish","4":"has-post-thumbnail","6":"product_cat-buy-nembutal-pentobarbital","8":"first","9":"instock","10":"shipping-taxable","11":"purchasable","12":"product-type-variable"},"_links":{"self":[{"href":"https:\/\/poisonshops.com\/sk\/wp-json\/wp\/v2\/product\/99","targetHints":{"allow":["GET"]}}],"collection":[{"href":"https:\/\/poisonshops.com\/sk\/wp-json\/wp\/v2\/product"}],"about":[{"href":"https:\/\/poisonshops.com\/sk\/wp-json\/wp\/v2\/types\/product"}],"replies":[{"embeddable":true,"href":"https:\/\/poisonshops.com\/sk\/wp-json\/wp\/v2\/comments?post=99"}],"wp:featuredmedia":[{"embeddable":true,"href":"https:\/\/poisonshops.com\/sk\/wp-json\/wp\/v2\/media\/256"}],"wp:attachment":[{"href":"https:\/\/poisonshops.com\/sk\/wp-json\/wp\/v2\/media?parent=99"}],"wp:term":[{"taxonomy":"product_brand","embeddable":true,"href":"https:\/\/poisonshops.com\/sk\/wp-json\/wp\/v2\/product_brand?post=99"},{"taxonomy":"product_cat","embeddable":true,"href":"https:\/\/poisonshops.com\/sk\/wp-json\/wp\/v2\/product_cat?post=99"},{"taxonomy":"product_tag","embeddable":true,"href":"https:\/\/poisonshops.com\/sk\/wp-json\/wp\/v2\/product_tag?post=99"}],"curies":[{"name":"wp","href":"https:\/\/api.w.org\/{rel}","templated":true}]}}