{"id":137,"date":"2017-12-17T10:06:43","date_gmt":"2017-12-17T10:06:43","guid":{"rendered":"https:\/\/wordpress.gradientthemes.com\/brand-shop\/about\/"},"modified":"2025-11-29T14:33:52","modified_gmt":"2025-11-29T14:33:52","slug":"trgovine-s-strupi","status":"publish","type":"page","link":"https:\/\/poisonshops.com\/sl\/trgovine-s-strupi\/","title":{"rendered":"O"},"content":{"rendered":"<div data-elementor-type=\"wp-post\" data-elementor-id=\"137\" class=\"elementor elementor-137\">\n\t\t\t\t<div class=\"elementor-element elementor-element-b4375f3 e-flex e-con-boxed e-con e-parent\" data-id=\"b4375f3\" data-element_type=\"container\" data-e-type=\"container\">\n\t\t\t\t\t<div class=\"e-con-inner\">\n\t\t\t\t<div class=\"elementor-element elementor-element-c2b1470 elementor-widget elementor-widget-text-editor\" data-id=\"c2b1470\" data-element_type=\"widget\" data-e-type=\"widget\" data-widget_type=\"text-editor.default\">\n\t\t\t\t<div class=\"elementor-widget-container\">\n\t\t\t\t\t\t\t\t\t<h2>Trgovine s strupi<\/h2><p>Dobrodo\u0161li v trgovinah s strupi, ki so va\u0161 glavni vir visokokakovostnih, specializiranih in najbolj strupenih biokemi\u010dnih sredstev in toksinov na svetu. Delujemo v svojih obratih v <strong>Nem\u010dija, \u0160vica,<\/strong> in .<strong> Francija<\/strong>, se zavezujemo, da bomo svojim strankam zagotavljali vrhunske izdelke in storitve. Na\u0161a osredoto\u010denost na varnost, za\u0161\u010dito in zadovoljstvo strank nas odlikuje v panogi. Trgovina z biolo\u0161kim oro\u017ejem.<\/p><p>Na <a href=\"https:\/\/poisonshops.com\/sl\/\">Trgovine s strupi<\/a>, zagotavljamo strogo skladnost z mednarodnimi predpisi, pri \u010demer dajemo prednost odgovornemu p<strong>a\u010dunavanje, ravnanje, po\u0161iljanje, <\/strong>in . <strong>distribucija<\/strong> nevarnih snovi. Na\u0161a ekipa je dobro usposobljena in opremljena z naprednimi <strong>osebna za\u0161\u010ditna oprema (OZO),<\/strong> in vse po\u0161iljke vklju\u010dujejo celovito <strong>Varnostni listi (SDS)<\/strong> za va\u0161o varnost in zanesljivost. Na\u0161a ponudba vklju\u010duje <strong>arzenov strup, akonitin, batrahotoksin, botulinum toksin, cianid, dimetil \u017eivo srebro, maitotoksin, polonij-210, ricin, sarin, tetrodotoksin, samomor z nembutalom<a href=\"https:\/\/duckduckgo.com\/\" target=\"_blank\" rel=\"noopener\">,<\/a>in VR Nervno sredstvo. najbolj\u0161e mesto za diskretno naro\u010danje strupa.<\/strong><\/p><p><img decoding=\"async\" class=\"wp-image-502 aligncenter\" src=\"https:\/\/poisonshops.com\/wp-content\/uploads\/2025\/11\/Bio-Weapons-240x300.png\" alt=\"Biolo\u0161ka oro\u017eja\" width=\"53\" height=\"66\" srcset=\"https:\/\/poisonshops.com\/wp-content\/uploads\/2025\/11\/Bio-Weapons-240x300.png 240w, https:\/\/poisonshops.com\/wp-content\/uploads\/2025\/11\/Bio-Weapons.png 265w\" sizes=\"(max-width: 53px) 100vw, 53px\" \/><\/p><p>Ne glede na to, ali \u017eelite na\u0161e strupe \/ toksine za raziskovalne namene, usmrtitev iz usmiljenja (evtanazijo) ali vodite raziskovalni laboratorij za trgovine s strupi ali nameravate izvesti etni\u010dno \u010di\u0161\u010denje, uboje, zaupajte trgovini s strupi za zanesljive toksine z diskretnimi re\u0161itvami dostave in varnimi transakcijami samo s kriptovalutami. Kupite raziskovalne kemikalije na spletu.<\/p><p>Ponujamo razli\u010dne mo\u017enosti po\u0161iljanja, vklju\u010dno z <strong>standard <\/strong>in .<strong> ekspresne storitve,<\/strong> s spletno stranjo . <strong>brezpla\u010dna dostava<\/strong> za naro\u010dila nad<strong> \u20ac10,000<\/strong>. Za specializirane zahteve zagotavljamo <strong>mrtva kapljica <\/strong>storitev za <strong>posebne koordinate GPS<\/strong>. Na\u0161a pravila odra\u017eajo na\u0161o predanost varnim in u\u010dinkovitim storitvam, vklju\u010dno z jasnim pravilnikom o povra\u010dilih in vra\u010dilih, ki se osredoto\u010da na neprejeta ali zamujena naro\u010dila.<\/p><p>Bio Weapons je zaupanja vreden partner v biokemi\u010dni industriji, ki spo\u0161tuje najvi\u0161je standarde integritete, inovativnosti in strokovnega znanja. Zahvaljujemo se vam, da ste za svoje specializirane biokemi\u010dne potrebe izbrali podjetje Bio Weapons. Kupite strupe.<\/p><p><img decoding=\"async\" class=\"wp-image-489 aligncenter\" src=\"https:\/\/poisonshops.com\/wp-content\/uploads\/2025\/11\/Buy-poisons-and-toxins-anonymously-300x200.jpg\" alt=\"Anonimni nakup strupov in toksinov\" width=\"74\" height=\"49\" srcset=\"https:\/\/poisonshops.com\/wp-content\/uploads\/2025\/11\/Buy-poisons-and-toxins-anonymously-300x200.jpg 300w, https:\/\/poisonshops.com\/wp-content\/uploads\/2025\/11\/Buy-poisons-and-toxins-anonymously-446x297.jpg 446w, https:\/\/poisonshops.com\/wp-content\/uploads\/2025\/11\/Buy-poisons-and-toxins-anonymously.jpg 474w\" sizes=\"(max-width: 74px) 100vw, 74px\" \/><\/p><h3>Anonimni nakup strupov in toksinov<\/h3><p>Zdaj je bolj priljubljena uporaba ti\u0161jih in prikritih metod umora. Na pomo\u010d prisko\u010dijo razli\u010dni po\u010dasni strupi. Na tem svetu ni ve\u010d ni\u010d novega in tudi strupe so uporabljali v civiliziranih dr\u017eavah: v starem Egiptu, v Evropi v srednjem veku. V tistih letih medicine ni bilo forenzike, nih\u010de ni vedel, zakaj je oseba umrla, zato ste pri starih kemikih zlahka naro\u010dili katero koli vrsto smrti: po\u010dasno in mu\u010dno, hitro in nebole\u010do, v spanju, sr\u010dni napad itd.<\/p><p>Zaradi sodobnih metod ugotavljanja vzroka smrti je zdaj zelo te\u017eko zastrupiti \u010dloveka, \u0161e posebej \u010de umre nenadoma, ljudje takoj posumijo na zastrupitev. Podganji strup iz trgovine ne bo dovolj, forenzi\u010dna preiskava bo pri obdukciji takoj na\u0161la njegove ostanke v krvi ali po\u0161kodbe organov.\u00a0<\/p><p>Zato je uporaba kemi\u010dnih strupov, kot so cianid, metilno \u017eivo srebro in arzen, s pravnega vidika nevarna. Po smrti ostanejo v telesu, zunanji znaki pa so za strokovnjake za forenzi\u010dne preiskave zelo o\u010ditni.<\/p><p>Ustvarjam skrbno izbrane organske strupe z dolgotrajnim u\u010dinkom in za nekatere od njih sintetiziram preobleko kot serum. Zakaj bi nekaj izumljali, \u010de je to za vas \u017ee storila narava?<\/p><p>Ustvarjam skrbno izbrane organske strupe z dolgotrajnim u\u010dinkom in za nekatere od njih sintetiziram preobleko kot serum. Zakaj bi nekaj izumljali, \u010de je to za vas \u017ee storila narava?<\/p><p>Ljudi je zelo lahko zastrupiti, v lokalnih novicah lahko pogosto sli\u0161ite o smrti babice, ki se je zastrupila z nekakovostnim mesom s tr\u017enice, babica pa je \u017eivela sama v dvosobnem stanovanju... Kupite raziskovalne kemikalije na spletu.<\/p><p>Kaj lahko doka\u017eem, da nisem \u0161tudent, ki je ustvaril spletno stran in goljufal ljudi, da bi se pre\u017eivel? Najprej boste to takoj razumeli, ko se boste pogovarjali z mano, vendar bom prilo\u017eil tudi nekaj fotografij svojega laboratorija:<\/p><h4>Nakup raziskovalnih kemikalij na spletu<\/h4><p><img decoding=\"async\" class=\"wp-image-176 aligncenter\" src=\"https:\/\/poisonshops.com\/wp-content\/uploads\/2025\/11\/poison_shop_logo-300x171.png\" alt=\"Trgovine s strupi\" width=\"70\" height=\"40\" srcset=\"https:\/\/poisonshops.com\/wp-content\/uploads\/2025\/11\/poison_shop_logo-300x171.png 300w, https:\/\/poisonshops.com\/wp-content\/uploads\/2025\/11\/poison_shop_logo.png 563w\" sizes=\"(max-width: 70px) 100vw, 70px\" \/><\/p>\t\t\t\t\t\t\t\t<\/div>\n\t\t\t\t<\/div>\n\t\t\t\t\t<\/div>\n\t\t\t\t<\/div>\n\t\t\t\t<\/div>","protected":false},"excerpt":{"rendered":"<p>Poison Shops Welcome to Poison Shops \u00a0your premier source for high-quality, specialized in top-tier and world most toxic biochemical agents and toxins. Operating from our facilities in Germany, Switzerland, and France, we are committed to providing our clients with top-tier products and services. Our focus on safety, security, and customer satisfaction sets us apart in [&hellip;]<\/p>\n","protected":false},"author":1,"featured_media":0,"parent":0,"menu_order":0,"comment_status":"closed","ping_status":"closed","template":"elementor_header_footer","meta":{"footnotes":""},"class_list":["post-137","page","type-page","status-publish","hentry"],"_links":{"self":[{"href":"https:\/\/poisonshops.com\/sl\/wp-json\/wp\/v2\/pages\/137","targetHints":{"allow":["GET"]}}],"collection":[{"href":"https:\/\/poisonshops.com\/sl\/wp-json\/wp\/v2\/pages"}],"about":[{"href":"https:\/\/poisonshops.com\/sl\/wp-json\/wp\/v2\/types\/page"}],"author":[{"embeddable":true,"href":"https:\/\/poisonshops.com\/sl\/wp-json\/wp\/v2\/users\/1"}],"replies":[{"embeddable":true,"href":"https:\/\/poisonshops.com\/sl\/wp-json\/wp\/v2\/comments?post=137"}],"version-history":[{"count":34,"href":"https:\/\/poisonshops.com\/sl\/wp-json\/wp\/v2\/pages\/137\/revisions"}],"predecessor-version":[{"id":508,"href":"https:\/\/poisonshops.com\/sl\/wp-json\/wp\/v2\/pages\/137\/revisions\/508"}],"wp:attachment":[{"href":"https:\/\/poisonshops.com\/sl\/wp-json\/wp\/v2\/media?parent=137"}],"curies":[{"name":"wp","href":"https:\/\/api.w.org\/{rel}","templated":true}]}}