{"id":418,"date":"2025-11-20T11:56:12","date_gmt":"2025-11-20T11:56:12","guid":{"rendered":"https:\/\/poisonshops.com\/?page_id=418"},"modified":"2025-12-01T12:00:53","modified_gmt":"2025-12-01T12:00:53","slug":"smernice-za-osebno-varovalno-opremo","status":"publish","type":"page","link":"https:\/\/poisonshops.com\/sl\/smernice-za-osebno-varovalno-opremo\/","title":{"rendered":"Smernice za osebno varovalno opremo"},"content":{"rendered":"<div data-elementor-type=\"wp-page\" data-elementor-id=\"418\" class=\"elementor elementor-418\">\n\t\t\t\t<div class=\"elementor-element elementor-element-0dae480 e-flex e-con-boxed e-con e-parent\" data-id=\"0dae480\" data-element_type=\"container\" data-e-type=\"container\">\n\t\t\t\t\t<div class=\"e-con-inner\">\n\t\t\t\t<div class=\"elementor-element elementor-element-3c24701 elementor-widget elementor-widget-text-editor\" data-id=\"3c24701\" data-element_type=\"widget\" data-e-type=\"widget\" data-widget_type=\"text-editor.default\">\n\t\t\t\t<div class=\"elementor-widget-container\">\n\t\t\t\t\t\t\t\t\t<div id=\"primary\" class=\"content-area\"><main id=\"main\" class=\"site-main\"><\/main><article id=\"post-389666\" class=\"post-389666 page type-page status-publish\"><div class=\"inside-article\"><header class=\"entry-header\"><h2 class=\"entry-title\">Celovite smernice za osebno varovalno opremo za varno ravnanje s strupenimi snovmi<\/h2><\/header><div class=\"entry-content\"><p>Tukaj je podrobno priporo\u010dilo za osebno za\u0161\u010ditno opremo (OZO) za ravnanje z vsakim od na\u0161tetih toksinov, s poudarkom na naju\u010dinkovitej\u0161i opremi glede na posebne nevarnosti, povezane z vsako snovjo:<\/p><h3 class=\"wp-block-heading\">1. <strong>Arzenova zastrupitev<\/strong><\/h3><ul class=\"wp-block-list\"><li><strong>Rokavice<\/strong>: Nitrilne rokavice ali rokavice iz lateksa - zagotavljajo kemi\u010dno odpornost in prepre\u010dujejo stik s ko\u017eo.<\/li><li><strong>Za\u0161\u010dita o\u010di<\/strong>: Varnostna o\u010dala - Za\u0161\u010ditite se pred brizganjem.<\/li><li><strong>Za\u0161\u010dita obraza<\/strong>: \u0160\u010ditnik za obraz - zagotavlja dodatno za\u0161\u010dito obraza in vratu.<\/li><li><strong>Obla\u010dila<\/strong>: Laboratorijski pla\u0161\u010d ali kombinezon za enkratno uporabo - \u0161\u010diti obla\u010dila in ko\u017eo pred onesna\u017eenjem.<\/li><li><strong>Za\u0161\u010dita dihal<\/strong>: N95 ali vi\u0161je - filtrira delce, ki se prena\u0161ajo po zraku.<\/li><\/ul><p><strong>Razlog<\/strong>: Arzen lahko povzro\u010di dra\u017eenje ko\u017ee in dihal. Osebna varovalna oprema prepre\u010duje neposreden stik in vdihavanje.<\/p><h3 class=\"wp-block-heading\">2. <strong>Akonitin<\/strong><\/h3><ul class=\"wp-block-list\"><li><strong>Rokavice<\/strong>: Nitrilne rokavice - Odporne na kemikalije in prepre\u010dujejo vpijanje v ko\u017eo.<\/li><li><strong>Za\u0161\u010dita o\u010di<\/strong>: Varnostna o\u010dala - \u0161\u010ditijo o\u010di pred morebitnimi razpr\u0161itvami.<\/li><li><strong>Za\u0161\u010dita obraza<\/strong>: Za\u0161\u010dita obraza - dodatna za\u0161\u010dita obraza pred brizganjem.<\/li><li><strong>Obla\u010dila<\/strong>: Laboratorijski pla\u0161\u010d ali kombinezon za enkratno uporabo - \u0161\u010diti ko\u017eo pred onesna\u017eenjem.<\/li><li><strong>Za\u0161\u010dita dihal<\/strong>: Respirator P100 - Zagotavlja za\u0161\u010dito pred drobnimi delci.<\/li><\/ul><p><strong>Razlog<\/strong>: <a href=\"https:\/\/poisonshops.com\/sl\/\">Akonitin<\/a> je zelo strupen in se lahko absorbira skozi ko\u017eo, zato je potrebna obse\u017ena osebna za\u0161\u010ditna oprema.<\/p><h3 class=\"wp-block-heading\">3. <strong>Batrakotoksin<\/strong><\/h3><ul class=\"wp-block-list\"><li><strong>Rokavice<\/strong>: Rokavice iz butilne gume - zagotavljajo vrhunsko za\u0161\u010dito pred zelo strupenimi snovmi.<\/li><li><strong>Za\u0161\u010dita o\u010di<\/strong>: Varnostna o\u010dala - prepre\u010dujejo izpostavljenost o\u010di.<\/li><li><strong>Za\u0161\u010dita obraza<\/strong>: Za\u0161\u010dita celega obraza - nujna pri ravnanju z zelo strupenimi materiali.<\/li><li><strong>Obla\u010dila<\/strong>: Kemi\u010dna obleka za celotno telo - \u0161\u010diti pred izpostavljenostjo ko\u017ee.<\/li><li><strong>Za\u0161\u010dita dihal<\/strong>: Respirator z dovajanjem zraka - Zagotavlja za\u0161\u010dito pred vdihavanjem strupov, ki se prena\u0161ajo po zraku.<\/li><\/ul><p><strong>Razlog<\/strong>: Batrakotoksin je izredno strupen in zahteva za\u0161\u010dito celotnega telesa, da se prepre\u010di vsakr\u0161na izpostavljenost.<\/p><h3 class=\"wp-block-heading\">4. <strong>Toksin botulina<\/strong><\/h3><ul class=\"wp-block-list\"><li><strong>Rokavice<\/strong>: Nitrilne rokavice - Odporne na toksine in \u0161\u010ditijo roke.<\/li><li><strong>Za\u0161\u010dita o\u010di<\/strong>: Varnostna o\u010dala - prepre\u010dujejo stik z o\u010dmi.<\/li><li><strong>Za\u0161\u010dita obraza<\/strong>: Za\u0161\u010dita obraza - zagotavlja dodatno za\u0161\u010dito obraza<a href=\"https:\/\/duckduckgo.com\/\" target=\"_blank\" rel=\"noopener\">.<\/a><\/li><li><strong>Obla\u010dila<\/strong>: Laboratorijski pla\u0161\u010d ali kombinezon za enkratno uporabo - \u0161\u010diti pred onesna\u017eenjem.<\/li><li><strong>Za\u0161\u010dita dihal<\/strong>: P100 ali vi\u0161je - filtrira delce, ki se prena\u0161ajo po zraku.<\/li><\/ul><p><strong>Razlog<\/strong>: Botulinum toksin je zelo strupen, zato je klju\u010dnega pomena prepre\u010diti kakr\u0161no koli obliko izpostavljenosti.<\/p><h3 class=\"wp-block-heading\">5. <strong>Cianid<\/strong><\/h3><ul class=\"wp-block-list\"><li><strong>Rokavice<\/strong>: Nitrilne ali neoprenske rokavice - odporne na kemikalije in \u0161\u010ditijo ko\u017eo.<\/li><li><strong>Za\u0161\u010dita o\u010di<\/strong>: Varnostna o\u010dala - \u0161\u010ditijo pred brizganjem.<\/li><li><strong>Za\u0161\u010dita obraza<\/strong>: Za\u0161\u010dita obraza - dodatna za\u0161\u010dita obraza.<\/li><li><strong>Obla\u010dila<\/strong>: Na kemikalije odporen laboratorijski pla\u0161\u010d ali kombinezon - prepre\u010duje izpostavljenost ko\u017ee.<\/li><li><strong>Za\u0161\u010dita dihal<\/strong>: Respirator s polnim obrazom z ustreznimi filtri - \u0161\u010diti pred vdihavanjem strupenih hlapov.<\/li><\/ul><p><strong>Razlog<\/strong>: Cianid je mo\u010dan strup, ki se lahko absorbira skozi ko\u017eo ali vdihne, zato je potrebna obse\u017ena osebna za\u0161\u010ditna oprema.<\/p><h3 class=\"wp-block-heading\">6. <strong>Dimetilmerkur<\/strong><\/h3><ul class=\"wp-block-list\"><li><strong>Rokavice<\/strong>: Rokavice iz butilne gume - zagotavljajo visoko kemijsko odpornost.<\/li><li><strong>Za\u0161\u010dita o\u010di<\/strong>: Varnostna o\u010dala - \u0161\u010ditijo o\u010di pred izpostavljenostjo.<\/li><li><strong>Za\u0161\u010dita obraza<\/strong>: Celotni \u0161\u010ditnik - zagotavlja popolno za\u0161\u010dito obraza.<\/li><li><strong>Obla\u010dila<\/strong>: Celotna kemi\u010dna obleka - Zagotavlja popolno za\u0161\u010dito pred onesna\u017eenjem.<\/li><li><strong>Za\u0161\u010dita dihal<\/strong>: Respirator z dovajanjem zraka - nujen zaradi visoke toksi\u010dnosti in nevarnosti izpare.<\/li><\/ul><p><strong>Razlog<\/strong>: Dimetil \u017eivo srebro je izredno strupeno in hlapljivo, zato je za prepre\u010devanje kakr\u0161ne koli izpostavljenosti potrebna visoka stopnja osebne varovalne opreme.<\/p><p><img decoding=\"async\" class=\"wp-image-462 aligncenter\" src=\"https:\/\/poisonshops.com\/wp-content\/uploads\/2025\/11\/tttt-204x300.png\" alt=\"Smernice za osebno varovalno opremo za varno ravnanje s strupenimi snovmi\" width=\"90\" height=\"133\" srcset=\"https:\/\/poisonshops.com\/wp-content\/uploads\/2025\/11\/tttt-204x300.png 204w, https:\/\/poisonshops.com\/wp-content\/uploads\/2025\/11\/tttt.png 218w\" sizes=\"(max-width: 90px) 100vw, 90px\" \/><\/p><h3 class=\"wp-block-heading\">7. <strong>Maitotoksin<\/strong><\/h3><ul class=\"wp-block-list\"><li><strong>Rokavice<\/strong>: Nitrilne rokavice - \u0161\u010ditijo pred stikom s ko\u017eo.<\/li><li><strong>Za\u0161\u010dita o\u010di<\/strong>: Varnostna o\u010dala - prepre\u010dujejo izpostavljenost o\u010di.<\/li><li><strong>Za\u0161\u010dita obraza<\/strong>: Za\u0161\u010dita obraza - Zagotavlja dodatno za\u0161\u010dito obraza.<\/li><li><strong>Obla\u010dila<\/strong>: Laboratorijski pla\u0161\u010d ali kombinezon - \u0161\u010diti obla\u010dila in ko\u017eo.<\/li><li><strong>Za\u0161\u010dita dihal<\/strong>: N95 ali vi\u0161je - filtrira delce, ki se prena\u0161ajo po zraku.<\/li><\/ul><p><strong>Razlog<\/strong>: Maitotoksin je zelo strupen, zato so potrebne rokavice in za\u0161\u010ditna obla\u010dila za prepre\u010devanje stika.<\/p><h3 class=\"wp-block-heading\">8. <strong>Polonij-210<\/strong><\/h3><ul class=\"wp-block-list\"><li><strong>Rokavice<\/strong>: Rokavice s svin\u010deno oblogo - zagotavljajo za\u0161\u010dito pred sevanjem.<\/li><li><strong>Za\u0161\u010dita o\u010di<\/strong>: Varnostna o\u010dala - \u0161\u010ditijo o\u010di pred onesna\u017eenjem.<\/li><li><strong>Za\u0161\u010dita obraza<\/strong>: Obrazni \u0161\u010ditnik s svin\u010deno oblogo - zagotavlja dodatno za\u0161\u010dito pred izpostavljenostjo sevanju.<\/li><li><strong>Obla\u010dila<\/strong>: Laboratorijski pla\u0161\u010d s svin\u010deno oblogo - \u0161\u010diti pred sevanjem.<\/li><li><strong>Za\u0161\u010dita dihal<\/strong>: Obi\u010dajno ni potrebno, razen \u010de ravnanje ne vklju\u010duje kontaminacije zraka.<\/li><\/ul><p><strong>Razlog<\/strong>: Polonij-210 je radioaktiven, zato je za za\u0161\u010dito pred sevanjem nujna osebna za\u0161\u010ditna oprema, oblo\u017eena s svincem.<\/p><h3 class=\"wp-block-heading\">9. <strong>Ricin<\/strong><\/h3><ul class=\"wp-block-list\"><li><strong>Rokavice<\/strong>: Nitrilne rokavice - zagotavljajo kemi\u010dno odpornost in prepre\u010dujejo stik s ko\u017eo.<\/li><li><strong>Za\u0161\u010dita o\u010di<\/strong>: Varnostna o\u010dala - \u0161\u010ditijo o\u010di pred izpostavljenostjo.<\/li><li><strong>Za\u0161\u010dita obraza<\/strong>: Celotni \u0161\u010ditnik - Zagotavlja dodatno za\u0161\u010dito.<\/li><li><strong>Obla\u010dila<\/strong>: Laboratorijski pla\u0161\u010d ali kombinezon za enkratno uporabo - \u0161\u010diti ko\u017eo.<\/li><li><strong>Za\u0161\u010dita dihal<\/strong>: Respirator P100 - filtrira trdne delce in aerosole.<\/li><\/ul><p><strong>Razlog<\/strong>: Ricin je zelo strupen in se lahko absorbira skozi ko\u017eo ali vdihne, zato je potrebna obse\u017ena osebna za\u0161\u010ditna oprema.<\/p><h3 class=\"wp-block-heading\">10. <strong>Sarin<\/strong><\/h3><ul class=\"wp-block-list\"><li><strong>Rokavice<\/strong>: Rokavice iz butilne gume - zagotavljajo za\u0161\u010dito pred kemi\u010dnimi sredstvi.<\/li><li><strong>Za\u0161\u010dita o\u010di<\/strong>: Varnostna o\u010dala - \u0161\u010ditijo pred brizganjem.<\/li><li><strong>Za\u0161\u010dita obraza<\/strong>: \u0160\u010ditnik za ves obraz - nujen pri ravnanju z \u017eiv\u010dnimi snovmi.<\/li><li><strong>Obla\u010dila<\/strong>: Celotna kemi\u010dna obleka - Zagotavlja za\u0161\u010dito pred onesna\u017eenjem.<\/li><li><strong>Za\u0161\u010dita dihal<\/strong>: Respirator z dovajanjem zraka - potreben za za\u0161\u010dito pred hlapi \u017eiv\u010dnega agensa.<\/li><\/ul><p><strong>Razlog<\/strong>: Sarin je \u017eiv\u010dni strup, ki zaradi visoke toksi\u010dnosti zahteva za\u0161\u010ditno opremo za celotno telo.<\/p><h3 class=\"wp-block-heading\">11. <strong>Tetrodotoksin<\/strong><\/h3><ul class=\"wp-block-list\"><li><strong>Rokavice<\/strong>: Nitrilne rokavice - zagotavljajo za\u0161\u010dito pred strupenimi snovmi.<\/li><li><strong>Za\u0161\u010dita o\u010di<\/strong>: Varnostna o\u010dala - prepre\u010dujejo izpostavljenost o\u010di.<\/li><li><strong>Za\u0161\u010dita obraza<\/strong>: Za\u0161\u010dita obraza - Zagotavlja dodatno za\u0161\u010dito.<\/li><li><strong>Obla\u010dila<\/strong>: Laboratorijski pla\u0161\u010d ali kombinezon za enkratno uporabo - \u0161\u010diti pred onesna\u017eenjem.<\/li><li><strong>Za\u0161\u010dita dihal<\/strong>: Respirator N95 - filtrira delce, ki se prena\u0161ajo po zraku.<\/li><\/ul><p><strong>Razlog<\/strong>: Tetrodotoksin je izredno strupen, zato je za prepre\u010devanje izpostavljenosti potrebna popolna osebna za\u0161\u010ditna oprema.<\/p><h3 class=\"wp-block-heading\">12. <strong>VR \u017eiv\u010dni agent<\/strong><\/h3><ul class=\"wp-block-list\"><li><strong>Rokavice<\/strong>: Rokavice iz butilne gume - zelo odporne proti \u017eiv\u010dnim strupom.<\/li><li><strong>Za\u0161\u010dita o\u010di<\/strong>: Varnostna o\u010dala - \u0161\u010ditijo o\u010di pred izpostavljenostjo.<\/li><li><strong>Za\u0161\u010dita obraza<\/strong>: Celotni obrazni \u0161\u010dit - bistvenega pomena za popolno za\u0161\u010dito.<\/li><li><strong>Obla\u010dila<\/strong>: Kemi\u010dna obleka za celotno telo - \u0161\u010diti pred stikom z \u017eiv\u010dnim strupom.<\/li><li><strong>Za\u0161\u010dita dihal<\/strong>: Respirator z dovajanjem zraka - zagotavlja \u010dist zrak in za\u0161\u010dito pred vdihavanjem strupenih hlapov.<\/li><\/ul><p><strong>Razlog<\/strong>: Nervni agensi VR so zelo strupeni in zahtevajo obse\u017eno osebno varovalno opremo, da se prepre\u010di izpostavljenost po vseh mo\u017enih poteh.<\/p><p>Za vsak toksin je klju\u010dnega pomena, da upo\u0161tevate uveljavljene varnostne protokole in zagotovite, da je vsa osebna varovalna oprema pravilno name\u0161\u010dena, vzdr\u017eevana in uporabljena v skladu z navodili proizvajalca in varnostnimi smernicami.<\/p><p><img decoding=\"async\" class=\"wp-image-176 aligncenter\" src=\"https:\/\/poisonshops.com\/wp-content\/uploads\/2025\/11\/poison_shop_logo-300x171.png\" alt=\"Trgovine s strupi\" width=\"122\" height=\"70\" srcset=\"https:\/\/poisonshops.com\/wp-content\/uploads\/2025\/11\/poison_shop_logo-300x171.png 300w, https:\/\/poisonshops.com\/wp-content\/uploads\/2025\/11\/poison_shop_logo.png 563w\" sizes=\"(max-width: 122px) 100vw, 122px\" \/><\/p><\/div><\/div><\/article><\/div>\t\t\t\t\t\t\t\t<\/div>\n\t\t\t\t<\/div>\n\t\t\t\t\t<\/div>\n\t\t\t\t<\/div>\n\t\t\t\t<\/div>","protected":false},"excerpt":{"rendered":"<p>Comprehensive PPE Guidelines for Safe Handling of Toxic Substances Here\u2019s a detailed recommendation of personal protective equipment (PPE) for handling each of the listed toxins, focusing on the most effective gear based on the specific hazards associated with each substance: 1. Arsenic Poison Gloves: Nitrile or latex gloves \u2013 Provide chemical resistance and prevent skin [&hellip;]<\/p>\n","protected":false},"author":1,"featured_media":0,"parent":0,"menu_order":0,"comment_status":"closed","ping_status":"closed","template":"","meta":{"footnotes":""},"class_list":["post-418","page","type-page","status-publish","hentry"],"_links":{"self":[{"href":"https:\/\/poisonshops.com\/sl\/wp-json\/wp\/v2\/pages\/418","targetHints":{"allow":["GET"]}}],"collection":[{"href":"https:\/\/poisonshops.com\/sl\/wp-json\/wp\/v2\/pages"}],"about":[{"href":"https:\/\/poisonshops.com\/sl\/wp-json\/wp\/v2\/types\/page"}],"author":[{"embeddable":true,"href":"https:\/\/poisonshops.com\/sl\/wp-json\/wp\/v2\/users\/1"}],"replies":[{"embeddable":true,"href":"https:\/\/poisonshops.com\/sl\/wp-json\/wp\/v2\/comments?post=418"}],"version-history":[{"count":7,"href":"https:\/\/poisonshops.com\/sl\/wp-json\/wp\/v2\/pages\/418\/revisions"}],"predecessor-version":[{"id":550,"href":"https:\/\/poisonshops.com\/sl\/wp-json\/wp\/v2\/pages\/418\/revisions\/550"}],"wp:attachment":[{"href":"https:\/\/poisonshops.com\/sl\/wp-json\/wp\/v2\/media?parent=418"}],"curies":[{"name":"wp","href":"https:\/\/api.w.org\/{rel}","templated":true}]}}