{"id":439,"date":"2025-11-20T12:15:58","date_gmt":"2025-11-20T12:15:58","guid":{"rendered":"https:\/\/poisonshops.com\/?page_id=439"},"modified":"2025-12-01T11:33:18","modified_gmt":"2025-12-01T11:33:18","slug":"kupite-strupe-na-spletu","status":"publish","type":"page","link":"https:\/\/poisonshops.com\/sl\/kupite-strupe-na-spletu\/","title":{"rendered":"Kontakt"},"content":{"rendered":"<div data-elementor-type=\"wp-page\" data-elementor-id=\"439\" class=\"elementor elementor-439\">\n\t\t\t\t<div class=\"elementor-element elementor-element-ac71f13 e-flex e-con-boxed e-con e-parent\" data-id=\"ac71f13\" data-element_type=\"container\" data-e-type=\"container\">\n\t\t\t\t\t<div class=\"e-con-inner\">\n\t\t\t\t<div class=\"elementor-element elementor-element-b8aef59 elementor-widget elementor-widget-text-editor\" data-id=\"b8aef59\" data-element_type=\"widget\" data-e-type=\"widget\" data-widget_type=\"text-editor.default\">\n\t\t\t\t<div class=\"elementor-widget-container\">\n\t\t\t\t\t\t\t\t\t<div id=\"primary\" class=\"content-area\"><main id=\"main\" class=\"site-main\"><\/main><article id=\"post-298\" class=\"post-298 page type-page status-publish\"><div class=\"inside-article\"><div class=\"entry-content\"><p class=\"has-text-align-left\">Kupite strupe na spletu; pripravljeni smo vam pomagati pri vseh vpra\u0161anjih ali pomislekih. Obrnite se na nas na naslednje na\u010dine:<\/p><p><img fetchpriority=\"high\" decoding=\"async\" class=\"size-medium wp-image-502 alignleft\" src=\"https:\/\/poisonshops.com\/wp-content\/uploads\/2025\/11\/Bio-Weapons-240x300.png\" alt=\"Biolo\u0161ka oro\u017eja\" width=\"240\" height=\"300\" srcset=\"https:\/\/poisonshops.com\/wp-content\/uploads\/2025\/11\/Bio-Weapons-240x300.png 240w, https:\/\/poisonshops.com\/wp-content\/uploads\/2025\/11\/Bio-Weapons.png 265w\" sizes=\"(max-width: 240px) 100vw, 240px\" \/><\/p><div class=\"wp-block-columns is-layout-flex wp-container-core-columns-is-layout-9d6595d7 wp-block-columns-is-layout-flex\"><div class=\"wp-block-column is-layout-flow wp-block-column-is-layout-flow\"><div class=\"wp-block-image\">\u00a0<\/div><\/div><div class=\"wp-block-column is-layout-flow wp-block-column-is-layout-flow\"><p><mark class=\"has-inline-color\"><\/mark><span style=\"color: #000!important;\"><b>Elektronska po\u0161ta:<\/b><\/span><a class=\"info-box_link\" href=\"mailto:Ps35dk@proton.me\"><strong><span style=\"color: #ff0000;\">Ps35dk@proton.me<\/span><\/strong><\/a><\/p><\/div><\/div><p>Na\u0161a ekipa je pripravljena pomagati pri podpori v zvezi z naro\u010dili, dostavo ali informacijami o izdelkih. Hvala, ker ste izbrali trgovino Poison Shops. Veselimo se, da vas bomo sli\u0161ali!<\/p><\/div><\/div><\/article><\/div>\t\t\t\t\t\t\t\t<\/div>\n\t\t\t\t<\/div>\n\t\t\t\t\t<\/div>\n\t\t\t\t<\/div>\n\t\t<div class=\"elementor-element elementor-element-8502aa0 e-flex e-con-boxed e-con e-parent\" data-id=\"8502aa0\" data-element_type=\"container\" data-e-type=\"container\">\n\t\t\t\t\t<div class=\"e-con-inner\">\n\t\t\t\t<div class=\"elementor-element elementor-element-3d1bb0a elementor-widget elementor-widget-text-editor\" data-id=\"3d1bb0a\" data-element_type=\"widget\" data-e-type=\"widget\" data-widget_type=\"text-editor.default\">\n\t\t\t\t<div class=\"elementor-widget-container\">\n\t\t\t\t\t\t\t\t\t<h3>Nakup strupov na spletu<\/h3><p>Dobrodo\u0161li v <img decoding=\"async\" class=\"emoji\" role=\"img\" draggable=\"false\" src=\"https:\/\/s.w.org\/images\/core\/emoji\/16.0.1\/svg\/26a0.svg\" alt=\"\u26a0\ufe0f\" \/><a href=\"https:\/\/poisonshops.com\/sl\/\">Trgovina s strupi<\/a>, kjer se znanost sre\u010duje z natan\u010dnostjo. Smo vodilni svetovni dobavitelj zelo mo\u010dnih strupov in kemi\u010dnih sredstev za raziskave in osebno rabo, ki mu zaupajo posamezniki<a href=\"https:\/\/duckduckgo.com\/\" target=\"_blank\" rel=\"noopener\">,<\/a> laboratorijih in organizacijah. Zagotavljamo najobse\u017enej\u0161o ponudbo strupov na trgu, od naravnih strupov do industrijskih kemikalij in \u017eiv\u010dnih strupov. Trgovine s strupi.<\/p><p>Razi\u0161\u010dite na\u0161o \u0161iroko paleto strupov<br \/>Ponujamo 40 najbolj smrtonosnih strupov na svetu, ki so na voljo v teko\u010di, pr\u0161ilni ali trdni obliki in so zasnovani tako, da natan\u010dno ustrezajo va\u0161im zahtevam. Ne glede na to, ali potrebujete hitro delujo\u010d nevrotoksin, kemi\u010dno sredstvo ali naravni strup, vam podjetje Bio Weapons zagotavlja najvi\u0161jo \u010distost za va\u0161e kriti\u010dne aplikacije.<\/p><p><img decoding=\"async\" class=\"size-full wp-image-28 aligncenter\" src=\"https:\/\/poisonshops.com\/wp-content\/uploads\/2021\/12\/30-Day-Guarantee-1.png\" alt=\"Kupite strupe na spletu\" width=\"300\" height=\"248\" \/><\/p><p>Portfelj izdelkov<br \/>Naravni toksini:<\/p><p>Botulinum toksin - najmo\u010dnej\u0161e paraliti\u010dno sredstvo.<br \/>Ricin in abrin - zaviralci sinteze beljakovin s hitrim delovanjem.<br \/>Tetrodotoksin in saxitoksin - morski toksini, ki vplivajo na nevrolo\u0161ke poti.<br \/>Batrakotoksin - iz strupenih \u017eab, idealen za \u0161tudije ionskih kanalov.<br \/>Konotoksini in ciguatoksin - strupi za napredne nevrotoksi\u010dne raziskave.<br \/>Kemi\u010dni strupi in \u017eiv\u010dni agensi:<\/p><p>VX, Sarin, Tabun in Soman - zelo u\u010dinkoviti \u017eiv\u010dni strupi za raziskave.<br \/>Natrijev cianid in vodikov cianid - takoj\u0161nji blokatorji celi\u010dnega dihanja.<br \/>Arzenov trioksid, polonij-210, talij in \u017eivo srebro - idealno za toksikologijo.<br \/>Rastlinski strupi:<\/p><p>Atropin, akonitin, strihnin in digitalis - za raziskave srca in \u017eiv\u010dnega sistema.<br \/>Kolhicin in oleandrin - klju\u010dnega pomena za raziskave raka.<br \/>Koniin in taksin - klasi\u010dna strupa za toksikolo\u0161ko uporabo.<br \/>Industrijski strupi:<\/p><p>Klor, fosgen, ogljikov monoksid, dioksini, svinec in kadmij - kot nala\u0161\u010d za okoljske in kemijske \u0161tudije.<\/p><p>\u017divalski strupi:<\/p><p>Jedi kraljevske kobre, \u010drne mambe in meduze - za napredne nevrolo\u0161ke \u0161tudije.<br \/>Jed kamene ribe - uporaben pri raziskavah nekroze tkiv.<\/p><h4>Zakaj trgovine s strupi?<\/h4><p>Neprimerljiva kakovost: Vse izdelke spremlja potrdilo o analizi (COA), ki zagotavlja u\u010dinkovitost in \u010distost.<br \/>Celovita varnost: Vsak izdelek je opremljen z varnostnim listom (SDS) in priporo\u010dili za osebno varovalno opremo.<\/p><p>Vsestranske mo\u017enosti oblike: Za la\u017ejo uporabo so na voljo v teko\u010di, razpr\u0161eni ali trdni obliki.<br \/>Globalna dostava: Ponujamo diskretno mednarodno dostavo.<\/p><p>Strokovne smernice: Na\u0161i strokovnjaki zagotavljajo navodila za ravnanje, da se zagotovi varna in skladna uporaba.<br \/>Naro\u010dite zdaj - mo\u010d, natan\u010dnost in u\u010dinkovitost na dosegu roke<br \/>V podjetju Poison Shops se zavedamo, da sta natan\u010dnost in zanesljivost nepogre\u0161ljivi.<\/p><p>Ne glede na to, ali izvajate napredne toksikolo\u0161ke raziskave, delate na kemijskih projektih ali imate osebne potrebe, smo va\u0161 zaupanja vreden partner.<\/p><p><img decoding=\"async\" class=\"wp-image-176 aligncenter\" src=\"https:\/\/poisonshops.com\/wp-content\/uploads\/2025\/11\/poison_shop_logo-300x171.png\" alt=\"Trgovine s strupi\" width=\"114\" height=\"65\" srcset=\"https:\/\/poisonshops.com\/wp-content\/uploads\/2025\/11\/poison_shop_logo-300x171.png 300w, https:\/\/poisonshops.com\/wp-content\/uploads\/2025\/11\/poison_shop_logo.png 563w\" sizes=\"(max-width: 114px) 100vw, 114px\" \/><\/p><p>\u00a0<\/p><p>nakup strupa, najbolj\u0161i kraj za nakup strupa, strup za prodajo, nakup strupenih kemikalij, trgovina strup na spletu, nakup botulinum toksin, botulinum toksin za prodajo, nakup ricin, ricin za prodajo, nakup abrin, abrin za prodajo, nakup tetrodotoksin, tetrodotoksin za prodajo, nakup saxitoxin, saxitoxin za prodajo, nakup conotoxins, conotoxins za prodajo,<\/p><p>kupiti batrakotoksin, batrakotoksin za prodajo, kupiti ciguatoksin, ciguatoksin za prodajo, kupiti maitotoksin, maitotoksin za prodajo, kupiti aflatoksine, aflatoksini za prodajo, kupiti VX, VX za prodajo, kupiti sarin, sarin za prodajo, kupiti tabun, tabun za prodajo, kupi soman, soman za prodajo, kupi vodikov cianid, vodikov cianid za prodajo, kupi natrijev cianid, natrijev cianid za prodajo, kupi arzen, arzen za prodajo, kupi polonij-210, polonij-210 za prodajo, kupi talij, talij za prodajo, kupi \u017eivo srebro,<\/p><p>\u017eivo srebro za prodajo, kupi atropin, atropin za prodajo, kupi akonitin, akonitin za prodajo, kupi digitalis, digitalis za prodajo, kupi strihnin, strihnin za prodajo, kupi oleandrin, oleandrin za prodajo, kupi kolhicin, kolhicin za prodajo, kupi ergot alkaloide, ergot alkaloidi za prodajo, kupi koniin, koniin za prodajo, kupi taksin, taksin za prodajo,<\/p><p>kupi plinski klor, plinski klor za prodajo, kupi fosgen, fosgen za prodajo, kupi ogljikov monoksid, ogljikov monoksid za prodajo, kupi dioksine, dioksini za prodajo, kupi svinec, svinec za prodajo, kupi kadmij, kadmij za prodajo, kupi strup kobre, strup kobre za prodajo, kupi strup \u010drne mambe, strup \u010drne mambe za prodajo,<\/p><p>kupi strup meduze, strup meduze za prodajo, kupi strup kamenja, strup kamenja za prodajo, kupi strupene pline, strupeni plini za prodajo, kupi kemi\u010dne strupe, kemi\u010dni strupi za prodajo, kupi morske toksine,<\/p><p>morski toksini za prodajo, nakup rastlinskih strupov, rastlinski strupi za prodajo, nakup \u017eiv\u010dnih snovi, \u017eiv\u010dne snovi za prodajo,<\/p><p>nakup te\u017ekih kovin, te\u017eke kovine za prodajo, trgovina cianid, najbolj\u0161i kraj za nakup cianida, nakup cianid kapsule, nakup cianid v prahu, nakup cianid teko\u010dina, nakup raziskovalne kemikalije, raziskovalne kemikalije za prodajo, kje kupiti strup, nakup smrtonosnih toksinov, najbolj\u0161i kraj za nakup toksinov, nakup \u017eivalski strup, \u017eivalski strup za prodajo, trgovina ricin online, nakup \u010distega botulina, nakup cianid s COA, nakup toksinov za laboratorijsko uporabo,<\/p><p>kupiti arzenov trioksid, kupiti toksine diskretno po\u0161iljanje, kupiti konotoksine spray, kupiti akonitin teko\u010dino, kupiti ricin v prahu, kupiti industrijske kemikalije, industrijske kemikalije za prodajo, kupiti tablete digitalisa, kupiti strihnin kapsule, kupiti \u017eiv\u010dne snovi na spletu, VX plin za prodajo, kupiti polonij diskretno,<\/p><p>trgovina s kemi\u010dnimi strupi, nakup svinca v prahu, nakup talija v teko\u010dem stanju, nakup okoljskih strupov, nakup kompleta strupov, nakup strupov s SDS, kje kupiti strupene snovi, nakup strupov za osebno uporabo, nakup strupov s PPE, nakup kemi\u010dnih sredstev za hitro dostavo, nakup cianida v moji bli\u017eini, nakup strupov za diskretno dostavo,<\/p><p>nakup strupenih kemikalij po vsem svetu, nakup strupenih snovi, nakup strupov od zaupanja vrednega dobavitelja, naro\u010dilo botulinum toksina na spletu, nakup arzena s potrdilom o analizi, nakup cianida in strupenih kemikalij, najbolj\u0161a spletna trgovina za strupe, nakup sarina na spletu, nakup tablet \u017eivega srebra, nakup toksinov oleandra, diskretni nakup ricina, nakup hitro delujo\u010dih strupov, varen nakup cianida,<\/p><p>kje kupiti botulinum toksin v moji bli\u017eini, naro\u010dite \u017eiv\u010dni strup VX, kupite \u017eiv\u010dne strupe z dostavo, kupite smrtonosne strupe za raziskave, kupite strihnin na spletu, kupite morske strupe s hitro dostavo, kupite kapsule taksina, najbolj\u0161a trgovina za strupene strupe, kupite akonitin diskretno, kje naro\u010diti strupe na spletu, kupite strupe rastlinskega izvora, kupite derivate ergota, kupite strupena \u0161kropiva, najbolj\u0161e mesto za naro\u010danje kemikalij na spletu, kupite kanistre strupenega plina,<\/p><p>nakup zelo strupenih snovi, varen nakup strupov na spletu, diskreten nakup industrijskih strupov, hiter nakup botulina, kje kupiti cianid na spletu, naro\u010dilo strupenih kemikalij s COA, nakup fosgena za laboratorijsko uporabo, nakup strupenih ka\u010djih strupov, hitra dostava strupa \u010drne mambe, nakup strupa kamenja z analizo, najbolj\u0161i prodajalec strupenih snovi,<\/p><p>kje kupiti nevarne kemikalije, kupi aconitine spray, trgovina raziskovalnih toksinov na spletu, kupi arzen diskretno dostavo, kupi toksine hitro mednarodno dostavo, nakup \u017eiv\u010dnih sredstev zdaj, najbolj\u0161a tr\u017enica za strupene snovi, trgovina svinca in kadmija v prahu, kupi zelo smrtonosne toksine na spletu,<\/p><p>varno naro\u010danje strupov, nakup ricina v moji bli\u017eini, varen nakup natrijevega cianida, spletna trgovina z \u017eivim srebrom, hitra dostava botulinum toksina, diskretno naro\u010danje toksinov, najbolj\u0161i vir \u017eiv\u010dnih snovi, trgovina z nevarnimi kemikalijami zdaj.<\/p>\t\t\t\t\t\t\t\t<\/div>\n\t\t\t\t<\/div>\n\t\t\t\t\t<\/div>\n\t\t\t\t<\/div>\n\t\t\t\t<\/div>","protected":false},"excerpt":{"rendered":"<p>Buy Poisons online; We\u2019re here to assist you with any inquiries or concerns. Please reach out to us through the following methods: \u00a0 Email:Ps35dk@proton.me For support related to orders, shipping, or product information, our team is ready to help. Thank you for choosing Poison Shops. We look forward to hearing from you! Buy Poisons online [&hellip;]<\/p>\n","protected":false},"author":1,"featured_media":0,"parent":0,"menu_order":0,"comment_status":"closed","ping_status":"closed","template":"","meta":{"footnotes":""},"class_list":["post-439","page","type-page","status-publish","hentry"],"_links":{"self":[{"href":"https:\/\/poisonshops.com\/sl\/wp-json\/wp\/v2\/pages\/439","targetHints":{"allow":["GET"]}}],"collection":[{"href":"https:\/\/poisonshops.com\/sl\/wp-json\/wp\/v2\/pages"}],"about":[{"href":"https:\/\/poisonshops.com\/sl\/wp-json\/wp\/v2\/types\/page"}],"author":[{"embeddable":true,"href":"https:\/\/poisonshops.com\/sl\/wp-json\/wp\/v2\/users\/1"}],"replies":[{"embeddable":true,"href":"https:\/\/poisonshops.com\/sl\/wp-json\/wp\/v2\/comments?post=439"}],"version-history":[{"count":19,"href":"https:\/\/poisonshops.com\/sl\/wp-json\/wp\/v2\/pages\/439\/revisions"}],"predecessor-version":[{"id":539,"href":"https:\/\/poisonshops.com\/sl\/wp-json\/wp\/v2\/pages\/439\/revisions\/539"}],"wp:attachment":[{"href":"https:\/\/poisonshops.com\/sl\/wp-json\/wp\/v2\/media?parent=439"}],"curies":[{"name":"wp","href":"https:\/\/api.w.org\/{rel}","templated":true}]}}