{"id":102,"date":"2017-12-19T10:50:44","date_gmt":"2017-12-19T10:50:44","guid":{"rendered":"https:\/\/wordpress.gradientthemes.com\/brand-shop\/product\/blue-denim-jeans\/"},"modified":"2026-02-04T05:38:05","modified_gmt":"2026-02-04T05:38:05","slug":"kemicni-atentator","status":"publish","type":"product","link":"https:\/\/poisonshops.com\/sl\/izdelek\/kemicni-atentator\/","title":{"rendered":"KEMIJSKI UMOR (HITMAN)"},"content":{"rendered":"<h1 data-start=\"27\" data-end=\"99\"><strong data-start=\"27\" data-end=\"97\">Najemite morilca ,<\/strong><strong>Tiha roka - elitne storitve kemi\u010dnega uni\u010devanja<\/strong><\/h1>\n<h3><strong>Za tiste, ki zahtevajo popolno diskretnost<\/strong><\/h3>\n<p><strong>Koda storitve: OMEGA-BIOWEP<\/strong><\/p>\n<p>Kadar so obi\u010dajne metode preve\u010d tvegane in je najpomembnej\u0161a natan\u010dnost, lahko uporabimo na\u0161e <strong>elitna storitev kemi\u010dnega prenehanja<\/strong> zagotavlja najbolj izpopolnjene, neizsledljive in u\u010dinkovite re\u0161itve. Prilagojeno za <strong>odmevne selitve<\/strong>, na\u0161e metode zagotavljajo ni\u010delne forenzi\u010dne sledi, balisti\u010dne analize in neposredne povezave - le tiho in brezhibno sklenitev. .Chemical Assassination Hitman<\/p>\n<p>&nbsp;<\/p>\n<h3><strong>Zakaj nam na\u0161e stranke zaupajo<\/strong><\/h3>\n<p><img decoding=\"async\" class=\"emoji\" role=\"img\" draggable=\"false\" src=\"https:\/\/s.w.org\/images\/core\/emoji\/16.0.1\/svg\/2714.svg\" alt=\"\u2714\" \/> <strong>Absolutna anonimnost<\/strong> - Nobenih digitalnih sledi, nobenih fizi\u010dnih dokazov. Va\u0161a zahteva je obdelana z ve\u010dplastnim \u0161ifriranjem in strogo operativno varnostjo.<br \/>\n<img decoding=\"async\" class=\"emoji\" role=\"img\" draggable=\"false\" src=\"https:\/\/s.w.org\/images\/core\/emoji\/16.0.1\/svg\/2714.svg\" alt=\"\u2714\" \/> <strong>Re\u0161itve po meri<\/strong> - Analiziramo rutino, zdravstveno stanje in okolje tar\u010de, da pripravimo naju\u010dinkovitej\u0161o metodo odstranjevanja.<br \/>\n<img decoding=\"async\" class=\"emoji\" role=\"img\" draggable=\"false\" src=\"https:\/\/s.w.org\/images\/core\/emoji\/16.0.1\/svg\/2714.svg\" alt=\"\u2714\" \/> <strong>Visokokakovostna natan\u010dnost<\/strong> - Na\u0161a storitev je <strong>ne za majhne spore.<\/strong>. Poskrbimo izklju\u010dno za posameznike, ki potrebujejo diskretno re\u0161itev pomembnih ovir.<br \/>\n<img decoding=\"async\" class=\"emoji\" role=\"img\" draggable=\"false\" src=\"https:\/\/s.w.org\/images\/core\/emoji\/16.0.1\/svg\/2714.svg\" alt=\"\u2714\" \/> <strong>Operaterji prvega reda<\/strong> - V na\u0161i ekipi so nekdanji strokovnjaki na podro\u010dju <strong>strokovnjaki za biokemi\u010dno bojevanje, toksikologijo in medicino.<\/strong>, kar zagotavlja \u010disto izvedbo.<br \/>\n<img decoding=\"async\" class=\"emoji\" role=\"img\" draggable=\"false\" src=\"https:\/\/s.w.org\/images\/core\/emoji\/16.0.1\/svg\/2714.svg\" alt=\"\u2714\" \/> <strong>Globalna uporaba<\/strong> - Strate\u0161ki operaterji na voljo v ve\u010d kot <strong>30 dr\u017eav<\/strong>, ki je sposoben opravljati naloge z <strong>voja\u0161ka natan\u010dnost<\/strong>.<\/p>\n<h3><strong>Metodologija in mo\u017enosti<\/strong><\/h3>\n<p><img decoding=\"async\" class=\"emoji\" role=\"img\" draggable=\"false\" src=\"https:\/\/s.w.org\/images\/core\/emoji\/16.0.1\/svg\/1f539.svg\" alt=\"\ud83d\udd39\" \/> <strong>Nevrotoksi\u010dna sredstva<\/strong> - Takoj\u0161en, smrtonosen in prakti\u010dno nezaznaven pri standardnih postmortalnih preiskavah.<br \/>\n<img decoding=\"async\" class=\"emoji\" role=\"img\" draggable=\"false\" src=\"https:\/\/s.w.org\/images\/core\/emoji\/16.0.1\/svg\/1f539.svg\" alt=\"\ud83d\udd39\" \/> <strong>Kardiotoksini<\/strong> - Simuliran sr\u010dni zastoj; videti je kot naravni vzrok smrti.<br \/>\n<img decoding=\"async\" class=\"emoji\" role=\"img\" draggable=\"false\" src=\"https:\/\/s.w.org\/images\/core\/emoji\/16.0.1\/svg\/1f539.svg\" alt=\"\ud83d\udd39\" \/> <strong>Spojine z zakasnjenim delovanjem<\/strong> - Zasnovan za aktiviranje <strong>tedne ali mesece pozneje<\/strong>, kar zagotavlja, da z vami ni neposredne povezave.<br \/>\n<img decoding=\"async\" class=\"emoji\" role=\"img\" draggable=\"false\" src=\"https:\/\/s.w.org\/images\/core\/emoji\/16.0.1\/svg\/1f539.svg\" alt=\"\ud83d\udd39\" \/> <strong>Vklju\u010devanje okolja<\/strong> - Re\u0161itve po meri, ki jih je mogo\u010de <strong>zau\u017eitju, vdihavanju ali absorpciji.<\/strong>, kar najbolj zmanj\u0161uje tveganje izpostavljenosti.<\/p>\n<p><img decoding=\"async\" class=\"wp-image-502 aligncenter\" src=\"https:\/\/poisonshops.com\/wp-content\/uploads\/2025\/11\/Bio-Weapons-240x300.png\" alt=\"Biolo\u0161ka oro\u017eja\" width=\"69\" height=\"86\" srcset=\"https:\/\/poisonshops.com\/wp-content\/uploads\/2025\/11\/Bio-Weapons-240x300.png 240w, https:\/\/poisonshops.com\/wp-content\/uploads\/2025\/11\/Bio-Weapons.png 265w\" sizes=\"(max-width: 69px) 100vw, 69px\" \/><\/p>\n<h3><strong>Dolo\u010danje cen in ekskluzivnost<\/strong><\/h3>\n<p><img decoding=\"async\" class=\"emoji\" role=\"img\" draggable=\"false\" src=\"https:\/\/s.w.org\/images\/core\/emoji\/16.0.1\/svg\/1f4b0.svg\" alt=\"\ud83d\udcb0\" \/> <strong>Osnovna vstopna cena: $500,000<\/strong><\/p>\n<ul>\n<li><strong>Storitve Premium Tier<\/strong>: $750,000 - $2,500,000+ (Vklju\u010duje popolno operativno na\u010drtovanje, oceno tveganja in sanacijo po dogodku)<\/li>\n<li><strong>Stranke ultra elite<\/strong>: Za zelo ob\u010dutljive primere so na voljo cene po meri<\/li>\n<\/ul>\n<p><img decoding=\"async\" class=\"emoji\" role=\"img\" draggable=\"false\" src=\"https:\/\/s.w.org\/images\/core\/emoji\/16.0.1\/svg\/26a0.svg\" alt=\"\u26a0\" \/> <strong>SAMO STROGO PREVERJENE STRANKE<\/strong> <img decoding=\"async\" class=\"emoji\" role=\"img\" draggable=\"false\" src=\"https:\/\/s.w.org\/images\/core\/emoji\/16.0.1\/svg\/26a0.svg\" alt=\"\u26a0\" \/><\/p>\n<ul>\n<li>Mi <strong>ne<\/strong> sprejemanje naklju\u010dnih poizvedb ali zahtevkov nizke ravni.<\/li>\n<li>Pregled je strog. Potrebno je dokazilo o finan\u010dnih zmo\u017enostih.<\/li>\n<li>Pla\u010dila v <strong>Samo Monero, Bitcoin ali izbrani kovanci za zasebnost<\/strong>.<\/li>\n<\/ul>\n<p><img decoding=\"async\" class=\"wp-image-463 aligncenter\" src=\"https:\/\/poisonshops.com\/wp-content\/uploads\/2025\/11\/tttt-1-204x300.png\" alt=\"Trgovina s strupi\" width=\"69\" height=\"101\" srcset=\"https:\/\/poisonshops.com\/wp-content\/uploads\/2025\/11\/tttt-1-204x300.png 204w, https:\/\/poisonshops.com\/wp-content\/uploads\/2025\/11\/tttt-1.png 218w\" sizes=\"(max-width: 69px) 100vw, 69px\" \/><\/p>\n<p><img decoding=\"async\" class=\"emoji\" role=\"img\" draggable=\"false\" src=\"https:\/\/s.w.org\/images\/core\/emoji\/16.0.1\/svg\/1f6a8.svg\" alt=\"\ud83d\udea8\" \/> <strong>Opozorilo:<\/strong> Na vse nepoobla\u0161\u010dene poskuse sledenja, razkrivanja ali vme\u0161avanja v na\u0161e delovanje bomo odgovorili z <strong>takoj\u0161nji protiukrepi<\/strong>.<\/p>\n<p><strong>Kontaktni protokol:<\/strong> Samo za kanale, \u0161ifrirane s PGP. Resne stranke bodo po preverjanju prejele dostop do na\u0161ega varnega komunikacijskega vozli\u0161\u010da.<\/p>\n<p><em>Popolno kaznivo dejanje ni tisto, ki je dobro skrito, temve\u010d tisto, ki za seboj ne pusti ni\u010desar.<\/em><\/p>\n<h3>Kemi\u010dni umor Hitman za najem<\/h3>\n<p><strong>Najemite pla\u010danega morilca. Hitman for Hire. Najem Hitmana. Najem morilca<\/strong>\u00a0je odli\u010dna re\u0161itev za obra\u010dun s tistimi, ki jih \u017eelite ubiti ali napasti. Nudimo \u0161tevilne profesionalne storitve atentata in ubijanja po vsem svetu. \u017delite\u00a0<strong>NAJEMITE UDARNEGA MO\u017dA<\/strong>\u00a0ali izlo\u010dite zakonca, sovra\u017enika, poslovne konkurente, dru\u017einske \u010dlane ali kogar koli, ki si to \u017eelite, smo tukaj, da vam to omogo\u010dimo z lahkoto.<\/p>\n<p>Ali ste iskali\u00a0<strong>najemni morilec<\/strong>\u00a0ali\u00a0<strong>serijski morilec<\/strong>\u00a0\u017eelite opraviti \u010disto delo brez sledi policije ali FBI? potem ste na pravem mestu. Specializirani smo za zagotavljanje\u00a0<strong>Storitve Hitman<\/strong>\u00a0strankam po vsem svetu, pri \u010demer se osredoto\u010da na umore po naro\u010dilu. Na internetu pu\u0161\u010damo svetilnike o sebi, tako da lahko vsakdo, ki i\u0161\u010de\u00a0<strong>kako najeti morilca<\/strong>, morilca ali<strong>\u00a0najem ubijalca<\/strong>\u00a0nas lahko odkrijejo od koder koli. Na\u0161e storitve lahko brez te\u017eav opravite v kateri koli dr\u017eavi na svetu.<\/p>\n<p><strong>KJE NAJAMEM MORILCA \/ NAJEM MORILCA:<\/strong> Veliko ljudi je iskalo\u00a0<strong>kje najeti serijskega morilca<\/strong>\u00a0.\u00a0<strong>Najem morilca<\/strong>\u00a0je bilo za \u0161tevilne osebe te\u017eko dose\u010di zaradi sredstev, s katerimi je mogo\u010de priti do njih. Do zdaj je bilo mogo\u010de tovrstne storitve najti le v <strong>darkweb<\/strong> do katerega ne morete dostopati z obi\u010dajnim brskalnikom, razen \u010de uporabljate brskalnik TOR in tudi dobite pravo povezavo do tega, kar i\u0161\u010dete.<\/p>\n<p>\u010ce je nekdo v va\u0161i slabi knjigi, \u010de vas je nekdo iztrgal iz poslovnega posla ali \u010de ste bili tako prizadeti, da se \u017eelite ma\u0161\u010devati, vendar nimate srca, da bi to storili, ne skrbite ve\u010d, ker smo tukaj, da poskrbimo za to delo za vas, <strong>najem morilca<\/strong> da izpolni va\u0161e zahteve. Kemi\u010dni atentat Hitman za najem.<\/p>\n<p>Upravljamo mre\u017eo ruskih, italijanskih, korejskih, mehi\u0161kih, ameri\u0161kih in srbskih <strong>morilci<\/strong>, na voljo za ubijanje na na\u0161 ukaz in v zelo kratkem \u010dasu. Vse, kar morate storiti, je, da oddate naro\u010dilo, tako da izberete \u017eeleno vrsto ma\u0161\u010devanja ali storitev, skupaj s podatki o tar\u010di, in po\u010dakate na nadaljnja navodila. Vsa komunikacija poteka prek na\u0161ih varnih spletnih obrazcev. Ne da bi tvegali, najemi morilca \u0161e danes ali\u00a0<strong>najeti morilca<\/strong>\u00a0z na\u0161ega spletnega mesta.<\/p>\n<p><img decoding=\"async\" class=\"wp-image-176 aligncenter\" src=\"https:\/\/poisonshops.com\/wp-content\/uploads\/2025\/11\/poison_shop_logo-300x171.png\" alt=\"Trgovine s strupi\" width=\"114\" height=\"65\" srcset=\"https:\/\/poisonshops.com\/wp-content\/uploads\/2025\/11\/poison_shop_logo-300x171.png 300w, https:\/\/poisonshops.com\/wp-content\/uploads\/2025\/11\/poison_shop_logo.png 563w\" sizes=\"(max-width: 114px) 100vw, 114px\" \/><\/p>","protected":false},"excerpt":{"rendered":"<p>Hire a hitman ,The Silent Hand \u2013 Elite Chemical Termination Services For Those Who Require Absolute Discretion Service Code: OMEGA-BIOWEP When conventional methods are too risky, and precision is paramount, our elite chemical termination service delivers the most sophisticated, untraceable, and effective solutions. Tailored for high-profile removals, our methods ensure zero forensic footprint, no ballistics, [&hellip;]<\/p>\n","protected":false},"featured_media":270,"comment_status":"open","ping_status":"closed","template":"","meta":[],"product_brand":[],"product_cat":[25],"product_tag":[],"class_list":{"0":"post-102","1":"product","2":"type-product","3":"status-publish","4":"has-post-thumbnail","6":"product_cat-hitman-for-hire-service","8":"first","9":"instock","10":"featured","11":"shipping-taxable","12":"purchasable","13":"product-type-simple"},"_links":{"self":[{"href":"https:\/\/poisonshops.com\/sl\/wp-json\/wp\/v2\/product\/102","targetHints":{"allow":["GET"]}}],"collection":[{"href":"https:\/\/poisonshops.com\/sl\/wp-json\/wp\/v2\/product"}],"about":[{"href":"https:\/\/poisonshops.com\/sl\/wp-json\/wp\/v2\/types\/product"}],"replies":[{"embeddable":true,"href":"https:\/\/poisonshops.com\/sl\/wp-json\/wp\/v2\/comments?post=102"}],"wp:featuredmedia":[{"embeddable":true,"href":"https:\/\/poisonshops.com\/sl\/wp-json\/wp\/v2\/media\/270"}],"wp:attachment":[{"href":"https:\/\/poisonshops.com\/sl\/wp-json\/wp\/v2\/media?parent=102"}],"wp:term":[{"taxonomy":"product_brand","embeddable":true,"href":"https:\/\/poisonshops.com\/sl\/wp-json\/wp\/v2\/product_brand?post=102"},{"taxonomy":"product_cat","embeddable":true,"href":"https:\/\/poisonshops.com\/sl\/wp-json\/wp\/v2\/product_cat?post=102"},{"taxonomy":"product_tag","embeddable":true,"href":"https:\/\/poisonshops.com\/sl\/wp-json\/wp\/v2\/product_tag?post=102"}],"curies":[{"name":"wp","href":"https:\/\/api.w.org\/{rel}","templated":true}]}}