{"id":103,"date":"2017-12-19T10:50:33","date_gmt":"2017-12-19T10:50:33","guid":{"rendered":"https:\/\/wordpress.gradientthemes.com\/brand-shop\/product\/basic-gray-jeans\/"},"modified":"2026-04-16T01:29:43","modified_gmt":"2026-04-16T01:29:43","slug":"strup-akonitina","status":"publish","type":"product","link":"https:\/\/poisonshops.com\/sl\/izdelek\/strup-akonitina\/","title":{"rendered":"Akonitin strup"},"content":{"rendered":"<h2>Akonitin strup za prodajo<\/h2>\n<h4>Pregled<\/h4>\n<p>Akonitin je zelo strupen alkaloid, ki ga najdemo v razli\u010dnih vrstah rastlin iz rodu Aconitum, splo\u0161no znanih kot aconit ali monkshood. Zloglasen je zaradi svojih mo\u010dnih kardiotoksi\u010dnih in nevrotoksi\u010dnih u\u010dinkov.<\/p>\n<h4>Mehanizem delovanja<\/h4>\n<p>Akonitin deluje tako, da se ve\u017ee na napetostne natrijeve kanale v \u017eiv\u010dnih in mi\u0161i\u010dnih celicah in jih aktivira. To povzro\u010di dolgotrajno depolarizacijo celi\u010dnih membran, kar moti normalno elektri\u010dno aktivnost v srcu in \u017eiv\u010dnem sistemu.<\/p>\n<h4>Kako deluje<\/h4>\n<p>Do izpostavljenosti akonitinu lahko pride z zau\u017eitjem ali stikom ko\u017ee z oku\u017eenimi rastlinami ali rastlinskimi pripravki. Hitro vpliva na sr\u010dno-\u017eilni in \u017eiv\u010dni sistem, kar povzro\u010di simptome, kot so aritmija, napadi in odpoved dihanja.<\/p>\n<h4>Koli\u010dina, potrebna za povzro\u010ditev \u0161kode<\/h4>\n<p>Akonitin je izjemno mo\u010dan in \u017ee majhne koli\u010dine so lahko smrtno nevarne. Smrtni odmerek se lahko zelo razlikuje glede na dejavnike, kot sta zdravje posameznika in koncentracija akonitina v rastlini ali pripravku.<\/p>\n<h4>Znaki in simptomi<\/h4>\n<p>Simptomi zastrupitve z akonitinom so:<\/p>\n<ul>\n<li><strong>Zgodnji simptomi<\/strong>: Odrevenelost in mravljin\u010denje okoli ust in okon\u010din.<\/li>\n<li><strong>Progresivni simptomi<\/strong>: Huda slabost, bruhanje, bole\u010dine v trebuhu, neredno bitje srca, mi\u0161i\u010dna oslabelost in aritmija, ki lahko povzro\u010di smrt.<\/li>\n<\/ul>\n<h4>Viri in distribucija<\/h4>\n<p>Akonitin je predvsem v koreninah, listih in semenih rastlin iz rodu Aconitum, ki so raz\u0161irjene v zmernih obmo\u010djih po vsem svetu. Uporabljajo se v tradicionalnih zdravilih in kot okrasne rastline.<\/p>\n<h4>Odkrivanje in zdravljenje<\/h4>\n<ul>\n<li><strong>Odkrivanje<\/strong>: Diagnoza temelji na simptomih in zgodovini izpostavljenosti rastlinam ali pripravkom, ki vsebujejo akonit.<\/li>\n<li><strong>Zdravljenje<\/strong>: Za zastrupitev z akonitinom ni posebnega protistrupa. Zdravljenje se osredoto\u010da na podporno zdravljenje, vklju\u010dno z dihalno in kardiovaskularno podporo ter dekontaminacijo prebavil, \u010de je bila zau\u017eita pred kratkim.<\/li>\n<\/ul>\n<p><img decoding=\"async\" class=\"wp-image-463 aligncenter\" src=\"https:\/\/poisonshops.com\/wp-content\/uploads\/2025\/11\/tttt-1-204x300.png\" alt=\"Trgovina s strupi\" width=\"65\" height=\"95\" srcset=\"https:\/\/poisonshops.com\/wp-content\/uploads\/2025\/11\/tttt-1-204x300.png 204w, https:\/\/poisonshops.com\/wp-content\/uploads\/2025\/11\/tttt-1.png 218w\" sizes=\"(max-width: 65px) 100vw, 65px\" \/><\/p>\n<h4>Prepre\u010devanje<\/h4>\n<ul>\n<li><strong>Varnostni ukrepi<\/strong>: Izogibajte se ravnanju z divjimi rastlinami iz rodu Aconitum ali njihovemu u\u017eivanju. Ustrezno izobra\u017eevanje in ozave\u0161\u010danje sta bistvenega pomena za prepre\u010devanje naklju\u010dnih zastrupitev.<\/li>\n<\/ul>\n<h4>Zaklju\u010dek<\/h4>\n<p>Akonitin je zelo strupen alkaloid v rastlinah iz rodu Aconitum, znan po svojih hudih kardiotoksi\u010dnih in nevrotoksi\u010dnih u\u010dinkih. Razumevanje njegovih mehanizmov, simptomov zastrupitve in ustreznih varnostnih ukrepov je klju\u010dnega pomena za prepre\u010devanje naklju\u010dne izpostavljenosti in zagotavljanje hitrega zdravni\u0161kega posredovanja. <span class=\"single-product-category\">nakup raziskovalnih kemikalij, raziskovalne kemikalije za prodajo.<strong> Kupujte strupe in toksine anonimno.<\/strong><\/span><\/p>\n<p><img decoding=\"async\" class=\"wp-image-502 aligncenter\" src=\"https:\/\/poisonshops.com\/wp-content\/uploads\/2025\/11\/Bio-Weapons-240x300.png\" alt=\"Biolo\u0161ka oro\u017eja\" width=\"73\" height=\"91\" srcset=\"https:\/\/poisonshops.com\/wp-content\/uploads\/2025\/11\/Bio-Weapons-240x300.png 240w, https:\/\/poisonshops.com\/wp-content\/uploads\/2025\/11\/Bio-Weapons.png 265w\" sizes=\"(max-width: 73px) 100vw, 73px\" \/><\/p>\n<h4>Raziskovalne kemikalije za prodajo<\/h4>\n<p>Akonitin je zelo strupen alkaloid v rastlinah iz rodu Aconitum, znan po svojih hudih kardiotoksi\u010dnih in nevrotoksi\u010dnih u\u010dinkih. Razumevanje njegovih mehanizmov, simptomov zastrupitve in ustreznih varnostnih ukrepov je klju\u010dnega pomena za prepre\u010devanje naklju\u010dne izpostavljenosti in zagotavljanje hitrega zdravni\u0161kega posredovanja.<\/p>\n<p>Do izpostavljenosti akonitinu lahko pride z zau\u017eitjem ali stikom ko\u017ee z oku\u017eenimi rastlinami ali rastlinskimi pripravki. Hitro vpliva na sr\u010dno-\u017eilni in \u017eiv\u010dni sistem, kar povzro\u010di simptome, kot so aritmija, napadi in odpoved dihanja.<\/p>\n<p><span class=\"kY2IgmnCmOGjharHErah\">Najbolj\u0161i kraj za nakup cianida, arzena in rastlinskih strupov - COA zagotavlja biolo\u0161ko oro\u017eje: Kupite strupe in toksine, kupite \u017eiv\u010dni agent VX, akonitin, arzenik, batrahotoksin, botulinski toksin, cianid, dimetil \u017eivo srebro, maitotoksin, polonij-210, ricinski strup, sarinski strup, tetrodotoksinski strup<\/span><\/p>\n<p><span class=\"kY2IgmnCmOGjharHErah\">Trgovina s strupi za prodajo Zastrupitev z akonitinom je zdaj redka, vendar se \u0161e vedno zgodi zaradi naklju\u010dnega zau\u017eitja rastlinskega materiala ali namerne zastrupitve. Kupite strup akonitin na spletu.<\/span><\/p>\n<p><span class=\"kY2IgmnCmOGjharHErah\"><b>Akonitin<\/b> <b>Strup<\/b> je zelo strupen alkaloid, ki ga najdemo v razli\u010dnih vrstah rastlin iz rodu Aconitum, splo\u0161no znanih kot aconite ali monkshood. Zloglasen je zaradi svojih mo\u010dnih kardiotoksi\u010dnih in nevrotoksi\u010dnih u\u010dinkov. research chemicals for sale Mehanizem delovanja <b>Akonitin<\/b> deluje tako, da se ve\u017ee na napetostne natrijeve kanale v \u017eiv\u010dnih in mi\u0161i\u010dnih celicah in jih aktivira. To povzro\u010di <\/span><\/p>\n<p><span class=\"kY2IgmnCmOGjharHErah\">Atropin, <b>Akonitin<\/b>, strihnin in digitalis - za raziskave srca in \u017eiv\u010dnega sistema. kolhicin in oleandrin - klju\u010dnega pomena za raziskave raka. Koniin in taksin - klasi\u010dna zdravila <b>strup<\/b> za toksikolo\u0161ko uporabo.<\/span><\/p>\n<p><span class=\"kY2IgmnCmOGjharHErah\"> <b>akonitin<\/b>, <b>akonitin<\/b> in mi\u0161ice, <b>akonitin<\/b> in \u017eiv\u010dni sistem, <b>akonitin<\/b> in odpoved dihanja, <b>akonitin<\/b> bakterije, <b>akonitin<\/b> odkrivanje, <b>akonitin<\/b> v rastlinah, <b>akonitin<\/b> v morski hrani, <b>akonitin<\/b> simptomi zastrupitve, <b>akonitin<\/b> statisti\u010dni podatki, <b>akonitin<\/b> terapija, protistrup za <b>akonitin<\/b>, <\/span><\/p>\n<p><img decoding=\"async\" class=\"wp-image-176 aligncenter\" src=\"https:\/\/poisonshops.com\/wp-content\/uploads\/2025\/11\/poison_shop_logo-300x171.png\" alt=\"Trgovine s strupi\" width=\"91\" height=\"52\" srcset=\"https:\/\/poisonshops.com\/wp-content\/uploads\/2025\/11\/poison_shop_logo-300x171.png 300w, https:\/\/poisonshops.com\/wp-content\/uploads\/2025\/11\/poison_shop_logo.png 563w\" sizes=\"(max-width: 91px) 100vw, 91px\" \/><\/p>","protected":false},"excerpt":{"rendered":"<p>Aconitine Poison For Sale Overview Aconitine is a highly toxic alkaloid found in various species of plants belonging to the Aconitum genus, commonly known as aconite or monkshood. It is infamous for its potent cardiotoxic and neurotoxic effects. Mechanism of Action Aconitine acts by binding to and activating voltage-gated sodium channels in nerve and muscle [&hellip;]<\/p>\n","protected":false},"featured_media":272,"comment_status":"open","ping_status":"closed","template":"","meta":[],"product_brand":[],"product_cat":[17],"product_tag":[],"class_list":{"0":"post-103","1":"product","2":"type-product","3":"status-publish","4":"has-post-thumbnail","6":"product_cat-poisons-for-sale","8":"first","9":"instock","10":"featured","11":"shipping-taxable","12":"purchasable","13":"product-type-variable"},"_links":{"self":[{"href":"https:\/\/poisonshops.com\/sl\/wp-json\/wp\/v2\/product\/103","targetHints":{"allow":["GET"]}}],"collection":[{"href":"https:\/\/poisonshops.com\/sl\/wp-json\/wp\/v2\/product"}],"about":[{"href":"https:\/\/poisonshops.com\/sl\/wp-json\/wp\/v2\/types\/product"}],"replies":[{"embeddable":true,"href":"https:\/\/poisonshops.com\/sl\/wp-json\/wp\/v2\/comments?post=103"}],"wp:featuredmedia":[{"embeddable":true,"href":"https:\/\/poisonshops.com\/sl\/wp-json\/wp\/v2\/media\/272"}],"wp:attachment":[{"href":"https:\/\/poisonshops.com\/sl\/wp-json\/wp\/v2\/media?parent=103"}],"wp:term":[{"taxonomy":"product_brand","embeddable":true,"href":"https:\/\/poisonshops.com\/sl\/wp-json\/wp\/v2\/product_brand?post=103"},{"taxonomy":"product_cat","embeddable":true,"href":"https:\/\/poisonshops.com\/sl\/wp-json\/wp\/v2\/product_cat?post=103"},{"taxonomy":"product_tag","embeddable":true,"href":"https:\/\/poisonshops.com\/sl\/wp-json\/wp\/v2\/product_tag?post=103"}],"curies":[{"name":"wp","href":"https:\/\/api.w.org\/{rel}","templated":true}]}}