{"id":108,"date":"2017-12-19T09:56:29","date_gmt":"2017-12-19T09:56:29","guid":{"rendered":"https:\/\/wordpress.gradientthemes.com\/brand-shop\/product\/flamingo-tshirt\/"},"modified":"2025-12-08T21:55:27","modified_gmt":"2025-12-08T21:55:27","slug":"kupiti-skopolamin-hudicev-dih","status":"publish","type":"product","link":"https:\/\/poisonshops.com\/sl\/izdelek\/kupiti-skopolamin-hudicev-dih\/","title":{"rendered":"Kupite skopolamin (Devil's Breath)"},"content":{"rendered":"<h2>Kupite Scopolamine Devils Breath<\/h2>\n<p>Skopolamin, znan tudi kot hioscin ali Devil's Breath, je naravni ali sinteti\u010dno proizveden tropanski alkaloid in antikolinergi\u010dno zdravilo, ki se uporablja za zdravljenje potovalne slabosti ter pooperativne slabosti in bruhanja. V\u010dasih se uporablja tudi pred operacijo za zmanj\u0161anje slinjenja. Pri uporabi v obliki injekcije se u\u010dinki pojavijo po pribli\u017eno 20 minutah in trajajo do 8 ur. Uporablja se lahko tudi peroralno. Kupite skopolamin Devil's Breath.<\/p>\n<h3>Kaj po\u010dne skopolamin?<\/h3>\n<p>Skopolamin spada v dru\u017eino antimuskarinskih zdravil in deluje tako, da blokira nekatere u\u010dinke acetilholina na \u017eiv\u010dni sistem. Skopolamin je bil prvi\u010d opisal leta 1881, za anestezijo pa se je za\u010del uporabljati okoli leta 1900. Skopolamin je tudi glavna aktivna sestavina nekaterih rastlin iz dru\u017eine razhudnikov, ki so se v preteklosti uporabljale kot psihoaktivna zdravila (znana kot delirijska) zaradi halucinogenih u\u010dinkov, ki jih povzro\u010dajo antimuskariniki v vi\u0161jih odmerkih. V teh kontekstih so se njegovi u\u010dinki, ki spreminjajo zavest, uporabljali za rekreativne in okultne namene.<\/p>\n<h4><span class=\"kY2IgmnCmOGjharHErah\">Kupite skopolamin v prahu na spletu<\/span><\/h4>\n<p>Zastrupitev s skopolaminom iz doma\u010dega vina \u2018lunina ro\u017ea\u2019<br \/>\nLH, 76-letni belec, je v eni uri spil 3 \u010dajne \u017eli\u010dke (15 ml) doma\u010dega vina in zbolel. Pribli\u017eno 1,5 ure kasneje so ga z znaki dihalne stiske in slabosti odpeljali na urgenco lokalne bolni\u0161nice. Rastlina, uporabljena za proizvodnjo vina, je bila angelova trobenta (Datura suaveolens), ki po poro\u010danju vsebuje razli\u010dne koli\u010dine skopolamina in atropina.<\/p>\n<p>Vzorec vina je bil odvzet in analiziran za ti dve spojini z reverzno fazno HPLC kromatografijo z uporabo 97% metanola-3% deionizirane vode. Filtrirano vino je vsebovalo pribli\u017eno 29 mg skopolamina\/ml, kar je pomenilo skupno zau\u017eito dozo 435 mg. Atropin ni bil zaznan. Skopolamin je bil potrjen s TLC. Poro\u010dalo se je, da je peroralni odmerek 50 mg atropin sulfata pri ljudeh smrten. Vsebnost alkohola in pH 3,8 doma\u010dega vina sta morda pove\u010dala ekstrakcijo te spojine iz rastlinskega materiala, proces fermentacije vina pa je morda koncentriral prvotni ekstrakt.<\/p>\n<p><img decoding=\"async\" class=\"wp-image-463 aligncenter\" src=\"https:\/\/poisonshops.com\/wp-content\/uploads\/2025\/11\/tttt-1-204x300.png\" alt=\"Trgovina s strupi\" width=\"63\" height=\"93\" srcset=\"https:\/\/poisonshops.com\/wp-content\/uploads\/2025\/11\/tttt-1-204x300.png 204w, https:\/\/poisonshops.com\/wp-content\/uploads\/2025\/11\/tttt-1.png 218w\" sizes=\"(max-width: 63px) 100vw, 63px\" \/><\/p>\n<h2>Odmerjanje za smrt<\/h2>\n<p>Skopolamin v majhnih odmerkih povzro\u010da nezavest do 24 ur ali ve\u010d, zato se pogosto uporablja pri ropih, kjer je \u017ertev nezavestna. Vendar je \u017ee 10 mg dovolj, da povzro\u010di smrt, in se lahko uporabi skupaj s hrano ali pija\u010do, pri \u010demer je njegov u\u010dinek v alkoholnih pija\u010dah hitrej\u0161i, pribli\u017eno 30 minut, smrt pa je nebole\u010da, saj povzro\u010da zaspanost. Odkriva se le z natan\u010dnej\u0161imi obdukcijami. <span class=\"kY2IgmnCmOGjharHErah\">Kupite skopolamin v prahu na spletu<\/span>.<\/p>\n<p>skopolamin, v filmih se imenuje pravi serum, uporabljajte zelo previdno in po lastni presoji!<\/p>\n<p><img decoding=\"async\" class=\"wp-image-502 aligncenter\" src=\"https:\/\/poisonshops.com\/wp-content\/uploads\/2025\/11\/Bio-Weapons-240x300.png\" alt=\"Biolo\u0161ka oro\u017eja\" width=\"65\" height=\"81\" srcset=\"https:\/\/poisonshops.com\/wp-content\/uploads\/2025\/11\/Bio-Weapons-240x300.png 240w, https:\/\/poisonshops.com\/wp-content\/uploads\/2025\/11\/Bio-Weapons.png 265w\" sizes=\"(max-width: 65px) 100vw, 65px\" \/><\/p>\n<h3 class=\"LnpumSThxEWMIsDdAT17 CXMyPcQ6nDv47DKFeywM\"><span class=\"EKtkFWMYpwzMKOYr0GYm LQVY1Jpkk8nyJ6HBWKAk\">KUPITE Scopolamine (Devil\u2019s Breath) pra\u0161ek na spletu<\/span><\/h3>\n<p><span class=\"kY2IgmnCmOGjharHErah\"><b>Kupite<\/b> <b>skopolamin<\/b> spletno. Hioscin, znan tudi kot <b>skopolamin<\/b>( <b>Hudi\u010dev<\/b> <b>Dih<\/b>), je zdravilo za zdravljenje potovalne slabosti ter pooperativne slabosti in bruhanja. obli\u017e proti potovalni slabosti, obli\u017e proti morski bolezni, obli\u017e proti slabosti, transderm scop, dramamine obli\u017e, obli\u017e proti slabosti, obli\u017e proti morski bolezni, potovalna slabost <\/span><\/p>\n<p><span class=\"kY2IgmnCmOGjharHErah\"><b>Kupite<\/b> <b>Skopolamin<\/b> Pra\u0161ek na spletu za prodajo (Burundanga, \u201cThe <b>Hudi\u010dev<\/b> <b>Dih<\/b>\u201cBorrachero, hioscin, angelova trobenta) Hioscin, znan tudi kot <b>skopolamin<\/b>, je zdravilo za zdravljenje potovalne slabosti ter pooperativne slabosti in bruhanja.<\/span><\/p>\n<p><span class=\"kY2IgmnCmOGjharHErah\">Po vdihavanju \u201c<b>Hudi\u010dev<\/b> <b>Dih<\/b>, je znano, da se \u017ertve zbujajo brez spomina, da so dvignile svoje \u017eivljenjske prihranke in jih podarile. <b>Skopolamin<\/b>, poimenovan \u201c<b>Hudi\u010dev<\/b> <b>Dih<\/b>, se pogosto imenuje najnevarnej\u0161a droga na svetu. Najbolj raz\u0161irjena je v Ju\u017eni Ameriki.<\/span><\/p>\n<p><span class=\"kY2IgmnCmOGjharHErah\"><b>Hudi\u010dev<\/b> <b>Dih<\/b> izhaja iz cvetov grma \u201cborrachero\u201d, ki je pogost v ju\u017enoameri\u0161ki dr\u017eavi Kolumbiji. Semena, ko so zmleta in ekstrahirana s kemi\u010dnim postopkom, vsebujejo kemikalijo, podobno <b>skopolamin<\/b> imenovano \u201cburandanga\u201d. Kupite skopolaminov dih hudi\u010da.<\/span><\/p>\n<h3>Skopolamin za prodajo na spletu<\/h3>\n<p><img decoding=\"async\" class=\"wp-image-176 aligncenter\" src=\"https:\/\/poisonshops.com\/wp-content\/uploads\/2025\/11\/poison_shop_logo-300x171.png\" alt=\"Trgovine s strupi\" width=\"118\" height=\"67\" srcset=\"https:\/\/poisonshops.com\/wp-content\/uploads\/2025\/11\/poison_shop_logo-300x171.png 300w, https:\/\/poisonshops.com\/wp-content\/uploads\/2025\/11\/poison_shop_logo.png 563w\" sizes=\"(max-width: 118px) 100vw, 118px\" \/><\/p>","protected":false},"excerpt":{"rendered":"<p>Buy Scopolamine Devils Breath Scopolamine, also known as hyoscine, or Devil\u2019s Breath, is a natural or synthetically produced tropane alkaloid and anticholinergic medication that is used as a medication to treat motion sickness and postoperative nausea and vomiting. It is also sometimes used before surgery to decrease saliva. When used by injection, the effects begin [&hellip;]<\/p>\n","protected":false},"featured_media":313,"comment_status":"open","ping_status":"closed","template":"","meta":[],"product_brand":[],"product_cat":[17],"product_tag":[],"class_list":{"0":"post-108","1":"product","2":"type-product","3":"status-publish","4":"has-post-thumbnail","6":"product_cat-poisons-for-sale","8":"first","9":"instock","10":"shipping-taxable","11":"purchasable","12":"product-type-variable"},"_links":{"self":[{"href":"https:\/\/poisonshops.com\/sl\/wp-json\/wp\/v2\/product\/108","targetHints":{"allow":["GET"]}}],"collection":[{"href":"https:\/\/poisonshops.com\/sl\/wp-json\/wp\/v2\/product"}],"about":[{"href":"https:\/\/poisonshops.com\/sl\/wp-json\/wp\/v2\/types\/product"}],"replies":[{"embeddable":true,"href":"https:\/\/poisonshops.com\/sl\/wp-json\/wp\/v2\/comments?post=108"}],"wp:featuredmedia":[{"embeddable":true,"href":"https:\/\/poisonshops.com\/sl\/wp-json\/wp\/v2\/media\/313"}],"wp:attachment":[{"href":"https:\/\/poisonshops.com\/sl\/wp-json\/wp\/v2\/media?parent=108"}],"wp:term":[{"taxonomy":"product_brand","embeddable":true,"href":"https:\/\/poisonshops.com\/sl\/wp-json\/wp\/v2\/product_brand?post=108"},{"taxonomy":"product_cat","embeddable":true,"href":"https:\/\/poisonshops.com\/sl\/wp-json\/wp\/v2\/product_cat?post=108"},{"taxonomy":"product_tag","embeddable":true,"href":"https:\/\/poisonshops.com\/sl\/wp-json\/wp\/v2\/product_tag?post=108"}],"curies":[{"name":"wp","href":"https:\/\/api.w.org\/{rel}","templated":true}]}}