{"id":342,"date":"2025-11-20T11:06:16","date_gmt":"2025-11-20T11:06:16","guid":{"rendered":"https:\/\/poisonshops.com\/?post_type=product&#038;p=342"},"modified":"2025-12-02T15:32:34","modified_gmt":"2025-12-02T15:32:34","slug":"nikljev-karbonil","status":"publish","type":"product","link":"https:\/\/poisonshops.com\/sl\/izdelek\/nikljev-karbonil\/","title":{"rendered":"Nikelj karbonil"},"content":{"rendered":"<h2 class=\"product_title entry-title\">Nakup nikelj karbonil na spletu<\/h2>\n<h4>Kaj je nikljev karbonil<\/h4>\n<p><a href=\"https:\/\/poisonshops.com\/sl\/\">Nakup nikelj karbonil na spletu<\/a> (ime IUPAC: tetrakarbonilnikelj) je organska spojina niklja s formulo Ni(CO)4. Ta brezbarvna teko\u010dina je glavni karbonil niklja.<\/p>\n<p>Je vmesni produkt v Mondovem postopku za proizvodnjo zelo visoke \u010distosti Kupi nikelj karbonil na spletu in reagent v organokovinski kemiji, \u010deprav se Mondov postopek zaradi nevarnosti za zdravje pri delu s to spojino ni ve\u010d uporabljal.<\/p>\n<p>Nikljev karbonil je ena najnevarnej\u0161ih snovi, ki se \u0161e pojavljajo v kemiji niklja, saj je zelo strupen, poleg tega pa je zelo hlapljiv in se hitro absorbira v ko\u017eo. Nikl karbonil kupite na \u010drnem trgu.<\/p>\n<p><img decoding=\"async\" class=\"wp-image-463 aligncenter\" src=\"https:\/\/poisonshops.com\/wp-content\/uploads\/2025\/11\/tttt-1-204x300.png\" alt=\"Trgovina s strupi\" width=\"61\" height=\"90\" srcset=\"https:\/\/poisonshops.com\/wp-content\/uploads\/2025\/11\/tttt-1-204x300.png 204w, https:\/\/poisonshops.com\/wp-content\/uploads\/2025\/11\/tttt-1.png 218w\" sizes=\"(max-width: 61px) 100vw, 61px\" \/><\/p>\n<h2><span id=\"Structure_and_bonding\" class=\"mw-headline\">Struktura in vezava<\/span><\/h2>\n<p>V nikljevem tetrakarbonilu je oksidacijsko stanje niklja enako ni\u010d. Formula je skladna z 18-elektronskim pravilom. Molekula je tetraedri\u010dna, s \u0161tirimi karbonilnimi (ogljikov monoksidnimi) ligandi. Na tej molekuli so bile opravljene \u0161tudije elektronske difrakcije in izra\u010dunane razdalje med Ni-C in C-O zna\u0161ajo 1,838(2) oziroma 1,141(2) angstroma. Kupi nikljev karbonil na spletu.<\/p>\n<h3><span id=\"Preparation\" class=\"mw-headline\">Priprava<\/span><\/h3>\n<p>Ni(CO)4 je leta 1890 prvi\u010d sintetiziral Ludwig Mond z neposredno reakcijo kovinskega niklja s CO. To pionirsko delo je napovedalo obstoj \u0161tevilnih drugih kovinskih karbonilnih spojin, vklju\u010dno z V, Cr, Mn, Fe in Co. Do konca 19. stoletja se je industrijsko uporabljalo tudi za \u010di\u0161\u010denje niklja.<\/p>\n<p>Pri 323 K (50 \u00b0C; 122 \u00b0F) ogljikov monoksid prehaja \u010dez ne\u010disti nikelj. Optimalna hitrost se dose\u017ee pri 130 \u00b0C. Nikl karbonil kupite na \u010drnem trgu.<\/p>\n<h4><span id=\"Thermal_decarbonylation\" class=\"mw-headline\">Toplotna dekarbonilacija<\/span><\/h4>\n<p>Pri zmernem segrevanju se Ni(CO)<sub>4<\/sub> razpade na ogljikov monoksid in kovinski nikelj. V kombinaciji z enostavno tvorbo iz CO in celo zelo ne\u010distega niklja je ta razgradnja osnova za postopek Mond za \u010di\u0161\u010denje Kupi nikelj karbonil na spletu ali nana\u0161anje na povr\u0161ine. Toplotna razgradnja se za\u010dne pri temperaturi blizu 180 \u00b0C in se pri vi\u0161ji temperaturi pove\u010da.<\/p>\n<p><img decoding=\"async\" class=\"wp-image-502 aligncenter\" src=\"https:\/\/poisonshops.com\/wp-content\/uploads\/2025\/11\/Bio-Weapons-240x300.png\" alt=\"Biolo\u0161ka oro\u017eja\" width=\"78\" height=\"98\" srcset=\"https:\/\/poisonshops.com\/wp-content\/uploads\/2025\/11\/Bio-Weapons-240x300.png 240w, https:\/\/poisonshops.com\/wp-content\/uploads\/2025\/11\/Bio-Weapons.png 265w\" sizes=\"(max-width: 78px) 100vw, 78px\" \/><\/p>\n<h3>Nakup nikljevega karbonila na spletu<\/h3>\n<h5><span id=\"Reactions_with_electrophiles_and_oxidizing_agents\" class=\"mw-headline\">Reakcije z elektrofili in oksidanti<\/span><\/h5>\n<p>Nikljev karbonil se lahko oksidira. Klor oksidira nikljev karbonil v NiCl<sub>2<\/sub>, pri \u010demer se spro\u0161\u010da plin CO. Drugi halogeni se obna\u0161ajo podobno. Ta reakcija omogo\u010da priro\u010dno metodo za obarjanje nikljevega dela strupene spojine.<\/p>\n<p>Reakcije Ni(CO)<sub>4<\/sub> z alkilnimi in arilnimi halogenidi pogosto nastanejo karbonilirani organski produkti.<\/p>\n<p>Vinilni halogenidi, kot je PhCH=CHBr, se pri obdelavi z Ni(CO) pretvorijo v nenasi\u010dene estre.<sub>4<\/sub> sledi natrijev metoksid.<\/p>\n<p>Tak\u0161ne reakcije verjetno potekajo tudi z oksidativnim dodajanjem. Z alilnimi halogenidi nastanejo \u03c0-alililnikelove spojine, kot so (alil)<sub>2<\/sub>Ni<sub>2<\/sub>Cl<sub>2<\/sub>:<\/p>\n<dl>\n<dd>2 Ni(CO)<sub>4<\/sub>\u00a0+ 2 ClCH<sub>2<\/sub>CH=CH<sub>2<\/sub>\u00a0\u2192 Ni<sub>2<\/sub>(<i>\u03bc<\/i>-Cl)<sub>2<\/sub>(<i>\u03b7<\/i><sup>3<\/sup>-C<sub>3<\/sub>H<sub>5<\/sub>)<sub>2<\/sub>\u00a0+ 8 CO<\/dd>\n<\/dl>\n<p><img decoding=\"async\" class=\"wp-image-176 aligncenter\" src=\"https:\/\/poisonshops.com\/wp-content\/uploads\/2025\/11\/poison_shop_logo-300x171.png\" alt=\"Trgovine s strupi\" width=\"104\" height=\"59\" srcset=\"https:\/\/poisonshops.com\/wp-content\/uploads\/2025\/11\/poison_shop_logo-300x171.png 300w, https:\/\/poisonshops.com\/wp-content\/uploads\/2025\/11\/poison_shop_logo.png 563w\" sizes=\"(max-width: 104px) 100vw, 104px\" \/><\/p>","protected":false},"excerpt":{"rendered":"<p><b>Melting point: :<\/b>-19\u00b0C<br \/>\n<b>Boiling point: :<\/b>43\u00b0C<br \/>\n<b>Density\u00a0 :<\/b>1,32 g\/cm<sup>3<\/sup><br \/>\n<b>vapor pressure\u00a0 :<\/b>321 mmHg at 20 \u00b0C<br \/>\n<b>Flash point: :<\/b>&lt;-20\u00b0C<br \/>\n<b>form\u00a0 :<\/b>liquid<br \/>\n<b>color\u00a0 :<\/b>colorless<br \/>\n<b>Odor :<\/b>Sooty odor detectable at 0.5 to 3 ppm<br \/>\n<b>Water Solubility\u00a0 :<\/b>soluble in ~5000 parts air free H2O; soluble alcohol, benzene, chloroform, acetone, CCl4 [MER06]<br \/>\n<b>Sensitive\u00a0 :<\/b>heat sensitive<br \/>\n<b>Exposure limits :<\/b>TLV-TWA: 0.05 ppm (0.35 mg as Ni\/m<sup>3<\/sup>) (ACGIH)<br \/>\nPEL: 0.001 ppm (0.007 mg Ni\/m<sup>3<\/sup>) (OSHA, MSHA and NIOSH)<br \/>\nIDLH: 0.001 ppm (NIOSH, OSHA).\u00a0<b>Stability: :<\/b>Stable. Highly flammable and highly reactive. Explosion hazard.<br \/>\n<b>EPA Substance Registry System :<\/b>Nickel carbonyl (13463-39-3)<\/p>\n","protected":false},"featured_media":343,"comment_status":"open","ping_status":"closed","template":"","meta":[],"product_brand":[],"product_cat":[17],"product_tag":[],"class_list":{"0":"post-342","1":"product","2":"type-product","3":"status-publish","4":"has-post-thumbnail","6":"product_cat-poisons-for-sale","8":"first","9":"instock","10":"shipping-taxable","11":"purchasable","12":"product-type-variable"},"_links":{"self":[{"href":"https:\/\/poisonshops.com\/sl\/wp-json\/wp\/v2\/product\/342","targetHints":{"allow":["GET"]}}],"collection":[{"href":"https:\/\/poisonshops.com\/sl\/wp-json\/wp\/v2\/product"}],"about":[{"href":"https:\/\/poisonshops.com\/sl\/wp-json\/wp\/v2\/types\/product"}],"replies":[{"embeddable":true,"href":"https:\/\/poisonshops.com\/sl\/wp-json\/wp\/v2\/comments?post=342"}],"wp:featuredmedia":[{"embeddable":true,"href":"https:\/\/poisonshops.com\/sl\/wp-json\/wp\/v2\/media\/343"}],"wp:attachment":[{"href":"https:\/\/poisonshops.com\/sl\/wp-json\/wp\/v2\/media?parent=342"}],"wp:term":[{"taxonomy":"product_brand","embeddable":true,"href":"https:\/\/poisonshops.com\/sl\/wp-json\/wp\/v2\/product_brand?post=342"},{"taxonomy":"product_cat","embeddable":true,"href":"https:\/\/poisonshops.com\/sl\/wp-json\/wp\/v2\/product_cat?post=342"},{"taxonomy":"product_tag","embeddable":true,"href":"https:\/\/poisonshops.com\/sl\/wp-json\/wp\/v2\/product_tag?post=342"}],"curies":[{"name":"wp","href":"https:\/\/api.w.org\/{rel}","templated":true}]}}