{"id":388,"date":"2025-11-20T11:34:02","date_gmt":"2025-11-20T11:34:02","guid":{"rendered":"https:\/\/poisonshops.com\/?post_type=product&#038;p=388"},"modified":"2025-12-02T14:35:34","modified_gmt":"2025-12-02T14:35:34","slug":"kupiti-kalijev-cianid","status":"publish","type":"product","link":"https:\/\/poisonshops.com\/sl\/izdelek\/kupiti-kalijev-cianid\/","title":{"rendered":"Kalijev cianid"},"content":{"rendered":"<h2>Kupite kalijev cianid<\/h2>\n<p><strong>Kalijev cianid (KCN)<\/strong> je zelo strupena spojina, znana po svojih hitrih in smrtonosnih u\u010dinkih pri zau\u017eitju ali vdihavanju. Uporablja se v razli\u010dnih industrijskih aplikacijah, vendar je znana predvsem po uporabi kot strup. Spodaj so navedeni klju\u010dni podatki o kalijevem cianidu, vklju\u010dno z njegovo uporabo, na\u010dinom delovanja, oblikami, v katerih se pojavlja, in koli\u010dino, potrebno za smrtni u\u010dinek. Kupite kalijev cianid.<\/p>\n<h3>Kaj je kalijev cianid?<\/h3>\n<p>Kalijev cianid je bela kristalna spojina s kemijsko formulo\u00a0<strong>KCN<\/strong>. Ima blag vonj po mandljih, \u010deprav ga zaradi genetskih dejavnikov ne morejo zaznati vsi. Kalijev cianid je zelo topen v vodi in lahko ob stiku s kislinami ali vodo spro\u0161\u010da smrtonosen cianovodikov plin. Kalijev cianid za prodajo.<\/p>\n<h3>Uporaba kalijevega cianida<\/h3>\n<p>1.\u00a0<strong>Rudarjenje in pridobivanje zlata<\/strong>: Kalijev cianid se pogosto uporablja v rudarstvu za pridobivanje zlata in srebra iz rud v procesu, imenovanem cianidacija. Dobavitelji kalijevega cianida.<\/p>\n<p>2.\u00a0<strong>Galvanizacija<\/strong>: Uporablja se v galvanizaciji za prevlekanje kovin, kot so srebro, zlato in druge plemenite kovine, za dekorativne in za\u0161\u010ditne namene.<\/p>\n<p>3. <strong>Kemi\u010dna sinteza<\/strong>: Kalijev cianid se v organski kemiji uporablja za sintezo nitrilov in drugih spojin, ki vsebujejo cianid.<\/p>\n<p>4. <strong>Nakit in predelava kovin:<\/strong>\u00a0V nakladni industriji se kalijev cianid v\u010dasih uporablja za \u010di\u0161\u010denje ali poliranje kovin.<\/p>\n<p>5. <strong>Zgodovinska uporaba kot strup:<\/strong> KCN se je v preteklosti uporabljal kot smrtonosni strup v vohunstvu, samomorih in usmrtitvah. Kalijev cianid za prodajo.<\/p>\n<h3>Kako kalijev cianid ubija<\/h3>\n<p>Kalijev cianid ubije tako, da zavira celi\u010dno dihanje, ki je bistveno za proizvodnjo energije. Tako deluje:<\/p>\n<p>\u2013 <strong>Mehanizem delovanja:<\/strong>\u00a0Pri zau\u017eitju, vdihavanju ali absorpciji se kalijev cianid spro\u0161\u010da.<strong>\u00a0cianidni ioni (CN\u207b)<\/strong>, ki se ve\u017eejo na encim\u00a0<strong>citokrom c oksidaza<\/strong>\u00a0v mitohondrijih celic. Ta encim ima klju\u010dno vlogo v elektronski transportni verigi, ki je bistvena za proizvodnjo ATP (adenozin trifosfata), energijske valute celice.<\/p>\n<p>\u2013<strong>\u00a0Rezultat:<\/strong> Cianid prepre\u010duje mitohondrijem, da bi uporabljali kisik, s \u010dimer u\u010dinkovito ustavi aerobno dihanje. Brez proizvodnje energije celice, zlasti v vitalnih organih, kot sta srce in mo\u017egani, za\u010dnejo hitro umirati. Dobavitelji kalijevega cianida.<\/p>\n<p>\u2013 <strong>Simptomi in pojav:<\/strong>\u00a0Simptomi zastrupitve s cianidom vklju\u010dujejo slabost, omotico, te\u017eave z dihanjem, kr\u010de in nezavest. Smrt lahko nastopi v nekaj minutah zaradi sr\u010dnega zastoja ali odpovedi dihanja, odvisno od odmerka in na\u010dina izpostavljenosti.<\/p>\n<h3>Oblike kalijevega cianida<\/h3>\n<p>1.\u00a0<strong>Trdno (kristalno\/pra\u0161ek):**<\/strong>\u00a0Kalijev cianid se obi\u010dajno nahaja v obliki bele kristalne trdne snovi ali v prahu.<\/p>\n<p>2. <strong>Re\u0161itev:<\/strong>\u00a0Lahko se raztopi v vodi ali drugih teko\u010dinah in tvori zelo strupeno raztopino. Ta oblika je prav tako nevarna, ker lahko spro\u0161\u010da\u00a0<strong>vodikov cianid\u00a0<\/strong>\u010de pride v stik s kislinami.<\/p>\n<p>3. <strong>Tablete ali kapsule:<\/strong> V nekaterih primerih je bil cianid kalija oblikovan v tablete ali kapsule, ki so se v preteklosti uporabljale v vohunstvu za samomor, da bi se izognili ujetju. Kupite cianid kalija na spletu.<\/p>\n<h3>Kalijev cianid za prodajo<\/h3>\n<p><img decoding=\"async\" class=\"wp-image-463 aligncenter\" src=\"https:\/\/poisonshops.com\/wp-content\/uploads\/2025\/11\/tttt-1-204x300.png\" alt=\"Trgovina s strupi\" width=\"68\" height=\"100\" srcset=\"https:\/\/poisonshops.com\/wp-content\/uploads\/2025\/11\/tttt-1-204x300.png 204w, https:\/\/poisonshops.com\/wp-content\/uploads\/2025\/11\/tttt-1.png 218w\" sizes=\"(max-width: 68px) 100vw, 68px\" \/><\/p>\n<h3>Smrtna doza kalijevega cianida<\/h3>\n<p>\u2013\u00a0<strong>Oralna smrtna doza (LD50)<\/strong>: Ocenjeno\u00a0<strong>smrtna doza za ljudi zna\u0161a od 200 do 300 mg ali 2 do 3 mg na kilogram telesne te\u017ee<\/strong>\u00a0ob zau\u017eitju.<\/p>\n<p>\u2013<strong>\u00a0Vdihavanje<\/strong>: Vdihavanje kalijevega cianida ali njegove plinaste oblike, cianovodikove kisline, je lahko smrtno \u017ee v koncentracijah, ki so ni\u017eje od<strong>\u00a0100\u2013300 ppm (delcev na milijon)<\/strong>. Inhaliranje povzro\u010di hitrej\u0161e absorbiranje in lahko v primerjavi z zau\u017eitjem povzro\u010di hitrej\u0161e u\u010dinke. Kupite kalijev cianid (KCN) na spletu.<\/p>\n<p>\u2013\u00a0<strong>Koli\u010dina za ubitje:<\/strong> Nekaj sto miligramov kalijevega cianida (velikosti ri\u017eevega zrna) je dovolj, da ubije odraslega \u010dloveka. Za manj\u0161e osebe ali tiste, ki so v slabem zdravstvenem stanju, so lahko smrtne \u017ee manj\u0161e koli\u010dine. Kupite kalijev cianid.<\/p>\n<p><img decoding=\"async\" class=\"wp-image-502 aligncenter\" src=\"https:\/\/poisonshops.com\/wp-content\/uploads\/2025\/11\/Bio-Weapons-240x300.png\" alt=\"Biolo\u0161ka oro\u017eja\" width=\"63\" height=\"79\" srcset=\"https:\/\/poisonshops.com\/wp-content\/uploads\/2025\/11\/Bio-Weapons-240x300.png 240w, https:\/\/poisonshops.com\/wp-content\/uploads\/2025\/11\/Bio-Weapons.png 265w\" sizes=\"(max-width: 63px) 100vw, 63px\" \/><\/p>\n<h3>Varnostni in pravni vidiki cianida kalija<\/h3>\n<p>\u2013\u00a0<strong>Varnostni ukrepi pri ravnanju<\/strong>: Kalijev cianid je zaradi svoje izjemne strupenosti nadzorovana snov. Pri ravnanju z njim je potrebna za\u0161\u010ditna oprema, vklju\u010dno z rokavicami, za\u0161\u010ditnimi o\u010dali in ustrezno prezra\u010devanjem, da se prepre\u010di vdihavanje.<br \/>\n<strong>\u2013 Odstranjevanje:<\/strong> Kalijev cianid je treba odstraniti v skladu s predpisi o nevarnih snoveh, kar pogosto vklju\u010duje nevtralizacijo z belilom ali vodikovim peroksidom pod nadzorovanimi pogoji. Kupite kalijev cianid po najbolj\u0161i ceni na spletu.<br \/>\n\u2013\u00a0<strong>Pravne omejitve<\/strong>: Prodaja, posedovanje in uporaba kalijevega cianida so v ve\u010dini dr\u017eav strogo regulirani. Neodobrena uporaba, zlasti za \u0161kodljive namene, je nezakonita in lahko povzro\u010di hude pravne sankcije. Kupite kalijev cianid na spletu z varno in diskretno dostavo.<\/p>\n<h4 class=\"LnpumSThxEWMIsDdAT17 CXMyPcQ6nDv47DKFeywM\"><span class=\"EKtkFWMYpwzMKOYr0GYm LQVY1Jpkk8nyJ6HBWKAk\">Kje lahko varno kupite kalijev cianid?<\/span><\/h4>\n<h3>Zaklju\u010dek<\/h3>\n<p>Kalijev cianid je izredno strupena kemikalija, ki zavira sposobnost telesa za uporabo kisika, kar vodi do hitre smrti zaradi odpovedi dihanja ali srca. \u017de majhne koli\u010dine so lahko smrtne, zato je njegova uporaba omejena predvsem na industrijske procese, za katere veljajo strogi varnostni predpisi. Pri ravnanju s kalijevim cianidom je potrebna izredna previdnost zaradi nevarnosti smrtne zastrupitve z zau\u017eitjem, vdihavanjem ali absorpcijo skozi ko\u017eo. Dobavitelji kalijevega cianida.<\/p>\n<h4>Kupite kalijev cianid na spletu z varno in diskretno dostavo<\/h4>\n<p><img decoding=\"async\" class=\"wp-image-176 aligncenter\" src=\"https:\/\/poisonshops.com\/wp-content\/uploads\/2025\/11\/poison_shop_logo-300x171.png\" alt=\"Trgovine s strupi\" width=\"133\" height=\"76\" srcset=\"https:\/\/poisonshops.com\/wp-content\/uploads\/2025\/11\/poison_shop_logo-300x171.png 300w, https:\/\/poisonshops.com\/wp-content\/uploads\/2025\/11\/poison_shop_logo.png 563w\" sizes=\"(max-width: 133px) 100vw, 133px\" \/><\/p>","protected":false},"excerpt":{"rendered":"<p>Buy Potassium Cyanide Potassium cyanide (KCN) is a highly toxic compound commonly known for its rapid and lethal effects when ingested or inhaled. It is used in various industrial applications but is notorious for its use as a poison. Below are key details about potassium cyanide, including its uses, how it kills, forms it comes [&hellip;]<\/p>\n","protected":false},"featured_media":389,"comment_status":"open","ping_status":"closed","template":"","meta":[],"product_brand":[],"product_cat":[21],"product_tag":[],"class_list":{"0":"post-388","1":"product","2":"type-product","3":"status-publish","4":"has-post-thumbnail","6":"product_cat-buy-research-chemicals-online","8":"first","9":"instock","10":"shipping-taxable","11":"purchasable","12":"product-type-simple"},"_links":{"self":[{"href":"https:\/\/poisonshops.com\/sl\/wp-json\/wp\/v2\/product\/388","targetHints":{"allow":["GET"]}}],"collection":[{"href":"https:\/\/poisonshops.com\/sl\/wp-json\/wp\/v2\/product"}],"about":[{"href":"https:\/\/poisonshops.com\/sl\/wp-json\/wp\/v2\/types\/product"}],"replies":[{"embeddable":true,"href":"https:\/\/poisonshops.com\/sl\/wp-json\/wp\/v2\/comments?post=388"}],"wp:featuredmedia":[{"embeddable":true,"href":"https:\/\/poisonshops.com\/sl\/wp-json\/wp\/v2\/media\/389"}],"wp:attachment":[{"href":"https:\/\/poisonshops.com\/sl\/wp-json\/wp\/v2\/media?parent=388"}],"wp:term":[{"taxonomy":"product_brand","embeddable":true,"href":"https:\/\/poisonshops.com\/sl\/wp-json\/wp\/v2\/product_brand?post=388"},{"taxonomy":"product_cat","embeddable":true,"href":"https:\/\/poisonshops.com\/sl\/wp-json\/wp\/v2\/product_cat?post=388"},{"taxonomy":"product_tag","embeddable":true,"href":"https:\/\/poisonshops.com\/sl\/wp-json\/wp\/v2\/product_tag?post=388"}],"curies":[{"name":"wp","href":"https:\/\/api.w.org\/{rel}","templated":true}]}}