{"id":390,"date":"2025-11-20T11:36:50","date_gmt":"2025-11-20T11:36:50","guid":{"rendered":"https:\/\/poisonshops.com\/?post_type=product&#038;p=390"},"modified":"2025-12-26T00:39:50","modified_gmt":"2025-12-26T00:39:50","slug":"kupite-rdece-tekoce-zivo-srebro","status":"publish","type":"product","link":"https:\/\/poisonshops.com\/sl\/izdelek\/kupite-rdece-tekoce-zivo-srebro\/","title":{"rendered":"Rde\u010da teko\u010da \u017eiva srebro"},"content":{"rendered":"<h2>\u010cisto rde\u010de teko\u010de \u017eivo srebro<\/h2>\n<p>Smo vrhunski trgovec na debelo in drobno z rde\u010dim teko\u010dim \u017eivim srebrom. Zagotavljamo odli\u010dno kakovost \u010distega rde\u010dega teko\u010dega \u017eivega srebra 20\/20 iz ZDA, Kitajske in Evrope. Na\u0161e rde\u010de teko\u010de \u017eivo srebro 20\/20 je zelo iskano v industriji po vsem svetu. Gre za visokokakovostno in odli\u010dno sestavljeno rde\u010de teko\u010de \u017eivo srebro 20\/20. Kupite rde\u010de teko\u010de \u017eivo srebro.<\/p>\n<p>Rde\u010de teko\u010de \u017eivo srebro je \u010de\u0161njevo rde\u010da teko\u010dina, ki jo pridobivamo z obsevanjem \u017eivosrebrovega antimonovega oksida z elementarnim \u017eivim srebrom. \u017de desetletja smo specializirani za izdelke iz \u017eivega srebra in resni\u010dno razumemo, kaj kot stranka potrebujete.<\/p>\n<h4>Kaj je \u010de\u0161njevo rde\u010de teko\u010de \u017eivo srebro?<\/h4>\n<p>Rde\u010de teko\u010de \u017eivo srebro je polteko\u010da rde\u010da snov. Ljudje opisujejo rde\u010de \u017eivo srebro kot snov z magi\u010dnimi lastnostmi. Danes pa ga poznamo zaradi njegove strupenosti. Vendar se je uporaba \u017eivega srebra pri obredih v nekaterih skupnostih v ZDA ohranila. Rde\u010de teko\u010de \u017eivo srebro za prodajo.<\/p>\n<p>Rde\u010de \u017eivo srebro je \u010de\u0161njevo rde\u010da polteko\u010da snov.<br \/>\nIntenzivnost rde\u010dega \u017eivega srebra je zelo visoka 20,2 g\/cm3.<br \/>\nTa teko\u010di Hg2 Sb207 je kot iz voja\u0161kih laboratorijev:<br \/>\nAntimonov \u017eivosrebrov oksid<br \/>\nDruga imena: \u010de\u0161njevo rde\u010de teko\u010de \u017eivo srebro<br \/>\nFormula: Sb2O7Hg2<br \/>\nVidez: Vi\u0161njevo rde\u010da kovinska teko\u010dina<\/p>\n<h3><strong>Lastnosti Rde\u010di \u017eivec<\/strong><\/h3>\n<ul>\n<li><strong>Molekulska formula<\/strong>: Hg2 Sb207<\/li>\n<li><strong>Tip<\/strong>:  Oksid antimona Rde\u010de \u017eivo srebro<\/li>\n<li><strong>Okvir<\/strong>:   Sb2O7Hg2<\/li>\n<li><strong>Kakovost<\/strong>:   Teko\u010dina, polteko\u010dina<\/li>\n<li><strong>\u010cistost<\/strong>: 99,999% (5N)<\/li>\n<li><strong>Barva<\/strong>:  Ponceau (\u010de\u0161njevo rde\u010da homogena )<\/li>\n<li><strong>raznolikost<\/strong>:\u00a0\u00a0\u00a0\u00a0 37.00016<\/li>\n<li><strong>Vezava:\u00a0\u00a0\u00a0<\/strong>Energija: 211 kcal\/mol<\/li>\n<li><strong>Gostota<\/strong>\u00a0:   BK-20\/20 - 20,2 gam (20,2 g\/cm3)<\/li>\n<li><strong>Tali\u0161\u010de<\/strong>:\u00a0 -37.67<\/li>\n<li><strong>Flashpoint<\/strong>: \u00a0 170.026<\/li>\n<\/ul>\n<h3>\u010cisto rde\u010de teko\u010de \u017eivo srebro po veleprodajnih cenah<\/h3>\n<p>Intenziteta rde\u010dega \u017eivega srebra je zelo visoka, pribli\u017eno 20,2 g\/cm 3, kar je podobno intenzivnosti Alneptinyuma 237, ki ni radioaktiven. Rde\u010de teko\u010de \u017eivo srebro za prodajo. Rde\u010de teko\u010de \u017eivo srebro 20\/20 za prodajo se uporablja kot topilo za uran-235 in tako olaj\u0161a postopek shranjevanja radioaktivnega urana-235, tega pa je mogo\u010de zlahka lo\u010diti od rde\u010dega teko\u010dega \u017eivega srebra s postopkom destilacije, znano je, da je bilo v \u017eivem srebru deset luminoforov, od katerih je bilo sedem stabilnih izotopov, nato nestabilnih, \u017earki beta pa proizvajajo dva negativna enaka, in eden od teh izotopov za industrijsko \u017eivo srebro je znan kot rde\u010di. Rde\u010de teko\u010de \u017eivo srebro za prodajo.<\/p>\n<h3>Rde\u010de teko\u010de \u017eivo srebro za prodajo<\/h3>\n<p>Rde\u010de \u017eivo srebro je nevarna snov in o\u010ditno sama po sebi ni eksplozivna, uporablja se kot vir nevtronov, ki te\u010dejo z vsebino tlaka atomske bombe, devterija in tritija do vrha kriti\u010dne mase, in ko je eksplozivna naprava proizvede mo\u010dno eksplozijo, ki jo spremlja uni\u010denje obmo\u010dja s polmerom 600 Mtermn bomba z velikostjo pribli\u017eno 500 cm 3 (pribli\u017eno 10 kg), kjer Benitronat Fast poplavno obmo\u010dje ostane pribli\u017eno dva dni to je pomemben strate\u0161ki razvoj bomba nevtronov.<\/p>\n<p>Rde\u010de \u017eivo srebro se uporablja tudi za mobilizacijo plutonija in tritija v nevtronskem sevanju nevtronske bombe, kjer se za\u010dne.<\/p>\n<h3>Kako dobiti rde\u010de \u017eivo srebro<\/h3>\n<p>V Googlu boste na\u0161li veliko \u010dlankov o razli\u010dnih na\u010dinih pridobivanja rde\u010dega \u017eivega srebra. Nekateri bodo govorili o \u017eivem srebru pri uli\u010dnih prodajalcih, drugi pa bodo svetovali, kako ga kupiti na spletu. \u010ceprav ga je mogo\u010de kupiti na teh dveh mestih, bi bilo to te\u017eje, saj zahtevata identiteto in dokazilo o uporabnosti.<\/p>\n<p>Smo dobavitelji, ki poslujejo \u017ee dolgo \u010dasa. Brez birokracije in dokazovanja identitete, med transakcijami boste ostali anonimni zaradi tehnologij, kot je TOR.<\/p>\n<p><img decoding=\"async\" class=\"wp-image-463 aligncenter\" src=\"https:\/\/poisonshops.com\/wp-content\/uploads\/2025\/11\/tttt-1-204x300.png\" alt=\"Trgovina s strupi\" width=\"67\" height=\"98\" srcset=\"https:\/\/poisonshops.com\/wp-content\/uploads\/2025\/11\/tttt-1-204x300.png 204w, https:\/\/poisonshops.com\/wp-content\/uploads\/2025\/11\/tttt-1.png 218w\" sizes=\"(max-width: 67px) 100vw, 67px\" \/><\/p>\n<h4>Kako dobite \u010de\u0161njevo rde\u010de teko\u010de \u017eivo srebro?<\/h4>\n<p>Pri nakupu rde\u010dega teko\u010dega \u017eivega srebra je treba poznati obliko in kakovost, ki jo kupujete. \u010ce natan\u010dno veste, kaj \u017eelite kupiti, se izognete \u0161tevilnim te\u017eavam. Rde\u010de \u017eivo srebro je redek izdelek, na spletu boste na\u0161li razli\u010dne kupce in prodajalce, kar je lahko zmedeno, ko posku\u0161ate dobiti, kar potrebujete. Kupite rde\u010de teko\u010de \u017eivo srebro.<\/p>\n<p>\u010ce vas rde\u010de \u017eivo srebro zmoti, vam svetujemo, da pred nakupom opravite ustrezno raziskavo ali se posvetujete s strokovnjakom. Strokovnjak vam bo pomagal dolo\u010diti ceno, vrednost in vse klju\u010dne podrobnosti, ki jih morate vedeti pred nakupom. Strokovnjak bo verjetno poznal prava mesta, kjer lahko kupite rde\u010de \u017eivo srebro.<\/p>\n<p><img decoding=\"async\" class=\"wp-image-502 aligncenter\" src=\"https:\/\/poisonshops.com\/wp-content\/uploads\/2025\/11\/Bio-Weapons-240x300.png\" alt=\"Biolo\u0161ka oro\u017eja\" width=\"80\" height=\"100\" srcset=\"https:\/\/poisonshops.com\/wp-content\/uploads\/2025\/11\/Bio-Weapons-240x300.png 240w, https:\/\/poisonshops.com\/wp-content\/uploads\/2025\/11\/Bio-Weapons.png 265w\" sizes=\"(max-width: 80px) 100vw, 80px\" \/><\/p>\n<h3>Kje lahko kupite rde\u010de \u017eivo srebro?<\/h3>\n<p>\u010ce ste opazili, se z rastjo spletne industrije pove\u010duje tudi \u0161tevilo trgovin, ki prodajajo razli\u010dne izdelke. To velja tudi za izdelke, kot je \u017eivo srebro. \u010ce v Googlu poi\u0161\u010dete \u201crde\u010de \u017eivo srebro za prodajo\u201d, boste na\u0161li \u0161tevilne spletne prodajalce, ki ogla\u0161ujejo svoje storitve. \u010ce niste navajeni kupovati stvari prek spleta, vas lahko \u0161tevilne spletne strani preobremenijo. Rde\u010de \u017eivo srebro razli\u010dni ponudniki obi\u010dajno vrednotijo na gram.<\/p>\n<p><span class=\"HwtZe\" lang=\"en\"><span class=\"jCAhz ChMk0b\"><span class=\"ryNqvb\">Da bi vas re\u0161ili vsega tega, smo dobavitelji \u017eivega srebra v va\u0161i bli\u017eini brez kakr\u0161nih koli zahtev in popolnoma anonimni.<\/span><\/span>\u00a0<span class=\"jCAhz ChMk0b\"><span class=\"ryNqvb\">Prodajamo vse izdelke iz \u017eivega srebra, ki jih lahko potrebujete.<\/span><\/span>\u00a0<span class=\"jCAhz ChMk0b\"><span class=\"ryNqvb\">Po dolgih letih na trgu razumemo vse potrebe na\u0161ih strank.<\/span><\/span>\u00a0<span class=\"jCAhz ChMk0b\"><span class=\"ryNqvb\">Ve\u010dina strank \u017eeli kupiti \u017eivo srebro po dostopni ceni in anonimno, mi pa ponujamo prav to.<\/span><\/span>\u00a0<span class=\"jCAhz ChMk0b\"><span class=\"ryNqvb\">Verjamemo v varnost in kakovost ter pri tem nikoli ne moremo sklepati kompromisov. Rde\u010de teko\u010de \u017eivo srebro za prodajo.<\/span><\/span><\/span><\/p>\n<h2>Kupite rde\u010di teko\u010di \u017eivo srebro<\/h2>\n<p><img decoding=\"async\" class=\"wp-image-176 aligncenter\" src=\"https:\/\/poisonshops.com\/wp-content\/uploads\/2025\/11\/poison_shop_logo-300x171.png\" alt=\"Trgovine s strupi\" width=\"135\" height=\"77\" srcset=\"https:\/\/poisonshops.com\/wp-content\/uploads\/2025\/11\/poison_shop_logo-300x171.png 300w, https:\/\/poisonshops.com\/wp-content\/uploads\/2025\/11\/poison_shop_logo.png 563w\" sizes=\"(max-width: 135px) 100vw, 135px\" \/><\/p>","protected":false},"excerpt":{"rendered":"<p>Pure red liquid mercury We are a premium wholesaler and retailer of red liquid mercury. We supply excellent quality Pure Red Liquid Mercury 20\/20 from USA, China and Europe. Our Red Liquid Mercury 20\/20 is highly sought after by industries around the world. It is a high quality and perfectly composed 20\/20 Red Liquid Mercury. [&hellip;]<\/p>\n","protected":false},"featured_media":392,"comment_status":"open","ping_status":"closed","template":"","meta":[],"product_brand":[],"product_cat":[21],"product_tag":[],"class_list":{"0":"post-390","1":"product","2":"type-product","3":"status-publish","4":"has-post-thumbnail","6":"product_cat-buy-research-chemicals-online","8":"first","9":"instock","10":"shipping-taxable","11":"purchasable","12":"product-type-simple"},"_links":{"self":[{"href":"https:\/\/poisonshops.com\/sl\/wp-json\/wp\/v2\/product\/390","targetHints":{"allow":["GET"]}}],"collection":[{"href":"https:\/\/poisonshops.com\/sl\/wp-json\/wp\/v2\/product"}],"about":[{"href":"https:\/\/poisonshops.com\/sl\/wp-json\/wp\/v2\/types\/product"}],"replies":[{"embeddable":true,"href":"https:\/\/poisonshops.com\/sl\/wp-json\/wp\/v2\/comments?post=390"}],"wp:featuredmedia":[{"embeddable":true,"href":"https:\/\/poisonshops.com\/sl\/wp-json\/wp\/v2\/media\/392"}],"wp:attachment":[{"href":"https:\/\/poisonshops.com\/sl\/wp-json\/wp\/v2\/media?parent=390"}],"wp:term":[{"taxonomy":"product_brand","embeddable":true,"href":"https:\/\/poisonshops.com\/sl\/wp-json\/wp\/v2\/product_brand?post=390"},{"taxonomy":"product_cat","embeddable":true,"href":"https:\/\/poisonshops.com\/sl\/wp-json\/wp\/v2\/product_cat?post=390"},{"taxonomy":"product_tag","embeddable":true,"href":"https:\/\/poisonshops.com\/sl\/wp-json\/wp\/v2\/product_tag?post=390"}],"curies":[{"name":"wp","href":"https:\/\/api.w.org\/{rel}","templated":true}]}}