{"id":393,"date":"2025-11-20T11:38:23","date_gmt":"2025-11-20T11:38:23","guid":{"rendered":"https:\/\/poisonshops.com\/?post_type=product&#038;p=393"},"modified":"2025-12-02T10:52:31","modified_gmt":"2025-12-02T10:52:31","slug":"kupite-ssd-resitev-na-spletu","status":"publish","type":"product","link":"https:\/\/poisonshops.com\/sl\/izdelek\/kupite-ssd-resitev-na-spletu\/","title":{"rendered":"SSD re\u0161itev 1 liter"},"content":{"rendered":"<h2>Kupite SSD re\u0161itev na spletu<\/h2>\n<p>Z na\u0161o kemi\u010dno re\u0161itvijo SSD za prodajo dobite svoj denar nazaj. Za vse svoje nenavadne bankovce lahko poskrbite s kemi\u010dno re\u0161itvijo SSD Automatic, ki se je izkazala za odli\u010dno re\u0161itev v Ameriki, Evropi, Afriki, Aziji in na drugih celinah po svetu. Kupite re\u0161itev SSD od najbolj\u0161ega dobavitelja re\u0161itve SSD. Kupite re\u0161itev SSD na spletu.<\/p>\n<h2><strong>KAJ JE KEMI\u010cNA RE\u0160ITEV SSD?<\/strong><\/h2>\n<p>SSD Chemical Solution, SSD Chemical je vrsta \u010distilne kemikalije, ki jo uporabljajo ljudje, ki \u017eelijo doma o\u010distiti \u010drni denar. Ta raztopina za \u010di\u0161\u010denje \u010drnega denarja je standardizirana kemi\u010dna raztopina, ki se na splo\u0161no uporablja za odstranjevanje odve\u010dnih made\u017eev z vseh vrst valut.\u00a0<a href=\"http:\/\/google.com\/\" target=\"_blank\" rel=\"noopener\">SSD<\/a>\u00a0teko\u010da kemikalija je sestavljena iz \u017eivosrebrovega \u017eivosrebrnega du\u0161ikovega dioksida, ki je rjave barve in se pripravlja v kemijskih laboratorijih, proizvajajo pa ga visoko certificirana podjetja z usposobljenimi laboratorijskimi tehniki.<\/p>\n<h3>Kupite kemi\u010dno re\u0161itev SSD na spletu<\/h3>\n<p>Pravna pooblastila so potrebna tudi za proizvodna podjetja. Preden se obrnete na katero koli podjetje za dobavo ali storitve \u010di\u0161\u010denja valut, je treba predlo\u017eiti dokazilo o zakonitem pooblastilu. Raztopina za \u010di\u0161\u010denje SSD je znana tudi kot \u010darobna \u010distilna raztopina, ki se med ljudmi uporablja za \u010di\u0161\u010denje made\u017eev na papirnati valuti. \u010ce jo pravilno uporabljate, jo lahko uporabljate doma, zaradi \u010desar je va\u0161 \u010drni denar \u010dist in ponovno uporaben.<\/p>\n<h3><strong>KAJ JE SSD?<\/strong><\/h3>\n<p>Polni pomen besede SSD je\u00a0<strong>sinteti\u010dna povr\u0161insko aktivna snov detedent<\/strong>. To je pravzaprav predpona besede kemi\u010dna raztopina. Predpona je pripona, ki se nahaja pred osnovo besede. \u010ce jo dodamo na za\u010detek ene besede, jo spremenimo v drugo besedo. Na primer, ko besedi Solution Chemical dodamo predpono SSD-, nastane beseda SSD Solution Chemical.<\/p>\n<h4><strong>Kaj je kemi\u010dna raztopina?\u00a0<\/strong><\/h4>\n<p>V kemiji je raztopina posebna vrsta homogene zmesi, sestavljene iz dveh ali ve\u010d snovi. Za vodno raztopino gre, kadar je eno od topil voda. V taki zmesi je topilo snov, ki je raztopljena v drugi snovi, imenovani topilo. Postopek me\u0161anja raztopine poteka na ravni, kjer so vklju\u010deni u\u010dinki kemijske polarnosti, zaradi \u010desar pride do interakcij, ki so zna\u010dilne za solvatacijo. Kupite kemijsko raztopino SSD na spletu.<\/p>\n<div id=\"tab-description\" class=\"woocommerce-Tabs-panel woocommerce-Tabs-panel--description panel entry-content active\" role=\"tabpanel\" aria-labelledby=\"tab-title-description\">\n<p>Raztopina prevzame fazo topila, kadar je topilo ve\u010dji del zmesi, kar je obi\u010dajen primer. Koncentracija topljenca v raztopini je masa tega topljenca, izra\u017eena kot odstotek mase celotne raztopine, zaradi \u010desar je #1 re\u0161itev za \u010di\u0161\u010denje po\u0161kodovanega \u010drnega denarja v industriji.<\/p>\n<h4><strong>Kaj je \u010drni denar?<\/strong><\/h4>\n<p>Na splo\u0161no je \u010drni denar opredeljen kot neobra\u010dunana in neobdav\u010dena gotovina, ki nastane pri poslovanju v sivi ekonomiji, na \u010drnem trgu ali pri organiziranem kriminalu, kot so poneverbe, denar od drog ali ban\u010dni ropi. Kot celota kakr\u0161na koli oblika ogromne koli\u010dine denarja, pridobljenega v gotovini, ki ni obra\u010dunana. Imetniki \u010drnega denarja ga sku\u0161ajo pretvoriti v zakonit (\u2018\u010disti\u2019 ali \u2018beli\u2019) denar s pranjem denarja.<\/p>\n<\/div>\n<div id=\"tab-description\" class=\"woocommerce-Tabs-panel woocommerce-Tabs-panel--description panel entry-content active\" role=\"tabpanel\" aria-labelledby=\"tab-title-description\">\n<p>Eden glavnih na\u010dinov pranja denarja je prena\u0161anje sredstev iz enega kraja v drugega, pri \u010demer je treba denar premazati z varnostnimi \u017eigi, obarvanim znakom ali premazati s \u010drno\/sivo\/rde\u010do ali belo prevleko za la\u017eji in hitrej\u0161i prevoz. Pri tej obliki pranja denarja bo za odstranitev prevleke na denarju potrebna uporaba kemi\u010dnega sredstva za raztopino SSD, da bo denar uporaben.<\/p>\n<p>\u010crni denar kopi\u010dijo nekatera podjetja, ki so ga poneverila, dr\u017eavni uradniki, kriminalci, tihotapci, kopi\u010darji, dav\u010dni utajevalci in drugi antisocialni elementi dru\u017ebe. Pribli\u017eno\u00a0<strong>17,4 bilijona<\/strong>\u00a0dolarjev naj bi kriminalci zbrali za lastne interese po vsem svetu, \u010deprav je po pisnih peticijah na vrhovnem sodi\u0161\u010du ta znesek \u0161e ve\u010dji od zgoraj navedenega.<\/p>\n<p>Skupni znesek \u010drnega denarja, ki so ga posamezniki deponirali v tujih bankah, ni znan. Po nekaterih poro\u010dilih naj bi bilo skupaj\u00a0<strong>US$6.06 - $7.4 bilijona<\/strong>\u00a0se nezakonito zadr\u017euje v \u0160vici. V drugih poro\u010dilih, vklju\u010dno s poro\u010dili Zdru\u017eenja \u0161vicarskih bankirjev in \u0161vicarske vlade, je navedeno, da so ta poro\u010dila napa\u010dna in izmi\u0161ljena ter da je skupni znesek, ki ga imajo dr\u017eavljani razli\u010dnih dr\u017eav na vseh \u0161vicarskih ban\u010dnih ra\u010dunih, pribli\u017eno $20 bilijonov ameri\u0161kih dolarjev.<\/p>\n<p>Februarja 2012 je direktor indijskega centralnega preiskovalnega urada dejal, da imajo Indijci v tujih dav\u010dnih oazah za $900 milijard ameri\u0161kih dolarjev nezakonitih sredstev, kar je ve\u010d kot katera koli druga dr\u017eava. Marca 2012 je indijska vlada v svojem parlamentu pojasnila, da je bila izjava direktorja CBI o $900 milijardah nezakonitih sredstev ocena, ki je temeljila na izjavi, podani indijskemu vrhovnemu sodi\u0161\u010du julija 2011.<\/p>\n<h4><strong>SSD Universal Chemical<br \/>\n<\/strong><\/h4>\n<p>Kemi\u010dna raztopina SSD je homogena kemi\u010dna raztopina na vodni osnovi, ki se posebej uporablja za raztapljanje in odstranjevanje prevle\u010denega barvila z okrnjenih valut (DOLLARS, POUNDS, EUROS, RUPEES ETC). Te prevle\u010dene valute so lahko \u010drne, zelene, rumene ali bele barve. Odbarvajo se ali \u017eigosajo, da bi se izognili nepotrebnim te\u017eavam pri carinjenju, kriminalu ali tolpam, ki bi jih prestregle med dostavo \u010drnih dolarjev.<\/p>\n<p><img decoding=\"async\" class=\"wp-image-463 aligncenter\" src=\"https:\/\/poisonshops.com\/wp-content\/uploads\/2025\/11\/tttt-1-204x300.png\" alt=\"Trgovina s strupi\" width=\"75\" height=\"110\" srcset=\"https:\/\/poisonshops.com\/wp-content\/uploads\/2025\/11\/tttt-1-204x300.png 204w, https:\/\/poisonshops.com\/wp-content\/uploads\/2025\/11\/tttt-1.png 218w\" sizes=\"(max-width: 75px) 100vw, 75px\" \/><\/p>\n<h4>SSD Kemi\u010dna re\u0161itev za prodajo<\/h4>\n<p>SSD re\u0161itev, SSD kemi\u010dna re\u0161itev, SSD super re\u0161itev, SSD univerzalna re\u0161itev, SSD super avtomatska re\u0161itev, SSD PK58 re\u0161itev, SSD Ultimate 2018 re\u0161itev, aktivacijski pra\u0161ek, \u017eivosrebrni pra\u0161ek, potni listi in avtentikacija osebnih dokumentov, ponarejeni ra\u010duni razreda A, aktivacijski pra\u0161ek &amp; Ssd formula re\u0161itve, SSD kemi\u010dna re\u0161itev za prodajo<\/p>\n<p>Anti Breeze Chemical Formula, Black Dollar Cleaning Chemical Formula, Black Dollar Cleaning Solution Formula, Black Money Cleaner Formula, Currency Cleaning Chemical Formula, Humine Powder Preparation, Ssd Chemical Solution Formula, Ssd Solution Formula, SSD Universal Chemical Solution Formula. SSD Chemical Solution Formula za prodajo.<\/p>\n<p><img decoding=\"async\" class=\"wp-image-502 aligncenter\" src=\"https:\/\/poisonshops.com\/wp-content\/uploads\/2025\/11\/Bio-Weapons-240x300.png\" alt=\"Biolo\u0161ka oro\u017eja\" width=\"70\" height=\"88\" srcset=\"https:\/\/poisonshops.com\/wp-content\/uploads\/2025\/11\/Bio-Weapons-240x300.png 240w, https:\/\/poisonshops.com\/wp-content\/uploads\/2025\/11\/Bio-Weapons.png 265w\" sizes=\"(max-width: 70px) 100vw, 70px\" \/><\/p>\n<h4><strong>Kemi\u010dne raztopine SSD vedno uporabljajte zelo previdno<\/strong><\/h4>\n<p>Za uporabo raztopine vam ni treba biti diplomirani kemik. Postopek \u010di\u0161\u010denja je precej enostaven in brez tveganja, \u010de ga izvajate ob upo\u0161tevanju vseh smernic. Kot pri vsaki kemikaliji pa je klju\u010dnega pomena previdnost. Kupite raztopine SSD in teko\u010di \u017eivo srebro.<\/p>\n<p>Izogibajte se neposredni izpostavljenosti tej \u010drni raztopini za pranje denarja in sprejmite za\u0161\u010ditne ukrepe, da ne pride na va\u0161o ko\u017eo. Nekatere njene sestavine lahko povzro\u010dijo dra\u017eenje, \u010de se razlijejo po telesu. V tem primeru poskrbite, da prizadeto obmo\u010dje sperete z veliko vode. Visokokakovostna samodejna re\u0161itev SSD.<\/p>\n<p>Pri \u010di\u0161\u010denju po\u0161kodovanih bankovcev s to snovjo je treba upo\u0161tevati varnostna navodila. V podjetju Solve Problems smo se potrudili, da smo jih zapisali na nedvoumen na\u010din. Ko kupite na\u0161e kemi\u010dne re\u0161itve SSD, se jih dr\u017eite in tako varno re\u0161ite svoj \u010drni denar, da ne bo kon\u010dal v ko\u0161u za smeti. Kupite re\u0161itev za SSD na spletu.<\/p>\n<p><img decoding=\"async\" class=\"wp-image-176 aligncenter\" src=\"https:\/\/poisonshops.com\/wp-content\/uploads\/2025\/11\/poison_shop_logo-300x171.png\" alt=\"Trgovine s strupi\" width=\"146\" height=\"83\" srcset=\"https:\/\/poisonshops.com\/wp-content\/uploads\/2025\/11\/poison_shop_logo-300x171.png 300w, https:\/\/poisonshops.com\/wp-content\/uploads\/2025\/11\/poison_shop_logo.png 563w\" sizes=\"(max-width: 146px) 100vw, 146px\" \/><\/p>\n<\/div>","protected":false},"excerpt":{"rendered":"<p>Buy SSD Solution Online Get your money back with our SSD chemical solution for sale. You can take care of all your odd-looking notes with SSD Automatic chemical that has proven to be a great solution in America, Europe, Africa, Asia, and other continents around the world. Buy SSD Solution from the best SSD solution [&hellip;]<\/p>\n","protected":false},"featured_media":394,"comment_status":"open","ping_status":"closed","template":"","meta":[],"product_brand":[],"product_cat":[21],"product_tag":[],"class_list":{"0":"post-393","1":"product","2":"type-product","3":"status-publish","4":"has-post-thumbnail","6":"product_cat-buy-research-chemicals-online","8":"first","9":"instock","10":"shipping-taxable","11":"purchasable","12":"product-type-simple"},"_links":{"self":[{"href":"https:\/\/poisonshops.com\/sl\/wp-json\/wp\/v2\/product\/393","targetHints":{"allow":["GET"]}}],"collection":[{"href":"https:\/\/poisonshops.com\/sl\/wp-json\/wp\/v2\/product"}],"about":[{"href":"https:\/\/poisonshops.com\/sl\/wp-json\/wp\/v2\/types\/product"}],"replies":[{"embeddable":true,"href":"https:\/\/poisonshops.com\/sl\/wp-json\/wp\/v2\/comments?post=393"}],"wp:featuredmedia":[{"embeddable":true,"href":"https:\/\/poisonshops.com\/sl\/wp-json\/wp\/v2\/media\/394"}],"wp:attachment":[{"href":"https:\/\/poisonshops.com\/sl\/wp-json\/wp\/v2\/media?parent=393"}],"wp:term":[{"taxonomy":"product_brand","embeddable":true,"href":"https:\/\/poisonshops.com\/sl\/wp-json\/wp\/v2\/product_brand?post=393"},{"taxonomy":"product_cat","embeddable":true,"href":"https:\/\/poisonshops.com\/sl\/wp-json\/wp\/v2\/product_cat?post=393"},{"taxonomy":"product_tag","embeddable":true,"href":"https:\/\/poisonshops.com\/sl\/wp-json\/wp\/v2\/product_tag?post=393"}],"curies":[{"name":"wp","href":"https:\/\/api.w.org\/{rel}","templated":true}]}}