{"id":99,"date":"2017-12-20T07:04:21","date_gmt":"2017-12-20T07:04:21","guid":{"rendered":"https:\/\/wordpress.gradientthemes.com\/brand-shop\/product\/dark-gray-jeans\/"},"modified":"2025-12-05T13:01:44","modified_gmt":"2025-12-05T13:01:44","slug":"nembutal-samomorilna-tekocina-10000-mg-ml","status":"publish","type":"product","link":"https:\/\/poisonshops.com\/sl\/izdelek\/nembutal-samomorilna-tekocina-10000-mg-ml\/","title":{"rendered":"Nembutal teko\u010dina za samomor 10000 mg\/ml"},"content":{"rendered":"<h2>Nakup Nembutal samomorilska teko\u010dina 10000mg\/ml<\/h2>\n<h3>Nembutal tablete in teko\u010dina za samomor<\/h3>\n<blockquote><p><strong>Opomba<\/strong>: Nembutal (natrijev pentobarbital) je nadzorovana snov, ki se sme uporabljati le pod strogim zdravni\u0161kim nadzorom ter v skladu z zakoni in predpisi ustrezne jurisdikcije. Njegova uporaba za samomor je v \u0161tevilnih dr\u017eavah nezakonita, zato je klju\u010dnega pomena, da se pri vseh zdravstvenih te\u017eavah obrnete na ustrezno zdravni\u0161ko pomo\u010d.<\/p><\/blockquote>\n<p>Dobrodo\u0161li v podjetju Bio Weapons , va\u0161em zanesljivem ponudniku visokokakovostnih izdelkov Nembutal Pentobarbital Sodium za odobrene posameznike z veljavnimi recepti. Nembutal ponujamo v obliki tablet in teko\u010dine, kar zagotavlja zanesljive in u\u010dinkovite re\u0161itve za razli\u010dne zdravstvene potrebe. Zaradi na\u0161e zavezanosti kakovosti, varnosti in zadovoljstvu strank smo postali vodilni dobavitelj v panogi.<\/p>\n<h4><strong>Kaj so tablete in teko\u010dina za samomor Nembutal?<\/strong><\/h4>\n<p>Nembutal, znan tudi kot natrijev pentobarbital, je barbituratno zdravilo z mo\u010dnimi sedativnimi, hipnoti\u010dnimi in antikonvulzivnimi lastnostmi. Uporablja se v zdravstvu za razli\u010dne namene, vklju\u010dno s sedacijo, anestezijo in nadzorom napadov. Na\u0161e tablete in teko\u010de oblike zdravila Nembutal so zasnovane za najve\u010djo u\u010dinkovitost in varnost.<\/p>\n<h4><strong>Uporaba zdravila Nembutal<\/strong><\/h4>\n<p>Nembutal se uporablja v ve\u010d medicinskih okoli\u0161\u010dinah, vklju\u010dno z:<\/p>\n<ol>\n<li><strong>Sedativ<\/strong>: Nembutal se pogosto uporablja za globoko sedacijo pri bolnikih, ki se zdravijo. Njegovo hitro delovanje zagotavlja, da bolniki hitro dose\u017eejo spro\u0161\u010deno stanje.<\/li>\n<li><strong>Anestezija<\/strong>: Nembutal se pri kirur\u0161kih posegih uporablja kot predanesteti\u010dno sredstvo za indukcijo globokega spanca, kar olaj\u0161a nemotene in nebole\u010de posege.<\/li>\n<li><strong>Nadzor nad napadi<\/strong>: Nembutal je u\u010dinkovit pri obvladovanju akutnih napadov, zlasti v nujnih primerih, saj zavira centralni \u017eiv\u010dni sistem in zmanj\u0161a aktivnost napadov.<\/li>\n<li><strong>Evtanazija (veterinarska uporaba)<\/strong>: V veterinarski medicini se Nembutal uporablja za humano evtanazijo \u017eivali, ki zagotavlja miren in nebole\u010d prehod.<\/li>\n<\/ol>\n<h4><strong>Kakovost in \u010distost<\/strong><\/h4>\n<p>V podjetju Bio Weapons se zavedamo izjemnega pomena kakovosti in \u010distosti farmacevtskih izdelkov. Na\u0161e tablete in teko\u010de oblike zdravila Nembutal izvirajo od uglednih proizvajalcev in so podvr\u017eene strogim postopkom nadzora kakovosti. Vsako serijo strogo testiramo, da zagotovimo, da izpolnjuje najvi\u0161je industrijske standarde. Ko pri nas kupite zdravilo Nembutal, lahko zaupate, da prejemate izdelek, ki je varen, u\u010dinkovit in zanesljiv.<\/p>\n<h4><strong>Odmerjanje in uporaba<\/strong><\/h4>\n<p>Zdravilo Nembutal je treba uporabljati strogo v skladu z navodili zdravstvenega delavca. Odmerjanje in na\u010din uporabe se lahko razlikujeta glede na specifi\u010dno zdravstveno stanje in individualne potrebe bolnika. Za zagotovitev varnosti in u\u010dinkovitosti je klju\u010dnega pomena, da upo\u0161tevate predpisano odmerjanje.<\/p>\n<p><strong>Priprava in shranjevanje<\/strong>:<\/p>\n<ul>\n<li><strong>Priprava<\/strong>: Tablete Nembutal se dajejo peroralno, teko\u010do obliko pa lahko jemljete peroralno ali intravensko, kot vam je naro\u010dil va\u0161 zdravstveni delavec.<\/li>\n<li><strong>Skladi\u0161\u010denje<\/strong>: Nembutal shranjujte v hladnem in suhem prostoru, stran od neposredne son\u010dne svetlobe in vlage. Hranite ga zunaj dosega otrok in hi\u0161nih ljubljen\u010dkov.<\/li>\n<\/ul>\n<h4><strong>Ne\u017eeleni u\u010dinki in previdnostni ukrepi<\/strong><\/h4>\n<p>Kot vsa zdravila ima lahko tudi zdravilo Nembutal ne\u017eelene u\u010dinke. Pogosti ne\u017eeleni u\u010dinki so zaspanost, omotica, slabost in glavobol. V redkih primerih se lahko pojavijo huj\u0161i ne\u017eeleni u\u010dinki, kot so depresija dihanja, hipotenzija ali alergijske reakcije. V primeru pojava kakr\u0161nih koli hudih ne\u017eelenih u\u010dinkov je treba nemudoma poiskati zdravni\u0161ko pomo\u010d.<\/p>\n<p><strong>Varnostni ukrepi<\/strong>:<\/p>\n<ul>\n<li><strong>Zdravstvena zgodovina<\/strong>: Obvestite svojega zdravstvenega delavca o svoji celotni zdravstveni zgodovini, zlasti \u010de imate v anamnezi bolezni jeter, ledvic ali dihal.<\/li>\n<li><strong>Interakcije z zdravili<\/strong>: Nembutal lahko medsebojno deluje z drugimi zdravili, vklju\u010dno s pomirjevali, opioidi in alkoholom. Prepri\u010dajte se, da je va\u0161 zdravstveni delavec seznanjen z vsemi zdravili, ki jih jemljete.<\/li>\n<li><strong>Nose\u010dnost in dojenje<\/strong>: Nembutal je treba med nose\u010dnostjo in dojenjem uporabljati previdno. Za navodila se posvetujte s svojim zdravstvenim delavcem.<\/li>\n<\/ul>\n<p><img decoding=\"async\" class=\"wp-image-463 aligncenter\" src=\"https:\/\/poisonshops.com\/wp-content\/uploads\/2025\/11\/tttt-1-204x300.png\" alt=\"Trgovina s strupi\" width=\"73\" height=\"107\" srcset=\"https:\/\/poisonshops.com\/wp-content\/uploads\/2025\/11\/tttt-1-204x300.png 204w, https:\/\/poisonshops.com\/wp-content\/uploads\/2025\/11\/tttt-1.png 218w\" sizes=\"(max-width: 73px) 100vw, 73px\" \/><\/p>\n<h4><strong>Zakaj izbrati biolo\u0161ko oro\u017eje?<\/strong><\/h4>\n<ol>\n<li><strong>Zagotavljanje kakovosti<\/strong>: Kakovost in varnost sta na\u0161i prednostni nalogi, zato zagotavljamo, da na\u0161i izdelki Nembutal izpolnjujejo najvi\u0161je industrijske standarde.<\/li>\n<li><strong>Poobla\u0161\u010deni prodajalci<\/strong>: Bio Weapons je zaupanja vreden in poobla\u0161\u010den prodajalec, ki zagotavlja originalne izdelke odobrenim posameznikom z recepti.<\/li>\n<li><strong>Varna transakcija<\/strong>: Na\u0161a spletna platforma zagotavlja varne transakcije in \u0161\u010diti va\u0161e osebne in finan\u010dne podatke.<\/li>\n<li><strong>Podpora strankam<\/strong>: Na\u0161a predana ekipa za podporo strankam je na voljo za pomo\u010d pri vseh vpra\u0161anjih ali pomislekih ter zagotavlja strokovno in prijazno storitev.<\/li>\n<li><strong>Pravo\u010dasna dostava<\/strong>: Zavedamo se pomena pravo\u010dasne dostave. Na\u0161 u\u010dinkovit postopek po\u0161iljanja vam zagotavlja, da boste izdelke Nembutal prejeli hitro in diskretno.<\/li>\n<\/ol>\n<h4><strong>Zaklju\u010dek<\/strong><\/h4>\n<p>Bio Weapons je va\u0161 zanesljiv vir visokokakovostnih tablet in teko\u010dine Nembutal Pentobarbital Sodium. Zavezani smo k zagotavljanju varnih, u\u010dinkovitih in zanesljivih izdelkov odobrenim posameznikom z veljavnimi recepti. Na\u0161a osredoto\u010denost na kakovost, zadovoljstvo strank in varne transakcije nas odlikuje v industriji. Kupujte z zaupanjem pri podjetju Bio Weapons in izkusite razliko v kakovosti in storitvah.<\/p>\n<p><strong>Naro\u010dite tablete ali teko\u010dino Nembutal Pentobarbital Natrij danes<\/strong> in se pridru\u017eite na\u0161im zadovoljnim strankam, ki za svoje zdravstvene potrebe zaupajo Bio Weapons. Va\u0161e zdravje in varnost sta na\u0161a glavna prioriteta.<\/p>\n<p>Kupite visokokakovostne tablete in teko\u010dino Nembutal Pentobarbital Natrij pri Bio Weapons . Odobreni posamezniki samo z recepti. Varen nakup, hitra dostava in zagotovljeno zadovoljstvo strank.<\/p>\n<h4><img decoding=\"async\" class=\"wp-image-502 aligncenter\" src=\"https:\/\/poisonshops.com\/wp-content\/uploads\/2025\/11\/Bio-Weapons-240x300.png\" alt=\"Biolo\u0161ka oro\u017eja\" width=\"68\" height=\"85\" srcset=\"https:\/\/poisonshops.com\/wp-content\/uploads\/2025\/11\/Bio-Weapons-240x300.png 240w, https:\/\/poisonshops.com\/wp-content\/uploads\/2025\/11\/Bio-Weapons.png 265w\" sizes=\"(max-width: 68px) 100vw, 68px\" \/><\/h4>\n<ol>\n<li>Nakup Nembutal Pentobarbital tablete in teko\u010dine na spletu<\/li>\n<li>Visokokakovostne tablete in teko\u010dina Nembutal za medicinsko uporabo<\/li>\n<li>Nakup Nembutal Pentobarbital varno<\/li>\n<li>Zaupanja vreden vir za tablete in teko\u010dino Nembutal<\/li>\n<li>Naro\u010dite Nembutal Pentobarbital varno<\/li>\n<li>Hitra dostava tablet in teko\u010dine Nembutal<\/li>\n<li>Zanesljiv dobavitelj Nembutal Pentobarbital<\/li>\n<li>Avtenti\u010dne tablete in teko\u010dina Nembutal za prodajo<\/li>\n<li>Kupite Nembutal od poobla\u0161\u010denih prodajalcev<\/li>\n<li>Najbolj\u0161i kraj za nakup Nembutal Pentobarbital<\/li>\n<\/ol>\n<h4><\/h4>\n<p>Nembutal Pentobarbital natrij, Nakup Nembutal tablete, Nakup Nembutal teko\u010dine, Nembutal za prodajo, Visokokakovostni Nembutal, Varen nakup Nembutal, Nembutal za medicinsko uporabo, Zanesljiv vir za Nembutal, Nakup Nembutal zakonito, Nembutal na recept, Nembutal za sedacijo, Naro\u010di Nembutal tablete, Nembutal za anestezijo, Genuine Nembutal teko\u010dina, Nembutal dostave, Zaupanja vreden prodajalec Nembutala, Varen nakup Nembutala, Avtenti\u010den Nembutal, Dobavitelj Nembutala, Nembutal v ZDA, Razpolo\u017eljivost Nembutala, Hitra dostava Nembutala, Kakovostni Nembutal, Lekarna Nembutal, Nembutal za napade, Nakup Nembutala na spletu, Varen nakup Nembutala, Nembutal za strokovnjake, Zanesljiv vir Nembutala, Nembutal po svetu<\/p>\n<h4>Nembutal samomorilska teko\u010dina 10000mg\/ml za prodajo<\/h4>\n<p><img decoding=\"async\" class=\"wp-image-176 aligncenter\" src=\"https:\/\/poisonshops.com\/wp-content\/uploads\/2025\/11\/poison_shop_logo-300x171.png\" alt=\"Trgovine s strupi\" width=\"112\" height=\"64\" srcset=\"https:\/\/poisonshops.com\/wp-content\/uploads\/2025\/11\/poison_shop_logo-300x171.png 300w, https:\/\/poisonshops.com\/wp-content\/uploads\/2025\/11\/poison_shop_logo.png 563w\" sizes=\"(max-width: 112px) 100vw, 112px\" \/><\/p>","protected":false},"excerpt":{"rendered":"<p>Buy Nembutal Suicide Liquid 10000mg\/ml Nembutal Suicide Pills and Liquid Note: Nembutal (Pentobarbital Sodium) is a controlled substance that should only be used under strict medical supervision and according to the laws and regulations of the relevant jurisdiction. Its use for suicide is illegal in many countries, and it is crucial to seek proper medical [&hellip;]<\/p>\n","protected":false},"featured_media":256,"comment_status":"open","ping_status":"closed","template":"","meta":[],"product_brand":[],"product_cat":[18],"product_tag":[],"class_list":{"0":"post-99","1":"product","2":"type-product","3":"status-publish","4":"has-post-thumbnail","6":"product_cat-buy-nembutal-pentobarbital","8":"first","9":"instock","10":"shipping-taxable","11":"purchasable","12":"product-type-variable"},"_links":{"self":[{"href":"https:\/\/poisonshops.com\/sl\/wp-json\/wp\/v2\/product\/99","targetHints":{"allow":["GET"]}}],"collection":[{"href":"https:\/\/poisonshops.com\/sl\/wp-json\/wp\/v2\/product"}],"about":[{"href":"https:\/\/poisonshops.com\/sl\/wp-json\/wp\/v2\/types\/product"}],"replies":[{"embeddable":true,"href":"https:\/\/poisonshops.com\/sl\/wp-json\/wp\/v2\/comments?post=99"}],"wp:featuredmedia":[{"embeddable":true,"href":"https:\/\/poisonshops.com\/sl\/wp-json\/wp\/v2\/media\/256"}],"wp:attachment":[{"href":"https:\/\/poisonshops.com\/sl\/wp-json\/wp\/v2\/media?parent=99"}],"wp:term":[{"taxonomy":"product_brand","embeddable":true,"href":"https:\/\/poisonshops.com\/sl\/wp-json\/wp\/v2\/product_brand?post=99"},{"taxonomy":"product_cat","embeddable":true,"href":"https:\/\/poisonshops.com\/sl\/wp-json\/wp\/v2\/product_cat?post=99"},{"taxonomy":"product_tag","embeddable":true,"href":"https:\/\/poisonshops.com\/sl\/wp-json\/wp\/v2\/product_tag?post=99"}],"curies":[{"name":"wp","href":"https:\/\/api.w.org\/{rel}","templated":true}]}}