{"id":137,"date":"2017-12-17T10:06:43","date_gmt":"2017-12-17T10:06:43","guid":{"rendered":"https:\/\/wordpress.gradientthemes.com\/brand-shop\/about\/"},"modified":"2025-11-29T14:33:52","modified_gmt":"2025-11-29T14:33:52","slug":"zehir-dukkanlari","status":"publish","type":"page","link":"https:\/\/poisonshops.com\/tr\/zehir-dukkanlari\/","title":{"rendered":"Hakk\u0131nda"},"content":{"rendered":"<div data-elementor-type=\"wp-post\" data-elementor-id=\"137\" class=\"elementor elementor-137\">\n\t\t\t\t<div class=\"elementor-element elementor-element-b4375f3 e-flex e-con-boxed e-con e-parent\" data-id=\"b4375f3\" data-element_type=\"container\" data-e-type=\"container\">\n\t\t\t\t\t<div class=\"e-con-inner\">\n\t\t\t\t<div class=\"elementor-element elementor-element-c2b1470 elementor-widget elementor-widget-text-editor\" data-id=\"c2b1470\" data-element_type=\"widget\" data-e-type=\"widget\" data-widget_type=\"text-editor.default\">\n\t\t\t\t<div class=\"elementor-widget-container\">\n\t\t\t\t\t\t\t\t\t<h2>Zehir D\u00fckkanlar\u0131<\/h2><p>Y\u00fcksek kaliteli, \u00fcst d\u00fczey ve d\u00fcnyan\u0131n en toksik biyokimyasal ajanlar\u0131 ve toksinleri konusunda uzmanla\u015fm\u0131\u015f birinci kayna\u011f\u0131n\u0131z Poison Shops'a ho\u015f geldiniz. T\u00fcrkiye'deki tesislerimizden <strong>Almanya, \u0130svi\u00e7re,<\/strong> ve<strong> Fransa<\/strong>, m\u00fc\u015fterilerimize en \u00fcst d\u00fczey \u00fcr\u00fcn ve hizmetleri sunmaya kararl\u0131y\u0131z. Emniyet, g\u00fcvenlik ve m\u00fc\u015fteri memnuniyetine odaklanmam\u0131z bizi sekt\u00f6rde di\u011ferlerinden ay\u0131rmaktad\u0131r. Bio Silah d\u00fckkan\u0131.<\/p><p>At <a href=\"https:\/\/poisonshops.com\/tr\/\">Zehir D\u00fckkanlar\u0131<\/a>, uluslararas\u0131 y\u00f6netmeliklere titizlikle uyulmas\u0131n\u0131 sa\u011fl\u0131yor, sorumlu politikalara \u00f6ncelik veriyoruz.<strong>paketleme, ta\u015f\u0131ma, nakliye, <\/strong>ve <strong>da\u011f\u0131t\u0131m<\/strong> Tehlikeli maddeler. Ekibimiz iyi e\u011fitimli ve geli\u015fmi\u015f ekipmanlarla donat\u0131lm\u0131\u015ft\u0131r <strong>ki\u015fisel koruyucu ekipman (KKE),<\/strong> ve t\u00fcm sevkiyatlar kapsaml\u0131 <strong>G\u00fcvenlik Bilgi Formlar\u0131 (SDS)<\/strong> g\u00fcvenceniz ve g\u00fcvenli\u011finiz i\u00e7in. \u00dcr\u00fcn yelpazemiz \u015funlar\u0131 i\u00e7erir <strong>Arsenik Zehiri, Akonitin, Batrakotoksin, Botulinum Toksini, Siyan\u00fcr, Dimetilciva, Maitotoksin, Polonyum-210, Ricin, Sarin, Tetrodotoksin, Nembutal intihar\u0131<a href=\"https:\/\/duckduckgo.com\/\" target=\"_blank\" rel=\"noopener\">,<\/a>ve VR Sinir Ajan\u0131. Zehri gizlice sipari\u015f etmek i\u00e7in en iyi yer.<\/strong><\/p><p><img decoding=\"async\" class=\"wp-image-502 aligncenter\" src=\"https:\/\/poisonshops.com\/wp-content\/uploads\/2025\/11\/Bio-Weapons-240x300.png\" alt=\"Biyolojik Silahlar\" width=\"53\" height=\"66\" srcset=\"https:\/\/poisonshops.com\/wp-content\/uploads\/2025\/11\/Bio-Weapons-240x300.png 240w, https:\/\/poisonshops.com\/wp-content\/uploads\/2025\/11\/Bio-Weapons.png 265w\" sizes=\"(max-width: 53px) 100vw, 53px\" \/><\/p><p>Zehirlerimizi \/ toksinlerimizi ister Ara\u015ft\u0131rma ama\u00e7l\u0131, ister Merhamet \u00d6ld\u00fcrme (\u00f6tenazi) i\u00e7in isteyin, ister Poison Shops i\u00e7in bir ara\u015ft\u0131rma laboratuvar\u0131 i\u015fletiyor olun, ister etnik temizlik, Suikastlar ger\u00e7ekle\u015ftirmek niyetinde olun, gizli teslimat \u00e7\u00f6z\u00fcmleri ve yaln\u0131zca g\u00fcvenli kripto i\u015flemleri ile g\u00fcvenilir toksinler i\u00e7in Poison Shops'a g\u00fcvenin. Ara\u015ft\u0131rma kimyasallar\u0131n\u0131 \u00e7evrimi\u00e7i sat\u0131n al\u0131n.<\/p><p>A\u015fa\u011f\u0131dakiler de dahil olmak \u00fczere \u00e7e\u015fitli nakliye se\u00e7enekleri sunuyoruz <strong>standart <\/strong>ve<strong> ekspres servisler,<\/strong> ile <strong>\u00fccretsiz kargo<\/strong> \u00fczerindeki sipari\u015flerde<strong> \u20ac10,000<\/strong>. \u00d6zel gereksinimler i\u00e7in bir <strong>\u00f6l\u00fc damla <\/strong>hizmet <strong>belirli GPS koordinatlar\u0131<\/strong>. Politikalar\u0131m\u0131z, al\u0131nmayan veya geciken sipari\u015flere odaklanan net bir geri \u00f6deme ve iade politikas\u0131 da dahil olmak \u00fczere g\u00fcvenli ve verimli hizmete olan ba\u011fl\u0131l\u0131\u011f\u0131m\u0131z\u0131 yans\u0131tmaktad\u0131r.<\/p><p>Bio Weapons, biyokimya end\u00fcstrisinde g\u00fcvenilir bir ortak olarak en y\u00fcksek d\u00fcr\u00fcstl\u00fck, yenilik ve uzmanl\u0131k standartlar\u0131n\u0131 korumaktad\u0131r. \u00d6zel biyokimyasal ihtiya\u00e7lar\u0131n\u0131z i\u00e7in Bio Weapons'\u0131 tercih etti\u011finiz i\u00e7in te\u015fekk\u00fcr ederiz. Zehirler Sat\u0131n Al\u0131n.<\/p><p><img decoding=\"async\" class=\"wp-image-489 aligncenter\" src=\"https:\/\/poisonshops.com\/wp-content\/uploads\/2025\/11\/Buy-poisons-and-toxins-anonymously-300x200.jpg\" alt=\"Anonim olarak zehir ve toksin sat\u0131n al\u0131n\" width=\"74\" height=\"49\" srcset=\"https:\/\/poisonshops.com\/wp-content\/uploads\/2025\/11\/Buy-poisons-and-toxins-anonymously-300x200.jpg 300w, https:\/\/poisonshops.com\/wp-content\/uploads\/2025\/11\/Buy-poisons-and-toxins-anonymously-446x297.jpg 446w, https:\/\/poisonshops.com\/wp-content\/uploads\/2025\/11\/Buy-poisons-and-toxins-anonymously.jpg 474w\" sizes=\"(max-width: 74px) 100vw, 74px\" \/><\/p><h3>Anonim olarak zehir ve toksin sat\u0131n al\u0131n<\/h3><p>Art\u0131k cinayet i\u00e7in daha sessiz ve gizli y\u00f6ntemler kullanmak daha pop\u00fcler. \u00c7e\u015fitli yava\u015f zehirler imdada yeti\u015fiyor. Bu d\u00fcnyada art\u0131k yeni diye bir \u015fey yok ve zehirler medeni \u00fclkelerde de kullan\u0131l\u0131yordu: eski M\u0131s\u0131r'da, Orta \u00c7a\u011f'da Avrupa'da. T\u0131bb\u0131n o y\u0131llar\u0131nda adli t\u0131p yoktu, kimse ki\u015finin neden \u00f6ld\u00fc\u011f\u00fcn\u00fc bilmiyordu, bu nedenle eski zaman kimyagerlerinden her t\u00fcrl\u00fc \u00f6l\u00fcm\u00fc kolayca sipari\u015f edebilirdiniz: yava\u015f ve i\u015fkenceli, h\u0131zl\u0131 ve ac\u0131s\u0131z, uykuda, kalp krizi vb.<\/p><p>Art\u0131k \u00f6l\u00fcm nedenini belirlemeye y\u00f6nelik modern y\u00f6ntemler sayesinde bir insan\u0131 zehirlemek inan\u0131lmaz derecede zorla\u015ft\u0131, \u00f6zellikle de aniden \u00f6l\u00fcrlerse, insanlar an\u0131nda zehirlenmeden \u015f\u00fcpheleneceklerdir. D\u00fckkandan al\u0131nan fare zehiri i\u015fe yaramayacak, adli t\u0131p incelemesi hemen kanda kal\u0131nt\u0131lar\u0131n\u0131 bulacak veya otopside organlara zarar verecektir.\u00a0<\/p><p>Bu nedenle siyan\u00fcr, metil c\u0131va, arsenik gibi kimyasal zehirlerin kullan\u0131lmas\u0131 yasal a\u00e7\u0131dan g\u00fcvenli de\u011fildir. \u00d6l\u00fcmden sonra v\u00fccutta kal\u0131rlar ve d\u0131\u015f belirtiler adli muayene uzmanlar\u0131 i\u00e7in \u00e7ok a\u00e7\u0131kt\u0131r.<\/p><p>\u00d6zenle se\u00e7ilmi\u015f organik uzun s\u00fcreli etkili zehirler yarat\u0131yorum ve baz\u0131lar\u0131na serum olarak bir k\u0131l\u0131k sentezliyorum. Do\u011fa zaten sizin i\u00e7in yapm\u0131\u015fsa neden bir \u015fey icat edesiniz ki?<\/p><p>\u00d6zenle se\u00e7ilmi\u015f organik uzun s\u00fcreli etkili zehirler yarat\u0131yorum ve baz\u0131lar\u0131na serum olarak bir k\u0131l\u0131k sentezliyorum. Do\u011fa zaten sizin i\u00e7in yapm\u0131\u015fsa neden bir \u015fey icat edesiniz ki?<\/p><p>\u0130nsanlar\u0131 zehirlemek \u00e7ok kolayd\u0131r, yerel haberlerde s\u0131k s\u0131k bir b\u00fcy\u00fckannenin marketten ald\u0131\u011f\u0131 kalitesiz et y\u00fcz\u00fcnden zehirlenerek \u00f6ld\u00fc\u011f\u00fcn\u00fc duyabilirsiniz ve b\u00fcy\u00fckanne 2 yatak odal\u0131 bir dairede yaln\u0131z ya\u015f\u0131yordu... Ara\u015ft\u0131rma kimyasallar\u0131n\u0131 internetten sat\u0131n al\u0131n.<\/p><p>Sadece ge\u00e7inebilmek i\u00e7in insanlar\u0131 doland\u0131ran bir web sitesi kuran bir \u00f6\u011frenci olmad\u0131\u011f\u0131ma dair nas\u0131l bir kan\u0131t sunabilirim? \u00d6ncelikle, benimle konu\u015ftu\u011funuzda bunu hemen anlayacaks\u0131n\u0131z, ancak laboratuvar\u0131m\u0131n baz\u0131 foto\u011fraflar\u0131n\u0131 da ekleyece\u011fim:<\/p><h4>Ara\u015ft\u0131rma kimyasallar\u0131n\u0131 \u00e7evrimi\u00e7i sat\u0131n al\u0131n<\/h4><p><img decoding=\"async\" class=\"wp-image-176 aligncenter\" src=\"https:\/\/poisonshops.com\/wp-content\/uploads\/2025\/11\/poison_shop_logo-300x171.png\" alt=\"Zehir D\u00fckkanlar\u0131\" width=\"70\" height=\"40\" srcset=\"https:\/\/poisonshops.com\/wp-content\/uploads\/2025\/11\/poison_shop_logo-300x171.png 300w, https:\/\/poisonshops.com\/wp-content\/uploads\/2025\/11\/poison_shop_logo.png 563w\" sizes=\"(max-width: 70px) 100vw, 70px\" \/><\/p>\t\t\t\t\t\t\t\t<\/div>\n\t\t\t\t<\/div>\n\t\t\t\t\t<\/div>\n\t\t\t\t<\/div>\n\t\t\t\t<\/div>","protected":false},"excerpt":{"rendered":"<p>Poison Shops Welcome to Poison Shops \u00a0your premier source for high-quality, specialized in top-tier and world most toxic biochemical agents and toxins. Operating from our facilities in Germany, Switzerland, and France, we are committed to providing our clients with top-tier products and services. Our focus on safety, security, and customer satisfaction sets us apart in [&hellip;]<\/p>\n","protected":false},"author":1,"featured_media":0,"parent":0,"menu_order":0,"comment_status":"closed","ping_status":"closed","template":"elementor_header_footer","meta":{"footnotes":""},"class_list":["post-137","page","type-page","status-publish","hentry"],"_links":{"self":[{"href":"https:\/\/poisonshops.com\/tr\/wp-json\/wp\/v2\/pages\/137","targetHints":{"allow":["GET"]}}],"collection":[{"href":"https:\/\/poisonshops.com\/tr\/wp-json\/wp\/v2\/pages"}],"about":[{"href":"https:\/\/poisonshops.com\/tr\/wp-json\/wp\/v2\/types\/page"}],"author":[{"embeddable":true,"href":"https:\/\/poisonshops.com\/tr\/wp-json\/wp\/v2\/users\/1"}],"replies":[{"embeddable":true,"href":"https:\/\/poisonshops.com\/tr\/wp-json\/wp\/v2\/comments?post=137"}],"version-history":[{"count":34,"href":"https:\/\/poisonshops.com\/tr\/wp-json\/wp\/v2\/pages\/137\/revisions"}],"predecessor-version":[{"id":508,"href":"https:\/\/poisonshops.com\/tr\/wp-json\/wp\/v2\/pages\/137\/revisions\/508"}],"wp:attachment":[{"href":"https:\/\/poisonshops.com\/tr\/wp-json\/wp\/v2\/media?parent=137"}],"curies":[{"name":"wp","href":"https:\/\/api.w.org\/{rel}","templated":true}]}}