{"id":439,"date":"2025-11-20T12:15:58","date_gmt":"2025-11-20T12:15:58","guid":{"rendered":"https:\/\/poisonshops.com\/?page_id=439"},"modified":"2025-12-01T11:33:18","modified_gmt":"2025-12-01T11:33:18","slug":"zehirleri-internetten-satin-al","status":"publish","type":"page","link":"https:\/\/poisonshops.com\/tr\/zehirleri-internetten-satin-al\/","title":{"rendered":"\u0130leti\u015fim"},"content":{"rendered":"<div data-elementor-type=\"wp-page\" data-elementor-id=\"439\" class=\"elementor elementor-439\">\n\t\t\t\t<div class=\"elementor-element elementor-element-ac71f13 e-flex e-con-boxed e-con e-parent\" data-id=\"ac71f13\" data-element_type=\"container\" data-e-type=\"container\">\n\t\t\t\t\t<div class=\"e-con-inner\">\n\t\t\t\t<div class=\"elementor-element elementor-element-b8aef59 elementor-widget elementor-widget-text-editor\" data-id=\"b8aef59\" data-element_type=\"widget\" data-e-type=\"widget\" data-widget_type=\"text-editor.default\">\n\t\t\t\t<div class=\"elementor-widget-container\">\n\t\t\t\t\t\t\t\t\t<div id=\"primary\" class=\"content-area\"><main id=\"main\" class=\"site-main\"><\/main><article id=\"post-298\" class=\"post-298 page type-page status-publish\"><div class=\"inside-article\"><div class=\"entry-content\"><p class=\"has-text-align-left\">Zehirleri \u00e7evrimi\u00e7i sat\u0131n al\u0131n; Her t\u00fcrl\u00fc sorunuz ve endi\u015feniz i\u00e7in size yard\u0131mc\u0131 olmak i\u00e7in buraday\u0131z. L\u00fctfen a\u015fa\u011f\u0131daki y\u00f6ntemlerle bize ula\u015f\u0131n:<\/p><p><img fetchpriority=\"high\" decoding=\"async\" class=\"size-medium wp-image-502 alignleft\" src=\"https:\/\/poisonshops.com\/wp-content\/uploads\/2025\/11\/Bio-Weapons-240x300.png\" alt=\"Biyolojik Silahlar\" width=\"240\" height=\"300\" srcset=\"https:\/\/poisonshops.com\/wp-content\/uploads\/2025\/11\/Bio-Weapons-240x300.png 240w, https:\/\/poisonshops.com\/wp-content\/uploads\/2025\/11\/Bio-Weapons.png 265w\" sizes=\"(max-width: 240px) 100vw, 240px\" \/><\/p><div class=\"wp-block-columns is-layout-flex wp-container-core-columns-is-layout-9d6595d7 wp-block-columns-is-layout-flex\"><div class=\"wp-block-column is-layout-flow wp-block-column-is-layout-flow\"><div class=\"wp-block-image\">\u00a0<\/div><\/div><div class=\"wp-block-column is-layout-flow wp-block-column-is-layout-flow\"><p><mark class=\"has-inline-color\"><\/mark><span style=\"color: #000!important;\"><b>E-posta:<\/b><\/span><a class=\"info-box_link\" href=\"mailto:Ps35dk@proton.me\"><strong><span style=\"color: #ff0000;\">Ps35dk@proton.me<\/span><\/strong><\/a><\/p><\/div><\/div><p>Sipari\u015fler, g\u00f6nderim veya \u00fcr\u00fcn bilgileri ile ilgili destek i\u00e7in ekibimiz size yard\u0131mc\u0131 olmaya haz\u0131rd\u0131r. Poison Shops'u tercih etti\u011finiz i\u00e7in te\u015fekk\u00fcr ederiz. Sizinle ileti\u015fime ge\u00e7meyi sab\u0131rs\u0131zl\u0131kla bekliyoruz!<\/p><\/div><\/div><\/article><\/div>\t\t\t\t\t\t\t\t<\/div>\n\t\t\t\t<\/div>\n\t\t\t\t\t<\/div>\n\t\t\t\t<\/div>\n\t\t<div class=\"elementor-element elementor-element-8502aa0 e-flex e-con-boxed e-con e-parent\" data-id=\"8502aa0\" data-element_type=\"container\" data-e-type=\"container\">\n\t\t\t\t\t<div class=\"e-con-inner\">\n\t\t\t\t<div class=\"elementor-element elementor-element-3d1bb0a elementor-widget elementor-widget-text-editor\" data-id=\"3d1bb0a\" data-element_type=\"widget\" data-e-type=\"widget\" data-widget_type=\"text-editor.default\">\n\t\t\t\t<div class=\"elementor-widget-container\">\n\t\t\t\t\t\t\t\t\t<h3>Zehirleri \u00e7evrimi\u00e7i sat\u0131n al\u0131n<\/h3><p>Ho\u015f geldiniz <img decoding=\"async\" class=\"emoji\" role=\"img\" draggable=\"false\" src=\"https:\/\/s.w.org\/images\/core\/emoji\/16.0.1\/svg\/26a0.svg\" alt=\"\u26a0\ufe0f\" \/><a href=\"https:\/\/poisonshops.com\/tr\/\">Zehir D\u00fckkan\u0131<\/a>, Bilimin hassasiyetle bulu\u015ftu\u011fu yer. Ara\u015ft\u0131rma ve ki\u015fisel kullan\u0131m i\u00e7in y\u00fcksek etkili zehirler ve kimyasal maddelerin \u00f6nde gelen global tedarik\u00e7isiyiz ve bireylerin g\u00fcvenini kazanm\u0131\u015f bir firmay\u0131z.<a href=\"https:\/\/duckduckgo.com\/\" target=\"_blank\" rel=\"noopener\">,<\/a> laboratuvarlar ve kurulu\u015flar. Do\u011fal toksinlerden end\u00fcstriyel kimyasallara ve sinir ajanlar\u0131na kadar, piyasadaki en kapsaml\u0131 zehir yelpazesini sunuyoruz. Zehir Ma\u011fazalar\u0131.<\/p><p>Geni\u015f Zehir Yelpazemizi Ke\u015ffedin<br \/>D\u00fcnyan\u0131n en \u00f6l\u00fcmc\u00fcl 40 zehirini, s\u0131v\u0131, sprey veya kat\u0131 formlarda, tam ihtiya\u00e7lar\u0131n\u0131za g\u00f6re tasarlanm\u0131\u015f olarak sunuyoruz. H\u0131zl\u0131 etkili bir n\u00f6rotoksin, kimyasal madde veya do\u011fal zehir ihtiyac\u0131n\u0131z olsun, Bio Weapons kritik uygulamalar\u0131n\u0131z i\u00e7in en y\u00fcksek safl\u0131\u011f\u0131 garanti eder.<\/p><p><img decoding=\"async\" class=\"size-full wp-image-28 aligncenter\" src=\"https:\/\/poisonshops.com\/wp-content\/uploads\/2021\/12\/30-Day-Guarantee-1.png\" alt=\"Zehirleri \u00c7evrimi\u00e7i Sat\u0131n Al\u0131n\" width=\"300\" height=\"248\" \/><\/p><p>\u00dcr\u00fcn Portf\u00f6y\u00fc<br \/>Do\u011fal Toksinler:<\/p><p>Botulinum toksini \u2013 En g\u00fc\u00e7l\u00fc fel\u00e7 edici madde.<br \/>Risin ve Abrin \u2013 H\u0131zl\u0131 etkili protein sentezi inhibit\u00f6rleri.<br \/>Tetrodoksin ve Saksitoksin \u2013 N\u00f6rolojik yollar\u0131 etkileyen deniz toksinleri.<br \/>Batrachotoxin \u2013 Zehirli ok kurba\u011falar\u0131ndan elde edilir, iyon kanal\u0131 \u00e7al\u0131\u015fmalar\u0131 i\u00e7in idealdir.<br \/>Konotoksinler ve Ciguatoksin \u2013 \u0130leri d\u00fczey n\u00f6rotoksik ara\u015ft\u0131rmalar i\u00e7in zehirler.<br \/>Kimyasal Zehirler ve Sinir Gazlar\u0131:<\/p><p>VX, Sarin, Tabun ve Soman \u2013 Ara\u015ft\u0131rma ama\u00e7l\u0131 y\u00fcksek etkili sinir ajanlar\u0131.<br \/>Sodyum Siyan\u00fcr ve Hidrojen Siyan\u00fcr \u2013 An\u0131nda h\u00fccresel solunumu engelleyen maddeler.<br \/>Arsenik trioksit, Polonyum-210, Talyum ve C\u0131va \u2013 Toksikoloji i\u00e7in idealdir.<br \/>Bitki Bazl\u0131 Zehirler:<\/p><p>Atropin, Akonitin, Strychnine ve Digitalis \u2013 Kalp ve sinir sistemi ara\u015ft\u0131rmalar\u0131 i\u00e7in.<br \/>Kol\u015fisin ve Oleandrin \u2013 Kanser ara\u015ft\u0131rmalar\u0131 i\u00e7in \u00e7ok \u00f6nemli.<br \/>Koniin ve Taksin \u2013 Toksikolojik uygulamalar i\u00e7in klasik zehirler.<br \/>End\u00fcstriyel Zehirler:<\/p><p>Klor, Fosgen, Karbon Monoksit, Dioksinler, Kur\u015fun ve Kadmiyum \u2013 \u00c7evre ve kimya \u00e7al\u0131\u015fmalar\u0131 i\u00e7in m\u00fckemmeldir.<\/p><p>Hayvan Zehirleri:<\/p><p>Kral kobra, siyah mamba ve kutu denizanas\u0131 zehirleri \u2013 \u0130leri d\u00fczey n\u00f6rolojik \u00e7al\u0131\u015fmalar i\u00e7in.<br \/>Ta\u015f bal\u0131\u011f\u0131 zehiri \u2013 Doku nekrozu ara\u015ft\u0131rmalar\u0131nda kullan\u0131\u015fl\u0131d\u0131r.<\/p><h4>Neden Zehir D\u00fckkanlar\u0131?<\/h4><p>E\u015fsiz Kalite: T\u00fcm \u00fcr\u00fcnler, etkinlik ve safl\u0131\u011f\u0131 garanti etmek i\u00e7in Analiz Sertifikas\u0131 (COA) ile birlikte sunulur.<br \/>Kapsaml\u0131 G\u00fcvenlik: Her \u00fcr\u00fcn, G\u00fcvenlik Bilgi Formu (SDS) ve KKD \u00f6nerileri ile birlikte sunulur.<\/p><p>\u00c7ok Y\u00f6nl\u00fc Form Se\u00e7enekleri: Kullan\u0131m kolayl\u0131\u011f\u0131 i\u00e7in s\u0131v\u0131, sprey veya kat\u0131 formlarda mevcuttur.<br \/>K\u00fcresel Teslimat: Gizli uluslararas\u0131 nakliye hizmeti sunuyoruz.<\/p><p>Uzman Rehberli\u011fi: Uzmanlar\u0131m\u0131z, g\u00fcvenli ve uygun kullan\u0131m i\u00e7in kullan\u0131m talimatlar\u0131 sa\u011flar.<br \/>\u015eimdi Sipari\u015f Verin \u2013 G\u00fc\u00e7, Hassasiyet ve Etkinlik Parmaklar\u0131n\u0131z\u0131n Ucunda<br \/>Poison Shops olarak, hassasiyet ve g\u00fcvenilirli\u011fin tart\u0131\u015f\u0131lmaz oldu\u011funu biliyoruz.<\/p><p>\u0130leri d\u00fczey toksikolojik ara\u015ft\u0131rmalar yap\u0131yorsan\u0131z, kimyasal projeler \u00fczerinde \u00e7al\u0131\u015f\u0131yorsan\u0131z veya ki\u015fisel ihtiya\u00e7lar\u0131n\u0131z varsa, biz g\u00fcvenilir orta\u011f\u0131n\u0131z\u0131z.<\/p><p><img decoding=\"async\" class=\"wp-image-176 aligncenter\" src=\"https:\/\/poisonshops.com\/wp-content\/uploads\/2025\/11\/poison_shop_logo-300x171.png\" alt=\"Zehir D\u00fckkanlar\u0131\" width=\"114\" height=\"65\" srcset=\"https:\/\/poisonshops.com\/wp-content\/uploads\/2025\/11\/poison_shop_logo-300x171.png 300w, https:\/\/poisonshops.com\/wp-content\/uploads\/2025\/11\/poison_shop_logo.png 563w\" sizes=\"(max-width: 114px) 100vw, 114px\" \/><\/p><p>\u00a0<\/p><p>zehir sat\u0131n almak, zehir sat\u0131n almak i\u00e7in en iyi yer, sat\u0131l\u0131k zehir, zehirli kimyasallar sat\u0131n almak, \u00e7evrimi\u00e7i zehir sat\u0131n almak, botulinum toksini sat\u0131n almak, sat\u0131l\u0131k botulinum toksini, risin sat\u0131n almak, sat\u0131l\u0131k risin, abrin sat\u0131n almak, sat\u0131l\u0131k abrin, tetrodotoksin sat\u0131n almak, sat\u0131l\u0131k tetrodotoksin, saksitoksin sat\u0131n almak, sat\u0131l\u0131k saksitoksin, konotoksinler sat\u0131n almak, sat\u0131l\u0131k konotoksinler,<\/p><p>batrachotoxin sat\u0131n al, batrachotoxin sat\u0131l\u0131k, ciguatoxin sat\u0131n al, ciguatoxin sat\u0131l\u0131k, maitotoxin sat\u0131n al, maitotoxin sat\u0131l\u0131k, aflatoksin sat\u0131n al, aflatoksin sat\u0131l\u0131k, VX sat\u0131n al, sat\u0131l\u0131k VX, sarin sat\u0131n al, sat\u0131l\u0131k sarin, tabun sat\u0131n al, sat\u0131l\u0131k tabun, soman sat\u0131n al, sat\u0131l\u0131k soman, hidrojen siyan\u00fcr sat\u0131n al, sat\u0131l\u0131k hidrojen siyan\u00fcr, sodyum siyan\u00fcr sat\u0131n al, sat\u0131l\u0131k sodyum siyan\u00fcr, arsenik sat\u0131n al, sat\u0131l\u0131k arsenik, polonyum-210 sat\u0131n al, sat\u0131l\u0131k polonyum-210, talyum sat\u0131n al, sat\u0131l\u0131k talyum, c\u0131va sat\u0131n al,<\/p><p>sat\u0131l\u0131k c\u0131va, atropin sat\u0131n al, sat\u0131l\u0131k atropin, akonitin sat\u0131n al, sat\u0131l\u0131k akonitin, digitalis sat\u0131n al, sat\u0131l\u0131k digitalis, strychnine sat\u0131n al, sat\u0131l\u0131k strychnine, oleandrin sat\u0131n al, sat\u0131l\u0131k oleandrin, kol\u015fisin sat\u0131n al, kol\u015fisin sat\u0131l\u0131k, ergot alkaloidleri sat\u0131n al, ergot alkaloidleri sat\u0131l\u0131k, koniini sat\u0131n al, koniini sat\u0131l\u0131k, taksin sat\u0131n al, taksin sat\u0131l\u0131k,<\/p><p>klor gaz\u0131 sat\u0131n al, sat\u0131l\u0131k klor gaz\u0131, fosgen sat\u0131n al, sat\u0131l\u0131k fosgen, karbon monoksit sat\u0131n al, sat\u0131l\u0131k karbon monoksit, dioksin sat\u0131n al, sat\u0131l\u0131k dioksin, kur\u015fun sat\u0131n al, sat\u0131l\u0131k kur\u015fun, kadmiyum sat\u0131n al, sat\u0131l\u0131k kadmiyum, kobra zehiri sat\u0131n al, sat\u0131l\u0131k kobra zehiri, kara mamba zehiri sat\u0131n al, sat\u0131l\u0131k kara mamba zehiri,<\/p><p>kutu denizanas\u0131 zehiri sat\u0131n al, sat\u0131l\u0131k kutu denizanas\u0131 zehiri, ta\u015f bal\u0131\u011f\u0131 zehiri sat\u0131n al, sat\u0131l\u0131k ta\u015f bal\u0131\u011f\u0131 zehiri, zehirli gazlar sat\u0131n al, sat\u0131l\u0131k zehirli gazlar, kimyasal zehirler sat\u0131n al, sat\u0131l\u0131k kimyasal zehirler, deniz toksinleri sat\u0131n al,<\/p><p>sat\u0131l\u0131k deniz toksinleri, bitki bazl\u0131 zehirler sat\u0131n al\u0131n, sat\u0131l\u0131k bitki bazl\u0131 zehirler, sinir ajanlar\u0131 sat\u0131n al\u0131n, sat\u0131l\u0131k sinir ajanlar\u0131,<\/p><p>a\u011f\u0131r metaller sat\u0131n al, sat\u0131l\u0131k a\u011f\u0131r metaller, siyan\u00fcr sat\u0131n al, siyan\u00fcr sat\u0131n almak i\u00e7in en iyi yer, siyan\u00fcr kaps\u00fclleri sat\u0131n al, siyan\u00fcr tozu sat\u0131n al, siyan\u00fcr s\u0131v\u0131s\u0131 sat\u0131n al, ara\u015ft\u0131rma kimyasallar\u0131 sat\u0131n al, sat\u0131l\u0131k ara\u015ft\u0131rma kimyasallar\u0131, zehir nereden al\u0131n\u0131r, \u00f6l\u00fcmc\u00fcl toksinler sat\u0131n al, toksin sat\u0131n almak i\u00e7in en iyi yer, hayvan zehiri sat\u0131n al, sat\u0131l\u0131k hayvan zehiri, ricin online sat\u0131n al, saf botulinum sat\u0131n al, COA ile siyan\u00fcr sat\u0131n al, laboratuvar kullan\u0131m\u0131 i\u00e7in toksin sat\u0131n al,<\/p><p>arsenik trioksit sat\u0131n al, toksinler gizli g\u00f6nderim sat\u0131n al, konotoksin sprey sat\u0131n al, akonitin s\u0131v\u0131 sat\u0131n al, risin tozu sat\u0131n al, end\u00fcstriyel kimyasallar sat\u0131n al, sat\u0131l\u0131k end\u00fcstriyel kimyasallar, digitalis tabletleri sat\u0131n al, strychnine kaps\u00fclleri sat\u0131n al, sinir ajanlar\u0131 \u00e7evrimi\u00e7i sat\u0131n al, sat\u0131l\u0131k VX gaz\u0131, polonyum gizli sat\u0131n al,<\/p><p>kimyasal toksinler sat\u0131n almak, kur\u015fun tozu sat\u0131n almak, talyum s\u0131v\u0131s\u0131 sat\u0131n almak, \u00e7evresel toksinler sat\u0131n almak, zehir kiti sat\u0131n almak, SDS ile toksinler sat\u0131n almak, toksik maddeler nereden sat\u0131n al\u0131n\u0131r, ki\u015fisel kullan\u0131m i\u00e7in zehirler sat\u0131n almak, PPE ile toksinler sat\u0131n almak, kimyasal maddeler h\u0131zl\u0131 kargo ile sat\u0131n almak, yak\u0131n\u0131mdaki siyan\u00fcr sat\u0131n almak, zehir gizli kargo ile sat\u0131n almak,<\/p><p>d\u00fcnya \u00e7ap\u0131nda zehirli kimyasallar sat\u0131n al\u0131n, zehirli maddeler sat\u0131n al\u0131n, g\u00fcvenilir tedarik\u00e7iden zehir sat\u0131n al\u0131n, botulinum toksini \u00e7evrimi\u00e7i sipari\u015f edin, analiz sertifikal\u0131 arsenik sat\u0131n al\u0131n, siyan\u00fcr ve zehirli kimyasallar sat\u0131n al\u0131n, zehirler i\u00e7in en iyi \u00e7evrimi\u00e7i ma\u011faza, sarin \u00e7evrimi\u00e7i sat\u0131n al\u0131n, c\u0131va tabletleri sat\u0131n al\u0131n, zakkum toksinleri sat\u0131n al\u0131n, risin gizlice sat\u0131n al\u0131n, h\u0131zl\u0131 etkili zehirler sat\u0131n al\u0131n, siyan\u00fcr g\u00fcvenli bir \u015fekilde sat\u0131n al\u0131n,<\/p><p>yak\u0131n\u0131mda botulinum toksini nereden sat\u0131n alabilirim, VX sinir ajan\u0131 sipari\u015f et, nakliye ile sinir toksinleri sat\u0131n al, ara\u015ft\u0131rma i\u00e7in \u00f6ld\u00fcr\u00fcc\u00fc toksinler sat\u0131n al, strychnine \u00e7evrimi\u00e7i sat\u0131n al, deniz toksinleri h\u0131zl\u0131 teslimatla sat\u0131n al, taxine kaps\u00fclleri sat\u0131n al, zehirli toksinler i\u00e7in en iyi ma\u011faza, aconitine gizlice sat\u0131n al, toksinleri \u00e7evrimi\u00e7i olarak nereden sipari\u015f edebilirim, bitki bazl\u0131 zehirler sat\u0131n al, ergot t\u00fcrevleri sat\u0131n al, toksik spreyler sat\u0131n al, kimyasallar\u0131 \u00e7evrimi\u00e7i sipari\u015f etmek i\u00e7in en iyi yer, toksik gaz kutular\u0131 sat\u0131n al,<\/p><p>y\u00fcksek derecede toksik maddeler sat\u0131n al\u0131n, zehirleri \u00e7evrimi\u00e7i olarak g\u00fcvenli bir \u015fekilde sat\u0131n al\u0131n, end\u00fcstriyel zehirleri gizlice sat\u0131n al\u0131n, botulinumu h\u0131zl\u0131 bir \u015fekilde sat\u0131n al\u0131n, siyan\u00fcr\u00fc \u00e7evrimi\u00e7i olarak nereden sat\u0131n alabilirsiniz, COA ile toksik kimyasallar sipari\u015f edin, laboratuvar kullan\u0131m\u0131 i\u00e7in fosgen sat\u0131n al\u0131n, zehirli y\u0131lan toksinleri sat\u0131n al\u0131n, siyah mamba zehiri h\u0131zl\u0131 g\u00f6nderim ile sat\u0131n al\u0131n, analiz ile ta\u015f bal\u0131\u011f\u0131 zehiri sat\u0131n al\u0131n, toksik maddeler i\u00e7in en iyi sat\u0131c\u0131,<\/p><p>tehlikeli kimyasallar\u0131 nereden sat\u0131n alabilirim, aconitine sprey sat\u0131n al, ara\u015ft\u0131rma toksinlerini \u00e7evrimi\u00e7i sat\u0131n al, arsenik gizli teslimat sat\u0131n al, toksinleri h\u0131zl\u0131 uluslararas\u0131 kargo ile sat\u0131n al, sinir ajanlar\u0131n\u0131 \u015fimdi sat\u0131n al, toksik ajanlar i\u00e7in en iyi pazar yeri, kur\u015fun ve kadmiyum tozlar\u0131 sat\u0131n al, y\u00fcksek \u00f6ld\u00fcr\u00fcc\u00fcl\u00fc\u011fe sahip toksinleri \u00e7evrimi\u00e7i sat\u0131n al,<\/p><p>zehirleri g\u00fcvenli bir \u015fekilde sipari\u015f edin, yak\u0131n\u0131mdaki risin sat\u0131n al\u0131n, sodyum siyan\u00fcr\u00fc g\u00fcvenli bir \u015fekilde sat\u0131n al\u0131n, c\u0131va sat\u0131n al\u0131n, botulinum toksini h\u0131zl\u0131 kargo ile sat\u0131n al\u0131n, toksinleri gizli bir \u015fekilde sipari\u015f edin, sinir ajanlar\u0131 i\u00e7in en iyi kaynak, tehlikeli kimyasallar\u0131 \u015fimdi sat\u0131n al\u0131n.<\/p>\t\t\t\t\t\t\t\t<\/div>\n\t\t\t\t<\/div>\n\t\t\t\t\t<\/div>\n\t\t\t\t<\/div>\n\t\t\t\t<\/div>","protected":false},"excerpt":{"rendered":"<p>Buy Poisons online; We\u2019re here to assist you with any inquiries or concerns. Please reach out to us through the following methods: \u00a0 Email:Ps35dk@proton.me For support related to orders, shipping, or product information, our team is ready to help. Thank you for choosing Poison Shops. We look forward to hearing from you! Buy Poisons online [&hellip;]<\/p>\n","protected":false},"author":1,"featured_media":0,"parent":0,"menu_order":0,"comment_status":"closed","ping_status":"closed","template":"","meta":{"footnotes":""},"class_list":["post-439","page","type-page","status-publish","hentry"],"_links":{"self":[{"href":"https:\/\/poisonshops.com\/tr\/wp-json\/wp\/v2\/pages\/439","targetHints":{"allow":["GET"]}}],"collection":[{"href":"https:\/\/poisonshops.com\/tr\/wp-json\/wp\/v2\/pages"}],"about":[{"href":"https:\/\/poisonshops.com\/tr\/wp-json\/wp\/v2\/types\/page"}],"author":[{"embeddable":true,"href":"https:\/\/poisonshops.com\/tr\/wp-json\/wp\/v2\/users\/1"}],"replies":[{"embeddable":true,"href":"https:\/\/poisonshops.com\/tr\/wp-json\/wp\/v2\/comments?post=439"}],"version-history":[{"count":19,"href":"https:\/\/poisonshops.com\/tr\/wp-json\/wp\/v2\/pages\/439\/revisions"}],"predecessor-version":[{"id":539,"href":"https:\/\/poisonshops.com\/tr\/wp-json\/wp\/v2\/pages\/439\/revisions\/539"}],"wp:attachment":[{"href":"https:\/\/poisonshops.com\/tr\/wp-json\/wp\/v2\/media?parent=439"}],"curies":[{"name":"wp","href":"https:\/\/api.w.org\/{rel}","templated":true}]}}