{"id":101,"date":"2017-12-19T14:41:04","date_gmt":"2017-12-19T14:41:04","guid":{"rendered":"https:\/\/wordpress.gradientthemes.com\/brand-shop\/product\/black-hoodie\/"},"modified":"2025-12-05T13:14:19","modified_gmt":"2025-12-05T13:14:19","slug":"satilik-sodyum-sekonal","status":"publish","type":"product","link":"https:\/\/poisonshops.com\/tr\/urun-2\/satilik-sodyum-sekonal\/","title":{"rendered":"Sodyum Seconal"},"content":{"rendered":"<h2>Sodyum Seconal Online Sat\u0131n Al\u0131n<\/h2>\n<p><strong>Not<\/strong>: Sodyum Seconal (Secobarbital Sodyum), s\u0131k\u0131 t\u0131bbi g\u00f6zetim gerektiren g\u00fc\u00e7l\u00fc bir barbit\u00fcratt\u0131r ve yaln\u0131zca kalifiye bir sa\u011fl\u0131k uzman\u0131n\u0131n rehberli\u011finde kullan\u0131lmal\u0131d\u0131r. Sodium Seconal'\u0131n yanl\u0131\u015f kullan\u0131m\u0131 tehlikeli olabilir ve a\u015f\u0131r\u0131 doz ve \u00f6l\u00fcm dahil olmak \u00fczere ciddi sa\u011fl\u0131k risklerine yol a\u00e7abilir. Sat\u0131l\u0131k Sodyum Seconal.<\/p>\n<p>Ge\u00e7erli re\u00e7eteleri olan onayl\u0131 bireyler i\u00e7in y\u00fcksek kaliteli Sodyum Seconal'\u0131n g\u00fcvenilir tedarik\u00e7isi Bio Weapons'a ho\u015f geldiniz. G\u00fcvenlik, kalite ve m\u00fc\u015fteri memnuniyetine \u00f6ncelik vererek temel ila\u00e7lara g\u00fcvenilir eri\u015fim sa\u011fl\u0131yoruz. Sodyum Seconal Online Sat\u0131n Almak \u0130\u00e7in En \u0130yi Yer.<\/p>\n<h4><strong>Sodyum Sekonal nedir?<\/strong><\/h4>\n<p>Sodyum Seconal veya Secobarbital Sodyum, yat\u0131\u015ft\u0131r\u0131c\u0131 ve hipnotik \u00f6zellikleriyle bilinen bir barbit\u00fcrat ilac\u0131d\u0131r. Uyku ve gev\u015femeye neden olmak i\u00e7in merkezi sinir sistemi \u00fczerinde etkilidir. Sodyum Seconal uykusuzlu\u011fun k\u0131sa s\u00fcreli tedavisi, ameliyat \u00f6ncesi sedasyon ve n\u00f6bet kontrol\u00fc i\u00e7in re\u00e7ete edilir. Ayr\u0131ca baz\u0131 yarg\u0131 b\u00f6lgelerinde kat\u0131 yasal kurallar alt\u0131nda t\u0131bbi \u00f6tenazi i\u00e7in de kullan\u0131l\u0131r.<\/p>\n<h4><strong>Sodyum Sekonal Kullan\u0131m Alanlar\u0131<\/strong><\/h4>\n<p>Sodyum Seconal t\u0131bbi ba\u011flamlarda \u015funlar i\u00e7in kullan\u0131l\u0131r:<\/p>\n<ol>\n<li><strong>Uykusuzluk Tedavisi<\/strong>: Sodyum Seconal, uykunun ba\u015flamas\u0131n\u0131 te\u015fvik ederek ve uyku kalitesini art\u0131rarak \u015fiddetli uykusuzlu\u011fun tedavisinde etkilidir.<\/li>\n<li><strong>Ameliyat \u00d6ncesi Sedasyon<\/strong>: Cerrahi i\u015flemlerden \u00f6nce hastalar\u0131 sakinle\u015ftirmek ve rahatlatmak i\u00e7in Sodyum Seconal kullan\u0131l\u0131r.<\/li>\n<li><strong>N\u00f6bet Y\u00f6netimi<\/strong>: Sodyum Sekonal, \u00f6zellikle di\u011fer ila\u00e7lar\u0131n etkisiz oldu\u011fu durumlarda, belirli n\u00f6bet t\u00fcrlerinin tedavisinde kullan\u0131labilir.<\/li>\n<li><strong>T\u0131bbi \u00d6tenazi<\/strong>: Yasal olarak izin verilen yarg\u0131 b\u00f6lgelerinde, Sodyum Seconal s\u0131k\u0131 t\u0131bbi ve yasal protokoller alt\u0131nda insanc\u0131l \u00f6tenazi i\u00e7in kullan\u0131l\u0131r.<\/li>\n<\/ol>\n<h4><strong>Kalite ve G\u00fcvenlik<\/strong><\/h4>\n<p>Bio Weapons olarak, Sodyum Seconal \u00fcr\u00fcnlerimiz i\u00e7in en y\u00fcksek kalite ve g\u00fcvenlik standartlar\u0131n\u0131 sa\u011fl\u0131yoruz. Sayg\u0131n \u00fcreticilerden tedarik edilen her parti, s\u0131k\u0131 yasal gereklilikleri kar\u015f\u0131lamak i\u00e7in titiz testlerden ge\u00e7mektedir. M\u00fckemmelli\u011fe olan ba\u011fl\u0131l\u0131\u011f\u0131m\u0131z, g\u00fcvenli, etkili ve g\u00fcvenilir bir \u00fcr\u00fcn alman\u0131z\u0131 garanti eder.<\/p>\n<h4><strong>Dozaj ve Uygulama<\/strong><\/h4>\n<p>Sodyum Seconal sadece bir sa\u011fl\u0131k profesyoneli taraf\u0131ndan re\u00e7ete edildi\u011fi \u015fekilde kullan\u0131lmal\u0131d\u0131r. Dozaj ve uygulama t\u0131bbi duruma, hastan\u0131n tepkisine ve yasal d\u00fczenlemelere g\u00f6re de\u011fi\u015fir. Riskleri en aza indirmek ve terap\u00f6tik faydalar\u0131 en \u00fcst d\u00fczeye \u00e7\u0131karmak i\u00e7in t\u0131bbi tavsiyelere yak\u0131ndan uymak \u00f6nemlidir.<\/p>\n<p><strong>Haz\u0131rlama ve Depolama<\/strong>:<\/p>\n<ul>\n<li><strong>Haz\u0131rl\u0131k<\/strong>: Sodyum Seconal tipik olarak oral uygulama i\u00e7in oral kaps\u00fcl veya s\u0131v\u0131 formda mevcuttur. Dozaj g\u00fcc\u00fc ve form\u00fclasyonu t\u0131bbi gereklili\u011fe ba\u011fl\u0131d\u0131r.<\/li>\n<li><strong>Depolama<\/strong>: Sodium Seconal'\u0131 g\u00fcvenli bir yerde, \u00e7ocuklardan ve evcil hayvanlardan uzakta, oda s\u0131cakl\u0131\u011f\u0131nda, \u0131\u015f\u0131k ve nemden koruyarak saklay\u0131n\u0131z.<\/li>\n<\/ul>\n<h4><strong>Yan Etkiler ve \u00d6nlemler<\/strong><\/h4>\n<p>T\u00fcm ila\u00e7larda oldu\u011fu gibi, Sodyum Seconal yan etkilere neden olabilir. Yayg\u0131n yan etkiler aras\u0131nda uyu\u015fukluk, ba\u015f d\u00f6nmesi, ba\u015f a\u011fr\u0131s\u0131 ve mide bulant\u0131s\u0131 yer al\u0131r. Solunum depresyonu veya alerjik reaksiyonlar gibi ciddi yan etkiler nadirdir ancak ya\u015fanmas\u0131 halinde acil t\u0131bbi m\u00fcdahale gerektirir.<\/p>\n<p><strong>\u00d6nlemler<\/strong>:<\/p>\n<ul>\n<li><strong>T\u0131bbi Ge\u00e7mi\u015f<\/strong>: Sa\u011fl\u0131k uzman\u0131n\u0131z\u0131, \u00f6zellikle karaci\u011fer hastal\u0131\u011f\u0131, b\u00f6brek hastal\u0131\u011f\u0131, solunum rahats\u0131zl\u0131klar\u0131 ve madde kullan\u0131m bozukluklar\u0131 olmak \u00fczere t\u00fcm t\u0131bbi ge\u00e7mi\u015finiz hakk\u0131nda bilgilendirin.<\/li>\n<li><strong>\u0130la\u00e7 Etkile\u015fimleri<\/strong>: Sodyum Seconal, alkol, sakinle\u015ftiriciler ve antidepresanlar dahil olmak \u00fczere di\u011fer ila\u00e7larla etkile\u015fime girebilir. Kullanmadan \u00f6nce potansiyel etkile\u015fimler hakk\u0131nda sa\u011fl\u0131k uzman\u0131n\u0131za dan\u0131\u015f\u0131n\u0131z.<\/li>\n<li><strong>Hamilelik ve Emzirme<\/strong>: Sodyum Seconal hamilelik ve emzirme d\u00f6neminde dikkatli kullan\u0131lmal\u0131d\u0131r. G\u00fcvenli kullan\u0131m konusunda rehberlik i\u00e7in sa\u011fl\u0131k uzman\u0131n\u0131za dan\u0131\u015f\u0131n\u0131z.<\/li>\n<\/ul>\n<p><img decoding=\"async\" class=\"wp-image-463 aligncenter\" src=\"https:\/\/poisonshops.com\/wp-content\/uploads\/2025\/11\/tttt-1-204x300.png\" alt=\"Zehir D\u00fckkan\u0131\" width=\"63\" height=\"93\" srcset=\"https:\/\/poisonshops.com\/wp-content\/uploads\/2025\/11\/tttt-1-204x300.png 204w, https:\/\/poisonshops.com\/wp-content\/uploads\/2025\/11\/tttt-1.png 218w\" sizes=\"(max-width: 63px) 100vw, 63px\" \/><\/p>\n<h4><strong>Neden Biyolojik Silahlar\u0131 Se\u00e7melisiniz?<\/strong><\/h4>\n<ol>\n<li><strong>Kalite G\u00fcvence<\/strong>: Sodyum Sekonalimizin yasal standartlar\u0131 kar\u015f\u0131lad\u0131\u011f\u0131ndan emin olmak i\u00e7in s\u0131k\u0131 kalite kontrol \u00f6nlemlerine ba\u011fl\u0131y\u0131z.<\/li>\n<li><strong>Yetkili Tedarik\u00e7i<\/strong>: Bio Weapons, ge\u00e7erli re\u00e7eteleri olan onayl\u0131 ki\u015filere orijinal Sodyum Seconal sa\u011flayan g\u00fcvenilir ve yetkili bir tedarik\u00e7idir.<\/li>\n<li><strong>G\u00fcvenli \u0130\u015flemler<\/strong>: \u00c7evrimi\u00e7i platformumuz, ki\u015fisel ve finansal bilgilerinizi koruyarak g\u00fcvenli i\u015flemler sa\u011flar.<\/li>\n<li><strong>M\u00fc\u015fteri Deste\u011fi<\/strong>: \u00d6zel m\u00fc\u015fteri destek ekibimiz, sorular\u0131n\u0131z\u0131 ve endi\u015felerinizi h\u0131zl\u0131 ve profesyonel bir \u015fekilde ele almak i\u00e7in haz\u0131rd\u0131r.<\/li>\n<li><strong>Zaman\u0131nda Teslimat<\/strong>: Sodyum Seconal'inizin size h\u0131zl\u0131 ve gizli bir \u015fekilde ula\u015fmas\u0131n\u0131 sa\u011flamak i\u00e7in verimli nakliyeye \u00f6ncelik veriyoruz.<\/li>\n<\/ol>\n<h4><strong>Sonu\u00e7<\/strong><\/h4>\n<p>Bio Weapons, ge\u00e7erli re\u00e7eteleri olan onayl\u0131 ki\u015filere g\u00fcvenli, etkili ve g\u00fcvenilir Sodyum Seconal sa\u011flamay\u0131 taahh\u00fct eder. T\u0131bbi ihtiya\u00e7lar\u0131n\u0131z i\u00e7in bize g\u00fcvenin ve \u00fcst\u00fcn kalite ve hizmeti deneyimleyin.<\/p>\n<p><strong>Sodyum Seconal'\u0131n\u0131z\u0131 bug\u00fcn sipari\u015f edin<\/strong> ve farmas\u00f6tik bak\u0131mda m\u00fckemmellik taahh\u00fcd\u00fcm\u00fczden yararlan\u0131n.<\/p>\n<p>Bio Weapons'dan y\u00fcksek kaliteli Sodyum Seconal sat\u0131n al\u0131n. Yaln\u0131zca re\u00e7eteli ki\u015filer i\u00e7in onaylanm\u0131\u015ft\u0131r. G\u00fcvenli sat\u0131n alma, h\u0131zl\u0131 teslimat ve m\u00fc\u015fteri memnuniyeti garantisi.<\/p>\n<h4><img decoding=\"async\" class=\"wp-image-502 aligncenter\" src=\"https:\/\/poisonshops.com\/wp-content\/uploads\/2025\/11\/Bio-Weapons-240x300.png\" alt=\"Biyolojik Silahlar\" width=\"82\" height=\"103\" srcset=\"https:\/\/poisonshops.com\/wp-content\/uploads\/2025\/11\/Bio-Weapons-240x300.png 240w, https:\/\/poisonshops.com\/wp-content\/uploads\/2025\/11\/Bio-Weapons.png 265w\" sizes=\"(max-width: 82px) 100vw, 82px\" \/><\/h4>\n<ol>\n<li>Sodyum Seconal Online Sat\u0131n Al\u0131n<\/li>\n<li>T\u0131bbi Kullan\u0131m i\u00e7in Y\u00fcksek Kaliteli Sodyum Seconal<\/li>\n<li>Sodyum Seconal G\u00fcvenle Sat\u0131n Al\u0131n<\/li>\n<li>Sodyum Sekonal Kaps\u00fcller i\u00e7in G\u00fcvenilir Kaynak<\/li>\n<li>G\u00fcvenle Sodyum Seconal Sipari\u015f Edin<\/li>\n<li>Sodyum Seconal H\u0131zl\u0131 Teslimat<\/li>\n<li>G\u00fcvenilir Sodyum Seconal Tedarik\u00e7isi<\/li>\n<li>Sat\u0131l\u0131k Otantik Sodyum Seconal<\/li>\n<li>Yetkili Sat\u0131c\u0131lardan Sodyum Seconal Sat\u0131n Al\u0131n<\/li>\n<li>Sodyum Seconal Online Sat\u0131n Alabilece\u011finiz En \u0130yi Yer<\/li>\n<\/ol>\n<h4><\/h4>\n<p>Sodyum Seconal, Sodyum Seconal Sat\u0131n Al, Sodyum Seconal Sat\u0131n Al, Sat\u0131l\u0131k Sodyum Seconal, Y\u00fcksek kaliteli Sodyum Seconal, G\u00fcvenli Sodyum Seconal sat\u0131n al, T\u0131bbi kullan\u0131m i\u00e7in Sodyum Seconal, Sodyum Seconal i\u00e7in g\u00fcvenilir kaynak, Yasal olarak Sodyum Seconal sat\u0131n al, Re\u00e7eteli Sodyum Seconal, Uykusuzluk i\u00e7in Sodyum Seconal, Sodyum Seconal sipari\u015f et, Orijinal Sodyum Seconal, Sodyum Seconal teslimat\u0131, G\u00fcvenilir Sodyum Seconal sat\u0131c\u0131s\u0131, Sodyum Seconal g\u00fcvenle sat\u0131n al, Otantik Sodyum Seconal, Sodyum Seconal tedarik\u00e7isi, ABD'de Sodyum Seconal, Sodyum Seconal bulunabilirli\u011fi, H\u0131zl\u0131 Sodyum Seconal teslimat\u0131, Kaliteli Sodyum Seconal, Sodyum Seconal eczane<\/p>\n<h4>Sodyum Seconal Sat\u0131l\u0131k<\/h4>\n<p><img decoding=\"async\" class=\"wp-image-176 aligncenter\" src=\"https:\/\/poisonshops.com\/wp-content\/uploads\/2025\/11\/poison_shop_logo-300x171.png\" alt=\"Zehir D\u00fckkanlar\u0131\" width=\"140\" height=\"80\" srcset=\"https:\/\/poisonshops.com\/wp-content\/uploads\/2025\/11\/poison_shop_logo-300x171.png 300w, https:\/\/poisonshops.com\/wp-content\/uploads\/2025\/11\/poison_shop_logo.png 563w\" sizes=\"(max-width: 140px) 100vw, 140px\" \/><\/p>","protected":false},"excerpt":{"rendered":"<p>Buy Sodium Seconal Online Note: Sodium Seconal (Secobarbital Sodium) is a potent barbiturate that requires strict medical supervision and should only be used under the guidance of a qualified healthcare provider. Misuse of Sodium Seconal can be hazardous and may lead to severe health risks, including overdose and death. Sodium Seconal For Sale. Welcome to [&hellip;]<\/p>\n","protected":false},"featured_media":264,"comment_status":"open","ping_status":"closed","template":"","meta":[],"product_brand":[],"product_cat":[18],"product_tag":[],"class_list":{"0":"post-101","1":"product","2":"type-product","3":"status-publish","4":"has-post-thumbnail","6":"product_cat-buy-nembutal-pentobarbital","8":"first","9":"instock","10":"shipping-taxable","11":"purchasable","12":"product-type-variable"},"_links":{"self":[{"href":"https:\/\/poisonshops.com\/tr\/wp-json\/wp\/v2\/product\/101","targetHints":{"allow":["GET"]}}],"collection":[{"href":"https:\/\/poisonshops.com\/tr\/wp-json\/wp\/v2\/product"}],"about":[{"href":"https:\/\/poisonshops.com\/tr\/wp-json\/wp\/v2\/types\/product"}],"replies":[{"embeddable":true,"href":"https:\/\/poisonshops.com\/tr\/wp-json\/wp\/v2\/comments?post=101"}],"wp:featuredmedia":[{"embeddable":true,"href":"https:\/\/poisonshops.com\/tr\/wp-json\/wp\/v2\/media\/264"}],"wp:attachment":[{"href":"https:\/\/poisonshops.com\/tr\/wp-json\/wp\/v2\/media?parent=101"}],"wp:term":[{"taxonomy":"product_brand","embeddable":true,"href":"https:\/\/poisonshops.com\/tr\/wp-json\/wp\/v2\/product_brand?post=101"},{"taxonomy":"product_cat","embeddable":true,"href":"https:\/\/poisonshops.com\/tr\/wp-json\/wp\/v2\/product_cat?post=101"},{"taxonomy":"product_tag","embeddable":true,"href":"https:\/\/poisonshops.com\/tr\/wp-json\/wp\/v2\/product_tag?post=101"}],"curies":[{"name":"wp","href":"https:\/\/api.w.org\/{rel}","templated":true}]}}