{"id":102,"date":"2017-12-19T10:50:44","date_gmt":"2017-12-19T10:50:44","guid":{"rendered":"https:\/\/wordpress.gradientthemes.com\/brand-shop\/product\/blue-denim-jeans\/"},"modified":"2026-02-04T05:38:05","modified_gmt":"2026-02-04T05:38:05","slug":"kimyasal-suikast-tetikcisi","status":"publish","type":"product","link":"https:\/\/poisonshops.com\/tr\/urun-2\/kimyasal-suikast-tetikcisi\/","title":{"rendered":"K\u0130MYASAL SU\u0130KAST (HITMAN)"},"content":{"rendered":"<h1 data-start=\"27\" data-end=\"99\"><strong data-start=\"27\" data-end=\"97\">Bir kiral\u0131k katil tut, ,<\/strong><strong>Sessiz El - Elit Kimyasal Sonland\u0131rma Hizmetleri<\/strong><\/h1>\n<h3><strong>Mutlak Gizlilik \u0130steyenler \u0130\u00e7in<\/strong><\/h3>\n<p><strong>Servis Kodu: OMEGA-BIOWEP<\/strong><\/p>\n<p>Geleneksel y\u00f6ntemler \u00e7ok riskli oldu\u011funda ve hassasiyet \u00e7ok \u00f6nemli oldu\u011funda, bizim <strong>eli\u0307t ki\u0307myasal sonlandirma hi\u0307zmeti\u0307<\/strong> en sofistike, takip edilemez ve etkili \u00e7\u00f6z\u00fcmleri sunar. \u015eunlar i\u00e7in uyarlanm\u0131\u015ft\u0131r <strong>y\u00fcksek profi\u0307lli\u0307 ta\u015finmalar<\/strong>, y\u00f6ntemlerimiz s\u0131f\u0131r adli ayak izi, balistik inceleme ve do\u011frudan ba\u011flant\u0131 sa\u011flamaz; sadece sessiz ve sorunsuz bir sonu\u00e7 sa\u011flar. Kimyasal Suikast Tetik\u00e7isi<\/p>\n<p>&nbsp;<\/p>\n<h3><strong>M\u00fc\u015fterilerimiz Bize Neden G\u00fcveniyor?<\/strong><\/h3>\n<p><img decoding=\"async\" class=\"emoji\" role=\"img\" draggable=\"false\" src=\"https:\/\/s.w.org\/images\/core\/emoji\/16.0.1\/svg\/2714.svg\" alt=\"\u2714\" \/> <strong>Mutlak Anonimlik<\/strong> - Dijital iz yok, fiziksel kan\u0131t yok. Talebiniz \u00e7ok katmanl\u0131 \u015fifreleme ve s\u0131k\u0131 operasyonel g\u00fcvenlik ile ele al\u0131n\u0131r.<br \/>\n<img decoding=\"async\" class=\"emoji\" role=\"img\" draggable=\"false\" src=\"https:\/\/s.w.org\/images\/core\/emoji\/16.0.1\/svg\/2714.svg\" alt=\"\u2714\" \/> <strong>\u00d6zel \u00c7\u00f6z\u00fcmler<\/strong> - En etkili temizleme y\u00f6ntemini olu\u015fturmak i\u00e7in hedefin rutinlerini, sa\u011fl\u0131k ko\u015fullar\u0131n\u0131 ve \u00e7evresini analiz ediyoruz.<br \/>\n<img decoding=\"async\" class=\"emoji\" role=\"img\" draggable=\"false\" src=\"https:\/\/s.w.org\/images\/core\/emoji\/16.0.1\/svg\/2714.svg\" alt=\"\u2714\" \/> <strong>Y\u00fcksek De\u011ferli Hassasiyet<\/strong> - Bizim hizmetimiz <strong>k\u00fc\u00e7\u00fck anla\u015fmazl\u0131klar i\u00e7in de\u011fil<\/strong>. Sadece \u00f6nemli engellere gizli bir \u00e7\u00f6z\u00fcm gerektiren bireylere hizmet veriyoruz.<br \/>\n<img decoding=\"async\" class=\"emoji\" role=\"img\" draggable=\"false\" src=\"https:\/\/s.w.org\/images\/core\/emoji\/16.0.1\/svg\/2714.svg\" alt=\"\u2714\" \/> <strong>Tier-1 Operat\u00f6rleri<\/strong> - Ekibimiz eski profesyonellerden olu\u015fmaktad\u0131r <strong>biyokimyasal sava\u015f, toksikoloji ve t\u0131bbi alan uzmanlar\u0131<\/strong>, temiz bir uygulama sa\u011flar.<br \/>\n<img decoding=\"async\" class=\"emoji\" role=\"img\" draggable=\"false\" src=\"https:\/\/s.w.org\/images\/core\/emoji\/16.0.1\/svg\/2714.svg\" alt=\"\u2714\" \/> <strong>K\u00fcresel Da\u011f\u0131t\u0131m<\/strong> - Stratejik operat\u00f6rler <strong>30 \u00fclke<\/strong>, ile g\u00f6revleri yerine getirebilen <strong>askeri\u0307 hassasi\u0307yet<\/strong>.<\/p>\n<h3><strong>Metodoloji ve Se\u00e7enekler<\/strong><\/h3>\n<p><img decoding=\"async\" class=\"emoji\" role=\"img\" draggable=\"false\" src=\"https:\/\/s.w.org\/images\/core\/emoji\/16.0.1\/svg\/1f539.svg\" alt=\"\ud83d\udd39\" \/> <strong>N\u00f6rotoksik Ajanlar<\/strong> - An\u0131nda, \u00f6l\u00fcmc\u00fcl ve standart \u00f6l\u00fcm sonras\u0131 muayenelerde neredeyse tespit edilemez.<br \/>\n<img decoding=\"async\" class=\"emoji\" role=\"img\" draggable=\"false\" src=\"https:\/\/s.w.org\/images\/core\/emoji\/16.0.1\/svg\/1f539.svg\" alt=\"\ud83d\udd39\" \/> <strong>Kardiyotoksinler<\/strong> - Kalp durmas\u0131 taklidi; do\u011fal bir \u00f6l\u00fcm nedeni gibi g\u00f6r\u00fcn\u00fcyor.<br \/>\n<img decoding=\"async\" class=\"emoji\" role=\"img\" draggable=\"false\" src=\"https:\/\/s.w.org\/images\/core\/emoji\/16.0.1\/svg\/1f539.svg\" alt=\"\ud83d\udd39\" \/> <strong>Gecikmeli Etkili Bile\u015fikler<\/strong> - Etkinle\u015ftirmek i\u00e7in tasarland\u0131 <strong>haftalar veya aylar sonra<\/strong>, Bu da sizinle do\u011frudan bir ba\u011flant\u0131 kurulmamas\u0131n\u0131 sa\u011flar.<br \/>\n<img decoding=\"async\" class=\"emoji\" role=\"img\" draggable=\"false\" src=\"https:\/\/s.w.org\/images\/core\/emoji\/16.0.1\/svg\/1f539.svg\" alt=\"\ud83d\udd39\" \/> <strong>\u00c7evresel Entegrasyon<\/strong> - Olabilecek \u00f6zel \u00e7\u00f6z\u00fcmler <strong>yutulur, solunur veya emilir<\/strong>, maruz kalma riskini en aza indirir.<\/p>\n<p><img decoding=\"async\" class=\"wp-image-502 aligncenter\" src=\"https:\/\/poisonshops.com\/wp-content\/uploads\/2025\/11\/Bio-Weapons-240x300.png\" alt=\"Biyolojik Silahlar\" width=\"69\" height=\"86\" srcset=\"https:\/\/poisonshops.com\/wp-content\/uploads\/2025\/11\/Bio-Weapons-240x300.png 240w, https:\/\/poisonshops.com\/wp-content\/uploads\/2025\/11\/Bio-Weapons.png 265w\" sizes=\"(max-width: 69px) 100vw, 69px\" \/><\/p>\n<h3><strong>Fiyatland\u0131rma ve M\u00fcnhas\u0131rl\u0131k<\/strong><\/h3>\n<p><img decoding=\"async\" class=\"emoji\" role=\"img\" draggable=\"false\" src=\"https:\/\/s.w.org\/images\/core\/emoji\/16.0.1\/svg\/1f4b0.svg\" alt=\"\ud83d\udcb0\" \/> <strong>Baz Giri\u015f Fiyat\u0131: $500,000<\/strong><\/p>\n<ul>\n<li><strong>Premium Katman Hizmetleri<\/strong>: $750,000 - $2,500,000+ (Tam operasyonel planlama, risk de\u011ferlendirmesi ve olay sonras\u0131 sterilizasyonu i\u00e7erir)<\/li>\n<li><strong>Ultra-Elit M\u00fc\u015fteriler<\/strong>: \u00c7ok Hassas Durumlar i\u00e7in \u00d6zel Fiyatland\u0131rma Mevcuttur<\/li>\n<\/ul>\n<p><img decoding=\"async\" class=\"emoji\" role=\"img\" draggable=\"false\" src=\"https:\/\/s.w.org\/images\/core\/emoji\/16.0.1\/svg\/26a0.svg\" alt=\"\u26a0\" \/> <strong>SADECE DO\u011eRULANMI\u015e M\u00dc\u015eTERILER<\/strong> <img decoding=\"async\" class=\"emoji\" role=\"img\" draggable=\"false\" src=\"https:\/\/s.w.org\/images\/core\/emoji\/16.0.1\/svg\/26a0.svg\" alt=\"\u26a0\" \/><\/p>\n<ul>\n<li>Biz <strong>yapmay\u0131n<\/strong> rastgele sorular\u0131 veya d\u00fc\u015f\u00fck seviyeli talepleri a\u011f\u0131rlay\u0131n.<\/li>\n<li>Eleme \u00e7ok titizdir. Mali yeterlilik kan\u0131t\u0131 gereklidir.<\/li>\n<li>\u00d6demeler <strong>SADECE Monero, Bitcoin veya belirli gizlilik coinleri<\/strong>.<\/li>\n<\/ul>\n<p><img decoding=\"async\" class=\"wp-image-463 aligncenter\" src=\"https:\/\/poisonshops.com\/wp-content\/uploads\/2025\/11\/tttt-1-204x300.png\" alt=\"Zehir D\u00fckkan\u0131\" width=\"69\" height=\"101\" srcset=\"https:\/\/poisonshops.com\/wp-content\/uploads\/2025\/11\/tttt-1-204x300.png 204w, https:\/\/poisonshops.com\/wp-content\/uploads\/2025\/11\/tttt-1.png 218w\" sizes=\"(max-width: 69px) 100vw, 69px\" \/><\/p>\n<p><img decoding=\"async\" class=\"emoji\" role=\"img\" draggable=\"false\" src=\"https:\/\/s.w.org\/images\/core\/emoji\/16.0.1\/svg\/1f6a8.svg\" alt=\"\ud83d\udea8\" \/> <strong>Uyar\u0131:<\/strong> Faaliyetlerimizi izlemeye, if\u015fa etmeye veya bunlara m\u00fcdahale etmeye y\u00f6nelik her t\u00fcrl\u00fc yetkisiz giri\u015fime \u015fu \u015fekilde kar\u015f\u0131l\u0131k verilecektir <strong>acil kar\u015f\u0131 \u00f6nlemler<\/strong>.<\/p>\n<p><strong>\u0130leti\u015fim Protokol\u00fc:<\/strong> Yaln\u0131zca PGP \u015fifreli kanallar. Ciddi taraflar, do\u011frulama \u00fczerine g\u00fcvenli ileti\u015fim d\u00fc\u011f\u00fcm\u00fcm\u00fcze eri\u015fim elde edecektir.<\/p>\n<p><em>M\u00fckemmel su\u00e7, iyi gizlenmi\u015f olan de\u011fil, arkas\u0131nda hi\u00e7bir \u015fey b\u0131rakmayan su\u00e7tur.<\/em><\/p>\n<h3>Kimyasal Suikast Kiral\u0131k Tetik\u00e7i<\/h3>\n<p><strong>Kiral\u0131k Tetik\u00e7i. Kiral\u0131k Tetik\u00e7i. Kiral\u0131k Tetik\u00e7i. Kiral\u0131k Katil<\/strong>\u00a0\u00f6ld\u00fcrmek veya sald\u0131rmak istedi\u011finiz ki\u015filerle hesapla\u015fmak i\u00e7in m\u00fckemmel bir \u00e7\u00f6z\u00fcmd\u00fcr. D\u00fcnya \u00e7ap\u0131nda bir dizi profesyonel suikast ve \u00f6ld\u00fcrme hizmeti sunuyoruz. \u0130stiyor musunuz\u00a0<strong>BI\u0307R HI\u0307TMAN I\u0307\u015eE ALIN<\/strong>\u00a0veya e\u015finizi, d\u00fc\u015fman\u0131n\u0131z\u0131, i\u015f rakiplerinizi, aile \u00fcyelerinizi veya istedi\u011finiz herhangi birini ortadan kald\u0131r\u0131n, bunu sizin i\u00e7in kolayl\u0131kla ger\u00e7ekle\u015ftirmek i\u00e7in buraday\u0131z.<\/p>\n<p>Arad\u0131\u011f\u0131n bir \u015fey var m\u0131?\u00a0<strong>ki\u0307ralik kati\u0307l<\/strong>\u00a0veya\u00a0<strong>SER\u0130 KAT\u0130L<\/strong>\u00a0Polis veya FBI taraf\u0131ndan herhangi bir iz b\u0131rakmadan temiz bir i\u015f mi yapmak istiyorsunuz? o zaman do\u011fru yerdesiniz. Sa\u011flama konusunda uzman\u0131z\u00a0<strong>Hitman hizmetleri<\/strong>\u00a0d\u00fcnyan\u0131n d\u00f6rt bir yan\u0131ndaki m\u00fc\u015fterilere, s\u00f6zle\u015fmeli cinayetlere odaklanarak. \u0130nternette kendimizle ilgili i\u015faretler b\u0131rak\u0131yoruz, b\u00f6ylece arayan herkes\u00a0<strong>Bir tetik\u00e7i nas\u0131l tutulur<\/strong>, bir katil ya da<strong>\u00a0Tetik\u00e7i Kirala<\/strong>\u00a0bizi her yerden ke\u015ffedebilir. Hizmetlerimiz d\u00fcnyan\u0131n herhangi bir \u00fclkesinde herhangi bir sorun olmadan ger\u00e7ekle\u015ftirilebilir.<\/p>\n<p><strong>NEREDEN TETIK\u00c7I TUTABILIRIM \/ KATIL KIRALAYABILIRIM:<\/strong> Pek \u00e7ok insan, bir s\u00fcredir\u00a0<strong>seri\u0307 kati\u0307l nereden ki\u0307ralanir<\/strong>\u00a0.\u00a0<strong>Bir tetik\u00e7i kiralamak<\/strong>\u00a0pek \u00e7ok ki\u015fi i\u00e7in bir tanesine ula\u015fman\u0131n yollar\u0131 nedeniyle zor olmu\u015ftur. \u015eimdiye kadar bu t\u00fcr bir hizmeti yaln\u0131zca <strong>darkweb<\/strong> TOR taray\u0131c\u0131s\u0131n\u0131 kullanman\u0131z ve arad\u0131\u011f\u0131n\u0131z \u015fey i\u00e7in do\u011fru ba\u011flant\u0131y\u0131 alman\u0131z d\u0131\u015f\u0131nda normal taray\u0131c\u0131n\u0131zla eri\u015femeyece\u011finiz.<\/p>\n<p>Biri sizin k\u00f6t\u00fc defterinizdeyse, biri sizi bir i\u015f anla\u015fmas\u0131ndan m\u0131 kopard\u0131 ya da intikam almak isteyecek kadar k\u00f6t\u00fc incindiniz ama bunu yapacak y\u00fcre\u011finiz yoksa, art\u0131k endi\u015felenmeyin \u00e7\u00fcnk\u00fc bu y\u00fczden sizin i\u00e7in i\u015fi halletmek i\u00e7in buraday\u0131z, <strong>bir katil tut<\/strong> senin emrini yerine getirmek i\u00e7in. Kiral\u0131k Kimyasal Suikast Tetik\u00e7isi.<\/p>\n<p>Rus, \u0130talyan, Koreli, Meksikal\u0131, Amerikal\u0131 ve S\u0131rplardan olu\u015fan bir a\u011f\u0131 y\u00f6netiyoruz. <strong>suikast\u00e7\u0131lar (tetik\u00e7iler)<\/strong>, Bizim emrimizle ve \u00e7ok k\u0131sa s\u00fcrede \u00f6ld\u00fcrmeye haz\u0131r. Tek yapman\u0131z gereken, istedi\u011finiz intikam veya hizmet t\u00fcr\u00fcn\u00fc se\u00e7erek, hedefin ayr\u0131nt\u0131lar\u0131yla birlikte sipari\u015finizi vermek ve daha fazla talimat beklemektir. T\u00fcm ileti\u015fim g\u00fcvenli \u00e7evrimi\u00e7i formlar\u0131m\u0131z arac\u0131l\u0131\u011f\u0131yla yap\u0131l\u0131r. Hi\u00e7bir risk almadan, bug\u00fcn bir tetik\u00e7i kiralay\u0131n veya\u00a0<strong>bir suikast\u00e7\u0131 kiralamak<\/strong>\u00a0web sitemizden kolayl\u0131kla.<\/p>\n<p><img decoding=\"async\" class=\"wp-image-176 aligncenter\" src=\"https:\/\/poisonshops.com\/wp-content\/uploads\/2025\/11\/poison_shop_logo-300x171.png\" alt=\"Zehir D\u00fckkanlar\u0131\" width=\"114\" height=\"65\" srcset=\"https:\/\/poisonshops.com\/wp-content\/uploads\/2025\/11\/poison_shop_logo-300x171.png 300w, https:\/\/poisonshops.com\/wp-content\/uploads\/2025\/11\/poison_shop_logo.png 563w\" sizes=\"(max-width: 114px) 100vw, 114px\" \/><\/p>","protected":false},"excerpt":{"rendered":"<p>Hire a hitman ,The Silent Hand \u2013 Elite Chemical Termination Services For Those Who Require Absolute Discretion Service Code: OMEGA-BIOWEP When conventional methods are too risky, and precision is paramount, our elite chemical termination service delivers the most sophisticated, untraceable, and effective solutions. Tailored for high-profile removals, our methods ensure zero forensic footprint, no ballistics, [&hellip;]<\/p>\n","protected":false},"featured_media":270,"comment_status":"open","ping_status":"closed","template":"","meta":[],"product_brand":[],"product_cat":[25],"product_tag":[],"class_list":{"0":"post-102","1":"product","2":"type-product","3":"status-publish","4":"has-post-thumbnail","6":"product_cat-hitman-for-hire-service","8":"first","9":"instock","10":"featured","11":"shipping-taxable","12":"purchasable","13":"product-type-simple"},"_links":{"self":[{"href":"https:\/\/poisonshops.com\/tr\/wp-json\/wp\/v2\/product\/102","targetHints":{"allow":["GET"]}}],"collection":[{"href":"https:\/\/poisonshops.com\/tr\/wp-json\/wp\/v2\/product"}],"about":[{"href":"https:\/\/poisonshops.com\/tr\/wp-json\/wp\/v2\/types\/product"}],"replies":[{"embeddable":true,"href":"https:\/\/poisonshops.com\/tr\/wp-json\/wp\/v2\/comments?post=102"}],"wp:featuredmedia":[{"embeddable":true,"href":"https:\/\/poisonshops.com\/tr\/wp-json\/wp\/v2\/media\/270"}],"wp:attachment":[{"href":"https:\/\/poisonshops.com\/tr\/wp-json\/wp\/v2\/media?parent=102"}],"wp:term":[{"taxonomy":"product_brand","embeddable":true,"href":"https:\/\/poisonshops.com\/tr\/wp-json\/wp\/v2\/product_brand?post=102"},{"taxonomy":"product_cat","embeddable":true,"href":"https:\/\/poisonshops.com\/tr\/wp-json\/wp\/v2\/product_cat?post=102"},{"taxonomy":"product_tag","embeddable":true,"href":"https:\/\/poisonshops.com\/tr\/wp-json\/wp\/v2\/product_tag?post=102"}],"curies":[{"name":"wp","href":"https:\/\/api.w.org\/{rel}","templated":true}]}}