{"id":103,"date":"2017-12-19T10:50:33","date_gmt":"2017-12-19T10:50:33","guid":{"rendered":"https:\/\/wordpress.gradientthemes.com\/brand-shop\/product\/basic-gray-jeans\/"},"modified":"2026-04-16T01:29:43","modified_gmt":"2026-04-16T01:29:43","slug":"akonitin-zehri","status":"publish","type":"product","link":"https:\/\/poisonshops.com\/tr\/urun-2\/akonitin-zehri\/","title":{"rendered":"Akonitin Zehiri"},"content":{"rendered":"<h2>Sat\u0131l\u0131k Akonitin Zehiri<\/h2>\n<h4>Genel Bak\u0131\u015f<\/h4>\n<p>Aconitine, Aconitum cinsine ait \u00e7e\u015fitli bitki t\u00fcrlerinde bulunan ve genellikle aconite veya monkshood olarak bilinen olduk\u00e7a toksik bir alkaloiddir. G\u00fc\u00e7l\u00fc kardiyotoksik ve n\u00f6rotoksik etkileriyle \u00fcnl\u00fcd\u00fcr.<\/p>\n<h4>Etki Mekanizmas\u0131<\/h4>\n<p>Akonitin, sinir ve kas h\u00fccrelerindeki voltaj kap\u0131l\u0131 sodyum kanallar\u0131na ba\u011flanarak ve bunlar\u0131 aktive ederek etki eder. Bu, h\u00fccre zarlar\u0131n\u0131n uzun s\u00fcreli depolarizasyonuna yol a\u00e7arak kalp ve sinir sistemindeki normal elektriksel aktiviteyi bozar.<\/p>\n<h4>Nas\u0131l \u00c7al\u0131\u015f\u0131r<\/h4>\n<p>Akonitine maruz kalma, kontamine olmu\u015f bitki veya bitkisel preparatlar\u0131n yutulmas\u0131 veya cilde temas\u0131 yoluyla ger\u00e7ekle\u015febilir. Kardiyovask\u00fcler ve sinir sistemlerini h\u0131zla etkileyerek aritmiler, n\u00f6betler ve solunum yetmezli\u011fi gibi semptomlara yol a\u00e7ar.<\/p>\n<h4>Zarar Vermek \u0130\u00e7in Gerekli Miktar<\/h4>\n<p>Akonitin son derece g\u00fc\u00e7l\u00fcd\u00fcr ve k\u00fc\u00e7\u00fck miktarlar\u0131 bile \u00f6l\u00fcmc\u00fcl olabilir. \u00d6ld\u00fcr\u00fcc\u00fc doz, bireyin sa\u011fl\u0131\u011f\u0131 ve bitki veya preparattaki akonitin konsantrasyonu gibi fakt\u00f6rlere ba\u011fl\u0131 olarak b\u00fcy\u00fck \u00f6l\u00e7\u00fcde de\u011fi\u015febilir.<\/p>\n<h4>Belirtiler ve Semptomlar<\/h4>\n<p>Akonitin zehirlenmesinin belirtileri \u015funlard\u0131r:<\/p>\n<ul>\n<li><strong>Erken Belirtiler<\/strong>: A\u011f\u0131z \u00e7evresinde ve ekstremitelerde uyu\u015fma ve kar\u0131ncalanma.<\/li>\n<li><strong>\u0130lerleyen Belirtiler<\/strong>: \u015eiddetli bulant\u0131, kusma, kar\u0131n a\u011fr\u0131s\u0131, d\u00fczensiz kalp at\u0131\u015flar\u0131, kas g\u00fc\u00e7s\u00fczl\u00fc\u011f\u00fc ve potansiyel olarak \u00f6l\u00fcmc\u00fcl aritmiler.<\/li>\n<\/ul>\n<h4>Kaynaklar ve Da\u011f\u0131t\u0131m<\/h4>\n<p>Akonitin esas olarak d\u00fcnya \u00e7ap\u0131nda \u0131l\u0131man b\u00f6lgelerde da\u011f\u0131l\u0131m g\u00f6steren Aconitum cinsindeki bitkilerin k\u00f6klerinde, yapraklar\u0131nda ve tohumlar\u0131nda bulunur. Geleneksel ila\u00e7larda ve s\u00fcs bitkisi olarak kullan\u0131l\u0131rlar.<\/p>\n<h4>Tespit ve Tedavi<\/h4>\n<ul>\n<li><strong>Alg\u0131lama<\/strong>: Te\u015fhis semptomlara ve akonit i\u00e7eren bitki veya preparatlara maruz kalma \u00f6yk\u00fcs\u00fcne dayan\u0131r.<\/li>\n<li><strong>Tedavi<\/strong>: Akonitin zehirlenmesi i\u00e7in spesifik bir antidot yoktur. Tedavi, solunum ve kardiyovask\u00fcler destek de dahil olmak \u00fczere destekleyici bak\u0131ma ve yutulma yak\u0131n zamanda ger\u00e7ekle\u015fmi\u015fse gastrointestinal dekontaminasyona odaklan\u0131r.<\/li>\n<\/ul>\n<p><img decoding=\"async\" class=\"wp-image-463 aligncenter\" src=\"https:\/\/poisonshops.com\/wp-content\/uploads\/2025\/11\/tttt-1-204x300.png\" alt=\"Zehir D\u00fckkan\u0131\" width=\"65\" height=\"95\" srcset=\"https:\/\/poisonshops.com\/wp-content\/uploads\/2025\/11\/tttt-1-204x300.png 204w, https:\/\/poisonshops.com\/wp-content\/uploads\/2025\/11\/tttt-1.png 218w\" sizes=\"(max-width: 65px) 100vw, 65px\" \/><\/p>\n<h4>\u00d6nleme<\/h4>\n<ul>\n<li><strong>G\u00fcvenlik \u00d6nlemleri<\/strong>: Aconitum cinsi yabani bitkileri kullanmaktan veya t\u00fcketmekten ka\u00e7\u0131n\u0131n. Kazara zehirlenmelerin \u00f6nlenmesi i\u00e7in uygun e\u011fitim ve fark\u0131ndal\u0131k \u015fartt\u0131r.<\/li>\n<\/ul>\n<h4>Sonu\u00e7<\/h4>\n<p>Aconitine, Aconitum cinsi bitkilerde bulunan, ciddi kardiyotoksik ve n\u00f6rotoksik etkileriyle bilinen olduk\u00e7a toksik bir alkaloiddir. Mekanizmalar\u0131n\u0131, zehirlenme belirtilerini ve uygun g\u00fcvenlik \u00f6nlemlerini anlamak, kazara maruz kalmay\u0131 \u00f6nlemek ve h\u0131zl\u0131 t\u0131bbi m\u00fcdahale sa\u011flamak i\u00e7in \u00e7ok \u00f6nemlidir. <span class=\"single-product-category\">ara\u015ft\u0131rma kimyasallar\u0131 sat\u0131n al\u0131n, sat\u0131l\u0131k ara\u015ft\u0131rma kimyasallar\u0131.<strong> \u0130simsiz olarak zehir ve toksin sat\u0131n al\u0131n.<\/strong><\/span><\/p>\n<p><img decoding=\"async\" class=\"wp-image-502 aligncenter\" src=\"https:\/\/poisonshops.com\/wp-content\/uploads\/2025\/11\/Bio-Weapons-240x300.png\" alt=\"Biyolojik Silahlar\" width=\"73\" height=\"91\" srcset=\"https:\/\/poisonshops.com\/wp-content\/uploads\/2025\/11\/Bio-Weapons-240x300.png 240w, https:\/\/poisonshops.com\/wp-content\/uploads\/2025\/11\/Bio-Weapons.png 265w\" sizes=\"(max-width: 73px) 100vw, 73px\" \/><\/p>\n<h4>Sat\u0131l\u0131k ara\u015ft\u0131rma kimyasallar\u0131<\/h4>\n<p>Aconitine, Aconitum cinsi bitkilerde bulunan, ciddi kardiyotoksik ve n\u00f6rotoksik etkileriyle bilinen olduk\u00e7a toksik bir alkaloiddir. Mekanizmalar\u0131n\u0131, zehirlenme belirtilerini ve uygun g\u00fcvenlik \u00f6nlemlerini anlamak, kazara maruz kalmay\u0131 \u00f6nlemek ve h\u0131zl\u0131 t\u0131bbi m\u00fcdahale sa\u011flamak i\u00e7in \u00e7ok \u00f6nemlidir.<\/p>\n<p>Akonitine maruz kalma, kontamine olmu\u015f bitki veya bitkisel preparatlar\u0131n yutulmas\u0131 veya cilde temas\u0131 yoluyla ger\u00e7ekle\u015febilir. Kardiyovask\u00fcler ve sinir sistemlerini h\u0131zla etkileyerek aritmiler, n\u00f6betler ve solunum yetmezli\u011fi gibi semptomlara yol a\u00e7ar.<\/p>\n<p><span class=\"kY2IgmnCmOGjharHErah\">Siyan\u00fcr, Arsenik ve Bitki Zehirleri Sat\u0131n Almak \u0130\u00e7in En \u0130yi Yer - COA Sa\u011flanan Biyolojik Silahlar: Zehirler ve toksinler sat\u0131n al\u0131n, VX Sinir Ajan\u0131, Akonitin, Arsenik, Batrakotoksin, Botulinum Toksini, Siyan\u00fcr, Dimetilciva, Maitotoksin, Polonyum-210, Risin Zehiri, Sarin Zehiri, Tetrodotoksin Zehiri sat\u0131n al\u0131n<\/span><\/p>\n<p><span class=\"kY2IgmnCmOGjharHErah\">Sat\u0131l\u0131k Zehirler Ma\u011fazas\u0131 Aconitine zehirlenmesi art\u0131k nadirdir, ancak hala bitki materyalinin kazara yutulmas\u0131 veya kas\u0131tl\u0131 zehirlenme yoluyla meydana gelmektedir. Aconitine Poison online sat\u0131n al\u0131n.<\/span><\/p>\n<p><span class=\"kY2IgmnCmOGjharHErah\"><b>Akonitin<\/b> <b>Zehir<\/b> Aconitum cinsine ait \u00e7e\u015fitli bitki t\u00fcrlerinde bulunan, genellikle aconite veya monkshood olarak bilinen olduk\u00e7a toksik bir alkaloiddir. G\u00fc\u00e7l\u00fc kardiyotoksik ve n\u00f6rotoksik etkileri ile \u00fcnl\u00fcd\u00fcr. sat\u0131l\u0131k ara\u015ft\u0131rma kimyasallar\u0131 Etki Mekanizmas\u0131 <b>Akonitin<\/b> sinir ve kas h\u00fccrelerindeki voltaj kap\u0131l\u0131 sodyum kanallar\u0131na ba\u011flanarak ve bunlar\u0131 aktive ederek etki eder. Bu da <\/span><\/p>\n<p><span class=\"kY2IgmnCmOGjharHErah\">Atropin, <b>Akonitin<\/b>, Strychnine ve Digitalis - Kalp ve sinir sistemi ara\u015ft\u0131rmalar\u0131 i\u00e7in. Colchicine &amp; Oleandrin - Kanser ara\u015ft\u0131rmalar\u0131 i\u00e7in \u00e7ok \u00f6nemlidir. Coniine &amp; Taxine - Klasik <b>zehirler<\/b> toksikolojik uygulamalar i\u00e7in.<\/span><\/p>\n<p><span class=\"kY2IgmnCmOGjharHErah\"> <b>aconitine<\/b>, <b>aconitine<\/b> ve kaslar, <b>aconitine<\/b> ve sinir sistemi, <b>aconitine<\/b> ve solunum yetmezli\u011fi, <b>aconitine<\/b> Bakteri, <b>aconitine<\/b> Alg\u0131lama, <b>aconitine<\/b> bitkilerde, <b>aconitine<\/b> Deniz \u00fcr\u00fcnlerinde, <b>aconitine<\/b> zehirlenme belirtileri, <b>aconitine<\/b> \u0130statistikler, <b>aconitine<\/b> terapi, panzehir <b>aconitine<\/b>, <\/span><\/p>\n<p><img decoding=\"async\" class=\"wp-image-176 aligncenter\" src=\"https:\/\/poisonshops.com\/wp-content\/uploads\/2025\/11\/poison_shop_logo-300x171.png\" alt=\"Zehir D\u00fckkanlar\u0131\" width=\"91\" height=\"52\" srcset=\"https:\/\/poisonshops.com\/wp-content\/uploads\/2025\/11\/poison_shop_logo-300x171.png 300w, https:\/\/poisonshops.com\/wp-content\/uploads\/2025\/11\/poison_shop_logo.png 563w\" sizes=\"(max-width: 91px) 100vw, 91px\" \/><\/p>","protected":false},"excerpt":{"rendered":"<p>Aconitine Poison For Sale Overview Aconitine is a highly toxic alkaloid found in various species of plants belonging to the Aconitum genus, commonly known as aconite or monkshood. It is infamous for its potent cardiotoxic and neurotoxic effects. Mechanism of Action Aconitine acts by binding to and activating voltage-gated sodium channels in nerve and muscle [&hellip;]<\/p>\n","protected":false},"featured_media":272,"comment_status":"open","ping_status":"closed","template":"","meta":[],"product_brand":[],"product_cat":[17],"product_tag":[],"class_list":{"0":"post-103","1":"product","2":"type-product","3":"status-publish","4":"has-post-thumbnail","6":"product_cat-poisons-for-sale","8":"first","9":"instock","10":"featured","11":"shipping-taxable","12":"purchasable","13":"product-type-variable"},"_links":{"self":[{"href":"https:\/\/poisonshops.com\/tr\/wp-json\/wp\/v2\/product\/103","targetHints":{"allow":["GET"]}}],"collection":[{"href":"https:\/\/poisonshops.com\/tr\/wp-json\/wp\/v2\/product"}],"about":[{"href":"https:\/\/poisonshops.com\/tr\/wp-json\/wp\/v2\/types\/product"}],"replies":[{"embeddable":true,"href":"https:\/\/poisonshops.com\/tr\/wp-json\/wp\/v2\/comments?post=103"}],"wp:featuredmedia":[{"embeddable":true,"href":"https:\/\/poisonshops.com\/tr\/wp-json\/wp\/v2\/media\/272"}],"wp:attachment":[{"href":"https:\/\/poisonshops.com\/tr\/wp-json\/wp\/v2\/media?parent=103"}],"wp:term":[{"taxonomy":"product_brand","embeddable":true,"href":"https:\/\/poisonshops.com\/tr\/wp-json\/wp\/v2\/product_brand?post=103"},{"taxonomy":"product_cat","embeddable":true,"href":"https:\/\/poisonshops.com\/tr\/wp-json\/wp\/v2\/product_cat?post=103"},{"taxonomy":"product_tag","embeddable":true,"href":"https:\/\/poisonshops.com\/tr\/wp-json\/wp\/v2\/product_tag?post=103"}],"curies":[{"name":"wp","href":"https:\/\/api.w.org\/{rel}","templated":true}]}}