{"id":104,"date":"2017-12-19T10:50:22","date_gmt":"2017-12-19T10:50:22","guid":{"rendered":"https:\/\/wordpress.gradientthemes.com\/brand-shop\/product\/slim-fit-blue-jeans\/"},"modified":"2025-12-05T14:01:47","modified_gmt":"2025-12-05T14:01:47","slug":"arsenik-zehri","status":"publish","type":"product","link":"https:\/\/poisonshops.com\/tr\/urun-2\/arsenik-zehri\/","title":{"rendered":"Arsenik Zehiri"},"content":{"rendered":"<h2>Arsenik Zehiri Online Sat\u0131n Al\u0131n<\/h2>\n<h4>Genel Bak\u0131\u015f<\/h4>\n<p>Arsenik, D\u00fcnya'n\u0131n kabu\u011funda bulunan do\u011fal olarak olu\u015fan bir elementtir. \u0130norganik arsenik bile\u015fikleri ve organik arsenik bile\u015fikleri dahil olmak \u00fczere \u00e7e\u015fitli formlarda bulunur. Arsenik toksisitesiyle \u00fcnl\u00fcd\u00fcr ve akut ve kronik zehirlenmelere neden olabilir.<\/p>\n<h4>Etki Mekanizmas\u0131<\/h4>\n<p>Arsenik, h\u00fccresel metabolizma ve DNA sentezinde yer alan enzimleri inhibe ederek h\u00fccresel i\u015flevi bozar. H\u00fccresel solunuma ve enerji \u00fcretimine m\u00fcdahale ederek organ ve dokularda yayg\u0131n hasara ve i\u015flev bozuklu\u011funa yol a\u00e7ar.<\/p>\n<h4>Nas\u0131l \u00c7al\u0131\u015f\u0131r<\/h4>\n<p>Arseni\u011fe maruz kalma, kirlenmi\u015f su, g\u0131da veya havan\u0131n yutulmas\u0131; toz veya dumanlar\u0131n solunmas\u0131 veya kirlenmi\u015f toprak veya end\u00fcstriyel at\u0131klarla temas yoluyla ger\u00e7ekle\u015febilir. Arsenik zehirlenmesi, maruz kalma s\u00fcresi ve seviyesine ba\u011fl\u0131 olarak akut veya kronik toksisite olarak ortaya \u00e7\u0131kabilir.<\/p>\n<h4>Zarar Vermek \u0130\u00e7in Gerekli Miktar<\/h4>\n<p>Arseni\u011fin \u00f6ld\u00fcr\u00fcc\u00fc dozu, kimyasal formuna ve maruziyet yoluna ba\u011fl\u0131 olarak de\u011fi\u015fir. B\u00fcy\u00fck miktarlarda arsenik yutulmas\u0131 \u00f6l\u00fcmc\u00fcl olabilirken, daha d\u00fc\u015f\u00fck seviyelerde kronik maruziyet uzun vadeli sa\u011fl\u0131k etkilerine yol a\u00e7abilir.<\/p>\n<h4>Belirtiler ve Semptomlar<\/h4>\n<p>Arsenik zehirlenmesinin belirtileri \u015funlard\u0131r:<\/p>\n<ul>\n<li><strong>Akut Belirtiler<\/strong>: Kar\u0131n a\u011fr\u0131s\u0131, kusma, ishal ve \u015fiddetli dehidrasyon.<\/li>\n<li><strong>Kronik Semptomlar<\/strong>: Cilt de\u011fi\u015fiklikleri (pigmentasyon, keratoz), n\u00f6rolojik etkiler, kardiyovask\u00fcler hastal\u0131k ve kanser riskinde art\u0131\u015f (cilt, akci\u011fer, mesane).<\/li>\n<\/ul>\n<p><img decoding=\"async\" class=\"wp-image-463 aligncenter\" src=\"https:\/\/poisonshops.com\/wp-content\/uploads\/2025\/11\/tttt-1-204x300.png\" alt=\"Zehir D\u00fckkan\u0131\" width=\"49\" height=\"72\" srcset=\"https:\/\/poisonshops.com\/wp-content\/uploads\/2025\/11\/tttt-1-204x300.png 204w, https:\/\/poisonshops.com\/wp-content\/uploads\/2025\/11\/tttt-1.png 218w\" sizes=\"(max-width: 49px) 100vw, 49px\" \/><\/p>\n<h4>Kaynaklar ve Da\u011f\u0131t\u0131m<\/h4>\n<p>Arsenik kirlili\u011fi k\u00fcresel bir endi\u015fe kayna\u011f\u0131d\u0131r ve kaynaklar\u0131 aras\u0131nda \u015funlar yer almaktad\u0131r:<\/p>\n<ul>\n<li><strong>Su<\/strong>: Do\u011fal arsenik yataklar\u0131n\u0131n bulundu\u011fu b\u00f6lgelerdeki kirlenmi\u015f yeralt\u0131 sular\u0131.<\/li>\n<li><strong>Yemek<\/strong>: Kirlenmi\u015f pirin\u00e7, deniz \u00fcr\u00fcnleri ve di\u011fer tar\u0131m \u00fcr\u00fcnleri.<\/li>\n<li><strong>End\u00fcstriyel S\u00fcre\u00e7ler<\/strong>: Madencilik, eritme ve arsenik i\u00e7eren pestisitlerin ve ah\u015fap koruyucular\u0131n kullan\u0131m\u0131.<\/li>\n<\/ul>\n<h4>Tespit ve Tedavi<\/h4>\n<ul>\n<li><strong>Alg\u0131lama<\/strong>: Te\u015fhis semptomlara, t\u0131bbi ge\u00e7mi\u015fe ve kan, idrar veya sa\u00e7taki arsenik seviyelerini \u00f6l\u00e7en \u00f6zel testlere dayan\u0131r.<\/li>\n<li><strong>Tedavi<\/strong>: Tedavi arsenik zehirlenmesinin t\u00fcr\u00fcne ve ciddiyetine ba\u011fl\u0131d\u0131r. Destekleyici bak\u0131m, arseni\u011fi v\u00fccuttan uzakla\u015ft\u0131rmak i\u00e7in \u015felasyon tedavisi ve organ hasar\u0131 gibi komplikasyonlar\u0131n ele al\u0131nmas\u0131n\u0131 i\u00e7erebilir.<\/li>\n<\/ul>\n<h4>\u00d6nleme<\/h4>\n<ul>\n<li><strong>G\u00fcvenlik \u00d6nlemleri<\/strong>: Su kaynaklar\u0131n\u0131n arsenik kirlili\u011fine kar\u015f\u0131 d\u00fczenli olarak test edilmesi. Arsenik i\u00e7eren at\u0131klar\u0131n uygun \u015fekilde bertaraf edilmesi. Arsenikle \u00e7al\u0131\u015fan end\u00fcstrilerde maruziyeti en aza indirmek i\u00e7in i\u015f g\u00fcvenli\u011fi uygulamalar\u0131.<\/li>\n<\/ul>\n<h4>Sonu\u00e7<\/h4>\n<p>Arsenik, \u00e7evrede yayg\u0131n olarak bulunmas\u0131 nedeniyle sa\u011fl\u0131k \u00fczerinde \u00f6nemli etkileri olan toksik bir elementtir. Kaynaklar\u0131n\u0131, toksisite mekanizmalar\u0131n\u0131, zehirlenme belirtilerini ve \u00f6nleyici tedbirleri anlamak, riskleri azaltmak ve halk sa\u011fl\u0131\u011f\u0131n\u0131 korumak i\u00e7in \u00e7ok \u00f6nemlidir.<\/p>\n<h3>Sat\u0131l\u0131k Arsenik Zehiri<\/h3>\n<h2><strong>Online sat\u0131l\u0131k Arsenik, Arsenik Nedir ve Yayg\u0131n Kullan\u0131m Alanlar\u0131n\u0131 \u00f6\u011frenin<\/strong><\/h2>\n<p>Tarihsel olarak arsenik, t\u0131bbi uygulamalardan ha\u015fere kontrol\u00fcne kadar \u00e7e\u015fitli ama\u00e7lar i\u00e7in kullan\u0131lm\u0131\u015ft\u0131r. Bug\u00fcn ise,\u00a0<strong>arsenik trioksit tozu<\/strong>\u00a0belirli t\u0131bbi tedavilerde ve end\u00fcstriyel s\u00fcre\u00e7lerde kullan\u0131l\u0131r, bu da onu hem tehlikeli hem de pratik kullan\u0131mlar\u0131 olan bir madde haline getirir. Bununla birlikte, zehir olarak rol\u00fc en k\u00f6t\u00fc \u015f\u00f6hretli ili\u015fkisi olmaya devam etmektedir.<\/p>\n<p><img decoding=\"async\" class=\"wp-image-502 aligncenter\" src=\"https:\/\/poisonshops.com\/wp-content\/uploads\/2025\/11\/Bio-Weapons-240x300.png\" alt=\"Biyolojik Silahlar\" width=\"88\" height=\"110\" srcset=\"https:\/\/poisonshops.com\/wp-content\/uploads\/2025\/11\/Bio-Weapons-240x300.png 240w, https:\/\/poisonshops.com\/wp-content\/uploads\/2025\/11\/Bio-Weapons.png 265w\" sizes=\"(max-width: 88px) 100vw, 88px\" \/><\/p>\n<section>\n<h3><strong>Arsenik veya Arsenik Trioksit Tozunu Nereden Sat\u0131n Alabilirsiniz?<\/strong><\/h3>\n<p>Yapabilirsin<strong>\u00a0<\/strong><strong>online arsenik sat\u0131n al<\/strong>En \u00fcst d\u00fczey kalite standartlar\u0131 ve h\u0131zl\u0131 gizli sevkiyat ile bilinen Cyano Lab'dan. E\u011fer ara\u015ft\u0131rma yap\u0131yorsan\u0131z <strong>Arsenik nereden al\u0131n\u0131r<\/strong>\u00a0ya da aramak\u00a0<strong>sat\u0131l\u0131k arsenik tozu,<\/strong> bu maddeleri \u00e7evreleyen d\u00fczenlemeleri anlamak \u00f6nemlidir. A\u015fa\u011f\u0131daki gibi formlar <strong>arsenik kristalleri<\/strong>\u00a0veya<strong>\u00a0<\/strong><strong>i\u00e7in arsenik fare zehiri<\/strong> <strong>sat\u0131\u015f<\/strong>\u00a0toksisiteleri nedeniyle yo\u011fun bir \u015fekilde kontrol edilmektedir. Arayanlar i\u00e7in\u00a0<strong>yak\u0131n\u0131mdaki arsenik<\/strong>\u00a0veya a\u015fa\u011f\u0131dakiler i\u00e7in se\u00e7enekleri ara\u015ft\u0131rmak\u00a0<strong>sat\u0131l\u0131k arsenik zehiri<\/strong>, yasal sonu\u00e7lar\u0131 ve potansiyel tehlikeleri anlamak \u00e7ok \u00f6nemlidir.<\/p>\n<\/section>\n<section>\n<h4><strong>Arsenik Zehirlenmesini Anlamak<\/strong><\/h4>\n<p><strong>Arsenik zehirlenmesi <\/strong>madde genellikle k\u00fc\u00e7\u00fck dozlarda yutuldu\u011funda veya zaman i\u00e7inde emildi\u011finde ortaya \u00e7\u0131kar. Semptomlar gastrointestinal s\u0131k\u0131nt\u0131dan ciddi sinir ve organ hasar\u0131na kadar de\u011fi\u015fir. Zehirin sinsi ba\u015flang\u0131c\u0131, \u00f6l\u00fcmc\u00fcl potansiyeli ile birle\u015fince, onu tarihsel ve kriminal k\u00f6t\u00fcye kullan\u0131m i\u00e7in tercih edilen bir ara\u00e7 haline getirmi\u015ftir. Hakk\u0131nda bilgi edinmek <strong>arsenik ne i\u00e7in kullan\u0131l\u0131r<\/strong>\u00a0risklerini ve uygulamalar\u0131n\u0131 ayd\u0131nlatmaya yard\u0131mc\u0131 olabilir.<\/p>\n<section>\n<h3><strong>S\u0131k\u00e7a Sorulan Sorular (SSS)<\/strong><\/h3>\n<ul>\n<li><strong>Arsenik ne i\u00e7in kullan\u0131l\u0131r?<\/strong>Arsenik t\u0131bbi tedavilerde, ha\u015fere kontrol\u00fcnde ve end\u00fcstriyel s\u00fcre\u00e7lerde kullan\u0131lmaktad\u0131r. Bununla birlikte, toksik yap\u0131s\u0131 onu k\u00f6t\u00fc \u015f\u00f6hretli bir zehir haline de getirmektedir.<\/li>\n<li><strong>Arsenik nereden sat\u0131n al\u0131nabilir?<\/strong>A\u015fa\u011f\u0131dakiler i\u00e7in se\u00e7enekleri ke\u015ffedebilirsiniz\u00a0<strong>online arsenik sat\u0131n al<\/strong>\u00a0g\u00fcvenli ve gizli bir sevkiyat elde edin, ancak yasal ve g\u00fcvenlik d\u00fczenlemelerine uygunlu\u011fu sa\u011flay\u0131n.<\/li>\n<li><strong>Arsenik trioksit nedir? Arsenik trioksit tozu<\/strong>\u00a0kemoterapi tedavilerinde ve end\u00fcstriyel uygulamalarda kullan\u0131lan bir bile\u015fiktir, ancak toksisitesi nedeniyle s\u0131k\u0131 kullan\u0131m gerektirir.<\/li>\n<li><strong>Arsenik zehirlenmesi tedavi edilebilir mi?<\/strong>Evet, erken tespit edilirse tedavi m\u00fcmk\u00fcnd\u00fcr. Arseni\u011fe maruz kal\u0131nd\u0131\u011f\u0131ndan \u015f\u00fcpheleniliyorsa derhal t\u0131bbi yard\u0131m al\u0131n.<\/li>\n<li><strong>Arsenik ha\u015fere kontrol\u00fc i\u00e7in kullan\u0131labilir mi?<\/strong>Baz\u0131 b\u00f6lgelerde,\u00a0<strong>sal i\u00e7in arsenik fare zehiri<\/strong>e kontroll\u00fc kullan\u0131mlar i\u00e7in mevcut olabilir. Sat\u0131n almadan \u00f6nce yerel yasalar\u0131 ve g\u00fcvenlik y\u00f6nergelerini do\u011frulay\u0131n.<\/li>\n<\/ul>\n<\/section>\n<h4>Arsenik nereden al\u0131n\u0131r<\/h4>\n<p><img decoding=\"async\" class=\"wp-image-176 aligncenter\" src=\"https:\/\/poisonshops.com\/wp-content\/uploads\/2025\/11\/poison_shop_logo-300x171.png\" alt=\"Zehir D\u00fckkanlar\u0131\" width=\"132\" height=\"75\" srcset=\"https:\/\/poisonshops.com\/wp-content\/uploads\/2025\/11\/poison_shop_logo-300x171.png 300w, https:\/\/poisonshops.com\/wp-content\/uploads\/2025\/11\/poison_shop_logo.png 563w\" sizes=\"(max-width: 132px) 100vw, 132px\" \/><\/p>\n<\/section>","protected":false},"excerpt":{"rendered":"<p>Buy Arsenic Poison Online Overview Arsenic is a naturally occurring element found in the Earth\u2019s crust. It exists in various forms, including inorganic arsenic compounds and organic arsenic compounds. Arsenic is notorious for its toxicity and can cause acute and chronic poisoning. Mechanism of Action Arsenic disrupts cellular function by inhibiting enzymes involved in cellular [&hellip;]<\/p>\n","protected":false},"featured_media":279,"comment_status":"open","ping_status":"closed","template":"","meta":[],"product_brand":[],"product_cat":[17],"product_tag":[],"class_list":{"0":"post-104","1":"product","2":"type-product","3":"status-publish","4":"has-post-thumbnail","6":"product_cat-poisons-for-sale","8":"first","9":"instock","10":"shipping-taxable","11":"purchasable","12":"product-type-variable"},"_links":{"self":[{"href":"https:\/\/poisonshops.com\/tr\/wp-json\/wp\/v2\/product\/104","targetHints":{"allow":["GET"]}}],"collection":[{"href":"https:\/\/poisonshops.com\/tr\/wp-json\/wp\/v2\/product"}],"about":[{"href":"https:\/\/poisonshops.com\/tr\/wp-json\/wp\/v2\/types\/product"}],"replies":[{"embeddable":true,"href":"https:\/\/poisonshops.com\/tr\/wp-json\/wp\/v2\/comments?post=104"}],"wp:featuredmedia":[{"embeddable":true,"href":"https:\/\/poisonshops.com\/tr\/wp-json\/wp\/v2\/media\/279"}],"wp:attachment":[{"href":"https:\/\/poisonshops.com\/tr\/wp-json\/wp\/v2\/media?parent=104"}],"wp:term":[{"taxonomy":"product_brand","embeddable":true,"href":"https:\/\/poisonshops.com\/tr\/wp-json\/wp\/v2\/product_brand?post=104"},{"taxonomy":"product_cat","embeddable":true,"href":"https:\/\/poisonshops.com\/tr\/wp-json\/wp\/v2\/product_cat?post=104"},{"taxonomy":"product_tag","embeddable":true,"href":"https:\/\/poisonshops.com\/tr\/wp-json\/wp\/v2\/product_tag?post=104"}],"curies":[{"name":"wp","href":"https:\/\/api.w.org\/{rel}","templated":true}]}}