{"id":105,"date":"2017-12-19T10:30:57","date_gmt":"2017-12-19T10:30:57","guid":{"rendered":"https:\/\/wordpress.gradientthemes.com\/brand-shop\/product\/blue-denim-shorts\/"},"modified":"2025-12-06T14:56:29","modified_gmt":"2025-12-06T14:56:29","slug":"batrakotoksin-zehri","status":"publish","type":"product","link":"https:\/\/poisonshops.com\/tr\/urun-2\/batrakotoksin-zehri\/","title":{"rendered":"Batrachotoxin Zehiri"},"content":{"rendered":"<h2>Sat\u0131l\u0131k Batrakotoksin Zehiri<\/h2>\n<h4>Genel Bak\u0131\u015f<\/h4>\n<p>Batrakotoksin, baz\u0131 kurba\u011fa t\u00fcrlerinde, \u00f6zellikle de Batrakotoksin cinsinde bulunan g\u00fc\u00e7l\u00fc bir steroidal alkaloid n\u00f6rotoksindir.\u00a0<em>Phyllobates<\/em> (zehirli ok kurba\u011falar\u0131). \u0130nsanlar taraf\u0131ndan bilinen en zehirli maddelerden biridir. Anonim olarak zehir ve toksin sat\u0131n al\u0131n.<\/p>\n<h4>Etki Mekanizmas\u0131<\/h4>\n<p>Batrakotoksin, sinir h\u00fccresi membranlar\u0131ndaki sodyum kanallar\u0131na kal\u0131c\u0131 olarak ba\u011flanarak kapanmalar\u0131n\u0131 \u00f6nleyerek etki eder. Bu da depolarizasyon faz\u0131n\u0131n uzamas\u0131na neden olur ve sinir h\u00fccrelerinin sinyalleri d\u00fczg\u00fcn bir \u015fekilde iletmesini engeller.<\/p>\n<h4>Nas\u0131l \u00c7al\u0131\u015f\u0131r<\/h4>\n<p>Batrakotoksine maruz kalma, deri temas\u0131 veya kontamine olmu\u015f av\u0131n yutulmas\u0131 yoluyla ger\u00e7ekle\u015febilir. Sinir fonksiyonlar\u0131na m\u00fcdahale ederek felce, kardiyak aritmilere ve potansiyel olarak \u00f6l\u00fcmc\u00fcl solunum yetmezli\u011fine yol a\u00e7ar.<\/p>\n<h4>Zarar Vermek \u0130\u00e7in Gerekli Miktar<\/h4>\n<p>Batrakotoksinin \u00f6l\u00fcmc\u00fcl dozu son derece k\u00fc\u00e7\u00fckt\u00fcr, tahminlere g\u00f6re tek bir miligram deri yoluyla emildi\u011finde veya yutuldu\u011funda \u00f6l\u00fcmc\u00fcl olabilir. Sat\u0131l\u0131k Batrakotoksin Zehiri.<\/p>\n<p><img decoding=\"async\" class=\"wp-image-463 aligncenter\" src=\"https:\/\/poisonshops.com\/wp-content\/uploads\/2025\/11\/tttt-1-204x300.png\" alt=\"Zehir D\u00fckkan\u0131\" width=\"52\" height=\"76\" srcset=\"https:\/\/poisonshops.com\/wp-content\/uploads\/2025\/11\/tttt-1-204x300.png 204w, https:\/\/poisonshops.com\/wp-content\/uploads\/2025\/11\/tttt-1.png 218w\" sizes=\"(max-width: 52px) 100vw, 52px\" \/><\/p>\n<h4>Belirtiler ve Semptomlar<\/h4>\n<p>Batrakotoksin zehirlenmesinin belirtileri \u015funlard\u0131r:<\/p>\n<ul>\n<li><strong>Erken Belirtiler<\/strong>: A\u011f\u0131z \u00e7evresinde ve ekstremitelerde uyu\u015fma ve kar\u0131ncalanma.<\/li>\n<li><strong>\u0130lerleyen Belirtiler<\/strong>: Kas zay\u0131fl\u0131\u011f\u0131, fel\u00e7, nefes almada zorluk ve potansiyel olarak kalp durmas\u0131.<\/li>\n<\/ul>\n<h4>Kaynaklar ve Da\u011f\u0131t\u0131m<\/h4>\n<p>Batrakotoksin \u00f6ncelikle Orta ve G\u00fcney Amerika'ya, \u00f6zellikle de Kolombiya'ya \u00f6zg\u00fc baz\u0131 zehirli dart kurba\u011fas\u0131 t\u00fcrlerinde bulunur.<\/p>\n<h4>Tespit ve Tedavi<\/h4>\n<ul>\n<li><strong>Alg\u0131lama<\/strong>: Te\u015fhis semptomlara ve zehirli ok kurba\u011falar\u0131na veya salg\u0131lar\u0131na maruz kalma \u00f6yk\u00fcs\u00fcne dayan\u0131r.<\/li>\n<li><strong>Tedavi<\/strong>: Batrakotoksin zehirlenmesi i\u00e7in spesifik bir antidot yoktur. Tedavi, solunum deste\u011fi ve kardiyak komplikasyonlar\u0131n y\u00f6netimi dahil olmak \u00fczere destekleyici bak\u0131ma odaklan\u0131r. Batrakotoksin (EVT-334836) Sat\u0131n Al\u0131n.<\/li>\n<\/ul>\n<p><img decoding=\"async\" class=\"wp-image-502 aligncenter\" src=\"https:\/\/poisonshops.com\/wp-content\/uploads\/2025\/11\/Bio-Weapons-240x300.png\" alt=\"Biyolojik Silahlar\" width=\"72\" height=\"90\" srcset=\"https:\/\/poisonshops.com\/wp-content\/uploads\/2025\/11\/Bio-Weapons-240x300.png 240w, https:\/\/poisonshops.com\/wp-content\/uploads\/2025\/11\/Bio-Weapons.png 265w\" sizes=\"(max-width: 72px) 100vw, 72px\" \/><\/p>\n<h4>\u00d6nleme<\/h4>\n<ul>\n<li><strong>G\u00fcvenlik \u00d6nlemleri<\/strong>: Yabani olarak yakalanm\u0131\u015f zehirli ok kurba\u011falar\u0131n\u0131 veya salg\u0131lar\u0131n\u0131 tutmaktan veya t\u00fcketmekten ka\u00e7\u0131n\u0131n. Bu kurba\u011falar\u0131n bulundu\u011fu ortamlarda \u00e7al\u0131\u015fanlar i\u00e7in uygun e\u011fitim ve \u00f6nlemler \u015fartt\u0131r.<\/li>\n<\/ul>\n<h4>Sonu\u00e7<\/h4>\n<p>Batrakotoksin, zehirli dart kurba\u011falar\u0131nda bulunan, insanlarda ciddi ve potansiyel olarak \u00f6l\u00fcmc\u00fcl zehirlenmelere neden olabilen son derece g\u00fc\u00e7l\u00fc bir n\u00f6rotoksindir. Etkilerini, kaynaklar\u0131n\u0131 ve uygun g\u00fcvenlik \u00f6nlemlerini anlamak, kazara maruz kalmay\u0131 \u00f6nlemek i\u00e7in \u00e7ok \u00f6nemlidir. Zehirleri ve toksinleri anonim olarak sat\u0131n al\u0131n.<\/p>\n<h3>Batrakotoksin Zehiri Online Sat\u0131n Al\u0131n<\/h3>\n<p><img decoding=\"async\" class=\"wp-image-176 aligncenter\" src=\"https:\/\/poisonshops.com\/wp-content\/uploads\/2025\/11\/poison_shop_logo-300x171.png\" alt=\"Zehir D\u00fckkanlar\u0131\" width=\"123\" height=\"70\" srcset=\"https:\/\/poisonshops.com\/wp-content\/uploads\/2025\/11\/poison_shop_logo-300x171.png 300w, https:\/\/poisonshops.com\/wp-content\/uploads\/2025\/11\/poison_shop_logo.png 563w\" sizes=\"(max-width: 123px) 100vw, 123px\" \/><\/p>","protected":false},"excerpt":{"rendered":"<p>Batrachotoxin Poison For Sale Overview Batrachotoxin is a potent steroidal alkaloid neurotoxin found in certain species of frogs, particularly in the genus\u00a0Phyllobates (poison dart frogs). It is one of the most toxic substances known to humans. Buy poisons and toxins anonymously. Mechanism of Action Batrachotoxin acts by permanently binding to sodium channels in nerve cell [&hellip;]<\/p>\n","protected":false},"featured_media":285,"comment_status":"open","ping_status":"closed","template":"","meta":[],"product_brand":[],"product_cat":[17],"product_tag":[],"class_list":{"0":"post-105","1":"product","2":"type-product","3":"status-publish","4":"has-post-thumbnail","6":"product_cat-poisons-for-sale","8":"first","9":"instock","10":"featured","11":"shipping-taxable","12":"purchasable","13":"product-type-variable"},"_links":{"self":[{"href":"https:\/\/poisonshops.com\/tr\/wp-json\/wp\/v2\/product\/105","targetHints":{"allow":["GET"]}}],"collection":[{"href":"https:\/\/poisonshops.com\/tr\/wp-json\/wp\/v2\/product"}],"about":[{"href":"https:\/\/poisonshops.com\/tr\/wp-json\/wp\/v2\/types\/product"}],"replies":[{"embeddable":true,"href":"https:\/\/poisonshops.com\/tr\/wp-json\/wp\/v2\/comments?post=105"}],"wp:featuredmedia":[{"embeddable":true,"href":"https:\/\/poisonshops.com\/tr\/wp-json\/wp\/v2\/media\/285"}],"wp:attachment":[{"href":"https:\/\/poisonshops.com\/tr\/wp-json\/wp\/v2\/media?parent=105"}],"wp:term":[{"taxonomy":"product_brand","embeddable":true,"href":"https:\/\/poisonshops.com\/tr\/wp-json\/wp\/v2\/product_brand?post=105"},{"taxonomy":"product_cat","embeddable":true,"href":"https:\/\/poisonshops.com\/tr\/wp-json\/wp\/v2\/product_cat?post=105"},{"taxonomy":"product_tag","embeddable":true,"href":"https:\/\/poisonshops.com\/tr\/wp-json\/wp\/v2\/product_tag?post=105"}],"curies":[{"name":"wp","href":"https:\/\/api.w.org\/{rel}","templated":true}]}}