{"id":106,"date":"2017-12-19T09:56:35","date_gmt":"2017-12-19T09:56:35","guid":{"rendered":"https:\/\/wordpress.gradientthemes.com\/brand-shop\/product\/lemons-tshirt\/"},"modified":"2025-12-06T15:08:12","modified_gmt":"2025-12-06T15:08:12","slug":"botulinum-toksini-satin-al","status":"publish","type":"product","link":"https:\/\/poisonshops.com\/tr\/urun-2\/botulinum-toksini-satin-al\/","title":{"rendered":"Botulinum Toksini (Otopsi \u00f6l\u00fcm nedenini belirleyemiyor)"},"content":{"rendered":"<h2>Botulinum Toksini Online Sat\u0131n Al\u0131n<\/h2>\n<p><strong>\u00a0Sessiz bir cinayet i\u015flemek i\u00e7in uzak bir yer ar\u0131yorsan\u0131z, otopsinin bile \u00f6l\u00fcm nedenini ortaya \u00e7\u0131karamayaca\u011f\u0131 cinayet, Botulinum toksini cevapt\u0131r. Botulinum Toksini Online Sat\u0131n Al\u0131n.<\/strong><\/p>\n<h4>Genel Bak\u0131\u015f<\/h4>\n<p>Botulinum toksini, bakteri taraf\u0131ndan \u00fcretilen n\u00f6rotoksik bir proteindir\u00a0<em>Clostridium botulinum<\/em>. Bilinen en g\u00fc\u00e7l\u00fc toksinlerden biridir ve k\u00fc\u00e7\u00fck miktarlarda \u00f6ld\u00fcr\u00fcc\u00fc olabilir. Toksisitesine ra\u011fmen, hem t\u0131bbi hem de kozmetik uygulamalarda yayg\u0131n olarak kullan\u0131lmaktad\u0131r. Botulinum Toksinlerini Toptan Fiyat\u0131na Online Sat\u0131n Al\u0131n.<\/p>\n<h4>Etki Mekanizmas\u0131<\/h4>\n<p>Botulinum toksini, kas kas\u0131lmas\u0131ndan sorumlu bir n\u00f6rotransmitter olan asetilkolinin n\u00f6rom\u00fcsk\u00fcler kav\u015fakta sal\u0131nmas\u0131n\u0131 engeller. Bu inhibisyon kas felci ile sonu\u00e7lan\u0131r ve kas aktivitesini etkili bir \u015fekilde azalt\u0131r.<\/p>\n<h4>Nas\u0131l \u00d6ld\u00fcr\u00fcr<\/h4>\n<p>Botulinum toksininin neden oldu\u011fu fel\u00e7, solunumla ilgili kaslar\u0131 etkiledi\u011fi i\u00e7in solunum yetmezli\u011fine yol a\u00e7abilir. M\u00fcdahale edilmezse bu durum \u00f6l\u00fcmle sonu\u00e7lanabilir. Toksinin otonom sinir u\u00e7lar\u0131 \u00fczerindeki etkisi de \u00e7e\u015fitli istemsiz bedensel i\u015flevleri bozabilir.<\/p>\n<h4>\u00d6ld\u00fcrmek i\u00e7in Gereken Miktar<\/h4>\n<p>Botulinum toksininin tahmini \u00f6l\u00fcmc\u00fcl dozu (LD50), solundu\u011funda insanlar i\u00e7in v\u00fccut a\u011f\u0131rl\u0131\u011f\u0131n\u0131n kilogram\u0131 ba\u015f\u0131na yakla\u015f\u0131k 1-2 nanogramd\u0131r ve enjekte edildi\u011finde daha da azd\u0131r. Bu, bir mikrogramdan daha az\u0131n\u0131n bir yeti\u015fkin i\u00e7in potansiyel olarak \u00f6l\u00fcmc\u00fcl olabilece\u011fi anlam\u0131na gelir.<\/p>\n<h4>Belirtiler ve Semptomlar<\/h4>\n<p>Botulinum toksini zehirlenmesinin belirtileri \u015funlard\u0131r:<\/p>\n<ul>\n<li><strong>\u0130lk Belirtiler<\/strong>: \u00c7ift g\u00f6rme, g\u00f6z kapaklar\u0131nda d\u00fc\u015fme ve y\u00fczde g\u00fc\u00e7s\u00fczl\u00fck.<\/li>\n<li><strong>\u0130lerleyen Belirtiler<\/strong>: Yutma g\u00fc\u00e7l\u00fc\u011f\u00fc, konu\u015fma bozuklu\u011fu ve genel kas g\u00fc\u00e7s\u00fczl\u00fc\u011f\u00fc.<\/li>\n<li><strong>\u015eiddetli Semptomlar<\/strong>: Derhal tedavi edilmezse \u00f6l\u00fcmc\u00fcl olabilen diyafram felcine ba\u011fl\u0131 solunum yetmezli\u011fi.<\/li>\n<\/ul>\n<h4>Formlar ve Uygulamalar<\/h4>\n<p>Botulinum toksini hem t\u0131bbi hem de kozmetik olarak kullan\u0131l\u0131r:<\/p>\n<ul>\n<li><strong>Kozmetik Kullan\u0131m<\/strong>: Kaslar\u0131 ge\u00e7ici olarak fel\u00e7 ederek y\u00fcz k\u0131r\u0131\u015f\u0131kl\u0131klar\u0131n\u0131 azalt\u0131r.<\/li>\n<li><strong>T\u0131bbi Kullan\u0131m<\/strong>: Kronik migren, kas spastisitesi, hiperhidroz (a\u015f\u0131r\u0131 terleme) ve \u015fa\u015f\u0131l\u0131k (\u015fa\u015f\u0131 g\u00f6zler) gibi durumlar\u0131 tedavi eder.<\/li>\n<\/ul>\n<h4>Varl\u0131k ve Kaynaklar<\/h4>\n<p>Botulinum toksini i\u00e7inde bulunabilir:<\/p>\n<ul>\n<li><strong>Kirlenmi\u015f G\u0131da<\/strong>: Uygun olmayan \u015fekilde konserve edilmi\u015f veya korunmu\u015f g\u0131dalar bakteriyi bar\u0131nd\u0131rarak g\u0131da kaynakl\u0131 botulizme yol a\u00e7abilir.<\/li>\n<li><strong>Toprak ve Su<\/strong>: Bakteriler bu ortamlarda do\u011fal olarak bulunur, ancak \u00e7evresel maruziyet vakalar\u0131 nadirdir.<\/li>\n<li><strong>T\u0131bbi Haz\u0131rl\u0131klar<\/strong>: Safla\u015ft\u0131r\u0131lm\u0131\u015f ve seyreltilmi\u015f formlar\u0131 t\u0131bbi g\u00f6zetim alt\u0131nda tedavi ve kozmetik ama\u00e7l\u0131 kullan\u0131l\u0131r.<\/li>\n<\/ul>\n<h4>G\u00fcvenli Kullan\u0131m<\/h4>\n<p>Botulinum toksininin kullan\u0131m\u0131 s\u0131k\u0131 g\u00fcvenlik \u00f6nlemleri gerektirir:<\/p>\n<ul>\n<li><strong>E\u011fitim<\/strong>: Toksini sadece e\u011fitimli profesyoneller kullanmal\u0131d\u0131r.<\/li>\n<li><strong>Koruyucu Ekipman<\/strong>: Maruz kalma riskini en aza indirmek i\u00e7in eldiven, maske ve g\u00f6z korumas\u0131 kullan\u0131n.<\/li>\n<li><strong>Do\u011fru Depolama<\/strong>: Bozulmay\u0131 \u00f6nlemek i\u00e7in g\u00fcvenli, etiketli kaplarda \u00f6nerilen s\u0131cakl\u0131klarda saklay\u0131n.<\/li>\n<li><strong>Bertaraf<\/strong>: Kirlenmeyi \u00f6nlemek i\u00e7in toksinle temas eden t\u00fcm malzemelerin imhas\u0131na ili\u015fkin \u00f6zel y\u00f6nergeleri izleyin.<\/li>\n<\/ul>\n<ul>\n<li><\/li>\n<\/ul>\n<h4>Sonu\u00e7<\/h4>\n<p>Piyasadaki en etkili zehri kullan\u0131yoruz; g\u0131daya enjekte edilen sadece birka\u00e7 nanogram geri d\u00f6n\u00fc\u015f\u00fc olmayan hasara yol a\u00e7maya ya da enjekte edilen birka\u00e7 gram zehir \u00f6l\u00fcme neden olmaya yetiyor.<br \/>\nForm\u00fcl\u00fcm\u00fcz otopsiyi zorla\u015ft\u0131rmak i\u00e7in maskeli bir serum i\u00e7eriyor, kurban\u0131n g\u0131da zehirlenmesi veya benzeri bir \u015fey ge\u00e7irdi\u011fini d\u00fc\u015f\u00fcnecekler, ba\u015fka bir \u015fey de\u011fil.<\/p>\n<h2>Botulinum Toksinleri Ne Kadar Dayan\u0131r?<\/h2>\n<p>Botulinum toksininin etki s\u00fcresi toksin form\u00fclasyonuna, dozaj\u0131na, enjeksiyon b\u00f6lgesine ve bireysel hasta \u00f6zelliklerine ba\u011fl\u0131d\u0131r. Genel olarak, terap\u00f6tik etkiler hem kozmetik uygulamalarda hem de t\u0131bbi tedavilerde 3 ila 12 ay s\u00fcrer. Birka\u00e7 ayl\u0131k uygulamadan sonra, kademeli reinnervasyon ve n\u00f6rom\u00fcsk\u00fcler fonksiyonun restorasyonu meydana gelir. Bu, istenen sonu\u00e7lar\u0131 korumak i\u00e7in enjeksiyonlar\u0131n tekrarlanmas\u0131n\u0131 gerekli k\u0131lar.<\/p>\n<p><img decoding=\"async\" class=\"wp-image-463 aligncenter\" src=\"https:\/\/poisonshops.com\/wp-content\/uploads\/2025\/11\/tttt-1-204x300.png\" alt=\"Zehir D\u00fckkan\u0131\" width=\"60\" height=\"88\" srcset=\"https:\/\/poisonshops.com\/wp-content\/uploads\/2025\/11\/tttt-1-204x300.png 204w, https:\/\/poisonshops.com\/wp-content\/uploads\/2025\/11\/tttt-1.png 218w\" sizes=\"(max-width: 60px) 100vw, 60px\" \/><\/p>\n<h2>Botulinum Toksini Yan Etkileri<\/h2>\n<p>Botulinum toksin bazl\u0131 tedaviler genellikle iyi tolere edilse de, yan etki potansiyeline sahiptirler.<\/p>\n<h3>Enjeksiyon B\u00f6lgelerinde Lokalize Reaksiyonlar<\/h3>\n<p>Bu en yayg\u0131n yan etkidir. \u015eunlar\u0131 i\u00e7erir:<\/p>\n<ul>\n<li>Eritem<\/li>\n<li>Ekimoz<\/li>\n<li>\u00d6dem<\/li>\n<li>Rahats\u0131zl\u0131k<\/li>\n<\/ul>\n<p>Bu reaksiyonlar i\u011fnenin yerle\u015ftirilmesi s\u0131ras\u0131nda lokal mikrovask\u00fclat\u00fcr\u00fcn bozulmas\u0131ndan ve n\u00f6rotoksinin \u00e7evre dokulara yay\u0131lmas\u0131ndan kaynaklanmaktad\u0131r. T\u00fcm bunlar tipik olarak enjeksiyondan sonraki g\u00fcnler ila haftalar i\u00e7inde d\u00fczelir. Botulinum Toksinlerini Toptan Fiyat\u0131na Online Sat\u0131n Al\u0131n.<\/p>\n<h3>Sistemik Komplikasyonlar<\/h3>\n<p>Sistemik komplikasyonlar aras\u0131nda, \u00f6zellikle b\u00fcy\u00fck kaslar\u0131 veya y\u00fcksek dozlar\u0131 i\u00e7eren tedavilerde, toksinin yay\u0131lmas\u0131 nedeniyle enjeksiyon b\u00f6lgesinden uzaktaki kas g\u00fc\u00e7s\u00fczl\u00fc\u011f\u00fc yer al\u0131r. Yutma g\u00fc\u00e7l\u00fc\u011f\u00fc ve dizartri de faringeal kas sistemi veya ses telleri gibi kom\u015fu yap\u0131lara kazara yay\u0131lma nedeniyle ortaya \u00e7\u0131kabilir (yutma ve konu\u015fma artik\u00fclasyonunu bozar).  Ayr\u0131ca, toksin g\u00f6z kapaklar\u0131n\u0131 kald\u0131ran kaslara ula\u015f\u0131rsa g\u00f6z kapaklar\u0131n\u0131n sarkt\u0131\u011f\u0131 g\u00f6z kapa\u011f\u0131 pitozu meydana gelebilir. Bu ciddi yan etkiler g\u00f6z \u00f6n\u00fcne al\u0131nd\u0131\u011f\u0131nda, botulinum toksinlerini \u00e7evrimi\u00e7i sipari\u015f ederken dikkatli oldu\u011funuzdan emin olun. Yetkisiz web sitelerinden sat\u0131n almak, \u00fcr\u00fcnlerin orijinal, g\u00fcvenli ve etkili olup olmad\u0131\u011f\u0131 konusunda endi\u015felere yol a\u00e7acakt\u0131r. Sat\u0131l\u0131k Botulinum Toksini.<\/p>\n<p><img decoding=\"async\" class=\"wp-image-502 aligncenter\" src=\"https:\/\/poisonshops.com\/wp-content\/uploads\/2025\/11\/Bio-Weapons-240x300.png\" alt=\"Biyolojik Silahlar\" width=\"69\" height=\"86\" srcset=\"https:\/\/poisonshops.com\/wp-content\/uploads\/2025\/11\/Bio-Weapons-240x300.png 240w, https:\/\/poisonshops.com\/wp-content\/uploads\/2025\/11\/Bio-Weapons.png 265w\" sizes=\"(max-width: 69px) 100vw, 69px\" \/><\/p>\n<h2>Botulinum Toksini Uygulama Teknikleri<\/h2>\n<p>Botulinum toksini uygulama teknikleri kulland\u0131\u011f\u0131n\u0131z \u00f6zel \u00fcr\u00fcne ba\u011fl\u0131d\u0131r, ancak baz\u0131 genel ilkeler ge\u00e7erlidir. Bunlar<\/p>\n<ol>\n<li><b>Yeniden yap\u0131land\u0131rma: <\/b>Botulinum toksinleri tipik olarak kuru toz formunda gelir ve aseptik bir teknik kullan\u0131larak 0.9% sodyum klor\u00fcr \u00e7\u00f6zeltisi veya steril su gibi uygun bir seyreltici ile suland\u0131r\u0131lmas\u0131 gerekir. Suland\u0131r\u0131lan \u00e7\u00f6zeltinin konsantrasyonu, istenen doza ve kullan\u0131lan seyrelticinin hacmine ba\u011fl\u0131 olacakt\u0131r.<\/li>\n<li><b>Enjeksiyon Tekni\u011fi: <\/b>Botulinum toksinleri hedeflenen kaslara intram\u00fcsk\u00fcler enjeksiyon yoluyla uygulan\u0131r. Enjeksiyon b\u00f6lgeleri ve derinlikleri tedavi edilen duruma ba\u011fl\u0131d\u0131r.<\/li>\n<li><b>Dozaj ve Hacim:<\/b> Botulinum toksininin dozaj\u0131 ve hacmi tedavi edilen duruma, durumun ciddiyetine ve kullan\u0131lan spesifik \u00fcr\u00fcne ba\u011fl\u0131d\u0131r. Dozajlar birim olarak ifade edilir ve her b\u00f6lgeye enjekte edilen \u00e7\u00f6zelti hacmi suland\u0131r\u0131lm\u0131\u015f \u00e7\u00f6zeltinin konsantrasyonuna ba\u011fl\u0131d\u0131r. \u00c7o\u011fu botulinum toksini t\u00fcr\u00fc i\u00e7in ortalama doz 0,1 ila 0,5 mililitredir.<\/li>\n<li><b>Zamanlama ve S\u0131kl\u0131k: <\/b>Botulinum toksin enjeksiyonlar\u0131, istenen terap\u00f6tik etkiyi s\u00fcrd\u00fcrmek i\u00e7in birka\u00e7 ay sonra tekrarlan\u0131r. Enjeksiyonlar\u0131n tekrarlanma s\u0131kl\u0131\u011f\u0131, spesifik \u00fcr\u00fcn\u00fcn etki s\u00fcresine ve hastan\u0131n tedaviye verdi\u011fi yan\u0131ta ba\u011fl\u0131d\u0131r. Botulinum Toksini Online Olarak Nereden Sat\u0131n Alabilirim?.<\/li>\n<\/ol>\n<h2>Botulinum Toksinlerini Nereden Sat\u0131n Alabilirim?<\/h2>\n<p>Botulinum toksinlerini \u00e7evrimi\u00e7i sat\u0131n almak i\u00e7in Google'da sayg\u0131n sat\u0131c\u0131lar\u0131 arayabilirsiniz. X'i b\u00f6lgenizin ad\u0131yla de\u011fi\u015ftirerek \u2018X'te toptan botulinum toksinleri sat\u0131n al\u0131n\u2019 yazman\u0131z yeterlidir. Botulinum toksinlerini ilk kez sat\u0131n al\u0131yorsan\u0131z ve toptan fiyatlarla orijinal \u00fcr\u00fcnleri nerede bulaca\u011f\u0131n\u0131z konusunda rehberli\u011fe ihtiyac\u0131n\u0131z varsa. Kore botoksunu \u00e7evrimi\u00e7i sipari\u015f edin.<\/p>\n<p><img decoding=\"async\" class=\"wp-image-176 aligncenter\" src=\"https:\/\/poisonshops.com\/wp-content\/uploads\/2025\/11\/poison_shop_logo-300x171.png\" alt=\"Zehir D\u00fckkanlar\u0131\" width=\"89\" height=\"51\" srcset=\"https:\/\/poisonshops.com\/wp-content\/uploads\/2025\/11\/poison_shop_logo-300x171.png 300w, https:\/\/poisonshops.com\/wp-content\/uploads\/2025\/11\/poison_shop_logo.png 563w\" sizes=\"(max-width: 89px) 100vw, 89px\" \/><\/p>\n<h3>Sat\u0131l\u0131k Botulinum Toksini<\/h3>","protected":false},"excerpt":{"rendered":"<p>Buy Botulinum Toxin Online \u00a0If you are looking for away to commit silent murder,Murder what even autopsy can\u2019t reveal the cause of dead.Botulinum toxin is the answer. Buy Botulinum Toxin Online. Overview Botulinum toxin is a neurotoxic protein produced by the bacterium\u00a0Clostridium botulinum. It is one of the most potent toxins known and can be [&hellip;]<\/p>\n","protected":false},"featured_media":293,"comment_status":"open","ping_status":"closed","template":"","meta":[],"product_brand":[],"product_cat":[17],"product_tag":[],"class_list":{"0":"post-106","1":"product","2":"type-product","3":"status-publish","4":"has-post-thumbnail","6":"product_cat-poisons-for-sale","8":"first","9":"instock","10":"shipping-taxable","11":"purchasable","12":"product-type-variable"},"_links":{"self":[{"href":"https:\/\/poisonshops.com\/tr\/wp-json\/wp\/v2\/product\/106","targetHints":{"allow":["GET"]}}],"collection":[{"href":"https:\/\/poisonshops.com\/tr\/wp-json\/wp\/v2\/product"}],"about":[{"href":"https:\/\/poisonshops.com\/tr\/wp-json\/wp\/v2\/types\/product"}],"replies":[{"embeddable":true,"href":"https:\/\/poisonshops.com\/tr\/wp-json\/wp\/v2\/comments?post=106"}],"wp:featuredmedia":[{"embeddable":true,"href":"https:\/\/poisonshops.com\/tr\/wp-json\/wp\/v2\/media\/293"}],"wp:attachment":[{"href":"https:\/\/poisonshops.com\/tr\/wp-json\/wp\/v2\/media?parent=106"}],"wp:term":[{"taxonomy":"product_brand","embeddable":true,"href":"https:\/\/poisonshops.com\/tr\/wp-json\/wp\/v2\/product_brand?post=106"},{"taxonomy":"product_cat","embeddable":true,"href":"https:\/\/poisonshops.com\/tr\/wp-json\/wp\/v2\/product_cat?post=106"},{"taxonomy":"product_tag","embeddable":true,"href":"https:\/\/poisonshops.com\/tr\/wp-json\/wp\/v2\/product_tag?post=106"}],"curies":[{"name":"wp","href":"https:\/\/api.w.org\/{rel}","templated":true}]}}