{"id":107,"date":"2017-12-19T09:56:32","date_gmt":"2017-12-19T09:56:32","guid":{"rendered":"https:\/\/wordpress.gradientthemes.com\/brand-shop\/product\/gray-pattern-tshirt\/"},"modified":"2025-12-08T07:20:17","modified_gmt":"2025-12-08T07:20:17","slug":"heliotrop-satin-al","status":"publish","type":"product","link":"https:\/\/poisonshops.com\/tr\/urun-2\/heliotrop-satin-al\/","title":{"rendered":"Heliotrope sat\u0131n al\u0131n"},"content":{"rendered":"<h2>Heliotrope G\u00fc\u00e7l\u00fc ve sessiz zehir<\/h2>\n<p>Suikast i\u00e7in daha sessiz ve gizli y\u00f6ntemler kullanmak art\u0131k daha pop\u00fcler. Heliotrope Online Sat\u0131n Al\u0131n.<\/p>\n<p>Birka\u00e7 yava\u015f zehir kurtarmaya geliyor. Bu d\u00fcnyada art\u0131k yeni bir \u015fey yok ve zehirler medeni \u00fclkelerde de kullan\u0131l\u0131yordu: eski M\u0131s\u0131r'da, Orta \u00c7a\u011f'da Avrupa'da.<\/p>\n<p>\u015eimdi, \u00f6l\u00fcm nedenini belirlemeye y\u00f6nelik modern y\u00f6ntemler nedeniyle, bir ki\u015fiyi zehirlemek inan\u0131lmaz derecede zorla\u015ft\u0131, \u00f6zellikle de aniden \u00f6l\u00fcrse, insanlar an\u0131nda zehirlenmeden \u015f\u00fcpheleneceklerdir.<\/p>\n<p>Bu nedenle, siyan\u00fcr, metil c\u0131va, arsenik gibi kimyasal zehirlerin kullan\u0131m\u0131 yasal a\u00e7\u0131dan g\u00fcvenli de\u011fildir. \u00d6l\u00fcmden sonra v\u00fccutta kal\u0131rlar ve d\u0131\u015f belirtiler adli t\u0131p uzmanlar\u0131 i\u00e7in \u00e7ok a\u00e7\u0131kt\u0131r.<\/p>\n<p>Baz\u0131lar\u0131 i\u00e7in serum kisvesi alt\u0131nda \u00f6zenle se\u00e7ilmi\u015f ve sentezlenmi\u015f uzun s\u00fcreli organik zehirler yarat\u0131yoruz. Do\u011fa bunu sizin i\u00e7in zaten yapm\u0131\u015fsa neden bir \u015fey icat edesiniz ki?<\/p>\n<p>\u0130nsanlar\u0131 zehirlemek \u00e7ok kolay, yerel haberlerde s\u0131k s\u0131k bir b\u00fcy\u00fckannenin marketten ald\u0131\u011f\u0131 d\u00fc\u015f\u00fck kaliteli et y\u00fcz\u00fcnden zehirlenerek \u00f6ld\u00fc\u011f\u00fcn\u00fc duyabilirsiniz ve b\u00fcy\u00fckanne 2 odal\u0131 bir dairede tek ba\u015f\u0131na ya\u015f\u0131yordu...<\/p>\n<p><strong>Heliotrope<\/strong>\u00a0Ekstrakt heliothrin ve lysiocarpine i\u00e7erir, bunlar karaci\u011fer h\u00fccrelerinde birikerek \u00f6l\u00fcmlerine ve ya\u011f dokusu ile yer de\u011fi\u015ftirmelerine neden olur - karaci\u011fer sirozu. Bu s\u00fcre\u00e7 3-5 hafta s\u00fcrer ve zehirlenmeye dair hi\u00e7bir belirti ve bulgu g\u00f6r\u00fclmez! Sadece yava\u015f \u00f6l\u00fcm, daha sonra doktorlar\u0131n anlams\u0131z testler ve tedaviler i\u00e7in bir \u201chasta\u201d ta\u015f\u0131mas\u0131 i\u00e7in \u00e7ok ge\u00e7 oldu\u011funda siroz belirtileri vard\u0131r, ancak zaman\u0131nda yap\u0131l\u0131rsa sadece karaci\u011fer nakli yard\u0131mc\u0131 olacakt\u0131r.<\/p>\n<p><img decoding=\"async\" class=\"wp-image-463 aligncenter\" src=\"https:\/\/poisonshops.com\/wp-content\/uploads\/2025\/11\/tttt-1-204x300.png\" alt=\"Zehir D\u00fckkan\u0131\" width=\"56\" height=\"82\" srcset=\"https:\/\/poisonshops.com\/wp-content\/uploads\/2025\/11\/tttt-1-204x300.png 204w, https:\/\/poisonshops.com\/wp-content\/uploads\/2025\/11\/tttt-1.png 218w\" sizes=\"(max-width: 56px) 100vw, 56px\" \/><\/p>\n<h5>Bu, \u00f6nemli insanlar\u0131 ortadan kald\u0131rmak i\u00e7in elit ve pahal\u0131 bir zehirdir, bu y\u00fczden buna de\u011fer, maskeleme serumu ile 20g (3 doz, paketlenecek) versiyonun fiyat\u0131, otopside bulunmayacak zehir.<\/h5>\n<h3>Heliotrope zehri Online Sat\u0131n Al\u0131n<\/h3>\n<p>Heliotrope Sat\u0131n Al\u0131n,Heliotrope zehiri sat\u0131n al\u0131n,zehir sat\u0131n almak i\u00e7in en iyi yer, en g\u00fc\u00e7l\u00fc zehirler, otopside tespit edilmeyen zehirler,,kripto ile zehir sat\u0131n al\u0131n,zehir sat\u0131n almak i\u00e7in en iyi yer,<\/p>\n<div class=\"elementor-element elementor-element-44bc7b6 elementor-widget elementor-widget-hfe-infocard\" data-id=\"44bc7b6\" data-element_type=\"widget\" data-widget_type=\"hfe-infocard.default\">\n<div class=\"elementor-widget-container\">\n<div class=\"hfe-infocard\">\n<div class=\"hfe-infocard-title-wrap\">\n<h3 class=\"hfe-infocard-title elementor-inline-editing\" data-elementor-setting-key=\"infocard_title\" data-elementor-inline-editing-toolbar=\"basic\">Zehiri nereden alabilirim<\/h3>\n<\/div>\n<div class=\"hfe-infocard-text-wrap\">\n<div class=\"hfe-infocard-text elementor-inline-editing\" data-elementor-setting-key=\"infocard_description\" data-elementor-inline-editing-toolbar=\"advanced\">Y\u00fcksek kaliteli, \u00fcst d\u00fczey ve d\u00fcnyan\u0131n en zehirli biyokimyasal ajanlar\u0131 ve toksinleri konusunda uzmanla\u015fm\u0131\u015f birinci kayna\u011f\u0131n\u0131z olan Poison Shops'a ho\u015f geldiniz. Almanya, \u0130svi\u00e7re ve Fransa'daki tesislerimizde faaliyet g\u00f6stererek, m\u00fc\u015fterilerimize en \u00fcst d\u00fczey \u00fcr\u00fcn ve hizmetleri sunmay\u0131 taahh\u00fct ediyoruz. Emniyet, g\u00fcvenlik ve m\u00fc\u015fteri memnuniyetine odaklanmam\u0131z bizi sekt\u00f6rde di\u011ferlerinden ay\u0131rmaktad\u0131r.<\/div>\n<\/div>\n<\/div>\n<\/div>\n<\/div>\n<div data-elementor-setting-key=\"infocard_description\" data-elementor-inline-editing-toolbar=\"advanced\"><\/div>\n<div data-elementor-setting-key=\"infocard_description\" data-elementor-inline-editing-toolbar=\"advanced\"><img decoding=\"async\" class=\"wp-image-502 aligncenter\" src=\"https:\/\/poisonshops.com\/wp-content\/uploads\/2025\/11\/Bio-Weapons-240x300.png\" alt=\"Biyolojik Silahlar\" width=\"67\" height=\"84\" srcset=\"https:\/\/poisonshops.com\/wp-content\/uploads\/2025\/11\/Bio-Weapons-240x300.png 240w, https:\/\/poisonshops.com\/wp-content\/uploads\/2025\/11\/Bio-Weapons.png 265w\" sizes=\"(max-width: 67px) 100vw, 67px\" \/><\/div>\n<div class=\"elementor-element elementor-element-44bc7b6 elementor-widget elementor-widget-hfe-infocard\" data-id=\"44bc7b6\" data-element_type=\"widget\" data-widget_type=\"hfe-infocard.default\">\n<div class=\"elementor-widget-container\">\n<div class=\"hfe-infocard\">\n<div class=\"hfe-infocard-text-wrap\">\n<div data-elementor-setting-key=\"infocard_description\" data-elementor-inline-editing-toolbar=\"advanced\">\n<div class=\"elementor-element elementor-element-fcc7a1f elementor-widget elementor-widget-image-box\" data-id=\"fcc7a1f\" data-element_type=\"widget\" data-widget_type=\"image-box.default\">\n<div class=\"elementor-widget-container\">\n<div class=\"elementor-image-box-wrapper\">\n<div class=\"elementor-image-box-content\">\n<h2 class=\"elementor-image-box-title\">Sat\u0131l\u0131k ara\u015ft\u0131rma kimyasallar\u0131<\/h2>\n<p class=\"elementor-image-box-description\">Poison Shops'ta, tehlikeli maddelerin sorumlu bir \u015fekilde paketlenmesi, ta\u015f\u0131nmas\u0131, nakliyesi ve da\u011f\u0131t\u0131m\u0131na \u00f6ncelik vererek uluslararas\u0131 d\u00fczenlemelere titizlikle uyulmas\u0131n\u0131 sa\u011fl\u0131yoruz. Ekibimiz iyi e\u011fitimli ve geli\u015fmi\u015f ki\u015fisel koruyucu ekipman (PPE) ile donat\u0131lm\u0131\u015ft\u0131r ve t\u00fcm g\u00f6nderiler, g\u00fcvenceniz ve g\u00fcvenli\u011finiz i\u00e7in kapsaml\u0131 G\u00fcvenlik Veri Sayfalar\u0131 (SDS) i\u00e7erir. \u00dcr\u00fcn yelpazemiz Arsenik Zehiri, Aconitine, Batrachotoxin, Botulinum Toksin, Siyan\u00fcr, Dimetilciva, Maitotoxin, Polonium-210, Ricin, Sarin, Tetrodotoxin, Nembutal intihar\u0131 ve VR Sinir Ajan\u0131n\u0131 i\u00e7erir.<\/p>\n<div class=\"elementor-element elementor-element-1cf2f8a elementor-widget elementor-widget-image-box\" data-id=\"1cf2f8a\" data-element_type=\"widget\" data-widget_type=\"image-box.default\">\n<div class=\"elementor-widget-container\">\n<div class=\"elementor-image-box-wrapper\">\n<div class=\"elementor-image-box-content\">\n<h2 class=\"elementor-image-box-title\">En iyi ara\u015ft\u0131rma kimyasal\u0131<\/h2>\n<p class=\"elementor-image-box-description\">Zehirlerimizi \/ toksinlerimizi ister Ara\u015ft\u0131rma ama\u00e7l\u0131, ister Merhamet \u00d6ld\u00fcrme (\u00f6tenazi) i\u00e7in isteyin, ister biyolojik silahlar i\u00e7in bir ara\u015ft\u0131rma laboratuvar\u0131 i\u015fletiyor olun, ister etnik temizlik, Suikastlar ger\u00e7ekle\u015ftirmek niyetinde olun, gizli teslimat \u00e7\u00f6z\u00fcmleri ve yaln\u0131zca g\u00fcvenli kripto i\u015flemleri ile g\u00fcvenilir toksinler i\u00e7in Bio Weapons'a g\u00fcvenin. Standart ve ekspres hizmetler dahil olmak \u00fczere, 10.000 \u20ac \u00fczerindeki sipari\u015flerde \u00fccretsiz g\u00f6nderim ile \u00e7e\u015fitli g\u00f6nderim se\u00e7enekleri sunuyoruz. \u00d6zel gereksinimler i\u00e7in, belirli GPS koordinatlar\u0131na \u00f6l\u00fc teslimat hizmeti sunuyoruz. Politikalar\u0131m\u0131z, al\u0131nmayan veya geciken sipari\u015flere odaklanan net bir geri \u00f6deme ve iade politikas\u0131 da dahil olmak \u00fczere g\u00fcvenli ve verimli hizmete olan ba\u011fl\u0131l\u0131\u011f\u0131m\u0131z\u0131 yans\u0131tmaktad\u0131r.<\/p>\n<p><img decoding=\"async\" class=\"wp-image-176 aligncenter\" src=\"https:\/\/poisonshops.com\/wp-content\/uploads\/2025\/11\/poison_shop_logo-300x171.png\" alt=\"Zehir D\u00fckkanlar\u0131\" width=\"123\" height=\"70\" srcset=\"https:\/\/poisonshops.com\/wp-content\/uploads\/2025\/11\/poison_shop_logo-300x171.png 300w, https:\/\/poisonshops.com\/wp-content\/uploads\/2025\/11\/poison_shop_logo.png 563w\" sizes=\"(max-width: 123px) 100vw, 123px\" \/><\/p>\n<div class=\"elementor-element elementor-element-8f65fb9 e-con-full e-flex e-con e-child\" data-id=\"8f65fb9\" data-element_type=\"container\">\n<div class=\"elementor-element elementor-element-005576a elementor-widget elementor-widget-heading\" data-id=\"005576a\" data-element_type=\"widget\" data-widget_type=\"heading.default\">\n<div class=\"elementor-widget-container\">\n<h2 class=\"elementor-heading-title elementor-size-default\">Ara\u015ft\u0131rma kimyasallar\u0131 tedariki<\/h2>\n<\/div>\n<\/div>\n<\/div>\n<div class=\"elementor-element elementor-element-85f2501 e-con-full e-flex e-con e-child\" data-id=\"85f2501\" data-element_type=\"container\">\n<div class=\"elementor-element elementor-element-d9bb7eb elementor-widget elementor-widget-heading\" data-id=\"d9bb7eb\" data-element_type=\"widget\" data-widget_type=\"heading.default\">\n<div class=\"elementor-widget-container\">\n<h5 class=\"elementor-heading-title elementor-size-default\">Poison Shops, en y\u00fcksek d\u00fcr\u00fcstl\u00fck, yenilik ve uzmanl\u0131k standartlar\u0131n\u0131 koruyarak biyokimya end\u00fcstrisinde g\u00fcvenilir bir ortak olarak durmaktad\u0131r. \u00d6zel biyokimyasal ihtiya\u00e7lar\u0131n\u0131z i\u00e7in Bio Weapons'\u0131 se\u00e7ti\u011finiz i\u00e7in te\u015fekk\u00fcr ederiz.<\/h5>\n<div class=\"elementor-element elementor-element-2915af7 elementor-widget elementor-widget-image-box\" data-id=\"2915af7\" data-element_type=\"widget\" data-widget_type=\"image-box.default\">\n<div class=\"elementor-widget-container\">\n<div class=\"elementor-image-box-wrapper\">\n<div class=\"elementor-image-box-content\">\n<h2 class=\"elementor-image-box-title\">Kimyasallar\u0131 \u00e7evrimi\u00e7i ara\u015ft\u0131r\u0131n<\/h2>\n<p class=\"elementor-image-box-description\">Koleksiyonlar\u0131m\u0131z\u0131 bug\u00fcn ke\u015ffedin ve modan\u0131n keyfini ya\u015fay\u0131n. \u015e\u0131k sofistikeli\u011fin \u00f6z\u00fc i\u00e7in \u015fimdi al\u0131\u015fveri\u015f yap\u0131n!<\/p>\n<\/div>\n<\/div>\n<\/div>\n<\/div>\n<\/div>\n<\/div>\n<\/div>\n<\/div>\n<\/div>\n<\/div>\n<\/div>\n<\/div>\n<\/div>\n<\/div>\n<\/div>\n<\/div>\n<\/div>\n<\/div>\n<\/div>\n<\/div>","protected":false},"excerpt":{"rendered":"<p>Heliotrope Powerful and silent poison It is more popular now to use quieter and more secret methods for assassination. Buy Heliotrope Online. Several slow poisons come to the rescue. There is nothing new in this world anymore, and poisons were also used in civilized countries: in ancient Egypt, in Europe in the Middle Ages. Now, [&hellip;]<\/p>\n","protected":false},"featured_media":300,"comment_status":"open","ping_status":"closed","template":"","meta":[],"product_brand":[],"product_cat":[17],"product_tag":[],"class_list":{"0":"post-107","1":"product","2":"type-product","3":"status-publish","4":"has-post-thumbnail","6":"product_cat-poisons-for-sale","8":"first","9":"instock","10":"shipping-taxable","11":"purchasable","12":"product-type-variable"},"_links":{"self":[{"href":"https:\/\/poisonshops.com\/tr\/wp-json\/wp\/v2\/product\/107","targetHints":{"allow":["GET"]}}],"collection":[{"href":"https:\/\/poisonshops.com\/tr\/wp-json\/wp\/v2\/product"}],"about":[{"href":"https:\/\/poisonshops.com\/tr\/wp-json\/wp\/v2\/types\/product"}],"replies":[{"embeddable":true,"href":"https:\/\/poisonshops.com\/tr\/wp-json\/wp\/v2\/comments?post=107"}],"wp:featuredmedia":[{"embeddable":true,"href":"https:\/\/poisonshops.com\/tr\/wp-json\/wp\/v2\/media\/300"}],"wp:attachment":[{"href":"https:\/\/poisonshops.com\/tr\/wp-json\/wp\/v2\/media?parent=107"}],"wp:term":[{"taxonomy":"product_brand","embeddable":true,"href":"https:\/\/poisonshops.com\/tr\/wp-json\/wp\/v2\/product_brand?post=107"},{"taxonomy":"product_cat","embeddable":true,"href":"https:\/\/poisonshops.com\/tr\/wp-json\/wp\/v2\/product_cat?post=107"},{"taxonomy":"product_tag","embeddable":true,"href":"https:\/\/poisonshops.com\/tr\/wp-json\/wp\/v2\/product_tag?post=107"}],"curies":[{"name":"wp","href":"https:\/\/api.w.org\/{rel}","templated":true}]}}