{"id":108,"date":"2017-12-19T09:56:29","date_gmt":"2017-12-19T09:56:29","guid":{"rendered":"https:\/\/wordpress.gradientthemes.com\/brand-shop\/product\/flamingo-tshirt\/"},"modified":"2025-12-08T21:55:27","modified_gmt":"2025-12-08T21:55:27","slug":"scopolamine-seytan-nefesi-satin-al","status":"publish","type":"product","link":"https:\/\/poisonshops.com\/tr\/urun-2\/scopolamine-seytan-nefesi-satin-al\/","title":{"rendered":"Skopolamin (\u015eeytan\u0131n Nefesi) sat\u0131n al\u0131n"},"content":{"rendered":"<h2>Skopolamin \u015eeytan Nefesi Sat\u0131n Al\u0131n<\/h2>\n<p>Hyoscine veya Devil's Breath olarak da bilinen skopolamin, do\u011fal veya sentetik olarak \u00fcretilen bir tropan alkaloid ve ta\u015f\u0131t tutmas\u0131 ve ameliyat sonras\u0131 bulant\u0131 ve kusmay\u0131 tedavi etmek i\u00e7in bir ila\u00e7 olarak kullan\u0131lan antikolinerjik bir ila\u00e7t\u0131r. Bazen ameliyattan \u00f6nce t\u00fck\u00fcr\u00fc\u011f\u00fc azaltmak i\u00e7in de kullan\u0131l\u0131r. Enjeksiyon yoluyla kullan\u0131ld\u0131\u011f\u0131nda etkileri yakla\u015f\u0131k 20 dakika sonra ba\u015flar ve 8 saate kadar s\u00fcrer. A\u011f\u0131zdan da kullan\u0131labilir. Scopolamine Devils Breath Sat\u0131n Al\u0131n.<\/p>\n<h3>Skopolamin ne i\u015fe yarar?<\/h3>\n<p>Skopolamin, antimuskarinik ila\u00e7 ailesinin bir par\u00e7as\u0131d\u0131r ve asetilkolinin sinir sistemi \u00fczerindeki baz\u0131 etkilerini bloke ederek \u00e7al\u0131\u015f\u0131r. Skopolamin ilk olarak 1881 y\u0131l\u0131nda yaz\u0131lm\u0131\u015ft\u0131r ve 1900 civar\u0131nda anestezi i\u00e7in kullan\u0131lmaya ba\u015flanm\u0131\u015ft\u0131r. Skopolamin ayn\u0131 zamanda, y\u00fcksek dozlarda antimuskarinikler taraf\u0131ndan ind\u00fcklenen hal\u00fcsinojenik etkileri nedeniyle tarihsel olarak psikoaktif ila\u00e7lar (delirious olarak bilinir) olarak kullan\u0131lan patl\u0131cangiller ailesindeki baz\u0131 bitkiler taraf\u0131ndan \u00fcretilen ana aktif bile\u015fendir. Bu ba\u011flamlarda, zihin de\u011fi\u015ftirici etkileri e\u011flence ve gizli ama\u00e7lar i\u00e7in kullan\u0131lm\u0131\u015ft\u0131r.<\/p>\n<h4><span class=\"kY2IgmnCmOGjharHErah\">Sat\u0131l\u0131k Online Skopolamin Tozu Sat\u0131n Al\u0131n<\/span><\/h4>\n<p>Ev yap\u0131m\u0131 \u2018ay \u00e7i\u00e7e\u011fi\u2019 \u015farab\u0131ndan skopolamin zehirlenmesi<br \/>\n76 ya\u015f\u0131nda beyaz bir erkek olan LH, 1 saatlik bir s\u00fcre i\u00e7inde 3 \u00e7ay ka\u015f\u0131\u011f\u0131 (15 mL) ev yap\u0131m\u0131 \u015farap i\u00e7mi\u015f ve hastalanm\u0131\u015ft\u0131r. Yakla\u015f\u0131k 1,5 saat sonra, solunum s\u0131k\u0131nt\u0131s\u0131 ve halsizlik belirtileri ile yerel bir hastanenin acil servisine g\u00f6t\u00fcr\u00fclm\u00fc\u015ft\u00fcr. \u015earab\u0131n yap\u0131m\u0131nda kullan\u0131lan bitkinin Angel's trumpet (Datura suaveolens) oldu\u011fu ve de\u011fi\u015fen miktarlarda skopolamin ve atropin i\u00e7erdi\u011fi bildirilmi\u015ftir.<\/p>\n<p>\u015earaptan bir numune al\u0131nm\u0131\u015f ve 97% metanol-3% deiyonize su kullan\u0131larak ters fazl\u0131 HPLC kromatografisi ile bu iki bile\u015fik i\u00e7in analiz edilmi\u015ftir. Filtrelenen \u015farap yakla\u015f\u0131k 29 mg skopolamin\/mL i\u00e7ermekteydi ve bu da toplam 435 mg'l\u0131k bir yutulan doza kar\u015f\u0131l\u0131k gelmekteydi. Atropin tespit edilmemi\u015ftir. Skopolamin TLC ile do\u011frulanm\u0131\u015ft\u0131r. \u0130nsanlarda 50 mg atropin s\u00fclfat\u0131n oral dozunun \u00f6l\u00fcmc\u00fcl oldu\u011fu bildirilmi\u015ftir. Ev yap\u0131m\u0131 \u015farab\u0131n alkol i\u00e7eri\u011fi ve pH 3,8 olmas\u0131 bu bile\u015fi\u011fin bitki materyalinden ekstraksiyonunu artt\u0131rm\u0131\u015f olabilir ve \u015farap fermantasyon s\u00fcreci orijinal ekstrakt\u0131 konsantre etmi\u015f olabilir.<\/p>\n<p><img decoding=\"async\" class=\"wp-image-463 aligncenter\" src=\"https:\/\/poisonshops.com\/wp-content\/uploads\/2025\/11\/tttt-1-204x300.png\" alt=\"Zehir D\u00fckkan\u0131\" width=\"63\" height=\"93\" srcset=\"https:\/\/poisonshops.com\/wp-content\/uploads\/2025\/11\/tttt-1-204x300.png 204w, https:\/\/poisonshops.com\/wp-content\/uploads\/2025\/11\/tttt-1.png 218w\" sizes=\"(max-width: 63px) 100vw, 63px\" \/><\/p>\n<h2>\u00d6l\u00fcm i\u00e7in Dozaj<\/h2>\n<p>Skopolamin k\u00fc\u00e7\u00fck dozlarda 24 saate kadar veya daha uzun s\u00fcre bilin\u00e7 kayb\u0131na neden olur, kurban\u0131n bilin\u00e7siz oldu\u011fu soygunlarda yayg\u0131n olarak kullan\u0131l\u0131r. Ancak 10 mg miktar\u0131nda \u00f6ld\u00fcrmek i\u00e7in yeterlidir ve yiyecek veya i\u00e7eceklerle birlikte kullan\u0131labilir, alkoll\u00fc i\u00e7eceklerde etkisi daha h\u0131zl\u0131d\u0131r, yakla\u015f\u0131k 30 dakika, uyu\u015fuklu\u011fa neden oldu\u011fu i\u00e7in a\u011fr\u0131s\u0131z \u00f6l\u00fcm. Sadece daha hassas otopsilerde tespit edilir. <span class=\"kY2IgmnCmOGjharHErah\">Sat\u0131l\u0131k Online Skopolamin Tozu Sat\u0131n Al\u0131n<\/span>.<\/p>\n<p>skopolamin, filmlerde ger\u00e7ek serum olarak adland\u0131r\u0131l\u0131r, \u00e7ok dikkatli ve kendi takdirinize ba\u011fl\u0131 olarak uygulay\u0131n!<\/p>\n<p><img decoding=\"async\" class=\"wp-image-502 aligncenter\" src=\"https:\/\/poisonshops.com\/wp-content\/uploads\/2025\/11\/Bio-Weapons-240x300.png\" alt=\"Biyolojik Silahlar\" width=\"65\" height=\"81\" srcset=\"https:\/\/poisonshops.com\/wp-content\/uploads\/2025\/11\/Bio-Weapons-240x300.png 240w, https:\/\/poisonshops.com\/wp-content\/uploads\/2025\/11\/Bio-Weapons.png 265w\" sizes=\"(max-width: 65px) 100vw, 65px\" \/><\/p>\n<h3 class=\"LnpumSThxEWMIsDdAT17 CXMyPcQ6nDv47DKFeywM\"><span class=\"EKtkFWMYpwzMKOYr0GYm LQVY1Jpkk8nyJ6HBWKAk\">Skopolamin (\u015eeytan Nefesi) Tozu Online SATIN AL<\/span><\/h3>\n<p><span class=\"kY2IgmnCmOGjharHErah\"><b>Sat\u0131n Al<\/b> <b>skopolamin<\/b> \u00e7evrimi\u00e7i. Hyoscine olarak da bilinen <b>skopolamin<\/b>( <b>\u015eeytan'\u0131n<\/b> <b>Nefes<\/b>), ta\u015f\u0131t tutmas\u0131 ve ameliyat sonras\u0131 bulant\u0131 ve kusma tedavisinde kullan\u0131lan bir ila\u00e7t\u0131r. ta\u015f\u0131t tutmas\u0131 yamas\u0131, deniz tutmas\u0131 yamas\u0131, bulant\u0131 yamas\u0131, transderm scop, dramamine yama, anti bulant\u0131 yamas\u0131, deniz tutmas\u0131 yamas\u0131, hareket <\/span><\/p>\n<p><span class=\"kY2IgmnCmOGjharHErah\"><b>Sat\u0131n Al<\/b> <b>Skopolamin<\/b> Sat\u0131l\u0131k \u00c7evrimi\u00e7i Toz (Burundanga, \u201cThe <b>\u015eeytan'\u0131n<\/b> <b>Nefes<\/b>\u201c, Borrachero, Hyoscine, Angel's Trumpet) olarak da bilinen Hyoscine <b>skopolamin<\/b>, ta\u015f\u0131t tutmas\u0131 ve ameliyat sonras\u0131 bulant\u0131 ve kusmay\u0131 tedavi etmek i\u00e7in kullan\u0131lan bir ila\u00e7t\u0131r.<\/span><\/p>\n<p><span class=\"kY2IgmnCmOGjharHErah\">Teneff\u00fcs ettikten sonra \u201c<b>\u015eeytan'\u0131n<\/b> <b>Nefes<\/b>,\u201d kurbanlar\u0131n\u0131n hayatlar\u0131 boyunca biriktirdikleri paralar\u0131 \u00e7ekip verdiklerini hat\u0131rlamadan uyand\u0131klar\u0131 bilinmektedir. <b>Skopolamin<\/b>, \u201c olarak adland\u0131r\u0131lan\u201c<b>\u015eeytan'\u0131n<\/b> <b>Nefes<\/b>,\u201d genellikle d\u00fcnyan\u0131n en tehlikeli uyu\u015fturucusu olarak an\u0131l\u0131r. \u00c7o\u011funlukla G\u00fcney Amerika'da yayg\u0131nd\u0131r.<\/span><\/p>\n<p><span class=\"kY2IgmnCmOGjharHErah\"><b>\u015eeytan'\u0131n<\/b> <b>Nefes<\/b> G\u00fcney Amerika \u00fclkesi Kolombiya'da yayg\u0131n olan \u201cborrachero\u201d \u00e7al\u0131lar\u0131n\u0131n \u00e7i\u00e7eklerinden elde edilir. Tohumlar toz haline getirildi\u011finde ve kimyasal bir i\u015flemle \u00e7\u0131kar\u0131ld\u0131\u011f\u0131nda, a\u015fa\u011f\u0131dakilere benzer bir kimyasal i\u00e7erir <b>skopolamin<\/b> \u201cburandanga\u201d deniyor. Scopolamine devils breath sat\u0131n al.<\/span><\/p>\n<h3>Online Sat\u0131l\u0131k Skopolamin<\/h3>\n<p><img decoding=\"async\" class=\"wp-image-176 aligncenter\" src=\"https:\/\/poisonshops.com\/wp-content\/uploads\/2025\/11\/poison_shop_logo-300x171.png\" alt=\"Zehir D\u00fckkanlar\u0131\" width=\"118\" height=\"67\" srcset=\"https:\/\/poisonshops.com\/wp-content\/uploads\/2025\/11\/poison_shop_logo-300x171.png 300w, https:\/\/poisonshops.com\/wp-content\/uploads\/2025\/11\/poison_shop_logo.png 563w\" sizes=\"(max-width: 118px) 100vw, 118px\" \/><\/p>","protected":false},"excerpt":{"rendered":"<p>Buy Scopolamine Devils Breath Scopolamine, also known as hyoscine, or Devil\u2019s Breath, is a natural or synthetically produced tropane alkaloid and anticholinergic medication that is used as a medication to treat motion sickness and postoperative nausea and vomiting. It is also sometimes used before surgery to decrease saliva. When used by injection, the effects begin [&hellip;]<\/p>\n","protected":false},"featured_media":313,"comment_status":"open","ping_status":"closed","template":"","meta":[],"product_brand":[],"product_cat":[17],"product_tag":[],"class_list":{"0":"post-108","1":"product","2":"type-product","3":"status-publish","4":"has-post-thumbnail","6":"product_cat-poisons-for-sale","8":"first","9":"instock","10":"shipping-taxable","11":"purchasable","12":"product-type-variable"},"_links":{"self":[{"href":"https:\/\/poisonshops.com\/tr\/wp-json\/wp\/v2\/product\/108","targetHints":{"allow":["GET"]}}],"collection":[{"href":"https:\/\/poisonshops.com\/tr\/wp-json\/wp\/v2\/product"}],"about":[{"href":"https:\/\/poisonshops.com\/tr\/wp-json\/wp\/v2\/types\/product"}],"replies":[{"embeddable":true,"href":"https:\/\/poisonshops.com\/tr\/wp-json\/wp\/v2\/comments?post=108"}],"wp:featuredmedia":[{"embeddable":true,"href":"https:\/\/poisonshops.com\/tr\/wp-json\/wp\/v2\/media\/313"}],"wp:attachment":[{"href":"https:\/\/poisonshops.com\/tr\/wp-json\/wp\/v2\/media?parent=108"}],"wp:term":[{"taxonomy":"product_brand","embeddable":true,"href":"https:\/\/poisonshops.com\/tr\/wp-json\/wp\/v2\/product_brand?post=108"},{"taxonomy":"product_cat","embeddable":true,"href":"https:\/\/poisonshops.com\/tr\/wp-json\/wp\/v2\/product_cat?post=108"},{"taxonomy":"product_tag","embeddable":true,"href":"https:\/\/poisonshops.com\/tr\/wp-json\/wp\/v2\/product_tag?post=108"}],"curies":[{"name":"wp","href":"https:\/\/api.w.org\/{rel}","templated":true}]}}