{"id":109,"date":"2017-12-19T09:56:26","date_gmt":"2017-12-19T09:56:26","guid":{"rendered":"https:\/\/wordpress.gradientthemes.com\/brand-shop\/product\/purple-tshirt\/"},"modified":"2025-12-08T22:12:48","modified_gmt":"2025-12-08T22:12:48","slug":"siyanur","status":"publish","type":"product","link":"https:\/\/poisonshops.com\/tr\/urun-2\/siyanur\/","title":{"rendered":"Siyan\u00fcr"},"content":{"rendered":"<h2>\u00c7evrimi\u00e7i Sat\u0131l\u0131k Siyan\u00fcr<\/h2>\n<h4>Genel Bak\u0131\u015f<\/h4>\n<p>Siyan\u00fcr, hidrojen siyan\u00fcr (HCN) ve siyan\u00fcr tuzlar\u0131 (\u00f6rn. potasyum siyan\u00fcr, sodyum siyan\u00fcr) dahil olmak \u00fczere \u00e7e\u015fitli \u015fekillerde bulunabilen, h\u0131zl\u0131 etki eden, potansiyel olarak \u00f6l\u00fcmc\u00fcl bir kimyasald\u0131r. V\u00fccudun oksijen kullanma yetene\u011fine m\u00fcdahale ederek h\u00fccresel bo\u011fulmaya yol a\u00e7ar. \u00c7evrimi\u00e7i Sat\u0131l\u0131k Siyan\u00fcr.<\/p>\n<h4>Etki Mekanizmas\u0131<\/h4>\n<p>Siyan\u00fcr, mitokondrinin elektron ta\u015f\u0131ma zincirinde kritik bir enzim olan sitokrom c oksidaz\u0131 inhibe eder. Bu inhibisyon, h\u00fccrelerin oksijen kullanmas\u0131n\u0131 engelleyerek metabolik kapanmaya ve h\u00fccre \u00f6l\u00fcm\u00fcne yol a\u00e7ar. \u00c7evrimi\u00e7i Sat\u0131l\u0131k Siyan\u00fcr.<\/p>\n<h4>Nas\u0131l \u00d6ld\u00fcr\u00fcr<\/h4>\n<p>Maruz kal\u0131nd\u0131\u011f\u0131nda siyan\u00fcr h\u0131zla kan dola\u015f\u0131m\u0131na girer ve h\u00fccreler taraf\u0131ndan oksijen ta\u015f\u0131nmas\u0131n\u0131 ve kullan\u0131m\u0131n\u0131 engeller. Semptomlar, maruz kalma yoluna ve miktar\u0131na ba\u011fl\u0131 olarak saniyeler ila dakikalar i\u00e7inde ortaya \u00e7\u0131kabilir ve h\u0131zl\u0131 nefes alma, ba\u015f a\u011fr\u0131s\u0131, ba\u015f d\u00f6nmesi, n\u00f6betler, koma ve solunum yetmezli\u011finden \u00f6l\u00fcm\u00fc i\u00e7erebilir.<\/p>\n<h3>Karanl\u0131k a\u011fda zehir sat\u0131n al\u0131n<\/h3>\n<h4>\u00d6ld\u00fcrmek i\u00e7in Gereken Miktar<\/h4>\n<p>Siyan\u00fcr\u00fcn \u00f6ld\u00fcr\u00fcc\u00fc dozu, maruz kalma yolu ve bireysel tolerans gibi fakt\u00f6rlere ba\u011fl\u0131 olarak de\u011fi\u015fir. Yeti\u015fkin bir insan i\u00e7in 50-200 mg kadar az miktarda potasyum siyan\u00fcr yutulmas\u0131 \u00f6l\u00fcmc\u00fcl olabilir. \u00c7evrimi\u00e7i Sat\u0131l\u0131k Siyan\u00fcr Zehiri.<\/p>\n<h4>Belirtiler ve Semptomlar<\/h4>\n<p>Siyan\u00fcr zehirlenmesinin belirtileri \u015funlard\u0131r:<\/p>\n<ul>\n<li><strong>\u0130lk Belirtiler<\/strong>: Anksiyete, kafa kar\u0131\u015f\u0131kl\u0131\u011f\u0131, h\u0131zl\u0131 nefes alma ve mide bulant\u0131s\u0131.<\/li>\n<li><strong>\u0130lerleyen Belirtiler<\/strong>: Ba\u015f a\u011fr\u0131s\u0131, ba\u015f d\u00f6nmesi, n\u00f6betler, bilin\u00e7 kayb\u0131 ve kalp durmas\u0131.<\/li>\n<\/ul>\n<h4>Formlar ve Kaynaklar<\/h4>\n<p>Siyan\u00fcr i\u00e7inde bulunabilir:<\/p>\n<ul>\n<li><strong>End\u00fcstriyel Ayarlar<\/strong>: Alt\u0131n madencili\u011finde, metal kaplamada ve kimyasal imalatta kullan\u0131l\u0131r.<\/li>\n<li><strong>Do\u011fal Kaynaklar<\/strong>: Baz\u0131 bitkiler, metabolize olduklar\u0131nda siyan\u00fcr a\u00e7\u0131\u011fa \u00e7\u0131karabilen siyanojenik glikozitler \u00fcretir.<\/li>\n<\/ul>\n<h4>Tespit ve Tedavi<\/h4>\n<ul>\n<li><strong>Alg\u0131lama<\/strong>: Te\u015fhis semptomlara dayan\u0131r ve siyan\u00fcr seviyelerini \u00f6l\u00e7en kan testleri ile do\u011frulan\u0131r.<\/li>\n<li><strong>Tedavi<\/strong>: Siyan\u00fcr\u00fc detoksifiye etmek i\u00e7in hidroksokobalamin veya sodyum tiyos\u00fclfat gibi antidotlar\u0131n derhal uygulanmas\u0131. Destekleyici bak\u0131m oksijen tedavisi ve kardiyovask\u00fcler deste\u011fi i\u00e7erir. Zehirleri \u00e7evrimi\u00e7i ucuz ve g\u00fcvenli sat\u0131n al\u0131n.<\/li>\n<\/ul>\n<h4>\u00d6nleme<\/h4>\n<ul>\n<li><strong>G\u00fcvenlik \u00d6nlemleri<\/strong>: End\u00fcstriyel ortamlarda uygun havaland\u0131rma ve ki\u015fisel koruyucu ekipman (KKE). Do\u011fal ortamlarda potansiyel olarak toksik bitkilerin yutulmas\u0131ndan ka\u00e7\u0131n\u0131lmas\u0131.<\/li>\n<\/ul>\n<h4>Sonu\u00e7<\/h4>\n<p>Siyan\u00fcr, h\u00fccresel oksijen kullan\u0131m\u0131na m\u00fcdahale ederek h\u0131zl\u0131 ve potansiyel olarak \u00f6l\u00fcmc\u00fcl zehirlenmelere neden olan olduk\u00e7a toksik bir kimyasald\u0131r. Mekanizmalar\u0131n\u0131, semptomlar\u0131n\u0131 ve acil tedavisini anlamak, maruziyetle ili\u015fkili riskleri azaltmak i\u00e7in \u00e7ok \u00f6nemlidir. Dark Web Poisons'\u0131 sat\u0131n al\u0131n.<\/p>\n<p><img decoding=\"async\" class=\"wp-image-463 aligncenter\" src=\"https:\/\/poisonshops.com\/wp-content\/uploads\/2025\/11\/tttt-1-204x300.png\" alt=\"Zehir D\u00fckkan\u0131\" width=\"54\" height=\"79\" srcset=\"https:\/\/poisonshops.com\/wp-content\/uploads\/2025\/11\/tttt-1-204x300.png 204w, https:\/\/poisonshops.com\/wp-content\/uploads\/2025\/11\/tttt-1.png 218w\" sizes=\"(max-width: 54px) 100vw, 54px\" \/><\/p>\n<h3>Karanl\u0131k a\u011fda zehir sat\u0131n al\u0131n<\/h3>\n<p>Bir\u00e7ok doktor bir ki\u015finin evde nas\u0131l zehirlenece\u011fini ve \u015f\u00fcpheli i\u015faretlerden nas\u0131l ka\u00e7\u0131n\u0131laca\u011f\u0131n\u0131 bilir, ancak bu hala bir su\u00e7tur. Bununla birlikte, g\u00fcn\u00fcm\u00fczde baz\u0131 insanlar rakiplerini ortadan kald\u0131rmak i\u00e7in bu y\u00f6nteme ba\u015fvurmaktad\u0131r, bu genellikle su\u00e7 topluluklar\u0131nda ger\u00e7ekle\u015fmektedir.<\/p>\n<p>Bir insan\u0131 nas\u0131l zehirleyece\u011finizi biliyorsan\u0131z, do\u011fal kaynakl\u0131 \u00fcr\u00fcnler bile tehlikelidir. \u00d6l\u00fcme sadece patojenler de\u011fil, bile\u015fikler de neden olabilir. \u0130yi bilinen bir zehir, protein ortam\u0131nda yo\u011fun bir \u015fekilde \u00e7o\u011falabilen \u00f6zel mikroplar taraf\u0131ndan \u00fcretilen botulinum toksinidir. Bozulmu\u015f konserve yiyecekleri, mantarlar\u0131 ve di\u011fer \u00fcr\u00fcnleri yedikten sonra zehirlenmeye neden olur. Sindirim sisteminde bu toksin enzimler taraf\u0131ndan yok edilmez, ancak mide ve ba\u011f\u0131rsaklar\u0131n mukoza zarlar\u0131na emilir.<\/p>\n<p>Bir ki\u015fiyi zehirleyerek \u00f6ld\u00fcrmeyi d\u00fc\u015f\u00fcnen ki\u015filer, bu durumda \u00f6l\u00fcm\u00fcn olduk\u00e7a nadir olmas\u0131 nedeniyle botulinum toksini nadiren tercih ederler.<\/p>\n<p>Ancak, hastal\u0131k belirtileri her zaman son yedikleri yemekle ili\u015fkilendirilebilir; bu s\u0131rada konserve yiyecekler, sosisler ve di\u011fer g\u00fcvenli olmayan yiyecekler t\u00fcketmi\u015f olabilirler. Zehirlenme belirtileri mide bulant\u0131s\u0131, kusma ve kuru cilt olup, ard\u0131ndan \u00e7izgili kaslarda fel\u00e7 geli\u015fir.<\/p>\n<p>\u00c7o\u011fu insan hint ya\u011f\u0131n\u0131 bilir, ancak hint fasulyesi tohumlar\u0131nda bulunan bir toksin olan risini bilen \u00e7ok azd\u0131r. Bir ki\u015fiyi gizlice zehirlemek i\u00e7in bir ara\u00e7 arayan su\u00e7lular genellikle bu zehri tercih ederler. S\u0131v\u0131 i\u00e7inde \u00e7\u00f6z\u00fcnen beyaz, kokusuz kristallerdir, ancak sulu \u00e7\u00f6zelti kaynat\u0131ld\u0131\u011f\u0131nda risinin tehlikeli \u00f6zellikleri ortadan kalkar.<\/p>\n<p>Bu zehirli madde deriden ge\u00e7mez, sadece v\u00fccuda girdi\u011finde etki eder. Ricin zehirlenmesi durumunda, zehirlenmenin gizli s\u00fcresi 15 ila 24 saat aras\u0131nda de\u011fi\u015fir, bazen belirtiler daha erken ortaya \u00e7\u0131kar. Ba\u011f\u0131rsak koli\u011fi, kanl\u0131 ishal, bulant\u0131 ve kusman\u0131n yan\u0131 s\u0131ra g\u00f6z retinas\u0131nda kanamalar olabilir.<\/p>\n<p><img decoding=\"async\" class=\"wp-image-502 aligncenter\" src=\"https:\/\/poisonshops.com\/wp-content\/uploads\/2025\/11\/Bio-Weapons-240x300.png\" alt=\"Biyolojik Silahlar\" width=\"78\" height=\"97\" srcset=\"https:\/\/poisonshops.com\/wp-content\/uploads\/2025\/11\/Bio-Weapons-240x300.png 240w, https:\/\/poisonshops.com\/wp-content\/uploads\/2025\/11\/Bio-Weapons.png 265w\" sizes=\"(max-width: 78px) 100vw, 78px\" \/><\/p>\n<p>Hint fasulyesi tohumlar\u0131n\u0131n \u00f6nemli bir k\u0131sm\u0131 v\u00fccuda girdi\u011finde, i\u00e7 organlar\u0131n hasar g\u00f6rmesi ve a\u015f\u0131r\u0131 kanama nedeniyle 6 g\u00fcn sonra \u00f6l\u00fcm meydana gelir.<\/p>\n<p>Bir ki\u015fiyi h\u0131zl\u0131 bir \u015fekilde zehirlemenin yollar\u0131n\u0131 arayan su\u00e7lular bazen bu zehri tercih ederler. Ancak \u00f6l\u00fcm nadiren g\u00f6r\u00fcl\u00fcr.<\/p>\n<p>\u00d6l\u00fcm \u015fapkas\u0131n\u0131n zehri, bir insan\u0131 nas\u0131l zehirleyerek \u00f6ld\u00fcreceklerini bilen orta\u00e7a\u011f politikac\u0131lar\u0131 ve \u015fifac\u0131lar\u0131 taraf\u0131ndan biliniyordu. G\u00fcn\u00fcm\u00fczde bilim insanlar\u0131 bu mantar\u0131n h\u0131zl\u0131 ve geri d\u00f6nd\u00fcr\u00fclemez bir \u015fekilde etki eden phalloidins ve alpha-amanitins gibi toksinler i\u00e7erdi\u011fini bulmu\u015flard\u0131r; bu maddeler \u0131s\u0131l i\u015flem s\u0131ras\u0131nda par\u00e7alanmamaktad\u0131r.<\/p>\n<p>Herhangi bir endi\u015fe verici belirti g\u00f6stermeyen latent d\u00f6nem, b\u00fcy\u00fck miktarda zehir kan dola\u015f\u0131m\u0131na girip korkun\u00e7 zehirlenme belirtilerine neden olmadan \u00f6nce 40 saate kadar s\u00fcrer. \u0130shal, kusma ve v\u00fccudun dehidrasyonu ile ciltte solukluk ve kalp at\u0131\u015f h\u0131z\u0131nda art\u0131\u015f ile karakterizedir. Birka\u00e7 g\u00fcn sonra, karaci\u011fer ve b\u00f6brekler gibi i\u00e7 organlarda yayg\u0131n hasar meydana gelir, toksik hepatit geli\u015fir ve ard\u0131ndan \u00f6l\u00fcm ger\u00e7ekle\u015fir.<\/p>\n<p>Yukar\u0131da belirtilen y\u00f6ntemleri dikkate almadan bir ki\u015fiyi nas\u0131l zehirleyebilirsiniz? Bu ama\u00e7la a\u015fa\u011f\u0131daki bile\u015fenler kullan\u0131l\u0131r:<\/p>\n<ul class=\"wp-block-list\">\n<li>atropin;<\/li>\n<li>solanin;<\/li>\n<li>aflatoksin.<\/li>\n<\/ul>\n<p>Atropin, alkaloid grubundan bir maddedir ve belladonna, datura, henbane ve di\u011fer bitkilerde bulunur. Zehirlenmenin belirtileri, zehirin al\u0131nmas\u0131ndan 1 saat sonra ortaya \u00e7\u0131kar ve zehirlenme derecesi farkl\u0131l\u0131k g\u00f6sterebilir.<\/p>\n<p><img decoding=\"async\" class=\"wp-image-176 aligncenter\" src=\"https:\/\/poisonshops.com\/wp-content\/uploads\/2025\/11\/poison_shop_logo-300x171.png\" alt=\"Zehir D\u00fckkanlar\u0131\" width=\"96\" height=\"55\" srcset=\"https:\/\/poisonshops.com\/wp-content\/uploads\/2025\/11\/poison_shop_logo-300x171.png 300w, https:\/\/poisonshops.com\/wp-content\/uploads\/2025\/11\/poison_shop_logo.png 563w\" sizes=\"(max-width: 96px) 100vw, 96px\" \/><\/p>\n<h3>Zehirleri \u00e7evrimi\u00e7i ucuz ve g\u00fcvenli sat\u0131n al\u0131n<\/h3>\n<p>Atropinin beyin yap\u0131s\u0131n\u0131 etkiledi\u011fi, koordinasyon bozuklu\u011funa, kalp ve akci\u011fer hasar\u0131na neden oldu\u011fu bilinmektedir. \u00d6l\u00fcmc\u00fcl sonu\u00e7, toksinin yetersiz dozu nedeniyle nadiren ortaya \u00e7\u0131kar.<\/p>\n<p>Bir insan\u0131 k\u0131sa s\u00fcreli nas\u0131l zehirlersiniz? Bu durumda, k\u00f6k sebzelerde bulunan solanin iyi bir se\u00e7enektir. Sadece patateslerde de\u011fil, domates ve patl\u0131canda da bulunabilir.<\/p>\n<p>Zehirlenme kendini mide bulant\u0131s\u0131, kusma, kar\u0131n kramp\u0131 ve a\u011f\u0131zda ac\u0131 hissi \u015feklinde g\u00f6sterir. Bununla birlikte, y\u00fcksek dozda solanin t\u00fcketme olas\u0131l\u0131\u011f\u0131n\u0131z yoktur, bu nedenle kurbanlar \u00f6l\u00fcmle kar\u015f\u0131 kar\u015f\u0131ya kalmazlar.<\/p>\n<p>Bunun yan\u0131 s\u0131ra, mikroskobik bir mantar taraf\u0131ndan salg\u0131lanan bir grup toksik madde olan aflatoksinler, zehirlenme i\u00e7in yayg\u0131n bir y\u00f6ntemdir. Uygun olmayan \u015fekilde saklan\u0131rsa, kurutulmu\u015f meyveler, s\u00fct, pirin\u00e7, \u00e7ay ve sayma gibi \u00e7e\u015fitli g\u0131da \u00fcr\u00fcnlerinde g\u00f6r\u00fcl\u00fcr. Siyan\u00fcr Zehiri online sat\u0131n al\u0131n.<\/p>","protected":false},"excerpt":{"rendered":"<p>Cyanide For Sale Online Overview Cyanide is a rapidly acting, potentially deadly chemical that can exist in various forms, including hydrogen cyanide (HCN) and cyanide salts (e.g., potassium cyanide, sodium cyanide). It interferes with the body\u2019s ability to use oxygen, leading to cellular asphyxiation. Cyanide For Sale Online. Mechanism of Action Cyanide inhibits cytochrome c [&hellip;]<\/p>\n","protected":false},"featured_media":320,"comment_status":"open","ping_status":"closed","template":"","meta":[],"product_brand":[],"product_cat":[17],"product_tag":[],"class_list":{"0":"post-109","1":"product","2":"type-product","3":"status-publish","4":"has-post-thumbnail","6":"product_cat-poisons-for-sale","8":"first","9":"instock","10":"shipping-taxable","11":"purchasable","12":"product-type-variable"},"_links":{"self":[{"href":"https:\/\/poisonshops.com\/tr\/wp-json\/wp\/v2\/product\/109","targetHints":{"allow":["GET"]}}],"collection":[{"href":"https:\/\/poisonshops.com\/tr\/wp-json\/wp\/v2\/product"}],"about":[{"href":"https:\/\/poisonshops.com\/tr\/wp-json\/wp\/v2\/types\/product"}],"replies":[{"embeddable":true,"href":"https:\/\/poisonshops.com\/tr\/wp-json\/wp\/v2\/comments?post=109"}],"wp:featuredmedia":[{"embeddable":true,"href":"https:\/\/poisonshops.com\/tr\/wp-json\/wp\/v2\/media\/320"}],"wp:attachment":[{"href":"https:\/\/poisonshops.com\/tr\/wp-json\/wp\/v2\/media?parent=109"}],"wp:term":[{"taxonomy":"product_brand","embeddable":true,"href":"https:\/\/poisonshops.com\/tr\/wp-json\/wp\/v2\/product_brand?post=109"},{"taxonomy":"product_cat","embeddable":true,"href":"https:\/\/poisonshops.com\/tr\/wp-json\/wp\/v2\/product_cat?post=109"},{"taxonomy":"product_tag","embeddable":true,"href":"https:\/\/poisonshops.com\/tr\/wp-json\/wp\/v2\/product_tag?post=109"}],"curies":[{"name":"wp","href":"https:\/\/api.w.org\/{rel}","templated":true}]}}