{"id":110,"date":"2017-12-19T09:54:28","date_gmt":"2017-12-19T09:54:28","guid":{"rendered":"https:\/\/wordpress.gradientthemes.com\/brand-shop\/product\/white-underground-tshirt\/"},"modified":"2025-11-20T10:50:23","modified_gmt":"2025-11-20T10:50:23","slug":"digoksin","status":"publish","type":"product","link":"https:\/\/poisonshops.com\/tr\/urun-2\/digoksin\/","title":{"rendered":"Digoksin"},"content":{"rendered":"<h2><span id=\"What_is_digoxin_toxicity\">Digoksin toksisitesi nedir<\/span><\/h2>\n<p><strong>Digoksin<\/strong>\u00a0Dijitalis toksisitesi olarak da bilinen toksisite, dijitalis tedavisi ile ilgili bir sorun olabilir. Tek seferde \u00e7ok fazla digoksin ald\u0131\u011f\u0131n\u0131zda ortaya \u00e7\u0131kabilir. Digoksin toksisitesi, ba\u015fka nedenlerle ila\u00e7 seviyeleri y\u00fckseldi\u011finde de ortaya \u00e7\u0131kabilir. Digoksin, konjestif kalp yetmezli\u011fi olan hastalarda tekrarlayan semptomlar\u0131 hafifletmek i\u00e7in nispeten g\u00fcvenli, ucuz ve etkili bir tedavidir. Digoksin, Digitalis lanata t\u00fcr\u00fcnden elde edilir ve ilk olarak 1785 y\u0131l\u0131nda William Withering taraf\u0131ndan tan\u0131mlanm\u0131\u015ft\u0131r. Digoksin bazen kardiyak kontraktiliteyi art\u0131rmak (pozitif inotrop) ve kalp h\u0131z\u0131n\u0131 kontrol etmek i\u00e7in (\u00f6rne\u011fin h\u0131zl\u0131 atriyal fibrilasyonda) anti-aritmik bir ajan olarak kullan\u0131l\u0131r. Beta blokerler gibi daha \u00fcst\u00fcn h\u0131z s\u0131n\u0131rlay\u0131c\u0131 ajanlar art\u0131k ilk basamak ajan olarak digoksinin yerini alm\u0131\u015ft\u0131r, ancak kalp yetmezli\u011fi ile ili\u015fkili atriyal fibrilasyonda (A Fib) rol\u00fc \u00f6nemini korumaktad\u0131r.<\/p>\n<p><strong>Digoksin<\/strong>\u00a0- Digitalis glikozidleri kalp hastal\u0131klar\u0131 i\u00e7in bir ila\u00e7t\u0131r, ancak dedikleri gibi, ila\u00e7 ile zehir aras\u0131ndaki tek fark miktard\u0131r.<\/p>\n<p>Doz a\u015f\u0131m\u0131 oldu\u011funda, birka\u00e7 saat i\u00e7inde ani ve ac\u0131 verici \u00f6l\u00fcm meydana gelebilir; e\u011fer bir ki\u015fi bunu ila\u00e7 olarak kullan\u0131yorsa, zehirlenmeyi a\u015f\u0131r\u0131 doz olarak kolayca gizleyebilirsiniz.<\/p>\n<p>Digoksin kalp yetmezli\u011fi ve baz\u0131 kardiyak aritmi t\u00fcrlerini tedavi etmek i\u00e7in kullan\u0131lsa da, digitoksinlerin \u00e7e\u015fitli dokulara da\u011f\u0131l\u0131m\u0131 tipik olarak birka\u00e7 saat s\u00fcrer, yani h\u0131zl\u0131 bir \u00f6ld\u00fcrme de\u011fildir; istenen etkiyi g\u00f6stermesi yakla\u015f\u0131k 4 ila 6 saat s\u00fcrer, bu nedenle \u00f6l\u00fcm, kardiyovask\u00fcler \u00e7\u00f6k\u00fc\u015f, a\u015f\u0131r\u0131 \u00e7arp\u0131nt\u0131 ani ve a\u011fr\u0131l\u0131 \u00f6l\u00fcme yol a\u00e7an anormal bir kalp ritmi ile ili\u015fkilidir.<\/p>\n<p><strong>Digoksin toksisitesinin belirtileri \u015funlard\u0131r:<\/strong><\/p>\n<ul>\n<li>uyu\u015fukluk<\/li>\n<li>bulant\u0131 ve kusma<\/li>\n<li>\u0130SHAL<\/li>\n<li>kar\u0131n a\u011fr\u0131s\u0131<\/li>\n<li>g\u00f6rsel rahats\u0131zl\u0131klar<\/li>\n<li>hal\u00fcsinasyonlar ve deliryum<\/li>\n<li>\u015fiddetli ba\u015f a\u011fr\u0131s\u0131.<\/li>\n<\/ul>\n<p>Digoksin toksisitesinin klinik \u00f6zellikleri genellikle spesifik de\u011fildir. Bunlar genellikle letarji, konf\u00fczyon ve gastrointestinal semptomlar\u0131 (anoreksi, bulant\u0131, kusma, diyare ve kar\u0131n a\u011fr\u0131s\u0131) i\u00e7erir. G\u00f6rsel etkiler (bulan\u0131k g\u00f6rme, renk bozukluklar\u0131, haleler ve skotomlar) \u00e7a\u011fda\u015f uygulamada daha nadirdir. \u00d6l\u00fcmlerin \u00e7o\u011funu kardiyak aritmiler olu\u015fturmaktad\u0131r (Kardiyak aritmiden \u00f6l\u00fcm).<\/p>\n<p>Digoksin toksisitesi, serum digoksin konsantrasyonu terap\u00f6tik aral\u0131kta oldu\u011funda ortaya \u00e7\u0131kabilir ve ortaya \u00e7\u0131kan \u00f6zellikler genellikle spesifik olmad\u0131\u011f\u0131ndan tan\u0131 koymak zor olabilir.<\/p>\n<p>Digoksin toksisitesi v\u00fccuttaki y\u00fcksek digoksin seviyelerinden kaynaklanabilir (10 kaps\u00fcl yeterlidir). D\u00fc\u015f\u00fck ila\u00e7 tolerans\u0131 da digoksin toksisitesine neden olabilir.<\/p>\n<h3><span id=\"Signs_and_symptoms_of_digoxin_toxicity\">Digoksin toksisitesinin belirti ve semptomlar\u0131<\/span><\/h3>\n<p>Hastalar tek bir toksik dozun a\u011f\u0131z yoluyla al\u0131nmas\u0131ndan sonra birka\u00e7 dakika ile birka\u00e7 saat aras\u0131nda asemptomatik bir d\u00f6nem ge\u00e7irebilir. Klinik belirtiler toksisitenin \u015fiddetine ba\u011fl\u0131 olarak hafif veya belirgin olabilir. Akut toksisite nadiren silikken, kronik toksisitenin te\u015fhis edilmesi zor olabilir. Bulant\u0131, kusma ve uyu\u015fukluk en yayg\u0131n kalp d\u0131\u015f\u0131 belirtiler aras\u0131ndad\u0131r. G\u00f6rsel de\u011fi\u015fiklikler genellikle kronik toksisitesi olan hastalar\u0131 etkiler. Vital bulgular ile n\u00f6rolojik ve kardiyovask\u00fcler bulgular \u00fczerinde durulmal\u0131d\u0131r.<\/p>\n<p>Hastan\u0131n zihinsel durumu digoksin toksisitesinin ciddiyetine ve e\u015flik eden komorbid durumlara g\u00f6re de\u011fi\u015febilir. Hastada g\u00f6rsel de\u011fi\u015fiklikler g\u00f6r\u00fclebilse de, g\u00f6z bebekleri korunur ve objektif bulgular azd\u0131r. \u0130laca ba\u011fl\u0131 ate\u015f olu\u015fmaz.<\/p>\n<p>Hastada atriyal fibrilasyon veya digoksin toksisitesinin kendisinden kaynaklanan aritmi varsa nab\u0131z d\u00fczensiz olabilir. Hastada kronik kalp yetmezli\u011fi veya oral al\u0131m\u0131n azalmas\u0131na ba\u011fl\u0131 dehidrasyon varsa hipotansiyon g\u00f6r\u00fclebilir. Boyun bulgular\u0131 aras\u0131nda juguler ven\u00f6z bas\u0131n\u00e7 art\u0131\u015f\u0131 yer al\u0131r.<\/p>\n<p>Hemodinamik instabilite do\u011frudan bir disritmi varl\u0131\u011f\u0131na veya kronik kalp yetmezli\u011finin (KKY) akut alevlenmesine ba\u011fl\u0131d\u0131r. \u0130li\u015fkili kardiyomegali tespit edilebilir. Fizik muayenede kardiyovask\u00fcler bulgular KKY, disritmiler veya hemodinamik instabilitenin ciddiyetiyle ilgilidir.<\/p>\n<p>Solunum h\u0131z\u0131 bazen artar. Bazal krepitasyonlar KKY ile ili\u015fkilidir. GI semptomlar\u0131 yayg\u0131n olmas\u0131na ra\u011fmen, kar\u0131n muayenesi genellikle nonspesifiktir. KKY'ye sekonder b\u00fcy\u00fcm\u00fc\u015f bir karaci\u011fer (yani hepatik konjesyon) palpe edilebilir. Hepatojuguler refl\u00fc mevcuttur. Hastada b\u00f6brek yetmezli\u011fi veya dekompanse KKY varsa pedal \u00f6dem g\u00f6r\u00fcl\u00fcr.<\/p>\n<p>N\u00f6rolojik bulgular duyu veya zihinsel durumdaki de\u011fi\u015fikliklerle ilgilidir. Lateralize bulgular genellikle ba\u015fka bir hastal\u0131k s\u00fcrecine i\u015faret eder.<\/p>\n<p><strong>Bunlar digoksin toksisitesinin belirtileridir:<\/strong><\/p>\n<ul>\n<li>Kar\u0131\u015f\u0131kl\u0131k<\/li>\n<li>D\u00fczensiz nab\u0131z<\/li>\n<li>\u0130\u015ftah kayb\u0131<\/li>\n<li>Bulant\u0131, kusma, ishal<\/li>\n<li>H\u0131zl\u0131 kalp at\u0131\u015f\u0131<\/li>\n<li>K\u00f6r noktalar, bulan\u0131k g\u00f6rme, renklerin g\u00f6r\u00fcn\u00fcm\u00fcnde de\u011fi\u015fiklikler veya lekeler g\u00f6rme gibi g\u00f6rme de\u011fi\u015fiklikleri (ola\u011fand\u0131\u015f\u0131)<\/li>\n<\/ul>\n<p><strong>Di\u011fer digoksin toksisitesi belirtileri \u015funlar\u0131 i\u00e7erebilir:<\/strong><\/p>\n<ul>\n<li>Azalm\u0131\u015f bilin\u00e7<\/li>\n<li>\u0130drar \u00e7\u0131k\u0131\u015f\u0131nda azalma<\/li>\n<li>Yatarken nefes almada g\u00fc\u00e7l\u00fck<\/li>\n<li>Gece a\u015f\u0131r\u0131 idrara \u00e7\u0131kma<\/li>\n<li>Genel \u015fi\u015fme<\/li>\n<\/ul>\n<p>Digitalis toksisitesi MSS (merkezi sinir sistemi), g\u00f6rsel, gastrointestinal ve kardiyak belirtiler olu\u015fturur. Bulant\u0131, kusma ve uyu\u015fukluk en yayg\u0131n ekstrakardiyak belirtiler aras\u0131ndad\u0131r.<\/p>\n<h3>Digoksin toksisitesi, olas\u0131 komplikasyonlar<\/h3>\n<p>Digoksin toksisitesinin komplikasyonlar\u0131 \u015funlar\u0131 i\u00e7erebilir:<\/p>\n<p>D\u00fczensiz,<strong>\u00a0\u00f6l\u00fcmc\u00fcl<\/strong>\u00a0kalp ritimleri<br \/>\nKardiyak yetersizlik<\/p>\n<p><span class=\"HwtZe\" lang=\"en\"><span class=\"jCAhz ChMk0b\"><span class=\"ryNqvb\">Akut al\u0131mdan 6-8 saat sonra belirlenen seviyeler mutlaka \u00f6l\u00fcmc\u00fcl toksisiteyi \u00f6ng\u00f6r\u00fcr.<\/span><\/span><\/span><\/p>\n<p>Amac\u0131n\u0131zda ba\u015far\u0131l\u0131 olabilmeniz i\u00e7in t\u00fcm talimatlar g\u00f6nderilecektir. (\u00d6ld\u00fcr\u00fcn ya da intihar edin)<\/p>","protected":false},"excerpt":{"rendered":"<p>What is digoxin toxicity Digoxin\u00a0toxicity also known as digitalis toxicity can be a problem with digitalis therapy. It may occur when you take too much of digoxin at one time. Digoxin toxicity can also occur when levels of the drug build up for other reasons. Digoxin is a relatively safe, cheap and effective therapy for [&hellip;]<\/p>\n","protected":false},"featured_media":321,"comment_status":"open","ping_status":"closed","template":"","meta":[],"product_brand":[],"product_cat":[17],"product_tag":[],"class_list":{"0":"post-110","1":"product","2":"type-product","3":"status-publish","4":"has-post-thumbnail","6":"product_cat-poisons-for-sale","8":"first","9":"instock","10":"shipping-taxable","11":"purchasable","12":"product-type-variable"},"_links":{"self":[{"href":"https:\/\/poisonshops.com\/tr\/wp-json\/wp\/v2\/product\/110","targetHints":{"allow":["GET"]}}],"collection":[{"href":"https:\/\/poisonshops.com\/tr\/wp-json\/wp\/v2\/product"}],"about":[{"href":"https:\/\/poisonshops.com\/tr\/wp-json\/wp\/v2\/types\/product"}],"replies":[{"embeddable":true,"href":"https:\/\/poisonshops.com\/tr\/wp-json\/wp\/v2\/comments?post=110"}],"wp:featuredmedia":[{"embeddable":true,"href":"https:\/\/poisonshops.com\/tr\/wp-json\/wp\/v2\/media\/321"}],"wp:attachment":[{"href":"https:\/\/poisonshops.com\/tr\/wp-json\/wp\/v2\/media?parent=110"}],"wp:term":[{"taxonomy":"product_brand","embeddable":true,"href":"https:\/\/poisonshops.com\/tr\/wp-json\/wp\/v2\/product_brand?post=110"},{"taxonomy":"product_cat","embeddable":true,"href":"https:\/\/poisonshops.com\/tr\/wp-json\/wp\/v2\/product_cat?post=110"},{"taxonomy":"product_tag","embeddable":true,"href":"https:\/\/poisonshops.com\/tr\/wp-json\/wp\/v2\/product_tag?post=110"}],"curies":[{"name":"wp","href":"https:\/\/api.w.org\/{rel}","templated":true}]}}