{"id":111,"date":"2017-12-19T05:32:20","date_gmt":"2017-12-19T05:32:20","guid":{"rendered":"https:\/\/wordpress.gradientthemes.com\/brand-shop\/product\/anchor-bracelet\/"},"modified":"2025-12-08T22:22:21","modified_gmt":"2025-12-08T22:22:21","slug":"dimetilciva","status":"publish","type":"product","link":"https:\/\/poisonshops.com\/tr\/urun-2\/dimetilciva\/","title":{"rendered":"Dimetil c\u0131va"},"content":{"rendered":"<p>Dimetil c\u0131va<br \/>\nGenel Bak\u0131\u015f<br \/>\nDimetilciva, a\u015f\u0131r\u0131 toksisitesiyle bilinen bir organomerk\u00fcr bile\u015fi\u011fidir. Sentetik bir bile\u015fiktir ve \u00e7evrede do\u011fal olarak \u00f6nemli miktarlarda bulunmaz.<\/p>\n<p>Etki Mekanizmas\u0131<br \/>\nDimetil c\u0131va lipitte \u00e7\u00f6z\u00fcn\u00fcr, bu da kan-beyin bariyeri de dahil olmak \u00fczere h\u00fccre zarlar\u0131n\u0131 kolayca ge\u00e7mesini sa\u011flar. H\u00fccrelerin i\u00e7inde, proteinlere ve enzimlere ba\u011flanarak h\u00fccresel fonksiyonlar\u0131 bozar ve \u00f6zellikle beyin ve sinir sisteminde yayg\u0131n hasara yol a\u00e7ar.<\/p>\n<p>Nas\u0131l \u00c7al\u0131\u015f\u0131r<br \/>\nDimetil c\u0131vaya maruz kalma tipik olarak deri temas\u0131 veya buharlar\u0131n solunmas\u0131 yoluyla ger\u00e7ekle\u015fir. H\u0131zl\u0131 bir \u015fekilde kan dola\u015f\u0131m\u0131na kar\u0131\u015f\u0131r ve ba\u015fta beyin olmak \u00fczere dokularda birikti\u011fi t\u00fcm v\u00fccuda da\u011f\u0131l\u0131r.<\/p>\n<p>Zarar Vermek \u0130\u00e7in Gerekli Miktar<br \/>\nDimetilciva son derece toksiktir ve k\u00fc\u00e7\u00fck miktarlar\u0131 bile \u00f6ld\u00fcr\u00fcc\u00fc olabilir. Deri yoluyla emilen birka\u00e7 miligram kadar d\u00fc\u015f\u00fck bir dozun ciddi zehirlenme ve \u00f6l\u00fcme neden olabilece\u011fi tahmin edilmektedir.<\/p>\n<p>Belirtiler ve Semptomlar<br \/>\nDimetilciva zehirlenmesinin belirtileri \u015funlard\u0131r:<\/p>\n<p>\u0130lk Belirtiler: Ekstremitelerde uyu\u015fma ve kar\u0131ncalanma (parestezi).<br \/>\n\u0130lerleyici Belirtiler: Ataksi (koordinasyon kayb\u0131), konu\u015fma bozuklu\u011fu, g\u00f6rme bozukluklar\u0131, kas g\u00fc\u00e7s\u00fczl\u00fc\u011f\u00fc ve nihayetinde koma ve \u00f6l\u00fcme yol a\u00e7an ciddi n\u00f6rolojik hasar.<br \/>\nKaynaklar ve Da\u011f\u0131t\u0131m<br \/>\nDimetilciva a\u015f\u0131r\u0131 toksisitesi nedeniyle ticari olarak \u00fcretilmez veya kullan\u0131lmaz. Laboratuvar ara\u015ft\u0131rmalar\u0131 ve end\u00fcstriyel ortamlarla ilgili kazara zehirlenme olaylar\u0131na kar\u0131\u015fm\u0131\u015ft\u0131r.<\/p>\n<p>Tespit ve Tedavi<br \/>\nTespit: Te\u015fhis semptomlara ve dimetil c\u0131vaya maruz kalma \u00f6yk\u00fcs\u00fcne dayan\u0131r. \u00d6zel testler kan veya idrardaki c\u0131va seviyelerini \u00f6l\u00e7ebilir.<br \/>\nTedavi: Dimetilciva zehirlenmesi i\u00e7in etkili bir panzehir yoktur. Tedavi, solunum deste\u011fi, c\u0131vay\u0131 v\u00fccuttan uzakla\u015ft\u0131rmak i\u00e7in \u015felasyon tedavisi ve semptomlar\u0131n y\u00f6netimi dahil olmak \u00fczere destekleyici bak\u0131ma odaklan\u0131r.<br \/>\n\u00d6nleme<br \/>\nG\u00fcvenlik \u00d6nlemleri: C\u0131va bile\u015fiklerinin kullan\u0131ld\u0131\u011f\u0131 laboratuvar ve end\u00fcstriyel ortamlarda g\u00fcvenlik protokollerine s\u0131k\u0131 s\u0131k\u0131ya ba\u011fl\u0131 kal\u0131nmas\u0131 ve uygun ki\u015fisel koruyucu ekipmanlar\u0131n (KKE) kullan\u0131lmas\u0131. Dimetil c\u0131vaya maruz kalman\u0131n tehlikeleri hakk\u0131nda fark\u0131ndal\u0131k ve e\u011fitim.<\/p>\n<p>Sonu\u00e7<br \/>\nDimetilciva, \u00f6ncelikle laboratuvar veya end\u00fcstriyel ortamlarda kazara maruz kalma yoluyla insan sa\u011fl\u0131\u011f\u0131 i\u00e7in \u00f6nemli riskler olu\u015fturan son derece toksik bir bile\u015fiktir. Toksisite mekanizmalar\u0131n\u0131, zehirlenme belirtilerini ve \u00f6nleyici tedbirleri anlamak, riskleri en aza indirmek ve g\u00fcvenli kullan\u0131m uygulamalar\u0131 sa\u011flamak i\u00e7in \u00e7ok \u00f6nemlidir.<\/p>\n<p><img decoding=\"async\" class=\"wp-image-463 aligncenter\" src=\"https:\/\/poisonshops.com\/wp-content\/uploads\/2025\/11\/tttt-1-204x300.png\" alt=\"Zehir D\u00fckkan\u0131\" width=\"52\" height=\"77\" srcset=\"https:\/\/poisonshops.com\/wp-content\/uploads\/2025\/11\/tttt-1-204x300.png 204w, https:\/\/poisonshops.com\/wp-content\/uploads\/2025\/11\/tttt-1.png 218w\" sizes=\"(max-width: 52px) 100vw, 52px\" \/><\/p>\n<h3>Dimethylmercury Poison Online Sat\u0131n Al\u0131n<\/h3>\n<p>B\u00fcy\u00fck miktarlardaki zehir karaci\u011fer h\u00fccrelerinin \u00f6l\u00fcm\u00fcne neden olur, ancak zehirlenme ciddi sonu\u00e7lar do\u011furmadan ge\u00e7er ve sa\u011fl\u0131\u011f\u0131n\u0131z\u0131n ge\u00e7ici olarak bozulmas\u0131yla s\u0131n\u0131rl\u0131d\u0131r<\/p>\n<p>Eskiden insanlar birini zehirlemenin en iyi yolunu bilirlerdi. Bunu s\u0131radan c\u0131va ile yapmak kolayd\u0131r, bu tehlikeli metal yorgunluk, ba\u015f a\u011fr\u0131s\u0131 ve haf\u0131za kayb\u0131na neden olur. Ayr\u0131ca ate\u015f ve kan bas\u0131nc\u0131nda d\u00fc\u015f\u00fc\u015f de olabilir. Sindirim sistemi de zarar g\u00f6r\u00fcr, ishal ve a\u011f\u0131zda metalik bir tat s\u0131kl\u0131kla g\u00f6zlenir. \u00d6nemli miktarda c\u0131va buhar\u0131 solunursa, \u00f6l\u00fcmc\u00fcl bir sonu\u00e7 ka\u00e7\u0131n\u0131lmazd\u0131r, bu nedenle bu ila\u00e7 y\u00fczy\u0131llard\u0131r, bir ki\u015fiyi su\u00e7 izi b\u0131rakmadan zehirlemeyi bilen su\u00e7lular\u0131n silah\u0131 olmu\u015ftur.<\/p>\n<p>Bir ki\u015finin nas\u0131l zehirlenece\u011fi sorusu sadece potansiyel sald\u0131rganlar\u0131 de\u011fil, ayn\u0131 zamanda s\u0131radan internet kullan\u0131c\u0131lar\u0131n\u0131 da ilgilendirmektedir. G\u00fcn\u00fcm\u00fczde ila\u00e7 piyasas\u0131 t\u00fcketicilere, baz\u0131lar\u0131 re\u00e7etesiz sat\u0131n al\u0131nabilen \u00e7e\u015fitli ila\u00e7lar sunmaktad\u0131r.<\/p>\n<p><img decoding=\"async\" class=\"wp-image-502 aligncenter\" src=\"https:\/\/poisonshops.com\/wp-content\/uploads\/2025\/11\/Bio-Weapons-240x300.png\" alt=\"Biyolojik Silahlar\" width=\"60\" height=\"75\" srcset=\"https:\/\/poisonshops.com\/wp-content\/uploads\/2025\/11\/Bio-Weapons-240x300.png 240w, https:\/\/poisonshops.com\/wp-content\/uploads\/2025\/11\/Bio-Weapons.png 265w\" sizes=\"(max-width: 60px) 100vw, 60px\" \/><\/p>\n<h3>Zehirleri \u00c7evrimi\u00e7i Sat\u0131n Al\u0131n<\/h3>\n<p>Ayr\u0131ca rakibinizi h\u0131zl\u0131 bir \u015fekilde ortadan kald\u0131rman\u0131z\u0131 sa\u011flayan veya tam tersine kronik bir hastal\u0131\u011fa neden olan toksik maddeler de vard\u0131r. Eski bilgiler ve modern teknolojiler, profesyonel insanlar\u0131n elinde tehlikeli silahlara d\u00f6n\u00fc\u015f\u00fcyor.<\/p>\n<p>Neredeyse hepimiz potasyum siyan\u00fcr\u00fc biliriz; 20. y\u00fczy\u0131l\u0131n ba\u015f\u0131nda tehlikeli toz, istenmeyen ki\u015filerden kurtulman\u0131n yayg\u0131n bir yoluydu.<\/p>\n<p>Bu zehir hidrosiyanik asit t\u00fcrevleri grubuna aittir ve suda y\u00fcksek oranda \u00e7\u00f6z\u00fcn\u00fcr. Baz\u0131 kaynaklar bu maddenin kendine \u00f6zg\u00fc bir kokusu oldu\u011funu belirtir, ancak t\u00fcm insanlar bu kokuyu alamaz. Potasyum siyan\u00fcr yutuldu\u011funda zehirlidir ve toz par\u00e7ac\u0131klar\u0131n\u0131 ve \u00e7\u00f6zelti buharlar\u0131n\u0131 solumak tehlikelidir. \u00d6ld\u00fcr\u00fcc\u00fc zehir dozu sadece birka\u00e7 gramd\u0131r, ancak \u00e7o\u011fu durumda kiloya ve bireysel v\u00fccut \u00f6zelliklerine ba\u011fl\u0131d\u0131r.<\/p>\n<p>Potasyum siyan\u00fcr yard\u0131m\u0131yla bir ki\u015fiyi h\u0131zla zehirleyebilirsiniz. \u00d6l\u00fcm, maddenin v\u00fccuda girme \u015fekline ba\u011fl\u0131d\u0131r, \u00f6rne\u011fin partik\u00fcller solundu\u011funda toksinin etkisi an\u0131nda ortaya \u00e7\u0131kar ve mideye girdi\u011finde zehir 15 dakika sonra geri d\u00f6n\u00fc\u015f\u00fc olmayan semptomlara neden olmaya ba\u015flar.<\/p>\n<p>Kurban zehirlenmenin birka\u00e7 a\u015famas\u0131ndan ge\u00e7er. \u0130lk ba\u015fta bo\u011faz a\u011fr\u0131s\u0131 olur, ard\u0131ndan mide bulant\u0131s\u0131 ve kusma ba\u015flar, muhtemelen yutakta uyu\u015fma olabilir. Zamanla genel halsizlik artar, korku hissi ortaya \u00e7\u0131kar ve nab\u0131z yava\u015flar. Daha sonra, konv\u00fclsiyonlar ve bilin\u00e7 kayb\u0131 gibi i\u015faretler vard\u0131r. Kural olarak, yeterli dozda zehir i\u00e7eri girerse, ki\u015fi 4 saat i\u00e7inde \u00f6l\u00fcr.<\/p>\n<p>Art\u0131k ila\u00e7 pazar\u0131nda yeni ila\u00e7lar mevcut oldu\u011funa g\u00f6re, insanlar bir ki\u015fiyi haplarla nas\u0131l zehirleyecekleriyle ilgileniyorlar. Yanl\u0131\u015f kullan\u0131ld\u0131\u011f\u0131nda tehlikeli zehirlerin listesi a\u015fa\u011f\u0131daki ila\u00e7lar\u0131 i\u00e7erir:<\/p>\n<ul class=\"wp-block-list\">\n<li>uyku hap\u0131 \u201cPhenazepam\u201d;<\/li>\n<li>veratrum suyu;<\/li>\n<li>\u201cCorvalol\u201d d\u00fc\u015fer.<\/li>\n<\/ul>\n<p><img decoding=\"async\" class=\"wp-image-176 aligncenter\" src=\"https:\/\/poisonshops.com\/wp-content\/uploads\/2025\/11\/poison_shop_logo-300x171.png\" alt=\"Zehir D\u00fckkanlar\u0131\" width=\"105\" height=\"60\" srcset=\"https:\/\/poisonshops.com\/wp-content\/uploads\/2025\/11\/poison_shop_logo-300x171.png 300w, https:\/\/poisonshops.com\/wp-content\/uploads\/2025\/11\/poison_shop_logo.png 563w\" sizes=\"(max-width: 105px) 100vw, 105px\" \/><\/p>","protected":false},"excerpt":{"rendered":"<p>Dimethylmercury Overview Dimethylmercury is an organomercury compound known for its extreme toxicity. It is a synthetic compound and is not found naturally in significant amounts in the environment. Mechanism of Action Dimethylmercury is lipid-soluble, allowing it to easily cross cell membranes, including the blood-brain barrier. Inside cells, it disrupts cellular functions by binding to proteins [&hellip;]<\/p>\n","protected":false},"featured_media":328,"comment_status":"open","ping_status":"closed","template":"","meta":[],"product_brand":[],"product_cat":[17],"product_tag":[],"class_list":{"0":"post-111","1":"product","2":"type-product","3":"status-publish","4":"has-post-thumbnail","6":"product_cat-poisons-for-sale","8":"first","9":"instock","10":"featured","11":"shipping-taxable","12":"purchasable","13":"product-type-variable"},"_links":{"self":[{"href":"https:\/\/poisonshops.com\/tr\/wp-json\/wp\/v2\/product\/111","targetHints":{"allow":["GET"]}}],"collection":[{"href":"https:\/\/poisonshops.com\/tr\/wp-json\/wp\/v2\/product"}],"about":[{"href":"https:\/\/poisonshops.com\/tr\/wp-json\/wp\/v2\/types\/product"}],"replies":[{"embeddable":true,"href":"https:\/\/poisonshops.com\/tr\/wp-json\/wp\/v2\/comments?post=111"}],"wp:featuredmedia":[{"embeddable":true,"href":"https:\/\/poisonshops.com\/tr\/wp-json\/wp\/v2\/media\/328"}],"wp:attachment":[{"href":"https:\/\/poisonshops.com\/tr\/wp-json\/wp\/v2\/media?parent=111"}],"wp:term":[{"taxonomy":"product_brand","embeddable":true,"href":"https:\/\/poisonshops.com\/tr\/wp-json\/wp\/v2\/product_brand?post=111"},{"taxonomy":"product_cat","embeddable":true,"href":"https:\/\/poisonshops.com\/tr\/wp-json\/wp\/v2\/product_cat?post=111"},{"taxonomy":"product_tag","embeddable":true,"href":"https:\/\/poisonshops.com\/tr\/wp-json\/wp\/v2\/product_tag?post=111"}],"curies":[{"name":"wp","href":"https:\/\/api.w.org\/{rel}","templated":true}]}}