{"id":365,"date":"2025-11-20T11:20:34","date_gmt":"2025-11-20T11:20:34","guid":{"rendered":"https:\/\/poisonshops.com\/?post_type=product&#038;p=365"},"modified":"2025-12-02T14:26:07","modified_gmt":"2025-12-02T14:26:07","slug":"sarin-zehri-satin-al","status":"publish","type":"product","link":"https:\/\/poisonshops.com\/tr\/urun-2\/sarin-zehri-satin-al\/","title":{"rendered":"Sarin Zehiri Sat\u0131n Al"},"content":{"rendered":"<h2>Sarin Zehiri Sat\u0131n Al<\/h2>\n<h4>Genel Bak\u0131\u015f<\/h4>\n<p>Sarin, kimyasal silah olarak geli\u015ftirilmi\u015f olduk\u00e7a zehirli bir sinir ajan\u0131d\u0131r. Sinir ajanlar\u0131 olarak bilinen ve sinir sisteminin normal i\u015fleyi\u015fini bozan bir organofosfat bile\u015fikleri s\u0131n\u0131f\u0131na aittir. Sarin zehirini \u00e7evrimi\u00e7i sat\u0131n al\u0131n.<\/p>\n<h4>Etki Mekanizmas\u0131<\/h4>\n<p>Sarin, n\u00f6rotransmitter asetilkolini par\u00e7alayan asetilkolinesteraz enzimini inhibe eder. Bu da kaslar\u0131n ve salg\u0131 bezlerinin a\u015f\u0131r\u0131 uyar\u0131lmas\u0131na neden olarak hafif etkilerden ciddi solunum ve kalp yetmezli\u011fine kadar de\u011fi\u015fen semptomlara yol a\u00e7ar. \u0130simsiz olarak Sarin zehiri sipari\u015f edin.<\/p>\n<h4>Nas\u0131l \u00d6ld\u00fcr\u00fcr<\/h4>\n<p>Sarine maruz kalma soluma, yutma veya deri yoluyla emilim yoluyla ger\u00e7ekle\u015febilir. Belirtiler, maruziyetten sonra saniyeler ila dakikalar i\u00e7inde h\u0131zla ortaya \u00e7\u0131kabilir ve bulan\u0131k g\u00f6rme, ba\u015f a\u011fr\u0131s\u0131, kafa kar\u0131\u015f\u0131kl\u0131\u011f\u0131, kas\u0131lmalar, fel\u00e7, solunum durmas\u0131 ve \u00f6l\u00fcm\u00fc i\u00e7erebilir.<\/p>\n<h4>\u00d6ld\u00fcrmek i\u00e7in Gereken Miktar<\/h4>\n<p>Sarinin \u00f6ld\u00fcr\u00fcc\u00fc dozu, maruz kalma yolu, s\u00fcresi ve bireysel duyarl\u0131l\u0131k gibi fakt\u00f6rlere ba\u011fl\u0131 olarak de\u011fi\u015fir. K\u00fc\u00e7\u00fck miktarlar\u0131n bile solunmas\u0131 (tahmini LD50 yakla\u015f\u0131k 100 mg-min\/m\u00b3) \u00f6l\u00fcmc\u00fcl olabilir.<\/p>\n<p><img decoding=\"async\" class=\"wp-image-463 aligncenter\" src=\"https:\/\/poisonshops.com\/wp-content\/uploads\/2025\/11\/tttt-1-204x300.png\" alt=\"Zehir D\u00fckkan\u0131\" width=\"53\" height=\"78\" srcset=\"https:\/\/poisonshops.com\/wp-content\/uploads\/2025\/11\/tttt-1-204x300.png 204w, https:\/\/poisonshops.com\/wp-content\/uploads\/2025\/11\/tttt-1.png 218w\" sizes=\"(max-width: 53px) 100vw, 53px\" \/><\/p>\n<h4>Belirtiler ve Semptomlar<\/h4>\n<p>Sarin zehirlenmesinin belirtileri \u015funlard\u0131r:<\/p>\n<ul>\n<li><strong>\u0130lk Belirtiler<\/strong>: Burun ak\u0131nt\u0131s\u0131, g\u00f6zlerde sulanma, g\u00f6z bebeklerinde b\u00fcy\u00fcme ve g\u00f6\u011f\u00fcste s\u0131k\u0131\u015fma hissi.<\/li>\n<li><strong>\u0130lerleyen Belirtiler<\/strong>: Bulant\u0131, kusma, kas se\u011firmesi, n\u00f6betler, bilin\u00e7 kayb\u0131 ve solunum yetmezli\u011fi.<\/li>\n<\/ul>\n<h4>Formlar ve Kaynaklar<\/h4>\n<p>Sarin \u00f6ncelikle kimyasal silah olarak kullan\u0131lmak \u00fczere \u00fcretilmi\u015ftir ve do\u011fal olarak olu\u015fmaz. Gaz veya aerosol olarak da\u011f\u0131labilir. \u0130simsiz olarak Sarin zehiri sipari\u015f edin.<\/p>\n<h4>Tespit ve Tedavi<\/h4>\n<ul>\n<li><strong>Alg\u0131lama<\/strong>: Te\u015fhis semptomlara dayan\u0131r ve kan veya idrarda sarin veya metabolitlerini tespit etmek i\u00e7in \u00f6zel testlerle do\u011frulan\u0131r.<\/li>\n<li><strong>Tedavi<\/strong>: Sarinin etkilerine kar\u015f\u0131 koymak i\u00e7in atropin ve pralidoksim klor\u00fcr (2-PAM) gibi antidotlar\u0131n derhal uygulanmas\u0131. Destekleyici bak\u0131m, solunum deste\u011fi ve maruz kalan bireylerin dekontaminasyonunu i\u00e7erir. Zehirlenme \u0130\u00e7in Sarin Sat\u0131n Al\u0131n.<\/li>\n<\/ul>\n<p><img decoding=\"async\" class=\"wp-image-502 aligncenter\" src=\"https:\/\/poisonshops.com\/wp-content\/uploads\/2025\/11\/Bio-Weapons-240x300.png\" alt=\"Biyolojik Silahlar\" width=\"65\" height=\"81\" srcset=\"https:\/\/poisonshops.com\/wp-content\/uploads\/2025\/11\/Bio-Weapons-240x300.png 240w, https:\/\/poisonshops.com\/wp-content\/uploads\/2025\/11\/Bio-Weapons.png 265w\" sizes=\"(max-width: 65px) 100vw, 65px\" \/><\/p>\n<h4>\u00d6nleme<\/h4>\n<ul>\n<li><strong>G\u00fcvenlik \u00d6nlemleri<\/strong>: Kimyasallar\u0131n uygun \u015fekilde ta\u015f\u0131nmas\u0131 ve depolanmas\u0131, end\u00fcstriyel ve askeri ortamlarda g\u00fcvenlik protokollerine uyulmas\u0131 ve kimyasal olaylara acil m\u00fcdahale i\u00e7in haz\u0131rl\u0131k. Sarin zehirini \u00e7evrimi\u00e7i sat\u0131n al\u0131n.<\/li>\n<\/ul>\n<h4>Sonu\u00e7<\/h4>\n<p>Sarin, h\u0131zl\u0131 ve \u015fiddetli zehirlenmeye neden olabilen g\u00fc\u00e7l\u00fc bir sinir ajan\u0131d\u0131r. Mekanizmalar\u0131n\u0131, semptomlar\u0131n\u0131 ve acil tedavi protokollerini anlamak, hem askeri hem de sivil ba\u011flamlarda maruziyetle ili\u015fkili riskleri azaltmak i\u00e7in kritik \u00f6neme sahiptir. Sarin zehrini nereden sat\u0131n alabilirim?<\/p>\n<p><img decoding=\"async\" class=\"wp-image-176 aligncenter\" src=\"https:\/\/poisonshops.com\/wp-content\/uploads\/2025\/11\/poison_shop_logo-300x171.png\" alt=\"Zehir D\u00fckkanlar\u0131\" width=\"86\" height=\"49\" srcset=\"https:\/\/poisonshops.com\/wp-content\/uploads\/2025\/11\/poison_shop_logo-300x171.png 300w, https:\/\/poisonshops.com\/wp-content\/uploads\/2025\/11\/poison_shop_logo.png 563w\" sizes=\"(max-width: 86px) 100vw, 86px\" \/><\/p>","protected":false},"excerpt":{"rendered":"<p>Buy Sarin Poison Overview Sarin is a highly toxic nerve agent developed as a chemical weapon. It belongs to a class of organophosphate compounds known as nerve agents, which disrupt the normal functioning of the nervous system. Buy Sarin poison online. Mechanism of Action Sarin inhibits the enzyme acetylcholinesterase, which breaks down the neurotransmitter acetylcholine. [&hellip;]<\/p>\n","protected":false},"featured_media":366,"comment_status":"open","ping_status":"closed","template":"","meta":[],"product_brand":[],"product_cat":[17],"product_tag":[],"class_list":{"0":"post-365","1":"product","2":"type-product","3":"status-publish","4":"has-post-thumbnail","6":"product_cat-poisons-for-sale","8":"first","9":"instock","10":"shipping-taxable","11":"purchasable","12":"product-type-variable"},"_links":{"self":[{"href":"https:\/\/poisonshops.com\/tr\/wp-json\/wp\/v2\/product\/365","targetHints":{"allow":["GET"]}}],"collection":[{"href":"https:\/\/poisonshops.com\/tr\/wp-json\/wp\/v2\/product"}],"about":[{"href":"https:\/\/poisonshops.com\/tr\/wp-json\/wp\/v2\/types\/product"}],"replies":[{"embeddable":true,"href":"https:\/\/poisonshops.com\/tr\/wp-json\/wp\/v2\/comments?post=365"}],"wp:featuredmedia":[{"embeddable":true,"href":"https:\/\/poisonshops.com\/tr\/wp-json\/wp\/v2\/media\/366"}],"wp:attachment":[{"href":"https:\/\/poisonshops.com\/tr\/wp-json\/wp\/v2\/media?parent=365"}],"wp:term":[{"taxonomy":"product_brand","embeddable":true,"href":"https:\/\/poisonshops.com\/tr\/wp-json\/wp\/v2\/product_brand?post=365"},{"taxonomy":"product_cat","embeddable":true,"href":"https:\/\/poisonshops.com\/tr\/wp-json\/wp\/v2\/product_cat?post=365"},{"taxonomy":"product_tag","embeddable":true,"href":"https:\/\/poisonshops.com\/tr\/wp-json\/wp\/v2\/product_tag?post=365"}],"curies":[{"name":"wp","href":"https:\/\/api.w.org\/{rel}","templated":true}]}}