{"id":388,"date":"2025-11-20T11:34:02","date_gmt":"2025-11-20T11:34:02","guid":{"rendered":"https:\/\/poisonshops.com\/?post_type=product&#038;p=388"},"modified":"2025-12-02T14:35:34","modified_gmt":"2025-12-02T14:35:34","slug":"potasyum-siyanur-satin-al","status":"publish","type":"product","link":"https:\/\/poisonshops.com\/tr\/urun-2\/potasyum-siyanur-satin-al\/","title":{"rendered":"Potasyum Siyan\u00fcr"},"content":{"rendered":"<h2>Potasyum Siyan\u00fcr Sat\u0131n Al\u0131n<\/h2>\n<p><strong>Potasyum siyan\u00fcr (KCN)<\/strong> yutuldu\u011funda veya solundu\u011funda h\u0131zl\u0131 ve \u00f6l\u00fcmc\u00fcl etkileriyle bilinen, olduk\u00e7a zehirli bir bile\u015fiktir. \u00c7e\u015fitli end\u00fcstriyel uygulamalarda kullan\u0131l\u0131r, ancak zehir olarak kullan\u0131m\u0131yla \u00fcnl\u00fcd\u00fcr. A\u015fa\u011f\u0131da potasyum siyan\u00fcr\u00fcn kullan\u0131m alanlar\u0131, nas\u0131l \u00f6ld\u00fcrd\u00fc\u011f\u00fc, hangi formlarda bulundu\u011fu ve \u00f6l\u00fcmc\u00fcl miktar\u0131 gibi \u00f6nemli detaylar yer almaktad\u0131r. Potasyum Siyan\u00fcr Sat\u0131n Al\u0131n.<\/p>\n<h3>Potasyum siyan\u00fcr nedir?<\/h3>\n<p>Potasyum siyan\u00fcr, kimyasal form\u00fcl\u00fc\u00a0<strong>KCN<\/strong>. Hafif bir badem kokusu vard\u0131r, ancak genetik fakt\u00f6rler nedeniyle herkes bu kokuyu alg\u0131layamaz. Potasyum siyan\u00fcr suda y\u00fcksek oranda \u00e7\u00f6z\u00fcn\u00fcr ve asitler veya su ile temas etti\u011finde \u00f6l\u00fcmc\u00fcl hidrojen siyan\u00fcr gaz\u0131 a\u00e7\u0131\u011fa \u00e7\u0131karabilir. Sat\u0131l\u0131k potasyum siyan\u00fcr.<\/p>\n<h3>Potasyum Siyan\u00fcr\u00fcn Kullan\u0131m Alanlar\u0131<\/h3>\n<p>1.\u00a0<strong>Alt\u0131n Madencili\u011fi ve \u00c7\u0131kar\u0131lmas\u0131<\/strong>: Potasyum siyan\u00fcr, madencilik end\u00fcstrisinde siyan\u00fcrleme ad\u0131 verilen bir i\u015flemle cevherlerden alt\u0131n ve g\u00fcm\u00fc\u015f \u00e7\u0131karmak i\u00e7in yayg\u0131n olarak kullan\u0131lmaktad\u0131r. Potasyum Siyan\u00fcr Tedarik\u00e7ileri.<\/p>\n<p>2.\u00a0<strong>Elektrokaplama<\/strong>: Dekoratif ve koruyucu ama\u00e7larla g\u00fcm\u00fc\u015f, alt\u0131n ve di\u011fer de\u011ferli metaller gibi metalleri kaplamak i\u00e7in elektrokaplamada kullan\u0131l\u0131r.<\/p>\n<p>3. <strong>Kimyasal Sentez<\/strong>: Potasyum siyan\u00fcr, organik kimyada nitril ve di\u011fer siyan\u00fcr i\u00e7eren bile\u015fiklerin sentezinde kullan\u0131l\u0131r.<\/p>\n<p>4. <strong>M\u00fccevher ve Metal Ar\u0131tma:<\/strong>\u00a0M\u00fccevher end\u00fcstrisinde, potasyum siyan\u00fcr bazen metalleri temizlemek veya parlatmak i\u00e7in kullan\u0131l\u0131r.<\/p>\n<p>5. <strong>Zehir Olarak Tarihsel Kullan\u0131m\u0131:<\/strong> KCN tarihsel olarak casusluk, intihar ve infazlarda \u00f6l\u00fcmc\u00fcl bir zehir olarak kullan\u0131lm\u0131\u015ft\u0131r. Sat\u0131l\u0131k potasyum siyan\u00fcr.<\/p>\n<h3>Potasyum Siyan\u00fcr Nas\u0131l \u00d6ld\u00fcr\u00fcr?<\/h3>\n<p>Potasyum siyan\u00fcr, enerji \u00fcretimi i\u00e7in gerekli olan h\u00fccresel solunumu engelleyerek \u00f6ld\u00fcr\u00fcr. \u0130\u015fte nas\u0131l \u00e7al\u0131\u015ft\u0131\u011f\u0131:<\/p>\n<p>\u2013 <strong>Etki Mekanizmas\u0131:<\/strong>\u00a0Yutuldu\u011funda, solundu\u011funda veya emildi\u011finde, potasyum siyan\u00fcr salar.<strong>\u00a0siyan\u00fcr iyonlar\u0131 (CN\u207b)<\/strong>, enzime ba\u011flanan\u00a0<strong>sitokrom c oksidaz<\/strong>\u00a0h\u00fccrelerin mitokondri\u00fcnde bulunur. Bu enzim, h\u00fccrenin enerji kayna\u011f\u0131 olan ATP (adenozin trifosfat) \u00fcretiminde hayati \u00f6neme sahip olan elektron ta\u015f\u0131ma zincirinde \u00f6nemli bir rol oynar.<\/p>\n<p>\u2013<strong>\u00a0Sonu\u00e7:<\/strong> Siyan\u00fcr, mitokondrinin oksijen kullanmas\u0131n\u0131 engelleyerek aerobik solunumu etkili bir \u015fekilde durdurur. Enerji \u00fcretimi olmadan, h\u00fccreler \u2014 \u00f6zellikle kalp ve beyin gibi hayati organlardaki h\u00fccreler \u2014 h\u0131zla \u00f6lmeye ba\u015flar. Potasyum Siyan\u00fcr Tedarik\u00e7ileri.<\/p>\n<p>\u2013 <strong>Belirtiler ve Ba\u015flang\u0131\u00e7:<\/strong>\u00a0Siyan\u00fcr zehirlenmesinin belirtileri aras\u0131nda mide bulant\u0131s\u0131, ba\u015f d\u00f6nmesi, nefes almada zorluk, kas\u0131lmalar ve bilin\u00e7 kayb\u0131 bulunur. Doz ve maruz kalma yoluna ba\u011fl\u0131 olarak, kalp durmas\u0131 veya solunum yetmezli\u011fi nedeniyle birka\u00e7 dakika i\u00e7inde \u00f6l\u00fcm meydana gelebilir.<\/p>\n<h3>Potasyum Siyan\u00fcr\u00fcn Formlar\u0131<\/h3>\n<p>1.\u00a0<strong>Kat\u0131 (Kristal\/Toz):**<\/strong>\u00a0Potasyum siyan\u00fcr genellikle beyaz kristal bir kat\u0131 veya toz halinde bulunur.<\/p>\n<p>2. <strong>\u00c7\u00f6z\u00fcm:<\/strong>\u00a0Su veya di\u011fer s\u0131v\u0131larda \u00e7\u00f6z\u00fcnerek olduk\u00e7a zehirli bir \u00e7\u00f6zelti olu\u015fturabilir. Bu form, serbest b\u0131rakabilece\u011fi i\u00e7in de tehlikelidir.\u00a0<strong>hidrojen siyan\u00fcr gaz\u0131\u00a0<\/strong>asitlerle temas ederse.<\/p>\n<p>3. <strong>Tabletler veya Kaps\u00fcller:<\/strong> Baz\u0131 durumlarda, potasyum siyan\u00fcr tablet veya kaps\u00fcl \u015feklinde form\u00fcle edilmi\u015ftir ve tarihsel olarak casuslukta yakalanmamak i\u00e7in intihar amac\u0131yla kullan\u0131lm\u0131\u015ft\u0131r. Potasyum Siyan\u00fcr'\u00fc \u00e7evrimi\u00e7i sat\u0131n al\u0131n.<\/p>\n<h3>Sat\u0131l\u0131k Potasyum Siyan\u00fcr<\/h3>\n<p><img decoding=\"async\" class=\"wp-image-463 aligncenter\" src=\"https:\/\/poisonshops.com\/wp-content\/uploads\/2025\/11\/tttt-1-204x300.png\" alt=\"Zehir D\u00fckkan\u0131\" width=\"68\" height=\"100\" srcset=\"https:\/\/poisonshops.com\/wp-content\/uploads\/2025\/11\/tttt-1-204x300.png 204w, https:\/\/poisonshops.com\/wp-content\/uploads\/2025\/11\/tttt-1.png 218w\" sizes=\"(max-width: 68px) 100vw, 68px\" \/><\/p>\n<h3>Potasyum Siyan\u00fcr\u00fcn \u00d6l\u00fcmc\u00fcl Doz<\/h3>\n<p>\u2013\u00a0<strong>Oral \u00d6l\u00fcmc\u00fcl Doz (LD50)<\/strong>: Tahmini\u00a0<strong>insanlar i\u00e7in \u00f6ld\u00fcr\u00fcc\u00fc doz 200 ila 300 mg veya v\u00fccut a\u011f\u0131rl\u0131\u011f\u0131n\u0131n kilogram\u0131 ba\u015f\u0131na 2 ila 3 mg aras\u0131nda de\u011fi\u015fir<\/strong>\u00a0yutuldu\u011funda.<\/p>\n<p>\u2013<strong>\u00a0Soluma<\/strong>Potasyum siyan\u00fcr veya gaz halindeki hidrojen siyan\u00fcr\u00fcn solunmas\u0131, d\u00fc\u015f\u00fck konsantrasyonlarda bile \u00f6l\u00fcmc\u00fcl olabilir.<strong>\u00a0100\u2013300 ppm (milyonda par\u00e7a)<\/strong>. Solunmas\u0131, sindirime k\u0131yasla daha h\u0131zl\u0131 emilime ve daha h\u0131zl\u0131 etki g\u00f6sterilmesine neden olur. Potasyum siyan\u00fcr (KCN) \u00fcr\u00fcn\u00fcn\u00fc \u00e7evrimi\u00e7i sat\u0131n al\u0131n.<\/p>\n<p>\u2013\u00a0<strong>\u00d6ld\u00fcrme Miktar\u0131:<\/strong> Birka\u00e7 y\u00fcz miligram potasyum siyan\u00fcr (pirin\u00e7 tanesi b\u00fcy\u00fckl\u00fc\u011f\u00fcnde) bir yeti\u015fkin insan\u0131 \u00f6ld\u00fcrmek i\u00e7in yeterli olabilir. Daha k\u00fc\u00e7\u00fck bireyler veya sa\u011fl\u0131\u011f\u0131 k\u00f6t\u00fc olanlar i\u00e7in daha k\u00fc\u00e7\u00fck miktarlar bile \u00f6l\u00fcmc\u00fcl olabilir. Potasyum Siyan\u00fcr Sat\u0131n Al\u0131n.<\/p>\n<p><img decoding=\"async\" class=\"wp-image-502 aligncenter\" src=\"https:\/\/poisonshops.com\/wp-content\/uploads\/2025\/11\/Bio-Weapons-240x300.png\" alt=\"Biyolojik Silahlar\" width=\"63\" height=\"79\" srcset=\"https:\/\/poisonshops.com\/wp-content\/uploads\/2025\/11\/Bio-Weapons-240x300.png 240w, https:\/\/poisonshops.com\/wp-content\/uploads\/2025\/11\/Bio-Weapons.png 265w\" sizes=\"(max-width: 63px) 100vw, 63px\" \/><\/p>\n<h3>Potasyum Siyan\u00fcr G\u00fcvenli\u011fi ve Yasal Hususlar<\/h3>\n<p>\u2013\u00a0<strong>Kullan\u0131m \u00d6nlemleri<\/strong>: Potasyum siyan\u00fcr, a\u015f\u0131r\u0131 toksisitesi nedeniyle kontroll\u00fc bir maddedir. Kullan\u0131m\u0131 s\u0131ras\u0131nda, solunmas\u0131n\u0131 \u00f6nlemek i\u00e7in eldiven, g\u00f6zl\u00fck ve uygun havaland\u0131rma gibi koruyucu ekipmanlar\u0131n kullan\u0131lmas\u0131 gerekir.<br \/>\n<strong>\u2013 \u0130mha:<\/strong> Potasyum siyan\u00fcr, tehlikeli madde y\u00f6netmeliklerine g\u00f6re bertaraf edilmelidir. Bu i\u015flem genellikle kontroll\u00fc ko\u015fullar alt\u0131nda \u00e7ama\u015f\u0131r suyu veya hidrojen peroksit ile n\u00f6tralizasyonunu i\u00e7erir. Potasyum siyan\u00fcr\u00fc en uygun fiyata \u00e7evrimi\u00e7i sat\u0131n al\u0131n.<br \/>\n\u2013\u00a0<strong>Yasal K\u0131s\u0131tlamalar<\/strong>: Potasyum siyan\u00fcr\u00fcn sat\u0131\u015f\u0131, bulundurulmas\u0131 ve kullan\u0131m\u0131 \u00e7o\u011fu \u00fclkede s\u0131k\u0131 bir \u015fekilde d\u00fczenlenmi\u015ftir. Yetkisiz kullan\u0131m, \u00f6zellikle zararl\u0131 ama\u00e7larla, yasa d\u0131\u015f\u0131d\u0131r ve a\u011f\u0131r yasal cezalarla sonu\u00e7lanabilir. Potasyum Siyan\u00fcr Online Sat\u0131n Al\u0131n, g\u00fcvenli ve gizli g\u00f6nderim.<\/p>\n<h4 class=\"LnpumSThxEWMIsDdAT17 CXMyPcQ6nDv47DKFeywM\"><span class=\"EKtkFWMYpwzMKOYr0GYm LQVY1Jpkk8nyJ6HBWKAk\">Potasyum Siyan\u00fcr\u00fc Nereden G\u00fcvenle Sat\u0131n Alabilirsiniz?<\/span><\/h4>\n<h3>Sonu\u00e7<\/h3>\n<p>Potasyum siyan\u00fcr, v\u00fccudun oksijen kullanma yetene\u011fini engelleyen ve solunum veya kalp yetmezli\u011fi nedeniyle h\u0131zl\u0131 \u00f6l\u00fcme yol a\u00e7an son derece zehirli bir kimyasald\u0131r. K\u00fc\u00e7\u00fck miktarlar bile \u00f6l\u00fcmc\u00fcl olabilir ve kullan\u0131m\u0131 \u00f6ncelikle s\u0131k\u0131 g\u00fcvenlik d\u00fczenlemeleri alt\u0131ndaki end\u00fcstriyel s\u00fcre\u00e7lerle s\u0131n\u0131rl\u0131d\u0131r. Potasyum siyan\u00fcr\u00fcn kullan\u0131m\u0131, yutulmas\u0131, solunmas\u0131 veya cilt taraf\u0131ndan emilmesi durumunda \u00f6l\u00fcmc\u00fcl zehirlenme riski nedeniyle son derece dikkatli olunmas\u0131n\u0131 gerektirir. Potasyum Siyan\u00fcr Tedarik\u00e7ileri.<\/p>\n<h4>Potasyum Siyan\u00fcr Online Sat\u0131n Al\u0131n, g\u00fcvenli ve gizli g\u00f6nderim<\/h4>\n<p><img decoding=\"async\" class=\"wp-image-176 aligncenter\" src=\"https:\/\/poisonshops.com\/wp-content\/uploads\/2025\/11\/poison_shop_logo-300x171.png\" alt=\"Zehir D\u00fckkanlar\u0131\" width=\"133\" height=\"76\" srcset=\"https:\/\/poisonshops.com\/wp-content\/uploads\/2025\/11\/poison_shop_logo-300x171.png 300w, https:\/\/poisonshops.com\/wp-content\/uploads\/2025\/11\/poison_shop_logo.png 563w\" sizes=\"(max-width: 133px) 100vw, 133px\" \/><\/p>","protected":false},"excerpt":{"rendered":"<p>Buy Potassium Cyanide Potassium cyanide (KCN) is a highly toxic compound commonly known for its rapid and lethal effects when ingested or inhaled. It is used in various industrial applications but is notorious for its use as a poison. Below are key details about potassium cyanide, including its uses, how it kills, forms it comes [&hellip;]<\/p>\n","protected":false},"featured_media":389,"comment_status":"open","ping_status":"closed","template":"","meta":[],"product_brand":[],"product_cat":[21],"product_tag":[],"class_list":{"0":"post-388","1":"product","2":"type-product","3":"status-publish","4":"has-post-thumbnail","6":"product_cat-buy-research-chemicals-online","8":"first","9":"instock","10":"shipping-taxable","11":"purchasable","12":"product-type-simple"},"_links":{"self":[{"href":"https:\/\/poisonshops.com\/tr\/wp-json\/wp\/v2\/product\/388","targetHints":{"allow":["GET"]}}],"collection":[{"href":"https:\/\/poisonshops.com\/tr\/wp-json\/wp\/v2\/product"}],"about":[{"href":"https:\/\/poisonshops.com\/tr\/wp-json\/wp\/v2\/types\/product"}],"replies":[{"embeddable":true,"href":"https:\/\/poisonshops.com\/tr\/wp-json\/wp\/v2\/comments?post=388"}],"wp:featuredmedia":[{"embeddable":true,"href":"https:\/\/poisonshops.com\/tr\/wp-json\/wp\/v2\/media\/389"}],"wp:attachment":[{"href":"https:\/\/poisonshops.com\/tr\/wp-json\/wp\/v2\/media?parent=388"}],"wp:term":[{"taxonomy":"product_brand","embeddable":true,"href":"https:\/\/poisonshops.com\/tr\/wp-json\/wp\/v2\/product_brand?post=388"},{"taxonomy":"product_cat","embeddable":true,"href":"https:\/\/poisonshops.com\/tr\/wp-json\/wp\/v2\/product_cat?post=388"},{"taxonomy":"product_tag","embeddable":true,"href":"https:\/\/poisonshops.com\/tr\/wp-json\/wp\/v2\/product_tag?post=388"}],"curies":[{"name":"wp","href":"https:\/\/api.w.org\/{rel}","templated":true}]}}