{"id":390,"date":"2025-11-20T11:36:50","date_gmt":"2025-11-20T11:36:50","guid":{"rendered":"https:\/\/poisonshops.com\/?post_type=product&#038;p=390"},"modified":"2025-12-26T00:39:50","modified_gmt":"2025-12-26T00:39:50","slug":"kirmizi-sivi-civa-satin-al","status":"publish","type":"product","link":"https:\/\/poisonshops.com\/tr\/urun-2\/kirmizi-sivi-civa-satin-al\/","title":{"rendered":"K\u0131rm\u0131z\u0131 S\u0131v\u0131 C\u0131va"},"content":{"rendered":"<h2>Saf k\u0131rm\u0131z\u0131 s\u0131v\u0131 c\u0131va<\/h2>\n<p>Biz birinci s\u0131n\u0131f bir k\u0131rm\u0131z\u0131 s\u0131v\u0131 c\u0131va toptanc\u0131s\u0131 ve perakendecisiyiz. ABD, \u00c7in ve Avrupa'dan m\u00fckemmel kalitede Saf K\u0131rm\u0131z\u0131 S\u0131v\u0131 C\u0131va 20\/20 tedarik ediyoruz. K\u0131rm\u0131z\u0131 S\u0131v\u0131 C\u0131va 20\/20 \u00fcr\u00fcn\u00fcm\u00fcz d\u00fcnyan\u0131n d\u00f6rt bir yan\u0131ndaki end\u00fcstriler taraf\u0131ndan olduk\u00e7a ra\u011fbet g\u00f6rmektedir. Y\u00fcksek kaliteli ve m\u00fckemmel bir \u015fekilde olu\u015fturulmu\u015f 20\/20 K\u0131rm\u0131z\u0131 S\u0131v\u0131 C\u0131vad\u0131r. K\u0131rm\u0131z\u0131 S\u0131v\u0131 C\u0131va Sat\u0131n Al\u0131n.<\/p>\n<p>K\u0131rm\u0131z\u0131 s\u0131v\u0131 c\u0131va, c\u0131va antimon oksidin elementel c\u0131va ile \u0131\u015f\u0131nlanmas\u0131yla \u00fcretilen kiraz k\u0131rm\u0131z\u0131s\u0131 bir s\u0131v\u0131d\u0131r. On y\u0131llard\u0131r c\u0131va \u00fcr\u00fcnlerinde uzmanla\u015ft\u0131k ve bir m\u00fc\u015fteri olarak neye ihtiyac\u0131n\u0131z oldu\u011funu ger\u00e7ekten anl\u0131yoruz.<\/p>\n<h4>Kiraz k\u0131rm\u0131z\u0131s\u0131 s\u0131v\u0131 c\u0131va nedir?<\/h4>\n<p>K\u0131rm\u0131z\u0131 s\u0131v\u0131 civan\u0131n yar\u0131 s\u0131v\u0131 k\u0131rm\u0131z\u0131 bir madde oldu\u011fu s\u00f6ylenir. \u0130nsanlar k\u0131rm\u0131z\u0131 c\u0131vay\u0131 b\u00fcy\u00fcl\u00fc \u00f6zelliklere sahip olarak tan\u0131mlarlar. Ancak bug\u00fcn biz onu zehirli olmas\u0131yla tan\u0131yoruz. Ancak c\u0131van\u0131n rit\u00fcellerde kullan\u0131m\u0131 ABD'deki baz\u0131 topluluklarda devam etti. Sat\u0131l\u0131k K\u0131rm\u0131z\u0131 S\u0131v\u0131 C\u0131va.<\/p>\n<p>K\u0131rm\u0131z\u0131 c\u0131va kiraz k\u0131rm\u0131z\u0131s\u0131 yar\u0131 s\u0131v\u0131 bir maddedir.<br \/>\nK\u0131rm\u0131z\u0131 c\u0131van\u0131n yo\u011funlu\u011fu \u00e7ok y\u00fcksektir 20,2 g\/ cm3.<br \/>\nBu s\u0131v\u0131 Hg2 Sb207 askeri laboratuarlar\u0131n malzemesi:<br \/>\nAntimon c\u0131va oksit<br \/>\nDi\u011fer isimler: kiraz k\u0131rm\u0131z\u0131s\u0131 s\u0131v\u0131 c\u0131va<br \/>\nForm\u00fcl: Sb2O7Hg2<br \/>\nG\u00f6r\u00fcn\u00fc\u015f: Kiraz k\u0131rm\u0131z\u0131s\u0131 metalik s\u0131v\u0131<\/p>\n<h3><strong>\u00d6zellikler K\u0131rm\u0131z\u0131 C\u0131va<\/strong><\/h3>\n<ul>\n<li><strong>Molek\u00fcler Form\u00fcl<\/strong>: Hg2 Sb207<\/li>\n<li><strong>Tip<\/strong>:  Oksit Antimon K\u0131rm\u0131z\u0131 C\u0131va<\/li>\n<li><strong>\u00c7er\u00e7eve<\/strong>:   Sb2O7Hg2<\/li>\n<li><strong>Kalite<\/strong>:   Ak\u0131\u015fkan, Yar\u0131 s\u0131v\u0131<\/li>\n<li><strong>Safl\u0131k<\/strong>: 99,999% (5N)<\/li>\n<li><strong>Renk<\/strong>:  Ponceau (Kiraz k\u0131rm\u0131z\u0131s\u0131 Homojen )<\/li>\n<li><strong>\u00e7e\u015fitlilik<\/strong>:\u00a0\u00a0\u00a0\u00a0 37.00016<\/li>\n<li><strong>Ciltli:\u00a0\u00a0\u00a0<\/strong>Enerji: 211Kcal \/ mol<\/li>\n<li><strong>Yo\u011funluk<\/strong>\u00a0:   BK-20\/20 - 20,2 gam (20,2 g\/ cm3)<\/li>\n<li><strong>Erime noktas\u0131<\/strong>:\u00a0 -37.67<\/li>\n<li><strong>Flashpoint<\/strong>: \u00a0 170.026<\/li>\n<\/ul>\n<h3>Toptan fiyatlarla saf k\u0131rm\u0131z\u0131 s\u0131v\u0131 c\u0131va<\/h3>\n<p>K\u0131rm\u0131z\u0131 c\u0131van\u0131n yo\u011funlu\u011fu \u00e7ok y\u00fcksektir, yakla\u015f\u0131k 20,2 g\/cm 3, radyoaktif olmad\u0131\u011f\u0131 i\u00e7in Alneptinyum 237'nin yo\u011funlu\u011funa benzer. Sat\u0131l\u0131k k\u0131rm\u0131z\u0131 s\u0131v\u0131 c\u0131va. Sat\u0131l\u0131k K\u0131rm\u0131z\u0131 S\u0131v\u0131 C\u0131va 20\/20, uranyum-235 i\u00e7in bir \u00e7\u00f6z\u00fcc\u00fc olarak kullan\u0131l\u0131r ve b\u00f6ylece radyoaktif uranyum-235'in depolama s\u00fcrecini kolayla\u015ft\u0131r\u0131r ve bu, bir dam\u0131tma i\u015flemi ile k\u0131rm\u0131z\u0131 s\u0131v\u0131 c\u0131vadan kolayca ayr\u0131labilir, c\u0131van\u0131n on fosfor oldu\u011fu iyi bilinmektedir. yedisi kararl\u0131 izotoplar, sonra karars\u0131z ve beta \u0131\u015f\u0131nlar\u0131 iki negatif e\u015fit \u00fcretir ve end\u00fcstriyel C\u0131va i\u00e7in bu izotoplardan biri K\u0131rm\u0131z\u0131 olarak bilinir. Sat\u0131l\u0131k K\u0131rm\u0131z\u0131 S\u0131v\u0131 C\u0131va.<\/p>\n<h3>Sat\u0131l\u0131k K\u0131rm\u0131z\u0131 S\u0131v\u0131 C\u0131va<\/h3>\n<p>K\u0131rm\u0131z\u0131 c\u0131va tehlikeli bir maddedir ve g\u00f6r\u00fcn\u00fc\u015fe g\u00f6re kendi ba\u015f\u0131na patlay\u0131c\u0131 de\u011fildir, atom bombas\u0131n\u0131n bas\u0131nc\u0131, d\u00f6teryum ve trityumun kritik k\u00fctlenin tepesine kadar i\u00e7eri\u011fiyle \u00e7al\u0131\u015fan bir n\u00f6tron kayna\u011f\u0131 olarak kullan\u0131l\u0131r ve patlay\u0131c\u0131 cihaz oldu\u011funda, Benitronat H\u0131zl\u0131 sel alan\u0131n\u0131n yakla\u015f\u0131k iki g\u00fcn boyunca kald\u0131\u011f\u0131 yakla\u015f\u0131k 500 cm 3 (yakla\u015f\u0131k 10 kg) b\u00fcy\u00fckl\u00fc\u011f\u00fcnde 600 Mtermn bomba yar\u0131\u00e7apl\u0131 bir alan\u0131n tahrip edilmesiyle birlikte \u015fiddetli bir patlama \u00fcretir. bu, n\u00f6tron bombas\u0131n\u0131n \u00f6nemli bir stratejik geli\u015fmesidir.<\/p>\n<p>K\u0131rm\u0131z\u0131 c\u0131va, ba\u015flad\u0131\u011f\u0131 n\u00f6tron bombas\u0131n\u0131n n\u00f6tron radyasyonunda pl\u00fctonyum ve trityumun mobilizasyonu olarak da kullan\u0131l\u0131r.<\/p>\n<h3>K\u0131rm\u0131z\u0131 c\u0131va nas\u0131l elde edilir<\/h3>\n<p>Google'a girerseniz, k\u0131rm\u0131z\u0131 c\u0131va elde etmenin farkl\u0131 yollar\u0131ndan bahseden bir\u00e7ok makale bulacaks\u0131n\u0131z. Baz\u0131lar\u0131 sokak sat\u0131c\u0131lar\u0131ndan c\u0131va hakk\u0131nda konu\u015furken, di\u011ferleri \u00e7evrimi\u00e7i olarak nas\u0131l sat\u0131n al\u0131naca\u011f\u0131 konusunda tavsiyelerde bulunacakt\u0131r. Bu iki yerden sat\u0131n almak m\u00fcmk\u00fcn olsa da, kimlik ve kullan\u0131labilirlik kan\u0131t\u0131 gerektirdikleri i\u00e7in daha zor olacakt\u0131r.<\/p>\n<p>Bizler uzun s\u00fcredir bu i\u015fin i\u00e7inde olan tedarik\u00e7ileriz. B\u00fcrokrasiden ve kimlik kan\u0131tlar\u0131ndan kurtulun, TOR gibi teknolojiler sayesinde i\u015flemler s\u0131ras\u0131nda anonim kalacaks\u0131n\u0131z.<\/p>\n<p><img decoding=\"async\" class=\"wp-image-463 aligncenter\" src=\"https:\/\/poisonshops.com\/wp-content\/uploads\/2025\/11\/tttt-1-204x300.png\" alt=\"Zehir D\u00fckkan\u0131\" width=\"67\" height=\"98\" srcset=\"https:\/\/poisonshops.com\/wp-content\/uploads\/2025\/11\/tttt-1-204x300.png 204w, https:\/\/poisonshops.com\/wp-content\/uploads\/2025\/11\/tttt-1.png 218w\" sizes=\"(max-width: 67px) 100vw, 67px\" \/><\/p>\n<h4>Peki kiraz k\u0131rm\u0131z\u0131s\u0131 s\u0131v\u0131 c\u0131vay\u0131 nas\u0131l elde edersiniz?<\/h4>\n<p>K\u0131rm\u0131z\u0131 s\u0131v\u0131 c\u0131va sat\u0131n al\u0131rken, sat\u0131n ald\u0131\u011f\u0131n\u0131z form ve kaliteyi bilmek \u00e7ok \u00f6nemlidir. Tam olarak ne sat\u0131n almak istedi\u011finizi bilmek bir\u00e7ok sorunu \u00f6nler. K\u0131rm\u0131z\u0131 c\u0131va nadir bulunan bir \u00fcr\u00fcnd\u00fcr, \u00e7evrimi\u00e7i olarak \u00e7e\u015fitli al\u0131c\u0131lar ve sat\u0131c\u0131lar bulacaks\u0131n\u0131z ve ihtiyac\u0131n\u0131z olan\u0131 almaya \u00e7al\u0131\u015f\u0131rken kafa kar\u0131\u015ft\u0131r\u0131c\u0131 olabilir. K\u0131rm\u0131z\u0131 S\u0131v\u0131 C\u0131va Sat\u0131n Al\u0131n.<\/p>\n<p>K\u0131rm\u0131z\u0131 c\u0131va kafan\u0131z\u0131 kar\u0131\u015ft\u0131r\u0131yorsa, sat\u0131n almadan \u00f6nce uygun bir ara\u015ft\u0131rma yapman\u0131z\u0131 veya bir uzmana dan\u0131\u015fman\u0131z\u0131 tavsiye ederiz. Bir uzman, fiyat\u0131, de\u011feri ve sat\u0131n almadan \u00f6nce bilmeniz gereken t\u00fcm \u00f6nemli ayr\u0131nt\u0131lar\u0131 belirlemenize yard\u0131mc\u0131 olacakt\u0131r. Bir uzman muhtemelen k\u0131rm\u0131z\u0131 c\u0131va sat\u0131n alabilece\u011finiz do\u011fru yerleri biliyordur.<\/p>\n<p><img decoding=\"async\" class=\"wp-image-502 aligncenter\" src=\"https:\/\/poisonshops.com\/wp-content\/uploads\/2025\/11\/Bio-Weapons-240x300.png\" alt=\"Biyolojik Silahlar\" width=\"80\" height=\"100\" srcset=\"https:\/\/poisonshops.com\/wp-content\/uploads\/2025\/11\/Bio-Weapons-240x300.png 240w, https:\/\/poisonshops.com\/wp-content\/uploads\/2025\/11\/Bio-Weapons.png 265w\" sizes=\"(max-width: 80px) 100vw, 80px\" \/><\/p>\n<h3>Peki k\u0131rm\u0131z\u0131 c\u0131vay\u0131 nereden sat\u0131n alabilirsiniz?<\/h3>\n<p>Fark ettiyseniz, \u00e7evrimi\u00e7i sekt\u00f6r b\u00fcy\u00fcmeye devam ettik\u00e7e, farkl\u0131 \u00fcr\u00fcnler satan ma\u011fazalar\u0131n say\u0131s\u0131 da art\u0131yor. Bu durum c\u0131va gibi \u00fcr\u00fcnler i\u00e7in de ge\u00e7erlidir. Google'a \u201csat\u0131l\u0131k k\u0131rm\u0131z\u0131 c\u0131va\u201d yazarsan\u0131z, hizmetlerinin reklam\u0131n\u0131 yapan bir\u00e7ok \u00e7evrimi\u00e7i sat\u0131c\u0131 bulacaks\u0131n\u0131z. \u0130nternetten bir \u015feyler sat\u0131n almaya al\u0131\u015f\u0131k de\u011filseniz, \u00e7ok say\u0131da web sitesi sizi bunaltabilir. K\u0131rm\u0131z\u0131 c\u0131va genellikle farkl\u0131 tedarik\u00e7iler taraf\u0131ndan gram ba\u015f\u0131na fiyatland\u0131r\u0131l\u0131r.<\/p>\n<p><span class=\"HwtZe\" lang=\"en\"><span class=\"jCAhz ChMk0b\"><span class=\"ryNqvb\">Sizi t\u00fcm bunlardan kurtarmak i\u00e7in, herhangi bir gereklilik olmadan ve tamamen anonim olarak yak\u0131n\u0131n\u0131zdaki c\u0131va tedarik\u00e7ileriyiz.<\/span><\/span>\u00a0<span class=\"jCAhz ChMk0b\"><span class=\"ryNqvb\">\u0130htiyac\u0131n\u0131z olabilecek t\u00fcm c\u0131va \u00fcr\u00fcnlerini sat\u0131yoruz.<\/span><\/span>\u00a0<span class=\"jCAhz ChMk0b\"><span class=\"ryNqvb\">Piyasada ge\u00e7irdi\u011fimiz uzun y\u0131llar\u0131n ard\u0131ndan m\u00fc\u015fterilerimizin t\u00fcm ihtiya\u00e7lar\u0131n\u0131 anl\u0131yoruz.<\/span><\/span>\u00a0<span class=\"jCAhz ChMk0b\"><span class=\"ryNqvb\">\u00c7o\u011fu m\u00fc\u015fteri uygun fiyata ve anonim olarak c\u0131va sat\u0131n almak ister ve biz de tam olarak bunu sunuyoruz.<\/span><\/span>\u00a0<span class=\"jCAhz ChMk0b\"><span class=\"ryNqvb\">G\u00fcvenlik ve kaliteye inan\u0131yoruz ve bundan asla \u00f6d\u00fcn veremeyiz. Sat\u0131l\u0131k K\u0131rm\u0131z\u0131 S\u0131v\u0131 C\u0131va.<\/span><\/span><\/span><\/p>\n<h2>K\u0131rm\u0131z\u0131 S\u0131v\u0131 C\u0131va Sat\u0131n Al\u0131n<\/h2>\n<p><img decoding=\"async\" class=\"wp-image-176 aligncenter\" src=\"https:\/\/poisonshops.com\/wp-content\/uploads\/2025\/11\/poison_shop_logo-300x171.png\" alt=\"Zehir D\u00fckkanlar\u0131\" width=\"135\" height=\"77\" srcset=\"https:\/\/poisonshops.com\/wp-content\/uploads\/2025\/11\/poison_shop_logo-300x171.png 300w, https:\/\/poisonshops.com\/wp-content\/uploads\/2025\/11\/poison_shop_logo.png 563w\" sizes=\"(max-width: 135px) 100vw, 135px\" \/><\/p>","protected":false},"excerpt":{"rendered":"<p>Pure red liquid mercury We are a premium wholesaler and retailer of red liquid mercury. We supply excellent quality Pure Red Liquid Mercury 20\/20 from USA, China and Europe. Our Red Liquid Mercury 20\/20 is highly sought after by industries around the world. It is a high quality and perfectly composed 20\/20 Red Liquid Mercury. [&hellip;]<\/p>\n","protected":false},"featured_media":392,"comment_status":"open","ping_status":"closed","template":"","meta":[],"product_brand":[],"product_cat":[21],"product_tag":[],"class_list":{"0":"post-390","1":"product","2":"type-product","3":"status-publish","4":"has-post-thumbnail","6":"product_cat-buy-research-chemicals-online","8":"first","9":"instock","10":"shipping-taxable","11":"purchasable","12":"product-type-simple"},"_links":{"self":[{"href":"https:\/\/poisonshops.com\/tr\/wp-json\/wp\/v2\/product\/390","targetHints":{"allow":["GET"]}}],"collection":[{"href":"https:\/\/poisonshops.com\/tr\/wp-json\/wp\/v2\/product"}],"about":[{"href":"https:\/\/poisonshops.com\/tr\/wp-json\/wp\/v2\/types\/product"}],"replies":[{"embeddable":true,"href":"https:\/\/poisonshops.com\/tr\/wp-json\/wp\/v2\/comments?post=390"}],"wp:featuredmedia":[{"embeddable":true,"href":"https:\/\/poisonshops.com\/tr\/wp-json\/wp\/v2\/media\/392"}],"wp:attachment":[{"href":"https:\/\/poisonshops.com\/tr\/wp-json\/wp\/v2\/media?parent=390"}],"wp:term":[{"taxonomy":"product_brand","embeddable":true,"href":"https:\/\/poisonshops.com\/tr\/wp-json\/wp\/v2\/product_brand?post=390"},{"taxonomy":"product_cat","embeddable":true,"href":"https:\/\/poisonshops.com\/tr\/wp-json\/wp\/v2\/product_cat?post=390"},{"taxonomy":"product_tag","embeddable":true,"href":"https:\/\/poisonshops.com\/tr\/wp-json\/wp\/v2\/product_tag?post=390"}],"curies":[{"name":"wp","href":"https:\/\/api.w.org\/{rel}","templated":true}]}}