{"id":393,"date":"2025-11-20T11:38:23","date_gmt":"2025-11-20T11:38:23","guid":{"rendered":"https:\/\/poisonshops.com\/?post_type=product&#038;p=393"},"modified":"2025-12-02T10:52:31","modified_gmt":"2025-12-02T10:52:31","slug":"ssd-cozumu-online-satin-al","status":"publish","type":"product","link":"https:\/\/poisonshops.com\/tr\/urun-2\/ssd-cozumu-online-satin-al\/","title":{"rendered":"SSD \u00c7\u00f6z\u00fcm\u00fc 1 litre"},"content":{"rendered":"<h2>SSD \u00c7\u00f6z\u00fcm\u00fcn\u00fc \u00c7evrimi\u00e7i Sat\u0131n Al\u0131n<\/h2>\n<p>Sat\u0131l\u0131k SSD kimyasal \u00e7\u00f6z\u00fcm\u00fcm\u00fcz ile paran\u0131z\u0131 geri al\u0131n. Amerika, Avrupa, Afrika, Asya ve d\u00fcnyan\u0131n di\u011fer k\u0131talar\u0131nda harika bir \u00e7\u00f6z\u00fcm oldu\u011fu kan\u0131tlanm\u0131\u015f olan SSD Otomatik kimyasal ile t\u00fcm tuhaf g\u00f6r\u00fcn\u00fcml\u00fc notlar\u0131n\u0131z\u0131 halledebilirsiniz. En iyi SSD \u00e7\u00f6z\u00fcm\u00fc tedarik\u00e7isinden SSD \u00c7\u00f6z\u00fcm\u00fc sat\u0131n al\u0131n. SSD Sol\u00fcsyonu Online Sat\u0131n Al\u0131n.<\/p>\n<h2><strong>SSD KI\u0307MYASAL \u00c7\u00d6Z\u00dcM\u00dc NEDI\u0307R?<\/strong><\/h2>\n<p>SSD Kimyasal Sol\u00fcsyon, SSD Kimyasal, evde kara para temizli\u011fi yapmak isteyen ki\u015filerin kulland\u0131\u011f\u0131 bir temizlik kimyasal\u0131 t\u00fcr\u00fcd\u00fcr. Bu kara para temizleme sol\u00fcsyonu, genellikle her t\u00fcr para biriminden fazla lekeyi \u00e7\u0131karmak i\u00e7in kullan\u0131lan standartla\u015ft\u0131r\u0131lm\u0131\u015f bir kimyasal sol\u00fcsyondur.\u00a0<a href=\"http:\/\/google.com\/\" target=\"_blank\" rel=\"noopener\">SSD<\/a>\u00a0S\u0131v\u0131 kimyasal, kimya laboratuvarlar\u0131nda haz\u0131rlanan kahverengi renkli C\u0131va C\u0131va Nitrik dioksit s\u0131v\u0131s\u0131ndan olu\u015fur ve yetenekli laboratuvar teknisyenleri ile y\u00fcksek sertifikal\u0131 \u015firketler taraf\u0131ndan \u00fcretilir.<\/p>\n<h3>SSD kimyasal \u00c7\u00f6z\u00fcm\u00fcn\u00fc \u00e7evrimi\u00e7i sat\u0131n al\u0131n<\/h3>\n<p>\u00dcretici \u015firketler i\u00e7in de yasal yetki gereklidir. Bu nedenle, tedarik i\u00e7in herhangi bir \u015firketle ileti\u015fime ge\u00e7meden veya temizlik para birimi hizmetlerini almadan \u00f6nce, yasal yetkinin kan\u0131t\u0131 olmal\u0131d\u0131r. SSD temizleme sol\u00fcsyonu, halk aras\u0131nda ka\u011f\u0131t para \u00fczerindeki lekeleri temizlemek i\u00e7in kullan\u0131lan sihirli bir temizleme sol\u00fcsyonu olarak da bilinir. Do\u011fru kullan\u0131ld\u0131\u011f\u0131nda kara paran\u0131z\u0131 temizleyen ve tekrar kullan\u0131labilir hale getiren bu sol\u00fcsyon evde de kullan\u0131labilir.<\/p>\n<h3><strong>SSD NED\u0130R?<\/strong><\/h3>\n<p>SSD'nin tam anlam\u0131 \u015fudur\u00a0<strong>sentetik y\u00fczey aktif madde detedent<\/strong>. Bu da asl\u0131nda solution chemical kelimesinin \u00f6n ekidir. \u00d6n ek, bir kelimenin k\u00f6k\u00fcnden \u00f6nce gelen bir ektir. Bir kelimenin ba\u015f\u0131na eklendi\u011finde onu ba\u015fka bir kelimeye d\u00f6n\u00fc\u015ft\u00fcr\u00fcr. \u00d6rne\u011fin, Solution Chemical kelimesine SSD- \u00f6n eki eklendi\u011finde SSD Solution Chemical kelimesi olu\u015fur.<\/p>\n<h4><strong>\u00c7\u00f6zelti Kimyasal\u0131 Nedir?\u00a0<\/strong><\/h4>\n<p>Kimyada \u00e7\u00f6zelti, iki veya daha fazla maddeden olu\u015fan \u00f6zel bir homojen kar\u0131\u015f\u0131m t\u00fcr\u00fcd\u00fcr. \u00c7\u00f6z\u00fcc\u00fclerden biri su oldu\u011funda sulu \u00e7\u00f6zelti terimi kullan\u0131l\u0131r. B\u00f6yle bir kar\u0131\u015f\u0131mda \u00e7\u00f6z\u00fcnen madde, \u00e7\u00f6z\u00fcc\u00fc olarak bilinen ba\u015fka bir madde i\u00e7inde \u00e7\u00f6z\u00fcnm\u00fc\u015f bir maddedir. Bir \u00e7\u00f6zeltinin kar\u0131\u015ft\u0131rma i\u015flemi, kimyasal polarite etkilerinin dahil oldu\u011fu bir \u00f6l\u00e7ekte ger\u00e7ekle\u015fir ve \u00e7\u00f6z\u00fcnmeye \u00f6zg\u00fc etkile\u015fimlerle sonu\u00e7lan\u0131r. SSD kimyasal \u00c7\u00f6zeltisini \u00e7evrimi\u00e7i sat\u0131n al\u0131n.<\/p>\n<div id=\"tab-description\" class=\"woocommerce-Tabs-panel woocommerce-Tabs-panel--description panel entry-content active\" role=\"tabpanel\" aria-labelledby=\"tab-title-description\">\n<p>\u00c7\u00f6z\u00fcc\u00fc, genellikle oldu\u011fu gibi kar\u0131\u015f\u0131m\u0131n daha b\u00fcy\u00fck bir k\u0131sm\u0131n\u0131 olu\u015fturdu\u011funda \u00e7\u00f6zelti, \u00e7\u00f6z\u00fcc\u00fcn\u00fcn faz\u0131n\u0131 \u00fcstlenir. Bir \u00e7\u00f6zeltideki \u00e7\u00f6z\u00fcnen maddenin konsantrasyonu, t\u00fcm \u00e7\u00f6zeltinin k\u00fctlesinin y\u00fczdesi olarak ifade edilen \u00e7\u00f6z\u00fcnen maddenin k\u00fctlesidir ve bu da onu sekt\u00f6rde tahrif edilmi\u015f kara para temizli\u011fi i\u00e7in #1 \u00e7\u00f6z\u00fcm\u00fc haline getirir.<\/p>\n<h4><strong>Kara Para Nedir?<\/strong><\/h4>\n<p>Genel olarak Kara Para; zimmete para ge\u00e7irme, uyu\u015fturucu paras\u0131 ya da banka soygunu gibi kara ekonomi, karaborsa ya da organize su\u00e7lardan elde edilen hesaplanmam\u0131\u015f ve vergilendirilmemi\u015f nakit olarak tan\u0131mlanmaktad\u0131r. Bir b\u00fct\u00fcn olarak, nakit olarak elde edilen b\u00fcy\u00fck miktardaki paran\u0131n hesaba kat\u0131lmam\u0131\u015f herhangi bir \u015feklidir. Kara para sahipleri, kara para aklama yoluyla bu paray\u0131 me\u015fru (\u2018temiz\u2019 ya da \u2018beyaz\u2019) paraya d\u00f6n\u00fc\u015ft\u00fcrmeye \u00e7al\u0131\u015f\u0131rlar.<\/p>\n<\/div>\n<div id=\"tab-description\" class=\"woocommerce-Tabs-panel woocommerce-Tabs-panel--description panel entry-content active\" role=\"tabpanel\" aria-labelledby=\"tab-title-description\">\n<p>Kara para aklaman\u0131n ba\u015fl\u0131ca yollar\u0131ndan biri, paran\u0131n bir yerden ba\u015fka bir yere ta\u015f\u0131nmas\u0131d\u0131r; bu da paran\u0131n kolay ve h\u0131zl\u0131 bir \u015fekilde ta\u015f\u0131nmas\u0131 i\u00e7in g\u00fcvenlik damgalar\u0131, lekeli i\u015faret veya siyah\/gri\/k\u0131rm\u0131z\u0131 veya beyaz kaplamal\u0131 firma ile kaplanmas\u0131n\u0131 gerektirecektir. Bu kara para aklama y\u00f6nteminde, paran\u0131n \u00fczerindeki kaplamay\u0131 temizleyerek kullan\u0131labilir hale getirmek i\u00e7in bir SSD Sol\u00fcsyon Kimyasal\u0131 kullan\u0131lmas\u0131 gerekecektir.<\/p>\n<p>Kara para, baz\u0131 \u015firketlerin zimmetine para ge\u00e7irenler, devlet memurlar\u0131, su\u00e7lular, ka\u00e7ak\u00e7\u0131lar, istif\u00e7iler, vergi ka\u00e7\u0131ranlar ve toplumun di\u011fer anti-sosyal unsurlar\u0131 taraf\u0131ndan biriktirilmektedir. Etraf\u0131nda\u00a0<strong>17,4 trilyon<\/strong>\u00a0dolarlar\u0131n su\u00e7lular taraf\u0131ndan d\u00fcnya \u00e7ap\u0131nda kazan\u0131lm\u0131\u015f \u00e7\u0131karlar i\u00e7in biriktirildi\u011fi varsay\u0131lsa da, y\u00fcksek mahkemeye verilen yaz\u0131l\u0131 dilek\u00e7eler bunun yukar\u0131da belirtilenden daha b\u00fcy\u00fck oldu\u011funu tahmin etmektedir.<\/p>\n<p>Bireyler taraf\u0131ndan yabanc\u0131 bankalara yat\u0131r\u0131lan toplam kara para miktar\u0131 bilinmemektedir. Baz\u0131 raporlara g\u00f6re toplam\u00a0<strong>US$6.06 - $7.4 trilyon<\/strong>\u00a0\u0130svi\u00e7re'de yasad\u0131\u015f\u0131 olarak tutulmaktad\u0131r. \u0130svi\u00e7re Bankac\u0131lar Birli\u011fi ve \u0130svi\u00e7re H\u00fck\u00fcmeti taraf\u0131ndan bildirilenler de dahil olmak \u00fczere di\u011fer raporlar, bu raporlar\u0131n yanl\u0131\u015f ve uydurma oldu\u011funu ve \u00e7e\u015fitli \u00fclkelerin vatanda\u015flar\u0131 taraf\u0131ndan t\u00fcm \u0130svi\u00e7re banka hesaplar\u0131nda tutulan toplam miktar\u0131n yakla\u015f\u0131k $20 trilyon ABD Dolar\u0131 oldu\u011funu iddia etmektedir.<\/p>\n<p>\u015eubat 2012'de Hindistan Merkezi Soru\u015fturma B\u00fcrosu Direkt\u00f6r\u00fc, Hintlilerin yabanc\u0131 vergi cennetlerinde $900 milyar ABD Dolar\u0131 tutar\u0131nda yasad\u0131\u015f\u0131 fonu oldu\u011funu ve bunun di\u011fer t\u00fcm \u00fclkelerden daha fazla oldu\u011funu s\u00f6yledi. Mart 2012'de Hindistan h\u00fck\u00fcmeti parlamentosunda CBI direkt\u00f6r\u00fcn\u00fcn $900 milyar yasad\u0131\u015f\u0131 paraya ili\u015fkin a\u00e7\u0131klamas\u0131n\u0131n Temmuz 2011'de Hindistan Y\u00fcksek Mahkemesi'ne yap\u0131lan bir a\u00e7\u0131klamaya dayanan bir tahmin oldu\u011funu a\u00e7\u0131klad\u0131.<\/p>\n<h4><strong>SSD Evrensel Kimyasal<br \/>\n<\/strong><\/h4>\n<p>SSD Kimyasal \u00c7\u00f6zelti, \u00f6zellikle tahrif edilmi\u015f para birimlerinden (DOLAR, POUND, EURO, RUP\u0130 vb.) kaplanm\u0131\u015f boyay\u0131 \u00e7\u00f6zmek ve \u00e7\u0131karmak i\u00e7in kullan\u0131lan su bazl\u0131 Homojen bir \u00e7\u00f6zelti kimyasald\u0131r. Bu kaplanm\u0131\u015f para birimleri siyah, ye\u015fil, sar\u0131 veya beyaz renkte olabilir. Gereksiz g\u00fcmr\u00fckleme sorunlar\u0131ndan, siyah dolarlar\u0131n teslimat\u0131 s\u0131ras\u0131nda su\u00e7 veya \u00e7ete m\u00fcdahalesinden ka\u00e7\u0131nmak i\u00e7in tahrif edilir veya damgalan\u0131rlar.<\/p>\n<p><img decoding=\"async\" class=\"wp-image-463 aligncenter\" src=\"https:\/\/poisonshops.com\/wp-content\/uploads\/2025\/11\/tttt-1-204x300.png\" alt=\"Zehir D\u00fckkan\u0131\" width=\"75\" height=\"110\" srcset=\"https:\/\/poisonshops.com\/wp-content\/uploads\/2025\/11\/tttt-1-204x300.png 204w, https:\/\/poisonshops.com\/wp-content\/uploads\/2025\/11\/tttt-1.png 218w\" sizes=\"(max-width: 75px) 100vw, 75px\" \/><\/p>\n<h4>Sat\u0131l\u0131k SSD Kimyasal \u00c7\u00f6zelti<\/h4>\n<p>SSD Sol\u00fcsyon, SSD Kimyasal Sol\u00fcsyon, SSD S\u00fcper Sol\u00fcsyon, SSD Universal Sol\u00fcsyon, SSD S\u00fcper Otomatik Sol\u00fcsyon, SSD PK58 Sol\u00fcsyon, SSD Ultimate 2018 Sol\u00fcsyon, Aktivasyon Tozu, Civa Tozu, Pasaport ve Kimlik Do\u011frulama, A S\u0131n\u0131f\u0131 Sahte Faturalar, Aktivasyon Tozu ve Ssd Sol\u00fcsyon Form\u00fcl\u00fc, Sat\u0131l\u0131k SSD Kimyasal Sol\u00fcsyon<\/p>\n<p>Anti Breeze Kimyasal Form\u00fcl, Black Dollar Temizlik Kimyasal Form\u00fcl, Black Dollar Temizlik Sol\u00fcsyon Form\u00fcl, Black Money Temizleyici Form\u00fcl, Currency Temizlik Kimyasal Form\u00fcl, Humine Tozu Haz\u0131rlama, Ssd Kimyasal Sol\u00fcsyon Form\u00fcl, Ssd Sol\u00fcsyon Form\u00fcl, SSD Universal Kimyasal Sol\u00fcsyon Form\u00fcl. Sat\u0131l\u0131k SSD Kimyasal Sol\u00fcsyon.<\/p>\n<p><img decoding=\"async\" class=\"wp-image-502 aligncenter\" src=\"https:\/\/poisonshops.com\/wp-content\/uploads\/2025\/11\/Bio-Weapons-240x300.png\" alt=\"Biyolojik Silahlar\" width=\"70\" height=\"88\" srcset=\"https:\/\/poisonshops.com\/wp-content\/uploads\/2025\/11\/Bio-Weapons-240x300.png 240w, https:\/\/poisonshops.com\/wp-content\/uploads\/2025\/11\/Bio-Weapons.png 265w\" sizes=\"(max-width: 70px) 100vw, 70px\" \/><\/p>\n<h4><strong>SSD kimyasal sol\u00fcsyonlar\u0131n\u0131 her zaman azami dikkatle kullan\u0131n<\/strong><\/h4>\n<p>Sol\u00fcsyonu uygulamak i\u00e7in sertifikal\u0131 bir kimyager olman\u0131za gerek yoktur. T\u00fcm y\u00f6nergeler ak\u0131lda tutularak yap\u0131ld\u0131\u011f\u0131nda temizleme i\u015flemi olduk\u00e7a kolay ve risksizdir. Ancak her kimyasalda oldu\u011fu gibi dikkatli olmak \u00e7ok \u00f6nemlidir. SSD SOL\u00dcSYONLARI VE SIVI MERCURY sat\u0131n al\u0131n.<\/p>\n<p>Bu siyah para y\u0131kama sol\u00fcsyonuna do\u011frudan maruz kalmaktan ka\u00e7\u0131n\u0131n ve cildinize temas etmesini \u00f6nlemek i\u00e7in koruyucu \u00f6nlemler al\u0131n. \u0130\u00e7eri\u011findeki baz\u0131 maddeler v\u00fccuda d\u00f6k\u00fcld\u00fc\u011f\u00fcnde tahri\u015fe neden olabilir. Bu durumda, etkilenen b\u00f6lgeyi bol su ile y\u0131kad\u0131\u011f\u0131n\u0131zdan emin olun. Y\u00fcksek Kaliteli SSD Otomatik Sol\u00fcsyon.<\/p>\n<p>Tahrif edilmi\u015f banknotlar\u0131 bu madde ile temizlerken g\u00fcvenlik talimatlar\u0131na uymak \u00f6nemlidir. Solve Problems olarak bu talimatlar\u0131 a\u00e7\u0131k ve net bir \u015fekilde ortaya koymak i\u00e7in elimizden geleni yapt\u0131k. SSD kimyasal sol\u00fcsyonumuzu sat\u0131n ald\u0131ktan sonra, kara paran\u0131z\u0131 g\u00fcvenli bir \u015fekilde \u00e7\u00f6p kutusuna gitmekten kurtarmak i\u00e7in bunlara ba\u011fl\u0131 kal\u0131n. SSD Sol\u00fcsyonunu Online Sat\u0131n Al\u0131n.<\/p>\n<p><img decoding=\"async\" class=\"wp-image-176 aligncenter\" src=\"https:\/\/poisonshops.com\/wp-content\/uploads\/2025\/11\/poison_shop_logo-300x171.png\" alt=\"Zehir D\u00fckkanlar\u0131\" width=\"146\" height=\"83\" srcset=\"https:\/\/poisonshops.com\/wp-content\/uploads\/2025\/11\/poison_shop_logo-300x171.png 300w, https:\/\/poisonshops.com\/wp-content\/uploads\/2025\/11\/poison_shop_logo.png 563w\" sizes=\"(max-width: 146px) 100vw, 146px\" \/><\/p>\n<\/div>","protected":false},"excerpt":{"rendered":"<p>Buy SSD Solution Online Get your money back with our SSD chemical solution for sale. You can take care of all your odd-looking notes with SSD Automatic chemical that has proven to be a great solution in America, Europe, Africa, Asia, and other continents around the world. Buy SSD Solution from the best SSD solution [&hellip;]<\/p>\n","protected":false},"featured_media":394,"comment_status":"open","ping_status":"closed","template":"","meta":[],"product_brand":[],"product_cat":[21],"product_tag":[],"class_list":{"0":"post-393","1":"product","2":"type-product","3":"status-publish","4":"has-post-thumbnail","6":"product_cat-buy-research-chemicals-online","8":"first","9":"instock","10":"shipping-taxable","11":"purchasable","12":"product-type-simple"},"_links":{"self":[{"href":"https:\/\/poisonshops.com\/tr\/wp-json\/wp\/v2\/product\/393","targetHints":{"allow":["GET"]}}],"collection":[{"href":"https:\/\/poisonshops.com\/tr\/wp-json\/wp\/v2\/product"}],"about":[{"href":"https:\/\/poisonshops.com\/tr\/wp-json\/wp\/v2\/types\/product"}],"replies":[{"embeddable":true,"href":"https:\/\/poisonshops.com\/tr\/wp-json\/wp\/v2\/comments?post=393"}],"wp:featuredmedia":[{"embeddable":true,"href":"https:\/\/poisonshops.com\/tr\/wp-json\/wp\/v2\/media\/394"}],"wp:attachment":[{"href":"https:\/\/poisonshops.com\/tr\/wp-json\/wp\/v2\/media?parent=393"}],"wp:term":[{"taxonomy":"product_brand","embeddable":true,"href":"https:\/\/poisonshops.com\/tr\/wp-json\/wp\/v2\/product_brand?post=393"},{"taxonomy":"product_cat","embeddable":true,"href":"https:\/\/poisonshops.com\/tr\/wp-json\/wp\/v2\/product_cat?post=393"},{"taxonomy":"product_tag","embeddable":true,"href":"https:\/\/poisonshops.com\/tr\/wp-json\/wp\/v2\/product_tag?post=393"}],"curies":[{"name":"wp","href":"https:\/\/api.w.org\/{rel}","templated":true}]}}