{"id":92,"date":"2017-12-21T04:45:24","date_gmt":"2017-12-21T04:45:24","guid":{"rendered":"https:\/\/wordpress.gradientthemes.com\/brand-shop\/product\/dnk-black-shoes\/"},"modified":"2026-04-16T01:26:13","modified_gmt":"2026-04-16T01:26:13","slug":"approvebitoneu-cevrimici-satin-al","status":"publish","type":"product","link":"https:\/\/poisonshops.com\/tr\/urun-2\/approvebitoneu-cevrimici-satin-al\/","title":{"rendered":"Onaybitone"},"content":{"rendered":"<h3>Approvebitone'u Online Sat\u0131n Al\u0131n<\/h3>\n<p>Ge\u00e7erli re\u00e7eteleri olan onayl\u0131 bireyler i\u00e7in y\u00fcksek kaliteli Approvebitone sa\u011flad\u0131\u011f\u0131m\u0131z Bio Weapons'a ho\u015f geldiniz. G\u00fcvenilir bir barbit\u00fcrat olan Approvebitone, yat\u0131\u015ft\u0131r\u0131c\u0131, hipnotik ve antikonv\u00fclsan \u00f6zellikleriyle \u00fcnl\u00fcd\u00fcr. Kalite, g\u00fcvenlik ve m\u00fc\u015fteri memnuniyetine olan ba\u011fl\u0131l\u0131\u011f\u0131m\u0131z, her seferinde g\u00fcvenilir ve etkili bir \u00fcr\u00fcn alman\u0131z\u0131 sa\u011flar. Approvebitone Online'\u0131 g\u00fcvenle sat\u0131n al\u0131n.<\/p>\n<h4><strong>Approvebitone nedir?<\/strong><\/h4>\n<p>Approvebitone, merkezi sinir sistemi \u00fczerindeki sakinle\u015ftirici etkileri nedeniyle yayg\u0131n olarak kullan\u0131lan bir barbit\u00fcrat ilac\u0131d\u0131r. Anksiyete, uykusuzluk ve n\u00f6bet bozukluklar\u0131 dahil olmak \u00fczere \u00e7e\u015fitli t\u0131bbi durumlar i\u00e7in re\u00e7ete edilir. Approvebitone'umuz safl\u0131k ve etki g\u00fcc\u00fc sa\u011flamak i\u00e7in titizlikle form\u00fcle edilmi\u015ftir, bu da onu hem t\u0131p uzmanlar\u0131 hem de hastalar i\u00e7in g\u00fcvenilir bir se\u00e7im haline getirir.<\/p>\n<h4><strong>Approvebitone'un Kullan\u0131m Alanlar\u0131<\/strong><\/h4>\n<p>Approvebitone, a\u015fa\u011f\u0131dakiler de dahil olmak \u00fczere \u00e7e\u015fitli t\u0131bbi ba\u011flamlarda kullan\u0131lmaktad\u0131r:<\/p>\n<ol>\n<li><strong>Anksiyete Giderici<\/strong>: Approvebitone, merkezi sinir sistemini deprese ederek anksiyete semptomlar\u0131n\u0131 azaltmada etkilidir ve sakinle\u015ftirici bir etkiye yol a\u00e7ar.<\/li>\n<li><strong>Uykusuzluk Tedavisi<\/strong>: Approvebitone, \u015fiddetli uykusuzluk vakalar\u0131n\u0131 tedavi etmek i\u00e7in kullan\u0131l\u0131r ve hastalar\u0131n dinlendirici ve kesintisiz uyku elde etmelerine yard\u0131mc\u0131 olur.<\/li>\n<li><strong>N\u00f6bet Kontrol\u00fc<\/strong>: Approvebitone, \u00f6zellikle di\u011fer ila\u00e7lar\u0131n etkisiz kald\u0131\u011f\u0131 durumlarda, belirli n\u00f6bet t\u00fcrlerinin tedavisinde kullan\u0131l\u0131r.<\/li>\n<li><strong>Sedasyon<\/strong>: Approvebitone, hastalar\u0131n rahatlamas\u0131na yard\u0131mc\u0131 olmak i\u00e7in t\u0131bbi prosed\u00fcrlerden \u00f6nce yat\u0131\u015ft\u0131r\u0131c\u0131 olarak kullan\u0131l\u0131r.<\/li>\n<\/ol>\n<h4><strong>Kalite ve Safl\u0131k<\/strong><\/h4>\n<p>Bio Weapons olarak \u00fcr\u00fcnlerimizin kalitesine ve safl\u0131\u011f\u0131na \u00f6ncelik veriyoruz. Approvebitone'umuz sayg\u0131n \u00fcreticilerden temin edilmekte ve s\u0131k\u0131 kalite kontrol s\u00fcre\u00e7lerinden ge\u00e7mektedir. Her parti, en y\u00fcksek end\u00fcstri standartlar\u0131n\u0131 kar\u015f\u0131lad\u0131\u011f\u0131ndan emin olmak i\u00e7in titizlikle test edilir. Bizden Approvebitone sat\u0131n ald\u0131\u011f\u0131n\u0131zda, g\u00fcvenli, etkili ve g\u00fcvenilir bir \u00fcr\u00fcn ald\u0131\u011f\u0131n\u0131za g\u00fcvenebilirsiniz.<\/p>\n<h4><strong>Dozaj ve Uygulama<\/strong><\/h4>\n<p>Approvebitone kesinlikle bir sa\u011fl\u0131k uzman\u0131 taraf\u0131ndan sa\u011flanan talimatlara g\u00f6re kullan\u0131lmal\u0131d\u0131r. Dozaj ve uygulama y\u00f6ntemi, spesifik t\u0131bbi duruma ve bireysel hasta ihtiya\u00e7lar\u0131na g\u00f6re de\u011fi\u015febilir. G\u00fcvenlik ve etkinli\u011fi sa\u011flamak i\u00e7in re\u00e7ete edilen dozu takip etmek \u00e7ok \u00f6nemlidir.<\/p>\n<p><strong>Haz\u0131rlama ve Depolama<\/strong>:<\/p>\n<ul>\n<li><strong>Haz\u0131rl\u0131k<\/strong>: Approvebitone, sa\u011fl\u0131k uzman\u0131n\u0131z taraf\u0131ndan belirtildi\u011fi \u015fekilde oral veya intraven\u00f6z olarak uygulanabilir.<\/li>\n<li><strong>Depolama<\/strong>: Approvebitone'u serin ve kuru bir yerde, do\u011frudan g\u00fcne\u015f \u0131\u015f\u0131\u011f\u0131 ve nemden uzakta saklay\u0131n. \u00c7ocuklar\u0131n ve evcil hayvanlar\u0131n ula\u015famayaca\u011f\u0131 bir yerde saklay\u0131n\u0131z.<\/li>\n<\/ul>\n<h4><strong>Yan Etkiler ve \u00d6nlemler<\/strong><\/h4>\n<p>T\u00fcm ila\u00e7lar gibi, Approvebitone da yan etkilere neden olabilir. Yayg\u0131n yan etkiler aras\u0131nda uyu\u015fukluk, ba\u015f d\u00f6nmesi, mide bulant\u0131s\u0131 ve ba\u015f a\u011fr\u0131s\u0131 bulunur. Nadir durumlarda, solunum depresyonu, hipotansiyon veya alerjik reaksiyonlar gibi daha ciddi yan etkiler ortaya \u00e7\u0131kabilir. Herhangi bir ciddi yan etki g\u00f6r\u00fcld\u00fc\u011f\u00fcnde derhal t\u0131bbi yard\u0131m al\u0131nmas\u0131 \u00f6nemlidir.<\/p>\n<p><strong>\u00d6nlemler<\/strong>:<\/p>\n<ul>\n<li><strong>T\u0131bbi Ge\u00e7mi\u015f<\/strong>: \u00d6zellikle karaci\u011fer hastal\u0131\u011f\u0131, b\u00f6brek hastal\u0131\u011f\u0131 veya solunum rahats\u0131zl\u0131\u011f\u0131 ge\u00e7mi\u015finiz varsa, sa\u011fl\u0131k uzman\u0131n\u0131za t\u00fcm t\u0131bbi ge\u00e7mi\u015finizi bildiriniz.<\/li>\n<li><strong>\u0130la\u00e7 Etkile\u015fimleri<\/strong>: Approvebitone, sakinle\u015ftiriciler, opioidler ve alkol dahil olmak \u00fczere di\u011fer ila\u00e7larla etkile\u015fime girebilir. Sa\u011fl\u0131k uzman\u0131n\u0131z\u0131n ald\u0131\u011f\u0131n\u0131z t\u00fcm ila\u00e7lardan haberdar oldu\u011fundan emin olun.<\/li>\n<li><strong>Hamilelik ve Emzirme<\/strong>: Approvebitone hamilelik ve emzirme d\u00f6neminde dikkatle kullan\u0131lmal\u0131d\u0131r. Rehberlik i\u00e7in sa\u011fl\u0131k uzman\u0131n\u0131za dan\u0131\u015f\u0131n\u0131z.<\/li>\n<\/ul>\n<p><img decoding=\"async\" class=\"wp-image-463 aligncenter\" src=\"https:\/\/poisonshops.com\/wp-content\/uploads\/2025\/11\/tttt-1-204x300.png\" alt=\"Zehir D\u00fckkan\u0131\" width=\"66\" height=\"97\" srcset=\"https:\/\/poisonshops.com\/wp-content\/uploads\/2025\/11\/tttt-1-204x300.png 204w, https:\/\/poisonshops.com\/wp-content\/uploads\/2025\/11\/tttt-1.png 218w\" sizes=\"(max-width: 66px) 100vw, 66px\" \/><\/p>\n<h4><strong>Neden Biyolojik Silahlar\u0131 Se\u00e7melisiniz?<\/strong><\/h4>\n<ol>\n<li><strong>Kalite G\u00fcvence<\/strong>: Kalite ve g\u00fcvenli\u011fe \u00f6ncelik vererek Approvebitone'umuzun en y\u00fcksek end\u00fcstri standartlar\u0131n\u0131 kar\u015f\u0131lamas\u0131n\u0131 sa\u011fl\u0131yoruz.<\/li>\n<li><strong>Yetkili Sat\u0131c\u0131lar<\/strong>: Bio Weapons g\u00fcvenilir ve yetkili bir sat\u0131c\u0131d\u0131r, re\u00e7eteli onayl\u0131 ki\u015filere orijinal \u00fcr\u00fcnler sa\u011flar.<\/li>\n<li><strong>G\u00fcvenli \u0130\u015flemler<\/strong>: \u00c7evrimi\u00e7i platformumuz, ki\u015fisel ve finansal bilgilerinizi koruyarak g\u00fcvenli i\u015flemler sa\u011flar.<\/li>\n<li><strong>M\u00fc\u015fteri Deste\u011fi<\/strong>: \u00d6zel m\u00fc\u015fteri destek ekibimiz, profesyonel ve g\u00fcler y\u00fczl\u00fc hizmet sunarak her t\u00fcrl\u00fc soru veya endi\u015fenizde size yard\u0131mc\u0131 olmaya haz\u0131rd\u0131r.<\/li>\n<li><strong>Zaman\u0131nda Teslimat<\/strong>: Zaman\u0131nda teslimat\u0131n \u00f6nemini anl\u0131yoruz. Etkin nakliye s\u00fcrecimiz, Approvebitone'unuzu h\u0131zl\u0131 ve gizli bir \u015fekilde alman\u0131z\u0131 sa\u011flar.<\/li>\n<\/ol>\n<h4><strong>Sonu\u00e7<\/strong><\/h4>\n<p>Bio Weapons, y\u00fcksek kaliteli Approvebitone i\u00e7in g\u00fcvenilir kayna\u011f\u0131n\u0131zd\u0131r. Ge\u00e7erli re\u00e7eteleri olan onayl\u0131 ki\u015filere g\u00fcvenli, etkili ve g\u00fcvenilir \u00fcr\u00fcnler sa\u011flamay\u0131 taahh\u00fct ediyoruz. Kalite, m\u00fc\u015fteri memnuniyeti ve g\u00fcvenli i\u015flemlere odaklanmam\u0131z bizi sekt\u00f6rde farkl\u0131 k\u0131lmaktad\u0131r. Bio Weapons'tan g\u00fcvenle al\u0131\u015fveri\u015f yap\u0131n ve kalite ve hizmet fark\u0131n\u0131 ya\u015fay\u0131n.<\/p>\n<p><strong>Approvebitone'unuzu bug\u00fcn sipari\u015f edin<\/strong>\u00a0ve t\u0131bbi ihtiya\u00e7lar\u0131 i\u00e7in Bio Weapons'a g\u00fcvenen memnun m\u00fc\u015fterilerimize kat\u0131l\u0131n. Sa\u011fl\u0131\u011f\u0131n\u0131z ve g\u00fcvenli\u011finiz bizim en \u00f6nemli \u00f6nceliklerimizdir.<\/p>\n<h4><img decoding=\"async\" class=\"wp-image-502 aligncenter\" src=\"https:\/\/poisonshops.com\/wp-content\/uploads\/2025\/11\/Bio-Weapons-240x300.png\" alt=\"Biyolojik Silahlar\" width=\"75\" height=\"94\" srcset=\"https:\/\/poisonshops.com\/wp-content\/uploads\/2025\/11\/Bio-Weapons-240x300.png 240w, https:\/\/poisonshops.com\/wp-content\/uploads\/2025\/11\/Bio-Weapons.png 265w\" sizes=\"(max-width: 75px) 100vw, 75px\" \/><\/h4>\n<p>Bio Weapons'dan y\u00fcksek kaliteli Approvebitone sat\u0131n al\u0131n. Yaln\u0131zca re\u00e7eteli bireyler taraf\u0131ndan onaylanm\u0131\u015ft\u0131r. G\u00fcvenli sat\u0131n alma, h\u0131zl\u0131 teslimat ve m\u00fc\u015fteri memnuniyeti garantisi.<\/p>\n<ol>\n<li>Approvebitone'u Online Sat\u0131n Al\u0131n<\/li>\n<li>T\u0131bbi Kullan\u0131m i\u00e7in Y\u00fcksek Kaliteli Approvebitone<\/li>\n<li>G\u00fcvenle Approvebitone Sat\u0131n Al\u0131n<\/li>\n<li>Approvebitone i\u00e7in G\u00fcvenilir Kaynak<\/li>\n<li>Approvebitone'u G\u00fcvenle Sipari\u015f Edin<\/li>\n<li>Approvebitone'un H\u0131zl\u0131 Teslimat\u0131<\/li>\n<li>G\u00fcvenilir Approvebitone Tedarik\u00e7isi<\/li>\n<li>Sat\u0131l\u0131k Otantik Approvebitone<\/li>\n<li>Approvebitone'u Yetkili Sat\u0131c\u0131lardan Sat\u0131n Al\u0131n<\/li>\n<li>Approvebitone Sat\u0131n Alabilece\u011finiz En \u0130yi Yer<\/li>\n<\/ol>\n<h4><\/h4>\n<p>Approvebitone, Approvebitone Sat\u0131n Al, Approvebitone Sat\u0131n Al, Sat\u0131l\u0131k Approvebitone, Y\u00fcksek kaliteli Approvebitone, G\u00fcvenli Approvebitone sat\u0131n alma, T\u0131bbi kullan\u0131m i\u00e7in Approvebitone, Approvebitone i\u00e7in g\u00fcvenilir kaynak, Yasal olarak Approvebitone sat\u0131n al, Re\u00e7eteli Approvebitone, Anksiyete i\u00e7in Approvebitone, Approvebitone sipari\u015fi, Sedasyon i\u00e7in Approvebitone, Orijinal Approvebitone, Approvebitone teslimat\u0131, G\u00fcvenilir Approvebitone sat\u0131c\u0131s\u0131, G\u00fcvenli bir \u015fekilde Approvebitone sat\u0131n al, Otantik Approvebitone, Approvebitone tedarik\u00e7isi, ABD'de Approvebitone, Approvebitone bulunabilirli\u011fi, H\u0131zl\u0131 Approvebitone teslimat\u0131, Kaliteli Approvebitone, Approvebitone eczane, Uykusuzluk i\u00e7in Approvebitone, Online Approvebitone sat\u0131n al, G\u00fcvenli Approvebitone sat\u0131n al, Profesyoneller i\u00e7in Approvebitone, G\u00fcvenilir Approvebitone kayna\u011f\u0131, Approvebitone d\u00fcnya \u00e7ap\u0131nda nakliye<\/p>\n<div style=\"all: initial !important;\"><img decoding=\"async\" class=\"wp-image-176 aligncenter\" src=\"https:\/\/poisonshops.com\/wp-content\/uploads\/2025\/11\/poison_shop_logo-300x171.png\" alt=\"Zehir D\u00fckkanlar\u0131\" width=\"91\" height=\"52\" srcset=\"https:\/\/poisonshops.com\/wp-content\/uploads\/2025\/11\/poison_shop_logo-300x171.png 300w, https:\/\/poisonshops.com\/wp-content\/uploads\/2025\/11\/poison_shop_logo.png 563w\" sizes=\"(max-width: 91px) 100vw, 91px\" \/><\/div>\n<div style=\"all: initial !important;\"><\/div>","protected":false},"excerpt":{"rendered":"<p>&nbsp;<\/p>\n<div style=\"all: initial !important;\"><\/div>\n<div style=\"all: initial !important;\"><\/div>","protected":false},"featured_media":199,"comment_status":"open","ping_status":"closed","template":"","meta":[],"product_brand":[],"product_cat":[18],"product_tag":[],"class_list":{"0":"post-92","1":"product","2":"type-product","3":"status-publish","4":"has-post-thumbnail","6":"product_cat-buy-nembutal-pentobarbital","8":"first","9":"instock","10":"shipping-taxable","11":"purchasable","12":"product-type-variable"},"_links":{"self":[{"href":"https:\/\/poisonshops.com\/tr\/wp-json\/wp\/v2\/product\/92","targetHints":{"allow":["GET"]}}],"collection":[{"href":"https:\/\/poisonshops.com\/tr\/wp-json\/wp\/v2\/product"}],"about":[{"href":"https:\/\/poisonshops.com\/tr\/wp-json\/wp\/v2\/types\/product"}],"replies":[{"embeddable":true,"href":"https:\/\/poisonshops.com\/tr\/wp-json\/wp\/v2\/comments?post=92"}],"wp:featuredmedia":[{"embeddable":true,"href":"https:\/\/poisonshops.com\/tr\/wp-json\/wp\/v2\/media\/199"}],"wp:attachment":[{"href":"https:\/\/poisonshops.com\/tr\/wp-json\/wp\/v2\/media?parent=92"}],"wp:term":[{"taxonomy":"product_brand","embeddable":true,"href":"https:\/\/poisonshops.com\/tr\/wp-json\/wp\/v2\/product_brand?post=92"},{"taxonomy":"product_cat","embeddable":true,"href":"https:\/\/poisonshops.com\/tr\/wp-json\/wp\/v2\/product_cat?post=92"},{"taxonomy":"product_tag","embeddable":true,"href":"https:\/\/poisonshops.com\/tr\/wp-json\/wp\/v2\/product_tag?post=92"}],"curies":[{"name":"wp","href":"https:\/\/api.w.org\/{rel}","templated":true}]}}