{"id":93,"date":"2017-12-21T04:37:29","date_gmt":"2017-12-21T04:37:29","guid":{"rendered":"https:\/\/wordpress.gradientthemes.com\/brand-shop\/product\/dnk-yellow-shoes\/"},"modified":"2025-12-03T10:14:03","modified_gmt":"2025-12-03T10:14:03","slug":"ephedrin-online-satin-al","status":"publish","type":"product","link":"https:\/\/poisonshops.com\/tr\/urun-2\/ephedrin-online-satin-al\/","title":{"rendered":"Efedrin"},"content":{"rendered":"<h2>Efedrin Online Sat\u0131n Al\u0131n<\/h2>\n<p>Efedrin, ba\u015fta bronkodilat\u00f6r ve dekonjestan olmak \u00fczere \u00e7e\u015fitli terap\u00f6tik ama\u00e7lar i\u00e7in kullan\u0131lan g\u00fc\u00e7l\u00fc bir ila\u00e7t\u0131r. Bio Weapons'da, ge\u00e7erli re\u00e7eteleri olan onayl\u0131 ki\u015filere y\u00fcksek kaliteli Efedrin sunuyoruz ve t\u0131bbi ihtiya\u00e7lar\u0131n\u0131z i\u00e7in g\u00fcvenilir ve etkili \u00e7\u00f6z\u00fcmler sa\u011fl\u0131yoruz. Kolayl\u0131kla Online Efedrin sat\u0131n al\u0131n.<\/p>\n<h4><strong>Efedrin nedir?<\/strong><\/h4>\n<p>Efedrin, hem bronkodilat\u00f6r hem de dekonjestan olarak i\u015flev g\u00f6ren sempatomimetik bir amindir. Genellikle ast\u0131m semptomlar\u0131n\u0131, bronkospazm\u0131, burun t\u0131kan\u0131kl\u0131\u011f\u0131n\u0131 ve hipotansiyonu hafifletmek i\u00e7in kullan\u0131l\u0131r. Efedrin, merkezi sinir sistemini uyararak, bron\u015fiyal t\u00fcpleri geni\u015fleterek ve kalp at\u0131\u015f h\u0131z\u0131n\u0131 ve kan bas\u0131nc\u0131n\u0131 art\u0131rarak \u00e7al\u0131\u015f\u0131r.<\/p>\n<h4><strong>Efedrin Kullan\u0131m Alanlar\u0131<\/strong><\/h4>\n<p>Efedrin, a\u015fa\u011f\u0131dakiler de dahil olmak \u00fczere \u00e7e\u015fitli t\u0131bbi ba\u011flamlarda kullan\u0131lmaktad\u0131r:<\/p>\n<ol>\n<li><strong>Ast\u0131m Rahatlama<\/strong>: Efedrin, solunum yollar\u0131 etraf\u0131ndaki kaslar\u0131 gev\u015feterek bron\u015fiyal ast\u0131m semptomlar\u0131n\u0131n hafifletilmesinde etkilidir ve nefes almay\u0131 kolayla\u015ft\u0131r\u0131r.<\/li>\n<li><strong>Dekonjestan<\/strong>: Efedrin so\u011fuk alg\u0131nl\u0131\u011f\u0131, alerji ve sin\u00fczit ile ili\u015fkili burun t\u0131kan\u0131kl\u0131\u011f\u0131n\u0131 gidermek i\u00e7in kullan\u0131l\u0131r.<\/li>\n<li><strong>Hipotansiyon Tedavisi<\/strong>: Efedrin, \u00f6zellikle spinal anestezi s\u0131ras\u0131nda d\u00fc\u015f\u00fck kan bas\u0131nc\u0131n\u0131 tedavi etmek i\u00e7in kullan\u0131l\u0131r.<\/li>\n<li><strong>Kilo Kayb\u0131<\/strong>: Efedrin bazen metabolizmay\u0131 ve enerji harcamas\u0131n\u0131 art\u0131ran termojenik \u00f6zellikleri nedeniyle kilo kayb\u0131 takviyelerinde kullan\u0131l\u0131r.<\/li>\n<\/ol>\n<h4><strong>Kalite ve Safl\u0131k<\/strong><\/h4>\n<p>Bio Weapons olarak, \u00fcr\u00fcnlerimizin kalitesine ve safl\u0131\u011f\u0131na \u00f6ncelik veriyoruz. Efedrinimiz sayg\u0131n \u00fcreticilerden temin edilmekte ve s\u0131k\u0131 kalite kontrol s\u00fcre\u00e7lerinden ge\u00e7mektedir. Her parti, en y\u00fcksek end\u00fcstri standartlar\u0131n\u0131 kar\u015f\u0131lad\u0131\u011f\u0131ndan emin olmak i\u00e7in titizlikle test edilir. Bizden Efedrin sat\u0131n ald\u0131\u011f\u0131n\u0131zda, g\u00fcvenli, etkili ve g\u00fcvenilir bir \u00fcr\u00fcn ald\u0131\u011f\u0131n\u0131za g\u00fcvenebilirsiniz.<\/p>\n<p><img decoding=\"async\" class=\"wp-image-463 aligncenter\" src=\"https:\/\/poisonshops.com\/wp-content\/uploads\/2025\/11\/tttt-1-204x300.png\" alt=\"Zehir D\u00fckkan\u0131\" width=\"75\" height=\"110\" srcset=\"https:\/\/poisonshops.com\/wp-content\/uploads\/2025\/11\/tttt-1-204x300.png 204w, https:\/\/poisonshops.com\/wp-content\/uploads\/2025\/11\/tttt-1.png 218w\" sizes=\"(max-width: 75px) 100vw, 75px\" \/><\/p>\n<h4><strong>Dozaj ve Uygulama<\/strong><\/h4>\n<p>Efedrin kesinlikle bir sa\u011fl\u0131k uzman\u0131 taraf\u0131ndan sa\u011flanan talimatlara g\u00f6re kullan\u0131lmal\u0131d\u0131r. Dozaj ve uygulama y\u00f6ntemi, spesifik t\u0131bbi duruma ve bireysel hasta ihtiya\u00e7lar\u0131na g\u00f6re de\u011fi\u015febilir. G\u00fcvenlik ve etkinli\u011fi sa\u011flamak i\u00e7in re\u00e7ete edilen dozu takip etmek \u00e7ok \u00f6nemlidir.<\/p>\n<p><strong>Haz\u0131rlama ve Depolama<\/strong>:<\/p>\n<ul>\n<li><strong>Haz\u0131rl\u0131k<\/strong>: Efedrin oral tabletler, kaps\u00fcller ve enjekte edilebilir formlarda mevcuttur. Uygun form ve dozaj sa\u011fl\u0131k uzman\u0131n\u0131z taraf\u0131ndan belirlenecektir.<\/li>\n<li><strong>Depolama<\/strong>: Efedrin'i serin ve kuru bir yerde, do\u011frudan g\u00fcne\u015f \u0131\u015f\u0131\u011f\u0131ndan ve nemden uzakta saklay\u0131n. \u00c7ocuklar\u0131n ve evcil hayvanlar\u0131n ula\u015famayaca\u011f\u0131 bir yerde saklay\u0131n\u0131z.<\/li>\n<\/ul>\n<h4><strong>Yan Etkiler ve \u00d6nlemler<\/strong><\/h4>\n<p>T\u00fcm ila\u00e7lar gibi Efedrin de yan etkilere neden olabilir. Yayg\u0131n yan etkiler aras\u0131nda sinirlilik, ba\u015f d\u00f6nmesi, ba\u015f a\u011fr\u0131s\u0131, kalp at\u0131\u015f h\u0131z\u0131nda art\u0131\u015f ve uykusuzluk yer al\u0131r. Nadir durumlarda, g\u00f6\u011f\u00fcs a\u011fr\u0131s\u0131, nefes almada zorluk veya ciddi alerjik reaksiyonlar gibi daha ciddi yan etkiler ortaya \u00e7\u0131kabilir. Herhangi bir ciddi yan etki g\u00f6r\u00fcld\u00fc\u011f\u00fcnde derhal t\u0131bbi yard\u0131m al\u0131nmas\u0131 \u00f6nemlidir.<\/p>\n<p><img decoding=\"async\" class=\"wp-image-502 aligncenter\" src=\"https:\/\/poisonshops.com\/wp-content\/uploads\/2025\/11\/Bio-Weapons-240x300.png\" alt=\"Biyolojik Silahlar\" width=\"90\" height=\"113\" srcset=\"https:\/\/poisonshops.com\/wp-content\/uploads\/2025\/11\/Bio-Weapons-240x300.png 240w, https:\/\/poisonshops.com\/wp-content\/uploads\/2025\/11\/Bio-Weapons.png 265w\" sizes=\"(max-width: 90px) 100vw, 90px\" \/><\/p>\n<p><strong>\u00d6nlemler<\/strong>:<\/p>\n<ul>\n<li><strong>T\u0131bbi Ge\u00e7mi\u015f<\/strong>: \u00d6zellikle kalp hastal\u0131\u011f\u0131, y\u00fcksek tansiyon, diyabet veya tiroid bozuklu\u011fu ge\u00e7mi\u015finiz varsa, sa\u011fl\u0131k uzman\u0131n\u0131z\u0131 t\u00fcm t\u0131bbi ge\u00e7mi\u015finiz hakk\u0131nda bilgilendirin.<\/li>\n<li><strong>\u0130la\u00e7 Etkile\u015fimleri<\/strong>: Efedrin, MAO inhibit\u00f6rleri, beta-blokerler ve baz\u0131 antidepresanlar dahil olmak \u00fczere di\u011fer ila\u00e7larla etkile\u015fime girebilir. Sa\u011fl\u0131k uzman\u0131n\u0131z\u0131n ald\u0131\u011f\u0131n\u0131z t\u00fcm ila\u00e7lardan haberdar oldu\u011fundan emin olun.<\/li>\n<li><strong>Hamilelik ve Emzirme<\/strong>: Efedrin hamilelik ve emzirme d\u00f6neminde dikkatli kullan\u0131lmal\u0131d\u0131r. Rehberlik i\u00e7in sa\u011fl\u0131k uzman\u0131n\u0131za dan\u0131\u015f\u0131n\u0131z.<\/li>\n<\/ul>\n<h4><strong>Neden Biyolojik Silahlar\u0131 Se\u00e7melisiniz?<\/strong><\/h4>\n<ol>\n<li><strong>Kalite G\u00fcvence<\/strong>: Efedrinimizin en y\u00fcksek end\u00fcstri standartlar\u0131n\u0131 kar\u015f\u0131lamas\u0131n\u0131 sa\u011flayarak kalite ve g\u00fcvenli\u011fe \u00f6ncelik veriyoruz.<\/li>\n<li><strong>Yetkili Sat\u0131c\u0131lar<\/strong>: Bio Weapons g\u00fcvenilir ve yetkili bir sat\u0131c\u0131d\u0131r, re\u00e7eteli onayl\u0131 ki\u015filere orijinal \u00fcr\u00fcnler sa\u011flar.<\/li>\n<li><strong>G\u00fcvenli \u0130\u015flemler<\/strong>: \u00c7evrimi\u00e7i platformumuz, ki\u015fisel ve finansal bilgilerinizi koruyarak g\u00fcvenli i\u015flemler sa\u011flar.<\/li>\n<li><strong>M\u00fc\u015fteri Deste\u011fi<\/strong>: \u00d6zel m\u00fc\u015fteri destek ekibimiz, profesyonel ve g\u00fcler y\u00fczl\u00fc hizmet sunarak her t\u00fcrl\u00fc soru veya endi\u015fenizde size yard\u0131mc\u0131 olmaya haz\u0131rd\u0131r.<\/li>\n<li><strong>Zaman\u0131nda Teslimat<\/strong>: Zaman\u0131nda teslimat\u0131n \u00f6nemini anl\u0131yoruz. Etkili nakliye s\u00fcrecimiz, Efedrin'inizi derhal ve gizli bir \u015fekilde alman\u0131z\u0131 sa\u011flar.<\/li>\n<\/ol>\n<h4><strong>Sonu\u00e7<\/strong><\/h4>\n<p>Bio Weapons, y\u00fcksek kaliteli Efedrin i\u00e7in g\u00fcvenilir kayna\u011f\u0131n\u0131zd\u0131r. Ge\u00e7erli re\u00e7eteleri olan onayl\u0131 ki\u015filere g\u00fcvenli, etkili ve g\u00fcvenilir \u00fcr\u00fcnler sa\u011flamay\u0131 taahh\u00fct ediyoruz. Kaliteye, m\u00fc\u015fteri memnuniyetine ve g\u00fcvenli i\u015flemlere odaklanmam\u0131z bizi sekt\u00f6rde farkl\u0131 k\u0131lmaktad\u0131r. Bio Weapons'tan g\u00fcvenle al\u0131\u015fveri\u015f yap\u0131n ve kalite ve hizmet fark\u0131n\u0131 ya\u015fay\u0131n.<\/p>\n<p><strong>Efedrininizi bug\u00fcn sipari\u015f edin<\/strong> ve t\u0131bbi ihtiya\u00e7lar\u0131 i\u00e7in Bio Weapons'a g\u00fcvenen memnun m\u00fc\u015fterilerimize kat\u0131l\u0131n. Sa\u011fl\u0131\u011f\u0131n\u0131z ve g\u00fcvenli\u011finiz bizim en \u00f6nemli \u00f6nceliklerimizdir.<\/p>\n<h4><img decoding=\"async\" class=\"wp-image-176 aligncenter\" src=\"https:\/\/poisonshops.com\/wp-content\/uploads\/2025\/11\/poison_shop_logo-300x171.png\" alt=\"Zehir D\u00fckkanlar\u0131\" width=\"139\" height=\"79\" srcset=\"https:\/\/poisonshops.com\/wp-content\/uploads\/2025\/11\/poison_shop_logo-300x171.png 300w, https:\/\/poisonshops.com\/wp-content\/uploads\/2025\/11\/poison_shop_logo.png 563w\" sizes=\"(max-width: 139px) 100vw, 139px\" \/><\/h4>\n<p>Bio Weapons'dan y\u00fcksek kaliteli Efedrin sat\u0131n al\u0131n. Yaln\u0131zca re\u00e7eteli bireyler i\u00e7in onaylanm\u0131\u015ft\u0131r. G\u00fcvenli sat\u0131n alma, h\u0131zl\u0131 teslimat ve m\u00fc\u015fteri memnuniyeti garantisi.<\/p>\n<h4><\/h4>\n<ol>\n<li>Ast\u0131m ve T\u0131kan\u0131kl\u0131k Giderici Efedrin Online Sat\u0131n Al\u0131n<\/li>\n<li>T\u0131bbi Kullan\u0131m i\u00e7in Y\u00fcksek Kaliteli Efedrin<\/li>\n<li>G\u00fcvenli ve Emniyetli Bir \u015eekilde Efedrin Sat\u0131n Al\u0131n<\/li>\n<li>Efedrin Haplar\u0131 ve Enjekte Edilebilir \u00c7\u00f6z\u00fcmler i\u00e7in G\u00fcvenilir Kaynak<\/li>\n<li>Ast\u0131m ve Burun T\u0131kan\u0131kl\u0131\u011f\u0131n\u0131n H\u0131zl\u0131 Giderilmesi i\u00e7in Efedrin Sipari\u015f Edin<\/li>\n<li>T\u0131bbi Durumlar i\u00e7in G\u00fcvenilir Efedrin Tedarik\u00e7isi<\/li>\n<li>Sat\u0131l\u0131k Otantik Efedrin<\/li>\n<li>Yetkili Sat\u0131c\u0131lardan Efedrin Sat\u0131n Al\u0131n<\/li>\n<li>Efedrin Online Sat\u0131n Almak \u0130\u00e7in En \u0130yi Yer<\/li>\n<li>Bronkodilatasyon ve Dekonjesyon i\u00e7in Etkili Efedrin<\/li>\n<\/ol>\n<h4><\/h4>\n<p>Efedrin, Efedrin Sat\u0131n Al\u0131n, Efedrin Sat\u0131n Al\u0131n, Sat\u0131l\u0131k Efedrin, Y\u00fcksek kaliteli Efedrin, G\u00fcvenli Efedrin sat\u0131n al\u0131m\u0131, T\u0131bbi kullan\u0131m i\u00e7in Efedrin, Efedrin i\u00e7in g\u00fcvenilir kaynak, Yasal olarak Efedrin sat\u0131n al\u0131n, Re\u00e7eteli Efedrin, Ast\u0131m i\u00e7in Efedrin, Efedrin sipari\u015fi, Dekonjestiyon i\u00e7in Efedrin, Orijinal Efedrin, Efedrin teslimat\u0131, G\u00fcvenilir Efedrin sat\u0131c\u0131s\u0131, Efedrin g\u00fcvenle sat\u0131n al\u0131n, Otantik Efedrin, Efedrin tedarik\u00e7isi, ABD'de Efedrin, Efedrin bulunabilirli\u011fi, Efedrin h\u0131zl\u0131 teslimat, Kaliteli Efedrin, Efedrin eczane, Kilo kayb\u0131 i\u00e7in Efedrin, Efedrin online sat\u0131n, Efedrin g\u00fcvenli sat\u0131n alma, Profesyoneller i\u00e7in Efedrin, G\u00fcvenilir Efedrin kayna\u011f\u0131, Efedrin d\u00fcnya \u00e7ap\u0131nda nakliye<\/p>","protected":false},"excerpt":{"rendered":"<p>Buy Ephedrine Online Ephedrine is a potent medication used for various therapeutic purposes, primarily as a bronchodilator and decongestant. At Bio Weapons , we offer high-quality Ephedrine to approved individuals with valid prescriptions, ensuring reliable and effective solutions for your medical needs. Buy Ephedrine Online with ease. What is Ephedrine? Ephedrine is a sympathomimetic amine [&hellip;]<\/p>\n","protected":false},"featured_media":200,"comment_status":"open","ping_status":"closed","template":"","meta":[],"product_brand":[],"product_cat":[18],"product_tag":[],"class_list":{"0":"post-93","1":"product","2":"type-product","3":"status-publish","4":"has-post-thumbnail","6":"product_cat-buy-nembutal-pentobarbital","8":"first","9":"instock","10":"featured","11":"shipping-taxable","12":"purchasable","13":"product-type-variable"},"_links":{"self":[{"href":"https:\/\/poisonshops.com\/tr\/wp-json\/wp\/v2\/product\/93","targetHints":{"allow":["GET"]}}],"collection":[{"href":"https:\/\/poisonshops.com\/tr\/wp-json\/wp\/v2\/product"}],"about":[{"href":"https:\/\/poisonshops.com\/tr\/wp-json\/wp\/v2\/types\/product"}],"replies":[{"embeddable":true,"href":"https:\/\/poisonshops.com\/tr\/wp-json\/wp\/v2\/comments?post=93"}],"wp:featuredmedia":[{"embeddable":true,"href":"https:\/\/poisonshops.com\/tr\/wp-json\/wp\/v2\/media\/200"}],"wp:attachment":[{"href":"https:\/\/poisonshops.com\/tr\/wp-json\/wp\/v2\/media?parent=93"}],"wp:term":[{"taxonomy":"product_brand","embeddable":true,"href":"https:\/\/poisonshops.com\/tr\/wp-json\/wp\/v2\/product_brand?post=93"},{"taxonomy":"product_cat","embeddable":true,"href":"https:\/\/poisonshops.com\/tr\/wp-json\/wp\/v2\/product_cat?post=93"},{"taxonomy":"product_tag","embeddable":true,"href":"https:\/\/poisonshops.com\/tr\/wp-json\/wp\/v2\/product_tag?post=93"}],"curies":[{"name":"wp","href":"https:\/\/api.w.org\/{rel}","templated":true}]}}