{"id":95,"date":"2017-12-21T04:37:21","date_gmt":"2017-12-21T04:37:21","guid":{"rendered":"https:\/\/wordpress.gradientthemes.com\/brand-shop\/product\/dnk-blue-shoes\/"},"modified":"2025-12-03T10:36:58","modified_gmt":"2025-12-03T10:36:58","slug":"nembutal-pentobarbital-oral-sivi-satin-al","status":"publish","type":"product","link":"https:\/\/poisonshops.com\/tr\/urun-2\/nembutal-pentobarbital-oral-sivi-satin-al\/","title":{"rendered":"Nembutal Pentobarbital Oral S\u0131v\u0131"},"content":{"rendered":"<h2>Nembutal Pentobarbital Oral Likit Online Sat\u0131n Al\u0131n<\/h2>\n<p>Y\u00fcksek kaliteli Nembutal Pentobarbital oral s\u0131v\u0131 i\u00e7in \u00f6nde gelen kaynak olan Bio Weapons'a ho\u015f geldiniz. Nembutal oral likitimiz yaln\u0131zca ge\u00e7erli re\u00e7eteleri olan onayl\u0131 ki\u015filer i\u00e7in mevcuttur. Kendimizi \u00fcst\u00fcn kalite, g\u00fcvenlik ve m\u00fc\u015fteri memnuniyeti sa\u011flamaya adad\u0131k ve bu da bizi sekt\u00f6rde g\u00fcvenilir bir isim haline getirdi.<\/p>\n<h4><strong>Nembutal Pentobarbital Oral S\u0131v\u0131 Nedir?<\/strong><\/h4>\n<p>Pentobarbital olarak da bilinen Nembutal, yat\u0131\u015ft\u0131r\u0131c\u0131, anestezik ve antikonv\u00fclsan \u00f6zellikleri i\u00e7in kullan\u0131lan bir barbit\u00fcrat ilac\u0131d\u0131r. Nembutal'\u0131n oral s\u0131v\u0131 formu, dozajda esneklik ve uygulama kolayl\u0131\u011f\u0131 sunarak onu \u00e7e\u015fitli t\u0131bbi uygulamalar i\u00e7in ideal bir se\u00e7im haline getirir. Nembutal oral likitimiz do\u011fruluk ve etkinli\u011fi sa\u011flamak i\u00e7in titizlikle form\u00fcle edilmi\u015ftir.<\/p>\n<h4><strong>Nembutal Pentobarbital Oral S\u0131v\u0131 Kullan\u0131m Alanlar\u0131<\/strong><\/h4>\n<p>Nembutal oral s\u0131v\u0131, a\u015fa\u011f\u0131dakiler de dahil olmak \u00fczere \u00e7e\u015fitli t\u0131bbi ba\u011flamlarda kullan\u0131l\u0131r:<\/p>\n<ol>\n<li><strong>Sedasyon<\/strong>: Nembutal oral s\u0131v\u0131, t\u0131bbi prosed\u00fcrlerden ge\u00e7en hastalarda sedasyon sa\u011flamak i\u00e7in s\u0131kl\u0131kla kullan\u0131l\u0131r. H\u0131zl\u0131 ba\u015flang\u0131c\u0131, hastalar\u0131n h\u0131zl\u0131 bir \u015fekilde rahat ve konforlu bir duruma ula\u015fmas\u0131n\u0131 sa\u011flar.<\/li>\n<li><strong>Anestezi<\/strong>: Cerrahi ortamlarda, Nembutal oral s\u0131v\u0131, derin uykuyu ind\u00fcklemek i\u00e7in anestezi \u00f6ncesi bir ajan olarak kullan\u0131l\u0131r. Etkinli\u011fi ve g\u00fcvenilirli\u011fi onu anestezistler i\u00e7in de\u011ferli bir ara\u00e7 haline getirmektedir.<\/li>\n<li><strong>N\u00f6bet Kontrol\u00fc<\/strong>: Nembutal, \u00f6zellikle acil durumlarda akut n\u00f6betlerin y\u00f6netiminde etkilidir. Merkezi sinir sistemini deprese ederek \u00e7al\u0131\u015f\u0131r, b\u00f6ylece n\u00f6bet aktivitesini azalt\u0131r.<\/li>\n<li><strong>\u00d6tenazi<\/strong>: Veteriner hekimlikte, Nembutal oral s\u0131v\u0131 hayvanlar\u0131n insanc\u0131l \u00f6tenazisi i\u00e7in kullan\u0131l\u0131r. H\u0131zl\u0131 etki eden \u00f6zellikleri huzurlu ve ac\u0131s\u0131z bir ge\u00e7i\u015f sa\u011flar.<\/li>\n<\/ol>\n<h4><strong>Kalite ve Safl\u0131k<\/strong><\/h4>\n<p>Bio Weapons olarak, farmas\u00f6tik \u00fcr\u00fcnlerde safl\u0131k ve kalitenin kritik \u00f6nemini anl\u0131yoruz. Nembutal oral likitimiz sayg\u0131n \u00fcreticilerden temin edilmekte ve s\u0131k\u0131 kalite kontrol s\u00fcre\u00e7lerinden ge\u00e7mektedir. Her parti, en y\u00fcksek end\u00fcstri standartlar\u0131n\u0131 kar\u015f\u0131lad\u0131\u011f\u0131ndan emin olmak i\u00e7in safl\u0131k ve etki a\u00e7\u0131s\u0131ndan titizlikle test edilir. Bizden Nembutal Pentobarbital oral likit sat\u0131n ald\u0131\u011f\u0131n\u0131zda, g\u00fcvenli, etkili ve g\u00fcvenilir bir \u00fcr\u00fcn ald\u0131\u011f\u0131n\u0131za g\u00fcvenebilirsiniz.<\/p>\n<h4><strong>Dozaj ve Uygulama<\/strong><\/h4>\n<p>Nembutal Pentobarbital oral s\u0131v\u0131 kesinlikle bir sa\u011fl\u0131k uzman\u0131 taraf\u0131ndan sa\u011flanan talimatlara g\u00f6re kullan\u0131lmal\u0131d\u0131r. Dozaj ve uygulama y\u00f6ntemi, spesifik t\u0131bbi duruma ve bireysel hasta ihtiya\u00e7lar\u0131na g\u00f6re de\u011fi\u015febilir. G\u00fcvenlik ve etkinli\u011fi sa\u011flamak i\u00e7in re\u00e7ete edilen dozu takip etmek \u00e7ok \u00f6nemlidir.<\/p>\n<p><strong>Haz\u0131rlama ve Depolama<\/strong>:<\/p>\n<ul>\n<li><strong>Haz\u0131rl\u0131k<\/strong>: Nembutal oral s\u0131v\u0131, t\u0131bbi s\u0131n\u0131f bir \u015f\u0131r\u0131nga veya \u00f6l\u00e7\u00fcm cihaz\u0131 kullan\u0131larak do\u011fru bir \u015fekilde \u00f6l\u00e7\u00fclen dozaj ile a\u011f\u0131zdan uygulan\u0131r.<\/li>\n<li><strong>Depolama<\/strong>: Nembutal oral s\u0131v\u0131y\u0131 serin ve kuru bir yerde, do\u011frudan g\u00fcne\u015f \u0131\u015f\u0131\u011f\u0131 ve nemden uzakta saklay\u0131n\u0131z. \u00c7ocuklar\u0131n ve evcil hayvanlar\u0131n ula\u015famayaca\u011f\u0131 bir yerde saklay\u0131n\u0131z.<\/li>\n<\/ul>\n<h4><strong>Yan Etkiler ve \u00d6nlemler<\/strong><\/h4>\n<p>T\u00fcm ila\u00e7lar gibi, Nembutal oral s\u0131v\u0131 da yan etkilere neden olabilir. Yayg\u0131n yan etkiler aras\u0131nda uyu\u015fukluk, ba\u015f d\u00f6nmesi, mide bulant\u0131s\u0131 ve ba\u015f a\u011fr\u0131s\u0131 bulunur. Nadir durumlarda, solunum depresyonu, hipotansiyon veya alerjik reaksiyonlar gibi daha ciddi yan etkiler ortaya \u00e7\u0131kabilir. Herhangi bir ciddi yan etki g\u00f6r\u00fcld\u00fc\u011f\u00fcnde derhal t\u0131bbi yard\u0131m al\u0131nmas\u0131 \u00f6nemlidir.<\/p>\n<p><strong>\u00d6nlemler<\/strong>:<\/p>\n<ul>\n<li><strong>T\u0131bbi Ge\u00e7mi\u015f<\/strong>: \u00d6zellikle karaci\u011fer hastal\u0131\u011f\u0131, b\u00f6brek hastal\u0131\u011f\u0131 veya solunum rahats\u0131zl\u0131\u011f\u0131 ge\u00e7mi\u015finiz varsa, sa\u011fl\u0131k uzman\u0131n\u0131za t\u00fcm t\u0131bbi ge\u00e7mi\u015finizi bildiriniz.<\/li>\n<li><strong>\u0130la\u00e7 Etkile\u015fimleri<\/strong>: Nembutal, sakinle\u015ftiriciler, opioidler ve alkol dahil olmak \u00fczere di\u011fer ila\u00e7larla etkile\u015fime girebilir. Sa\u011fl\u0131k uzman\u0131n\u0131z\u0131n ald\u0131\u011f\u0131n\u0131z t\u00fcm ila\u00e7lardan haberdar oldu\u011fundan emin olun.<\/li>\n<li><strong>Hamilelik ve Emzirme<\/strong>: Nembutal hamilelik ve emzirme d\u00f6neminde dikkatle kullan\u0131lmal\u0131d\u0131r. Rehberlik i\u00e7in sa\u011fl\u0131k uzman\u0131n\u0131za dan\u0131\u015f\u0131n\u0131z.<\/li>\n<\/ul>\n<p><img decoding=\"async\" class=\"wp-image-463 aligncenter\" src=\"https:\/\/poisonshops.com\/wp-content\/uploads\/2025\/11\/tttt-1-204x300.png\" alt=\"Zehir D\u00fckkan\u0131\" width=\"56\" height=\"82\" srcset=\"https:\/\/poisonshops.com\/wp-content\/uploads\/2025\/11\/tttt-1-204x300.png 204w, https:\/\/poisonshops.com\/wp-content\/uploads\/2025\/11\/tttt-1.png 218w\" sizes=\"(max-width: 56px) 100vw, 56px\" \/><\/p>\n<h4><strong>Neden Biyolojik Silahlar\u0131 Se\u00e7melisiniz?<\/strong><\/h4>\n<ol>\n<li><strong>Kalite G\u00fcvence<\/strong>: Nembutal oral likitimizin en y\u00fcksek end\u00fcstri standartlar\u0131n\u0131 kar\u015f\u0131lamas\u0131n\u0131 sa\u011flayarak kalite ve g\u00fcvenli\u011fe \u00f6ncelik veriyoruz.<\/li>\n<li><strong>Yetkili Sat\u0131c\u0131lar<\/strong>: Bio Weapons g\u00fcvenilir ve yetkili bir sat\u0131c\u0131d\u0131r, re\u00e7eteli onayl\u0131 ki\u015filere orijinal \u00fcr\u00fcnler sa\u011flar.<\/li>\n<li><strong>G\u00fcvenli \u0130\u015flemler<\/strong>: \u00c7evrimi\u00e7i platformumuz, ki\u015fisel ve finansal bilgilerinizi koruyarak g\u00fcvenli i\u015flemler sa\u011flar.<\/li>\n<li><strong>M\u00fc\u015fteri Deste\u011fi<\/strong>: \u00d6zel m\u00fc\u015fteri destek ekibimiz, profesyonel ve g\u00fcler y\u00fczl\u00fc hizmet sunarak her t\u00fcrl\u00fc soru veya endi\u015fenizde size yard\u0131mc\u0131 olmaya haz\u0131rd\u0131r.<\/li>\n<li><strong>Zaman\u0131nda Teslimat<\/strong>: Zaman\u0131nda teslimat\u0131n \u00f6nemini anl\u0131yoruz. Etkili nakliye s\u00fcrecimiz, Nembutal oral likitinizi h\u0131zl\u0131 ve gizli bir \u015fekilde alman\u0131z\u0131 sa\u011flar.<\/li>\n<\/ol>\n<h4><strong>Sonu\u00e7<\/strong><\/h4>\n<p>Bio Weapons, y\u00fcksek kaliteli Nembutal Pentobarbital oral s\u0131v\u0131 i\u00e7in g\u00fcvenilir kayna\u011f\u0131n\u0131zd\u0131r. Ge\u00e7erli re\u00e7eteleri olan onayl\u0131 ki\u015filere g\u00fcvenli, etkili ve g\u00fcvenilir \u00fcr\u00fcnler sa\u011flamay\u0131 taahh\u00fct ediyoruz. Kaliteye, m\u00fc\u015fteri memnuniyetine ve g\u00fcvenli i\u015flemlere odaklanmam\u0131z bizi sekt\u00f6rde farkl\u0131 k\u0131lmaktad\u0131r. Bio Weapons'ta g\u00fcvenle al\u0131\u015fveri\u015f yap\u0131n ve kalite ve hizmet fark\u0131n\u0131 ya\u015fay\u0131n.<\/p>\n<p><strong>Nembutal Pentobarbital oral s\u0131v\u0131n\u0131z\u0131 bug\u00fcn sipari\u015f edin<\/strong> ve t\u0131bbi ihtiya\u00e7lar\u0131 i\u00e7in Bio Weapons'a g\u00fcvenen memnun m\u00fc\u015fterilerimize kat\u0131l\u0131n. Sa\u011fl\u0131\u011f\u0131n\u0131z ve g\u00fcvenli\u011finiz bizim en \u00f6nemli \u00f6nceliklerimizdir.<\/p>\n<p>Poison Shops'tan y\u00fcksek kaliteli Nembutal Pentobarbital oral s\u0131v\u0131 sat\u0131n al\u0131n. Yaln\u0131zca re\u00e7eteli ki\u015filer i\u00e7in onaylanm\u0131\u015ft\u0131r. G\u00fcvenli sat\u0131n alma, h\u0131zl\u0131 teslimat ve m\u00fc\u015fteri memnuniyeti garantisi.<\/p>\n<p><img decoding=\"async\" class=\"wp-image-502 aligncenter\" src=\"https:\/\/poisonshops.com\/wp-content\/uploads\/2025\/11\/Bio-Weapons-240x300.png\" alt=\"Biyolojik Silahlar\" width=\"85\" height=\"106\" srcset=\"https:\/\/poisonshops.com\/wp-content\/uploads\/2025\/11\/Bio-Weapons-240x300.png 240w, https:\/\/poisonshops.com\/wp-content\/uploads\/2025\/11\/Bio-Weapons.png 265w\" sizes=\"(max-width: 85px) 100vw, 85px\" \/><\/p>\n<h4><\/h4>\n<ol>\n<li>Nembutal Pentobarbital Oral Likit Online Sat\u0131n Al\u0131n<\/li>\n<li>T\u0131bbi Kullan\u0131m i\u00e7in Y\u00fcksek Kaliteli Nembutal Oral S\u0131v\u0131<\/li>\n<li>Nembutal Pentobarbital Oral Likit G\u00fcvenle Sat\u0131n Al\u0131n<\/li>\n<li>Nembutal Pentobarbital Oral Likit i\u00e7in G\u00fcvenilir Kaynak<\/li>\n<li>Nembutal Pentobarbital Oral Likiti G\u00fcvenle Sipari\u015f Edin<\/li>\n<li>Nembutal Pentobarbital Oral Likit H\u0131zl\u0131 Teslimat<\/li>\n<li>G\u00fcvenilir Nembutal Pentobarbital Oral S\u0131v\u0131 Tedarik\u00e7isi<\/li>\n<li>Sat\u0131l\u0131k Otantik Nembutal Pentobarbital Oral S\u0131v\u0131<\/li>\n<li>Yetkili Sat\u0131c\u0131lardan Nembutal Oral Likit Sat\u0131n Al\u0131n<\/li>\n<li>Nembutal Pentobarbital Oral Likit Sat\u0131n Almak \u0130\u00e7in En \u0130yi Yer<\/li>\n<\/ol>\n<h4><\/h4>\n<p>Nembutal Pentobarbital oral s\u0131v\u0131, Nembutal oral s\u0131v\u0131 sat\u0131n al, Nembutal Pentobarbital s\u0131v\u0131 sat\u0131n al, Sat\u0131l\u0131k Nembutal oral s\u0131v\u0131, Y\u00fcksek kaliteli Nembutal oral s\u0131v\u0131, G\u00fcvenli Nembutal Pentobarbital s\u0131v\u0131 al\u0131m\u0131, T\u0131bbi kullan\u0131m i\u00e7in Nembutal s\u0131v\u0131, Nembutal oral s\u0131v\u0131 i\u00e7in g\u00fcvenilir kaynak, Yasal olarak Nembutal s\u0131v\u0131 sat\u0131n al, Re\u00e7eteli Nembutal oral s\u0131v\u0131, \u00d6tenazi i\u00e7in Nembutal s\u0131v\u0131, Nembutal Pentobarbital oral s\u0131v\u0131 sipari\u015f et, Sedasyon i\u00e7in Nembutal s\u0131v\u0131,<\/p>\n<p>Orijinal Nembutal Pentobarbital likit, Nembutal oral likit teslimat\u0131, G\u00fcvenilir Nembutal likit sat\u0131c\u0131s\u0131, Nembutal likit g\u00fcvenle sat\u0131n al, Otantik Nembutal likit, Nembutal likit tedarik\u00e7isi, ABD'de Nembutal likit, Nembutal oral likit bulunabilirli\u011fi, H\u0131zl\u0131 Nembutal likit teslimat\u0131, Kaliteli Nembutal Pentobarbital s\u0131v\u0131, Nembutal s\u0131v\u0131 eczane, Anestezi i\u00e7in Nembutal s\u0131v\u0131, Nembutal s\u0131v\u0131 online sat\u0131n, Nembutal s\u0131v\u0131 g\u00fcvenli sat\u0131n alma, Profesyoneller i\u00e7in Nembutal Pentobarbital oral s\u0131v\u0131, G\u00fcvenilir Nembutal s\u0131v\u0131 kayna\u011f\u0131, Nembutal s\u0131v\u0131 d\u00fcnya \u00e7ap\u0131nda nakliye<\/p>\n<p><img decoding=\"async\" class=\"wp-image-176 aligncenter\" src=\"https:\/\/poisonshops.com\/wp-content\/uploads\/2025\/11\/poison_shop_logo-300x171.png\" alt=\"Zehir D\u00fckkanlar\u0131\" width=\"128\" height=\"73\" srcset=\"https:\/\/poisonshops.com\/wp-content\/uploads\/2025\/11\/poison_shop_logo-300x171.png 300w, https:\/\/poisonshops.com\/wp-content\/uploads\/2025\/11\/poison_shop_logo.png 563w\" sizes=\"(max-width: 128px) 100vw, 128px\" \/><\/p>","protected":false},"excerpt":{"rendered":"<p>Buy Nembutal Pentobarbital Oral Liquid Online Welcome to Bio Weapons , the premier source for high-quality Nembutal Pentobarbital oral liquid. Our Nembutal oral liquid is available exclusively to approved individuals with valid prescriptions. We are dedicated to providing superior quality, safety, and customer satisfaction, making us a trusted name in the industry. What is Nembutal [&hellip;]<\/p>\n","protected":false},"featured_media":216,"comment_status":"open","ping_status":"closed","template":"","meta":[],"product_brand":[],"product_cat":[18],"product_tag":[],"class_list":{"0":"post-95","1":"product","2":"type-product","3":"status-publish","4":"has-post-thumbnail","6":"product_cat-buy-nembutal-pentobarbital","8":"first","9":"instock","10":"featured","11":"shipping-taxable","12":"purchasable","13":"product-type-variable"},"_links":{"self":[{"href":"https:\/\/poisonshops.com\/tr\/wp-json\/wp\/v2\/product\/95","targetHints":{"allow":["GET"]}}],"collection":[{"href":"https:\/\/poisonshops.com\/tr\/wp-json\/wp\/v2\/product"}],"about":[{"href":"https:\/\/poisonshops.com\/tr\/wp-json\/wp\/v2\/types\/product"}],"replies":[{"embeddable":true,"href":"https:\/\/poisonshops.com\/tr\/wp-json\/wp\/v2\/comments?post=95"}],"wp:featuredmedia":[{"embeddable":true,"href":"https:\/\/poisonshops.com\/tr\/wp-json\/wp\/v2\/media\/216"}],"wp:attachment":[{"href":"https:\/\/poisonshops.com\/tr\/wp-json\/wp\/v2\/media?parent=95"}],"wp:term":[{"taxonomy":"product_brand","embeddable":true,"href":"https:\/\/poisonshops.com\/tr\/wp-json\/wp\/v2\/product_brand?post=95"},{"taxonomy":"product_cat","embeddable":true,"href":"https:\/\/poisonshops.com\/tr\/wp-json\/wp\/v2\/product_cat?post=95"},{"taxonomy":"product_tag","embeddable":true,"href":"https:\/\/poisonshops.com\/tr\/wp-json\/wp\/v2\/product_tag?post=95"}],"curies":[{"name":"wp","href":"https:\/\/api.w.org\/{rel}","templated":true}]}}