{"id":98,"date":"2017-12-20T14:16:06","date_gmt":"2017-12-20T14:16:06","guid":{"rendered":"https:\/\/wordpress.gradientthemes.com\/brand-shop\/product\/faint-washed-denim-blue-jeans\/"},"modified":"2025-12-05T12:55:48","modified_gmt":"2025-12-05T12:55:48","slug":"nembutal-tozu","status":"publish","type":"product","link":"https:\/\/poisonshops.com\/tr\/urun-2\/nembutal-tozu\/","title":{"rendered":"Nembutal Tozu"},"content":{"rendered":"<h3>Nembutal Toz \u00dcr\u00fcn A\u00e7\u0131klamas\u0131<\/h3>\n<p>Y\u00fcksek kaliteli Nembutal tozu i\u00e7in \u00f6nde gelen kayna\u011f\u0131n\u0131z olan Bio Weapons'a ho\u015f geldiniz. Ge\u00e7erli re\u00e7eteleri olan onayl\u0131 ki\u015filere en iyi Nembutal (pentobarbital) tozunu sunmaktan gurur duyuyoruz. Kalite, g\u00fcvenlik ve m\u00fc\u015fteri memnuniyetine olan ba\u011fl\u0131l\u0131\u011f\u0131m\u0131z bizi sekt\u00f6rde di\u011ferlerinden ay\u0131rmaktad\u0131r.<\/p>\n<h4><strong>Nembutal Toz nedir?<\/strong><\/h4>\n<p>Pentobarbital olarak da bilinen Nembutal, \u00f6ncelikle yat\u0131\u015ft\u0131r\u0131c\u0131, anestezik ve antikonv\u00fclsan olarak kullan\u0131lan bir barbit\u00fcrat ilac\u0131d\u0131r. Toz formunda, \u00f6zellikle t\u0131bbi ve veterinerlik ortamlar\u0131nda \u00e7ok y\u00f6nl\u00fc uygulamalar sunar. Nembutal tozu, etkinli\u011fi ve h\u0131zl\u0131 etkili \u00f6zellikleri ile bilinir, bu da onu sa\u011fl\u0131k uzmanlar\u0131 i\u00e7in g\u00fcvenilir bir se\u00e7im haline getirir.<\/p>\n<h4><strong>Nembutal Tozunun Kullan\u0131m Alanlar\u0131<\/strong><\/h4>\n<p>Nembutal tozu, a\u015fa\u011f\u0131dakiler de dahil olmak \u00fczere \u00e7e\u015fitli t\u0131bbi uygulamalarda kullan\u0131l\u0131r:<\/p>\n<ol>\n<li><strong>Sedasyon<\/strong>: Nembutal, t\u0131bbi prosed\u00fcrlerden ge\u00e7en hastalarda sedasyon sa\u011flamak i\u00e7in yayg\u0131n olarak kullan\u0131l\u0131r. H\u0131zl\u0131 etki eden yap\u0131s\u0131, hastalar\u0131n h\u0131zla rahatlamas\u0131n\u0131 ve konforlu olmas\u0131n\u0131 sa\u011flar.<\/li>\n<li><strong>Anestezi<\/strong>: Cerrahi ortamlarda, Nembutal tozu anestezik bir ajan olarak kullan\u0131l\u0131r. H\u0131zl\u0131 bir \u015fekilde derin bir uyku durumuna neden olma yetene\u011fi, onu preoperatif sedasyon i\u00e7in ideal k\u0131lar.<\/li>\n<li><strong>N\u00f6bet Kontrol\u00fc<\/strong>: Nembutal, \u00f6zellikle acil durumlarda n\u00f6betlerin kontrol alt\u0131na al\u0131nmas\u0131nda etkilidir. Merkezi sinir sistemini bask\u0131layarak n\u00f6bet riskini azaltarak \u00e7al\u0131\u015f\u0131r.<\/li>\n<li><strong>\u00d6tenazi<\/strong>: Veteriner hekimlikte, Nembutal tozu hayvanlar\u0131n insanc\u0131l \u00f6tenazisi i\u00e7in kullan\u0131l\u0131r. H\u0131zl\u0131 etki eden \u00f6zellikleri huzurlu ve ac\u0131s\u0131z bir ge\u00e7i\u015f sa\u011flar.<\/li>\n<\/ol>\n<h4><strong>Kalite ve Safl\u0131k<\/strong><\/h4>\n<p>Bio Weapons olarak, farmas\u00f6tik \u00fcr\u00fcnlerde safl\u0131\u011f\u0131n ve kalitenin \u00f6nemini anl\u0131yoruz. Nembutal tozumuz sayg\u0131n \u00fcreticilerden temin edilmekte ve titiz kalite kontrol s\u00fcre\u00e7lerinden ge\u00e7mektedir. Her parti, en y\u00fcksek end\u00fcstri standartlar\u0131n\u0131 kar\u015f\u0131lad\u0131\u011f\u0131ndan emin olmak i\u00e7in safl\u0131k a\u00e7\u0131s\u0131ndan test edilir. Bizden Nembutal tozu sat\u0131n ald\u0131\u011f\u0131n\u0131zda, g\u00fcvenli, etkili ve g\u00fcvenilir bir \u00fcr\u00fcn ald\u0131\u011f\u0131n\u0131za g\u00fcvenebilirsiniz.<\/p>\n<h4><strong>Dozaj ve Uygulama<\/strong><\/h4>\n<p>Nembutal toz kesinlikle bir sa\u011fl\u0131k uzman\u0131 taraf\u0131ndan sa\u011flanan talimatlara g\u00f6re kullan\u0131lmal\u0131d\u0131r. Dozaj ve uygulama y\u00f6ntemi, belirli t\u0131bbi duruma ve bireysel hasta ihtiya\u00e7lar\u0131na g\u00f6re de\u011fi\u015febilir. G\u00fcvenlik ve etkinli\u011fi sa\u011flamak i\u00e7in re\u00e7ete edilen dozu takip etmek \u00e7ok \u00f6nemlidir.<\/p>\n<p><strong>Haz\u0131rlama ve Depolama<\/strong>:<\/p>\n<ul>\n<li><strong>Haz\u0131rl\u0131k<\/strong>: Nembutal tozu uygun bir \u00e7\u00f6z\u00fcc\u00fc ile kar\u0131\u015ft\u0131r\u0131larak s\u0131v\u0131 forma d\u00f6n\u00fc\u015ft\u00fcr\u00fclebilir. Do\u011fru dozlamay\u0131 sa\u011flamak i\u00e7in uygun haz\u0131rlama y\u00f6nergelerini takip etmek \u00f6nemlidir.<\/li>\n<li><strong>Depolama<\/strong>: Nembutal tozu serin ve kuru bir yerde, do\u011frudan g\u00fcne\u015f \u0131\u015f\u0131\u011f\u0131 ve nemden uzakta saklay\u0131n\u0131z. \u00c7ocuklar\u0131n ve evcil hayvanlar\u0131n ula\u015famayaca\u011f\u0131 bir yerde saklay\u0131n\u0131z.<\/li>\n<\/ul>\n<h4><strong>Yan Etkiler ve \u00d6nlemler<\/strong><\/h4>\n<p>T\u00fcm ila\u00e7lar gibi, Nembutal toz da yan etkilere neden olabilir. Yayg\u0131n yan etkiler aras\u0131nda uyu\u015fukluk, ba\u015f d\u00f6nmesi, mide bulant\u0131s\u0131 ve ba\u015f a\u011fr\u0131s\u0131 bulunur. Nadir durumlarda, solunum depresyonu, hipotansiyon veya alerjik reaksiyonlar gibi daha ciddi yan etkiler ortaya \u00e7\u0131kabilir. Herhangi bir ciddi yan etki g\u00f6r\u00fcld\u00fc\u011f\u00fcnde derhal t\u0131bbi yard\u0131m al\u0131nmas\u0131 \u00f6nemlidir.<\/p>\n<p><img decoding=\"async\" class=\"wp-image-463 aligncenter\" src=\"https:\/\/poisonshops.com\/wp-content\/uploads\/2025\/11\/tttt-1-204x300.png\" alt=\"Zehir D\u00fckkan\u0131\" width=\"50\" height=\"74\" srcset=\"https:\/\/poisonshops.com\/wp-content\/uploads\/2025\/11\/tttt-1-204x300.png 204w, https:\/\/poisonshops.com\/wp-content\/uploads\/2025\/11\/tttt-1.png 218w\" sizes=\"(max-width: 50px) 100vw, 50px\" \/><\/p>\n<p><strong>\u00d6nlemler<\/strong>:<\/p>\n<ul>\n<li><strong>T\u0131bbi Ge\u00e7mi\u015f<\/strong>: \u00d6zellikle karaci\u011fer hastal\u0131\u011f\u0131, b\u00f6brek hastal\u0131\u011f\u0131 veya solunum rahats\u0131zl\u0131\u011f\u0131 ge\u00e7mi\u015finiz varsa, sa\u011fl\u0131k uzman\u0131n\u0131za t\u00fcm t\u0131bbi ge\u00e7mi\u015finizi bildiriniz.<\/li>\n<li><strong>\u0130la\u00e7 Etkile\u015fimleri<\/strong>: Nembutal, sakinle\u015ftiriciler, opioidler ve alkol dahil olmak \u00fczere di\u011fer ila\u00e7larla etkile\u015fime girebilir. Sa\u011fl\u0131k uzman\u0131n\u0131z\u0131n ald\u0131\u011f\u0131n\u0131z t\u00fcm ila\u00e7lardan haberdar oldu\u011fundan emin olun.<\/li>\n<li><strong>Hamilelik ve Emzirme<\/strong>: Nembutal hamilelik ve emzirme d\u00f6neminde dikkatle kullan\u0131lmal\u0131d\u0131r. Rehberlik i\u00e7in sa\u011fl\u0131k uzman\u0131n\u0131za dan\u0131\u015f\u0131n\u0131z.<\/li>\n<\/ul>\n<h4><strong>Neden Biyolojik Silahlar\u0131 Se\u00e7melisiniz?<\/strong><\/h4>\n<ol>\n<li><strong>Kalite G\u00fcvence<\/strong>: Nembutal tozumuzun en y\u00fcksek end\u00fcstri standartlar\u0131n\u0131 kar\u015f\u0131lamas\u0131n\u0131 sa\u011flayarak kalite ve g\u00fcvenli\u011fe \u00f6ncelik veriyoruz.<\/li>\n<li><strong>Yetkili Sat\u0131c\u0131lar<\/strong>: Bio Weapons g\u00fcvenilir ve yetkili bir sat\u0131c\u0131d\u0131r, re\u00e7eteli onayl\u0131 ki\u015filere orijinal \u00fcr\u00fcnler sa\u011flar.<\/li>\n<li><strong>G\u00fcvenli \u0130\u015flemler<\/strong>: \u00c7evrimi\u00e7i platformumuz, ki\u015fisel ve finansal bilgilerinizi koruyarak g\u00fcvenli i\u015flemler sa\u011flar.<\/li>\n<li><strong>M\u00fc\u015fteri Deste\u011fi<\/strong>: \u00d6zel m\u00fc\u015fteri destek ekibimiz, profesyonel ve g\u00fcler y\u00fczl\u00fc hizmet sunarak her t\u00fcrl\u00fc soru veya endi\u015fenizde size yard\u0131mc\u0131 olmaya haz\u0131rd\u0131r.<\/li>\n<li><strong>Zaman\u0131nda Teslimat<\/strong>: Zaman\u0131nda teslimat\u0131n \u00f6nemini anl\u0131yoruz. Etkin nakliye s\u00fcrecimiz, Nembutal tozunuzu derhal ve gizli bir \u015fekilde alman\u0131z\u0131 sa\u011flar.<\/li>\n<\/ol>\n<h4><strong>Sonu\u00e7<\/strong><\/h4>\n<p>Bio Weapons, y\u00fcksek kaliteli Nembutal tozu i\u00e7in g\u00fcvenilir kayna\u011f\u0131n\u0131zd\u0131r. Ge\u00e7erli re\u00e7eteleri olan onayl\u0131 ki\u015filere g\u00fcvenli, etkili ve g\u00fcvenilir \u00fcr\u00fcnler sa\u011flamay\u0131 taahh\u00fct ediyoruz. Kaliteye, m\u00fc\u015fteri memnuniyetine ve g\u00fcvenli i\u015flemlere odaklanmam\u0131z bizi sekt\u00f6rde di\u011ferlerinden ay\u0131rmaktad\u0131r. Bio Weapons'ta g\u00fcvenle al\u0131\u015fveri\u015f yap\u0131n ve kalite ve hizmet fark\u0131n\u0131 ya\u015fay\u0131n.<\/p>\n<p><strong>Nembutal tozunuzu bug\u00fcn sipari\u015f edin<\/strong> ve t\u0131bbi ihtiya\u00e7lar\u0131 i\u00e7in Bio Weapons'a g\u00fcvenen memnun m\u00fc\u015fterilerimize kat\u0131l\u0131n. Sa\u011fl\u0131\u011f\u0131n\u0131z ve g\u00fcvenli\u011finiz bizim en \u00f6nemli \u00f6nceliklerimizdir. <span class=\"EKtkFWMYpwzMKOYr0GYm LQVY1Jpkk8nyJ6HBWKAk\">Nembutal Online G\u00fcvenle Nereden Al\u0131n\u0131r<\/span>.<\/p>\n<p>#BuyNembutal, #NembutalPowder, #PentobarbitalPowder, #BuyNembutalOnline, #NembutalForSale, #NembutalGermany, #NembutalFrance, #NembutalPoland, #NembutalNetherlands, #NembutalPrescription, #NembutalEuthanasia, #OrderNembutal, #NembutalMedicalUse, #SecureNembutal, #AuthenticNembutal, 1TP5Y\u00fcksekKaliteNembutal, 1TP5YasalNembutal, 1TP5NembutalSedasyon, #NembutalAnestezi, #NembutalTedarik\u00e7isi, #G\u00fcvenilirNembutal, #NembutalTeslimat\u0131, #BuyNembutalSafely, #NembutalUSA, #NembutalPharmacy, #ReliableNembutal, #GenuineNembutal, #ApprovedNembutal, #QualityNembutal, #NembutalAvailability<\/p>\n<p><img decoding=\"async\" class=\"wp-image-502 aligncenter\" src=\"https:\/\/poisonshops.com\/wp-content\/uploads\/2025\/11\/Bio-Weapons-240x300.png\" alt=\"Biyolojik Silahlar\" width=\"80\" height=\"100\" srcset=\"https:\/\/poisonshops.com\/wp-content\/uploads\/2025\/11\/Bio-Weapons-240x300.png 240w, https:\/\/poisonshops.com\/wp-content\/uploads\/2025\/11\/Bio-Weapons.png 265w\" sizes=\"(max-width: 80px) 100vw, 80px\" \/><\/p>\n<h2>Sat\u0131l\u0131k Nembutal Tozu<\/h2>\n<h3 id=\"h-what-is-nembutal\" class=\"wp-block-heading has-text-color has-link-color wp-elements-c7a9867694f4b28eab870bc05ee2f5c7\"><strong>Nembutal nedir?<\/strong><\/h3>\n<p class=\"has-black-color has-text-color has-link-color wp-elements-a52f8ded0e6e5833fca35ff12a1e2cbd\">Nembutal, ayn\u0131 zamanda <strong>pentobarbital sodyum<\/strong>, bir <a href=\"https:\/\/www.google.com\/url?sa=t&amp;source=web&amp;rct=j&amp;opi=89978449&amp;url=https:\/\/www.dea.gov\/sites\/default\/files\/2020-06\/Barbiturates-2020_0.pdf&amp;ved=2ahUKEwi2hfvui92KAxVL97sIHQruAmkQFnoECBkQAw&amp;usg=AOvVaw00RmUaQbtHgF1kcuZwLpOn\" target=\"_blank\" rel=\"noopener\">barbit\u00fcrat<\/a> merkezi sinir sistemi depresan\u0131 olarak i\u015flev g\u00f6r\u00fcr. Genellikle \u015funlar i\u00e7in kullan\u0131l\u0131r:<\/p>\n<ul class=\"wp-block-list\">\n<li class=\"has-black-color has-text-color has-link-color wp-elements-d3520ca6f1e17665b515e2849f1f7d4d\"><strong>T\u0131bbi Ama\u00e7lar<\/strong>: \u015eiddetli uykusuzluk tedavisi veya ameliyat \u00f6ncesi anestezi ind\u00fcksiyonu.<\/li>\n<li class=\"has-black-color has-text-color has-link-color wp-elements-c834f37fd6e09ee6c1ed13efef61581a\"><strong>\u00d6tenazi<\/strong>: Hem insanlar hem de hayvanlar i\u00e7in insanc\u0131l ve bar\u0131\u015f\u00e7\u0131l \u00f6tenazi.<\/li>\n<li class=\"has-black-color has-text-color has-link-color wp-elements-e4b8282324965a0b03255e972cb2430e\"><strong>Ara\u015ft\u0131rma Uygulamalar\u0131<\/strong>: Bilim camias\u0131ndaki \u00e7e\u015fitli \u00e7al\u0131\u015fmalar\u0131 desteklemek.<\/li>\n<\/ul>\n<h3 id=\"h-where-to-purchase-nembutal-online\" class=\"wp-block-heading has-text-color has-link-color wp-elements-de3f8183d929965b906b1bf9f564e611\"><strong>Nembutal Online Nereden Sat\u0131n Al\u0131n\u0131r?<\/strong><\/h3>\n<p class=\"has-black-color has-text-color has-link-color wp-elements-4f99a5d4a9e6a920664eec6ec9ae9b08\">Nembutal'\u0131n nereden sat\u0131n al\u0131naca\u011f\u0131n\u0131 ara\u015ft\u0131r\u0131rken, g\u00fcvenlik ve orijinalli\u011fe \u00f6ncelik vermek \u00e7ok \u00f6nemlidir. \u0130\u015fte ad\u0131m ad\u0131m bir k\u0131lavuz:<\/p>\n<h4 class=\"wp-block-heading has-text-color has-link-color wp-elements-765a871ed94148e8878acc5f29185bf5\"><strong>1. G\u00fcvenilir Tedarik\u00e7ileri Ara\u015ft\u0131r\u0131n<\/strong><\/h4>\n<p class=\"has-black-color has-text-color has-link-color wp-elements-d3fe54f35a4dd2dcf235b160d9a74c51\">Orijinal Nembutal sa\u011flama konusunda kan\u0131tlanm\u0131\u015f bir ge\u00e7mi\u015fe sahip tedarik\u00e7ileri tercih edin. <strong>Nembutal Mann<\/strong> kalite ve takdir yetkisiyle tan\u0131nan lider bir sa\u011flay\u0131c\u0131d\u0131r.<\/p>\n<h4 class=\"wp-block-heading has-text-color has-link-color wp-elements-772c7e19a158a234d9d65c895a686b53\"><strong>2. Kimlik Bilgilerini Do\u011frulay\u0131n<\/strong><\/h4>\n<p class=\"has-black-color has-text-color has-link-color wp-elements-704b9f36f10e2cdec6e4994a7349c9bd\">Tedarik\u00e7inin d\u00fczenleyici standartlara uymas\u0131n\u0131 ve \u00fcr\u00fcn sertifikalar\u0131 ve laboratuvar raporlar\u0131 gibi uygun belgeleri sa\u011flamas\u0131n\u0131 sa\u011flay\u0131n.<\/p>\n<h4 class=\"wp-block-heading has-text-color has-link-color wp-elements-673d025fdf1f08de067fbbff47ba8996\"><strong>3. Gizlili\u011fe \u00d6ncelik Verin<\/strong><\/h4>\n<p class=\"has-black-color has-text-color has-link-color wp-elements-8359270a4ece85697b7c956cb427a8e5\">Nembutal al\u0131mlar\u0131n\u0131n hassas do\u011fas\u0131 g\u00f6z \u00f6n\u00fcne al\u0131nd\u0131\u011f\u0131nda, gizlili\u011finizi korumak i\u00e7in gizli paketleme ve g\u00fcvenli \u00f6deme se\u00e7enekleri sunan bir tedarik\u00e7i se\u00e7in.<\/p>\n<h4>Nembutal Online G\u00fcvenle Nereden Al\u0131n\u0131r<\/h4>\n<p><img decoding=\"async\" class=\"wp-image-176 aligncenter\" src=\"https:\/\/poisonshops.com\/wp-content\/uploads\/2025\/11\/poison_shop_logo-300x171.png\" alt=\"Zehir D\u00fckkanlar\u0131\" width=\"132\" height=\"75\" srcset=\"https:\/\/poisonshops.com\/wp-content\/uploads\/2025\/11\/poison_shop_logo-300x171.png 300w, https:\/\/poisonshops.com\/wp-content\/uploads\/2025\/11\/poison_shop_logo.png 563w\" sizes=\"(max-width: 132px) 100vw, 132px\" \/><\/p>","protected":false},"excerpt":{"rendered":"<p>Nembutal Powder Product Description Welcome to Bio Weapons , your premier source for high-quality Nembutal powder. We take pride in offering the finest Nembutal (pentobarbital) powder to approved individuals with valid prescriptions. Our commitment to quality, safety, and customer satisfaction sets us apart in the industry. What is Nembutal Powder? Nembutal, also known as pentobarbital, [&hellip;]<\/p>\n","protected":false},"featured_media":247,"comment_status":"open","ping_status":"closed","template":"","meta":[],"product_brand":[],"product_cat":[18],"product_tag":[],"class_list":{"0":"post-98","1":"product","2":"type-product","3":"status-publish","4":"has-post-thumbnail","6":"product_cat-buy-nembutal-pentobarbital","8":"first","9":"instock","10":"shipping-taxable","11":"purchasable","12":"product-type-variable"},"_links":{"self":[{"href":"https:\/\/poisonshops.com\/tr\/wp-json\/wp\/v2\/product\/98","targetHints":{"allow":["GET"]}}],"collection":[{"href":"https:\/\/poisonshops.com\/tr\/wp-json\/wp\/v2\/product"}],"about":[{"href":"https:\/\/poisonshops.com\/tr\/wp-json\/wp\/v2\/types\/product"}],"replies":[{"embeddable":true,"href":"https:\/\/poisonshops.com\/tr\/wp-json\/wp\/v2\/comments?post=98"}],"wp:featuredmedia":[{"embeddable":true,"href":"https:\/\/poisonshops.com\/tr\/wp-json\/wp\/v2\/media\/247"}],"wp:attachment":[{"href":"https:\/\/poisonshops.com\/tr\/wp-json\/wp\/v2\/media?parent=98"}],"wp:term":[{"taxonomy":"product_brand","embeddable":true,"href":"https:\/\/poisonshops.com\/tr\/wp-json\/wp\/v2\/product_brand?post=98"},{"taxonomy":"product_cat","embeddable":true,"href":"https:\/\/poisonshops.com\/tr\/wp-json\/wp\/v2\/product_cat?post=98"},{"taxonomy":"product_tag","embeddable":true,"href":"https:\/\/poisonshops.com\/tr\/wp-json\/wp\/v2\/product_tag?post=98"}],"curies":[{"name":"wp","href":"https:\/\/api.w.org\/{rel}","templated":true}]}}